{"id":117259,"date":"2019-09-20T10:05:35","date_gmt":"2019-09-20T17:05:35","guid":{"rendered":"https:\/\/eu.isagenixbusiness.com\/how-to-host-an-event\/"},"modified":"2022-02-18T10:08:08","modified_gmt":"2022-02-18T10:08:08","slug":"how-to-host-an-event","status":"publish","type":"page","link":"https:\/\/eu.isagenixbusiness.com\/de-eu\/how-to-host-an-event\/","title":{"rendered":"How to Host an Event"},"content":{"rendered":"<p><div class=\"fusion-fullwidth fullwidth-box fusion-builder-row-1 fusion-parallax-none nonhundred-percent-fullwidth non-hundred-percent-height-scrolling\" style=\"--awb-background-blend-mode:overlay;--awb-border-radius-top-left:0px;--awb-border-radius-top-right:0px;--awb-border-radius-bottom-right:0px;--awb-border-radius-bottom-left:0px;--awb-padding-top:200px;--awb-padding-bottom:200px;--awb-background-color:rgba(0,0,0,0.18);--awb-background-image:url(&quot;https:\/\/eu.isagenixbusiness.com\/wp-content\/uploads\/2019\/09\/5317_US_en_HowtoHostanEvent_Webpage_banner_1920x675.jpg&quot;);--awb-background-size:cover;--awb-flex-wrap:wrap;\" ><div class=\"fusion-builder-row fusion-row\"><div class=\"fusion-layout-column fusion_builder_column fusion-builder-column-0 fusion_builder_column_1_1 1_1 fusion-one-full fusion-column-first fusion-column-last\" style=\"--awb-bg-size:cover;\"><div class=\"fusion-column-wrapper fusion-column-has-shadow fusion-flex-column-wrapper-legacy\"><div class=\"fusion-title title fusion-title-1 fusion-sep-none fusion-title-text fusion-title-size-one alignBottom\" style=\"--awb-text-color:#ffffff;--awb-margin-top-small:0px;--awb-margin-right-small:0px;--awb-margin-bottom-small:20px;--awb-margin-left-small:0px;--awb-font-size:70px;\"><h1 class=\"fusion-title-heading title-heading-left fusion-responsive-typography-calculated\" style=\"margin:0;font-size:1em;--fontSize:70;line-height:1;\">So richtest du ein Event aus<\/h1><\/div><div class=\"fusion-clearfix\"><\/div><\/div><\/div><\/div><\/div><div class=\"fusion-fullwidth fullwidth-box fusion-builder-row-2 nonhundred-percent-fullwidth non-hundred-percent-height-scrolling\" style=\"--awb-border-radius-top-left:0px;--awb-border-radius-top-right:0px;--awb-border-radius-bottom-right:0px;--awb-border-radius-bottom-left:0px;--awb-padding-top:40px;--awb-background-color:#f2f2f2;--awb-flex-wrap:wrap;\" ><div class=\"fusion-builder-row fusion-row\"><div class=\"fusion-layout-column fusion_builder_column fusion-builder-column-1 fusion_builder_column_1_6 1_6 fusion-one-sixth fusion-column-first\" style=\"--awb-bg-size:cover;width:16.666666666667%;width:calc(16.666666666667% - ( ( 4% + 4% ) * 0.16666666666667 ) );margin-right: 4%;\"><div class=\"fusion-column-wrapper fusion-column-has-shadow fusion-flex-column-wrapper-legacy\"><div class=\"fusion-clearfix\"><\/div><\/div><\/div><div class=\"fusion-layout-column fusion_builder_column fusion-builder-column-2 fusion_builder_column_2_3 2_3 fusion-two-third\" style=\"--awb-bg-size:cover;width:66.666666666667%;width:calc(66.666666666667% - ( ( 4% + 4% ) * 0.66666666666667 ) );margin-right: 4%;\"><div class=\"fusion-column-wrapper fusion-column-has-shadow fusion-flex-column-wrapper-legacy\"><div class=\"fusion-title title fusion-title-2 fusion-sep-none fusion-title-text fusion-title-size-two\" style=\"--awb-margin-top-small:0px;--awb-margin-right-small:0px;--awb-margin-bottom-small:20px;--awb-margin-left-small:0px;--awb-font-size:28px;\"><h2 class=\"fusion-title-heading title-heading-left fusion-responsive-typography-calculated\" style=\"margin:0;font-size:1em;--fontSize:28;line-height:1;\"><p style=\"text-align: center;\">Es gab noch nie einen besseren Zeitpunkt, um mit Isagenix ein Gesch\u00e4ft aufzubauen \u2013 aber wie f\u00e4ngt man an?<\/p><\/h2><\/div><div class=\"fusion-text fusion-text-1\"><p style=\"text-align: center;\">Ein Event auszurichten ist eine gro\u00dfartige M\u00f6glichkeit, Menschen die Produkte und M\u00f6glichkeiten von Isagenix auf eine Weise vorzustellen, die genauso lustig wie Sie ist! Um dir zu helfen, haben wir einige n\u00fctzliche Tools zusammengestellt, damit du deine erste Veranstaltung planen und dein Gesch\u00e4ft wie ein Profi aufbauen kannst<\/p>\n<\/div><div class=\"fusion-clearfix\"><\/div><\/div><\/div><div class=\"fusion-layout-column fusion_builder_column fusion-builder-column-3 fusion_builder_column_1_6 1_6 fusion-one-sixth fusion-column-last\" style=\"--awb-bg-size:cover;width:16.666666666667%;width:calc(16.666666666667% - ( ( 4% + 4% ) * 0.16666666666667 ) );\"><div class=\"fusion-column-wrapper fusion-column-has-shadow fusion-flex-column-wrapper-legacy\"><div class=\"fusion-clearfix\"><\/div><\/div><\/div><\/div><\/div><div class=\"fusion-fullwidth fullwidth-box fusion-builder-row-3 nonhundred-percent-fullwidth non-hundred-percent-height-scrolling fusion-equal-height-columns\" style=\"--awb-border-radius-top-left:0px;--awb-border-radius-top-right:0px;--awb-border-radius-bottom-right:0px;--awb-border-radius-bottom-left:0px;--awb-padding-top:80px;--awb-padding-bottom:70px;--awb-background-color:#ffffff;--awb-flex-wrap:wrap;\" ><div class=\"fusion-builder-row fusion-row\"><div class=\"fusion-layout-column fusion_builder_column fusion-builder-column-4 fusion_builder_column_1_2 1_2 fusion-one-half fusion-column-first\" style=\"--awb-bg-size:cover;width:50%;width:calc(50% - ( ( 4% ) * 0.5 ) );margin-right: 4%;\"><div class=\"fusion-column-wrapper fusion-column-has-shadow fusion-flex-column-wrapper-legacy\"><div class=\"fusion-menu-anchor\" id=\"startbrochure\"><\/div><div class=\"fusion-title title fusion-title-3 fusion-sep-none fusion-title-text fusion-title-size-two\" style=\"--awb-margin-top-small:0px;--awb-margin-right-small:0px;--awb-margin-bottom-small:20px;--awb-margin-left-small:0px;\"><h2 class=\"fusion-title-heading title-heading-left fusion-responsive-typography-calculated\" style=\"margin:0;--fontSize:32;line-height:1;\"><h1>ERSTE SCHRITTE<\/h1><\/h2><\/div><div class=\"fusion-text fusion-text-2\"><p>Mit Checklisten und Terminkalendern, die nicht nur leicht zu befolgen sind, sondern auch Spa\u00df machen (denn nichts macht mehr Spa\u00df, als den ersten Schritt zu tun, um sein Leben zu ver\u00e4ndern!)<\/p>\n<\/div><div class=\"accordian fusion-accordian boldToggle\" style=\"--awb-border-size:1px;--awb-icon-size:13px;--awb-content-font-size:16px;--awb-icon-alignment:left;--awb-hover-color:#f9f9f9;--awb-border-color:#eeefee;--awb-background-color:#ffffff;--awb-divider-color:#eeefee;--awb-divider-hover-color:#eeefee;--awb-icon-color:#54585a;--awb-title-color:#54585a;--awb-content-color:#54585a;--awb-icon-box-color:#55585a;--awb-toggle-hover-accent-color:#00778b;--awb-title-font-family:&quot;Montserrat&quot;;--awb-title-font-weight:400;--awb-title-font-style:normal;--awb-title-font-size:16px;--awb-content-font-family:&quot;Montserrat&quot;;--awb-content-font-style:normal;--awb-content-font-weight:400;\"><div class=\"panel-group fusion-toggle-icon-unboxed\" id=\"accordion-117259-1\"><div class=\"fusion-panel panel-default panel-8d57653226f8bcb8d fusion-toggle-has-divider\"><div class=\"panel-heading\"><h4 class=\"panel-title toggle\" id=\"toggle_8d57653226f8bcb8d\"><a aria-expanded=\"false\" aria-controls=\"8d57653226f8bcb8d\" role=\"button\" data-toggle=\"collapse\" data-parent=\"#accordion-117259-1\" data-target=\"#8d57653226f8bcb8d\" href=\"#8d57653226f8bcb8d\"><span class=\"fusion-toggle-icon-wrapper\" aria-hidden=\"true\"><i class=\"fa-fusion-box active-icon awb-icon-minus\" aria-hidden=\"true\"><\/i><i class=\"fa-fusion-box inactive-icon awb-icon-plus\" aria-hidden=\"true\"><\/i><\/span><span class=\"fusion-toggle-heading\">Checkliste Tagesordnung<\/span><\/a><\/h4><\/div><div id=\"8d57653226f8bcb8d\" class=\"panel-collapse collapse \" aria-labelledby=\"toggle_8d57653226f8bcb8d\"><div class=\"panel-body toggle-content fusion-clearfix\">\n<p><a href=\"https:\/\/eu.isagenixbusiness.com\/wp-content\/uploads\/2021\/08\/48XX_EU_de_How_To_Host_Your_Own_Event_150721.pdf\">Gastgeber-Checkliste<\/a><\/p>\n<p><a href=\"https:\/\/eu.isagenixbusiness.com\/wp-content\/uploads\/2021\/08\/48XX_EU_de_Opportunity_Meeting_Agenda_150721.pdf\">Beispiel einer Tagesordnung<\/a><\/p>\n<\/div><\/div><\/div><\/div><\/div><div class=\"fusion-clearfix\"><\/div><\/div><\/div><div class=\"fusion-layout-column fusion_builder_column fusion-builder-column-5 fusion_builder_column_1_2 1_2 fusion-one-half fusion-column-last\" style=\"--awb-bg-size:cover;width:50%;width:calc(50% - ( ( 4% ) * 0.5 ) );\"><div class=\"fusion-column-wrapper fusion-column-has-shadow fusion-flex-column-wrapper-legacy\"><div class=\"fusion-image-element fusion-image-align-center in-legacy-container\" style=\"text-align:center;--awb-caption-title-font-family:var(--h2_typography-font-family);--awb-caption-title-font-weight:var(--h2_typography-font-weight);--awb-caption-title-font-style:var(--h2_typography-font-style);--awb-caption-title-size:var(--h2_typography-font-size);--awb-caption-title-transform:var(--h2_typography-text-transform);--awb-caption-title-line-height:var(--h2_typography-line-height);--awb-caption-title-letter-spacing:var(--h2_typography-letter-spacing);\"><div class=\"imageframe-align-center\"><span class=\" fusion-imageframe imageframe-none imageframe-1 hover-type-none\"><img decoding=\"async\" width=\"1200\" height=\"674\" title=\"5317_US_en_HowtoHostanEvent_Webpage_getting_started_1200x674\" src=\"https:\/\/eu.isagenixbusiness.com\/wp-content\/uploads\/2019\/09\/5317_US_en_HowtoHostanEvent_Webpage_getting_started_1200x674.jpg\" alt class=\"img-responsive wp-image-145949\" srcset=\"https:\/\/eu.isagenixbusiness.com\/wp-content\/uploads\/2019\/09\/5317_US_en_HowtoHostanEvent_Webpage_getting_started_1200x674-200x112.jpg 200w, https:\/\/eu.isagenixbusiness.com\/wp-content\/uploads\/2019\/09\/5317_US_en_HowtoHostanEvent_Webpage_getting_started_1200x674-400x225.jpg 400w, https:\/\/eu.isagenixbusiness.com\/wp-content\/uploads\/2019\/09\/5317_US_en_HowtoHostanEvent_Webpage_getting_started_1200x674-600x337.jpg 600w, https:\/\/eu.isagenixbusiness.com\/wp-content\/uploads\/2019\/09\/5317_US_en_HowtoHostanEvent_Webpage_getting_started_1200x674-800x449.jpg 800w, https:\/\/eu.isagenixbusiness.com\/wp-content\/uploads\/2019\/09\/5317_US_en_HowtoHostanEvent_Webpage_getting_started_1200x674.jpg 1200w\" sizes=\"(max-width: 1000px) 100vw, 800px\" \/><\/span><\/div><\/div><div class=\"fusion-clearfix\"><\/div><\/div><\/div><\/div><\/div><div class=\"fusion-fullwidth fullwidth-box fusion-builder-row-4 nonhundred-percent-fullwidth non-hundred-percent-height-scrolling fusion-equal-height-columns\" style=\"--awb-border-radius-top-left:0px;--awb-border-radius-top-right:0px;--awb-border-radius-bottom-right:0px;--awb-border-radius-bottom-left:0px;--awb-padding-top:22px;--awb-padding-bottom:0px;--awb-background-color:#f2f2f2;--awb-flex-wrap:wrap;\" ><div class=\"fusion-builder-row fusion-row\"><div class=\"fusion-layout-column fusion_builder_column fusion-builder-column-6 fusion_builder_column_1_2 1_2 fusion-one-half fusion-column-first\" style=\"--awb-bg-size:cover;width:50%;width:calc(50% - ( ( 4% ) * 0.5 ) );margin-right: 4%;\"><div class=\"fusion-column-wrapper fusion-column-has-shadow fusion-flex-column-wrapper-legacy\"><div class=\"fusion-image-element fusion-image-align-center in-legacy-container\" style=\"text-align:center;--awb-caption-title-font-family:var(--h2_typography-font-family);--awb-caption-title-font-weight:var(--h2_typography-font-weight);--awb-caption-title-font-style:var(--h2_typography-font-style);--awb-caption-title-size:var(--h2_typography-font-size);--awb-caption-title-transform:var(--h2_typography-text-transform);--awb-caption-title-line-height:var(--h2_typography-line-height);--awb-caption-title-letter-spacing:var(--h2_typography-letter-spacing);\"><div class=\"imageframe-align-center\"><span class=\" fusion-imageframe imageframe-none imageframe-2 hover-type-none\"><img decoding=\"async\" width=\"1920\" height=\"1077\" title=\"opportunity slide tiles\" src=\"https:\/\/eu.isagenixbusiness.com\/wp-content\/uploads\/2021\/06\/opportunity-slide-tiles.jpg\" alt class=\"img-responsive wp-image-103037\" srcset=\"https:\/\/eu.isagenixbusiness.com\/wp-content\/uploads\/2021\/06\/opportunity-slide-tiles-200x112.jpg 200w, https:\/\/eu.isagenixbusiness.com\/wp-content\/uploads\/2021\/06\/opportunity-slide-tiles-400x224.jpg 400w, https:\/\/eu.isagenixbusiness.com\/wp-content\/uploads\/2021\/06\/opportunity-slide-tiles-600x337.jpg 600w, https:\/\/eu.isagenixbusiness.com\/wp-content\/uploads\/2021\/06\/opportunity-slide-tiles-800x449.jpg 800w, https:\/\/eu.isagenixbusiness.com\/wp-content\/uploads\/2021\/06\/opportunity-slide-tiles-1200x673.jpg 1200w, https:\/\/eu.isagenixbusiness.com\/wp-content\/uploads\/2021\/06\/opportunity-slide-tiles.jpg 1920w\" sizes=\"(max-width: 1000px) 100vw, 800px\" \/><\/span><\/div><\/div><div class=\"fusion-clearfix\"><\/div><\/div><\/div><div class=\"fusion-layout-column fusion_builder_column fusion-builder-column-7 fusion_builder_column_1_2 1_2 fusion-one-half fusion-column-last\" style=\"--awb-bg-size:cover;width:50%;width:calc(50% - ( ( 4% ) * 0.5 ) );\"><div class=\"fusion-column-wrapper fusion-column-has-shadow fusion-flex-column-wrapper-legacy\"><div class=\"fusion-menu-anchor\" id=\"startlinks\"><\/div><div class=\"fusion-title title fusion-title-4 fusion-sep-none fusion-title-text fusion-title-size-two\" style=\"--awb-margin-top-small:0px;--awb-margin-right-small:0px;--awb-margin-bottom-small:20px;--awb-margin-left-small:0px;\"><h2 class=\"fusion-title-heading title-heading-left fusion-responsive-typography-calculated\" style=\"margin:0;--fontSize:32;line-height:1;\">RESSOURCEN<\/p><\/h2><\/div><div class=\"fusion-text fusion-text-3\"><p>F\u00fcr alles andere, was Sie wissen m\u00fcssen, haben wir Sie mit TONS von gro\u00dfen Ressourcen abgedeckt. Nur zu, schauen Sie sich um!<\/p>\n<\/div><div class=\"accordian fusion-accordian\" style=\"--awb-border-size:1px;--awb-icon-size:13px;--awb-content-font-size:16px;--awb-icon-alignment:left;--awb-hover-color:#f9f9f9;--awb-border-color:#eeefee;--awb-background-color:#ffffff;--awb-divider-color:#eeefee;--awb-divider-hover-color:#eeefee;--awb-icon-color:#54585a;--awb-title-color:#54585a;--awb-content-color:#54585a;--awb-icon-box-color:#55585a;--awb-toggle-hover-accent-color:#00778b;--awb-title-font-family:&quot;Montserrat&quot;;--awb-title-font-weight:400;--awb-title-font-style:normal;--awb-title-font-size:13px;--awb-content-font-family:&quot;Montserrat&quot;;--awb-content-font-style:normal;--awb-content-font-weight:400;\"><div class=\"panel-group fusion-toggle-icon-unboxed\" id=\"accordion-117259-2\"><div class=\"fusion-panel panel-default panel-4be414055c90ed16a fusion-toggle-has-divider\"><div class=\"panel-heading\"><h4 class=\"panel-title toggle\" id=\"toggle_4be414055c90ed16a\"><a aria-expanded=\"false\" aria-controls=\"4be414055c90ed16a\" role=\"button\" data-toggle=\"collapse\" data-parent=\"#accordion-117259-2\" data-target=\"#4be414055c90ed16a\" href=\"#4be414055c90ed16a\"><span class=\"fusion-toggle-icon-wrapper\" aria-hidden=\"true\"><i class=\"fa-fusion-box active-icon awb-icon-minus\" aria-hidden=\"true\"><\/i><i class=\"fa-fusion-box inactive-icon awb-icon-plus\" aria-hidden=\"true\"><\/i><\/span><span class=\"fusion-toggle-heading\">Andere Event-Ressourcen<\/span><\/a><\/h4><\/div><div id=\"4be414055c90ed16a\" class=\"panel-collapse collapse \" aria-labelledby=\"toggle_4be414055c90ed16a\"><div class=\"panel-body toggle-content fusion-clearfix\">\n<p><a href=\"https:\/\/cdn.isagenix.com\/fos\/4\/F\/F\/%7B4FF92F27-EF27-4D74-A853-928B2F94D9FE%7D_001.pptx?_ga=2.261369101.1665257470.1628497091-2040698515.1621525102\">Opportunity Meeting-Folien<\/a><\/p>\n<p><a href=\"https:\/\/www.youtube.com\/watch?v=ROWkzYVWjbQ&amp;t=9s\">YSTSR video<\/a><\/p>\n<p><a href=\"https:\/\/cdn.isagenix.com\/fos\/7\/F\/7\/%7B7F79C7C3-48A0-4A20-AAC7-3EFC65658CCA%7D.pptx\">Pr\u00e4sentation Verg\u00fctungsplan<\/a><\/p>\n<\/div><\/div><\/div><\/div><\/div><div class=\"fusion-clearfix\"><\/div><\/div><\/div><\/div><\/div><div class=\"fusion-fullwidth fullwidth-box fusion-builder-row-5 nonhundred-percent-fullwidth non-hundred-percent-height-scrolling fusion-equal-height-columns\" style=\"--awb-border-radius-top-left:0px;--awb-border-radius-top-right:0px;--awb-border-radius-bottom-right:0px;--awb-border-radius-bottom-left:0px;--awb-padding-top:80px;--awb-padding-bottom:70px;--awb-background-color:#ffffff;--awb-flex-wrap:wrap;\" ><div class=\"fusion-builder-row fusion-row\"><div class=\"fusion-layout-column fusion_builder_column fusion-builder-column-8 fusion_builder_column_1_2 1_2 fusion-one-half fusion-column-first\" style=\"--awb-bg-size:cover;width:50%;width:calc(50% - ( ( 4% ) * 0.5 ) );margin-right: 4%;\"><div class=\"fusion-column-wrapper fusion-column-has-shadow fusion-flex-column-wrapper-legacy\"><div class=\"fusion-menu-anchor\" id=\"startslides\"><\/div><div class=\"fusion-title title fusion-title-5 fusion-sep-none fusion-title-text fusion-title-size-two\" style=\"--awb-margin-top-small:0px;--awb-margin-right-small:0px;--awb-margin-bottom-small:20px;--awb-margin-left-small:0px;\"><h2 class=\"fusion-title-heading title-heading-left fusion-responsive-typography-calculated\" style=\"margin:0;--fontSize:32;line-height:1;\"><p style=\"text-align: left;\">FLYER UND SOCIAL MEDIA<\/p><\/h2><\/div><div class=\"fusion-text fusion-text-4\"><p style=\"text-align: left;\">Wenn du bereit bist, dein erstes Event zu veranstalten, ist es an der Zeit, alle einzuladen, die du kennst und die von Isagenix profitieren k\u00f6nnten. Wir helfen dir bei der Erstellung von Social-Media-Posts und bewerben deine Veranstaltungen auf unserer Events-Seite!<\/p>\n<\/div><div class=\"accordian fusion-accordian\" style=\"--awb-border-size:1px;--awb-icon-size:13px;--awb-content-font-size:16px;--awb-icon-alignment:left;--awb-hover-color:#f9f9f9;--awb-border-color:#eeefee;--awb-background-color:#ffffff;--awb-divider-color:#eeefee;--awb-divider-hover-color:#eeefee;--awb-icon-color:#54585a;--awb-title-color:#54585a;--awb-content-color:#54585a;--awb-icon-box-color:#55585a;--awb-toggle-hover-accent-color:#00778b;--awb-title-font-family:&quot;Montserrat&quot;;--awb-title-font-weight:400;--awb-title-font-style:normal;--awb-title-font-size:13px;--awb-content-font-family:&quot;Montserrat&quot;;--awb-content-font-style:normal;--awb-content-font-weight:400;\"><div class=\"panel-group fusion-toggle-icon-unboxed\" id=\"accordion-117259-3\"><div class=\"fusion-panel panel-default panel-b9fa7610e10d53804 fusion-toggle-has-divider\"><div class=\"panel-heading\"><h4 class=\"panel-title toggle\" id=\"toggle_b9fa7610e10d53804\"><a aria-expanded=\"false\" aria-controls=\"b9fa7610e10d53804\" role=\"button\" data-toggle=\"collapse\" data-parent=\"#accordion-117259-3\" data-target=\"#b9fa7610e10d53804\" href=\"#b9fa7610e10d53804\"><span class=\"fusion-toggle-icon-wrapper\" aria-hidden=\"true\"><i class=\"fa-fusion-box active-icon awb-icon-minus\" aria-hidden=\"true\"><\/i><i class=\"fa-fusion-box inactive-icon awb-icon-plus\" aria-hidden=\"true\"><\/i><\/span><span class=\"fusion-toggle-heading\">Deine Veranstaltung einsenden<\/span><\/a><\/h4><\/div><div id=\"b9fa7610e10d53804\" class=\"panel-collapse collapse \" aria-labelledby=\"toggle_b9fa7610e10d53804\"><div class=\"panel-body toggle-content fusion-clearfix\">\n<p><a href=\"https:\/\/eu.isagenixevents.com\/de\/\">Veranstaltung Isagenix<\/a><\/p>\n<\/div><\/div><\/div><\/div><\/div><div class=\"fusion-clearfix\"><\/div><\/div><\/div><div class=\"fusion-layout-column fusion_builder_column fusion-builder-column-9 fusion_builder_column_1_2 1_2 fusion-one-half fusion-column-last\" style=\"--awb-bg-size:cover;width:50%;width:calc(50% - ( ( 4% ) * 0.5 ) );\"><div class=\"fusion-column-wrapper fusion-column-has-shadow fusion-flex-column-wrapper-legacy\"><div class=\"fusion-image-element fusion-image-align-center in-legacy-container\" style=\"text-align:center;--awb-caption-title-font-family:var(--h2_typography-font-family);--awb-caption-title-font-weight:var(--h2_typography-font-weight);--awb-caption-title-font-style:var(--h2_typography-font-style);--awb-caption-title-size:var(--h2_typography-font-size);--awb-caption-title-transform:var(--h2_typography-text-transform);--awb-caption-title-line-height:var(--h2_typography-line-height);--awb-caption-title-letter-spacing:var(--h2_typography-letter-spacing);\"><div class=\"imageframe-align-center\"><span class=\" fusion-imageframe imageframe-none imageframe-3 hover-type-none\"><img decoding=\"async\" width=\"1266\" height=\"692\" title=\"48XX_House-an-event-page_banner-5 (1)\" src=\"https:\/\/eu.isagenixbusiness.com\/wp-content\/uploads\/2021\/07\/48XX_House-an-event-page_banner-5-1.jpg\" alt class=\"img-responsive wp-image-106169\" srcset=\"https:\/\/eu.isagenixbusiness.com\/wp-content\/uploads\/2021\/07\/48XX_House-an-event-page_banner-5-1-200x109.jpg 200w, https:\/\/eu.isagenixbusiness.com\/wp-content\/uploads\/2021\/07\/48XX_House-an-event-page_banner-5-1-400x219.jpg 400w, https:\/\/eu.isagenixbusiness.com\/wp-content\/uploads\/2021\/07\/48XX_House-an-event-page_banner-5-1-600x328.jpg 600w, https:\/\/eu.isagenixbusiness.com\/wp-content\/uploads\/2021\/07\/48XX_House-an-event-page_banner-5-1-800x437.jpg 800w, https:\/\/eu.isagenixbusiness.com\/wp-content\/uploads\/2021\/07\/48XX_House-an-event-page_banner-5-1-1200x656.jpg 1200w, https:\/\/eu.isagenixbusiness.com\/wp-content\/uploads\/2021\/07\/48XX_House-an-event-page_banner-5-1.jpg 1266w\" sizes=\"(max-width: 1000px) 100vw, 800px\" \/><\/span><\/div><\/div><div class=\"fusion-clearfix\"><\/div><\/div><\/div><\/div><\/div><div class=\"fusion-fullwidth fullwidth-box fusion-builder-row-6 nonhundred-percent-fullwidth non-hundred-percent-height-scrolling fusion-equal-height-columns\" style=\"--awb-border-radius-top-left:0px;--awb-border-radius-top-right:0px;--awb-border-radius-bottom-right:0px;--awb-border-radius-bottom-left:0px;--awb-padding-top:70px;--awb-padding-bottom:70px;--awb-background-color:#f2f2f2;--awb-flex-wrap:wrap;\" ><div class=\"fusion-builder-row fusion-row\"><div class=\"fusion-layout-column fusion_builder_column fusion-builder-column-10 fusion_builder_column_1_1 1_1 fusion-one-full fusion-column-first fusion-column-last\" style=\"--awb-bg-size:cover;--awb-margin-bottom:0px;\"><div class=\"fusion-column-wrapper fusion-column-has-shadow fusion-flex-column-wrapper-legacy\"><div class=\"fusion-title title fusion-title-6 fusion-sep-none fusion-title-center fusion-title-text fusion-title-size-two\" style=\"--awb-margin-bottom:15px;--awb-margin-right-small:0px;--awb-margin-bottom-small:10px;--awb-margin-left-small:0px;\"><h2 class=\"fusion-title-heading title-heading-center fusion-responsive-typography-calculated\" style=\"margin:0;--fontSize:32;line-height:1;\">AKTUELLE PROMOTIONS<\/h2><\/div><div class=\"fusion-builder-row fusion-builder-row-inner fusion-row\"><div class=\"fusion-layout-column fusion_builder_column_inner fusion-builder-nested-column-0 fusion_builder_column_inner_1_6 1_6 fusion-one-sixth fusion-column-first\" style=\"--awb-bg-size:cover;width:16.666666666667%;width:calc(16.666666666667% - ( ( 4% + 4% ) * 0.16666666666667 ) );margin-right: 4%;\"><div class=\"fusion-column-wrapper fusion-column-has-shadow fusion-flex-column-wrapper-legacy\"><div class=\"fusion-clearfix\"><\/div><\/div><\/div><div class=\"fusion-layout-column fusion_builder_column_inner fusion-builder-nested-column-1 fusion_builder_column_inner_2_3 2_3 fusion-two-third\" style=\"--awb-bg-size:cover;width:66.666666666667%;width:calc(66.666666666667% - ( ( 4% + 4% ) * 0.66666666666667 ) );margin-right: 4%;\"><div class=\"fusion-column-wrapper fusion-column-has-shadow fusion-flex-column-wrapper-legacy\"><div class=\"fusion-text fusion-text-5\"><p style=\"text-align: center; font-size: 20px;\">Baue unsere aktuellen Aktionen in deine Veranstaltung ein, damit deine G\u00e4ste noch mehr Interesse an dieser Verdienstm\u00f6glichkeit haben.<\/p>\n<\/div><div class=\"fusion-clearfix\"><\/div><\/div><\/div><div class=\"fusion-layout-column fusion_builder_column_inner fusion-builder-nested-column-2 fusion_builder_column_inner_1_6 1_6 fusion-one-sixth fusion-column-last\" style=\"--awb-bg-size:cover;width:16.666666666667%;width:calc(16.666666666667% - ( ( 4% + 4% ) * 0.16666666666667 ) );\"><div class=\"fusion-column-wrapper fusion-column-has-shadow fusion-flex-column-wrapper-legacy\"><div class=\"fusion-clearfix\"><\/div><\/div><\/div><\/div><div class=\"fusion-aligncenter\"><a class=\"fusion-button button-flat fusion-button-default-size button-default fusion-button-default button-1 fusion-button-default-span fusion-button-default-type\" target=\"_self\" href=\"https:\/\/eu.isagenixbusiness.com\/gb-eu\/promotions-stg\/?fb-edit=1\"><span class=\"fusion-button-text awb-button__text awb-button__text--default\">Unsere Aktionen anschauen<\/span><\/a><\/div><div class=\"fusion-clearfix\"><\/div><\/div><\/div><\/div><\/div><\/p>\n","protected":false},"excerpt":{"rendered":"","protected":false},"author":18291,"featured_media":0,"parent":0,"menu_order":0,"comment_status":"closed","ping_status":"closed","template":"100-width.php","meta":{"_acf_changed":false,"footnotes":""},"class_list":["post-117259","page","type-page","status-publish","hentry"],"acf":[],"_links":{"self":[{"href":"https:\/\/eu.isagenixbusiness.com\/de-eu\/wp-json\/wp\/v2\/pages\/117259","targetHints":{"allow":["GET"]}}],"collection":[{"href":"https:\/\/eu.isagenixbusiness.com\/de-eu\/wp-json\/wp\/v2\/pages"}],"about":[{"href":"https:\/\/eu.isagenixbusiness.com\/de-eu\/wp-json\/wp\/v2\/types\/page"}],"author":[{"embeddable":true,"href":"https:\/\/eu.isagenixbusiness.com\/de-eu\/wp-json\/wp\/v2\/users\/18291"}],"replies":[{"embeddable":true,"href":"https:\/\/eu.isagenixbusiness.com\/de-eu\/wp-json\/wp\/v2\/comments?post=117259"}],"version-history":[{"count":1,"href":"https:\/\/eu.isagenixbusiness.com\/de-eu\/wp-json\/wp\/v2\/pages\/117259\/revisions"}],"predecessor-version":[{"id":117261,"href":"https:\/\/eu.isagenixbusiness.com\/de-eu\/wp-json\/wp\/v2\/pages\/117259\/revisions\/117261"}],"wp:attachment":[{"href":"https:\/\/eu.isagenixbusiness.com\/de-eu\/wp-json\/wp\/v2\/media?parent=117259"}],"curies":[{"name":"wp","href":"https:\/\/api.w.org\/{rel}","templated":true}]}}