{"id":117603,"date":"2022-02-09T12:48:14","date_gmt":"2022-02-09T12:48:14","guid":{"rendered":"https:\/\/eu.isagenixbusiness.com\/global-top-achievers-2023\/"},"modified":"2022-09-05T11:49:12","modified_gmt":"2022-09-05T10:49:12","slug":"global-top-achievers-2023","status":"publish","type":"page","link":"https:\/\/eu.isagenixbusiness.com\/de-eu\/global-top-achievers-2023\/","title":{"rendered":"Global Top Achievers 2023"},"content":{"rendered":"<p><div class=\"fusion-fullwidth fullwidth-box fusion-builder-row-1 fusion-flex-container fusion-parallax-none nonhundred-percent-fullwidth non-hundred-percent-height-scrolling\" style=\"--awb-background-blend-mode:overlay;--awb-border-radius-top-left:0px;--awb-border-radius-top-right:0px;--awb-border-radius-bottom-right:0px;--awb-border-radius-bottom-left:0px;--awb-min-height:450px;--awb-background-color:rgba(0,0,0,0.5);--awb-background-image:url(&quot;https:\/\/eu.isagenixbusiness.com\/wp-content\/uploads\/2022\/02\/Fiji-Businness-Page-Header.png&quot;);--awb-background-size:cover;--awb-flex-wrap:wrap;\" ><div class=\"fusion-builder-row fusion-row fusion-flex-align-items-center fusion-flex-align-content-center fusion-flex-justify-content-center fusion-flex-content-wrap\" style=\"max-width:1497.6px;margin-left: calc(-4% \/ 2 );margin-right: calc(-4% \/ 2 );\"><div class=\"fusion-layout-column fusion_builder_column fusion-builder-column-0 fusion_builder_column_1_1 1_1 fusion-flex-column fusion-flex-align-self-center\" style=\"--awb-bg-size:cover;--awb-width-large:100%;--awb-margin-top-large:0px;--awb-spacing-right-large:1.92%;--awb-margin-bottom-large:20px;--awb-spacing-left-large:1.92%;--awb-width-medium:100%;--awb-order-medium:0;--awb-spacing-right-medium:1.92%;--awb-spacing-left-medium:1.92%;--awb-width-small:100%;--awb-order-small:0;--awb-spacing-right-small:1.92%;--awb-spacing-left-small:1.92%;\"><div class=\"fusion-column-wrapper fusion-column-has-shadow fusion-flex-justify-content-center fusion-content-layout-column\"><div class=\"fusion-text fusion-text-1\" style=\"--awb-text-color:#ffffff;\"><h1 class=\"\" style=\"text-align: center; color: #ffffff; --fontsize: 36; line-height: 1;\" data-fontsize=\"36\" data-lineheight=\"36px\">Global Top Achievers 2023<\/h1>\n<\/div><div class=\"fusion-text fusion-text-2\" style=\"--awb-text-transform:none;\"><p style=\"text-align: center; color: #ffffff;\">26. bis 30. April 2023 | FIDSCHI<\/p>\n<\/div><\/div><\/div><\/div><\/div><div class=\"fusion-fullwidth fullwidth-box fusion-builder-row-2 fusion-flex-container nonhundred-percent-fullwidth non-hundred-percent-height-scrolling\" style=\"--awb-border-radius-top-left:0px;--awb-border-radius-top-right:0px;--awb-border-radius-bottom-right:0px;--awb-border-radius-bottom-left:0px;--awb-padding-top:21px;--awb-flex-wrap:wrap;\" ><div class=\"fusion-builder-row fusion-row fusion-flex-align-items-flex-start fusion-flex-content-wrap\" style=\"max-width:1497.6px;margin-left: calc(-4% \/ 2 );margin-right: calc(-4% \/ 2 );\"><div class=\"fusion-layout-column fusion_builder_column fusion-builder-column-1 fusion_builder_column_1_1 1_1 fusion-flex-column\" style=\"--awb-bg-size:cover;--awb-width-large:100%;--awb-margin-top-large:0px;--awb-spacing-right-large:1.92%;--awb-margin-bottom-large:20px;--awb-spacing-left-large:1.92%;--awb-width-medium:100%;--awb-order-medium:0;--awb-spacing-right-medium:1.92%;--awb-spacing-left-medium:1.92%;--awb-width-small:100%;--awb-order-small:0;--awb-spacing-right-small:1.92%;--awb-spacing-left-small:1.92%;\"><div class=\"fusion-column-wrapper fusion-column-has-shadow fusion-flex-justify-content-flex-start fusion-content-layout-column\"><div class=\"fusion-text fusion-text-3\" style=\"--awb-text-transform:none;\"><h1 style=\"text-align: center;\"><b>WIR BRECHEN AUF NACH FIDSCHI<\/b><\/h1>\n<\/div><div class=\"fusion-text fusion-text-4\" style=\"--awb-text-transform:none;\"><p style=\"text-align: center;\">Global Top Achievers w\u00fcrdigt und belohnt unsere Top Leaders in Action mit au\u00dfergew\u00f6hnlichem Training, Entspannung und Spa\u00df.<\/p>\n<p style=\"text-align: center;\">Das Beste? Alles findet an einem der sch\u00f6nsten Reiseziele der Welt statt.<\/p>\n<\/div><\/div><\/div><\/div><\/div><div class=\"fusion-fullwidth fullwidth-box fusion-builder-row-3 fusion-flex-container nonhundred-percent-fullwidth non-hundred-percent-height-scrolling\" style=\"--awb-border-radius-top-left:0px;--awb-border-radius-top-right:0px;--awb-border-radius-bottom-right:0px;--awb-border-radius-bottom-left:0px;--awb-padding-top:24px;--awb-flex-wrap:wrap;\" ><div class=\"fusion-builder-row fusion-row fusion-flex-align-items-flex-start fusion-flex-content-wrap\" style=\"max-width:1497.6px;margin-left: calc(-4% \/ 2 );margin-right: calc(-4% \/ 2 );\"><div class=\"fusion-layout-column fusion_builder_column fusion-builder-column-2 fusion_builder_column_1_2 1_2 fusion-flex-column fusion-flex-align-self-center\" style=\"--awb-bg-size:cover;--awb-width-large:50%;--awb-margin-top-large:0px;--awb-spacing-right-large:3.84%;--awb-margin-bottom-large:20px;--awb-spacing-left-large:3.84%;--awb-width-medium:100%;--awb-order-medium:0;--awb-spacing-right-medium:1.92%;--awb-spacing-left-medium:1.92%;--awb-width-small:100%;--awb-order-small:0;--awb-spacing-right-small:1.92%;--awb-spacing-left-small:1.92%;\"><div class=\"fusion-column-wrapper fusion-column-has-shadow fusion-flex-justify-content-center fusion-content-layout-column\"><div class=\"fusion-text fusion-text-5\" style=\"--awb-text-transform:none;\"><h2>WIE MAN SICH EINEN PLATZ VERDIENT:<\/h2>\n<ul>\n<li>Du musst w\u00e4hrend des Qualifikationszeitraums zu den 100\u00a0Businesses geh\u00f6ren, die die meisten Leader-in-Action-Punkte sammeln.<\/li>\n<li>Muss w\u00e4hrend des Qualifikationszeitraums mindestens 26 Wochen lang als Executive bezahlt werden (die Wochen m\u00fcssen nicht aufeinander folgen).<\/li>\n<\/ul>\n<p style=\"padding-left: 40px;\"><strong>ODER<\/strong><\/p>\n<ul>\n<li>Verdiene w\u00e4hrend des Qualifikationszeitraums 500.000 USD+.<\/li>\n<li>Du musst w\u00e4hrend des Qualifikationszeitraums mindestens 45\u00a0Wochen lang als Executive bezahlt werden (die Wochen m\u00fcssen nicht aufeinander folgen).<\/li>\n<\/ul>\n<\/div><\/div><\/div><div class=\"fusion-layout-column fusion_builder_column fusion-builder-column-3 fusion_builder_column_1_2 1_2 fusion-flex-column\" style=\"--awb-bg-size:cover;--awb-width-large:50%;--awb-margin-top-large:0px;--awb-spacing-right-large:3.84%;--awb-margin-bottom-large:20px;--awb-spacing-left-large:3.84%;--awb-width-medium:100%;--awb-order-medium:0;--awb-spacing-right-medium:1.92%;--awb-spacing-left-medium:1.92%;--awb-width-small:100%;--awb-order-small:0;--awb-spacing-right-small:1.92%;--awb-spacing-left-small:1.92%;\"><div class=\"fusion-column-wrapper fusion-column-has-shadow fusion-flex-justify-content-flex-start fusion-content-layout-column\"><div class=\"fusion-video fusion-vimeo\" style=\"--awb-max-width:600px;--awb-max-height:360px;\"><div class=\"video-shortcode\"><div class=\"fluid-width-video-wrapper\" style=\"padding-top:60%;\" ><iframe title=\"Vimeo video player 1\" src=\"https:\/\/player.vimeo.com\/video\/669491412?autoplay=0&amp;autopause=0\" width=\"600\" height=\"360\" allowfullscreen allow=\"autoplay; fullscreen\"><\/iframe><\/div><\/div><\/div><\/div><\/div><\/div><\/div><div class=\"fusion-fullwidth fullwidth-box fusion-builder-row-4 fusion-flex-container nonhundred-percent-fullwidth non-hundred-percent-height-scrolling\" style=\"--awb-border-radius-top-left:0px;--awb-border-radius-top-right:0px;--awb-border-radius-bottom-right:0px;--awb-border-radius-bottom-left:0px;--awb-padding-top:21px;--awb-background-color:var(--awb-custom13);--awb-flex-wrap:wrap;\" ><div class=\"fusion-builder-row fusion-row fusion-flex-align-items-flex-start fusion-flex-content-wrap\" style=\"max-width:1497.6px;margin-left: calc(-4% \/ 2 );margin-right: calc(-4% \/ 2 );\"><div class=\"fusion-layout-column fusion_builder_column fusion-builder-column-4 fusion_builder_column_1_3 1_3 fusion-flex-column\" style=\"--awb-bg-size:cover;--awb-width-large:33.333333333333%;--awb-margin-top-large:0px;--awb-spacing-right-large:5.76%;--awb-margin-bottom-large:20px;--awb-spacing-left-large:5.76%;--awb-width-medium:100%;--awb-order-medium:0;--awb-spacing-right-medium:1.92%;--awb-spacing-left-medium:1.92%;--awb-width-small:100%;--awb-order-small:0;--awb-spacing-right-small:1.92%;--awb-spacing-left-small:1.92%;\"><div class=\"fusion-column-wrapper fusion-column-has-shadow fusion-flex-justify-content-flex-start fusion-content-layout-column\"><div class=\"fusion-image-element \" style=\"--awb-caption-title-font-family:var(--h2_typography-font-family);--awb-caption-title-font-weight:var(--h2_typography-font-weight);--awb-caption-title-font-style:var(--h2_typography-font-style);--awb-caption-title-size:var(--h2_typography-font-size);--awb-caption-title-transform:var(--h2_typography-text-transform);--awb-caption-title-line-height:var(--h2_typography-line-height);--awb-caption-title-letter-spacing:var(--h2_typography-letter-spacing);\"><span class=\" fusion-imageframe imageframe-none imageframe-1 hover-type-none\"><img decoding=\"async\" width=\"400\" height=\"297\" title=\"beach_6_800x593-400&#215;297\" src=\"https:\/\/eu.isagenixbusiness.com\/wp-content\/uploads\/2022\/02\/beach_6_800x593-400x297-1.jpg\" alt class=\"img-responsive wp-image-116564\" srcset=\"https:\/\/eu.isagenixbusiness.com\/wp-content\/uploads\/2022\/02\/beach_6_800x593-400x297-1-200x149.jpg 200w, https:\/\/eu.isagenixbusiness.com\/wp-content\/uploads\/2022\/02\/beach_6_800x593-400x297-1.jpg 400w\" sizes=\"(max-width: 1024px) 100vw, (max-width: 640px) 100vw, 400px\" \/><\/span><\/div><\/div><\/div><div class=\"fusion-layout-column fusion_builder_column fusion-builder-column-5 fusion_builder_column_2_3 2_3 fusion-flex-column\" style=\"--awb-bg-size:cover;--awb-width-large:66.666666666667%;--awb-margin-top-large:0px;--awb-spacing-right-large:0.144%;--awb-margin-bottom-large:20px;--awb-spacing-left-large:0.432%;--awb-width-medium:100%;--awb-order-medium:0;--awb-spacing-right-medium:1.92%;--awb-spacing-left-medium:1.92%;--awb-width-small:100%;--awb-order-small:0;--awb-spacing-right-small:1.92%;--awb-spacing-left-small:1.92%;\"><div class=\"fusion-column-wrapper fusion-column-has-shadow fusion-flex-justify-content-flex-start fusion-content-layout-column\"><div class=\"fusion-title title fusion-title-1 fusion-title-text fusion-title-size-two\" style=\"--awb-margin-top-small:0px;--awb-margin-right-small:0px;--awb-margin-bottom-small:20px;--awb-margin-left-small:0px;\"><div class=\"title-sep-container title-sep-container-left fusion-no-large-visibility fusion-no-medium-visibility fusion-no-small-visibility\"><div class=\"title-sep sep- sep-solid\" style=\"border-color:#eeefee;\"><\/div><\/div><span class=\"awb-title-spacer fusion-no-large-visibility fusion-no-medium-visibility fusion-no-small-visibility\"><\/span><h2 class=\"fusion-title-heading title-heading-left fusion-responsive-typography-calculated\" style=\"margin:0;--fontSize:32;line-height:1;\">WETTBEWERBSINFORMATIONEN<\/h2><span class=\"awb-title-spacer\"><\/span><div class=\"title-sep-container title-sep-container-right\"><div class=\"title-sep sep- sep-solid\" style=\"border-color:#eeefee;\"><\/div><\/div><\/div><div class=\"fusion-text fusion-text-6\" style=\"--awb-text-transform:none;\"><p><strong>QUALIFIKATIONSZEITRAUM:<\/strong> 24.\u00a0Jan.\u00a02022 bis 22.\u00a0Jan.\u00a02023<\/p>\n<p><strong>WIE VIELE GEWINNER:<\/strong> 100 Business Center<\/p>\n<p><strong>TEILNEHMENDE L\u00c4NDER:<\/strong> Australien, Kanada, Europa, Japan, Mexiko, Neuseeland, Puerto Rico, S\u00fcdkorea, Vereinigte Staaten<\/p>\n<p><b><span style=\"background-color: var(--awb-custom13); color: var(--body_typography-color); font-family: var(--body_typography-font-family); font-size: var(--body_typography-font-size); font-style: var(--body_typography-font-style,normal); letter-spacing: var(--body_typography-letter-spacing);\">REISEDETAILS: <\/span><\/b><span style=\"background-color: var(--awb-custom13); color: var(--body_typography-color); font-family: var(--body_typography-font-family); font-size: var(--body_typography-font-size); font-style: var(--body_typography-font-style,normal); letter-spacing: var(--body_typography-letter-spacing);\">26. bis 30. April<\/span><span style=\"background-color: var(--awb-custom13); color: var(--body_typography-color); font-family: var(--body_typography-font-family); font-size: var(--body_typography-font-size); font-style: var(--body_typography-font-style,normal); letter-spacing: var(--body_typography-letter-spacing);\">\u00a02023<\/span><\/p>\n<ul>\n<li>Hotel wird von Isagenix bezahlt<\/li>\n<li>Alle Nebenkosten werden vom Vertriebspartner \u00fcbernommen<\/li>\n<li>Flug wird von Isagenix bezahlt<\/li>\n<li>Transfer (Weitere Einzelheiten werden kurz vor dem Event bekannt gegeben)<\/li>\n<\/ul>\n<\/div><\/div><\/div><\/div><\/div><div class=\"fusion-fullwidth fullwidth-box fusion-builder-row-5 fusion-flex-container nonhundred-percent-fullwidth non-hundred-percent-height-scrolling\" style=\"--awb-border-radius-top-left:0px;--awb-border-radius-top-right:0px;--awb-border-radius-bottom-right:0px;--awb-border-radius-bottom-left:0px;--awb-padding-top:20px;--awb-flex-wrap:wrap;\" ><div class=\"fusion-builder-row fusion-row fusion-flex-align-items-flex-start fusion-flex-content-wrap\" style=\"max-width:1497.6px;margin-left: calc(-4% \/ 2 );margin-right: calc(-4% \/ 2 );\"><div class=\"fusion-layout-column fusion_builder_column fusion-builder-column-6 fusion_builder_column_1_1 1_1 fusion-flex-column\" style=\"--awb-bg-size:cover;--awb-width-large:100%;--awb-margin-top-large:0px;--awb-spacing-right-large:1.92%;--awb-margin-bottom-large:20px;--awb-spacing-left-large:1.92%;--awb-width-medium:100%;--awb-order-medium:0;--awb-spacing-right-medium:1.92%;--awb-spacing-left-medium:1.92%;--awb-width-small:100%;--awb-order-small:0;--awb-spacing-right-small:1.92%;--awb-spacing-left-small:1.92%;\"><div class=\"fusion-column-wrapper fusion-column-has-shadow fusion-flex-justify-content-flex-start fusion-content-layout-column\"><div class=\"fusion-tabs fusion-tabs-1 clean nav-is-justified horizontal-tabs icon-position-left mobile-mode-accordion\" style=\"--awb-title-border-radius-top-left:0px;--awb-title-border-radius-top-right:0px;--awb-title-border-radius-bottom-right:0px;--awb-title-border-radius-bottom-left:0px;--awb-inactive-color:#c7c9c7;--awb-background-color:#00778b;--awb-border-color:rgba(235,234,234,0);--awb-active-border-color:var(--awb-color5);\"><div class=\"nav\"><ul class=\"nav-tabs nav-justified\" role=\"tablist\"><li class=\"active\" role=\"presentation\"><a class=\"tab-link\" data-toggle=\"tab\" role=\"tab\" aria-controls=\"tab-67e0aced85afa457edc\" aria-selected=\"true\" id=\"fusion-tab-faqs\" href=\"#tab-67e0aced85afa457edc\"><h4 class=\"fusion-tab-heading\">FAQS<\/h4><\/a><\/li><li role=\"presentation\"><a class=\"tab-link\" data-toggle=\"tab\" role=\"tab\" aria-controls=\"tab-69f09bc4d7ac58df084\" aria-selected=\"false\" tabindex=\"-1\" id=\"fusion-tab-provisionskalender\" href=\"#tab-69f09bc4d7ac58df084\"><h4 class=\"fusion-tab-heading\">PROVISIONSKALENDER<\/h4><\/a><\/li><li role=\"presentation\"><a class=\"tab-link\" data-toggle=\"tab\" role=\"tab\" aria-controls=\"tab-89cc206747b9cb1e73c\" aria-selected=\"false\" tabindex=\"-1\" id=\"fusion-tab-informationenzuhotelundveranstaltungsort\" href=\"#tab-89cc206747b9cb1e73c\"><h4 class=\"fusion-tab-heading\">INFORMATIONEN ZU HOTEL UND VERANSTALTUNGSORT<\/h4><\/a><\/li><\/ul><\/div><div class=\"tab-content\"><div class=\"nav fusion-mobile-tab-nav\"><ul class=\"nav-tabs nav-justified\" role=\"tablist\"><li class=\"active\" role=\"presentation\"><a class=\"tab-link\" data-toggle=\"tab\" role=\"tab\" aria-controls=\"tab-67e0aced85afa457edc\" aria-selected=\"true\" id=\"mobile-fusion-tab-faqs\" href=\"#tab-67e0aced85afa457edc\"><h4 class=\"fusion-tab-heading\">FAQS<\/h4><\/a><\/li><\/ul><\/div><div class=\"tab-pane fade fusion-clearfix in active\" role=\"tabpanel\" tabindex=\"0\" aria-labelledby=\"fusion-tab-faqs\" id=\"tab-67e0aced85afa457edc\">\n<p><strong>F: Wie oft wird die Bestenliste aktualisiert?<\/strong><br \/>\nA: Die Ergebnisse werden monatlich aktualisiert und ver\u00f6ffentlicht, etwa zwei Wochen nach Abschluss jedes Provisionsmonats.<\/p>\n<p><strong>F: Wo kann ich meine Punkte f\u00fcr Leader in Action sehen?<\/strong><br \/>\nA: Die Berichte des Leader in Action werden im Backoffice im Abschnitt \u201eBerichte\u201c angezeigt.<\/p>\n<p><strong>F: Was ist ein Grace-Monat und wie viele habe ich?<\/strong><br \/>\nA: Ein Grace-Monat ist ein Provisionsmonat (siehe FAQ oben), in dem Sie nicht mindestens einen Punkt in jeder der vier Kategorien \u201eLeader in Action\u201c erreichen. Jeder erh\u00e4lt zwei Grace-Monate.<\/p>\n<p><strong>F: Z\u00e4hlen die w\u00e4hrend eines Grace-Monats gesammelten Leader in Action-Punkte f\u00fcr die Qualifikation?<\/strong><br \/>\nA: Ja! Alle Leader-in-Action-Punkte, die in den beiden zugewiesenen Grace-Monaten gesammelt wurden, werden f\u00fcr Ihre Qualifikation angerechnet.<\/p>\n<p><strong>F: Kann ich an Global Top Achievers 2023 teilnehmen, wenn ich mehr als zwei Grace-Monate habe?<\/strong><br \/>\nA: Nein.<\/p>\n<p><strong>F: Woher wei\u00df ich, ob ich einen oder mehrere meiner Grace-Monate genutzt habe?<\/strong><br \/>\nA: Wenn Sie nach Abschluss des Provisionsmonats eine Null in einer der vier Kategorien des Global Top Achievers-Berichts haben, verwenden Sie einen Ihrer beiden Grace-Monate. Sie k\u00f6nnen auch den aktuellen Monatsbericht w\u00e4hrend des aktuellen Provisionsmonats \u00fcberpr\u00fcfen, um sicherzustellen, dass Sie Punkte in jeder der vier Kategorien vor dem Abschluss des Provisionsmonats sehen.<\/p>\n<\/div><div class=\"nav fusion-mobile-tab-nav\"><ul class=\"nav-tabs nav-justified\" role=\"tablist\"><li role=\"presentation\"><a class=\"tab-link\" data-toggle=\"tab\" role=\"tab\" aria-controls=\"tab-69f09bc4d7ac58df084\" aria-selected=\"false\" tabindex=\"-1\" id=\"mobile-fusion-tab-provisionskalender\" href=\"#tab-69f09bc4d7ac58df084\"><h4 class=\"fusion-tab-heading\">PROVISIONSKALENDER<\/h4><\/a><\/li><\/ul><\/div><div class=\"tab-pane fade fusion-clearfix\" role=\"tabpanel\" tabindex=\"0\" aria-labelledby=\"fusion-tab-provisionskalender\" id=\"tab-69f09bc4d7ac58df084\">\n<p><img decoding=\"async\" class=\"aligncenter wp-image-116572 size-fusion-800\" src=\"https:\/\/eu.isagenixbusiness.com\/wp-content\/uploads\/2022\/02\/2022-Commission-Month-Calendar-1-scaled-1-1536x1216-1-800x633.jpg\" alt=\"\" width=\"800\" height=\"633\" srcset=\"https:\/\/eu.isagenixbusiness.com\/wp-content\/uploads\/2022\/02\/2022-Commission-Month-Calendar-1-scaled-1-1536x1216-1-200x158.jpg 200w, https:\/\/eu.isagenixbusiness.com\/wp-content\/uploads\/2022\/02\/2022-Commission-Month-Calendar-1-scaled-1-1536x1216-1-300x238.jpg 300w, https:\/\/eu.isagenixbusiness.com\/wp-content\/uploads\/2022\/02\/2022-Commission-Month-Calendar-1-scaled-1-1536x1216-1-400x317.jpg 400w, https:\/\/eu.isagenixbusiness.com\/wp-content\/uploads\/2022\/02\/2022-Commission-Month-Calendar-1-scaled-1-1536x1216-1-600x475.jpg 600w, https:\/\/eu.isagenixbusiness.com\/wp-content\/uploads\/2022\/02\/2022-Commission-Month-Calendar-1-scaled-1-1536x1216-1-768x608.jpg 768w, https:\/\/eu.isagenixbusiness.com\/wp-content\/uploads\/2022\/02\/2022-Commission-Month-Calendar-1-scaled-1-1536x1216-1-800x633.jpg 800w, https:\/\/eu.isagenixbusiness.com\/wp-content\/uploads\/2022\/02\/2022-Commission-Month-Calendar-1-scaled-1-1536x1216-1-1024x811.jpg 1024w, https:\/\/eu.isagenixbusiness.com\/wp-content\/uploads\/2022\/02\/2022-Commission-Month-Calendar-1-scaled-1-1536x1216-1-1200x950.jpg 1200w, https:\/\/eu.isagenixbusiness.com\/wp-content\/uploads\/2022\/02\/2022-Commission-Month-Calendar-1-scaled-1-1536x1216-1.jpg 1536w\" sizes=\"(max-width: 800px) 100vw, 800px\" \/><\/p>\n<\/div><div class=\"nav fusion-mobile-tab-nav\"><ul class=\"nav-tabs nav-justified\" role=\"tablist\"><li role=\"presentation\"><a class=\"tab-link\" data-toggle=\"tab\" role=\"tab\" aria-controls=\"tab-89cc206747b9cb1e73c\" aria-selected=\"false\" tabindex=\"-1\" id=\"mobile-fusion-tab-informationenzuhotelundveranstaltungsort\" href=\"#tab-89cc206747b9cb1e73c\"><h4 class=\"fusion-tab-heading\">INFORMATIONEN ZU HOTEL UND VERANSTALTUNGSORT<\/h4><\/a><\/li><\/ul><\/div><div class=\"tab-pane fade fusion-clearfix\" role=\"tabpanel\" tabindex=\"0\" aria-labelledby=\"fusion-tab-informationenzuhotelundveranstaltungsort\" id=\"tab-89cc206747b9cb1e73c\">\n<p style=\"text-align: center;\"><strong>DATUM DER REISE:<\/strong> 26. bis 30. April 2023<\/p>\n<p style=\"text-align: center;\">Fiji Marriott Resort Momi Bay<\/p>\n<\/div><\/div><\/div><\/div><\/div><\/div><\/div><div class=\"fusion-fullwidth fullwidth-box fusion-builder-row-6 fusion-flex-container nonhundred-percent-fullwidth non-hundred-percent-height-scrolling\" style=\"--awb-border-radius-top-left:0px;--awb-border-radius-top-right:0px;--awb-border-radius-bottom-right:0px;--awb-border-radius-bottom-left:0px;--awb-background-color:#ffffff;--awb-flex-wrap:wrap;\" ><div class=\"fusion-builder-row fusion-row fusion-flex-align-items-flex-start fusion-flex-content-wrap\" style=\"max-width:1497.6px;margin-left: calc(-4% \/ 2 );margin-right: calc(-4% \/ 2 );\"><div class=\"fusion-layout-column fusion_builder_column fusion-builder-column-7 fusion_builder_column_1_1 1_1 fusion-flex-column\" style=\"--awb-bg-size:cover;--awb-width-large:100%;--awb-margin-top-large:0px;--awb-spacing-right-large:1.92%;--awb-margin-bottom-large:20px;--awb-spacing-left-large:1.92%;--awb-width-medium:100%;--awb-order-medium:0;--awb-spacing-right-medium:1.92%;--awb-spacing-left-medium:1.92%;--awb-width-small:100%;--awb-order-small:0;--awb-spacing-right-small:1.92%;--awb-spacing-left-small:1.92%;\"><div class=\"fusion-column-wrapper fusion-column-has-shadow fusion-flex-justify-content-flex-start fusion-content-layout-column\"><div class=\"fusion-text fusion-text-7\" style=\"--awb-font-size:10px;--awb-text-transform:none;\"><p>* Alle Termine beziehen sich auf den Isagenix 4-4-5 Provisionskalender. Die Gewinner m\u00fcssen zum Zeitpunkt des Events bei Isagenix in gutem Ruf stehen, um an dem Event teilzunehmen und Belohnungen zu erhalten, wie etwa: nicht den Geldwert oder alternative Unterk\u00fcnfte oder Pr\u00e4mien anstelle der verdienten Pr\u00e4mien\/Belohnungen erhalten. Jegliches Bargeld, das im Rahmen des Isagenix-Teamverg\u00fctungsplans und durch Werbeaktionen erhalten wird sowie der Wert von Sachpreisen, wie Reisen und Geschenke, k\u00f6nnen als steuerpflichtiges Einkommen ausgewiesen werden. Bitte wende Dich an Deinen Steuerberater, um sicherzustellen, dass Dein Einkommen ordnungsgem\u00e4\u00df gemeldet wird. Von den Gewinnern und ihren G\u00e4sten, falls vorhanden, kann verlangt werden, dass sie eine gesonderte Annahme des Preises und eine Haftungsverzichtserkl\u00e4rung unterzeichnen. Es gelten zus\u00e4tzliche Bestimmungen und Bedingungen. Auf IsagenixBusiness.com findest Du alle Details. Alle Eventtermine und -details k\u00f6nnen sich noch \u00e4ndern.<\/p>\n<\/div><\/div><\/div><\/div><\/div><\/p>\n","protected":false},"excerpt":{"rendered":"","protected":false},"author":9877,"featured_media":0,"parent":0,"menu_order":0,"comment_status":"closed","ping_status":"closed","template":"100-width.php","meta":{"_acf_changed":false,"footnotes":""},"class_list":["post-117603","page","type-page","status-publish","hentry"],"acf":[],"_links":{"self":[{"href":"https:\/\/eu.isagenixbusiness.com\/de-eu\/wp-json\/wp\/v2\/pages\/117603","targetHints":{"allow":["GET"]}}],"collection":[{"href":"https:\/\/eu.isagenixbusiness.com\/de-eu\/wp-json\/wp\/v2\/pages"}],"about":[{"href":"https:\/\/eu.isagenixbusiness.com\/de-eu\/wp-json\/wp\/v2\/types\/page"}],"author":[{"embeddable":true,"href":"https:\/\/eu.isagenixbusiness.com\/de-eu\/wp-json\/wp\/v2\/users\/9877"}],"replies":[{"embeddable":true,"href":"https:\/\/eu.isagenixbusiness.com\/de-eu\/wp-json\/wp\/v2\/comments?post=117603"}],"version-history":[{"count":4,"href":"https:\/\/eu.isagenixbusiness.com\/de-eu\/wp-json\/wp\/v2\/pages\/117603\/revisions"}],"predecessor-version":[{"id":161266,"href":"https:\/\/eu.isagenixbusiness.com\/de-eu\/wp-json\/wp\/v2\/pages\/117603\/revisions\/161266"}],"wp:attachment":[{"href":"https:\/\/eu.isagenixbusiness.com\/de-eu\/wp-json\/wp\/v2\/media?parent=117603"}],"curies":[{"name":"wp","href":"https:\/\/api.w.org\/{rel}","templated":true}]}}