{"id":124671,"date":"2021-07-12T12:28:46","date_gmt":"2021-07-12T11:28:46","guid":{"rendered":"https:\/\/eu.isagenixbusiness.com\/collagen-script-1-2\/"},"modified":"2023-12-21T12:52:07","modified_gmt":"2023-12-21T12:52:07","slug":"collagen-script-1-2","status":"publish","type":"page","link":"https:\/\/eu.isagenixbusiness.com\/de-eu\/collagen-script-1-2\/","title":{"rendered":"Collagen Scripts &#8211; How to find new customers with Collagen Elixir"},"content":{"rendered":"<p><div class=\"fusion-fullwidth fullwidth-box fusion-builder-row-1 fusion-flex-container fusion-parallax-none nonhundred-percent-fullwidth non-hundred-percent-height-scrolling\" style=\"--awb-background-position:center bottom;--awb-border-radius-top-left:0px;--awb-border-radius-top-right:0px;--awb-border-radius-bottom-right:0px;--awb-border-radius-bottom-left:0px;--awb-padding-top:0px;--awb-padding-bottom:0px;--awb-margin-bottom:0px;--awb-background-color:rgba(255,255,255,0.75);--awb-background-image:url(&quot;https:\/\/eu.isagenixbusiness.com\/wp-content\/uploads\/2020\/12\/Header-modulev2.png&quot;);--awb-background-size:cover;--awb-flex-wrap:wrap;\" ><div class=\"fusion-builder-row fusion-row fusion-flex-align-items-flex-start fusion-flex-justify-content-center fusion-flex-content-wrap\" style=\"max-width:1497.6px;margin-left: calc(-4% \/ 2 );margin-right: calc(-4% \/ 2 );\"><div class=\"fusion-layout-column fusion_builder_column fusion-builder-column-0 fusion_builder_column_1_1 1_1 fusion-flex-column\" style=\"--awb-padding-top:0.9840000000000089px;--awb-padding-bottom:0.9730000000000132px;--awb-bg-size:cover;--awb-width-large:100%;--awb-margin-top-large:0px;--awb-spacing-right-large:1.92%;--awb-margin-bottom-large:9px;--awb-spacing-left-large:1.92%;--awb-width-medium:100%;--awb-order-medium:0;--awb-spacing-right-medium:1.92%;--awb-spacing-left-medium:1.92%;--awb-width-small:100%;--awb-order-small:0;--awb-spacing-right-small:1.92%;--awb-spacing-left-small:1.92%;\"><div class=\"fusion-column-wrapper fusion-column-has-shadow fusion-flex-justify-content-flex-start fusion-content-layout-column\"><div class=\"fusion-separator fusion-full-width-sep\" style=\"align-self: flex-end;margin-left:auto;margin-top:10%;width:100%;\"><\/div><div class=\"fusion-builder-row fusion-builder-row-inner fusion-row fusion-flex-align-items-flex-start fusion-flex-justify-content-center fusion-flex-content-wrap\" style=\"--awb-flex-grow:0;--awb-flex-grow-medium:0;--awb-flex-grow-small:0;--awb-flex-shrink:0;--awb-flex-shrink-medium:0;--awb-flex-shrink-small:0;width:104% !important;max-width:104% !important;margin-left: calc(-4% \/ 2 );margin-right: calc(-4% \/ 2 );\"><div class=\"fusion-layout-column fusion_builder_column_inner fusion-builder-nested-column-0 fusion_builder_column_inner_1_2 1_2 fusion-flex-column\" style=\"--awb-bg-size:cover;--awb-width-large:50%;--awb-margin-top-large:0px;--awb-spacing-right-large:3.84%;--awb-margin-bottom-large:20px;--awb-spacing-left-large:3.84%;--awb-width-medium:100%;--awb-order-medium:0;--awb-spacing-right-medium:1.92%;--awb-spacing-left-medium:1.92%;--awb-width-small:100%;--awb-order-small:0;--awb-spacing-right-small:1.92%;--awb-spacing-left-small:1.92%;\"><div class=\"fusion-column-wrapper fusion-column-has-shadow fusion-flex-justify-content-flex-start fusion-content-layout-column\"><\/div><\/div><div class=\"fusion-layout-column fusion_builder_column_inner fusion-builder-nested-column-1 fusion_builder_column_inner_1_2 1_2 fusion-flex-column\" style=\"--awb-bg-size:cover;--awb-width-large:50%;--awb-margin-top-large:0px;--awb-spacing-right-large:3.84%;--awb-margin-bottom-large:20px;--awb-spacing-left-large:3.84%;--awb-width-medium:100%;--awb-order-medium:0;--awb-spacing-right-medium:1.92%;--awb-spacing-left-medium:1.92%;--awb-width-small:100%;--awb-order-small:0;--awb-spacing-right-small:1.92%;--awb-spacing-left-small:1.92%;\"><div class=\"fusion-column-wrapper fusion-column-has-shadow fusion-flex-justify-content-flex-start fusion-content-layout-column\"><\/div><\/div><\/div><div class=\"fusion-title title fusion-title-1 fusion-title-center fusion-title-text fusion-title-size-one\" style=\"--awb-margin-top-small:0px;--awb-margin-right-small:0px;--awb-margin-bottom-small:20px;--awb-margin-left-small:0px;--awb-font-size:3.5rem;\"><div class=\"title-sep-container title-sep-container-left\"><div class=\"title-sep sep- sep-solid\" style=\"border-color:#eeefee;\"><\/div><\/div><span class=\"awb-title-spacer\"><\/span><h1 class=\"fusion-title-heading title-heading-center fusion-responsive-typography-calculated\" style=\"font-family:&quot;DM Serif Display&quot;;font-style:normal;font-weight:400;margin:0;font-size:1em;--fontSize:56;line-height:1;\"><p style=\"text-align: center;\"><span style=\"color: #a77666; font-size: 1em; font-style: var(--h1_typography-font-style,normal); letter-spacing: var(--h1_typography-letter-spacing); background-color: rgba(255, 255, 255, 0);\">COLLAGEN <\/span><span style=\"color: #a77666; font-size: 1em; font-style: var(--h1_typography-font-style,normal); letter-spacing: var(--h1_typography-letter-spacing); background-color: rgba(255, 255, 255, 0); font-family: Montserrat;\">Elixir\u2122<\/span><\/p><\/h1><span class=\"awb-title-spacer\"><\/span><div class=\"title-sep-container title-sep-container-right\"><div class=\"title-sep sep- sep-solid\" style=\"border-color:#eeefee;\"><\/div><\/div><\/div><div class=\"fusion-title title fusion-title-2 fusion-title-center fusion-title-text fusion-title-size-two\" style=\"--awb-margin-top-small:0px;--awb-margin-right-small:0px;--awb-margin-bottom-small:20px;--awb-margin-left-small:0px;\"><div class=\"title-sep-container title-sep-container-left\"><div class=\"title-sep sep- sep-solid\" style=\"border-color:#eeefee;\"><\/div><\/div><span class=\"awb-title-spacer\"><\/span><h2 class=\"fusion-title-heading title-heading-center fusion-responsive-typography-calculated\" style=\"font-family:&quot;DM Serif Display&quot;;font-style:normal;font-weight:400;margin:0;--fontSize:32;line-height:1;\">Erreichen von NEUEN Kunden<\/h2><span class=\"awb-title-spacer\"><\/span><div class=\"title-sep-container title-sep-container-right\"><div class=\"title-sep sep- sep-solid\" style=\"border-color:#eeefee;\"><\/div><\/div><\/div><\/div><\/div><div class=\"fusion-layout-column fusion_builder_column fusion-builder-column-1 fusion_builder_column_1_2 1_2 fusion-flex-column\" style=\"--awb-bg-size:cover;--awb-width-large:50%;--awb-margin-top-large:0px;--awb-spacing-right-large:3.84%;--awb-margin-bottom-large:20px;--awb-spacing-left-large:3.84%;--awb-width-medium:100%;--awb-order-medium:0;--awb-spacing-right-medium:1.92%;--awb-spacing-left-medium:1.92%;--awb-width-small:100%;--awb-order-small:0;--awb-spacing-right-small:1.92%;--awb-spacing-left-small:1.92%;\"><div class=\"fusion-column-wrapper fusion-column-has-shadow fusion-flex-justify-content-flex-start fusion-content-layout-column\"><div class=\"fusion-builder-row fusion-builder-row-inner fusion-row fusion-flex-align-items-flex-start fusion-flex-justify-content-center fusion-flex-content-wrap\" style=\"--awb-flex-grow:0;--awb-flex-grow-medium:0;--awb-flex-grow-small:0;--awb-flex-shrink:0;--awb-flex-shrink-medium:0;--awb-flex-shrink-small:0;width:104% !important;max-width:104% !important;margin-left: calc(-4% \/ 2 );margin-right: calc(-4% \/ 2 );\"><div class=\"fusion-layout-column fusion_builder_column_inner fusion-builder-nested-column-2 fusion_builder_column_inner_1_1 1_1 fusion-flex-column\" style=\"--awb-bg-size:cover;--awb-width-large:100%;--awb-margin-top-large:0px;--awb-spacing-right-large:1.92%;--awb-margin-bottom-large:20px;--awb-spacing-left-large:1.92%;--awb-width-medium:100%;--awb-order-medium:0;--awb-spacing-right-medium:1.92%;--awb-spacing-left-medium:1.92%;--awb-width-small:100%;--awb-order-small:0;--awb-spacing-right-small:1.92%;--awb-spacing-left-small:1.92%;\"><div class=\"fusion-column-wrapper fusion-column-has-shadow fusion-flex-justify-content-flex-start fusion-content-layout-column\"><\/div><\/div><\/div><\/div><\/div><\/div><\/div><div class=\"fusion-fullwidth fullwidth-box fusion-builder-row-2 fusion-flex-container nonhundred-percent-fullwidth non-hundred-percent-height-scrolling\" style=\"--awb-border-radius-top-left:0px;--awb-border-radius-top-right:0px;--awb-border-radius-bottom-right:0px;--awb-border-radius-bottom-left:0px;--awb-flex-wrap:wrap;\" ><div class=\"fusion-builder-row fusion-row fusion-flex-align-items-flex-start fusion-flex-content-wrap\" style=\"max-width:1497.6px;margin-left: calc(-4% \/ 2 );margin-right: calc(-4% \/ 2 );\"><div class=\"fusion-layout-column fusion_builder_column fusion-builder-column-2 fusion_builder_column_1_1 1_1 fusion-flex-column\" style=\"--awb-bg-size:cover;--awb-width-large:100%;--awb-margin-top-large:0px;--awb-spacing-right-large:1.92%;--awb-margin-bottom-large:20px;--awb-spacing-left-large:1.92%;--awb-width-medium:100%;--awb-order-medium:0;--awb-spacing-right-medium:1.92%;--awb-spacing-left-medium:1.92%;--awb-width-small:100%;--awb-order-small:0;--awb-spacing-right-small:1.92%;--awb-spacing-left-small:1.92%;\"><div class=\"fusion-column-wrapper fusion-column-has-shadow fusion-flex-justify-content-flex-start fusion-content-layout-column\"><div class=\"fusion-title title fusion-title-3 fusion-title-text fusion-title-size-one\" style=\"--awb-text-color:#a77666;--awb-margin-top-small:0px;--awb-margin-right-small:0px;--awb-margin-bottom-small:20px;--awb-margin-left-small:0px;--awb-font-size:2.5rem;\"><div class=\"title-sep-container title-sep-container-left fusion-no-large-visibility fusion-no-medium-visibility fusion-no-small-visibility\"><div class=\"title-sep sep- sep-solid\" style=\"border-color:#eeefee;\"><\/div><\/div><span class=\"awb-title-spacer fusion-no-large-visibility fusion-no-medium-visibility fusion-no-small-visibility\"><\/span><h1 class=\"fusion-title-heading title-heading-left fusion-responsive-typography-calculated\" style=\"font-family:&quot;DM Serif Display&quot;;font-style:normal;font-weight:400;margin:0;font-size:1em;--fontSize:40;line-height:1;\">Sugges<span style=\"color: #a77666;\">ted<\/span> Script<\/h1><span class=\"awb-title-spacer\"><\/span><div class=\"title-sep-container title-sep-container-right\"><div class=\"title-sep sep- sep-solid\" style=\"border-color:#eeefee;\"><\/div><\/div><\/div><div class=\"fusion-separator fusion-full-width-sep\" style=\"align-self: center;margin-left: auto;margin-right: auto;width:100%;\"><div class=\"fusion-separator-border sep-single\" style=\"--awb-height:20px;--awb-amount:20px;border-color:var(--awb-color4);border-top-width:0px;\"><\/div><\/div><div class=\"fusion-text fusion-text-1\" style=\"--awb-text-transform:none;\"><p><b>Du:<\/b> Hallo, ich bin so begeistert und du warst eine der ersten Personen, die ich kontaktieren musste. Ich habe angefangen, ein neues Produkt aus Meereskollagen zu verwenden, das ganz neu in Europa ist. Ich denke, es w\u00fcrde dir gefallen!<\/p>\n<p><b style=\"color: var(--awb-color5);\">Er\/sie: <\/b><span style=\"color: var(--awb-color5);\">Was ist das?<\/span><\/p>\n<p><b>Du: <\/b>Ein Freund von mir hat es mir vorgestellt, es hei\u00dft Collagen Elixir\u2122. Es wurde bereits in Australien und den USA eingef\u00fchrt, wo wir in den ersten 6 Monaten \u00fcber 15 Millionen Flaschen verkauft haben. Du solltest mal die Ergebnisse sehen, die die Leute erzielen! Tipp f\u00fcr Profis: Wenn du bereits Ergebnisse siehst, kannst du diese hier gerne teilen, z. B. ich habe einen jugendlicheren Teint und eine erh\u00f6hte Hautfeuchtigkeit festgestellt und das ist erst der Anfang! Es ist au\u00dferdem frei von Chemikalien und stammt aus umweltfreundlichen Rohstoffen. Willst du ein paar Fotos sehen?<\/p>\n<p><b>Er\/sie:<\/b> Ja<\/p>\n<p><b>Du: <\/b>Schicke ihm\/ihr <a href=\"https:\/\/eu.isagenixbusiness.com\/wp-content\/uploads\/2021\/06\/99XX_EU_Collagen_Elixir_Flipbook.pdf\" target=\"_blank\" rel=\"noopener noreferrer\">diesen Link<\/a> zum Vorher- und Nachher-Lookbook<\/p>\n<p><b>Er\/sie:<\/b> zum Produkt stellen.<\/p>\n<p><b>Du: <\/b>Ich habe ein 2-min\u00fctiges Video, das das Produkt erkl\u00e4rt, soll ich es hier einf\u00fcgen? (<a href=\"https:\/\/vimeo.com\/569335749\">Dieses Video senden<\/a> )<\/p>\n<p><b>Er\/sie: <\/b>Er\/sie wird entweder Fragen haben, z. B. \u201ewie kann ich bestellen?\u201c oder wenn du keine R\u00fcckmeldung bekommst, frage einfach \u201eHattest du die M\u00f6glichkeit, das Video zu sehen? Lass mich wissen, wenn du irgendwelche Fragen hast und ich kann sie dir beantworten?\u201c<\/p>\n<p><b>Du: <\/b>Du gehst auf Einw\u00e4nde ein\/beantwortest Fragen (<a href=\"https:\/\/brand.isagenix.com\/d\/8NjSgMufh41B\/product-media-library?product-name77=Collagen+Elixir\" target=\"_blank\" rel=\"noopener noreferrer\">mit Bildern<\/a> ). Frage weiter: \u201eHast du noch weitere Fragen, die ich f\u00fcr dich beantworten kann?\u201c<\/p>\n<p><b>Er\/sie: <\/b>Wie beginne ich?<\/p>\n<p><b>Du:<\/b> Dies sind die beiden besten Optionen. Wenn diese nicht funktionieren, finden wir etwas, das am besten zu deinem Budget passt.<\/p>\n<p>Eine Option ist das 4er-Pack mit 40 Flaschen f\u00fcr 153,29*\u20ac + Versand.<\/p>\n<p>Aber wenn du die Ergebnisse wirklich beschleunigen und ein besseres Angebot willst, bekommst du f\u00fcr nur etwa 64,54 \u20ac mehr das 6er-Pack mit 60 Flaschen f\u00fcr 217,83\u20ac*, das hei\u00dft, du bekommst 3 Flaschen umsonst.<\/p>\n<p>Wenn du mir sagst, was du bevorzugst, kann ich dir einen Link zum Warenkorb schicken, damit du die Bestellung einfach abschlie\u00dfen kannst. Welches Paket passt am besten zu dir?<\/p>\n<p><b>Er\/sie: <\/b>Das 6er-Pack.<\/p>\n<p><b>Du: <\/b>Super, ich schicke gleich einen Link r\u00fcber. Schicke ihnen deinen vorgefertigten Empfohlenen Warenkorb \u00fcber dein Backoffice, IsaLife oder die Penny App. Schau dir <a href=\"https:\/\/eu.isafyi.com\/de\/registrieren-sie-neukunden-in-nur-zwei-minuten-mit-den-empfohlenen-warenkoerben-von-isalife\/\" target=\"_blank\" rel=\"noopener noreferrer\">diese Anleitung<\/a> an, um mehr dar\u00fcber zu erfahren, wie du Empfohlene Warenk\u00f6rbe erstellen und teilen kannst.<\/p>\n<\/div><div class=\"fusion-title title fusion-title-4 fusion-title-text fusion-title-size-one\" style=\"--awb-text-color:#a77666;--awb-margin-top-small:0px;--awb-margin-right-small:0px;--awb-margin-bottom-small:20px;--awb-margin-left-small:0px;--awb-font-size:2.5rem;\"><div class=\"title-sep-container title-sep-container-left fusion-no-large-visibility fusion-no-medium-visibility fusion-no-small-visibility\"><div class=\"title-sep sep- sep-solid\" style=\"border-color:#eeefee;\"><\/div><\/div><span class=\"awb-title-spacer fusion-no-large-visibility fusion-no-medium-visibility fusion-no-small-visibility\"><\/span><h1 class=\"fusion-title-heading title-heading-left fusion-responsive-typography-calculated\" style=\"font-family:&quot;DM Serif Display&quot;;font-style:normal;font-weight:400;margin:0;font-size:1em;--fontSize:40;line-height:1;\">Sobald er\/sie sich eingeschrieben hat:<\/h1><span class=\"awb-title-spacer\"><\/span><div class=\"title-sep-container title-sep-container-right\"><div class=\"title-sep sep- sep-solid\" style=\"border-color:#eeefee;\"><\/div><\/div><\/div><div class=\"fusion-text fusion-text-2\"><p><b>Du: <\/b>W\u00e4re es in Ordnung, wenn ich dich zu unseres Facebook-Gruppe hinzuf\u00fcge? Es gibt eine ganze Gemeinschaft von tollen Leuten, Energie und Ressourcen in dieser Gruppe.<\/p>\n<p><b>Er\/sie:<\/b> Klingt gro\u00dfartig.<\/p>\n<p><b>Du: <\/b>Super, mach ich sofort. Halte Ausschau nach der Gruppeneinladung. Wie w\u00fcrde es dir gefallen, wenn du deine n\u00e4chste Bestellung bezahlt bekommst? Wenn du deine Bestellung mit zwei Freunden teilst, kannst du bis zu 467 \u20ac\/509 \u20ac** verdienen.<\/p>\n<p>&nbsp;<\/p>\n<p style=\"padding-left: 40px;\"><b>WENN JA: <\/b><\/p>\n<p style=\"padding-left: 40px;\">Ich habe ein kleines Video, das erkl\u00e4rt, wie das funktioniert. Soll ich es hier einf\u00fcgen? Teile <span style=\"background-color: rgba(255, 255, 255, 0); color: var(--body_typography-color); font-family: var(--body_typography-font-family); font-size: var(--body_typography-font-size); font-style: var(--body_typography-font-style,normal); font-weight: var(--body_typography-font-weight); letter-spacing: var(--body_typography-letter-spacing);\"><a href=\"https:\/\/vimeo.com\/572574529\" target=\"_blank\" rel=\"noopener noreferrer\"><u>diesen Link<\/u><\/a> <\/span><span style=\"background-color: rgba(255, 255, 255, 0); color: var(--body_typography-color); font-family: var(--body_typography-font-family); font-size: var(--body_typography-font-size); font-style: var(--body_typography-font-style,normal); font-weight: var(--body_typography-font-weight); letter-spacing: var(--body_typography-letter-spacing);\">zum Video Mit Collagen Geld verdienen.<\/span><\/p>\n<p>&nbsp;<\/p>\n<p style=\"padding-left: 40px;\"><b> WENN NEIN: <span style=\"background-color: rgba(255, 255, 255, 0); color: var(--body_typography-color); font-family: var(--body_typography-font-family); font-size: var(--body_typography-font-size); font-style: var(--body_typography-font-style,normal); font-weight: var(--body_typography-font-weight); letter-spacing: var(--body_typography-letter-spacing);\">\u201eWie viel w\u00fcrde dich reizen?\u201c<\/span><\/b><\/p>\n<p><b>Er\/sie: <\/b>2.000 \u20ac<\/p>\n<p><b>Du:<\/b> Also, wenn ich dir einen Weg zeigen k\u00f6nnte, wie du mit diesem Produkt 2.000 \u20ac verdienen kannst, w\u00e4rst du daran interessiert, herauszufinden wie? (Oder wenn ich dir jemanden vorstellen k\u00f6nnte, der dir beibringen k\u00f6nnte, wie du 2.000 \u20ac durch das Teilen dieses Produkts verdienen kannst, w\u00e4rst du offen f\u00fcr ein Gespr\u00e4ch mit ihm\/ihr?)<\/p>\n<p><b>Er\/sie: <\/b>Ja<\/p>\n<p><b>Buche einen Zoom-Anruf (entweder alleine oder mit einem Unternehmenspartner). Nutze die <a href=\"https:\/\/isagenixbusiness.com\/wp-content\/uploads\/2021\/06\/4026_DE_de_Why_Isagenix_Opportunity_2906521.pptx\" target=\"_blank\" rel=\"noopener noreferrer\"><u>Opportunity Meeting Pr\u00e4sentation<\/u><\/a> , um mit ihnen \u00fcber die Verdienstm\u00f6glichkeiten mit Isagenix zu sprechen.<\/b><\/p>\n<\/div><\/div><\/div><div class=\"fusion-layout-column fusion_builder_column fusion-builder-column-3 fusion_builder_column_1_1 1_1 fusion-flex-column\" style=\"--awb-bg-size:cover;--awb-width-large:100%;--awb-margin-top-large:0px;--awb-spacing-right-large:1.92%;--awb-margin-bottom-large:20px;--awb-spacing-left-large:1.92%;--awb-width-medium:100%;--awb-order-medium:0;--awb-spacing-right-medium:1.92%;--awb-spacing-left-medium:1.92%;--awb-width-small:100%;--awb-order-small:0;--awb-spacing-right-small:1.92%;--awb-spacing-left-small:1.92%;\"><div class=\"fusion-column-wrapper fusion-column-has-shadow fusion-flex-justify-content-flex-start fusion-content-layout-column\"><div class=\"fusion-separator fusion-full-width-sep\" style=\"align-self: center;margin-left: auto;margin-right: auto;margin-top:2%;width:100%;\"><\/div><\/div><\/div><\/div><\/div><div class=\"fusion-fullwidth fullwidth-box fusion-builder-row-3 fusion-flex-container fusion-parallax-none nonhundred-percent-fullwidth non-hundred-percent-height-scrolling\" style=\"--awb-border-radius-top-left:0px;--awb-border-radius-top-right:0px;--awb-border-radius-bottom-right:0px;--awb-border-radius-bottom-left:0px;--awb-padding-top:22px;--awb-background-image:url(&quot;https:\/\/eu.isagenixbusiness.com\/wp-content\/uploads\/2020\/12\/Background-1-1-e1607442026599.png&quot;);--awb-background-size:cover;--awb-flex-wrap:wrap;\" ><div class=\"fusion-builder-row fusion-row fusion-flex-align-items-flex-start fusion-flex-content-wrap\" style=\"max-width:1497.6px;margin-left: calc(-4% \/ 2 );margin-right: calc(-4% \/ 2 );\"><div class=\"fusion-layout-column fusion_builder_column fusion-builder-column-4 fusion_builder_column_1_1 1_1 fusion-flex-column\" style=\"--awb-bg-size:cover;--awb-width-large:100%;--awb-margin-top-large:0px;--awb-spacing-right-large:1.92%;--awb-margin-bottom-large:20px;--awb-spacing-left-large:1.92%;--awb-width-medium:100%;--awb-order-medium:0;--awb-spacing-right-medium:1.92%;--awb-spacing-left-medium:1.92%;--awb-width-small:100%;--awb-order-small:0;--awb-spacing-right-small:1.92%;--awb-spacing-left-small:1.92%;\"><div class=\"fusion-column-wrapper fusion-column-has-shadow fusion-flex-justify-content-flex-start fusion-content-layout-column\"><div class=\"fusion-text fusion-text-3\"><p style=\"color: var(--awb-color1);\">*Der britische Preis basiert auf dem Preferred Customer Autoship und unterliegt Rundungsdifferenzen. Vergiss nicht zu \u00fcberpr\u00fcfen, ob du die richtigen Preise f\u00fcr das Land, in dem du verkaufst, verwendet hast. Bitte logge dich in dein Back Office ein, um die aktuellsten Produktangebote und Preise zu sehen.<\/p>\n<p style=\"color: var(--awb-color1);\">**Nur zur Veranschaulichung. Die Beispiele zeigen den maximalen Verdienst bei bestimmten Szenarien w\u00e4hrend des Aktionszeitraums in Kombination mit anderen Isagenix-Incentives und stellen keine Garantie dar. Isagenix gibt keine Garantie f\u00fcr Verdiensth\u00f6hen. Informationen \u00fcber die durchschnittlichen Verdienstm\u00f6glichkeiten findest du unter IsagenixEarnings.com.<\/p>\n<\/div><\/div><\/div><\/div><\/div><\/p>\n","protected":false},"excerpt":{"rendered":"","protected":false},"author":9877,"featured_media":0,"parent":0,"menu_order":0,"comment_status":"closed","ping_status":"closed","template":"100-width.php","meta":{"_acf_changed":false,"footnotes":""},"class_list":["post-124671","page","type-page","status-publish","hentry"],"acf":[],"_links":{"self":[{"href":"https:\/\/eu.isagenixbusiness.com\/de-eu\/wp-json\/wp\/v2\/pages\/124671","targetHints":{"allow":["GET"]}}],"collection":[{"href":"https:\/\/eu.isagenixbusiness.com\/de-eu\/wp-json\/wp\/v2\/pages"}],"about":[{"href":"https:\/\/eu.isagenixbusiness.com\/de-eu\/wp-json\/wp\/v2\/types\/page"}],"author":[{"embeddable":true,"href":"https:\/\/eu.isagenixbusiness.com\/de-eu\/wp-json\/wp\/v2\/users\/9877"}],"replies":[{"embeddable":true,"href":"https:\/\/eu.isagenixbusiness.com\/de-eu\/wp-json\/wp\/v2\/comments?post=124671"}],"version-history":[{"count":5,"href":"https:\/\/eu.isagenixbusiness.com\/de-eu\/wp-json\/wp\/v2\/pages\/124671\/revisions"}],"predecessor-version":[{"id":199561,"href":"https:\/\/eu.isagenixbusiness.com\/de-eu\/wp-json\/wp\/v2\/pages\/124671\/revisions\/199561"}],"wp:attachment":[{"href":"https:\/\/eu.isagenixbusiness.com\/de-eu\/wp-json\/wp\/v2\/media?parent=124671"}],"curies":[{"name":"wp","href":"https:\/\/api.w.org\/{rel}","templated":true}]}}