{"id":158578,"date":"2021-07-15T11:18:08","date_gmt":"2021-07-15T10:18:08","guid":{"rendered":"https:\/\/eu.isagenixbusiness.com\/how-to-handle-inbound-leads\/"},"modified":"2023-12-21T12:55:49","modified_gmt":"2023-12-21T12:55:49","slug":"how-to-handle-inbound-leads","status":"publish","type":"page","link":"https:\/\/eu.isagenixbusiness.com\/de-eu\/how-to-handle-inbound-leads\/","title":{"rendered":"How to handle inbound leads (Collagen Elixir\u2122 enrolment script)"},"content":{"rendered":"<p><div class=\"fusion-fullwidth fullwidth-box fusion-builder-row-1 fusion-flex-container fusion-parallax-none nonhundred-percent-fullwidth non-hundred-percent-height-scrolling\" style=\"--awb-background-position:center bottom;--awb-border-radius-top-left:0px;--awb-border-radius-top-right:0px;--awb-border-radius-bottom-right:0px;--awb-border-radius-bottom-left:0px;--awb-padding-top:0px;--awb-padding-bottom:0px;--awb-margin-bottom:0px;--awb-background-color:rgba(255,255,255,0.75);--awb-background-image:url(&quot;https:\/\/eu.isagenixbusiness.com\/wp-content\/uploads\/2020\/12\/Header-modulev2.png&quot;);--awb-background-size:cover;--awb-flex-wrap:wrap;\" ><div class=\"fusion-builder-row fusion-row fusion-flex-align-items-flex-start fusion-flex-justify-content-center fusion-flex-content-wrap\" style=\"max-width:1497.6px;margin-left: calc(-4% \/ 2 );margin-right: calc(-4% \/ 2 );\"><div class=\"fusion-layout-column fusion_builder_column fusion-builder-column-0 fusion_builder_column_1_1 1_1 fusion-flex-column\" style=\"--awb-padding-top:0.9840000000000089px;--awb-padding-bottom:0.9730000000000132px;--awb-bg-size:cover;--awb-width-large:100%;--awb-margin-top-large:0px;--awb-spacing-right-large:1.92%;--awb-margin-bottom-large:9px;--awb-spacing-left-large:1.92%;--awb-width-medium:100%;--awb-order-medium:0;--awb-spacing-right-medium:1.92%;--awb-spacing-left-medium:1.92%;--awb-width-small:100%;--awb-order-small:0;--awb-spacing-right-small:1.92%;--awb-spacing-left-small:1.92%;\"><div class=\"fusion-column-wrapper fusion-column-has-shadow fusion-flex-justify-content-flex-start fusion-content-layout-column\"><div class=\"fusion-separator fusion-full-width-sep\" style=\"align-self: flex-end;margin-left:auto;margin-top:10%;width:100%;\"><\/div><div class=\"fusion-builder-row fusion-builder-row-inner fusion-row fusion-flex-align-items-flex-start fusion-flex-justify-content-center fusion-flex-content-wrap\" style=\"--awb-flex-grow:0;--awb-flex-grow-medium:0;--awb-flex-grow-small:0;--awb-flex-shrink:0;--awb-flex-shrink-medium:0;--awb-flex-shrink-small:0;width:104% !important;max-width:104% !important;margin-left: calc(-4% \/ 2 );margin-right: calc(-4% \/ 2 );\"><div class=\"fusion-layout-column fusion_builder_column_inner fusion-builder-nested-column-0 fusion_builder_column_inner_1_2 1_2 fusion-flex-column\" style=\"--awb-bg-size:cover;--awb-width-large:50%;--awb-margin-top-large:0px;--awb-spacing-right-large:3.84%;--awb-margin-bottom-large:20px;--awb-spacing-left-large:3.84%;--awb-width-medium:100%;--awb-order-medium:0;--awb-spacing-right-medium:1.92%;--awb-spacing-left-medium:1.92%;--awb-width-small:100%;--awb-order-small:0;--awb-spacing-right-small:1.92%;--awb-spacing-left-small:1.92%;\"><div class=\"fusion-column-wrapper fusion-column-has-shadow fusion-flex-justify-content-flex-start fusion-content-layout-column\"><\/div><\/div><div class=\"fusion-layout-column fusion_builder_column_inner fusion-builder-nested-column-1 fusion_builder_column_inner_1_2 1_2 fusion-flex-column\" style=\"--awb-bg-size:cover;--awb-width-large:50%;--awb-margin-top-large:0px;--awb-spacing-right-large:3.84%;--awb-margin-bottom-large:20px;--awb-spacing-left-large:3.84%;--awb-width-medium:100%;--awb-order-medium:0;--awb-spacing-right-medium:1.92%;--awb-spacing-left-medium:1.92%;--awb-width-small:100%;--awb-order-small:0;--awb-spacing-right-small:1.92%;--awb-spacing-left-small:1.92%;\"><div class=\"fusion-column-wrapper fusion-column-has-shadow fusion-flex-justify-content-flex-start fusion-content-layout-column\"><\/div><\/div><\/div><div class=\"fusion-title title fusion-title-1 fusion-title-center fusion-title-text fusion-title-size-one\" style=\"--awb-margin-top-small:0px;--awb-margin-right-small:0px;--awb-margin-bottom-small:20px;--awb-margin-left-small:0px;--awb-font-size:3.5rem;\"><div class=\"title-sep-container title-sep-container-left\"><div class=\"title-sep sep- sep-solid\" style=\"border-color:#eeefee;\"><\/div><\/div><span class=\"awb-title-spacer\"><\/span><h1 class=\"fusion-title-heading title-heading-center fusion-responsive-typography-calculated\" style=\"font-family:&quot;DM Serif Display&quot;;font-style:normal;font-weight:400;margin:0;font-size:1em;--fontSize:56;line-height:1;\"><p style=\"text-align: center;\"><span style=\"color: #a77666; font-size: 1em; font-style: var(--h1_typography-font-style,normal); letter-spacing: var(--h1_typography-letter-spacing); background-color: rgba(255, 255, 255, 0);\">COLLAGEN <\/span><span style=\"color: #a77666; font-size: 1em; font-style: var(--h1_typography-font-style,normal); letter-spacing: var(--h1_typography-letter-spacing); background-color: rgba(255, 255, 255, 0); font-family: Montserrat;\">Elixir\u2122<\/span><\/p><\/h1><span class=\"awb-title-spacer\"><\/span><div class=\"title-sep-container title-sep-container-right\"><div class=\"title-sep sep- sep-solid\" style=\"border-color:#eeefee;\"><\/div><\/div><\/div><div class=\"fusion-title title fusion-title-2 fusion-title-center fusion-title-text fusion-title-size-two\" style=\"--awb-margin-top-small:0px;--awb-margin-right-small:0px;--awb-margin-bottom-small:20px;--awb-margin-left-small:0px;\"><div class=\"title-sep-container title-sep-container-left\"><div class=\"title-sep sep- sep-solid\" style=\"border-color:#eeefee;\"><\/div><\/div><span class=\"awb-title-spacer\"><\/span><h2 class=\"fusion-title-heading title-heading-center fusion-responsive-typography-calculated\" style=\"font-family:&quot;DM Serif Display&quot;;font-style:normal;font-weight:400;margin:0;--fontSize:32;line-height:1;\">Umgang mit Inbound-Leads (Collagen Elixir\u2122 Registrierungsskript)<\/h2><span class=\"awb-title-spacer\"><\/span><div class=\"title-sep-container title-sep-container-right\"><div class=\"title-sep sep- sep-solid\" style=\"border-color:#eeefee;\"><\/div><\/div><\/div><\/div><\/div><div class=\"fusion-layout-column fusion_builder_column fusion-builder-column-1 fusion_builder_column_1_2 1_2 fusion-flex-column\" style=\"--awb-bg-size:cover;--awb-width-large:50%;--awb-margin-top-large:0px;--awb-spacing-right-large:3.84%;--awb-margin-bottom-large:20px;--awb-spacing-left-large:3.84%;--awb-width-medium:100%;--awb-order-medium:0;--awb-spacing-right-medium:1.92%;--awb-spacing-left-medium:1.92%;--awb-width-small:100%;--awb-order-small:0;--awb-spacing-right-small:1.92%;--awb-spacing-left-small:1.92%;\"><div class=\"fusion-column-wrapper fusion-column-has-shadow fusion-flex-justify-content-flex-start fusion-content-layout-column\"><div class=\"fusion-builder-row fusion-builder-row-inner fusion-row fusion-flex-align-items-flex-start fusion-flex-justify-content-center fusion-flex-content-wrap\" style=\"--awb-flex-grow:0;--awb-flex-grow-medium:0;--awb-flex-grow-small:0;--awb-flex-shrink:0;--awb-flex-shrink-medium:0;--awb-flex-shrink-small:0;width:104% !important;max-width:104% !important;margin-left: calc(-4% \/ 2 );margin-right: calc(-4% \/ 2 );\"><div class=\"fusion-layout-column fusion_builder_column_inner fusion-builder-nested-column-2 fusion_builder_column_inner_1_1 1_1 fusion-flex-column\" style=\"--awb-bg-size:cover;--awb-width-large:100%;--awb-margin-top-large:0px;--awb-spacing-right-large:1.92%;--awb-margin-bottom-large:20px;--awb-spacing-left-large:1.92%;--awb-width-medium:100%;--awb-order-medium:0;--awb-spacing-right-medium:1.92%;--awb-spacing-left-medium:1.92%;--awb-width-small:100%;--awb-order-small:0;--awb-spacing-right-small:1.92%;--awb-spacing-left-small:1.92%;\"><div class=\"fusion-column-wrapper fusion-column-has-shadow fusion-flex-justify-content-flex-start fusion-content-layout-column\"><\/div><\/div><\/div><\/div><\/div><\/div><\/div><div class=\"fusion-fullwidth fullwidth-box fusion-builder-row-2 fusion-flex-container nonhundred-percent-fullwidth non-hundred-percent-height-scrolling\" style=\"--awb-border-radius-top-left:0px;--awb-border-radius-top-right:0px;--awb-border-radius-bottom-right:0px;--awb-border-radius-bottom-left:0px;--awb-flex-wrap:wrap;\" ><div class=\"fusion-builder-row fusion-row fusion-flex-align-items-flex-start fusion-flex-content-wrap\" style=\"max-width:1497.6px;margin-left: calc(-4% \/ 2 );margin-right: calc(-4% \/ 2 );\"><div class=\"fusion-layout-column fusion_builder_column fusion-builder-column-2 fusion_builder_column_1_1 1_1 fusion-flex-column\" style=\"--awb-bg-size:cover;--awb-width-large:100%;--awb-margin-top-large:0px;--awb-spacing-right-large:1.92%;--awb-margin-bottom-large:20px;--awb-spacing-left-large:1.92%;--awb-width-medium:100%;--awb-order-medium:0;--awb-spacing-right-medium:1.92%;--awb-spacing-left-medium:1.92%;--awb-width-small:100%;--awb-order-small:0;--awb-spacing-right-small:1.92%;--awb-spacing-left-small:1.92%;\"><div class=\"fusion-column-wrapper fusion-column-has-shadow fusion-flex-justify-content-flex-start fusion-content-layout-column\"><div class=\"fusion-title title fusion-title-3 fusion-title-text fusion-title-size-one\" style=\"--awb-text-color:#a77666;--awb-margin-top-small:0px;--awb-margin-right-small:0px;--awb-margin-bottom-small:20px;--awb-margin-left-small:0px;--awb-font-size:2.5rem;\"><div class=\"title-sep-container title-sep-container-left fusion-no-large-visibility fusion-no-medium-visibility fusion-no-small-visibility\"><div class=\"title-sep sep- sep-solid\" style=\"border-color:#eeefee;\"><\/div><\/div><span class=\"awb-title-spacer fusion-no-large-visibility fusion-no-medium-visibility fusion-no-small-visibility\"><\/span><h1 class=\"fusion-title-heading title-heading-left fusion-responsive-typography-calculated\" style=\"font-family:&quot;DM Serif Display&quot;;font-style:normal;font-weight:400;margin:0;font-size:1em;--fontSize:40;line-height:1;\">Skriptvorschlag f\u00fcr den Fall, dass dich jemand zu Collagen Elixir kontaktiert<\/h1><span class=\"awb-title-spacer\"><\/span><div class=\"title-sep-container title-sep-container-right\"><div class=\"title-sep sep- sep-solid\" style=\"border-color:#eeefee;\"><\/div><\/div><\/div><div class=\"fusion-text fusion-text-1\" style=\"--awb-text-transform:none;\"><p><b>Du:<\/b> \u201eWas ist Ihnen bei einem Produkts wichtig?\u201c<\/p>\n<p><b>Er\/sie<\/b><\/p>\n<p><b>Du: <\/b>\u201eDas ist gro\u00dfartig (wenn das stimmt \u2013 das ist mir auch sehr wichtig). Ich habe sogar ein kurzes Video, das das Produkt erkl\u00e4rt. Wann h\u00e4tten Sie 2 Minuten Zeit, um es sich anzusehen? (Sende <a href=\"https:\/\/vimeo.com\/569335749\" target=\"_blank\" rel=\"noopener noreferrer\">dieses Video <\/a>downloaden)<\/p>\n<p><b>Er\/Sie:<\/b> Ich kann es mir jetzt anschauen.<\/p>\n<p><b>Du: <\/b>Super. Sagen Sie Bescheid, wenn Sie fertig sind.<\/p>\n<p><b>Er\/Sie: <\/b>OK, Ich bin fertig<\/p>\n<p><b>Du (Wenn sie damit einverstanden sind, das Video anzuschauen)<\/b>: Haben Sie weitere Fragen, die ich Ihnen beantworten kann?<\/p>\n<p><b>Einw\u00e4nde bearbeiten\/Fragen beantworten <\/b>(<a href=\"https:\/\/eu.isafyi.com\/de\/collagen-elixir-haeufig-gestellte-fragen\/\" target=\"_blank\" rel=\"noopener noreferrer\">FAQs aus dem Toolkit verwenden<\/a>)<\/p>\n<p><b>Frage weiter:<\/b> \u201eGibt es noch weitere Fragen, die ich f\u00fcr Sie beantworten kann?\u201c<\/p>\n<p><b>Die Antwort: <\/b>Wie kann ich beginnen?<\/p>\n<p><b>Geschenkpakete (Du kannst <a href=\"https:\/\/brand.isagenix.com\/d\/8NjSgMufh41B\/product-media-library?product-name77=Collagen+Elixir\" target=\"_blank\" rel=\"noopener noreferrer\"><u>diese Bilder<\/u><\/a> und\/oder Folgendes per Text- oder Sprachnotiz verwenden)<\/b><\/p>\n<p>Dies sind die beiden besten Optionen. Wenn beide nicht passen, k\u00f6nnen wir etwas finden, das am besten zu Ihrem Budget passt.<\/p>\n<p>Die Ergebnisse, die Sie gesehen haben, stammen von Leuten, die 1-2 Flaschen pro Tag konsumieren. Sie k\u00f6nnen eine Packung mit 40 Flaschen f\u00fcr 153.29\u20ac + Versand kaufen. Oder Sie k\u00f6nnen 60 Flaschen f\u00fcr 217.83\u20ac + Versandkosten kaufen &#8211; so bekommen Sie 3 Flschen praktisch kostenlos. Welches Paket sagt Ihnen am meisten zu?<\/p>\n<p><b>Er\/Sie:<\/b> Das 6er-Pack<\/p>\n<p><b>Du (als Sprachnotiz senden):<\/b> Gro\u00dfartig, ich freue mich f\u00fcr Sie, dieses Produkt kennenzulernen, und Sie werden den Geschmack lieben. Ich habe einen Warenkorb f\u00fcr Sie zusammengestellt, hier ist der Link, Sie m\u00fcssen draufklicken und auschecken. Beim Auschecken sehen Sie etwas namens Autoship. Das ist unsere Abonnement- und Sparfunktion, die Ihnen hilft, den niedrigsten Preis zu erzielen. Denken Sie daran, Sie k\u00f6nnen das jederzeit anpassen und haben keine Verpflichtungen. Lassen Sie mich wissen, wenn Sie Fragen haben.<\/p>\n<p><i>In diesem Leitfaden finden <a href=\"https:\/\/eu.isafyi.com\/de\/registrieren-sie-neukunden-in-nur-zwei-minuten-mit-den-empfohlenen-warenkoerben-von-isalife\/\" target=\"_blank\" rel=\"noopener noreferrer\"><u>Sie weitere Informationen<\/u><\/a> zum Erstellen und Teilen empfohlener Warenk\u00f6rbe. <\/i><\/p>\n<\/div><div class=\"fusion-separator fusion-full-width-sep\" style=\"align-self: center;margin-left: auto;margin-right: auto;width:100%;\"><div class=\"fusion-separator-border sep-single\" style=\"--awb-height:20px;--awb-amount:20px;border-color:var(--awb-color4);border-top-width:0px;\"><\/div><\/div><div class=\"fusion-title title fusion-title-4 fusion-title-text fusion-title-size-one\" style=\"--awb-text-color:#a77666;--awb-margin-top-small:0px;--awb-margin-right-small:0px;--awb-margin-bottom-small:20px;--awb-margin-left-small:0px;--awb-font-size:2.5rem;\"><div class=\"title-sep-container title-sep-container-left fusion-no-large-visibility fusion-no-medium-visibility fusion-no-small-visibility\"><div class=\"title-sep sep- sep-solid\" style=\"border-color:#eeefee;\"><\/div><\/div><span class=\"awb-title-spacer fusion-no-large-visibility fusion-no-medium-visibility fusion-no-small-visibility\"><\/span><h1 class=\"fusion-title-heading title-heading-left fusion-responsive-typography-calculated\" style=\"font-family:&quot;DM Serif Display&quot;;font-style:normal;font-weight:400;margin:0;font-size:1em;--fontSize:40;line-height:1;\">Sobald er\/sie sich eingeschrieben hat:<\/h1><span class=\"awb-title-spacer\"><\/span><div class=\"title-sep-container title-sep-container-right\"><div class=\"title-sep sep- sep-solid\" style=\"border-color:#eeefee;\"><\/div><\/div><\/div><div class=\"fusion-text fusion-text-2\"><p><b>Du: <\/b>W\u00e4re es in Ordnung, wenn ich dich zu unseres Facebook-Gruppe hinzuf\u00fcge? Es gibt eine F\u00fclle von gro\u00dfartigen Personen, Energie und Ressourcen.<\/p>\n<p><b>Er\/sie: <\/b>Klingt gro\u00dfartig.<\/p>\n<p><b>Du: <\/b>Super, mach ich sofort. Halten Sie Ausschau nach der Gruppeneinladung. Wenn Sie Ihre Bestellung mit zwei Freunden teilen, k\u00f6nnen Sie bis zu 467 GBP\/509 EUR** verdienen.<\/p>\n<p><b>WENN JA: <\/b>Ich habe ein kleines Video, das erkl\u00e4rt, wie das funktioniert. Soll ich es hier einf\u00fcgen?<\/p>\n<p>Hier ist der Link zu dem Video:<a href=\"https:\/\/vimeo.com\/572574529\" target=\"_blank\" rel=\"noopener noreferrer\"> https:\/\/vimeo.com\/572574529<\/a><\/p>\n<p><b>WENN NEIN<\/b>::\u201eWie viel w\u00e4re f\u00fcr Sie interessant?\u201c<\/p>\n<p>Er\/sie: 2.000 GBP<\/p>\n<p>Du: \u201eWenn ich Ihnen also zeigen k\u00f6nnte, wie Sie 2.000GBPverdienen, indem Sie dieses Produkt weiterempfehlen, w\u00fcrden Sie sie das interessieren? (Oder wenn ich Ihnen jemanden vorstellen k\u00f6nnte, der Ihnen beibringen k\u00f6nnte, wie Sie jeweils 2.000 GBPdurch Empfehlung dieses Produkts verdienen, w\u00e4ren Sie bereit, mit der Person zu sprechen?)<\/p>\n<p>Er\/sie: Ja<\/p>\n<p style=\"font-size: 19px;\" data-fusion-font=\"true\"><b>Buche einen Zoom-Anruf (entweder alleine oder mit einem Unternehmenspartner). Nutze die <a href=\"https:\/\/isagenixbusiness.com\/wp-content\/uploads\/2021\/06\/4026_DE_de_Why_Isagenix_Opportunity_2906521.pptx\" target=\"_blank\" rel=\"noopener noreferrer\">Opportunity Meeting Pr\u00e4sentation<\/a> , um mit ihnen \u00fcber die Verdienstm\u00f6glichkeiten mit Isagenix zu sprechen.<\/b><\/p>\n<\/div><\/div><\/div><div class=\"fusion-layout-column fusion_builder_column fusion-builder-column-3 fusion_builder_column_1_1 1_1 fusion-flex-column\" style=\"--awb-bg-size:cover;--awb-width-large:100%;--awb-margin-top-large:0px;--awb-spacing-right-large:1.92%;--awb-margin-bottom-large:20px;--awb-spacing-left-large:1.92%;--awb-width-medium:100%;--awb-order-medium:0;--awb-spacing-right-medium:1.92%;--awb-spacing-left-medium:1.92%;--awb-width-small:100%;--awb-order-small:0;--awb-spacing-right-small:1.92%;--awb-spacing-left-small:1.92%;\"><div class=\"fusion-column-wrapper fusion-column-has-shadow fusion-flex-justify-content-flex-start fusion-content-layout-column\"><div class=\"fusion-separator fusion-full-width-sep\" style=\"align-self: center;margin-left: auto;margin-right: auto;margin-top:2%;width:100%;\"><\/div><\/div><\/div><\/div><\/div><div class=\"fusion-fullwidth fullwidth-box fusion-builder-row-3 fusion-flex-container fusion-parallax-none nonhundred-percent-fullwidth non-hundred-percent-height-scrolling\" style=\"--awb-border-radius-top-left:0px;--awb-border-radius-top-right:0px;--awb-border-radius-bottom-right:0px;--awb-border-radius-bottom-left:0px;--awb-padding-top:22px;--awb-background-image:url(&quot;https:\/\/eu.isagenixbusiness.com\/wp-content\/uploads\/2020\/12\/Background-1-1-e1607442026599.png&quot;);--awb-background-size:cover;--awb-flex-wrap:wrap;\" ><div class=\"fusion-builder-row fusion-row fusion-flex-align-items-flex-start fusion-flex-content-wrap\" style=\"max-width:1497.6px;margin-left: calc(-4% \/ 2 );margin-right: calc(-4% \/ 2 );\"><div class=\"fusion-layout-column fusion_builder_column fusion-builder-column-4 fusion_builder_column_1_1 1_1 fusion-flex-column\" style=\"--awb-bg-size:cover;--awb-width-large:100%;--awb-margin-top-large:0px;--awb-spacing-right-large:1.92%;--awb-margin-bottom-large:20px;--awb-spacing-left-large:1.92%;--awb-width-medium:100%;--awb-order-medium:0;--awb-spacing-right-medium:1.92%;--awb-spacing-left-medium:1.92%;--awb-width-small:100%;--awb-order-small:0;--awb-spacing-right-small:1.92%;--awb-spacing-left-small:1.92%;\"><div class=\"fusion-column-wrapper fusion-column-has-shadow fusion-flex-justify-content-flex-start fusion-content-layout-column\"><div class=\"fusion-text fusion-text-3\"><p style=\"color: var(--awb-color1);\">*Der britische Preis basiert auf dem Preferred Customer Autoship und unterliegt Rundungsdifferenzen. Vergiss nicht zu \u00fcberpr\u00fcfen, ob du die richtigen Preise f\u00fcr das Land, in dem du verkaufst, verwendet hast. Bitte logge dich in dein Back Office ein, um die aktuellsten Produktangebote und Preise zu sehen.<\/p>\n<p style=\"color: var(--awb-color1);\">**Nur zur Veranschaulichung. Die Beispiele zeigen den maximalen Verdienst bei bestimmten Szenarien w\u00e4hrend des Aktionszeitraums in Kombination mit anderen Isagenix-Incentives und stellen keine Garantie dar. Isagenix gibt keine Garantie f\u00fcr Verdiensth\u00f6hen. Informationen \u00fcber die durchschnittlichen Verdienstm\u00f6glichkeiten findest du unter IsagenixEarnings.com.<\/p>\n<\/div><\/div><\/div><\/div><\/div><\/p>\n","protected":false},"excerpt":{"rendered":"","protected":false},"author":9877,"featured_media":0,"parent":0,"menu_order":0,"comment_status":"closed","ping_status":"closed","template":"100-width.php","meta":{"_acf_changed":false,"footnotes":""},"class_list":["post-158578","page","type-page","status-publish","hentry"],"acf":[],"_links":{"self":[{"href":"https:\/\/eu.isagenixbusiness.com\/de-eu\/wp-json\/wp\/v2\/pages\/158578","targetHints":{"allow":["GET"]}}],"collection":[{"href":"https:\/\/eu.isagenixbusiness.com\/de-eu\/wp-json\/wp\/v2\/pages"}],"about":[{"href":"https:\/\/eu.isagenixbusiness.com\/de-eu\/wp-json\/wp\/v2\/types\/page"}],"author":[{"embeddable":true,"href":"https:\/\/eu.isagenixbusiness.com\/de-eu\/wp-json\/wp\/v2\/users\/9877"}],"replies":[{"embeddable":true,"href":"https:\/\/eu.isagenixbusiness.com\/de-eu\/wp-json\/wp\/v2\/comments?post=158578"}],"version-history":[{"count":4,"href":"https:\/\/eu.isagenixbusiness.com\/de-eu\/wp-json\/wp\/v2\/pages\/158578\/revisions"}],"predecessor-version":[{"id":199567,"href":"https:\/\/eu.isagenixbusiness.com\/de-eu\/wp-json\/wp\/v2\/pages\/158578\/revisions\/199567"}],"wp:attachment":[{"href":"https:\/\/eu.isagenixbusiness.com\/de-eu\/wp-json\/wp\/v2\/media?parent=158578"}],"curies":[{"name":"wp","href":"https:\/\/api.w.org\/{rel}","templated":true}]}}