{"id":161353,"date":"2022-08-23T17:04:36","date_gmt":"2022-08-23T16:04:36","guid":{"rendered":"https:\/\/eu.isagenixbusiness.com\/gala-awards\/"},"modified":"2023-03-14T13:24:56","modified_gmt":"2023-03-14T13:24:56","slug":"gala-awards","status":"publish","type":"page","link":"https:\/\/eu.isagenixbusiness.com\/de-eu\/gala-awards\/","title":{"rendered":"Gala Awards"},"content":{"rendered":"<p><div class=\"fusion-fullwidth fullwidth-box fusion-builder-row-1 fusion-flex-container fusion-parallax-none nonhundred-percent-fullwidth non-hundred-percent-height-scrolling\" style=\"--awb-background-blend-mode:overlay;--awb-border-radius-top-left:0px;--awb-border-radius-top-right:0px;--awb-border-radius-bottom-right:0px;--awb-border-radius-bottom-left:0px;--awb-min-height:450px;--awb-background-color:rgba(0,0,0,0);--awb-background-image:url(&quot;https:\/\/eu.isagenixbusiness.com\/wp-content\/uploads\/2022\/08\/Business-Banner.jpg&quot;);--awb-background-size:cover;--awb-flex-wrap:wrap;\" ><div class=\"fusion-builder-row fusion-row fusion-flex-align-items-center fusion-flex-align-content-center fusion-flex-justify-content-center fusion-flex-content-wrap\" style=\"max-width:1497.6px;margin-left: calc(-4% \/ 2 );margin-right: calc(-4% \/ 2 );\"><div class=\"fusion-layout-column fusion_builder_column fusion-builder-column-0 fusion_builder_column_1_1 1_1 fusion-flex-column fusion-flex-align-self-center\" style=\"--awb-bg-size:cover;--awb-width-large:100%;--awb-margin-top-large:0px;--awb-spacing-right-large:1.92%;--awb-margin-bottom-large:20px;--awb-spacing-left-large:1.92%;--awb-width-medium:100%;--awb-order-medium:0;--awb-spacing-right-medium:1.92%;--awb-spacing-left-medium:1.92%;--awb-width-small:100%;--awb-order-small:0;--awb-spacing-right-small:1.92%;--awb-spacing-left-small:1.92%;\"><div class=\"fusion-column-wrapper fusion-column-has-shadow fusion-flex-justify-content-center fusion-content-layout-column\"><\/div><\/div><\/div><\/div><div class=\"fusion-fullwidth fullwidth-box fusion-builder-row-2 nonhundred-percent-fullwidth non-hundred-percent-height-scrolling\" style=\"--awb-background-position:right center;--awb-border-radius-top-left:0px;--awb-border-radius-top-right:0px;--awb-border-radius-bottom-right:0px;--awb-border-radius-bottom-left:0px;--awb-padding-top:40px;--awb-padding-bottom:0px;--awb-background-color:#ffffff;--awb-flex-wrap:wrap;\" ><div class=\"fusion-builder-row fusion-row\"><div class=\"fusion-layout-column fusion_builder_column fusion-builder-column-1 fusion_builder_column_1_1 1_1 fusion-one-full fusion-column-first fusion-column-last\" style=\"--awb-bg-blend:overlay;--awb-bg-size:cover;--awb-margin-bottom:40px;\"><div class=\"fusion-column-wrapper fusion-flex-column-wrapper-legacy\"><div class=\"fusion-title title fusion-title-1 fusion-title-center fusion-title-text fusion-title-size-three\" style=\"--awb-margin-bottom:10px;--awb-margin-top-small:0px;--awb-margin-right-small:0px;--awb-margin-bottom-small:20px;--awb-margin-left-small:0px;--awb-font-size:37px;\"><div class=\"title-sep-container title-sep-container-left\"><div class=\"title-sep sep- sep-solid\" style=\"border-color:#eeefee;\"><\/div><\/div><span class=\"awb-title-spacer\"><\/span><h3 class=\"fusion-title-heading title-heading-center fusion-responsive-typography-calculated\" style=\"margin:0;font-size:1em;--fontSize:37;line-height:1.4;\"><h3>WIE WIRD MAN BEI DEN GALA AWARDS 2023 AUSGEZEICHNET<\/h3><\/h3><span class=\"awb-title-spacer\"><\/span><div class=\"title-sep-container title-sep-container-right\"><div class=\"title-sep sep- sep-solid\" style=\"border-color:#eeefee;\"><\/div><\/div><\/div><div class=\"fusion-text fusion-text-1\" style=\"--awb-text-transform:none;\"><div style=\"text-align: center;\">\n<p>Feier mit uns bei den Gala Awards, wo wir bekannt geben, wer unsere begehrten Auszeichnungen f\u00fcr die harte Arbeit und Erfolg im vergangenen Jahr erh\u00e4lt.<\/p>\n<p>DER QUALIFIAKTIONSZEITRAUM IST 24. OKTOBER 2022 BIS 23. JULI 2023<\/p>\n<\/div>\n<\/div><div class=\"fusion-sep-clear\"><\/div><div class=\"fusion-separator fusion-full-width-sep\" style=\"margin-left: auto;margin-right: auto;margin-bottom:30px;width:100%;\"><div class=\"fusion-separator-border sep-single\" style=\"--awb-height:20px;--awb-amount:20px;--awb-sep-color:var(--awb-color2);border-color:var(--awb-color2);border-top-width:3px;\"><\/div><\/div><div class=\"fusion-sep-clear\"><\/div><div class=\"fusion-text fusion-text-2\" style=\"--awb-text-transform:none;\"><h3><span style=\"color: var(--awb-color3);\"><b>Neue Crystal Executives<\/b><\/span><\/h3>\n<p>Crystal Executives sind hervorragende Gesch\u00e4ftsleute, die innerhalb der 180 Tage, seitdem sie Associate wurden, unheimlich viel erreicht haben. Um diesen Rang zu erklimmen, m\u00fcssen sie mindestens f\u00fcnf Personen in jedem Bein eingeschrieben und f\u00fcnf Personen in jedem Bein dabei geholfen haben, innerhalb von 180 Tagen den Rang eines Consultant zu erreichen.<\/p>\n<\/div><div class=\"fusion-text fusion-text-3\" style=\"--awb-text-transform:none;\"><h3><span style=\"color: var(--awb-color3);\"><b>Die 20 besten europ\u00e4ischen Verdiener (Top 20 Europe Income Earners)<\/b><\/span><\/h3>\n<p>Diese Auszeichnung dient als Dank an Ddich und als Anerkennung unserer Top 20 Verdiener in Europa, die unser Wachstum anf\u00fchren und sich f\u00fcr Isagenix in ganz Europa einsetzen.<\/p>\n<\/div><div class=\"fusion-text fusion-text-4\" style=\"--awb-text-transform:none;\"><h3><span style=\"color: var(--awb-color3);\"><b>Rising Star<\/b><\/span><\/h3>\n<p>Rising Star dient als Anerkennung von Executives oder Crystal Executives, die mindestens zweimal zwischen 2- und 6-Star Golden Circle in einem Award-Zeitraum im Rang aufgestiegen sind. (Um daf\u00fcr berechtigt zu sein, musst Du ein Executive oder Crystal Executive sein.)<\/p>\n<\/div><div class=\"fusion-text fusion-text-5\" style=\"--awb-text-transform:none;\"><h3><span style=\"color: var(--awb-color3);\"><b>Unsere 15 Top-Leader in Action<\/b><\/span><\/h3>\n<p>Der Name sagt es: Diese Auszeichnung dient als Anerkennung der Top 10 Punkte Verdiener aus dem Leader-in-Action-Programm. Business Builder sammeln Punkte f\u00fcr ihre pers\u00f6nlich eingeschriebenen Teammitglieder und Rangaufstiege (2PET), wof\u00fcr Einsatz und Bem\u00fchungen erforderlich sind. (M\u00fcssen bei Compliance ein gutes Ansehen haben.)<\/p>\n<\/div><div class=\"fusion-text fusion-text-6\" style=\"--awb-text-transform:none;\"><h3><span style=\"color: var(--awb-color3);\"><b>START 1000<\/b><\/span><\/h3>\n<p>Damit werden die ersten 1000 START Partner gefeiert, die den 3-Star Golden Circle Rang erreicht haben, der Dir die M\u00f6glichkeit gibt, mit Isagenix ein sechsstelliges Jahreseinkommen zu verdienen.* Die START 1000er werden von der Leidenschaft f\u00fcr unsere Produkte angetrieben, dem Engagement, anderen zu helfen, ihre Ziele zu erreichen, und der Vision, unsere globale &#8216;START Your Life&#8217; Bewegung voranzutreiben.<\/p>\n<\/div><div class=\"fusion-text fusion-text-7\" style=\"--awb-text-transform:none;\"><h3><span style=\"color: var(--awb-color3);\"><b>Top 3 F\u00fchrungskr\u00e4fte mit den meisten entwickelten Consultants<\/b><\/span><\/h3>\n<p>Mit dieser Auszeichnung werden die drei besten Associates auf dem europ\u00e4ischen Markt geehrt, die w\u00e4hrend des Qualifizierungszeitraums die meisten Consultants entwickelt haben.<\/p>\n<\/div><div class=\"fusion-text fusion-text-8\" style=\"--awb-text-transform:none;\"><h3><span style=\"color: var(--awb-color3);\"><b>Top 5 der aufstrebenden F\u00fchrungskr\u00e4fte 2023<\/b><\/span><\/h3>\n<p>Mit dieser Auszeichnung w\u00fcrdigen wir die f\u00fcnf europ\u00e4ischen Spitzenverdiener, die zwischen Februar und Juli 2023 eingestiegen sind und ihr Einkommenswachstum in diesem Zeitraum gesteigert haben.<\/p>\n<\/div><div class=\"fusion-clearfix\"><\/div><\/div><\/div><\/div><\/div><div class=\"fusion-fullwidth fullwidth-box fusion-builder-row-3 fusion-flex-container nonhundred-percent-fullwidth non-hundred-percent-height-scrolling\" style=\"--awb-border-radius-top-left:0px;--awb-border-radius-top-right:0px;--awb-border-radius-bottom-right:0px;--awb-border-radius-bottom-left:0px;--awb-flex-wrap:wrap;\" ><div class=\"fusion-builder-row fusion-row fusion-flex-align-items-flex-start fusion-flex-content-wrap\" style=\"max-width:1497.6px;margin-left: calc(-4% \/ 2 );margin-right: calc(-4% \/ 2 );\"><div class=\"fusion-layout-column fusion_builder_column fusion-builder-column-2 fusion_builder_column_1_1 1_1 fusion-flex-column\" style=\"--awb-bg-size:cover;--awb-width-large:100%;--awb-margin-top-large:0px;--awb-spacing-right-large:1.92%;--awb-margin-bottom-large:20px;--awb-spacing-left-large:1.92%;--awb-width-medium:100%;--awb-order-medium:0;--awb-spacing-right-medium:1.92%;--awb-spacing-left-medium:1.92%;--awb-width-small:100%;--awb-order-small:0;--awb-spacing-right-small:1.92%;--awb-spacing-left-small:1.92%;\"><div class=\"fusion-column-wrapper fusion-column-has-shadow fusion-flex-justify-content-flex-start fusion-content-layout-column\"><div class=\"fusion-text fusion-text-9\" style=\"--awb-text-transform:none;\"><p><span style=\"font-size: 11px;\" data-fusion-font=\"true\"><b>Bestimmungen und Voraussetzungen<\/b><\/span><\/p>\n<p><span style=\"font-size: 11px; background-color: rgba(255, 255, 255, 0); color: var(--body_typography-color); font-family: var(--body_typography-font-family); font-style: var(--body_typography-font-style,normal); font-weight: var(--body_typography-font-weight); letter-spacing: var(--body_typography-letter-spacing);\">Das gilt f\u00fcr alle Isagenix Associates in Europa. Alle Mitglieder m\u00fcssen in gutem Verh\u00e4ltnis zur Compliance stehen.<\/span><\/p>\n<p><span style=\"font-size: 11px;\" data-fusion-font=\"true\">Zwar ist der Award-Zeitraum der November 2022 bis Juli 2023, doch beruhen alle Daten auf dem Isagenix 4-4-5-Provisionskalender. Der offizielle Qualifikationszeitraum ist vom 24. Oktober 2022 &#8211; 23. Juli 2023.<\/span><\/p>\n<p><span style=\"font-size: 11px;\" data-fusion-font=\"true\">*Die M\u00f6glichkeit, im Rahmen des Isagenix-Verg\u00fctungsplans ein Verdienst zu erzielen, h\u00e4ngt von vielen Faktoren ab, wie z.B. den gesch\u00e4ftlichen, sozialen und vertrieblichen F\u00e4higkeiten des einzelnen Associates, seinem pers\u00f6nlichen Ehrgeiz und seiner Aktivit\u00e4t, der Verf\u00fcgbarkeit von Zeit und finanziellen Ressourcen und dem Zugang zu einem gro\u00dfen Netzwerk aus Familie, Freunden und Gesch\u00e4ftskontakten. Isagenix kann und will kein bestimmtes Verdienstniveau garantieren. Selbst Associates, die viel Zeit, Engagement und finanzielle Mittel aufwenden, k\u00f6nnen unter Umst\u00e4nden keinen nennenswerten Erfolg erzielen. Informationen zum durchschnittlichen Verdienst findest Du in der Ver\u00f6ffentlichung zum Verdienst von Isagenix unter IsagenixEarnings.com.<\/span><\/p>\n<\/div><\/div><\/div><\/div><\/div><\/p>\n","protected":false},"excerpt":{"rendered":"","protected":false},"author":9877,"featured_media":0,"parent":0,"menu_order":0,"comment_status":"closed","ping_status":"closed","template":"100-width.php","meta":{"_acf_changed":false,"footnotes":""},"class_list":["post-161353","page","type-page","status-publish","hentry"],"acf":[],"_links":{"self":[{"href":"https:\/\/eu.isagenixbusiness.com\/de-eu\/wp-json\/wp\/v2\/pages\/161353","targetHints":{"allow":["GET"]}}],"collection":[{"href":"https:\/\/eu.isagenixbusiness.com\/de-eu\/wp-json\/wp\/v2\/pages"}],"about":[{"href":"https:\/\/eu.isagenixbusiness.com\/de-eu\/wp-json\/wp\/v2\/types\/page"}],"author":[{"embeddable":true,"href":"https:\/\/eu.isagenixbusiness.com\/de-eu\/wp-json\/wp\/v2\/users\/9877"}],"replies":[{"embeddable":true,"href":"https:\/\/eu.isagenixbusiness.com\/de-eu\/wp-json\/wp\/v2\/comments?post=161353"}],"version-history":[{"count":7,"href":"https:\/\/eu.isagenixbusiness.com\/de-eu\/wp-json\/wp\/v2\/pages\/161353\/revisions"}],"predecessor-version":[{"id":192018,"href":"https:\/\/eu.isagenixbusiness.com\/de-eu\/wp-json\/wp\/v2\/pages\/161353\/revisions\/192018"}],"wp:attachment":[{"href":"https:\/\/eu.isagenixbusiness.com\/de-eu\/wp-json\/wp\/v2\/media?parent=161353"}],"curies":[{"name":"wp","href":"https:\/\/api.w.org\/{rel}","templated":true}]}}