{"id":192567,"date":"2022-09-28T15:25:36","date_gmt":"2022-09-28T14:25:36","guid":{"rendered":"https:\/\/eu.isagenixbusiness.com\/ystsr-script\/"},"modified":"2023-04-13T10:36:21","modified_gmt":"2023-04-13T09:36:21","slug":"ystsr-script","status":"publish","type":"page","link":"https:\/\/eu.isagenixbusiness.com\/de-eu\/ystsr-script\/","title":{"rendered":"Script &#8211; Your Share, They Share, Repeat"},"content":{"rendered":"<p><div class=\"fusion-fullwidth fullwidth-box fusion-builder-row-1 fusion-flex-container fusion-parallax-none nonhundred-percent-fullwidth non-hundred-percent-height-scrolling\" style=\"--awb-background-blend-mode:overlay;--awb-border-radius-top-left:0px;--awb-border-radius-top-right:0px;--awb-border-radius-bottom-right:0px;--awb-border-radius-bottom-left:0px;--awb-min-height:450px;--awb-background-color:rgba(0,0,0,0.5);--awb-background-image:url(&quot;https:\/\/eu.isagenixbusiness.com\/wp-content\/uploads\/2022\/02\/4836_NYKO-Basic-Training-Banner-e1641399730362.jpg&quot;);--awb-background-size:cover;--awb-flex-wrap:wrap;\" ><div class=\"fusion-builder-row fusion-row fusion-flex-align-items-center fusion-flex-align-content-center fusion-flex-justify-content-center fusion-flex-content-wrap\" style=\"max-width:1497.6px;margin-left: calc(-4% \/ 2 );margin-right: calc(-4% \/ 2 );\"><div class=\"fusion-layout-column fusion_builder_column fusion-builder-column-0 fusion_builder_column_1_1 1_1 fusion-flex-column fusion-flex-align-self-center\" style=\"--awb-bg-size:cover;--awb-width-large:100%;--awb-margin-top-large:0px;--awb-spacing-right-large:1.92%;--awb-margin-bottom-large:20px;--awb-spacing-left-large:1.92%;--awb-width-medium:100%;--awb-order-medium:0;--awb-spacing-right-medium:1.92%;--awb-spacing-left-medium:1.92%;--awb-width-small:100%;--awb-order-small:0;--awb-spacing-right-small:1.92%;--awb-spacing-left-small:1.92%;\"><div class=\"fusion-column-wrapper fusion-column-has-shadow fusion-flex-justify-content-center fusion-content-layout-column\"><div class=\"fusion-text fusion-text-1\" style=\"--awb-text-transform:none;--awb-text-color:#ffffff;\"><h1 class=\"\" style=\"text-align: center; color: #ffffff; --fontsize: 36; line-height: 1;\" data-fontsize=\"36\" data-lineheight=\"36px\">Du teilst, sie teilen, wiederholen\u2122<\/h1>\n<\/div><div class=\"fusion-text fusion-text-2\" style=\"--awb-text-transform:none;--awb-text-color:var(--awb-color1);\"><h2 style=\"text-align: center; color: var(--awb-color1);\">SCHRIFT<\/h2>\n<\/div><\/div><\/div><\/div><\/div><div class=\"fusion-fullwidth fullwidth-box fusion-builder-row-2 fusion-flex-container nonhundred-percent-fullwidth non-hundred-percent-height-scrolling\" style=\"--awb-border-radius-top-left:0px;--awb-border-radius-top-right:0px;--awb-border-radius-bottom-right:0px;--awb-border-radius-bottom-left:0px;--awb-padding-top:22px;--awb-flex-wrap:wrap;\" ><div class=\"fusion-builder-row fusion-row fusion-flex-align-items-flex-start fusion-flex-content-wrap\" style=\"max-width:1497.6px;margin-left: calc(-4% \/ 2 );margin-right: calc(-4% \/ 2 );\"><div class=\"fusion-layout-column fusion_builder_column fusion-builder-column-1 fusion_builder_column_1_1 1_1 fusion-flex-column\" style=\"--awb-bg-size:cover;--awb-width-large:100%;--awb-margin-top-large:0px;--awb-spacing-right-large:1.92%;--awb-margin-bottom-large:20px;--awb-spacing-left-large:1.92%;--awb-width-medium:100%;--awb-order-medium:0;--awb-spacing-right-medium:1.92%;--awb-spacing-left-medium:1.92%;--awb-width-small:100%;--awb-order-small:0;--awb-spacing-right-small:1.92%;--awb-spacing-left-small:1.92%;\"><div class=\"fusion-column-wrapper fusion-column-has-shadow fusion-flex-justify-content-flex-start fusion-content-layout-column\"><div class=\"fusion-text fusion-text-3\" style=\"--awb-text-transform:none;\"><h2 class=\"fusion-responsive-typography-calculated\" style=\"text-align: center; --fontsize: 32; line-height: 1;\" data-fontsize=\"32\" data-lineheight=\"32px\"><strong>Bereit, die Kunst des Wohlbefindens mit anderen zu teilen?<\/strong><\/h2>\n<p style=\"text-align: center;\">Dieses hilfreiche Skript soll Dir helfen, Dein bestehendes Gesch\u00e4ft zu maximieren und die Gesch\u00e4ftsm\u00f6glichkeit Deinen Partnern vorzustellen.<\/p>\n<\/div><\/div><\/div><\/div><\/div><div class=\"fusion-fullwidth fullwidth-box fusion-builder-row-3 fusion-flex-container nonhundred-percent-fullwidth non-hundred-percent-height-scrolling\" style=\"--awb-border-radius-top-left:0px;--awb-border-radius-top-right:0px;--awb-border-radius-bottom-right:0px;--awb-border-radius-bottom-left:0px;--awb-flex-wrap:wrap;\" ><div class=\"fusion-builder-row fusion-row fusion-flex-align-items-flex-start fusion-flex-content-wrap\" style=\"max-width:1497.6px;margin-left: calc(-4% \/ 2 );margin-right: calc(-4% \/ 2 );\"><div class=\"fusion-layout-column fusion_builder_column fusion-builder-column-2 fusion_builder_column_1_1 1_1 fusion-flex-column\" style=\"--awb-bg-size:cover;--awb-width-large:100%;--awb-margin-top-large:0px;--awb-spacing-right-large:1.92%;--awb-margin-bottom-large:20px;--awb-spacing-left-large:1.92%;--awb-width-medium:100%;--awb-order-medium:0;--awb-spacing-right-medium:1.92%;--awb-spacing-left-medium:1.92%;--awb-width-small:100%;--awb-order-small:0;--awb-spacing-right-small:1.92%;--awb-spacing-left-small:1.92%;\"><div class=\"fusion-column-wrapper fusion-column-has-shadow fusion-flex-justify-content-flex-start fusion-content-layout-column\"><div class=\"fusion-text fusion-text-4\"><p>Besonders spannend ist, dass Isagenix eine einfache M\u00f6glichkeit hat, Dir bei der Bezahlung Deiner Produkte zu helfen. Sie hei\u00dft <strong>&#8220;Du teilst, sie teilen, wiederholen&#8221;.<\/strong><\/p>\n<p>Wen kennst Du nun&#8230; der so tolle Ergebnisse wie Du haben m\u00f6chte?<\/p>\n<p>Es gibt Pakete f\u00fcr jedes Ziel und jedes Budget.<\/p>\n<p>Nehmen wir an, dass &lt;&#8230;&#8230;&#8230;.Name&#8230;&#8230;&#8230;.&gt; sich mit einer Produktbestellung von \u20ac200 (+Steuer) einschreibt, zahlt Isagenix Dir einen <a href=\"https:\/\/eu.isagenixbusiness.com\/de-eu\/20-pib\/\"><strong>Produkteinf\u00fchrungsbonus<\/strong><\/a> von \u20ac40, auch bekannt als PIB.<\/p>\n<p>Wenn Du Dich dann &lt;&#8230;&#8230;&#8230;.Name&#8230;&#8230;&#8230;.&gt; auch mit einer Produktbestellung von \u20ac300 (vor Steuern) einschreibst, zahlt Dir Isagenix einen weiteren PIB von \u20ac60.<\/p>\n<p>JETZT WIRD&#8217;S RICHTIG SPANNEND!<\/p>\n<p>Wenn Du das tust, steigst Du in die erste Leadership-Stufe auf und Isagenix zahlt Dir einen einmaligen Bonus von \u20ac44.<\/p>\n<p><strong>Du hast jetzt insgesamt 144 \u20ac verdient!<\/strong><\/p>\n<p>DAS NENNT MAN &#8220;DU TEILST&#8221;.<\/p>\n<p>Gemeinsam werden wir Deinen beiden Freunden helfen, genau das zu tun, was Du getan hast und die Isagenix-Produkte mit zwei Personen zu teilen.<\/p>\n<p>Und Du erh\u00e4ltst einen Bonus von 88 \u20ac daf\u00fcr, dass Du &lt;&#8230;&#8230;&#8230;.Name&#8230;&#8230;&#8230;.&gt; geholfen hast und einen weiteren Bonus von 88 \u20ac daf\u00fcr, dass Du &lt;&#8230;&#8230;&#8230;.Name&#8230;&#8230;&#8230;.&gt; geholfen hast.<\/p>\n<p>DAS NENNT MAN &#8220;SIE TEILEN&#8221;.<\/p>\n<p><strong>Bis zu diesem Punkt hast Du insgesamt 320 \u20ac verdient!<\/strong><\/p>\n<p>Wenn Du das innerhalb der ersten 60 Tage nach Deinem Beitritt als Associate tust, steigst Du in die zweite F\u00fchrungsebene auf und erh\u00e4ltst einen weiteren Bonus von 221 \u20ac.<\/p>\n<p>Das sind insgesamt 541 \u20ac. Du kannst dies einmal tun und f\u00fcr Deine Produkte bezahlt bekommen. Oder Du kannst es so oft &#8220;wiederholen&#8221;, wie Du m\u00f6chtest.<\/p>\n<p><strong>Wenn Du diese Schritte wiederholst, kann Dir das helfen, Deine Produkte jeden Monat bezahlt zu bekommen oder sogar ein Zusatzeinkommen aufzubauen. &#8216;Du teilst, sie teilen, wiederholen&#8217; ist nur der Anfang, das Verdienstpotenzial mit Isagenix ist unglaublich!<\/strong><\/p>\n<\/div><\/div><\/div><\/div><\/div><div class=\"fusion-fullwidth fullwidth-box fusion-builder-row-4 fusion-flex-container nonhundred-percent-fullwidth non-hundred-percent-height-scrolling\" style=\"--awb-border-radius-top-left:0px;--awb-border-radius-top-right:0px;--awb-border-radius-bottom-right:0px;--awb-border-radius-bottom-left:0px;--awb-flex-wrap:wrap;\" ><div class=\"fusion-builder-row fusion-row fusion-flex-align-items-flex-start fusion-flex-content-wrap\" style=\"max-width:1497.6px;margin-left: calc(-4% \/ 2 );margin-right: calc(-4% \/ 2 );\"><div class=\"fusion-layout-column fusion_builder_column fusion-builder-column-3 fusion_builder_column_1_1 1_1 fusion-flex-column\" style=\"--awb-bg-size:cover;--awb-width-large:100%;--awb-margin-top-large:0px;--awb-spacing-right-large:1.92%;--awb-margin-bottom-large:20px;--awb-spacing-left-large:1.92%;--awb-width-medium:100%;--awb-order-medium:0;--awb-spacing-right-medium:1.92%;--awb-spacing-left-medium:1.92%;--awb-width-small:100%;--awb-order-small:0;--awb-spacing-right-small:1.92%;--awb-spacing-left-small:1.92%;\"><div class=\"fusion-column-wrapper fusion-column-has-shadow fusion-flex-justify-content-flex-start fusion-content-layout-column\"><div class=\"fusion-text fusion-text-5\" style=\"--awb-font-size:10px;\"><p><em><b>Voraussetzungen und Bedingungen<\/b><\/em><\/p>\n<p><em>Associates sind berechtigt, einen einmaligen 20% Produkteinf\u00fchrungsbonus (PIB) zu erhalten, wenn ein neuer, pers\u00f6nlich eingeschriebener Partner direkt bei der Einschreibung in teilnehmenden M\u00e4rkten bei Isagenix bestellt. Der 20% PIB versteht sich exklusive aller Rabatte, Coupons, Gutschriften, Steuern und Versandkosten, die f\u00fcr die Erstbestellung gelten.<\/em><\/p>\n<p><em>Zu den Partnern z\u00e4hlen Associates und Kunden. Die Aktionsregeln k\u00f6nnen von Isagenix jederzeit und ohne vorherige Ank\u00fcndigung ge\u00e4ndert werden. Isagenix beh\u00e4lt sich das Recht vor, Anerkennungen oder andere Auszeichnungen anzupassen oder zu verweigern, um Versuche, die Regeln zu umgehen oder die Aktion zu manipulieren, zu verhindern oder zu korrigieren und um sicherzustellen, dass der Sinn der Aktion erreicht wird. Ausschlie\u00dflich g\u00fcltige Konten werden f\u00fcr den Erhalt eines PIBs ber\u00fccksichtigt. Dieselbe Kreditkarte kann ausschlie\u00dflich f\u00fcr maximal zwei Konten verwendet werden, um PIBs zu verdienen. Der Aktions-PIB von 20% wird ausschlie\u00dflich f\u00fcr Neukunden gezahlt, die in Europa, den USA, Kanada, Puerto Rico, Australien, Neuseeland, Japan und Mexiko einsteigen.<\/em><\/p>\n<\/div><div class=\"fusion-text fusion-text-6\" style=\"--awb-font-size:10px;\"><p><em><strong>VERDIENST-HAFTUNGSAUSSCHLUSS<\/strong><\/em><\/p>\n<p><em>Die M\u00f6glichkeit, im Rahmen des Isagenix-Verg\u00fctungsplans ein Einkommen zu erzielen, h\u00e4ngt von vielen Faktoren ab, u.a. von den gesch\u00e4ftlichen, sozialen und vertrieblichen F\u00e4higkeiten des einzelnen Teilnehmers, seinem pers\u00f6nlichen Ehrgeiz und seiner Aktivit\u00e4t, der Verf\u00fcgbarkeit von Zeit und finanziellen Ressourcen und dem Zugang zu einem gro\u00dfen Netzwerk von Familie, Freunden und Gesch\u00e4ftskontakten. Isagenix kann und will kein bestimmtes Einkommensniveau garantieren. Selbst Teilnehmer, die viel Zeit, M\u00fche und pers\u00f6nliche Mittel investieren, k\u00f6nnen m\u00f6glicherweise keinen nennenswerten Erfolg erzielen. Informationen zum durchschnittlichen Verdienst findest du in der Isagenix-Verdienst\u00fcbersicht unter IsagenixEarnings.com.<\/em><\/p>\n<\/div><\/div><\/div><\/div><\/div><\/p>\n","protected":false},"excerpt":{"rendered":"","protected":false},"author":9877,"featured_media":0,"parent":0,"menu_order":0,"comment_status":"closed","ping_status":"closed","template":"100-width.php","meta":{"_acf_changed":false,"footnotes":""},"class_list":["post-192567","page","type-page","status-publish","hentry"],"acf":[],"_links":{"self":[{"href":"https:\/\/eu.isagenixbusiness.com\/de-eu\/wp-json\/wp\/v2\/pages\/192567","targetHints":{"allow":["GET"]}}],"collection":[{"href":"https:\/\/eu.isagenixbusiness.com\/de-eu\/wp-json\/wp\/v2\/pages"}],"about":[{"href":"https:\/\/eu.isagenixbusiness.com\/de-eu\/wp-json\/wp\/v2\/types\/page"}],"author":[{"embeddable":true,"href":"https:\/\/eu.isagenixbusiness.com\/de-eu\/wp-json\/wp\/v2\/users\/9877"}],"replies":[{"embeddable":true,"href":"https:\/\/eu.isagenixbusiness.com\/de-eu\/wp-json\/wp\/v2\/comments?post=192567"}],"version-history":[{"count":2,"href":"https:\/\/eu.isagenixbusiness.com\/de-eu\/wp-json\/wp\/v2\/pages\/192567\/revisions"}],"predecessor-version":[{"id":192576,"href":"https:\/\/eu.isagenixbusiness.com\/de-eu\/wp-json\/wp\/v2\/pages\/192567\/revisions\/192576"}],"wp:attachment":[{"href":"https:\/\/eu.isagenixbusiness.com\/de-eu\/wp-json\/wp\/v2\/media?parent=192567"}],"curies":[{"name":"wp","href":"https:\/\/api.w.org\/{rel}","templated":true}]}}