{"id":203533,"date":"2024-03-21T09:00:27","date_gmt":"2024-03-21T09:00:27","guid":{"rendered":"https:\/\/eu.isagenixbusiness.com\/?page_id=203533"},"modified":"2024-03-21T09:11:06","modified_gmt":"2024-03-21T09:11:06","slug":"22-anniversary-promo","status":"publish","type":"page","link":"https:\/\/eu.isagenixbusiness.com\/de-eu\/22-anniversary-promo\/","title":{"rendered":"Anniversary Promo 2024"},"content":{"rendered":"<p><div class=\"fusion-fullwidth fullwidth-box fusion-builder-row-1 fusion-flex-container has-pattern-background has-mask-background fusion-parallax-none nonhundred-percent-fullwidth non-hundred-percent-height-scrolling\" style=\"--awb-background-blend-mode:overlay;--awb-border-radius-top-left:0px;--awb-border-radius-top-right:0px;--awb-border-radius-bottom-right:0px;--awb-border-radius-bottom-left:0px;--awb-min-height:450px;--awb-background-color:rgba(0,0,0,0.5);--awb-background-image:url(&quot;https:\/\/eu.isagenixbusiness.com\/wp-content\/uploads\/2023\/03\/dotcom-ABO-Banner-MD-1224x551-min.jpg&quot;);--awb-background-size:cover;--awb-flex-wrap:wrap;\" ><div class=\"fusion-builder-row fusion-row fusion-flex-align-items-center fusion-flex-align-content-center fusion-flex-justify-content-center fusion-flex-content-wrap\" style=\"max-width:1497.6px;margin-left: calc(-4% \/ 2 );margin-right: calc(-4% \/ 2 );\"><div class=\"fusion-layout-column fusion_builder_column fusion-builder-column-0 fusion-flex-column fusion-flex-align-self-center\" style=\"--awb-bg-size:cover;--awb-width-large:auto;--awb-margin-top-large:0px;--awb-spacing-right-large:2%;--awb-margin-bottom-large:20px;--awb-spacing-left-large:2%;--awb-width-medium:100%;--awb-order-medium:0;--awb-spacing-right-medium:1.92%;--awb-spacing-left-medium:1.92%;--awb-width-small:100%;--awb-order-small:0;--awb-spacing-right-small:1.92%;--awb-spacing-left-small:1.92%;\" data-scroll-devices=\"small-visibility,medium-visibility,large-visibility\"><div class=\"fusion-column-wrapper fusion-column-has-shadow fusion-flex-justify-content-center fusion-content-layout-column\"><div class=\"fusion-title title fusion-title-1 fusion-title-text fusion-title-size-one\" style=\"--awb-text-color:var(--awb-color1);--awb-margin-top-small:0px;--awb-margin-right-small:0px;--awb-margin-bottom-small:20px;--awb-margin-left-small:0px;\"><div class=\"title-sep-container title-sep-container-left fusion-no-large-visibility fusion-no-medium-visibility fusion-no-small-visibility\"><div class=\"title-sep sep- sep-solid\" style=\"border-color:#eeefee;\"><\/div><\/div><span class=\"awb-title-spacer fusion-no-large-visibility fusion-no-medium-visibility fusion-no-small-visibility\"><\/span><h1 class=\"fusion-title-heading title-heading-left fusion-responsive-typography-calculated\" style=\"margin:0;--fontSize:36;line-height:1;\"><h1 class=\"fusion-responsive-typography-calculated\" style=\"text-align: center;\" data-fontsize=\"36\" data-lineheight=\"36px\"><strong>Heute ist unser Jahrestag!<\/strong><\/h1><\/h1><span class=\"awb-title-spacer\"><\/span><div class=\"title-sep-container title-sep-container-right\"><div class=\"title-sep sep- sep-solid\" style=\"border-color:#eeefee;\"><\/div><\/div><\/div><div class=\"fusion-text fusion-text-1\" style=\"--awb-text-color:var(--awb-color1);\"><p style=\"text-align: center;\">Feiere mit uns und erhalte bis zu 10% Rabatt<\/p>\n<\/div><\/div><\/div><\/div><\/div><div class=\"fusion-fullwidth fullwidth-box fusion-builder-row-2 fusion-flex-container has-pattern-background has-mask-background nonhundred-percent-fullwidth non-hundred-percent-height-scrolling\" style=\"--awb-border-radius-top-left:0px;--awb-border-radius-top-right:0px;--awb-border-radius-bottom-right:0px;--awb-border-radius-bottom-left:0px;--awb-padding-top:23px;--awb-background-color:#f5e7cd;--awb-flex-wrap:wrap;\" ><div class=\"fusion-builder-row fusion-row fusion-flex-align-items-flex-start fusion-flex-content-wrap\" style=\"max-width:1497.6px;margin-left: calc(-4% \/ 2 );margin-right: calc(-4% \/ 2 );\"><div class=\"fusion-layout-column fusion_builder_column fusion-builder-column-1 fusion_builder_column_1_1 1_1 fusion-flex-column\" style=\"--awb-bg-size:cover;--awb-width-large:100%;--awb-margin-top-large:2px;--awb-spacing-right-large:1.92%;--awb-margin-bottom-large:2px;--awb-spacing-left-large:1.92%;--awb-width-medium:100%;--awb-order-medium:0;--awb-spacing-right-medium:1.92%;--awb-spacing-left-medium:1.92%;--awb-width-small:100%;--awb-order-small:0;--awb-spacing-right-small:1.92%;--awb-spacing-left-small:1.92%;\" data-scroll-devices=\"small-visibility,medium-visibility,large-visibility\"><div class=\"fusion-column-wrapper fusion-column-has-shadow fusion-flex-justify-content-center fusion-content-layout-column\"><div class=\"fusion-text fusion-text-2\"><h3 style=\"text-align: center;\">Dieses Wochenende wird Isagenix 22 Jahre alt und wir m\u00f6chten, dass sich jeder als Teil der Party f\u00fchlt. Vom 21. bis 25. M\u00e4rz k\u00f6nnen sowohl Bestandskunden als auch Neukunden bis zu 10% Rabatt auf alle Produkte und GRATIS Versand* erhalten. Wirf einen Blick in deinen Einkaufswagen und sieh dir die unglaublichen Produkte an, auf die du schon lange ein Auge geworfen hast, denn jetzt ist der perfekte Zeitpunkt, um bei Wellness kr\u00e4ftig zu sparen.<\/h3>\n<\/div><\/div><\/div><\/div><\/div><div class=\"fusion-fullwidth fullwidth-box fusion-builder-row-3 fusion-flex-container has-pattern-background has-mask-background nonhundred-percent-fullwidth non-hundred-percent-height-scrolling\" style=\"--awb-border-radius-top-left:0px;--awb-border-radius-top-right:0px;--awb-border-radius-bottom-right:0px;--awb-border-radius-bottom-left:0px;--awb-padding-top:2%;--awb-padding-bottom:2%;--awb-flex-wrap:wrap;\" ><div class=\"fusion-builder-row fusion-row fusion-flex-align-items-center fusion-flex-justify-content-center fusion-flex-content-wrap\" style=\"max-width:1497.6px;margin-left: calc(-4% \/ 2 );margin-right: calc(-4% \/ 2 );\"><div class=\"fusion-layout-column fusion_builder_column fusion-builder-column-2 fusion_builder_column_1_3 1_3 fusion-flex-column\" style=\"--awb-bg-size:cover;--awb-width-large:33.333333333333%;--awb-margin-top-large:0px;--awb-spacing-right-large:5.76%;--awb-margin-bottom-large:20px;--awb-spacing-left-large:5.76%;--awb-width-medium:100%;--awb-order-medium:0;--awb-spacing-right-medium:1.92%;--awb-spacing-left-medium:1.92%;--awb-width-small:100%;--awb-order-small:0;--awb-spacing-right-small:1.92%;--awb-spacing-left-small:1.92%;\" data-scroll-devices=\"small-visibility,medium-visibility,large-visibility\"><div class=\"fusion-column-wrapper fusion-column-has-shadow fusion-flex-justify-content-flex-start fusion-content-layout-column\"><div class=\"fusion-image-element \" style=\"--awb-caption-title-font-family:var(--h2_typography-font-family);--awb-caption-title-font-weight:var(--h2_typography-font-weight);--awb-caption-title-font-style:var(--h2_typography-font-style);--awb-caption-title-size:var(--h2_typography-font-size);--awb-caption-title-transform:var(--h2_typography-text-transform);--awb-caption-title-line-height:var(--h2_typography-line-height);--awb-caption-title-letter-spacing:var(--h2_typography-letter-spacing);\"><span class=\" fusion-imageframe imageframe-none imageframe-1 hover-type-none\"><img decoding=\"async\" width=\"940\" height=\"788\" title=\"Anniversary Promotion &#8211; DE &#8211; FB\" src=\"https:\/\/eu.isagenixbusiness.com\/wp-content\/uploads\/2024\/03\/Anniversary-Promotion-DE-FB.png\" alt class=\"img-responsive wp-image-203501\" srcset=\"https:\/\/eu.isagenixbusiness.com\/wp-content\/uploads\/2024\/03\/Anniversary-Promotion-DE-FB-200x168.png 200w, https:\/\/eu.isagenixbusiness.com\/wp-content\/uploads\/2024\/03\/Anniversary-Promotion-DE-FB-400x335.png 400w, https:\/\/eu.isagenixbusiness.com\/wp-content\/uploads\/2024\/03\/Anniversary-Promotion-DE-FB-600x503.png 600w, https:\/\/eu.isagenixbusiness.com\/wp-content\/uploads\/2024\/03\/Anniversary-Promotion-DE-FB-800x671.png 800w, https:\/\/eu.isagenixbusiness.com\/wp-content\/uploads\/2024\/03\/Anniversary-Promotion-DE-FB.png 940w\" sizes=\"(max-width: 1024px) 100vw, (max-width: 640px) 100vw, 600px\" \/><\/span><\/div><\/div><\/div><div class=\"fusion-layout-column fusion_builder_column fusion-builder-column-3 fusion_builder_column_1_3 1_3 fusion-flex-column fusion-flex-align-self-center\" style=\"--awb-bg-size:cover;--awb-width-large:33.333333333333%;--awb-margin-top-large:0px;--awb-spacing-right-large:5.76%;--awb-margin-bottom-large:20px;--awb-spacing-left-large:5.76%;--awb-width-medium:100%;--awb-order-medium:0;--awb-spacing-right-medium:1.92%;--awb-spacing-left-medium:1.92%;--awb-width-small:100%;--awb-order-small:0;--awb-spacing-right-small:1.92%;--awb-spacing-left-small:1.92%;\" data-scroll-devices=\"small-visibility,medium-visibility,large-visibility\"><div class=\"fusion-column-wrapper fusion-column-has-shadow fusion-flex-justify-content-center fusion-content-layout-column\"><div class=\"fusion-text fusion-text-3\"><h2 class=\"fusion-responsive-typography-calculated\" data-fusion-font=\"true\" data-fusion-google-font=\"DM Serif Display\" data-fusion-google-variant=\"400\" data-fontsize=\"32\" data-lineheight=\"32px\"><strong>So funktioniert es:<\/strong><\/h2>\n<\/div><div class=\"fusion-text fusion-text-4\"><h3 class=\"fusion-responsive-typography-calculated\" data-fontsize=\"20\" data-lineheight=\"28px\"><b>Bestandskunden<\/b><\/h3>\n<ol>\n<li><strong>GRATIS VERSAND<\/strong>, wenn du 200 \u20ac ausgibst.<\/li>\n<li><strong>10% Rabatt + GRATIS VERSAND<\/strong>, wenn du \u20ac250 ausgibst<\/li>\n<\/ol>\n<\/div><div class=\"fusion-text fusion-text-5\"><h3 class=\"fusion-responsive-typography-calculated\" data-fontsize=\"20\" data-lineheight=\"28px\"><strong>Neue Kunden, die mit Abo-Belohnungen einsteigen<\/strong><\/h3>\n<div>\n<ol>\n<li>In deiner Erstbestellung enthalten, erhalte kostenlosen Versand (Dies ist immer in deiner Erstbestellung enthalten!)<\/li>\n<li><strong>10% Rabatt<\/strong> bei einem Umsatz von 250\u20ac (vor Steuern)<\/li>\n<\/ol>\n<\/div>\n<\/div><\/div><\/div><\/div><\/div><div class=\"fusion-fullwidth fullwidth-box fusion-builder-row-4 fusion-flex-container has-pattern-background has-mask-background nonhundred-percent-fullwidth non-hundred-percent-height-scrolling\" style=\"--awb-border-radius-top-left:0px;--awb-border-radius-top-right:0px;--awb-border-radius-bottom-right:0px;--awb-border-radius-bottom-left:0px;--awb-padding-top:21px;--awb-background-color:#fdfbf8;--awb-flex-wrap:wrap;\" ><div class=\"fusion-builder-row fusion-row fusion-flex-align-items-flex-start fusion-flex-content-wrap\" style=\"max-width:1497.6px;margin-left: calc(-4% \/ 2 );margin-right: calc(-4% \/ 2 );\"><div class=\"fusion-layout-column fusion_builder_column fusion-builder-column-4 fusion_builder_column_1_1 1_1 fusion-flex-column fusion-flex-align-self-center\" style=\"--awb-bg-size:cover;--awb-width-large:100%;--awb-margin-top-large:0px;--awb-spacing-right-large:1.92%;--awb-margin-bottom-large:20px;--awb-spacing-left-large:1.92%;--awb-width-medium:100%;--awb-order-medium:0;--awb-spacing-right-medium:1.92%;--awb-spacing-left-medium:1.92%;--awb-width-small:100%;--awb-order-small:0;--awb-spacing-right-small:1.92%;--awb-spacing-left-small:1.92%;\" data-scroll-devices=\"small-visibility,medium-visibility,large-visibility\"><div class=\"fusion-column-wrapper fusion-column-has-shadow fusion-flex-justify-content-flex-start fusion-content-layout-column\"><div class=\"fusion-text fusion-text-6\"><div class=\"fusion-text fusion-text-7\">\n<h2 class=\"fusion-responsive-typography-calculated\" data-fusion-font=\"true\" data-fusion-google-font=\"DM Serif Display\" data-fusion-google-variant=\"400\" data-fontsize=\"32\" data-lineheight=\"32px\"><strong>Was Du wissen musst<\/strong><\/h2>\n<\/div>\n<\/div><\/div><\/div><div class=\"fusion-layout-column fusion_builder_column fusion-builder-column-5 fusion_builder_column_1_2 1_2 fusion-flex-column fusion-flex-align-self-center\" style=\"--awb-bg-size:cover;--awb-width-large:50%;--awb-margin-top-large:0px;--awb-spacing-right-large:3.84%;--awb-margin-bottom-large:20px;--awb-spacing-left-large:3.84%;--awb-width-medium:100%;--awb-order-medium:0;--awb-spacing-right-medium:1.92%;--awb-spacing-left-medium:1.92%;--awb-width-small:100%;--awb-order-small:0;--awb-spacing-right-small:1.92%;--awb-spacing-left-small:1.92%;\" data-scroll-devices=\"small-visibility,medium-visibility,large-visibility\"><div class=\"fusion-column-wrapper fusion-column-has-shadow fusion-flex-justify-content-flex-start fusion-content-layout-column\"><div class=\"fusion-text fusion-text-7\"><h3><strong>Bestehende Partner<\/strong><\/h3>\n<ul>\n<li class=\"ewa-rteLine\">Um sich f\u00fcr den kostenlosen Versand zu qualifizieren, muss ein bestehender Kunde eine Produktbestellung im Wert von \u00a3163\/ \u20ac200 oder mehr aufgeben.<\/li>\n<li class=\"ewa-rteLine\">Um sich f\u00fcr kostenlosen Versand und 10% Rabatt zu qualifizieren, muss ein bestehender Kunde eine Produktbestellung von \u00a3227\/ \u20ac250 oder mehr aufgeben.<\/li>\n<\/ul>\n<\/div><div class=\"fusion-text fusion-text-8\"><h3><strong>Neue Kunden:<\/strong><\/h3>\n<ul>\n<li>Um sich f\u00fcr den kostenlosen Versand zu qualifizieren, muss ein neuer Kunde eine Erstbestellung aufgeben (diese ist immer in Ihrer Erstbestellung enthalten!)<\/li>\n<li>Um sich f\u00fcr kostenlosen Versand und 10% Rabatt zu qualifizieren, muss ein neuer Kunde eine Produktbestellung im Wert von \u00a3227\/\u20ac250 oder mehr aufgeben und zum Zeitpunkt des Beitritts Abo-Belohnungen ausw\u00e4hlen<\/li>\n<\/ul>\n<\/div><\/div><\/div><div class=\"fusion-layout-column fusion_builder_column fusion-builder-column-6 fusion_builder_column_1_3 1_3 fusion-flex-column fusion-flex-align-self-flex-start\" style=\"--awb-bg-size:cover;--awb-width-large:33.333333333333%;--awb-margin-top-large:0px;--awb-spacing-right-large:5.76%;--awb-margin-bottom-large:20px;--awb-spacing-left-large:5.76%;--awb-width-medium:100%;--awb-order-medium:0;--awb-spacing-right-medium:1.92%;--awb-spacing-left-medium:1.92%;--awb-width-small:100%;--awb-order-small:0;--awb-spacing-right-small:1.92%;--awb-spacing-left-small:1.92%;\" data-scroll-devices=\"small-visibility,medium-visibility,large-visibility\"><div class=\"fusion-column-wrapper fusion-column-has-shadow fusion-flex-justify-content-flex-start fusion-content-layout-column\"><div class=\"fusion-text fusion-text-9\"><ul>\n<li>Die Aktion l\u00e4uft vom 21. M\u00e4rz 2023 (12 a.m. ET) bis zum 25. M\u00e4rz 2023 (11:59 p.m. ET)<\/li>\n<li>Mindestbetr\u00e4ge exklusive Versand<\/li>\n<li>Der Rabatt wird automatisch auf alle qualifizierenden Bestellungen angewendet.<\/li>\n<li>Die Gesamt-BV werden reduziert, sobald der Rabatt auf die Bestellung angewendet wird.<\/li>\n<li>Der Rabatt kann mit My Pack kombiniert werden<\/li>\n<li>Offen f\u00fcr alle Partner in Europa<\/li>\n<\/ul>\n<\/div><\/div><\/div><div class=\"fusion-layout-column fusion_builder_column fusion-builder-column-7 fusion_builder_column_1_3 1_3 fusion-flex-column fusion-flex-align-self-center\" style=\"--awb-bg-size:cover;--awb-width-large:33.333333333333%;--awb-margin-top-large:0px;--awb-spacing-right-large:5.76%;--awb-margin-bottom-large:20px;--awb-spacing-left-large:5.76%;--awb-width-medium:100%;--awb-order-medium:0;--awb-spacing-right-medium:1.92%;--awb-spacing-left-medium:1.92%;--awb-width-small:100%;--awb-order-small:0;--awb-spacing-right-small:1.92%;--awb-spacing-left-small:1.92%;\" data-scroll-devices=\"small-visibility,medium-visibility,large-visibility\"><div class=\"fusion-column-wrapper fusion-column-has-shadow fusion-flex-justify-content-flex-start fusion-content-layout-column\"><\/div><\/div><\/div><\/div><div class=\"fusion-fullwidth fullwidth-box fusion-builder-row-5 fusion-flex-container has-pattern-background has-mask-background nonhundred-percent-fullwidth non-hundred-percent-height-scrolling\" style=\"--awb-border-radius-top-left:0px;--awb-border-radius-top-right:0px;--awb-border-radius-bottom-right:0px;--awb-border-radius-bottom-left:0px;--awb-padding-top:23px;--awb-flex-wrap:wrap;\" ><div class=\"fusion-builder-row fusion-row fusion-flex-align-items-flex-start fusion-flex-content-wrap\" style=\"max-width:1497.6px;margin-left: calc(-4% \/ 2 );margin-right: calc(-4% \/ 2 );\"><div class=\"fusion-layout-column fusion_builder_column fusion-builder-column-8 fusion_builder_column_1_1 1_1 fusion-flex-column\" style=\"--awb-bg-size:cover;--awb-width-large:100%;--awb-margin-top-large:0px;--awb-spacing-right-large:1.92%;--awb-margin-bottom-large:20px;--awb-spacing-left-large:1.92%;--awb-width-medium:100%;--awb-order-medium:0;--awb-spacing-right-medium:1.92%;--awb-spacing-left-medium:1.92%;--awb-width-small:100%;--awb-order-small:0;--awb-spacing-right-small:1.92%;--awb-spacing-left-small:1.92%;\"><div class=\"fusion-column-wrapper fusion-column-has-shadow fusion-flex-justify-content-flex-start fusion-content-layout-column\"><div class=\"fusion-text fusion-text-10\"><p><strong style=\"font-size: 10px;\" data-fusion-font=\"true\">Terms &amp; Conditions<\/strong><\/p>\n<p>*Das Angebot ist in Isagenix-M\u00e4rkten in ganz Europa g\u00fcltig. Neue Partner erhalten kostenlosen Versand f\u00fcr ihre Erstbestellung von Treuebonus-Bestellungen in beliebiger H\u00f6he und einen einmaligen Rabatt von 10% auf Bestellungen ab \u00a3227\/\u20ac250+. Bestehende Partner erhalten kostenlosen Versand ab einem Bestellwert von \u00a3163\/200\u20ac und einen einmaligen Rabatt von 10 % ab einem Bestellwert von 227\u20ac bzw. 250\u20ac. Mindestbetr\u00e4ge sind nicht enthalten, und der Rabatt wird nicht auf den Versand angewendet. Die Angebote gelten f\u00fcr Bestellungen, die zwischen dem 21. M\u00e4rz 2024 um 12 Uhr ET und dem 25. M\u00e4rz 2024 um 23:59 Uhr ET aufgegeben werden.<\/p>\n<\/div><\/div><\/div><\/div><\/div><\/p>\n","protected":false},"excerpt":{"rendered":"","protected":false},"author":9877,"featured_media":0,"parent":0,"menu_order":0,"comment_status":"closed","ping_status":"closed","template":"100-width.php","meta":{"_acf_changed":false,"footnotes":""},"class_list":["post-203533","page","type-page","status-publish","hentry"],"acf":[],"_links":{"self":[{"href":"https:\/\/eu.isagenixbusiness.com\/de-eu\/wp-json\/wp\/v2\/pages\/203533","targetHints":{"allow":["GET"]}}],"collection":[{"href":"https:\/\/eu.isagenixbusiness.com\/de-eu\/wp-json\/wp\/v2\/pages"}],"about":[{"href":"https:\/\/eu.isagenixbusiness.com\/de-eu\/wp-json\/wp\/v2\/types\/page"}],"author":[{"embeddable":true,"href":"https:\/\/eu.isagenixbusiness.com\/de-eu\/wp-json\/wp\/v2\/users\/9877"}],"replies":[{"embeddable":true,"href":"https:\/\/eu.isagenixbusiness.com\/de-eu\/wp-json\/wp\/v2\/comments?post=203533"}],"version-history":[{"count":7,"href":"https:\/\/eu.isagenixbusiness.com\/de-eu\/wp-json\/wp\/v2\/pages\/203533\/revisions"}],"predecessor-version":[{"id":203547,"href":"https:\/\/eu.isagenixbusiness.com\/de-eu\/wp-json\/wp\/v2\/pages\/203533\/revisions\/203547"}],"wp:attachment":[{"href":"https:\/\/eu.isagenixbusiness.com\/de-eu\/wp-json\/wp\/v2\/media?parent=203533"}],"curies":[{"name":"wp","href":"https:\/\/api.w.org\/{rel}","templated":true}]}}