{"id":205015,"date":"2024-06-20T11:35:14","date_gmt":"2024-06-20T10:35:14","guid":{"rendered":"https:\/\/eu.isagenixbusiness.com\/?page_id=205015"},"modified":"2024-06-21T16:13:55","modified_gmt":"2024-06-21T15:13:55","slug":"upgraded-recommended-carts-experience","status":"publish","type":"page","link":"https:\/\/eu.isagenixbusiness.com\/de-eu\/upgraded-recommended-carts-experience\/","title":{"rendered":"Upgraded Recommended Carts Experience"},"content":{"rendered":"<p><div class=\"fusion-fullwidth fullwidth-box fusion-builder-row-1 fusion-flex-container has-pattern-background has-mask-background fusion-parallax-none hundred-percent-fullwidth non-hundred-percent-height-scrolling fusion-no-small-visibility\" style=\"--awb-background-blend-mode:overlay;--awb-border-radius-top-left:0px;--awb-border-radius-top-right:0px;--awb-border-radius-bottom-right:0px;--awb-border-radius-bottom-left:0px;--awb-padding-right:0px;--awb-padding-left:0px;--awb-min-height:200px;--awb-background-color:rgba(0,0,0,0.5);--awb-background-image:url(&quot;https:\/\/isagenixbusiness.com\/wp-content\/uploads\/2022\/01\/4836_NYKO-Basic-Training-Banner-e1641399730362.jpg&quot;);--awb-background-size:cover;--awb-flex-wrap:wrap;\" ><div class=\"fusion-builder-row fusion-row fusion-flex-align-items-center fusion-flex-align-content-center fusion-flex-justify-content-center fusion-flex-content-wrap\" style=\"width:104% !important;max-width:104% !important;margin-left: calc(-4% \/ 2 );margin-right: calc(-4% \/ 2 );\"><div class=\"fusion-layout-column fusion_builder_column fusion-builder-column-0 fusion_builder_column_1_1 1_1 fusion-flex-column\" style=\"--awb-bg-color:rgba(255,255,255,0);--awb-bg-color-hover:rgba(255,255,255,0);--awb-bg-size:cover;--awb-border-color:#000000;--awb-border-top:0;--awb-border-right:0;--awb-border-bottom:0;--awb-border-left:0;--awb-border-style:solid;--awb-width-large:100%;--awb-margin-top-large:0px;--awb-spacing-right-large:1.92%;--awb-margin-bottom-large:0px;--awb-spacing-left-large:1.92%;--awb-width-medium:100%;--awb-order-medium:0;--awb-spacing-right-medium:1.92%;--awb-spacing-left-medium:1.92%;--awb-width-small:100%;--awb-order-small:0;--awb-spacing-right-small:1.92%;--awb-spacing-left-small:1.92%;\"><div class=\"fusion-column-wrapper fusion-column-has-shadow fusion-flex-justify-content-flex-start fusion-content-layout-column\"><div class=\"fusion-title title fusion-title-1 fusion-title-center fusion-title-text fusion-title-size-one\" style=\"--awb-text-color:#ffffff;--awb-margin-bottom:5px;--awb-margin-top-small:0px;--awb-margin-right-small:0px;--awb-margin-bottom-small:20px;--awb-margin-left-small:0px;\"><div class=\"title-sep-container title-sep-container-left\"><div class=\"title-sep sep- sep-solid\" style=\"border-color:#eeefee;\"><\/div><\/div><span class=\"awb-title-spacer\"><\/span><h1 class=\"fusion-title-heading title-heading-center fusion-responsive-typography-calculated\" style=\"margin:0;--fontSize:36;line-height:1;\">Verbessertes System mit empfohlenen Einkaufswagen<\/h1><span class=\"awb-title-spacer\"><\/span><div class=\"title-sep-container title-sep-container-right\"><div class=\"title-sep sep- sep-solid\" style=\"border-color:#eeefee;\"><\/div><\/div><\/div><\/div><\/div><\/div><\/div><div class=\"fusion-fullwidth fullwidth-box fusion-builder-row-2 fusion-flex-container has-pattern-background has-mask-background fusion-parallax-none hundred-percent-fullwidth non-hundred-percent-height-scrolling fusion-no-medium-visibility fusion-no-large-visibility\" style=\"--awb-background-blend-mode:overlay;--awb-border-radius-top-left:0px;--awb-border-radius-top-right:0px;--awb-border-radius-bottom-right:0px;--awb-border-radius-bottom-left:0px;--awb-padding-right:0px;--awb-padding-left:0px;--awb-padding-right-small:0px;--awb-padding-left-small:0px;--awb-min-height:200px;--awb-background-color:rgba(0,0,0,0.5);--awb-background-image:url(&quot;https:\/\/isagenixbusiness.com\/wp-content\/uploads\/2022\/01\/4836_NYKO-Basic-Training-Banner-e1641399730362.jpg&quot;);--awb-background-size:cover;--awb-flex-wrap:wrap;--awb-flex-wrap-small:wrap;\" ><div class=\"fusion-builder-row fusion-row fusion-flex-align-items-center fusion-flex-align-content-center fusion-flex-justify-content-center fusion-flex-content-wrap\" style=\"width:104% !important;max-width:104% !important;margin-left: calc(-4% \/ 2 );margin-right: calc(-4% \/ 2 );\"><div class=\"fusion-layout-column fusion_builder_column fusion-builder-column-1 fusion_builder_column_1_1 1_1 fusion-flex-column fusion-flex-align-self-center\" style=\"--awb-bg-color:rgba(255,255,255,0);--awb-bg-color-hover:rgba(255,255,255,0);--awb-bg-size:cover;--awb-border-color:#000000;--awb-border-top:0;--awb-border-right:0;--awb-border-bottom:0;--awb-border-left:0;--awb-border-style:solid;--awb-width-large:100%;--awb-margin-top-large:0px;--awb-spacing-right-large:1.92%;--awb-margin-bottom-large:0px;--awb-spacing-left-large:1.92%;--awb-width-medium:100%;--awb-order-medium:0;--awb-spacing-right-medium:1.92%;--awb-spacing-left-medium:1.92%;--awb-width-small:100%;--awb-order-small:0;--awb-spacing-right-small:1.92%;--awb-spacing-left-small:1.92%;\" data-scroll-devices=\"small-visibility,medium-visibility,large-visibility\"><div class=\"fusion-column-wrapper fusion-column-has-shadow fusion-flex-justify-content-center fusion-content-layout-column\"><div class=\"fusion-title title fusion-title-2 fusion-title-center fusion-title-text fusion-title-size-one\" style=\"--awb-text-color:#ffffff;--awb-margin-bottom:5px;--awb-margin-top-small:0px;--awb-margin-right-small:0px;--awb-margin-bottom-small:0px;--awb-margin-left-small:0px;\"><div class=\"title-sep-container title-sep-container-left\"><div class=\"title-sep sep- sep-solid\" style=\"border-color:#eeefee;\"><\/div><\/div><span class=\"awb-title-spacer\"><\/span><h1 class=\"fusion-title-heading title-heading-center fusion-responsive-typography-calculated\" style=\"margin:0;--fontSize:36;line-height:1;\">Verbessertes System mit empfohlenen Einkaufswagen<\/h1><span class=\"awb-title-spacer\"><\/span><div class=\"title-sep-container title-sep-container-right\"><div class=\"title-sep sep- sep-solid\" style=\"border-color:#eeefee;\"><\/div><\/div><\/div><\/div><\/div><\/div><\/div><div class=\"fusion-fullwidth fullwidth-box fusion-builder-row-3 fusion-flex-container has-pattern-background has-mask-background nonhundred-percent-fullwidth non-hundred-percent-height-scrolling\" style=\"--awb-border-radius-top-left:0px;--awb-border-radius-top-right:0px;--awb-border-radius-bottom-right:0px;--awb-border-radius-bottom-left:0px;--awb-padding-top:30px;--awb-padding-right:30px;--awb-padding-bottom:30px;--awb-padding-left:30px;--awb-background-color:#fdfbf8;--awb-flex-wrap:wrap;\" ><div class=\"fusion-builder-row fusion-row fusion-flex-align-items-center fusion-flex-justify-content-center fusion-flex-content-wrap\" style=\"max-width:1497.6px;margin-left: calc(-4% \/ 2 );margin-right: calc(-4% \/ 2 );\"><div class=\"fusion-layout-column fusion_builder_column fusion-builder-column-2 fusion_builder_column_1_1 1_1 fusion-flex-column\" style=\"--awb-bg-size:cover;--awb-width-large:100%;--awb-margin-top-large:0px;--awb-spacing-right-large:1.92%;--awb-margin-bottom-large:20px;--awb-spacing-left-large:1.92%;--awb-width-medium:100%;--awb-order-medium:0;--awb-spacing-right-medium:1.92%;--awb-spacing-left-medium:1.92%;--awb-width-small:100%;--awb-order-small:0;--awb-spacing-right-small:1.92%;--awb-spacing-left-small:1.92%;\"><div class=\"fusion-column-wrapper fusion-column-has-shadow fusion-flex-justify-content-flex-start fusion-content-layout-column\"><div class=\"fusion-title title fusion-title-3 fusion-title-center fusion-title-text fusion-title-size-one\" style=\"--awb-text-color:#54585a;--awb-margin-top:5px;--awb-margin-bottom:15px;--awb-margin-top-small:0px;--awb-margin-right-small:0px;--awb-margin-bottom-small:20px;--awb-margin-left-small:0px;--awb-font-size:54px;\"><div class=\"title-sep-container title-sep-container-left\"><div class=\"title-sep sep- sep-solid\" style=\"border-color:#eeefee;\"><\/div><\/div><span class=\"awb-title-spacer\"><\/span><h1 class=\"fusion-title-heading title-heading-center fusion-responsive-typography-calculated\" style=\"font-family:&quot;DM Serif Display&quot;;font-style:normal;font-weight:400;margin:0;letter-spacing:0px;font-size:1em;--fontSize:54;line-height:1.2;\"><h2 class=\"fusion-responsive-typography-calculated\" data-fontsize=\"20\" data-lineheight=\"28px\">G\u00fcltig ab 26. Juni<\/h2><\/h1><span class=\"awb-title-spacer\"><\/span><div class=\"title-sep-container title-sep-container-right\"><div class=\"title-sep sep- sep-solid\" style=\"border-color:#eeefee;\"><\/div><\/div><\/div><div style=\"text-align:center;\"><a class=\"fusion-button button-flat fusion-button-default-size button-default fusion-button-default button-1 fusion-button-default-span fusion-button-default-type\" target=\"_self\" href=\"https:\/\/vimeo.com\/952473689\/4bb5f067af\"><span class=\"fusion-button-text awb-button__text awb-button__text--default\">Demo Video [DE]<\/span><\/a><\/div><\/div><\/div><div class=\"fusion-layout-column fusion_builder_column fusion-builder-column-3 fusion_builder_column_1_2 1_2 fusion-flex-column fusion-flex-align-self-flex-start\" style=\"--awb-bg-size:cover;--awb-width-large:50%;--awb-margin-top-large:0px;--awb-spacing-right-large:3.84%;--awb-margin-bottom-large:20px;--awb-spacing-left-large:3.84%;--awb-width-medium:100%;--awb-order-medium:0;--awb-spacing-right-medium:1.92%;--awb-spacing-left-medium:1.92%;--awb-width-small:100%;--awb-order-small:0;--awb-spacing-right-small:1.92%;--awb-spacing-left-small:1.92%;\" data-scroll-devices=\"small-visibility,medium-visibility,large-visibility\"><div class=\"fusion-column-wrapper fusion-column-has-shadow fusion-flex-justify-content-flex-start fusion-content-layout-column\"><div class=\"fusion-text fusion-text-1 sm-text-align-center fusion-text-no-margin\" style=\"--awb-content-alignment:left;--awb-font-size:16px;--awb-line-height:1.2em;--awb-text-color:#54585a;--awb-margin-top:10px;--awb-margin-right:10px;--awb-margin-bottom:10px;--awb-margin-left:10px;\"><p><strong>G\u00fcltig ab 26. Juni 2024 (<span data-contrast=\"none\"><a href=\"https:\/\/mytime.io\/5pm\/CEST\">5PM CEST<\/a><\/span>)<\/strong><\/p>\n<p>Reibungslosere Checkout-, Einschreibe- und Empfehlungsabl\u00e4ufe werden eingef\u00fchrt &#8211; in den USA getestet und jetzt weltweit ausgerollt.<\/p>\n<p>Hier ist, was ihr wissen m\u00fcsst:<\/p>\n<ul>\n<li>Bestehende Links zu empfohlenen Einkausfwagen k\u00f6nnen noch bis zum 23. Juli geteilt und f\u00fcr die Einschreibung verwendet werden.<\/li>\n<li>Ab dem 24. Juli werden Kunden, die auf einen alten Link zum empfohlenen Einkaufswagen zugreifen, auf die replizierte Website des Partners weitergeleitet.<\/li>\n<li>Das Erstellen von neuen Links zu empfohlenen Einkaufswagen ist in der alten Version nicht mehr m\u00f6glich.<\/li>\n<\/ul>\n<\/div><div class=\"fusion-image-element \" style=\"text-align:center;--awb-caption-title-font-family:var(--h2_typography-font-family);--awb-caption-title-font-weight:var(--h2_typography-font-weight);--awb-caption-title-font-style:var(--h2_typography-font-style);--awb-caption-title-size:var(--h2_typography-font-size);--awb-caption-title-transform:var(--h2_typography-text-transform);--awb-caption-title-line-height:var(--h2_typography-line-height);--awb-caption-title-letter-spacing:var(--h2_typography-letter-spacing);\"><span class=\" fusion-imageframe imageframe-none imageframe-1 hover-type-none\"><img decoding=\"async\" width=\"1094\" height=\"494\" title=\"A-screenshot-of-a-computer-screen__Description-automatically-generated\" src=\"https:\/\/eu.isagenixbusiness.com\/wp-content\/uploads\/2024\/06\/A-screenshot-of-a-computer-screen__Description-automatically-generated.png\" alt class=\"img-responsive wp-image-204999\" srcset=\"https:\/\/eu.isagenixbusiness.com\/wp-content\/uploads\/2024\/06\/A-screenshot-of-a-computer-screen__Description-automatically-generated-200x90.png 200w, https:\/\/eu.isagenixbusiness.com\/wp-content\/uploads\/2024\/06\/A-screenshot-of-a-computer-screen__Description-automatically-generated-400x181.png 400w, https:\/\/eu.isagenixbusiness.com\/wp-content\/uploads\/2024\/06\/A-screenshot-of-a-computer-screen__Description-automatically-generated-600x271.png 600w, https:\/\/eu.isagenixbusiness.com\/wp-content\/uploads\/2024\/06\/A-screenshot-of-a-computer-screen__Description-automatically-generated-800x361.png 800w, https:\/\/eu.isagenixbusiness.com\/wp-content\/uploads\/2024\/06\/A-screenshot-of-a-computer-screen__Description-automatically-generated.png 1094w\" sizes=\"(max-width: 1024px) 100vw, (max-width: 640px) 100vw, 800px\" \/><\/span><\/div><\/div><\/div><\/div><\/div><div class=\"fusion-fullwidth fullwidth-box fusion-builder-row-4 fusion-flex-container has-pattern-background has-mask-background nonhundred-percent-fullwidth non-hundred-percent-height-scrolling\" style=\"--awb-border-radius-top-left:0px;--awb-border-radius-top-right:0px;--awb-border-radius-bottom-right:0px;--awb-border-radius-bottom-left:0px;--awb-padding-top:30px;--awb-padding-bottom:30px;--awb-padding-left:30px;--awb-background-color:#fdfbf8;--awb-flex-wrap:wrap;\" ><div class=\"fusion-builder-row fusion-row fusion-flex-align-items-center fusion-flex-justify-content-center fusion-flex-content-wrap\" style=\"max-width:1497.6px;margin-left: calc(-4% \/ 2 );margin-right: calc(-4% \/ 2 );\"><div class=\"fusion-layout-column fusion_builder_column fusion-builder-column-4 fusion_builder_column_1_1 1_1 fusion-flex-column\" style=\"--awb-bg-size:cover;--awb-width-large:100%;--awb-margin-top-large:0px;--awb-spacing-right-large:1.92%;--awb-margin-bottom-large:20px;--awb-spacing-left-large:1.92%;--awb-width-medium:100%;--awb-order-medium:0;--awb-spacing-right-medium:1.92%;--awb-spacing-left-medium:1.92%;--awb-width-small:100%;--awb-order-small:0;--awb-spacing-right-small:1.92%;--awb-spacing-left-small:1.92%;\"><div class=\"fusion-column-wrapper fusion-column-has-shadow fusion-flex-justify-content-flex-start fusion-content-layout-column\"><div class=\"fusion-title title fusion-title-4 fusion-title-center fusion-title-text fusion-title-size-one\" style=\"--awb-text-color:#54585a;--awb-margin-top:5px;--awb-margin-bottom:15px;--awb-margin-top-small:0px;--awb-margin-right-small:0px;--awb-margin-bottom-small:20px;--awb-margin-left-small:0px;--awb-font-size:54px;\"><div class=\"title-sep-container title-sep-container-left\"><div class=\"title-sep sep- sep-solid\" style=\"border-color:#eeefee;\"><\/div><\/div><span class=\"awb-title-spacer\"><\/span><h1 class=\"fusion-title-heading title-heading-center fusion-responsive-typography-calculated\" style=\"font-family:&quot;DM Serif Display&quot;;font-style:normal;font-weight:400;margin:0;letter-spacing:0px;font-size:1em;--fontSize:54;line-height:1.2;\"><h2 class=\"fusion-responsive-typography-calculated\" data-fontsize=\"20\" data-lineheight=\"28px\">Empfohlener Warenkorb \u00dcbergangszeitraum<\/h2><\/h1><span class=\"awb-title-spacer\"><\/span><div class=\"title-sep-container title-sep-container-right\"><div class=\"title-sep sep- sep-solid\" style=\"border-color:#eeefee;\"><\/div><\/div><\/div><\/div><\/div><div class=\"fusion-layout-column fusion_builder_column fusion-builder-column-5 fusion_builder_column_1_2 1_2 fusion-flex-column fusion-flex-align-self-flex-start\" style=\"--awb-bg-size:cover;--awb-width-large:50%;--awb-margin-top-large:0px;--awb-spacing-right-large:3.84%;--awb-margin-bottom-large:20px;--awb-spacing-left-large:3.84%;--awb-width-medium:100%;--awb-order-medium:0;--awb-spacing-right-medium:1.92%;--awb-spacing-left-medium:1.92%;--awb-width-small:100%;--awb-order-small:0;--awb-spacing-right-small:1.92%;--awb-spacing-left-small:1.92%;\" data-scroll-devices=\"small-visibility,medium-visibility,large-visibility\"><div class=\"fusion-column-wrapper fusion-column-has-shadow fusion-flex-justify-content-flex-start fusion-content-layout-column\"><div class=\"fusion-text fusion-text-2 sm-text-align-center fusion-text-no-margin\" style=\"--awb-content-alignment:left;--awb-font-size:16px;--awb-line-height:1.2em;--awb-text-color:#54585a;--awb-margin-top:10px;--awb-margin-bottom:10px;\"><p><strong>G\u00fcltig vom 26. Juni bis 1. Juli 2024<\/strong><\/p>\n<ul>\n<li>Es werden Updates f\u00fcr die IsaLife-App vorgenommen.<\/li>\n<\/ul>\n<p><strong>G\u00fcltig ab 24. Juli 2024:<\/strong><\/p>\n<ul>\n<li>\u00dcbertrage alle Einkaufswagen, die du behalten m\u00f6chtest, von deinen alten empfohlenen Einkausfwagen auf das neue System.<\/li>\n<li>Aktualisiere alle geteilten Links auf anderen Plattformen (z.B. Linktree, QR-Codes, etc.).<\/li>\n<li>Alte Links zu empfohlenen Einkausfwagen leiten die Kunden auf die replizierte Website des Partners um.<\/li>\n<li>Alte empfohlene Einkausfwagen werden ausschlie\u00dflich angezeigt und k\u00f6nnen nicht mehr geteilt oder zur Einschreibung verwendet werden.<\/li>\n<li>Neue Funktionen f\u00fcr empfohlene Einkaufswagen, wie z. B. &#8220;Duplizieren&#8221; und &#8220;Massenl\u00f6schung&#8221;, werden aktiviert.<\/li>\n<\/ul>\n<p><strong>Ab dem 16. Oktober 2024<\/strong><\/p>\n<ul>\n<li>Die alten empfohlenen Einkaufswagen-Systeme werden komplett in den Ruhestand versetzt und aus dem Backoffice entfernt.<\/li>\n<li>Vor diesem Datum werden Erinnerungsschreiben verschickt.<\/li>\n<\/ul>\n<\/div><\/div><\/div><\/div><\/div><div class=\"fusion-fullwidth fullwidth-box fusion-builder-row-5 fusion-flex-container has-pattern-background has-mask-background nonhundred-percent-fullwidth non-hundred-percent-height-scrolling\" style=\"--awb-border-radius-top-left:0px;--awb-border-radius-top-right:0px;--awb-border-radius-bottom-right:0px;--awb-border-radius-bottom-left:0px;--awb-padding-top:30px;--awb-padding-bottom:30px;--awb-background-color:#fdfbf8;--awb-flex-wrap:wrap;\" ><div class=\"fusion-builder-row fusion-row fusion-flex-align-items-center fusion-flex-justify-content-center fusion-flex-content-wrap\" style=\"max-width:1497.6px;margin-left: calc(-4% \/ 2 );margin-right: calc(-4% \/ 2 );\"><div class=\"fusion-layout-column fusion_builder_column fusion-builder-column-6 fusion_builder_column_1_2 1_2 fusion-flex-column fusion-flex-align-self-flex-start\" style=\"--awb-bg-size:cover;--awb-width-large:50%;--awb-margin-top-large:0px;--awb-spacing-right-large:3.84%;--awb-margin-bottom-large:20px;--awb-spacing-left-large:3.84%;--awb-width-medium:100%;--awb-order-medium:0;--awb-spacing-right-medium:1.92%;--awb-spacing-left-medium:1.92%;--awb-width-small:100%;--awb-order-small:0;--awb-spacing-right-small:1.92%;--awb-spacing-left-small:1.92%;\" data-scroll-devices=\"small-visibility,medium-visibility,large-visibility\"><div class=\"fusion-column-wrapper fusion-column-has-shadow fusion-flex-justify-content-flex-start fusion-content-layout-column\"><div class=\"fusion-title title fusion-title-5 fusion-title-text fusion-title-size-one\" style=\"--awb-text-color:#54585a;--awb-margin-top:5px;--awb-margin-bottom:15px;--awb-margin-top-small:0px;--awb-margin-right-small:0px;--awb-margin-bottom-small:20px;--awb-margin-left-small:0px;--awb-font-size:54px;\"><div class=\"title-sep-container title-sep-container-left fusion-no-large-visibility fusion-no-medium-visibility fusion-no-small-visibility\"><div class=\"title-sep sep- sep-solid\" style=\"border-color:#eeefee;\"><\/div><\/div><span class=\"awb-title-spacer fusion-no-large-visibility fusion-no-medium-visibility fusion-no-small-visibility\"><\/span><h1 class=\"fusion-title-heading title-heading-left fusion-responsive-typography-calculated\" style=\"font-family:&quot;DM Serif Display&quot;;font-style:normal;font-weight:400;margin:0;letter-spacing:0px;font-size:1em;--fontSize:54;line-height:1.2;\"><h2 class=\"fusion-responsive-typography-calculated\" data-fontsize=\"20\" data-lineheight=\"28px\">FAQ&#8217;s<\/h2><\/h1><span class=\"awb-title-spacer\"><\/span><div class=\"title-sep-container title-sep-container-right\"><div class=\"title-sep sep- sep-solid\" style=\"border-color:#eeefee;\"><\/div><\/div><\/div><div class=\"accordian fusion-accordian\" style=\"--awb-border-size:1px;--awb-icon-size:13px;--awb-content-font-size:16px;--awb-icon-alignment:left;--awb-hover-color:#f9f9f9;--awb-border-color:#eeefee;--awb-background-color:#ffffff;--awb-divider-color:#eeefee;--awb-divider-hover-color:#eeefee;--awb-icon-color:#ffffff;--awb-title-color:#54585a;--awb-content-color:#54585a;--awb-icon-box-color:#55585a;--awb-toggle-hover-accent-color:#00778b;--awb-title-font-family:&quot;Montserrat&quot;;--awb-title-font-weight:400;--awb-title-font-style:normal;--awb-title-font-size:13px;--awb-content-font-family:&quot;Montserrat&quot;;--awb-content-font-style:normal;--awb-content-font-weight:400;\"><div class=\"panel-group fusion-toggle-icon-boxed\" id=\"accordion-205015-1\"><div class=\"fusion-panel panel-default panel-a7992f8740f285999 fusion-toggle-has-divider\" style=\"--awb-title-color:#54585a;--awb-content-color:#54585a;\"><div class=\"panel-heading\"><h4 class=\"panel-title toggle\" id=\"toggle_a7992f8740f285999\"><a aria-expanded=\"false\" aria-controls=\"a7992f8740f285999\" role=\"button\" data-toggle=\"collapse\" data-parent=\"#accordion-205015-1\" data-target=\"#a7992f8740f285999\" href=\"#a7992f8740f285999\"><span class=\"fusion-toggle-icon-wrapper\" aria-hidden=\"true\"><i class=\"fa-fusion-box active-icon awb-icon-minus\" aria-hidden=\"true\"><\/i><i class=\"fa-fusion-box inactive-icon awb-icon-plus\" aria-hidden=\"true\"><\/i><\/span><span class=\"fusion-toggle-heading\">F: Kann ich den alten empfohlenen Einkaufswagen noch teilen und mich dort einschreiben?<\/span><\/a><\/h4><\/div><div id=\"a7992f8740f285999\" class=\"panel-collapse collapse \" aria-labelledby=\"toggle_a7992f8740f285999\"><div class=\"panel-body toggle-content fusion-clearfix\">\n<p>A: Ja, die Nutzer\/innen k\u00f6nnen weiterhin den alten empfohlenen Warenkorb teilen und sich dort einschrieben. Allerdings k\u00f6nnen die Nutzer\/innen dort keine neuen Links zu empfohlenen Einkaufswagen mehr erstellen. Wir ermutigen die Nutzer\/innen, die Warenk\u00f6rbe zu erstellen, die sie weiterhin im neuen Erlebnis teilen m\u00f6chten. Ab dem 24. Juli 2024 werden die alten empfohlenen Warenk\u00f6rbe ausschlie\u00dflich zur Ansicht verf\u00fcgbar sein.<\/p>\n<\/div><\/div><\/div><div class=\"fusion-panel panel-default panel-9187bb8844894011c fusion-toggle-has-divider\" style=\"--awb-title-color:#54585a;--awb-content-color:#54585a;\"><div class=\"panel-heading\"><h4 class=\"panel-title toggle\" id=\"toggle_9187bb8844894011c\"><a aria-expanded=\"false\" aria-controls=\"9187bb8844894011c\" role=\"button\" data-toggle=\"collapse\" data-parent=\"#accordion-205015-1\" data-target=\"#9187bb8844894011c\" href=\"#9187bb8844894011c\"><span class=\"fusion-toggle-icon-wrapper\" aria-hidden=\"true\"><i class=\"fa-fusion-box active-icon awb-icon-minus\" aria-hidden=\"true\"><\/i><i class=\"fa-fusion-box inactive-icon awb-icon-plus\" aria-hidden=\"true\"><\/i><\/span><span class=\"fusion-toggle-heading\">F: Muss ich etwas tun, wenn ich einen QR-Code f\u00fcr einen alten Link zu einem empfohlenen Einkaufswagen habe?<\/span><\/a><\/h4><\/div><div id=\"9187bb8844894011c\" class=\"panel-collapse collapse \" aria-labelledby=\"toggle_9187bb8844894011c\"><div class=\"panel-body toggle-content fusion-clearfix\">\n<p>A: Ja, wenn du einen QR-Code f\u00fcr einen alten Link zu einem empfohlenen Einkaufswagen hast, musst du ihn aktualisieren. Nach dem 24. Juli 2024 werden die alten Links f\u00fcr empfohlene Einkaufswagen die Kunden auf die replizierte Website des Partners umleiten. Um sicherzustellen, dass dein QR-Code weiterhin richtig funktioniert, musst du ihn mit dem neuen Link aktualisieren.<\/p>\n<\/div><\/div><\/div><div class=\"fusion-panel panel-default panel-3b5430b5e174aa20c fusion-toggle-has-divider\" style=\"--awb-title-color:#54585a;--awb-content-color:#54585a;\"><div class=\"panel-heading\"><h4 class=\"panel-title toggle\" id=\"toggle_3b5430b5e174aa20c\"><a aria-expanded=\"false\" aria-controls=\"3b5430b5e174aa20c\" role=\"button\" data-toggle=\"collapse\" data-parent=\"#accordion-205015-1\" data-target=\"#3b5430b5e174aa20c\" href=\"#3b5430b5e174aa20c\"><span class=\"fusion-toggle-icon-wrapper\" aria-hidden=\"true\"><i class=\"fa-fusion-box active-icon awb-icon-minus\" aria-hidden=\"true\"><\/i><i class=\"fa-fusion-box inactive-icon awb-icon-plus\" aria-hidden=\"true\"><\/i><\/span><span class=\"fusion-toggle-heading\">F: Muss ich meine IsaLife App aktualisieren, um das neue System zu erhalten?<\/span><\/a><\/h4><\/div><div id=\"3b5430b5e174aa20c\" class=\"panel-collapse collapse \" aria-labelledby=\"toggle_3b5430b5e174aa20c\"><div class=\"panel-body toggle-content fusion-clearfix\">\n<p>A: Ja, du musst deine IsaLife App aktualisieren, um das neue Angebot nutzen zu k\u00f6nnen. Das Update wird bis zum 1. Juli 2024 verf\u00fcgbar sein. Bitte stelle sicher, dass du die neueste Version der App installiert hast, um die neuen Funktionen und Verbesserungen zu nutzen. Die Einstellungen f\u00fcr die App-Aktualisierung k\u00f6nnen in den Einstellungen deines Telefons verwaltet werden, um sicherzustellen, dass du die Updates automatisch erh\u00e4ltst.<\/p>\n<\/div><\/div><\/div><\/div><\/div><\/div><\/div><\/div><\/div><\/p>\n","protected":false},"excerpt":{"rendered":"","protected":false},"author":9877,"featured_media":0,"parent":0,"menu_order":0,"comment_status":"closed","ping_status":"closed","template":"100-width.php","meta":{"_acf_changed":false,"footnotes":""},"class_list":["post-205015","page","type-page","status-publish","hentry"],"acf":[],"_links":{"self":[{"href":"https:\/\/eu.isagenixbusiness.com\/de-eu\/wp-json\/wp\/v2\/pages\/205015","targetHints":{"allow":["GET"]}}],"collection":[{"href":"https:\/\/eu.isagenixbusiness.com\/de-eu\/wp-json\/wp\/v2\/pages"}],"about":[{"href":"https:\/\/eu.isagenixbusiness.com\/de-eu\/wp-json\/wp\/v2\/types\/page"}],"author":[{"embeddable":true,"href":"https:\/\/eu.isagenixbusiness.com\/de-eu\/wp-json\/wp\/v2\/users\/9877"}],"replies":[{"embeddable":true,"href":"https:\/\/eu.isagenixbusiness.com\/de-eu\/wp-json\/wp\/v2\/comments?post=205015"}],"version-history":[{"count":8,"href":"https:\/\/eu.isagenixbusiness.com\/de-eu\/wp-json\/wp\/v2\/pages\/205015\/revisions"}],"predecessor-version":[{"id":205055,"href":"https:\/\/eu.isagenixbusiness.com\/de-eu\/wp-json\/wp\/v2\/pages\/205015\/revisions\/205055"}],"wp:attachment":[{"href":"https:\/\/eu.isagenixbusiness.com\/de-eu\/wp-json\/wp\/v2\/media?parent=205015"}],"curies":[{"name":"wp","href":"https:\/\/api.w.org\/{rel}","templated":true}]}}