{"id":205911,"date":"2024-06-28T15:54:14","date_gmt":"2024-06-28T14:54:14","guid":{"rendered":"https:\/\/eu.isagenixbusiness.com\/?page_id=205911"},"modified":"2024-07-01T10:35:01","modified_gmt":"2024-07-01T09:35:01","slug":"road-to-master-class","status":"publish","type":"page","link":"https:\/\/eu.isagenixbusiness.com\/de-eu\/road-to-master-class\/","title":{"rendered":"Road to Master Class"},"content":{"rendered":"<p><div class=\"fusion-fullwidth fullwidth-box fusion-builder-row-1 fusion-flex-container has-pattern-background has-mask-background fusion-parallax-none nonhundred-percent-fullwidth non-hundred-percent-height-scrolling\" style=\"--awb-background-blend-mode:overlay;--awb-border-radius-top-left:0px;--awb-border-radius-top-right:0px;--awb-border-radius-bottom-right:0px;--awb-border-radius-bottom-left:0px;--awb-min-height:150px;--awb-background-color:rgba(0,0,0,0.5);--awb-background-image:url(&quot;https:\/\/eu.isagenixbusiness.com\/wp-content\/uploads\/2024\/06\/Intro-Background-copy-1-300x150.jpg&quot;);--awb-background-size:cover;--awb-flex-wrap:wrap;\" ><div class=\"fusion-builder-row fusion-row fusion-flex-align-items-center fusion-flex-align-content-center fusion-flex-justify-content-center fusion-flex-content-wrap\" style=\"max-width:1497.6px;margin-left: calc(-4% \/ 2 );margin-right: calc(-4% \/ 2 );\"><div class=\"fusion-layout-column fusion_builder_column fusion-builder-column-0 fusion_builder_column_1_1 1_1 fusion-flex-column fusion-flex-align-self-center fusion-column-inner-bg-wrapper\" style=\"--awb-inner-bg-size:cover;--awb-width-large:100%;--awb-margin-top-large:0px;--awb-spacing-right-large:1.92%;--awb-margin-bottom-large:0px;--awb-spacing-left-large:1.92%;--awb-width-medium:100%;--awb-order-medium:0;--awb-spacing-right-medium:1.92%;--awb-spacing-left-medium:1.92%;--awb-width-small:100%;--awb-order-small:0;--awb-spacing-right-small:1.92%;--awb-spacing-left-small:1.92%;\" data-scroll-devices=\"small-visibility,medium-visibility,large-visibility\"><span class=\"fusion-column-inner-bg hover-type-none\"><a class=\"fusion-column-anchor\" href=\"https:\/\/eu.isagenixbusiness.com\/de-eu\/july-promotions\/\"><span class=\"fusion-column-inner-bg-image\"><\/span><\/a><\/span><div class=\"fusion-column-wrapper fusion-column-has-shadow fusion-flex-justify-content-space-evenly fusion-content-layout-column\"><div class=\"fusion-text fusion-text-1\" style=\"--awb-font-size:40px;--awb-letter-spacing:2px;--awb-text-color:var(--awb-color1);--awb-margin-top:25px;--awb-text-font-family:&quot;Nunito Sans&quot;;--awb-text-font-style:normal;--awb-text-font-weight:200;\"><p style=\"text-align: center;\">JULI-AKTIONEN<\/p>\n<\/div><div class=\"fusion-text fusion-text-2 fusion-text-no-margin\" style=\"--awb-content-alignment:center;--awb-text-transform:none;\"><div style=\"text-align: center;\">\n<p style=\"color: var(--awb-color1);\">1 &#8211; 28 JULI<\/p>\n<\/div>\n<\/div><\/div><\/div><\/div><\/div><div class=\"fusion-fullwidth fullwidth-box fusion-builder-row-2 fusion-flex-container has-pattern-background has-mask-background nonhundred-percent-fullwidth non-hundred-percent-height-scrolling\" style=\"--awb-border-radius-top-left:0px;--awb-border-radius-top-right:0px;--awb-border-radius-bottom-right:0px;--awb-border-radius-bottom-left:0px;--awb-min-height:50px;--awb-background-color:#4099a8;--awb-flex-wrap:wrap;\" ><div class=\"fusion-builder-row fusion-row fusion-flex-align-items-center fusion-flex-align-content-center fusion-flex-justify-content-center fusion-flex-content-wrap\" style=\"max-width:1497.6px;margin-left: calc(-4% \/ 2 );margin-right: calc(-4% \/ 2 );\"><div class=\"fusion-layout-column fusion_builder_column fusion-builder-column-1 fusion_builder_column_1_1 1_1 fusion-flex-column fusion-flex-align-self-stretch\" style=\"--awb-bg-size:cover;--awb-width-large:100%;--awb-margin-top-large:0px;--awb-spacing-right-large:1.92%;--awb-margin-bottom-large:20px;--awb-spacing-left-large:1.92%;--awb-width-medium:100%;--awb-order-medium:0;--awb-spacing-right-medium:1.92%;--awb-spacing-left-medium:1.92%;--awb-width-small:100%;--awb-order-small:0;--awb-spacing-right-small:1.92%;--awb-spacing-left-small:1.92%;\" data-scroll-devices=\"small-visibility,medium-visibility,large-visibility\"><div class=\"fusion-column-wrapper fusion-column-has-shadow fusion-flex-justify-content-space-evenly fusion-content-layout-column\"><div class=\"fusion-text fusion-text-3 fusion-text-no-margin\" style=\"--awb-content-alignment:center;--awb-font-size:15px;--awb-letter-spacing:1.2px;--awb-text-transform:uppercase;--awb-text-color:var(--awb-color3);--awb-margin-top:12px;--awb-margin-bottom:-28px;--awb-text-font-family:&quot;Nunito Sans&quot;;--awb-text-font-style:normal;--awb-text-font-weight:200;\"><div style=\"text-align: center;\">\n<p style=\"color: var(--awb-color1);\">ISAGENIX EUROPE FEIERT EINEN FANTASTISCHEN MEILENSTEIN!<br \/>\nVOR VIER JAHREN, AM 13. JULI, EXPANDIERTEN WIR IN 11 NEUE L\u00c4NDER UND VERWANDELTEN UNS IN DIE DYNAMISCHE GEMEINSCHAFT, DIE WIR HEUTE SIND.<\/p>\n<\/div>\n<\/div><\/div><\/div><\/div><\/div><div class=\"fusion-fullwidth fullwidth-box fusion-builder-row-3 fusion-flex-container nonhundred-percent-fullwidth non-hundred-percent-height-scrolling fusion-custom-z-index\" style=\"--awb-border-radius-top-left:0px;--awb-border-radius-top-right:0px;--awb-border-radius-bottom-right:0px;--awb-border-radius-bottom-left:0px;--awb-z-index:152;--awb-padding-top-small:10px;--awb-padding-bottom-small:10px;--awb-background-color:#f2f2f2;--awb-flex-wrap:wrap;\" ><div class=\"fusion-builder-row fusion-row fusion-flex-align-items-flex-start fusion-flex-content-wrap\" style=\"max-width:1497.6px;margin-left: calc(-4% \/ 2 );margin-right: calc(-4% \/ 2 );\"><div class=\"fusion-layout-column fusion_builder_column fusion-builder-column-2 fusion_builder_column_1_1 1_1 fusion-flex-column\" style=\"--awb-bg-size:cover;--awb-width-large:100%;--awb-margin-top-large:0px;--awb-spacing-right-large:1.92%;--awb-margin-bottom-large:0px;--awb-spacing-left-large:1.92%;--awb-width-medium:100%;--awb-order-medium:0;--awb-spacing-right-medium:1.92%;--awb-spacing-left-medium:1.92%;--awb-width-small:100%;--awb-order-small:0;--awb-spacing-right-small:1.92%;--awb-spacing-left-small:1.92%;\"><div class=\"fusion-column-wrapper fusion-column-has-shadow fusion-flex-justify-content-flex-start fusion-content-layout-column\"><nav class=\"awb-menu awb-menu_row awb-menu_em-hover mobile-mode-collapse-to-button awb-menu_icons-left awb-menu_dc-yes mobile-trigger-fullwidth-off awb-menu_mobile-toggle awb-menu_indent-left mobile-size-full-absolute loading mega-menu-loading awb-menu_desktop awb-menu_dropdown awb-menu_expand-right awb-menu_transition-fade\" style=\"--awb-text-transform:uppercase;--awb-gap:10px;--awb-justify-content:space-evenly;--awb-items-padding-top:5px;--awb-items-padding-right:5px;--awb-items-padding-bottom:5px;--awb-items-padding-left:5px;--awb-color:#54585a;--awb-active-color:#54585a;--awb-active-border-bottom:3px;--awb-active-border-color:#00778b;--awb-submenu-text-transform:none;--awb-main-justify-content:flex-start;--awb-mobile-justify:flex-start;--awb-mobile-caret-left:auto;--awb-mobile-caret-right:0;--awb-fusion-font-family-typography:&quot;Nunito Sans&quot;;--awb-fusion-font-style-typography:normal;--awb-fusion-font-weight-typography:400;--awb-fusion-font-family-submenu-typography:inherit;--awb-fusion-font-style-submenu-typography:normal;--awb-fusion-font-weight-submenu-typography:400;--awb-fusion-font-family-mobile-typography:inherit;--awb-fusion-font-style-mobile-typography:normal;--awb-fusion-font-weight-mobile-typography:400;\" aria-label=\"July&#039;s Promos\" data-breakpoint=\"0\" data-count=\"0\" data-transition-type=\"fade\" data-transition-time=\"300\" data-expand=\"right\"><ul id=\"menu-julys-promos\" class=\"fusion-menu awb-menu__main-ul awb-menu__main-ul_row\"><li  id=\"menu-item-205931\"  class=\"menu-item menu-item-type-post_type menu-item-object-page menu-item-205931 awb-menu__li awb-menu__main-li awb-menu__main-li_regular\"  data-item-id=\"205931\"><span class=\"awb-menu__main-background-default awb-menu__main-background-default_fade\"><\/span><span class=\"awb-menu__main-background-active awb-menu__main-background-active_fade\"><\/span><a  href=\"https:\/\/eu.isagenixbusiness.com\/free-bea-biotics-promo\/\" class=\"awb-menu__main-a awb-menu__main-a_regular\"><span class=\"menu-text\">Free BEA Biotics<\/span><\/a><\/li><li  id=\"menu-item-205930\"  class=\"menu-item menu-item-type-post_type menu-item-object-page menu-item-205930 awb-menu__li awb-menu__main-li awb-menu__main-li_regular\"  data-item-id=\"205930\"><span class=\"awb-menu__main-background-default awb-menu__main-background-default_fade\"><\/span><span class=\"awb-menu__main-background-active awb-menu__main-background-active_fade\"><\/span><a  href=\"https:\/\/eu.isagenixbusiness.com\/consultant-development-pool-2024\/\" class=\"awb-menu__main-a awb-menu__main-a_regular\"><span class=\"menu-text\">Consultant Development Pool [de]<\/span><\/a><\/li><li  id=\"menu-item-205932\"  class=\"menu-item menu-item-type-post_type menu-item-object-page menu-item-205932 awb-menu__li awb-menu__main-li awb-menu__main-li_regular\"  data-item-id=\"205932\"><span class=\"awb-menu__main-background-default awb-menu__main-background-default_fade\"><\/span><span class=\"awb-menu__main-background-active awb-menu__main-background-active_fade\"><\/span><a  href=\"https:\/\/eu.isagenixbusiness.com\/road-to-master-class\/\" class=\"awb-menu__main-a awb-menu__main-a_regular\"><span class=\"menu-text\">Road to Master Class<\/span><\/a><\/li><\/ul><\/nav><\/div><\/div><\/div><\/div><div class=\"fusion-fullwidth fullwidth-box fusion-builder-row-4 fusion-flex-container has-pattern-background has-mask-background nonhundred-percent-fullwidth non-hundred-percent-height-scrolling\" style=\"--awb-border-radius-top-left:0px;--awb-border-radius-top-right:0px;--awb-border-radius-bottom-right:0px;--awb-border-radius-bottom-left:0px;--awb-padding-top:20px;--awb-flex-wrap:wrap;\" ><div class=\"fusion-builder-row fusion-row fusion-flex-align-items-flex-start fusion-flex-content-wrap\" style=\"max-width:1497.6px;margin-left: calc(-4% \/ 2 );margin-right: calc(-4% \/ 2 );\"><div class=\"fusion-layout-column fusion_builder_column fusion-builder-column-3 fusion_builder_column_1_3 1_3 fusion-flex-column\" style=\"--awb-bg-size:cover;--awb-width-large:33.333333333333%;--awb-margin-top-large:0px;--awb-spacing-right-large:5.76%;--awb-margin-bottom-large:20px;--awb-spacing-left-large:5.76%;--awb-width-medium:100%;--awb-order-medium:0;--awb-spacing-right-medium:1.92%;--awb-spacing-left-medium:1.92%;--awb-width-small:100%;--awb-order-small:0;--awb-spacing-right-small:1.92%;--awb-spacing-left-small:1.92%;\"><div class=\"fusion-column-wrapper fusion-column-has-shadow fusion-flex-justify-content-flex-start fusion-content-layout-column\"><div class=\"fusion-image-element \" style=\"--awb-aspect-ratio:1 \/ 1;--awb-object-position:26% 50%;--awb-margin-top:30px;--awb-caption-title-font-family:var(--h2_typography-font-family);--awb-caption-title-font-weight:var(--h2_typography-font-weight);--awb-caption-title-font-style:var(--h2_typography-font-style);--awb-caption-title-size:var(--h2_typography-font-size);--awb-caption-title-transform:var(--h2_typography-text-transform);--awb-caption-title-line-height:var(--h2_typography-line-height);--awb-caption-title-letter-spacing:var(--h2_typography-letter-spacing);\"><span class=\" fusion-imageframe imageframe-none imageframe-1 hover-type-none has-aspect-ratio\"><img decoding=\"async\" width=\"300\" height=\"300\" title=\"image (1)\" src=\"https:\/\/eu.isagenixbusiness.com\/wp-content\/uploads\/2024\/06\/image-1-300x300.png\" class=\"img-responsive wp-image-205468 img-with-aspect-ratio\" data-parent-fit=\"cover\" data-parent-container=\".fusion-image-element\" alt srcset=\"https:\/\/eu.isagenixbusiness.com\/wp-content\/uploads\/2024\/06\/image-1-200x200.png 200w, https:\/\/eu.isagenixbusiness.com\/wp-content\/uploads\/2024\/06\/image-1-400x400.png 400w, https:\/\/eu.isagenixbusiness.com\/wp-content\/uploads\/2024\/06\/image-1-600x600.png 600w, https:\/\/eu.isagenixbusiness.com\/wp-content\/uploads\/2024\/06\/image-1.png 663w\" sizes=\"(max-width: 1024px) 100vw, (max-width: 640px) 100vw, 600px\" \/><\/span><\/div><\/div><\/div><div class=\"fusion-layout-column fusion_builder_column fusion-builder-column-4 fusion_builder_column_2_3 2_3 fusion-flex-column\" style=\"--awb-bg-size:cover;--awb-width-large:66.666666666667%;--awb-margin-top-large:0px;--awb-spacing-right-large:2.88%;--awb-margin-bottom-large:20px;--awb-spacing-left-large:2.88%;--awb-width-medium:100%;--awb-order-medium:0;--awb-spacing-right-medium:1.92%;--awb-spacing-left-medium:1.92%;--awb-width-small:100%;--awb-order-small:0;--awb-spacing-right-small:1.92%;--awb-spacing-left-small:1.92%;\"><div class=\"fusion-column-wrapper fusion-column-has-shadow fusion-flex-justify-content-flex-start fusion-content-layout-column\"><div class=\"fusion-text fusion-text-4 fusion-text-no-margin\" style=\"--awb-font-size:32px;--awb-letter-spacing:2px;--awb-margin-top:15px;--awb-margin-bottom:25px;--awb-text-font-family:&quot;Nunito Sans&quot;;--awb-text-font-style:normal;--awb-text-font-weight:600;\"><p>Road to Master Class<\/p>\n<\/div><div class=\"fusion-text fusion-text-5\" style=\"--awb-text-font-family:&quot;Nunito&quot;;--awb-text-font-style:normal;--awb-text-font-weight:400;\"><p>Es gibt noch mehr gute Nachrichten f\u00fcr europ\u00e4ische Associates in diesem Juli! Die Arbeit, die du im Consultant Development Pool leistest, bringt dir nicht nur Geld ein: Du bekommst eine kostenlose Unterkunft und ein exklusives Training, wenn du an der Master Class &#8211; the Art of Living teilnimmst, unserem zweit\u00e4gigen Trainingsevent im September mit dem unglaublichen David T.S. Wood!<\/p>\n<\/div><div class=\"fusion-text fusion-text-6\" style=\"--awb-font-size:25px;--awb-margin-top:15px;--awb-text-font-family:&quot;DM Serif Display&quot;;--awb-text-font-style:normal;--awb-text-font-weight:400;\"><p>Wie du vorgehen musst:<\/p>\n<\/div><div class=\"fusion-text fusion-text-7\" style=\"--awb-margin-top:-15px;--awb-text-font-family:&quot;Nunito&quot;;--awb-text-font-style:normal;--awb-text-font-weight:400;\"><ul>\n<li>Entwickle zwischen dem 1. und 28. Juli zwei neue Consultants im <a href=\"https:\/\/eu.isagenixbusiness.com\/de-eu\/consultant-development-pool-2024\/\" style=\"color: var(--awb-color3);\"><u>Consultant Development Pool<\/u><\/a>. Schau dir die Qualifikationen hier an.<\/li>\n<li><a href=\"https:\/\/www.eventbrite.co.uk\/e\/915267940047\" style=\"color: var(--awb-color3);\"><u>Bestelle dir bis zum 28. Juli ein Ticket<\/u><\/a> f\u00fcr die Master Class &#8211; wenn du es schon hast, umso besser!<\/li>\n<\/ul>\n<\/div><div class=\"fusion-text fusion-text-8\" style=\"--awb-font-size:25px;--awb-margin-top:15px;--awb-text-font-family:&quot;DM Serif Display&quot;;--awb-text-font-style:normal;--awb-text-font-weight:400;\"><p>Was du verdienen wirst:<\/p>\n<\/div><div class=\"fusion-text fusion-text-9\" style=\"--awb-margin-top:-15px;--awb-text-font-family:&quot;Nunito&quot;;--awb-text-font-style:normal;--awb-text-font-weight:400;\"><ul>\n<li>Ein exklusives Training mit David TS Wood &#8211; die Art von Training, die dein Business ver\u00e4ndern wird<\/li>\n<li>Kostenlose Unterkunft f\u00fcr das Event im Novotel Schiphol Airport Hotel<\/li>\n<li>Willkommensgetr\u00e4nk<\/li>\n<\/ul>\n<\/div><div class=\"fusion-text fusion-text-10\" style=\"--awb-font-size:20px;--awb-text-font-family:&quot;Nunito&quot;;--awb-text-font-style:normal;--awb-text-font-weight:600;\"><p>Weitere Informationen \u00fcber das Event und David TS Wood k\u00f6nnen auf unserer <a href=\"https:\/\/www.eventbrite.co.uk\/e\/915267940047\">Event-Seite<\/a> gefunden werden.<\/p>\n<\/div><\/div><\/div><\/div><\/div><div class=\"fusion-fullwidth fullwidth-box fusion-builder-row-5 fusion-flex-container has-pattern-background has-mask-background nonhundred-percent-fullwidth non-hundred-percent-height-scrolling\" style=\"--awb-border-radius-top-left:0px;--awb-border-radius-top-right:0px;--awb-border-radius-bottom-right:0px;--awb-border-radius-bottom-left:0px;--awb-padding-top:30px;--awb-padding-bottom:30px;--awb-flex-wrap:wrap;\" ><div class=\"fusion-builder-row fusion-row fusion-flex-align-items-flex-start fusion-flex-content-wrap\" style=\"max-width:1497.6px;margin-left: calc(-4% \/ 2 );margin-right: calc(-4% \/ 2 );\"><div class=\"fusion-layout-column fusion_builder_column fusion-builder-column-5 fusion_builder_column_1_1 1_1 fusion-flex-column\" style=\"--awb-bg-size:cover;--awb-width-large:100%;--awb-margin-top-large:0px;--awb-spacing-right-large:1.92%;--awb-margin-bottom-large:20px;--awb-spacing-left-large:1.92%;--awb-width-medium:100%;--awb-order-medium:0;--awb-spacing-right-medium:1.92%;--awb-spacing-left-medium:1.92%;--awb-width-small:100%;--awb-order-small:0;--awb-spacing-right-small:1.92%;--awb-spacing-left-small:1.92%;\"><div class=\"fusion-column-wrapper fusion-column-has-shadow fusion-flex-justify-content-flex-start fusion-content-layout-column\"><div class=\"fusion-text fusion-text-11\" style=\"--awb-font-size:15px;--awb-margin-right:50px;--awb-margin-left:50px;--awb-text-font-family:&quot;Nunito&quot;;--awb-text-font-style:normal;--awb-text-font-weight:400;\"><p>AGBs: Teilnahmeberechtigt sind Isagenix Associates aus ganz Europa. Um dich zu qualifizieren, musst du zwischen dem 1. und 28. Juli 2024 zwei neue Consultants im Consultant Development Pool entwickeln und bis zum 28. Juli 2024 um 23:59 Uhr EST ein Master Class &#8211; the Art of Living Ticket besitzen.<\/p>\n<\/div><div class=\"fusion-text fusion-text-12\" style=\"--awb-content-alignment:justify;--awb-font-size:15px;--awb-margin-right:50px;--awb-margin-left:50px;--awb-text-font-family:&quot;Nunito&quot;;--awb-text-font-style:normal;--awb-text-font-weight:400;\"><\/div><div class=\"fusion-text fusion-text-13\" style=\"--awb-content-alignment:justify;--awb-font-size:10px;--awb-margin-right:50px;--awb-margin-left:50px;--awb-text-font-family:&quot;Nunito&quot;;--awb-text-font-style:normal;--awb-text-font-weight:400;\"><p>Um teilzunehmen, darf deine Isagenix-Position ausschlie\u00dflich von dir (rechtlicher Name) und ggf. deinem Ehepartner (Anerkennungsname) unter Ausschluss aller anderen Personen betrieben werden. Mit der Teilnahme erkl\u00e4rst du dich voll und ganz mit diesen allgemeinen Gesch\u00e4ftsbedingungen und Regeln sowie mit den geposteten Aktionsregeln, FAQs oder Richtlinien und den Entscheidungen von Isagenix einverstanden, die in allen Fragen im Zusammenhang mit dem Wettbewerb endg\u00fcltig und bindend sind. Deine Punkte f\u00fcr die erneute Teilnahme werden als Teil der urspr\u00fcnglichen Organisation berechnet. Bei einer \u00c4nderung der Platzierung erh\u00e4lt der urspr\u00fcnglich eingeschriebene Sponsor alle berechtigten Einschreibungs-QV. Die Regeln f\u00fcr den Wettbewerb k\u00f6nnen sich \u00e4ndern.\u202f Alle Daten und Details des Events k\u00f6nnen sich \u00e4ndern. Isagenix beh\u00e4lt sich das Recht vor, Volumen, Kompensationen, Anerkennungen oder andere Anreize, die w\u00e4hrend oder als Ergebnis dieses Wettbewerbs vergeben werden, zu pr\u00fcfen, anzupassen oder zu verweigern, um sicherzustellen, dass der Geist des Wettbewerbs erreicht wird. Alle Partner werden sowohl w\u00e4hrend als auch nach Abschluss des Wettbewerbs einer Standard\u00fcberpr\u00fcfung unterzogen; die Preise k\u00f6nnen von Isagenix jederzeit zur\u00fcckgezogen werden. Ausstehende Compliance-Angelegenheiten wirken sich auf die Berechtigung zum Erhalt des endg\u00fcltigen Preises aus. Alle Einschreibungen und Produktbestellungen m\u00fcssen mit dem Ethikkodex und den Richtlinien und Verfahren \u00fcbereinstimmen, die auf IsagenixCompliance.com verf\u00fcgbar sind. Einschreibungen m\u00fcssen einmalige und g\u00fcltige Vorzugskunden oder Associates sein, und Isagenix beh\u00e4lt sich das Recht vor, jede Einschreibung f\u00fcr die Zwecke des Wettbewerbs als ung\u00fcltig zu betrachten, falls Isagenix nach eigenem Ermessen entscheidet, dass eine Einschreibung das Ergebnis von Betrug, Manipulation oder T\u00e4uschung ist. Der\/die Kontoinhaber\/in darf seine\/ihre pers\u00f6nliche Kreditkarte oder Zahlungsmethode w\u00e4hrend des Gewinnspiels nicht f\u00fcr mehrere familienfremde Konten verwenden. Die Kreditkarte des Kontoinhabers kann nicht f\u00fcr Vorsch\u00fcsse von Consultants verwendet werden. Jede Person, die versucht, den Verg\u00fctungsplan oder den Wettbewerb zu manipulieren oder die Regeln anderweitig zu umgehen, verwirkt alle Rechte auf Punkte und Preise und wird vom Wettbewerb disqualifiziert. Teilnehmer\/innen m\u00fcssen ein aktiver Isagenix Associate sein und w\u00e4hrend des gesamten Zeitraums des Wettbewerbs und bis zu den Reisedaten aktiv bleiben. Der aktive Status bei Isagenix setzt voraus, dass du alle 30 Kalendertage mindestens 100 QV bestellst.<\/p>\n<\/div><\/div><\/div><\/div><\/div><\/p>\n","protected":false},"excerpt":{"rendered":"","protected":false},"author":18293,"featured_media":0,"parent":0,"menu_order":0,"comment_status":"closed","ping_status":"closed","template":"","meta":{"_acf_changed":false,"footnotes":""},"class_list":["post-205911","page","type-page","status-publish","hentry"],"acf":[],"_links":{"self":[{"href":"https:\/\/eu.isagenixbusiness.com\/de-eu\/wp-json\/wp\/v2\/pages\/205911","targetHints":{"allow":["GET"]}}],"collection":[{"href":"https:\/\/eu.isagenixbusiness.com\/de-eu\/wp-json\/wp\/v2\/pages"}],"about":[{"href":"https:\/\/eu.isagenixbusiness.com\/de-eu\/wp-json\/wp\/v2\/types\/page"}],"author":[{"embeddable":true,"href":"https:\/\/eu.isagenixbusiness.com\/de-eu\/wp-json\/wp\/v2\/users\/18293"}],"replies":[{"embeddable":true,"href":"https:\/\/eu.isagenixbusiness.com\/de-eu\/wp-json\/wp\/v2\/comments?post=205911"}],"version-history":[{"count":4,"href":"https:\/\/eu.isagenixbusiness.com\/de-eu\/wp-json\/wp\/v2\/pages\/205911\/revisions"}],"predecessor-version":[{"id":206270,"href":"https:\/\/eu.isagenixbusiness.com\/de-eu\/wp-json\/wp\/v2\/pages\/205911\/revisions\/206270"}],"wp:attachment":[{"href":"https:\/\/eu.isagenixbusiness.com\/de-eu\/wp-json\/wp\/v2\/media?parent=205911"}],"curies":[{"name":"wp","href":"https:\/\/api.w.org\/{rel}","templated":true}]}}