{"id":206914,"date":"2024-07-28T00:00:46","date_gmt":"2024-07-27T23:00:46","guid":{"rendered":"https:\/\/eu.isagenixbusiness.com\/?page_id=206914"},"modified":"2024-08-21T08:38:03","modified_gmt":"2024-08-21T07:38:03","slug":"gift-with-enrolment-free-celletoi","status":"publish","type":"page","link":"https:\/\/eu.isagenixbusiness.com\/de-eu\/gift-with-enrolment-free-celletoi\/","title":{"rendered":"Gift with Enrolment &#8211; FREE CELLETOI [de]"},"content":{"rendered":"<p><div class=\"fusion-fullwidth fullwidth-box fusion-builder-row-1 fusion-flex-container has-pattern-background has-mask-background fusion-parallax-none nonhundred-percent-fullwidth non-hundred-percent-height-scrolling\" style=\"--awb-background-blend-mode:overlay;--awb-border-radius-top-left:0px;--awb-border-radius-top-right:0px;--awb-border-radius-bottom-right:0px;--awb-border-radius-bottom-left:0px;--awb-min-height:150px;--awb-background-color:rgba(0,0,0,0.5);--awb-background-image:url(&quot;https:\/\/eu.isagenixbusiness.com\/wp-content\/uploads\/2024\/06\/Intro-Background-copy-1-300x150.jpg&quot;);--awb-background-size:cover;--awb-flex-wrap:wrap;\" ><div class=\"fusion-builder-row fusion-row fusion-flex-align-items-center fusion-flex-align-content-center fusion-flex-justify-content-center fusion-flex-content-wrap\" style=\"max-width:1497.6px;margin-left: calc(-4% \/ 2 );margin-right: calc(-4% \/ 2 );\"><div class=\"fusion-layout-column fusion_builder_column fusion-builder-column-0 fusion_builder_column_1_1 1_1 fusion-flex-column fusion-flex-align-self-center fusion-column-inner-bg-wrapper\" style=\"--awb-inner-bg-size:cover;--awb-width-large:100%;--awb-margin-top-large:0px;--awb-spacing-right-large:1.92%;--awb-margin-bottom-large:0px;--awb-spacing-left-large:1.92%;--awb-width-medium:100%;--awb-order-medium:0;--awb-spacing-right-medium:1.92%;--awb-spacing-left-medium:1.92%;--awb-width-small:100%;--awb-order-small:0;--awb-spacing-right-small:1.92%;--awb-spacing-left-small:1.92%;\" data-scroll-devices=\"small-visibility,medium-visibility,large-visibility\"><span class=\"fusion-column-inner-bg hover-type-none\"><a class=\"fusion-column-anchor\" href=\"https:\/\/eu.isagenixbusiness.com\/de-eu\/august-2024-promotions\/\"><span class=\"fusion-column-inner-bg-image\"><\/span><\/a><\/span><div class=\"fusion-column-wrapper fusion-column-has-shadow fusion-flex-justify-content-space-evenly fusion-content-layout-column\"><div class=\"fusion-text fusion-text-1\" style=\"--awb-font-size:40px;--awb-letter-spacing:2px;--awb-text-color:var(--awb-color1);--awb-margin-top:25px;--awb-text-font-family:&quot;Nunito Sans&quot;;--awb-text-font-style:normal;--awb-text-font-weight:200;\"><p class=\"cvGsUA direction-ltr align-center para-style-body\" style=\"text-align: center;\"><span class=\"OYPEnA font-feature-liga-off font-feature-clig-off font-feature-calt-off text-decoration-none text-strikethrough-none\">AUGUST &#8211;<\/span><span class=\"OYPEnA font-feature-liga-off font-feature-clig-off font-feature-calt-off text-decoration-none text-strikethrough-none\">AKTIONEN<\/span><\/p>\n<\/div><div class=\"fusion-text fusion-text-2 fusion-text-no-margin\" style=\"--awb-content-alignment:center;--awb-text-transform:none;\"><div style=\"text-align: center;\">\n<p style=\"color: var(--awb-color1);\"><span class=\"OYPEnA font-feature-liga-off font-feature-clig-off font-feature-calt-off text-decoration-none text-strikethrough-none\">29. JULI &#8211; 25. AUGUST<\/span><\/p>\n<\/div>\n<\/div><\/div><\/div><\/div><\/div><div class=\"fusion-fullwidth fullwidth-box fusion-builder-row-2 fusion-flex-container nonhundred-percent-fullwidth non-hundred-percent-height-scrolling fusion-custom-z-index\" style=\"--awb-border-radius-top-left:0px;--awb-border-radius-top-right:0px;--awb-border-radius-bottom-right:0px;--awb-border-radius-bottom-left:0px;--awb-z-index:152;--awb-padding-top-small:10px;--awb-padding-bottom-small:10px;--awb-background-color:#f2f2f2;--awb-flex-wrap:wrap;\" ><div class=\"fusion-builder-row fusion-row fusion-flex-align-items-flex-start fusion-flex-content-wrap\" style=\"max-width:1497.6px;margin-left: calc(-4% \/ 2 );margin-right: calc(-4% \/ 2 );\"><div class=\"fusion-layout-column fusion_builder_column fusion-builder-column-1 fusion_builder_column_1_1 1_1 fusion-flex-column\" style=\"--awb-bg-size:cover;--awb-width-large:100%;--awb-margin-top-large:0px;--awb-spacing-right-large:1.92%;--awb-margin-bottom-large:0px;--awb-spacing-left-large:1.92%;--awb-width-medium:100%;--awb-order-medium:0;--awb-spacing-right-medium:1.92%;--awb-spacing-left-medium:1.92%;--awb-width-small:100%;--awb-order-small:0;--awb-spacing-right-small:1.92%;--awb-spacing-left-small:1.92%;\"><div class=\"fusion-column-wrapper fusion-column-has-shadow fusion-flex-justify-content-flex-start fusion-content-layout-column\"><nav class=\"awb-menu awb-menu_row awb-menu_em-hover mobile-mode-collapse-to-button awb-menu_icons-left awb-menu_dc-yes mobile-trigger-fullwidth-off awb-menu_mobile-toggle awb-menu_indent-left mobile-size-full-absolute loading mega-menu-loading awb-menu_desktop awb-menu_dropdown awb-menu_expand-right awb-menu_transition-fade\" style=\"--awb-text-transform:uppercase;--awb-gap:10px;--awb-justify-content:space-evenly;--awb-items-padding-top:5px;--awb-items-padding-right:5px;--awb-items-padding-bottom:5px;--awb-items-padding-left:5px;--awb-color:#54585a;--awb-active-color:#54585a;--awb-active-border-bottom:3px;--awb-active-border-color:#00778b;--awb-submenu-text-transform:none;--awb-main-justify-content:flex-start;--awb-mobile-justify:flex-start;--awb-mobile-caret-left:auto;--awb-mobile-caret-right:0;--awb-fusion-font-family-typography:&quot;Nunito Sans&quot;;--awb-fusion-font-style-typography:normal;--awb-fusion-font-weight-typography:400;--awb-fusion-font-family-submenu-typography:inherit;--awb-fusion-font-style-submenu-typography:normal;--awb-fusion-font-weight-submenu-typography:400;--awb-fusion-font-family-mobile-typography:inherit;--awb-fusion-font-style-mobile-typography:normal;--awb-fusion-font-weight-mobile-typography:400;\" aria-label=\"August Promotions\" data-breakpoint=\"0\" data-count=\"0\" data-transition-type=\"fade\" data-transition-time=\"300\" data-expand=\"right\"><ul id=\"menu-august-promotions\" class=\"fusion-menu awb-menu__main-ul awb-menu__main-ul_row\"><li  id=\"menu-item-206846\"  class=\"menu-item menu-item-type-post_type menu-item-object-page menu-item-206846 awb-menu__li awb-menu__main-li awb-menu__main-li_regular\"  data-item-id=\"206846\"><span class=\"awb-menu__main-background-default awb-menu__main-background-default_fade\"><\/span><span class=\"awb-menu__main-background-active awb-menu__main-background-active_fade\"><\/span><a  href=\"https:\/\/eu.isagenixbusiness.com\/gift-with-enrolment-free-celletoi\/\" class=\"awb-menu__main-a awb-menu__main-a_regular\"><span class=\"menu-text\">Gift with Enrolment &#8211; FREE CELLETOI [de]<\/span><\/a><\/li><li  id=\"menu-item-206827\"  class=\"menu-item menu-item-type-post_type menu-item-object-page menu-item-206827 awb-menu__li awb-menu__main-li awb-menu__main-li_regular\"  data-item-id=\"206827\"><span class=\"awb-menu__main-background-default awb-menu__main-background-default_fade\"><\/span><span class=\"awb-menu__main-background-active awb-menu__main-background-active_fade\"><\/span><a  href=\"https:\/\/eu.isagenixbusiness.com\/consultant-development-pool-2024\/\" class=\"awb-menu__main-a awb-menu__main-a_regular\"><span class=\"menu-text\">Consultant Development Pool [de]<\/span><\/a><\/li><\/ul><\/nav><\/div><\/div><\/div><\/div><div class=\"fusion-fullwidth fullwidth-box fusion-builder-row-3 fusion-flex-container has-pattern-background has-mask-background nonhundred-percent-fullwidth non-hundred-percent-height-scrolling\" style=\"--awb-border-radius-top-left:0px;--awb-border-radius-top-right:0px;--awb-border-radius-bottom-right:0px;--awb-border-radius-bottom-left:0px;--awb-padding-top:20px;--awb-flex-wrap:wrap;\" ><div class=\"fusion-builder-row fusion-row fusion-flex-align-items-flex-start fusion-flex-content-wrap\" style=\"max-width:1497.6px;margin-left: calc(-4% \/ 2 );margin-right: calc(-4% \/ 2 );\"><div class=\"fusion-layout-column fusion_builder_column fusion-builder-column-2 fusion_builder_column_1_3 1_3 fusion-flex-column\" style=\"--awb-bg-size:cover;--awb-width-large:33.333333333333%;--awb-margin-top-large:0px;--awb-spacing-right-large:5.76%;--awb-margin-bottom-large:20px;--awb-spacing-left-large:5.76%;--awb-width-medium:100%;--awb-order-medium:0;--awb-spacing-right-medium:1.92%;--awb-spacing-left-medium:1.92%;--awb-width-small:100%;--awb-order-small:0;--awb-spacing-right-small:1.92%;--awb-spacing-left-small:1.92%;\"><div class=\"fusion-column-wrapper fusion-column-has-shadow fusion-flex-justify-content-flex-start fusion-content-layout-column\"><div class=\"fusion-image-element \" style=\"--awb-caption-title-font-family:var(--h2_typography-font-family);--awb-caption-title-font-weight:var(--h2_typography-font-weight);--awb-caption-title-font-style:var(--h2_typography-font-style);--awb-caption-title-size:var(--h2_typography-font-size);--awb-caption-title-transform:var(--h2_typography-text-transform);--awb-caption-title-line-height:var(--h2_typography-line-height);--awb-caption-title-letter-spacing:var(--h2_typography-letter-spacing);\"><span class=\" fusion-imageframe imageframe-none imageframe-1 hover-type-none\"><img decoding=\"async\" width=\"1250\" height=\"2500\" title=\"Celletio No Copy 300&#215;600\" src=\"https:\/\/eu.isagenixbusiness.com\/wp-content\/uploads\/2024\/07\/Celletio-No-Copy-300x600-1.jpg\" alt class=\"img-responsive wp-image-206928\" srcset=\"https:\/\/eu.isagenixbusiness.com\/wp-content\/uploads\/2024\/07\/Celletio-No-Copy-300x600-1-200x400.jpg 200w, https:\/\/eu.isagenixbusiness.com\/wp-content\/uploads\/2024\/07\/Celletio-No-Copy-300x600-1-400x800.jpg 400w, https:\/\/eu.isagenixbusiness.com\/wp-content\/uploads\/2024\/07\/Celletio-No-Copy-300x600-1-600x1200.jpg 600w, https:\/\/eu.isagenixbusiness.com\/wp-content\/uploads\/2024\/07\/Celletio-No-Copy-300x600-1-800x1600.jpg 800w, https:\/\/eu.isagenixbusiness.com\/wp-content\/uploads\/2024\/07\/Celletio-No-Copy-300x600-1-1200x2400.jpg 1200w, https:\/\/eu.isagenixbusiness.com\/wp-content\/uploads\/2024\/07\/Celletio-No-Copy-300x600-1.jpg 1250w\" sizes=\"(max-width: 1024px) 100vw, (max-width: 640px) 100vw, 600px\" \/><\/span><\/div><\/div><\/div><div class=\"fusion-layout-column fusion_builder_column fusion-builder-column-3 fusion_builder_column_2_3 2_3 fusion-flex-column\" style=\"--awb-bg-size:cover;--awb-width-large:66.666666666667%;--awb-margin-top-large:0px;--awb-spacing-right-large:2.88%;--awb-margin-bottom-large:20px;--awb-spacing-left-large:2.88%;--awb-width-medium:100%;--awb-order-medium:0;--awb-spacing-right-medium:1.92%;--awb-spacing-left-medium:1.92%;--awb-width-small:100%;--awb-order-small:0;--awb-spacing-right-small:1.92%;--awb-spacing-left-small:1.92%;\"><div class=\"fusion-column-wrapper fusion-column-has-shadow fusion-flex-justify-content-flex-start fusion-content-layout-column\"><div class=\"fusion-text fusion-text-3 fusion-text-no-margin\" style=\"--awb-font-size:32px;--awb-letter-spacing:2px;--awb-margin-top:15px;--awb-margin-bottom:25px;--awb-text-font-family:&quot;Nunito Sans&quot;;--awb-text-font-style:normal;--awb-text-font-weight:600;\"><p>Kostenlose Celletoi\u2122 Firming Cashmere Cream und Celletoi\u2122 Advanced Youth Serum!<\/p>\n<\/div><div class=\"fusion-text fusion-text-4\" style=\"--awb-text-font-family:&quot;Nunito&quot;;--awb-text-font-style:normal;--awb-text-font-weight:400;\"><p>Helfen Sie neuen Mitgliedern, mit einer qualifizierten Bestellung von 200 \u20ac\/\u00a3160 oder mehr, Mitglied bei Treuebonus-Bestellungen zu werden, und sie erhalten eine GRATIS Celletoi\u00ae Firming Cashmere Cream &amp; Advanced Youth Serum vom 29. Juli &#8211; 25. August 2024!<\/p>\n<\/div><div class=\"fusion-text fusion-text-5\" style=\"--awb-font-size:25px;--awb-margin-top:15px;--awb-text-font-family:&quot;DM Serif Display&quot;;--awb-text-font-style:normal;--awb-text-font-weight:400;\"><p>Was Ihr neues Mitglied tun muss, um die kostenlose Celletoi\u2122 Firming Cashmere Cream und das Celletoi\u2122 Advanced Youth Serum zu erhalten:<\/p>\n<\/div><div class=\"fusion-text fusion-text-6\" style=\"--awb-margin-top:-15px;--awb-text-font-family:&quot;Nunito&quot;;--awb-text-font-style:normal;--awb-text-font-weight:400;\"><ol>\n<li>Bestellen Sie mehr als den Mindestumsatz von 200 \u20ac\/\u00a3160<\/li>\n<li>Registrieren Sie sich mit Treuebonus-Bestellung<\/li>\n<li>Die kostenlose Celletoi\u2122 Firming Cashmere Cream und das Celletoi\u2122 Advanced Youth Serum (im Wert von mehr als 160 \u20ac\/\u00a3130) werden automatisch zu Ihrer Bestellung hinzugef\u00fcgt.<\/li>\n<\/ol>\n<\/div><div class=\"fusion-text fusion-text-7\" style=\"--awb-text-font-family:&quot;Nunito&quot;;--awb-text-font-style:normal;--awb-text-font-weight:400;\"><p><strong>Bitte beachten Sie, dass Sie bei der Anmeldung mit empfohlenen Einkaufswagen, Ihren Einkaufswagen neu erstellen m\u00fcssen, damit Ihr Kunde die kostenlose Celletoi\u2122 Firming Cashmere Cream und das Celletoi\u2122 Advanced Youth Serum erhalten kann. Sehen Sie sich das Demo-Video hier an (Link: https:\/\/vimeo.com\/952137333\/35311c25c2).<\/strong><\/p>\n<\/div><div class=\"fusion-text fusion-text-8\" style=\"--awb-font-size:25px;--awb-margin-top:15px;--awb-text-font-family:&quot;DM Serif Display&quot;;--awb-text-font-style:normal;--awb-text-font-weight:400;\"><p>Warum Celletoi\u2122 Straffende Kaschmir-Creme?<\/p>\n<\/div><div class=\"fusion-text fusion-text-9\" style=\"--awb-margin-top:-15px;--awb-text-font-family:&quot;Nunito&quot;;--awb-text-font-style:normal;--awb-text-font-weight:400;\"><p>Diese luxuri\u00f6se, ultra-reichhaltige Creme gleitet wie Kaschmir und zieht tief in die Haut ein, um sie nachhaltig mit Feuchtigkeit zu versorgen und eine ges\u00fcndere, straffere und strahlendere Haut zu erhalten.<\/p>\n<ul>\n<li>Die Celletoi Botanical Blend\u2122 hilft, die Haut zu n\u00e4hren und vor sch\u00e4dlichen t\u00e4glichen Toxinen und Schadstoffen zu sch\u00fctzen.<\/li>\n<li>Unsere Ceraposome\u2122 Ceramide und Hyalurons\u00e4ure helfen, eine Schutzschicht zu bilden, um das Feuchtigkeitsgleichgewicht Ihrer Haut zu erhalten.<\/li>\n<li>Spendet tiefenwirksam Feuchtigkeit, die den ganzen Tag anh\u00e4lt und die Haut sichtbar straffer und erholt aussehen l\u00e4sst.<\/li>\n<li>Die Celletoi Peptide Blend\u2122 bek\u00e4mpft feine Linien und F\u00e4ltchen und sorgt f\u00fcr einen strahlenden, lebendigen Teint<\/li>\n<li>Vegan und frei von Tierqu\u00e4lerei<\/li>\n<\/ul>\n<\/div><div class=\"fusion-text fusion-text-10\" style=\"--awb-font-size:25px;--awb-margin-top:15px;--awb-text-font-family:&quot;DM Serif Display&quot;;--awb-text-font-style:normal;--awb-text-font-weight:400;\"><p>Warum Celletoi\u2122 Advanced Youth Serum?<\/p>\n<\/div><div class=\"fusion-text fusion-text-11\" style=\"--awb-margin-top:-15px;--awb-text-font-family:&quot;Nunito&quot;;--awb-text-font-style:normal;--awb-text-font-weight:400;\"><p>Dieses leichte und luxuri\u00f6se Serum f\u00f6rdert m\u00fchelos den Erneuerungsprozess Ihrer Haut, um die Zeichen der Hautalterung zu reduzieren und ein strahlendes, jugendliches Aussehen zu erhalten.<\/p>\n<ul>\n<li>Celletoi Peptide Blend\u2122 durchflutet Ihre Haut mit Proteinen, um einen strahlenden, lebendigen Teint und sichtbar reduzierte feine Linien zu enth\u00fcllen.<\/li>\n<li>Der Celletoi BioFirm Complex\u2122 dringt tief in die Hautoberfl\u00e4che ein, um den nat\u00fcrlichen Erneuerungsprozess der Haut zu unterst\u00fctzen und ihr eine unwiderstehliche Festigkeit, verbesserte Elastizit\u00e4t und Spannkraft zu verleihen.<\/li>\n<li>Die Celletoi Botanical Blend\u2122 n\u00e4hrt und sch\u00fctzt die Haut mit wirkungsvollen Antioxidantien wie Ginseng, gr\u00fcnem Tee und Kurkuma<\/li>\n<li>Vegan und frei von Grausamkeiten<\/li>\n<\/ul>\n<\/div><\/div><\/div><\/div><\/div><div class=\"fusion-fullwidth fullwidth-box fusion-builder-row-4 fusion-flex-container has-pattern-background has-mask-background nonhundred-percent-fullwidth non-hundred-percent-height-scrolling\" style=\"--awb-border-radius-top-left:0px;--awb-border-radius-top-right:0px;--awb-border-radius-bottom-right:0px;--awb-border-radius-bottom-left:0px;--awb-padding-top:20px;--awb-padding-bottom:30px;--awb-background-color:#edf5f9;--awb-flex-wrap:wrap;\" ><div class=\"fusion-builder-row fusion-row fusion-flex-align-items-center fusion-flex-content-wrap\" style=\"max-width:1497.6px;margin-left: calc(-4% \/ 2 );margin-right: calc(-4% \/ 2 );\"><div class=\"fusion-layout-column fusion_builder_column fusion-builder-column-4 fusion_builder_column_1_1 1_1 fusion-flex-column\" style=\"--awb-bg-size:cover;--awb-width-large:100%;--awb-margin-top-large:0px;--awb-spacing-right-large:1.92%;--awb-margin-bottom-large:20px;--awb-spacing-left-large:1.92%;--awb-width-medium:100%;--awb-order-medium:0;--awb-spacing-right-medium:1.92%;--awb-spacing-left-medium:1.92%;--awb-width-small:100%;--awb-order-small:0;--awb-spacing-right-small:1.92%;--awb-spacing-left-small:1.92%;\"><div class=\"fusion-column-wrapper fusion-column-has-shadow fusion-flex-justify-content-flex-start fusion-content-layout-column\"><div class=\"fusion-text fusion-text-12\" style=\"--awb-font-size:25px;--awb-text-color:var(--awb-color4);--awb-margin-top:15px;--awb-margin-right:200px;--awb-margin-left:200px;--awb-text-font-family:&quot;DM Serif Display&quot;;--awb-text-font-style:normal;--awb-text-font-weight:400;\"><p>FAQs<\/p>\n<\/div><div class=\"accordian fusion-accordian\" style=\"--awb-padding-right:200px;--awb-padding-left:200px;--awb-border-size:1px;--awb-icon-size:13px;--awb-content-font-size:16px;--awb-icon-alignment:left;--awb-hover-color:#f9f9f9;--awb-border-color:#eeefee;--awb-background-color:#ffffff;--awb-divider-color:#eeefee;--awb-divider-hover-color:#eeefee;--awb-icon-color:#ffffff;--awb-title-color:#54585a;--awb-content-color:#54585a;--awb-icon-box-color:#55585a;--awb-toggle-hover-accent-color:#00778b;--awb-title-font-family:&quot;Montserrat&quot;;--awb-title-font-weight:400;--awb-title-font-style:normal;--awb-title-font-size:18px;--awb-content-font-family:&quot;Montserrat&quot;;--awb-content-font-style:normal;--awb-content-font-weight:400;\"><div class=\"panel-group fusion-toggle-icon-boxed\" id=\"accordion-206914-1\"><div class=\"fusion-panel panel-default panel-a424d58f6ad8f3ba9 fusion-toggle-no-divider\" style=\"--awb-title-color:#54585a;--awb-content-color:#54585a;\"><div class=\"panel-heading\"><h4 class=\"panel-title toggle\" id=\"toggle_a424d58f6ad8f3ba9\"><a aria-expanded=\"false\" aria-controls=\"a424d58f6ad8f3ba9\" role=\"button\" data-toggle=\"collapse\" data-parent=\"#accordion-206914-1\" data-target=\"#a424d58f6ad8f3ba9\" href=\"#a424d58f6ad8f3ba9\"><span class=\"fusion-toggle-icon-wrapper\" aria-hidden=\"true\"><i class=\"fa-fusion-box active-icon awb-icon-minus\" aria-hidden=\"true\"><\/i><i class=\"fa-fusion-box inactive-icon awb-icon-plus\" aria-hidden=\"true\"><\/i><\/span><span class=\"fusion-toggle-heading\">F\u00fcr wen gilt die Aktion \u201eGratisgeschenk beim Kauf\u201c?<\/span><\/a><\/h4><\/div><div id=\"a424d58f6ad8f3ba9\" class=\"panel-collapse collapse \" aria-labelledby=\"toggle_a424d58f6ad8f3ba9\"><div class=\"panel-body toggle-content fusion-clearfix\">\n<p>Diese Aktion gilt f\u00fcr jedes neue Mitglied, das sich mit Treuebonus-Bestellungen anmeldet und mehr als 200 \u20ac\/\u00a3160 ausgibt. Nicht verf\u00fcgbar f\u00fcr Brand Partners.<\/p>\n<\/div><\/div><\/div><div class=\"fusion-panel panel-default panel-db8d45391e6d5e23f fusion-toggle-no-divider\" style=\"--awb-title-color:#54585a;--awb-content-color:#54585a;\"><div class=\"panel-heading\"><h4 class=\"panel-title toggle\" id=\"toggle_db8d45391e6d5e23f\"><a aria-expanded=\"false\" aria-controls=\"db8d45391e6d5e23f\" role=\"button\" data-toggle=\"collapse\" data-parent=\"#accordion-206914-1\" data-target=\"#db8d45391e6d5e23f\" href=\"#db8d45391e6d5e23f\"><span class=\"fusion-toggle-icon-wrapper\" aria-hidden=\"true\"><i class=\"fa-fusion-box active-icon awb-icon-minus\" aria-hidden=\"true\"><\/i><i class=\"fa-fusion-box inactive-icon awb-icon-plus\" aria-hidden=\"true\"><\/i><\/span><span class=\"fusion-toggle-heading\">F\u00fcr welche Produkte gilt die Aktion \u201eKostenloses Geschenk beim Kauf\u201c?<\/span><\/a><\/h4><\/div><div id=\"db8d45391e6d5e23f\" class=\"panel-collapse collapse \" aria-labelledby=\"toggle_db8d45391e6d5e23f\"><div class=\"panel-body toggle-content fusion-clearfix\">\n<p>Alle unsere Produkte sind f\u00fcr die Werbeaktion \u201eGratisgeschenk beim Kauf\u201c geeignet, allerdings muss die Bestellung den Schwellenwert von 200 \u20ac\/\u00a3160 \u00fcbersteigen.<\/p>\n<\/div><\/div><\/div><div class=\"fusion-panel panel-default panel-14998fda5002df8e1 fusion-toggle-no-divider\" style=\"--awb-title-color:#54585a;--awb-content-color:#54585a;\"><div class=\"panel-heading\"><h4 class=\"panel-title toggle\" id=\"toggle_14998fda5002df8e1\"><a aria-expanded=\"false\" aria-controls=\"14998fda5002df8e1\" role=\"button\" data-toggle=\"collapse\" data-parent=\"#accordion-206914-1\" data-target=\"#14998fda5002df8e1\" href=\"#14998fda5002df8e1\"><span class=\"fusion-toggle-icon-wrapper\" aria-hidden=\"true\"><i class=\"fa-fusion-box active-icon awb-icon-minus\" aria-hidden=\"true\"><\/i><i class=\"fa-fusion-box inactive-icon awb-icon-plus\" aria-hidden=\"true\"><\/i><\/span><span class=\"fusion-toggle-heading\">Muss sich das neue Mitglied mit Treubonus-Bestellungen anmelden?<\/span><\/a><\/h4><\/div><div id=\"14998fda5002df8e1\" class=\"panel-collapse collapse \" aria-labelledby=\"toggle_14998fda5002df8e1\"><div class=\"panel-body toggle-content fusion-clearfix\">\n<p>Ja, das neue Mitglied muss sich mit Treuebonus-Bestellungen anmelden.<\/p>\n<\/div><\/div><\/div><div class=\"fusion-panel panel-default panel-9bdee4927802fb54f fusion-toggle-no-divider\" style=\"--awb-title-color:#54585a;--awb-content-color:#54585a;\"><div class=\"panel-heading\"><h4 class=\"panel-title toggle\" id=\"toggle_9bdee4927802fb54f\"><a aria-expanded=\"false\" aria-controls=\"9bdee4927802fb54f\" role=\"button\" data-toggle=\"collapse\" data-parent=\"#accordion-206914-1\" data-target=\"#9bdee4927802fb54f\" href=\"#9bdee4927802fb54f\"><span class=\"fusion-toggle-icon-wrapper\" aria-hidden=\"true\"><i class=\"fa-fusion-box active-icon awb-icon-minus\" aria-hidden=\"true\"><\/i><i class=\"fa-fusion-box inactive-icon awb-icon-plus\" aria-hidden=\"true\"><\/i><\/span><span class=\"fusion-toggle-heading\">Funktioniert die Werbeaktion \u201eGratisgeschenk bei Kauf\u201c mit empfohlenen Einkaufswagen?<\/span><\/a><\/h4><\/div><div id=\"9bdee4927802fb54f\" class=\"panel-collapse collapse \" aria-labelledby=\"toggle_9bdee4927802fb54f\"><div class=\"panel-body toggle-content fusion-clearfix\">\n<p>Die Aktion \u201eGratisgeschenk mit Kauf\u201c funktioniert auch mit empfohlenen Einkaufswagen, Sie m\u00fcssen jedoch sicherstellen, dass Sie Ihren Einkausfwagen in dem neuen System erstellen. Hier finden Sie ein Video, in dem dies genauer erkl\u00e4rt wird:<\/p>\n<div class=\"video-shortcode\"><iframe title=\"Elevate your Isagenix Business: The Demo Guide to Recommended Carts\" src=\"https:\/\/player.vimeo.com\/video\/952137333?dnt=1&amp;app_id=122963\" width=\"1440\" height=\"810\" frameborder=\"0\" allow=\"autoplay; fullscreen; picture-in-picture; clipboard-write\"><\/iframe><\/div>\n<\/div><\/div><\/div><\/div><\/div><\/div><\/div><\/div><\/div><div class=\"fusion-fullwidth fullwidth-box fusion-builder-row-5 fusion-flex-container has-pattern-background has-mask-background nonhundred-percent-fullwidth non-hundred-percent-height-scrolling\" style=\"--awb-border-radius-top-left:0px;--awb-border-radius-top-right:0px;--awb-border-radius-bottom-right:0px;--awb-border-radius-bottom-left:0px;--awb-padding-top:30px;--awb-padding-bottom:30px;--awb-flex-wrap:wrap;\" ><div class=\"fusion-builder-row fusion-row fusion-flex-align-items-flex-start fusion-flex-content-wrap\" style=\"max-width:1497.6px;margin-left: calc(-4% \/ 2 );margin-right: calc(-4% \/ 2 );\"><div class=\"fusion-layout-column fusion_builder_column fusion-builder-column-5 fusion_builder_column_1_1 1_1 fusion-flex-column\" style=\"--awb-bg-size:cover;--awb-width-large:100%;--awb-margin-top-large:0px;--awb-spacing-right-large:1.92%;--awb-margin-bottom-large:20px;--awb-spacing-left-large:1.92%;--awb-width-medium:100%;--awb-order-medium:0;--awb-spacing-right-medium:1.92%;--awb-spacing-left-medium:1.92%;--awb-width-small:100%;--awb-order-small:0;--awb-spacing-right-small:1.92%;--awb-spacing-left-small:1.92%;\"><div class=\"fusion-column-wrapper fusion-column-has-shadow fusion-flex-justify-content-flex-start fusion-content-layout-column\"><div class=\"fusion-text fusion-text-13\" style=\"--awb-font-size:15px;--awb-margin-right:50px;--awb-margin-left:50px;--awb-text-font-family:&quot;Nunito&quot;;--awb-text-font-style:normal;--awb-text-font-weight:400;\"><p>Allgemeine Gesch\u00e4ftsbedingungen: Das Angebot ist g\u00fcltig vom 29. Juli 2024, 12 Uhr ET, bis zum 25. August 2024, 23:59 Uhr ET. Nur einmal pro Neukunde nutzbar. Das Angebot gilt nur f\u00fcr Neubestellungen von Member Treuebonus-Bestellungen (Autoship) im Wert von 200 \u20ac\/\u00a3160 oder mehr, ohne Versandkosten, die in die europ\u00e4ischen L\u00e4nder geliefert werden, in denen Isagenix t\u00e4tig ist. Qualifizierte Bestellungen erhalten eine kostenlose Celletoi\u00ae Firming Cashmere Cream und ein kostenloses Celletoi\u2122 Advanced Youth Serum. Der Betrag des Gratisprodukts ist nicht \u00fcbertragbar und kann nicht in bar abgel\u00f6st werden. Nicht g\u00fcltig f\u00fcr bestehende Isagenix-Kunden, unabh\u00e4ngige Partner oder Brand Partner.<\/p>\n<\/div><\/div><\/div><\/div><\/div><\/p>\n","protected":false},"excerpt":{"rendered":"","protected":false},"author":9877,"featured_media":0,"parent":0,"menu_order":0,"comment_status":"closed","ping_status":"closed","template":"","meta":{"_acf_changed":false,"footnotes":""},"class_list":["post-206914","page","type-page","status-publish","hentry"],"acf":[],"_links":{"self":[{"href":"https:\/\/eu.isagenixbusiness.com\/de-eu\/wp-json\/wp\/v2\/pages\/206914","targetHints":{"allow":["GET"]}}],"collection":[{"href":"https:\/\/eu.isagenixbusiness.com\/de-eu\/wp-json\/wp\/v2\/pages"}],"about":[{"href":"https:\/\/eu.isagenixbusiness.com\/de-eu\/wp-json\/wp\/v2\/types\/page"}],"author":[{"embeddable":true,"href":"https:\/\/eu.isagenixbusiness.com\/de-eu\/wp-json\/wp\/v2\/users\/9877"}],"replies":[{"embeddable":true,"href":"https:\/\/eu.isagenixbusiness.com\/de-eu\/wp-json\/wp\/v2\/comments?post=206914"}],"version-history":[{"count":8,"href":"https:\/\/eu.isagenixbusiness.com\/de-eu\/wp-json\/wp\/v2\/pages\/206914\/revisions"}],"predecessor-version":[{"id":207498,"href":"https:\/\/eu.isagenixbusiness.com\/de-eu\/wp-json\/wp\/v2\/pages\/206914\/revisions\/207498"}],"wp:attachment":[{"href":"https:\/\/eu.isagenixbusiness.com\/de-eu\/wp-json\/wp\/v2\/media?parent=206914"}],"curies":[{"name":"wp","href":"https:\/\/api.w.org\/{rel}","templated":true}]}}