{"id":208867,"date":"2024-09-26T15:40:29","date_gmt":"2024-09-26T14:40:29","guid":{"rendered":"https:\/\/eu.isagenixbusiness.com\/?page_id=208867"},"modified":"2024-12-10T14:58:24","modified_gmt":"2024-12-10T14:58:24","slug":"free-swag-promo","status":"publish","type":"page","link":"https:\/\/eu.isagenixbusiness.com\/de-eu\/free-swag-promo\/","title":{"rendered":"Free Swag Promo"},"content":{"rendered":"<p><div class=\"fusion-fullwidth fullwidth-box fusion-builder-row-1 fusion-flex-container has-pattern-background has-mask-background nonhundred-percent-fullwidth non-hundred-percent-height-scrolling\" style=\"--awb-border-radius-top-left:0px;--awb-border-radius-top-right:0px;--awb-border-radius-bottom-right:0px;--awb-border-radius-bottom-left:0px;--awb-padding-top:20px;--awb-flex-wrap:wrap;\" ><div class=\"fusion-builder-row fusion-row fusion-flex-align-items-flex-start fusion-flex-content-wrap\" style=\"max-width:1497.6px;margin-left: calc(-4% \/ 2 );margin-right: calc(-4% \/ 2 );\"><div class=\"fusion-layout-column fusion_builder_column fusion-builder-column-0 fusion_builder_column_1_3 1_3 fusion-flex-column fusion-no-small-visibility fusion-no-medium-visibility\" style=\"--awb-bg-size:cover;--awb-width-large:33.333333333333%;--awb-margin-top-large:0px;--awb-spacing-right-large:5.76%;--awb-margin-bottom-large:20px;--awb-spacing-left-large:5.76%;--awb-width-medium:100%;--awb-order-medium:0;--awb-spacing-right-medium:1.92%;--awb-spacing-left-medium:1.92%;--awb-width-small:100%;--awb-order-small:0;--awb-spacing-right-small:1.92%;--awb-spacing-left-small:1.92%;\" data-scroll-devices=\"small-visibility,medium-visibility,large-visibility\"><div class=\"fusion-column-wrapper fusion-column-has-shadow fusion-flex-justify-content-flex-start fusion-content-layout-column\"><div class=\"fusion-image-element \" style=\"--awb-caption-title-font-family:var(--h2_typography-font-family);--awb-caption-title-font-weight:var(--h2_typography-font-weight);--awb-caption-title-font-style:var(--h2_typography-font-style);--awb-caption-title-size:var(--h2_typography-font-size);--awb-caption-title-transform:var(--h2_typography-text-transform);--awb-caption-title-line-height:var(--h2_typography-line-height);--awb-caption-title-letter-spacing:var(--h2_typography-letter-spacing);\"><span class=\" fusion-imageframe imageframe-none imageframe-1 hover-type-none\"><img decoding=\"async\" width=\"500\" height=\"500\" title=\"DE &#8211; FREE SWAG\" src=\"https:\/\/eu.isagenixbusiness.com\/wp-content\/uploads\/2024\/09\/DE-FREE-SWAG.png\" alt class=\"img-responsive wp-image-208810\" srcset=\"https:\/\/eu.isagenixbusiness.com\/wp-content\/uploads\/2024\/09\/DE-FREE-SWAG-200x200.png 200w, https:\/\/eu.isagenixbusiness.com\/wp-content\/uploads\/2024\/09\/DE-FREE-SWAG-400x400.png 400w, https:\/\/eu.isagenixbusiness.com\/wp-content\/uploads\/2024\/09\/DE-FREE-SWAG.png 500w\" sizes=\"(max-width: 1024px) 100vw, (max-width: 640px) 100vw, 500px\" \/><\/span><\/div><\/div><\/div><div class=\"fusion-layout-column fusion_builder_column fusion-builder-column-1 fusion_builder_column_2_3 2_3 fusion-flex-column\" style=\"--awb-bg-size:cover;--awb-width-large:66.666666666667%;--awb-margin-top-large:0px;--awb-spacing-right-large:2.88%;--awb-margin-bottom-large:20px;--awb-spacing-left-large:2.88%;--awb-width-medium:100%;--awb-order-medium:0;--awb-spacing-right-medium:1.92%;--awb-spacing-left-medium:1.92%;--awb-width-small:100%;--awb-order-small:0;--awb-spacing-right-small:1.92%;--awb-spacing-left-small:1.92%;\"><div class=\"fusion-column-wrapper fusion-column-has-shadow fusion-flex-justify-content-flex-start fusion-content-layout-column\"><div class=\"fusion-text fusion-text-1 fusion-text-no-margin\" style=\"--awb-font-size:48px;--awb-letter-spacing:2px;--awb-margin-top:15px;--awb-margin-bottom:25px;--awb-text-font-family:&quot;DM Serif Display&quot;;--awb-text-font-style:normal;--awb-text-font-weight:400;\"><p>Lade deine Freunde ein und gewinne GRATIS SWAG!<\/p>\n<\/div><div class=\"fusion-text fusion-text-2\" style=\"--awb-font-size:20px;--awb-text-font-family:&quot;Nunito&quot;;--awb-text-font-style:normal;--awb-text-font-weight:400;\"><p>Wen kennst du, der sich innerlich und \u00e4u\u00dferlich besser f\u00fchlen m\u00f6chte?<br \/>\nWen kennst du, der von etwas mehr Geld in der Tasche profitieren w\u00fcrde?<\/p>\n<p>Jetzt ist es an der Zeit, sie anzurufen und sie zu deiner n\u00e4chsten Veranstaltung im <b>Januar <\/b>einzuladen.<\/p>\n<\/div><div class=\"fusion-text fusion-text-3\" style=\"--awb-font-size:20PX;--awb-letter-spacing:1.2px;--awb-text-transform:uppercase;--awb-text-font-family:&quot;Nunito Sans&quot;;--awb-text-font-style:normal;--awb-text-font-weight:400;\"><p>Bring zwei G\u00e4ste zu einem unserer NYKO Januar<strong>\u00a0Events<\/strong> mit und du erh\u00e4ltst eine <strong>Exklusive Isagenix-Canvas-Tasche<\/strong>!<\/p>\n<\/div><div ><a class=\"fusion-button button-flat fusion-button-default-size button-default fusion-button-default button-1 fusion-button-default-span fusion-button-default-type\" target=\"_self\" href=\"https:\/\/eu.isagenixevents.com\/\"><span class=\"fusion-button-text awb-button__text awb-button__text--default\">EVENTS<\/span><\/a><\/div><\/div><\/div><\/div><\/div><div class=\"fusion-fullwidth fullwidth-box fusion-builder-row-2 fusion-flex-container has-pattern-background has-mask-background nonhundred-percent-fullwidth non-hundred-percent-height-scrolling\" style=\"--awb-border-radius-top-left:0px;--awb-border-radius-top-right:0px;--awb-border-radius-bottom-right:0px;--awb-border-radius-bottom-left:0px;--awb-margin-top:50px;--awb-flex-wrap:wrap;\" ><div class=\"fusion-builder-row fusion-row fusion-flex-align-items-flex-start fusion-flex-content-wrap\" style=\"max-width:1497.6px;margin-left: calc(-4% \/ 2 );margin-right: calc(-4% \/ 2 );\"><div class=\"fusion-layout-column fusion_builder_column fusion-builder-column-2 fusion_builder_column_1_1 1_1 fusion-flex-column\" style=\"--awb-bg-size:cover;--awb-width-large:100%;--awb-margin-top-large:0px;--awb-spacing-right-large:1.92%;--awb-margin-bottom-large:20px;--awb-spacing-left-large:1.92%;--awb-width-medium:100%;--awb-order-medium:0;--awb-spacing-right-medium:1.92%;--awb-spacing-left-medium:1.92%;--awb-width-small:100%;--awb-order-small:0;--awb-spacing-right-small:1.92%;--awb-spacing-left-small:1.92%;\"><div class=\"fusion-column-wrapper fusion-column-has-shadow fusion-flex-justify-content-flex-start fusion-content-layout-column\"><div class=\"fusion-text fusion-text-4\" style=\"--awb-font-size:10px;--awb-text-font-family:&quot;Nunito Sans&quot;;--awb-text-font-style:normal;--awb-text-font-weight:400;\"><p class=\"es-text-mobile-size-8\">*<b>Allgemeine Voraussetzungen und Bedingungen:<\/b> Die Aktion gilt f\u00fcr alle NYKO-Events vom 11. Januar 2025 (00:00 ET) bis zum 25. Januar(23:59 ET). Teilnahmeberechtigt sind alle aktiven Associates in ganz Europa. Associates, die im Januar 2 G\u00e4ste zu einem NYKO-Event mitbringen, erhalten eine exklusive schwarze Isagenix-Leinentasche. Das Design der Tasche kann variieren. Weitere Informationen finden Sie auf der Aktionsseite unter <a href=\"http:\/\/eu.isagenixbusiness.com\/?fbclid=IwZXh0bgNhZW0CMTAAAR1oWq9oKvO8r2w7FwEkKhTrtjCfiA2QlS9j2a5XLf20ji9F6fMdN55rgv0_aem_AbXU1QyE_PMlWfohOxzu4FARkxCYpxO7whlRoMb1JV-YOZdqr7aSjoi-Vd5WhnvZhUHn5kvXBtzI3bHnsdMuF8yX\">eu.IsagenixBusiness.com<\/a>.<\/p>\n<p class=\"es-text-mobile-size-8\">Isagenix garantiert keinem Associate ein bestimmtes Verdienstniveau. Die M\u00f6glichkeit, mit Isagenix Geld zu verdienen, h\u00e4ngt von vielen Faktoren ab, darunter die gesch\u00e4ftlichen, sozialen und vertrieblichen F\u00e4higkeiten eines einzelnen Associates, harte Arbeit, die Verf\u00fcgbarkeit von Zeit und finanziellen Ressourcen und der Zugang zu einem gro\u00dfen Netzwerk von Kontakten sowie Marktkr\u00e4fte, die au\u00dferhalb der Kontrolle des Associates und\/oder Isagenix liegen. Im Jahr 2023 betrug der durchschnittliche Verdienst aller aktiven und inaktiven Isagenix-Associates in den USA 787 US-Dollar vor Abzug von Ausgaben. Weitere Informationen k\u00f6nnen Sie auf <a href=\"https:\/\/IsagenixEarnings.com.\">IsagenixEarnings.com einsehen.<\/a><\/p>\n<\/div><\/div><\/div><\/div><\/div><\/p>\n","protected":false},"excerpt":{"rendered":"","protected":false},"author":18293,"featured_media":0,"parent":0,"menu_order":0,"comment_status":"closed","ping_status":"closed","template":"","meta":{"_acf_changed":false,"footnotes":""},"class_list":["post-208867","page","type-page","status-publish","hentry"],"acf":[],"_links":{"self":[{"href":"https:\/\/eu.isagenixbusiness.com\/de-eu\/wp-json\/wp\/v2\/pages\/208867","targetHints":{"allow":["GET"]}}],"collection":[{"href":"https:\/\/eu.isagenixbusiness.com\/de-eu\/wp-json\/wp\/v2\/pages"}],"about":[{"href":"https:\/\/eu.isagenixbusiness.com\/de-eu\/wp-json\/wp\/v2\/types\/page"}],"author":[{"embeddable":true,"href":"https:\/\/eu.isagenixbusiness.com\/de-eu\/wp-json\/wp\/v2\/users\/18293"}],"replies":[{"embeddable":true,"href":"https:\/\/eu.isagenixbusiness.com\/de-eu\/wp-json\/wp\/v2\/comments?post=208867"}],"version-history":[{"count":15,"href":"https:\/\/eu.isagenixbusiness.com\/de-eu\/wp-json\/wp\/v2\/pages\/208867\/revisions"}],"predecessor-version":[{"id":212131,"href":"https:\/\/eu.isagenixbusiness.com\/de-eu\/wp-json\/wp\/v2\/pages\/208867\/revisions\/212131"}],"wp:attachment":[{"href":"https:\/\/eu.isagenixbusiness.com\/de-eu\/wp-json\/wp\/v2\/media?parent=208867"}],"curies":[{"name":"wp","href":"https:\/\/api.w.org\/{rel}","templated":true}]}}