{"id":221932,"date":"2025-06-12T16:22:36","date_gmt":"2025-06-12T15:22:36","guid":{"rendered":"https:\/\/eu.isagenixbusiness.com\/?page_id=221932"},"modified":"2025-07-28T09:26:53","modified_gmt":"2025-07-28T08:26:53","slug":"dach-executive-board","status":"publish","type":"page","link":"https:\/\/eu.isagenixbusiness.com\/de-eu\/dach-executive-board\/","title":{"rendered":"DACH Executive Board"},"content":{"rendered":"<p><div class=\"fusion-fullwidth fullwidth-box fusion-builder-row-1 fusion-flex-container has-pattern-background has-mask-background nonhundred-percent-fullwidth non-hundred-percent-height-scrolling\" style=\"--awb-border-radius-top-left:0px;--awb-border-radius-top-right:0px;--awb-border-radius-bottom-right:0px;--awb-border-radius-bottom-left:0px;--awb-background-color:#fbf4ef;--awb-flex-wrap:wrap;\" ><div class=\"fusion-builder-row fusion-row fusion-flex-align-items-flex-start fusion-flex-content-wrap\" style=\"max-width:1497.6px;margin-left: calc(-4% \/ 2 );margin-right: calc(-4% \/ 2 );\"><div class=\"fusion-layout-column fusion_builder_column fusion-builder-column-0 fusion_builder_column_1_1 1_1 fusion-flex-column\" style=\"--awb-bg-image:url(&#039;https:\/\/eu.isagenixbusiness.com\/wp-content\/uploads\/2025\/06\/Copy-of-DACH-EXECUTIVE-BOARD-1280-x-720-px.png&#039;);--awb-bg-size:cover;--awb-width-large:100%;--awb-margin-top-large:2%;--awb-spacing-right-large:1.92%;--awb-margin-bottom-large:20px;--awb-spacing-left-large:1.92%;--awb-width-medium:100%;--awb-order-medium:0;--awb-spacing-right-medium:1.92%;--awb-spacing-left-medium:1.92%;--awb-width-small:100%;--awb-order-small:0;--awb-spacing-right-small:1.92%;--awb-spacing-left-small:1.92%;\" data-scroll-devices=\"small-visibility,medium-visibility,large-visibility\"><div class=\"fusion-column-wrapper fusion-column-has-shadow fusion-flex-justify-content-flex-start fusion-content-layout-column fusion-empty-column-bg-image fusion-column-has-bg-image\" data-bg-url=\"https:\/\/eu.isagenixbusiness.com\/wp-content\/uploads\/2025\/06\/Copy-of-DACH-EXECUTIVE-BOARD-1280-x-720-px.png\"><img decoding=\"async\" class=\"fusion-empty-dims-img-placeholder\" aria-label=\"Copy of DACH EXECUTIVE BOARD (1280 x 720 px)\" src=\"data:image\/svg+xml,%3Csvg%20xmlns%3D%27http%3A%2F%2Fwww.w3.org%2F2000%2Fsvg%27%20width%3D%272400%27%20height%3D%27600%27%20viewBox%3D%270%200%202400%20600%27%3E%3Crect%20width%3D%272400%27%20height%3D%27600%27%20fill-opacity%3D%220%22%2F%3E%3C%2Fsvg%3E\"><\/div><\/div><\/div><\/div><div class=\"fusion-fullwidth fullwidth-box fusion-builder-row-2 fusion-flex-container has-pattern-background has-mask-background nonhundred-percent-fullwidth non-hundred-percent-height-scrolling\" style=\"--awb-border-radius-top-left:0px;--awb-border-radius-top-right:0px;--awb-border-radius-bottom-right:0px;--awb-border-radius-bottom-left:0px;--awb-background-color:#fbf4ef;--awb-flex-wrap:wrap;\" ><div class=\"fusion-builder-row fusion-row fusion-flex-align-items-center fusion-flex-justify-content-center fusion-flex-content-wrap\" style=\"max-width:1497.6px;margin-left: calc(-4% \/ 2 );margin-right: calc(-4% \/ 2 );\"><div class=\"fusion-layout-column fusion_builder_column fusion-builder-column-1 fusion-flex-column fusion-no-small-visibility\" style=\"--awb-bg-size:cover;--awb-width-large:80%;--awb-margin-top-large:50PX;--awb-spacing-right-large:2.4%;--awb-margin-bottom-large:20px;--awb-spacing-left-large:2.4%;--awb-width-medium:100%;--awb-order-medium:0;--awb-spacing-right-medium:1.92%;--awb-spacing-left-medium:1.92%;--awb-width-small:100%;--awb-order-small:0;--awb-spacing-right-small:1.92%;--awb-spacing-left-small:1.92%;\" data-scroll-devices=\"small-visibility,medium-visibility,large-visibility\"><div class=\"fusion-column-wrapper fusion-column-has-shadow fusion-flex-justify-content-center fusion-content-layout-column\"><div class=\"fusion-text fusion-text-1\" style=\"--awb-content-alignment:center;--awb-font-size:35px;--awb-line-height:1.1;--awb-text-transform:uppercase;--awb-text-color:var(--awb-color3);--awb-text-font-family:&quot;Nunito Sans&quot;;--awb-text-font-style:normal;--awb-text-font-weight:700;\"><h2>Gro\u00dfe Neuigkeiten f\u00fcr alle, die in der DACH-Region richtig durchstarten wollen!<\/h2>\n<\/div><div class=\"fusion-text fusion-text-2\" style=\"--awb-content-alignment:center;--awb-font-size:20px;\"><p style=\"text-align: center;\">Wenn du zwischen dem\u00a0<strong>2. Juni und 31. August<\/strong>\u00a0<strong>Paid-As Director<\/strong>\u00a0oder\u00a0<strong>Paid-As Executive<\/strong>\u00a0wirst \u2013 auch nur einmal \u2013 laden wir dich zu einem ganz besonderen Event ein: dem\u00a0<strong>DACH Executive Board<\/strong>. Das ist deine Chance, mehr Einflu\u00df zu gewinnen, Insider-Einblicke zu erhalten und die Zukunft von Isagenix in der DACH Region mitzugestalten \u2013 in entspannter, inspirierender Atmosph\u00e4re.<\/p>\n<\/div><\/div><\/div><div class=\"fusion-layout-column fusion_builder_column fusion-builder-column-2 fusion-flex-column fusion-flex-align-self-center\" style=\"--awb-padding-top:10px;--awb-padding-right:10px;--awb-padding-bottom:10px;--awb-padding-left:10px;--awb-overflow:hidden;--awb-bg-color:#bd4f37;--awb-bg-color-hover:#bd4f37;--awb-bg-size:cover;--awb-border-radius:10px 10px 10px 10px;--awb-width-large:80%;--awb-margin-top-large:0px;--awb-spacing-right-large:2.4%;--awb-margin-bottom-large:20px;--awb-spacing-left-large:2.4%;--awb-width-medium:100%;--awb-order-medium:0;--awb-spacing-right-medium:1.92%;--awb-spacing-left-medium:1.92%;--awb-width-small:100%;--awb-order-small:0;--awb-spacing-right-small:1.92%;--awb-spacing-left-small:1.92%;\" data-scroll-devices=\"small-visibility,medium-visibility,large-visibility\"><div class=\"fusion-column-wrapper fusion-column-has-shadow fusion-flex-justify-content-center fusion-content-layout-column\"><div class=\"fusion-text fusion-text-3 .avada-container \" style=\"--awb-content-alignment:center;--awb-font-size:20px;--awb-text-color:#ffffff;\"><p style=\"text-align: center;\"><strong>Was dich erwartet:<\/strong><\/p>\n<p><strong>\u2728 <\/strong>Eine pers\u00f6nliche Einladung zum exklusiven DACH Executive Board Event am 13.\u201314. September<\/p>\n<p><strong>\ud83d\udecf\ufe0f <\/strong>Eine \u00dcbernachtung im Sofitel Munich Bayerpost Hotel (am 13. September)<\/p>\n<p><strong>\ud83d\udcc8<\/strong> Exklusive\u00a0Workshops &amp; spannende Gespr\u00e4chemit dem Leadership-Team<\/p>\n<p>\ud83e\udd1d Team-Building Aktivit\u00e4ten\u00a0f\u00fcr eine konstruktive Zusammenarbeit<\/p>\n<p><strong>\ud83c\udf89 <\/strong>Coole Social-Momente, um Erfolge zu feiern und dich zu vernetzen<\/p>\n<\/div><\/div><\/div><div class=\"fusion-layout-column fusion_builder_column fusion-builder-column-3 fusion_builder_column_4_5 4_5 fusion-flex-column fusion-no-small-visibility\" style=\"--awb-bg-size:cover;--awb-width-large:80%;--awb-margin-top-large:50PX;--awb-spacing-right-large:2.4%;--awb-margin-bottom-large:20px;--awb-spacing-left-large:2.4%;--awb-width-medium:100%;--awb-order-medium:0;--awb-spacing-right-medium:1.92%;--awb-spacing-left-medium:1.92%;--awb-width-small:100%;--awb-order-small:0;--awb-spacing-right-small:1.92%;--awb-spacing-left-small:1.92%;\" data-scroll-devices=\"small-visibility,medium-visibility,large-visibility\"><div class=\"fusion-column-wrapper fusion-column-has-shadow fusion-flex-justify-content-center fusion-content-layout-column\"><div class=\"fusion-text fusion-text-4\" style=\"--awb-content-alignment:center;--awb-font-size:20px;\"><p style=\"text-align: center;\">Das ist deine Chance, mehr Einflu\u00df zu gewinnen, Insider-Einblicke zu erhalten und die Zukunft von Isagenix in der DACH Region mitzugestalten \u2013 in entspannter, inspirierender Atmosph\u00e4re.<\/p>\n<\/div><\/div><\/div><\/div><\/div><div class=\"fusion-fullwidth fullwidth-box fusion-builder-row-3 fusion-flex-container has-pattern-background has-mask-background nonhundred-percent-fullwidth non-hundred-percent-height-scrolling\" style=\"--awb-border-radius-top-left:0px;--awb-border-radius-top-right:0px;--awb-border-radius-bottom-right:0px;--awb-border-radius-bottom-left:0px;--awb-background-color:#fbf4ef;--awb-flex-wrap:wrap;\" ><div class=\"fusion-builder-row fusion-row fusion-flex-align-items-flex-start fusion-flex-content-wrap\" style=\"max-width:1497.6px;margin-left: calc(-4% \/ 2 );margin-right: calc(-4% \/ 2 );\"><div class=\"fusion-layout-column fusion_builder_column fusion-builder-column-4 fusion_builder_column_1_1 1_1 fusion-flex-column\" style=\"--awb-bg-size:cover;--awb-width-large:100%;--awb-margin-top-large:0px;--awb-spacing-right-large:1.92%;--awb-margin-bottom-large:20px;--awb-spacing-left-large:1.92%;--awb-width-medium:100%;--awb-order-medium:0;--awb-spacing-right-medium:1.92%;--awb-spacing-left-medium:1.92%;--awb-width-small:100%;--awb-order-small:0;--awb-spacing-right-small:1.92%;--awb-spacing-left-small:1.92%;\"><div class=\"fusion-column-wrapper fusion-column-has-shadow fusion-flex-justify-content-flex-start fusion-content-layout-column\"><div class=\"fusion-text fusion-text-5\" style=\"--awb-font-size:12px;--awb-line-height:1.2;--awb-text-font-family:&quot;Nunito Sans&quot;;--awb-text-font-style:normal;--awb-text-font-weight:400;\"><p>Offen f\u00fcr Isagenix Europa-Partner in \u00d6sterreich, Deutschland und der Schweiz. Alle angegebenen Zeiten sind in US Eastern Time (New Yorker Zeit).**<\/p>\n<p>Der DACH Executive Board-Wettbewerb beginnt am 2. Juni 2025 um 00:00 Uhr ET und endet am 31. August 2025 um 23:59 Uhr ET. Dieses Angebot ist nicht in allen Regionen g\u00fcltig bzw. dort, wo Isagenix nicht legal t\u00e4tig ist oder t\u00e4tig sein kann. Nicht g\u00fcltig f\u00fcr Brand Partner.<\/p>\n<p>Um eine Einladung zur DACH Executive Board-Veranstaltung sowie zu den Aktivit\u00e4ten und einer \u00dcbernachtung an einem von Isagenix gew\u00e4hlten Ort und Datum zu erhalten, muss der\/die Associate w\u00e4hrend des Wettbewerbszeitraums zu irgendeinem Zeitpunkt den bezahlten Rang eines Directors oder Executives erreichen.<\/p>\n<p>Zur Teilnahme muss die Isagenix-Position ausschlie\u00dflich von Ihnen (im rechtlichen Namen) und gegebenenfalls Ihrem Ehepartner (im Anerkennungsnamen) gef\u00fchrt werden \u2013 unter Ausschluss aller anderen Personen. Die Teilnahme gilt als vollst\u00e4ndige und vorbehaltlose Zustimmung zu diesen Teilnahmebedingungen sowie allen ver\u00f6ffentlichten Promotionsregeln, FAQs oder Richtlinien und zu den Entscheidungen von Isagenix, die in allen Angelegenheiten im Zusammenhang mit dem Wettbewerb endg\u00fcltig und bindend sind. Re-Entry-Punkte werden im Rahmen der urspr\u00fcnglichen Organisation berechnet. Isagenix beh\u00e4lt sich das Recht vor, nach eigenem Ermessen diesen Wettbewerb jederzeit und aus beliebigem Grund abzusagen, zu beenden, zu \u00e4ndern oder auszusetzen. Wettbewerbsregeln und -termine k\u00f6nnen von Isagenix jederzeit und ohne Vorank\u00fcndigung ge\u00e4ndert werden.<\/p>\n<p>Isagenix beh\u00e4lt sich das Recht vor, jegliches Volumen, Verg\u00fctungen, Anerkennungen oder andere im Rahmen dieses Wettbewerbs gew\u00e4hrte Anreize zu \u00fcberpr\u00fcfen, anzupassen oder zu verweigern, um sicherzustellen, dass der Geist des Wettbewerbs gewahrt bleibt. Alle Mitglieder unterliegen w\u00e4hrend und nach Abschluss des Wettbewerbs standardm\u00e4\u00dfigen Compliance-Pr\u00fcfungen; Gewinne k\u00f6nnen von Isagenix jederzeit aberkannt werden. Offene Compliance-Angelegenheiten beeintr\u00e4chtigen die Berechtigung f\u00fcr den Hauptpreis. Alle Einschreibungen und Produktbestellungen m\u00fcssen g\u00fcltig und gem\u00e4\u00df dem Verhaltenskodex sowie den Richtlinien und Verfahren erfolgen, einsehbar unter [IsagenixCompliance.com](https:\/\/www.isagenixcompliance.com). Einschreibungen m\u00fcssen eindeutige und g\u00fcltige Bevorzugte Kunden oder Associates sein. Isagenix beh\u00e4lt sich das Recht vor, eine Einschreibung f\u00fcr den Wettbewerb als ung\u00fcltig zu erkl\u00e4ren, wenn Isagenix nach eigenem Ermessen feststellt, dass die Einschreibung das Ergebnis von Betrug, Manipulation oder T\u00e4uschung ist. Die pers\u00f6nliche Kreditkarte oder Zahlungsmethode eines teilnehmenden Associates darf bei keiner qualifizierenden Neueinschreibung oder Produktbestellung verwendet werden. Die \u00fcblichen Kreditkarten- und Manipulationsrichtlinien gelten. Personen, die versuchen, den Verg\u00fctungsplan oder den Wettbewerb zu manipulieren oder anderweitig versuchen, die Regeln zu umgehen, verlieren jegliche Rechte auf Punkte und Gewinne und werden vom Wettbewerb disqualifiziert. Teilnehmer m\u00fcssen aktive Isagenix Associates sein und w\u00e4hrend des gesamten Wettbewerbszeitraums sowie bis zu den Reisedaten aktiv bleiben. Ein aktiver Status bei Isagenix erfordert eine Bestellung von mindestens 100 QV alle 30 Kalendertage.<\/p>\n<\/div><\/div><\/div><\/div><\/div><\/p>\n","protected":false},"excerpt":{"rendered":"","protected":false},"author":9877,"featured_media":0,"parent":0,"menu_order":0,"comment_status":"closed","ping_status":"closed","template":"100-width.php","meta":{"_acf_changed":false,"footnotes":""},"class_list":["post-221932","page","type-page","status-publish","hentry"],"acf":[],"_links":{"self":[{"href":"https:\/\/eu.isagenixbusiness.com\/de-eu\/wp-json\/wp\/v2\/pages\/221932","targetHints":{"allow":["GET"]}}],"collection":[{"href":"https:\/\/eu.isagenixbusiness.com\/de-eu\/wp-json\/wp\/v2\/pages"}],"about":[{"href":"https:\/\/eu.isagenixbusiness.com\/de-eu\/wp-json\/wp\/v2\/types\/page"}],"author":[{"embeddable":true,"href":"https:\/\/eu.isagenixbusiness.com\/de-eu\/wp-json\/wp\/v2\/users\/9877"}],"replies":[{"embeddable":true,"href":"https:\/\/eu.isagenixbusiness.com\/de-eu\/wp-json\/wp\/v2\/comments?post=221932"}],"version-history":[{"count":41,"href":"https:\/\/eu.isagenixbusiness.com\/de-eu\/wp-json\/wp\/v2\/pages\/221932\/revisions"}],"predecessor-version":[{"id":223873,"href":"https:\/\/eu.isagenixbusiness.com\/de-eu\/wp-json\/wp\/v2\/pages\/221932\/revisions\/223873"}],"wp:attachment":[{"href":"https:\/\/eu.isagenixbusiness.com\/de-eu\/wp-json\/wp\/v2\/media?parent=221932"}],"curies":[{"name":"wp","href":"https:\/\/api.w.org\/{rel}","templated":true}]}}