{"id":229077,"date":"2026-01-06T11:10:56","date_gmt":"2026-01-06T11:10:56","guid":{"rendered":"https:\/\/eu.isagenixbusiness.com\/isapulse-update\/"},"modified":"2026-01-09T15:45:02","modified_gmt":"2026-01-09T15:45:02","slug":"isapulse-update","status":"publish","type":"page","link":"https:\/\/eu.isagenixbusiness.com\/de-eu\/isapulse-update\/","title":{"rendered":"IsaPulse+ update"},"content":{"rendered":"<p><div class=\"fusion-fullwidth fullwidth-box fusion-builder-row-1 fusion-flex-container has-pattern-background has-mask-background nonhundred-percent-fullwidth non-hundred-percent-height-scrolling fusion-no-small-visibility\" style=\"--awb-background-blend-mode:overlay;--awb-border-radius-top-left:0px;--awb-border-radius-top-right:0px;--awb-border-radius-bottom-right:0px;--awb-border-radius-bottom-left:0px;--awb-min-height:200px;--awb-background-color:#074854;--awb-flex-wrap:wrap;\" ><div class=\"fusion-builder-row fusion-row fusion-flex-align-items-flex-start fusion-flex-content-wrap\" style=\"max-width:1497.6px;margin-left: calc(-4% \/ 2 );margin-right: calc(-4% \/ 2 );\"><div class=\"fusion-layout-column fusion_builder_column fusion-builder-column-0 fusion_builder_column_1_1 1_1 fusion-flex-column fusion-flex-align-self-center\" style=\"--awb-bg-size:cover;--awb-width-large:100%;--awb-margin-top-large:0px;--awb-spacing-right-large:1.92%;--awb-margin-bottom-large:0px;--awb-spacing-left-large:1.92%;--awb-width-medium:100%;--awb-order-medium:0;--awb-spacing-right-medium:1.92%;--awb-spacing-left-medium:1.92%;--awb-width-small:100%;--awb-order-small:0;--awb-spacing-right-small:1.92%;--awb-spacing-left-small:1.92%;\" data-scroll-devices=\"small-visibility,medium-visibility,large-visibility\"><div class=\"fusion-column-wrapper fusion-column-has-shadow fusion-flex-justify-content-center fusion-content-layout-column\"><div class=\"fusion-image-element \" style=\"text-align:center;--awb-margin-top:10px;--awb-margin-bottom:0px;--awb-caption-title-font-family:var(--h2_typography-font-family);--awb-caption-title-font-weight:var(--h2_typography-font-weight);--awb-caption-title-font-style:var(--h2_typography-font-style);--awb-caption-title-size:var(--h2_typography-font-size);--awb-caption-title-transform:var(--h2_typography-text-transform);--awb-caption-title-line-height:var(--h2_typography-line-height);--awb-caption-title-letter-spacing:var(--h2_typography-letter-spacing);\"><span class=\" fusion-imageframe imageframe-none imageframe-1 hover-type-none\"><img decoding=\"async\" width=\"801\" height=\"490\" title=\"US Allergen\" src=\"https:\/\/isagenixbusiness.com\/wp-content\/uploads\/2024\/10\/IsaPulsePlus-logo.svg\" alt class=\"img-responsive wp-image-153434\"\/><\/span><\/div><div class=\"fusion-title title fusion-title-1 fusion-title-center fusion-title-text fusion-title-size-one\" style=\"--awb-text-color:var(--awb-color1);--awb-margin-top:30px;--awb-margin-bottom:20px;--awb-margin-top-small:0px;--awb-margin-right-small:0px;--awb-margin-bottom-small:20px;--awb-margin-left-small:0px;--awb-font-size:27px;\"><div class=\"title-sep-container title-sep-container-left\"><div class=\"title-sep sep- sep-solid\" style=\"border-color:#eeefee;\"><\/div><\/div><span class=\"awb-title-spacer\"><\/span><h1 class=\"fusion-title-heading title-heading-center fusion-responsive-typography-calculated\" style=\"font-family:&quot;Nunito Sans&quot;;font-style:normal;font-weight:400;margin:0;letter-spacing:0px;text-transform:uppercase;font-size:1em;--fontSize:27;line-height:1;\">WICHTIGES UPDATE: \u00c4NDERUNGEN AN DEINER BUSINESS-APP<\/h1><span class=\"awb-title-spacer\"><\/span><div class=\"title-sep-container title-sep-container-right\"><div class=\"title-sep sep- sep-solid\" style=\"border-color:#eeefee;\"><\/div><\/div><\/div><\/div><\/div><\/div><\/div><div class=\"fusion-fullwidth fullwidth-box fusion-builder-row-2 fusion-flex-container has-pattern-background has-mask-background nonhundred-percent-fullwidth non-hundred-percent-height-scrolling\" style=\"--awb-border-radius-top-left:0px;--awb-border-radius-top-right:0px;--awb-border-radius-bottom-right:0px;--awb-border-radius-bottom-left:0px;--awb-flex-wrap:wrap;\" ><div class=\"fusion-builder-row fusion-row fusion-flex-align-items-flex-start fusion-flex-content-wrap\" style=\"max-width:1497.6px;margin-left: calc(-4% \/ 2 );margin-right: calc(-4% \/ 2 );\"><div class=\"fusion-layout-column fusion_builder_column fusion-builder-column-1 fusion_builder_column_1_1 1_1 fusion-flex-column\" style=\"--awb-bg-size:cover;--awb-width-large:100%;--awb-margin-top-large:0px;--awb-spacing-right-large:1.92%;--awb-margin-bottom-large:20px;--awb-spacing-left-large:1.92%;--awb-width-medium:100%;--awb-order-medium:0;--awb-spacing-right-medium:1.92%;--awb-spacing-left-medium:1.92%;--awb-width-small:100%;--awb-order-small:0;--awb-spacing-right-small:1.92%;--awb-spacing-left-small:1.92%;\"><div class=\"fusion-column-wrapper fusion-column-has-shadow fusion-flex-justify-content-flex-start fusion-content-layout-column\"><div class=\"fusion-text fusion-text-1\" style=\"--awb-content-alignment:justify;--awb-text-color:var(--awb-color5);--awb-margin-top:30px;--awb-margin-right:40px;--awb-margin-left:40px;\"><p>Wir m\u00f6chten ein wichtiges Update zur IsaPulse+ App mit dir teilen. Nachdem wir auf dein Feedback geh\u00f6rt und alles sorgf\u00e4ltig gepr\u00fcft haben, haben wir die Entscheidung getroffen, die App im Laufe des kommenden Monats schrittweise einzustellen.<\/p>\n<p data-pm-slice=\"1 1 &#091;\">Unser Ziel ist es, dir Tools bereitzustellen, die dich wirklich bei deinem Erfolg unterst\u00fctzen und dir helfen, dein Business einfach weiterzuentwickeln. Im Rahmen dieses Engagements verlagern wir unseren Fokus auf L\u00f6sungen, die besser zu deinen Bed\u00fcrfnissen passen und dir ein nahtloseres Erlebnis bieten.<\/p>\n<p data-pm-slice=\"1 1 &#091;\">Vielen Dank f\u00fcr dein kontinuierliches Engagement, w\u00e4hrend wir daran arbeiten, dir Ressourcen bereitzustellen, mit denen du erfolgreich wachsen kannst.<\/p>\n<p>Das ist JETZT verf\u00fcgbar und kommt demn\u00e4chst:<\/p>\n<ul>\n<li><strong><a href=\"https:\/\/brand.isagenix.com\/d\/8NjSgMufh41B\/de\">Social-Media-Bibliotheken<\/a>:<\/strong> Links zu sofort einsetzbaren Social-Media-Inhalten aus den <a href=\"https:\/\/brand.isagenix.com\/document\/19\/de\"><strong class=\"selection-contrast\">Business<\/strong><\/a>&#8211; und <a href=\"https:\/\/brand.isagenix.com\/document\/18\/de\"><strong class=\"selection-contrast\">Produkt<\/strong><\/a>-Medienbibliotheken werden weiterhin per E-Mail, \u00fcber die <a href=\"https:\/\/eu.isagenixbusiness.com\/de-eu\/\"><strong class=\"selection-contrast\">EU.IsagenixBusiness.com<\/strong><\/a> Promotions- und Produktseiten und weitere Kan\u00e4le geteilt. Nutze diese Website, um auf teilbare Assets und Social Content zuzugreifen.<\/li>\n<li><b><span data-contrast=\"auto\"><a href=\"https:\/\/backoffice.isagenix.com\/\">Associate Back Office (ABO)<\/a>: <\/span><\/b>Deine zentrale Anlaufstelle f\u00fcr Berichte und Business-Einblicke \u2013 mit spannenden Erweiterungen, die f\u00fcr dieses Jahr geplant sind.<\/li>\n<\/ul>\n<\/div><div class=\"fusion-title title fusion-title-2 fusion-title-text fusion-title-size-one\" style=\"--awb-text-color:var(--awb-color3);--awb-margin-top:10px;--awb-margin-right:80px;--awb-margin-bottom:0px;--awb-margin-left:40px;--awb-margin-top-small:0px;--awb-margin-right-small:0px;--awb-margin-bottom-small:20px;--awb-margin-left-small:0px;--awb-font-size:40px;\"><div class=\"title-sep-container title-sep-container-left fusion-no-large-visibility fusion-no-medium-visibility fusion-no-small-visibility\"><div class=\"title-sep sep- sep-solid\" style=\"border-color:#eeefee;\"><\/div><\/div><span class=\"awb-title-spacer fusion-no-large-visibility fusion-no-medium-visibility fusion-no-small-visibility\"><\/span><h1 class=\"fusion-title-heading title-heading-left fusion-responsive-typography-calculated\" style=\"font-family:&quot;Nunito Sans&quot;;font-style:normal;font-weight:400;margin:0;letter-spacing:0px;font-size:1em;--fontSize:40;line-height:1.2;\">FAQs<\/h1><span class=\"awb-title-spacer\"><\/span><div class=\"title-sep-container title-sep-container-right\"><div class=\"title-sep sep- sep-solid\" style=\"border-color:#eeefee;\"><\/div><\/div><\/div><\/div><\/div><div class=\"fusion-layout-column fusion_builder_column fusion-builder-column-2 fusion_builder_column_2_3 2_3 fusion-flex-column fusion-flex-align-self-center\" style=\"--awb-bg-size:cover;--awb-width-large:66.666666666667%;--awb-margin-top-large:0px;--awb-spacing-right-large:40px;--awb-margin-bottom-large:20px;--awb-spacing-left-large:80px;--awb-width-medium:100%;--awb-order-medium:0;--awb-spacing-right-medium:1.92%;--awb-spacing-left-medium:1.92%;--awb-width-small:100%;--awb-order-small:0;--awb-spacing-right-small:1.92%;--awb-spacing-left-small:1.92%;\" data-scroll-devices=\"small-visibility,medium-visibility,large-visibility\"><div class=\"fusion-column-wrapper fusion-column-has-shadow fusion-flex-justify-content-center fusion-content-layout-column\"><div class=\"accordian fusion-accordian\" style=\"--awb-border-size:1px;--awb-icon-size:13px;--awb-content-font-size:16px;--awb-icon-alignment:left;--awb-hover-color:#f9f9f9;--awb-border-color:#eeefee;--awb-background-color:#ffffff;--awb-divider-color:#eeefee;--awb-divider-hover-color:#eeefee;--awb-icon-color:#ffffff;--awb-title-color:#54585a;--awb-content-color:#54585a;--awb-icon-box-color:#55585a;--awb-toggle-hover-accent-color:#00778b;--awb-title-font-family:&quot;Montserrat&quot;;--awb-title-font-weight:400;--awb-title-font-style:normal;--awb-title-font-size:13px;--awb-content-font-family:&quot;Montserrat&quot;;--awb-content-font-style:normal;--awb-content-font-weight:400;\"><div class=\"panel-group fusion-toggle-icon-boxed\" id=\"accordion-229077-1\"><div class=\"fusion-panel panel-default panel-31872373ed16d43f5 fusion-toggle-has-divider\" style=\"--awb-title-color:#54585a;--awb-content-color:#54585a;\"><div class=\"panel-heading\"><h4 class=\"panel-title toggle\" id=\"toggle_31872373ed16d43f5\"><a aria-expanded=\"false\" aria-controls=\"31872373ed16d43f5\" role=\"button\" data-toggle=\"collapse\" data-parent=\"#accordion-229077-1\" data-target=\"#31872373ed16d43f5\" href=\"#31872373ed16d43f5\"><span class=\"fusion-toggle-icon-wrapper\" aria-hidden=\"true\"><i class=\"fa-fusion-box active-icon awb-icon-minus\" aria-hidden=\"true\"><\/i><i class=\"fa-fusion-box inactive-icon awb-icon-plus\" aria-hidden=\"true\"><\/i><\/span><span class=\"fusion-toggle-heading\">F: Warum wird die Business App eingestellt?<\/span><\/a><\/h4><\/div><div id=\"31872373ed16d43f5\" class=\"panel-collapse collapse \" aria-labelledby=\"toggle_31872373ed16d43f5\"><div class=\"panel-body toggle-content fusion-clearfix\">\n<p>A: Wir verlagern unseren Fokus auf L\u00f6sungen, die besser zu deinen Bed\u00fcrfnissen passen und dir ein nahtloseres Erlebnis bieten.<\/p>\n<\/div><\/div><\/div><div class=\"fusion-panel panel-default panel-6b9dc468184fa0902 fusion-toggle-has-divider\" style=\"--awb-title-color:#54585a;--awb-content-color:#54585a;\"><div class=\"panel-heading\"><h4 class=\"panel-title toggle\" id=\"toggle_6b9dc468184fa0902\"><a aria-expanded=\"false\" aria-controls=\"6b9dc468184fa0902\" role=\"button\" data-toggle=\"collapse\" data-parent=\"#accordion-229077-1\" data-target=\"#6b9dc468184fa0902\" href=\"#6b9dc468184fa0902\"><span class=\"fusion-toggle-icon-wrapper\" aria-hidden=\"true\"><i class=\"fa-fusion-box active-icon awb-icon-minus\" aria-hidden=\"true\"><\/i><i class=\"fa-fusion-box inactive-icon awb-icon-plus\" aria-hidden=\"true\"><\/i><\/span><span class=\"fusion-toggle-heading\">F: Wann wird die App nicht mehr funktionieren?<\/span><\/a><\/h4><\/div><div id=\"6b9dc468184fa0902\" class=\"panel-collapse collapse \" aria-labelledby=\"toggle_6b9dc468184fa0902\"><div class=\"panel-body toggle-content fusion-clearfix\">\n<p>A: Am 30. Dezember um 2:00 Uhr CET werden die meisten In-App-Benachrichtigungen und zentralen Funktionen deaktiviert.<\/p>\n<\/div><\/div><\/div><div class=\"fusion-panel panel-default panel-8674418b57fb6f38a fusion-toggle-has-divider\" style=\"--awb-title-color:#54585a;--awb-content-color:#54585a;\"><div class=\"panel-heading\"><h4 class=\"panel-title toggle\" id=\"toggle_8674418b57fb6f38a\"><a aria-expanded=\"false\" aria-controls=\"8674418b57fb6f38a\" role=\"button\" data-toggle=\"collapse\" data-parent=\"#accordion-229077-1\" data-target=\"#8674418b57fb6f38a\" href=\"#8674418b57fb6f38a\"><span class=\"fusion-toggle-icon-wrapper\" aria-hidden=\"true\"><i class=\"fa-fusion-box active-icon awb-icon-minus\" aria-hidden=\"true\"><\/i><i class=\"fa-fusion-box inactive-icon awb-icon-plus\" aria-hidden=\"true\"><\/i><\/span><span class=\"fusion-toggle-heading\">F: Wird diese App ersetzt?<\/span><\/a><\/h4><\/div><div id=\"8674418b57fb6f38a\" class=\"panel-collapse collapse \" aria-labelledby=\"toggle_8674418b57fb6f38a\"><div class=\"panel-body toggle-content fusion-clearfix\">\n<p>A: Aktuell ersetzen wir IsaPulse+ nicht durch eine andere Business-App. Stattdessen konzentrieren wir unsere Ressourcen auf die Entwicklung von Tools, die dich besser unterst\u00fctzen.<\/p>\n<\/div><\/div><\/div><div class=\"fusion-panel panel-default panel-d01801c30de2e56a9 fusion-toggle-has-divider\" style=\"--awb-title-color:#54585a;--awb-content-color:#54585a;\"><div class=\"panel-heading\"><h4 class=\"panel-title toggle\" id=\"toggle_d01801c30de2e56a9\"><a aria-expanded=\"false\" aria-controls=\"d01801c30de2e56a9\" role=\"button\" data-toggle=\"collapse\" data-parent=\"#accordion-229077-1\" data-target=\"#d01801c30de2e56a9\" href=\"#d01801c30de2e56a9\"><span class=\"fusion-toggle-icon-wrapper\" aria-hidden=\"true\"><i class=\"fa-fusion-box active-icon awb-icon-minus\" aria-hidden=\"true\"><\/i><i class=\"fa-fusion-box inactive-icon awb-icon-plus\" aria-hidden=\"true\"><\/i><\/span><span class=\"fusion-toggle-heading\">F: Muss ich mein Abonnement f\u00fcr die Pro-Version k\u00fcndigen?<\/span><\/a><\/h4><\/div><div id=\"d01801c30de2e56a9\" class=\"panel-collapse collapse \" aria-labelledby=\"toggle_d01801c30de2e56a9\"><div class=\"panel-body toggle-content fusion-clearfix\">\n<p>A: Ja \u2013 sofern du nicht weiterhin belastet werden m\u00f6chtest.<\/p>\n<\/div><\/div><\/div><div class=\"fusion-panel panel-default panel-ec4d0f79f848d0e2d fusion-toggle-has-divider\" style=\"--awb-title-color:#54585a;--awb-content-color:#54585a;\"><div class=\"panel-heading\"><h4 class=\"panel-title toggle\" id=\"toggle_ec4d0f79f848d0e2d\"><a aria-expanded=\"false\" aria-controls=\"ec4d0f79f848d0e2d\" role=\"button\" data-toggle=\"collapse\" data-parent=\"#accordion-229077-1\" data-target=\"#ec4d0f79f848d0e2d\" href=\"#ec4d0f79f848d0e2d\"><span class=\"fusion-toggle-icon-wrapper\" aria-hidden=\"true\"><i class=\"fa-fusion-box active-icon awb-icon-minus\" aria-hidden=\"true\"><\/i><i class=\"fa-fusion-box inactive-icon awb-icon-plus\" aria-hidden=\"true\"><\/i><\/span><span class=\"fusion-toggle-heading\">F: Wie k\u00fcndige ich mein IsaPulse+ Abo und beantrage eine R\u00fcckerstattung?<\/span><\/a><\/h4><\/div><div id=\"ec4d0f79f848d0e2d\" class=\"panel-collapse collapse \" aria-labelledby=\"toggle_ec4d0f79f848d0e2d\"><div class=\"panel-body toggle-content fusion-clearfix\">\n<p><strong>A1: Wie k\u00fcndige ich mein Pro-Abonnement?<\/strong><\/p>\n<ul>\n<li>Apple App Store:\n<ul>\n<li>\u00d6ffne Settings \u2192 tippe auf deinen Namen \u2192 Abonnement \u2192 w\u00e4hle IsaPulse+ \u2192 Abonnement k\u00fcndigen.<\/li>\n<\/ul>\n<\/li>\n<li>Google Play Store:\n<ul>\n<li>\u00d6ffne Google Play \u2192 tippe auf Profile \u2192 Bezahlung &amp; Abonnement \u2192 Abonnement \u2192 w\u00e4hle IsaPulse+ \u2192 Abonnement k\u00fcndigen.<\/li>\n<\/ul>\n<\/li>\n<\/ul>\n<p><strong>A2: Wie beantrage ich eine R\u00fcckerstattung, wenn die App nicht mehr funktioniert?<\/strong><\/p>\n<ul>\n<li aria-setsize=\"-1\" data-leveltext=\"\uf0b7\" data-font=\"Symbol\" data-listid=\"1\" data-list-defn-props=\"{\" data-aria-posinset=\"1\" data-aria-level=\"1\"><b><span data-contrast=\"auto\">Apple App Store:<\/span><\/b><span data-ccp-props=\"{\">\u00a0<\/span>\n<ul>\n<li aria-setsize=\"-1\" data-leveltext=\"\uf0b7\" data-font=\"Symbol\" data-listid=\"1\" data-list-defn-props=\"{\" data-aria-posinset=\"1\" data-aria-level=\"1\">Besuche reportaproblem.apple.com.<\/li>\n<li aria-setsize=\"-1\" data-leveltext=\"\uf0b7\" data-font=\"Symbol\" data-listid=\"1\" data-list-defn-props=\"{\" data-aria-posinset=\"1\" data-aria-level=\"1\">Melde dich an \u2192 suche IsaPulse+ \u2192 klicke auf <strong>Request a Refund<\/strong> \u2192 w\u00e4hle einen Grund (z. B. \u201eApp no longer works\u201c).<\/li>\n<\/ul>\n<\/li>\n<\/ul>\n<ul>\n<li aria-setsize=\"-1\" data-leveltext=\"\uf0b7\" data-font=\"Symbol\" data-listid=\"1\" data-list-defn-props=\"{\" data-aria-posinset=\"2\" data-aria-level=\"1\"><b><span data-contrast=\"auto\">Google Play Store:<\/span><\/b>\n<ul>\n<li aria-setsize=\"-1\" data-leveltext=\"\uf0b7\" data-font=\"Symbol\" data-listid=\"1\" data-list-defn-props=\"{\" data-aria-posinset=\"2\" data-aria-level=\"1\">Besuche play.google.com \u2192 <strong>Order History<\/strong>.<\/li>\n<li aria-setsize=\"-1\" data-leveltext=\"\uf0b7\" data-font=\"Symbol\" data-listid=\"1\" data-list-defn-props=\"{\" data-aria-posinset=\"2\" data-aria-level=\"1\">W\u00e4hle IsaPulse+ \u2192 klicke auf Eine R\u00fcckerstattung anfragen oder Ein Problem melden \u2192 beschreibe das Problem.<\/li>\n<\/ul>\n<\/li>\n<\/ul>\n<p><strong><span class=\"TextRun SCXW152119135 BCX0\" lang=\"EN-US\" xml:lang=\"EN-US\" data-contrast=\"auto\"><span class=\"NormalTextRun SCXW152119135 BCX0\">A3: Wer bearbeitet die R\u00fcckerstattung? <\/span><\/span><\/strong><span class=\"TextRun SCXW152119135 BCX0\" lang=\"EN-US\" xml:lang=\"EN-US\" data-contrast=\"auto\"><span class=\"NormalTextRun SCXW152119135 BCX0\">R\u00fcckerstattungen werden von Apple oder Google bearbeitet \u2013 nicht von Isagenix. Die Genehmigung h\u00e4ngt von deren Richtlinien und deiner Kaufhistorie ab.<\/span><\/span><\/p>\n<\/div><\/div><\/div><div class=\"fusion-panel panel-default panel-d82bc7caef911ebbf fusion-toggle-has-divider\" style=\"--awb-title-color:#54585a;--awb-content-color:#54585a;\"><div class=\"panel-heading\"><h4 class=\"panel-title toggle\" id=\"toggle_d82bc7caef911ebbf\"><a aria-expanded=\"false\" aria-controls=\"d82bc7caef911ebbf\" role=\"button\" data-toggle=\"collapse\" data-parent=\"#accordion-229077-1\" data-target=\"#d82bc7caef911ebbf\" href=\"#d82bc7caef911ebbf\"><span class=\"fusion-toggle-icon-wrapper\" aria-hidden=\"true\"><i class=\"fa-fusion-box active-icon awb-icon-minus\" aria-hidden=\"true\"><\/i><i class=\"fa-fusion-box inactive-icon awb-icon-plus\" aria-hidden=\"true\"><\/i><\/span><span class=\"fusion-toggle-heading\">F: Wo kann ich meine Business-Berichte einsehen?<\/span><\/a><\/h4><\/div><div id=\"d82bc7caef911ebbf\" class=\"panel-collapse collapse \" aria-labelledby=\"toggle_d82bc7caef911ebbf\"><div class=\"panel-body toggle-content fusion-clearfix\">\n<p>A: Alle Berichte-Informationen findest du in deinem Associate Back Office (ABO), das im n\u00e4chsten Jahr weiter ausgebaut wird.<\/p>\n<\/div><\/div><\/div><div class=\"fusion-panel panel-default panel-a0a078dcd972416c8 fusion-toggle-has-divider\" style=\"--awb-title-color:#54585a;--awb-content-color:#54585a;\"><div class=\"panel-heading\"><h4 class=\"panel-title toggle\" id=\"toggle_a0a078dcd972416c8\"><a aria-expanded=\"false\" aria-controls=\"a0a078dcd972416c8\" role=\"button\" data-toggle=\"collapse\" data-parent=\"#accordion-229077-1\" data-target=\"#a0a078dcd972416c8\" href=\"#a0a078dcd972416c8\"><span class=\"fusion-toggle-icon-wrapper\" aria-hidden=\"true\"><i class=\"fa-fusion-box active-icon awb-icon-minus\" aria-hidden=\"true\"><\/i><i class=\"fa-fusion-box inactive-icon awb-icon-plus\" aria-hidden=\"true\"><\/i><\/span><span class=\"fusion-toggle-heading\">F: Welche Tools sollte ich stattdessen nutzen?<\/span><\/a><\/h4><\/div><div id=\"a0a078dcd972416c8\" class=\"panel-collapse collapse \" aria-labelledby=\"toggle_a0a078dcd972416c8\"><div class=\"panel-body toggle-content fusion-clearfix\">\n<div class=\"ewa-rteLine\">A: Wir empfehlen dir folgende Tools:<\/div>\n<div class=\"ewa-rteLine\">\u2022 Social-Media-Bibliotheken f\u00fcr teilbare Assets und Social Content<\/div>\n<div class=\"ewa-rteLine\">\u2022 ABO f\u00fcr Berichte und Business-Einblicke<\/div>\n<\/div><\/div><\/div><div class=\"fusion-panel panel-default panel-a3ec985a98c7aecc3 fusion-toggle-has-divider\" style=\"--awb-title-color:#54585a;--awb-content-color:#54585a;\"><div class=\"panel-heading\"><h4 class=\"panel-title toggle\" id=\"toggle_a3ec985a98c7aecc3\"><a aria-expanded=\"false\" aria-controls=\"a3ec985a98c7aecc3\" role=\"button\" data-toggle=\"collapse\" data-parent=\"#accordion-229077-1\" data-target=\"#a3ec985a98c7aecc3\" href=\"#a3ec985a98c7aecc3\"><span class=\"fusion-toggle-icon-wrapper\" aria-hidden=\"true\"><i class=\"fa-fusion-box active-icon awb-icon-minus\" aria-hidden=\"true\"><\/i><i class=\"fa-fusion-box inactive-icon awb-icon-plus\" aria-hidden=\"true\"><\/i><\/span><span class=\"fusion-toggle-heading\">F: An wen kann ich mich wenden, wenn ich Hilfe brauche?<\/span><\/a><\/h4><\/div><div id=\"a3ec985a98c7aecc3\" class=\"panel-collapse collapse \" aria-labelledby=\"toggle_a3ec985a98c7aecc3\"><div class=\"panel-body toggle-content fusion-clearfix\">\n<p><span class=\"TextRun SCXW118645977 BCX0\" lang=\"EN-US\" xml:lang=\"EN-US\" data-contrast=\"none\"><span class=\"NormalTextRun SCXW118645977 BCX0\">A: Nachdem du die K\u00fcndigung deines Pro-Abonnements abgeschlossen hast, wende dich bitte an den Customer Care, wenn du weitere Fragen hast oder zus\u00e4tzliche Unterst\u00fctzung ben\u00f6tigst. \u00a0<\/span><\/span><\/p>\n<\/div><\/div><\/div><\/div><\/div><\/div><\/div><\/div><\/div><\/p>\n","protected":false},"excerpt":{"rendered":"","protected":false},"author":9877,"featured_media":0,"parent":0,"menu_order":0,"comment_status":"closed","ping_status":"closed","template":"100-width.php","meta":{"_acf_changed":false,"footnotes":""},"class_list":["post-229077","page","type-page","status-publish","hentry"],"acf":[],"_links":{"self":[{"href":"https:\/\/eu.isagenixbusiness.com\/de-eu\/wp-json\/wp\/v2\/pages\/229077","targetHints":{"allow":["GET"]}}],"collection":[{"href":"https:\/\/eu.isagenixbusiness.com\/de-eu\/wp-json\/wp\/v2\/pages"}],"about":[{"href":"https:\/\/eu.isagenixbusiness.com\/de-eu\/wp-json\/wp\/v2\/types\/page"}],"author":[{"embeddable":true,"href":"https:\/\/eu.isagenixbusiness.com\/de-eu\/wp-json\/wp\/v2\/users\/9877"}],"replies":[{"embeddable":true,"href":"https:\/\/eu.isagenixbusiness.com\/de-eu\/wp-json\/wp\/v2\/comments?post=229077"}],"version-history":[{"count":6,"href":"https:\/\/eu.isagenixbusiness.com\/de-eu\/wp-json\/wp\/v2\/pages\/229077\/revisions"}],"predecessor-version":[{"id":229083,"href":"https:\/\/eu.isagenixbusiness.com\/de-eu\/wp-json\/wp\/v2\/pages\/229077\/revisions\/229083"}],"wp:attachment":[{"href":"https:\/\/eu.isagenixbusiness.com\/de-eu\/wp-json\/wp\/v2\/media?parent=229077"}],"curies":[{"name":"wp","href":"https:\/\/api.w.org\/{rel}","templated":true}]}}