{"id":233486,"date":"2026-05-05T15:17:40","date_gmt":"2026-05-05T14:17:40","guid":{"rendered":"https:\/\/eu.isagenixbusiness.com\/?page_id=233486"},"modified":"2026-05-05T15:17:40","modified_gmt":"2026-05-05T14:17:40","slug":"reorder","status":"publish","type":"page","link":"https:\/\/eu.isagenixbusiness.com\/de-eu\/reorder\/","title":{"rendered":"Order History Update"},"content":{"rendered":"<p><div class=\"fusion-fullwidth fullwidth-box fusion-builder-row-1 fusion-flex-container has-pattern-background has-mask-background nonhundred-percent-fullwidth non-hundred-percent-height-scrolling fusion-no-small-visibility\" style=\"--awb-background-blend-mode:overlay;--awb-border-radius-top-left:0px;--awb-border-radius-top-right:0px;--awb-border-radius-bottom-right:0px;--awb-border-radius-bottom-left:0px;--awb-min-height:200px;--awb-flex-wrap:wrap;\" ><div class=\"fusion-builder-row fusion-row fusion-flex-align-items-flex-start fusion-flex-content-wrap\" style=\"max-width:1497.6px;margin-left: calc(-4% \/ 2 );margin-right: calc(-4% \/ 2 );\"><div class=\"fusion-layout-column fusion_builder_column fusion-builder-column-0 fusion_builder_column_1_1 1_1 fusion-flex-column fusion-flex-align-self-center\" style=\"--awb-bg-size:cover;--awb-width-large:100%;--awb-margin-top-large:0px;--awb-spacing-right-large:1.92%;--awb-margin-bottom-large:0px;--awb-spacing-left-large:1.92%;--awb-width-medium:100%;--awb-order-medium:0;--awb-spacing-right-medium:1.92%;--awb-spacing-left-medium:1.92%;--awb-width-small:100%;--awb-order-small:0;--awb-spacing-right-small:1.92%;--awb-spacing-left-small:1.92%;\" data-scroll-devices=\"small-visibility,medium-visibility,large-visibility\"><div class=\"fusion-column-wrapper fusion-column-has-shadow fusion-flex-justify-content-center fusion-content-layout-column\"><div class=\"fusion-image-element \" style=\"text-align:center;--awb-margin-top:10px;--awb-margin-bottom:0px;--awb-caption-title-font-family:var(--h2_typography-font-family);--awb-caption-title-font-weight:var(--h2_typography-font-weight);--awb-caption-title-font-style:var(--h2_typography-font-style);--awb-caption-title-size:var(--h2_typography-font-size);--awb-caption-title-transform:var(--h2_typography-text-transform);--awb-caption-title-line-height:var(--h2_typography-line-height);--awb-caption-title-letter-spacing:var(--h2_typography-letter-spacing);\"><span class=\" fusion-imageframe imageframe-none imageframe-1 hover-type-none\"><img decoding=\"async\" width=\"2000\" height=\"400\" title=\"DE Order History Update Banner\" src=\"https:\/\/eu.isagenixbusiness.com\/wp-content\/uploads\/2026\/04\/DE-Order-History-Update-Banner.png\" alt class=\"img-responsive wp-image-233489\" srcset=\"https:\/\/eu.isagenixbusiness.com\/wp-content\/uploads\/2026\/04\/DE-Order-History-Update-Banner-200x40.png 200w, https:\/\/eu.isagenixbusiness.com\/wp-content\/uploads\/2026\/04\/DE-Order-History-Update-Banner-400x80.png 400w, https:\/\/eu.isagenixbusiness.com\/wp-content\/uploads\/2026\/04\/DE-Order-History-Update-Banner-600x120.png 600w, https:\/\/eu.isagenixbusiness.com\/wp-content\/uploads\/2026\/04\/DE-Order-History-Update-Banner-800x160.png 800w, https:\/\/eu.isagenixbusiness.com\/wp-content\/uploads\/2026\/04\/DE-Order-History-Update-Banner-1200x240.png 1200w, https:\/\/eu.isagenixbusiness.com\/wp-content\/uploads\/2026\/04\/DE-Order-History-Update-Banner.png 2000w\" sizes=\"(max-width: 1024px) 100vw, (max-width: 640px) 100vw, 2000px\" \/><\/span><\/div><\/div><\/div><\/div><\/div><div class=\"fusion-fullwidth fullwidth-box fusion-builder-row-2 fusion-flex-container has-pattern-background has-mask-background nonhundred-percent-fullwidth non-hundred-percent-height-scrolling\" style=\"--awb-border-radius-top-left:0px;--awb-border-radius-top-right:0px;--awb-border-radius-bottom-right:0px;--awb-border-radius-bottom-left:0px;--awb-flex-wrap:wrap;\" ><div class=\"fusion-builder-row fusion-row fusion-flex-align-items-flex-start fusion-flex-content-wrap\" style=\"max-width:1497.6px;margin-left: calc(-4% \/ 2 );margin-right: calc(-4% \/ 2 );\"><div class=\"fusion-layout-column fusion_builder_column fusion-builder-column-1 fusion_builder_column_1_1 1_1 fusion-flex-column\" style=\"--awb-bg-size:cover;--awb-width-large:100%;--awb-margin-top-large:0px;--awb-spacing-right-large:1.92%;--awb-margin-bottom-large:20px;--awb-spacing-left-large:1.92%;--awb-width-medium:100%;--awb-order-medium:0;--awb-spacing-right-medium:1.92%;--awb-spacing-left-medium:1.92%;--awb-width-small:100%;--awb-order-small:0;--awb-spacing-right-small:1.92%;--awb-spacing-left-small:1.92%;\"><div class=\"fusion-column-wrapper fusion-column-has-shadow fusion-flex-justify-content-flex-start fusion-content-layout-column\"><div class=\"fusion-text fusion-text-1\" style=\"--awb-content-alignment:justify;--awb-font-size:16px;--awb-text-color:#54585a;--awb-margin-top:30px;--awb-margin-right:40px;--awb-margin-left:40px;--awb-text-font-family:&quot;Nunito Sans&quot;;--awb-text-font-style:normal;--awb-text-font-weight:400;\"><p>Wir freuen uns, dir eine neue Verbesserung im Bestellverlauf vorzustellen, mit der wiederholte Bestellungen schneller und bequemer werden, damit du deine Lieblingsprodukte einfacher nachbestellen kannst.<\/p>\n<p>Du kannst jetzt zu berechtigten fr\u00fcheren Bestellungen zur\u00fcckkehren, die Produkte ausw\u00e4hlen, die du erneut m\u00f6chtest, und sie mit nur wenigen Klicks direkt in deinen Warenkorb legen.<\/p>\n<p><strong>Wo du es findest<\/strong><\/p>\n<ul>\n<li>Melde dich in deinem Konto an und gehe in deinem Back Office oder Shopping-Konto zu Bestellverlauf.<\/li>\n<li>\u00d6ffne eine berechtigte fr\u00fchere Bestellung. Dort siehst du die Option, Produkte direkt aus dieser Bestellung nachzubestellen.<\/li>\n<li>W\u00e4hle die Artikel aus, die du erneut kaufen m\u00f6chtest, lege sie in deinen Warenkorb und fahre wie gewohnt mit dem Bestellvorgang fort.<\/li>\n<\/ul>\n<p>Einige Produkte aus fr\u00fcheren Bestellungen sind m\u00f6glicherweise nicht f\u00fcr eine Nachbestellung verf\u00fcgbar (weitere Details findest du in den FAQs). Wenn ein ausgew\u00e4hlter Artikel nicht verf\u00fcgbar ist, wird er aus deinem Warenkorb entfernt.<\/p>\n<\/div><div class=\"fusion-title title fusion-title-1 fusion-title-text fusion-title-size-one\" style=\"--awb-text-color:var(--awb-color3);--awb-margin-top:10px;--awb-margin-right:80px;--awb-margin-bottom:0px;--awb-margin-left:40px;--awb-margin-top-small:0px;--awb-margin-right-small:0px;--awb-margin-bottom-small:20px;--awb-margin-left-small:0px;--awb-font-size:40px;\"><div class=\"title-sep-container title-sep-container-left fusion-no-large-visibility fusion-no-medium-visibility fusion-no-small-visibility\"><div class=\"title-sep sep- sep-solid\" style=\"border-color:#eeefee;\"><\/div><\/div><span class=\"awb-title-spacer fusion-no-large-visibility fusion-no-medium-visibility fusion-no-small-visibility\"><\/span><h1 class=\"fusion-title-heading title-heading-left fusion-responsive-typography-calculated\" style=\"font-family:&quot;Nunito Sans&quot;;font-style:normal;font-weight:400;margin:0;letter-spacing:0px;font-size:1em;--fontSize:40;line-height:1.2;\">FAQs<\/h1><span class=\"awb-title-spacer\"><\/span><div class=\"title-sep-container title-sep-container-right\"><div class=\"title-sep sep- sep-solid\" style=\"border-color:#eeefee;\"><\/div><\/div><\/div><\/div><\/div><div class=\"fusion-layout-column fusion_builder_column fusion-builder-column-2 fusion_builder_column_1_1 1_1 fusion-flex-column fusion-flex-align-self-center\" style=\"--awb-bg-size:cover;--awb-width-large:100%;--awb-margin-top-large:0px;--awb-spacing-right-large:40px;--awb-margin-bottom-large:20px;--awb-spacing-left-large:80px;--awb-width-medium:100%;--awb-order-medium:0;--awb-spacing-right-medium:1.92%;--awb-spacing-left-medium:1.92%;--awb-width-small:100%;--awb-order-small:0;--awb-spacing-right-small:1.92%;--awb-spacing-left-small:1.92%;\" data-scroll-devices=\"small-visibility,medium-visibility,large-visibility\"><div class=\"fusion-column-wrapper fusion-column-has-shadow fusion-flex-justify-content-center fusion-content-layout-column\"><div class=\"accordian fusion-accordian\" style=\"--awb-border-size:1px;--awb-icon-size:13px;--awb-content-font-size:16px;--awb-icon-alignment:left;--awb-hover-color:#f9f9f9;--awb-border-color:#eeefee;--awb-background-color:#ffffff;--awb-divider-color:#eeefee;--awb-divider-hover-color:#eeefee;--awb-icon-color:#ffffff;--awb-title-color:#54585a;--awb-content-color:#54585a;--awb-icon-box-color:#55585a;--awb-toggle-hover-accent-color:#00778b;--awb-title-font-family:&quot;Montserrat&quot;;--awb-title-font-weight:400;--awb-title-font-style:normal;--awb-title-font-size:13px;--awb-content-font-family:&quot;Montserrat&quot;;--awb-content-font-style:normal;--awb-content-font-weight:400;\"><div class=\"panel-group fusion-toggle-icon-boxed\" id=\"accordion-233486-1\"><div class=\"fusion-panel panel-default panel-2f1e4be67b1360cec fusion-toggle-has-divider\" style=\"--awb-content-font-size:16px;--awb-content-font-family:&quot;Nunito Sans&quot;;--awb-content-font-style:normal;--awb-content-font-weight:400;--awb-title-font-family:&quot;Nunito Sans&quot;;--awb-title-font-weight:400;--awb-title-font-style:normal;--awb-title-font-size:16px;--awb-title-color:#54585a;--awb-content-color:#54585a;\"><div class=\"panel-heading\"><h4 class=\"panel-title toggle\" id=\"toggle_2f1e4be67b1360cec\"><a aria-expanded=\"false\" aria-controls=\"2f1e4be67b1360cec\" role=\"button\" data-toggle=\"collapse\" data-parent=\"#accordion-233486-1\" data-target=\"#2f1e4be67b1360cec\" href=\"#2f1e4be67b1360cec\"><span class=\"fusion-toggle-icon-wrapper\" aria-hidden=\"true\"><i class=\"fa-fusion-box active-icon awb-icon-minus\" aria-hidden=\"true\"><\/i><i class=\"fa-fusion-box inactive-icon awb-icon-plus\" aria-hidden=\"true\"><\/i><\/span><span class=\"fusion-toggle-heading\">Welche fr\u00fcheren Bestellungen k\u00f6nnen nachbestellt werden? <\/span><\/a><\/h4><\/div><div id=\"2f1e4be67b1360cec\" class=\"panel-collapse collapse \" aria-labelledby=\"toggle_2f1e4be67b1360cec\"><div class=\"panel-body toggle-content fusion-clearfix\">\n<p>Berechtigte einmalige Bestellungen, Treuebonus-Bestellungen und zur\u00fcckgegebene stornierte Bestellungen k\u00f6nnen zur Nachbestellung verf\u00fcgbar sein.<\/p>\n<\/div><\/div><\/div><div class=\"fusion-panel panel-default panel-c2528e9a4e96fcb0e fusion-toggle-has-divider\" style=\"--awb-content-font-size:16px;--awb-content-font-family:&quot;Nunito Sans&quot;;--awb-content-font-style:normal;--awb-content-font-weight:400;--awb-title-font-family:&quot;Nunito Sans&quot;;--awb-title-font-weight:400;--awb-title-font-style:normal;--awb-title-font-size:16px;--awb-title-color:#54585a;--awb-content-color:#54585a;\"><div class=\"panel-heading\"><h4 class=\"panel-title toggle\" id=\"toggle_c2528e9a4e96fcb0e\"><a aria-expanded=\"false\" aria-controls=\"c2528e9a4e96fcb0e\" role=\"button\" data-toggle=\"collapse\" data-parent=\"#accordion-233486-1\" data-target=\"#c2528e9a4e96fcb0e\" href=\"#c2528e9a4e96fcb0e\"><span class=\"fusion-toggle-icon-wrapper\" aria-hidden=\"true\"><i class=\"fa-fusion-box active-icon awb-icon-minus\" aria-hidden=\"true\"><\/i><i class=\"fa-fusion-box inactive-icon awb-icon-plus\" aria-hidden=\"true\"><\/i><\/span><span class=\"fusion-toggle-heading\">Kann ich nur bestimmte Artikel nachbestellen?<\/span><\/a><\/h4><\/div><div id=\"c2528e9a4e96fcb0e\" class=\"panel-collapse collapse \" aria-labelledby=\"toggle_c2528e9a4e96fcb0e\"><div class=\"panel-body toggle-content fusion-clearfix\">\n<p>Ja. Du kannst bestimmte Produkte aus einer fr\u00fcheren Bestellung ausw\u00e4hlen, anstatt alles erneut zu bestellen.<\/p>\n<\/div><\/div><\/div><div class=\"fusion-panel panel-default panel-115efa666d0ac5b79 fusion-toggle-has-divider\" style=\"--awb-content-font-size:16px;--awb-content-font-family:&quot;Nunito Sans&quot;;--awb-content-font-style:normal;--awb-content-font-weight:400;--awb-title-font-family:&quot;Nunito Sans&quot;;--awb-title-font-weight:400;--awb-title-font-style:normal;--awb-title-font-size:16px;--awb-title-color:#54585a;--awb-content-color:#54585a;\"><div class=\"panel-heading\"><h4 class=\"panel-title toggle\" id=\"toggle_115efa666d0ac5b79\"><a aria-expanded=\"false\" aria-controls=\"115efa666d0ac5b79\" role=\"button\" data-toggle=\"collapse\" data-parent=\"#accordion-233486-1\" data-target=\"#115efa666d0ac5b79\" href=\"#115efa666d0ac5b79\"><span class=\"fusion-toggle-icon-wrapper\" aria-hidden=\"true\"><i class=\"fa-fusion-box active-icon awb-icon-minus\" aria-hidden=\"true\"><\/i><i class=\"fa-fusion-box inactive-icon awb-icon-plus\" aria-hidden=\"true\"><\/i><\/span><span class=\"fusion-toggle-heading\">Was passiert, wenn ein Produkt nicht mehr verf\u00fcgbar ist? <\/span><\/a><\/h4><\/div><div id=\"115efa666d0ac5b79\" class=\"panel-collapse collapse \" aria-labelledby=\"toggle_115efa666d0ac5b79\"><div class=\"panel-body toggle-content fusion-clearfix\">\n<p>Wenn ein Artikel nicht vorr\u00e4tig, eingestellt, limitiert oder nicht mehr kaufbar ist, wird er nicht in den Warenkorb gelegt und auf der Seite wird eine Nachricht angezeigt.<\/p>\n<\/div><\/div><\/div><div class=\"fusion-panel panel-default panel-b6b2940a8f2a40078 fusion-toggle-has-divider\" style=\"--awb-content-font-size:16px;--awb-content-font-family:&quot;Nunito Sans&quot;;--awb-content-font-style:normal;--awb-content-font-weight:400;--awb-title-font-family:&quot;Nunito Sans&quot;;--awb-title-font-weight:400;--awb-title-font-style:normal;--awb-title-font-size:16px;--awb-title-color:#54585a;--awb-content-color:#54585a;\"><div class=\"panel-heading\"><h4 class=\"panel-title toggle\" id=\"toggle_b6b2940a8f2a40078\"><a aria-expanded=\"false\" aria-controls=\"b6b2940a8f2a40078\" role=\"button\" data-toggle=\"collapse\" data-parent=\"#accordion-233486-1\" data-target=\"#b6b2940a8f2a40078\" href=\"#b6b2940a8f2a40078\"><span class=\"fusion-toggle-icon-wrapper\" aria-hidden=\"true\"><i class=\"fa-fusion-box active-icon awb-icon-minus\" aria-hidden=\"true\"><\/i><i class=\"fa-fusion-box inactive-icon awb-icon-plus\" aria-hidden=\"true\"><\/i><\/span><span class=\"fusion-toggle-heading\">Was passiert mit Aktionsartikeln aus einer fr\u00fcheren Bestellung? <\/span><\/a><\/h4><\/div><div id=\"b6b2940a8f2a40078\" class=\"panel-collapse collapse \" aria-labelledby=\"toggle_b6b2940a8f2a40078\"><div class=\"panel-body toggle-content fusion-clearfix\">\n<p>Aktionsartikel aus einer fr\u00fcheren Bestellung k\u00f6nnen beim Nachbestellen weiterhin als ausw\u00e4hlbare Produkte erscheinen. Wenn die Aktion beendet ist, der Artikel aber noch verf\u00fcgbar ist, wird er zum aktuellen regul\u00e4ren Preis statt zum fr\u00fcheren Aktionspreis in deinen Warenkorb gelegt. Wenn der Artikel nicht mehr verf\u00fcgbar ist, wird er nicht hinzugef\u00fcgt.<\/p>\n<\/div><\/div><\/div><div class=\"fusion-panel panel-default panel-30cd2d1175a6e8b5b fusion-toggle-has-divider\" style=\"--awb-content-font-size:16px;--awb-content-font-family:&quot;Nunito Sans&quot;;--awb-content-font-style:normal;--awb-content-font-weight:400;--awb-title-font-family:&quot;Nunito Sans&quot;;--awb-title-font-weight:400;--awb-title-font-style:normal;--awb-title-font-size:16px;--awb-title-color:#54585a;--awb-content-color:#54585a;\"><div class=\"panel-heading\"><h4 class=\"panel-title toggle\" id=\"toggle_30cd2d1175a6e8b5b\"><a aria-expanded=\"false\" aria-controls=\"30cd2d1175a6e8b5b\" role=\"button\" data-toggle=\"collapse\" data-parent=\"#accordion-233486-1\" data-target=\"#30cd2d1175a6e8b5b\" href=\"#30cd2d1175a6e8b5b\"><span class=\"fusion-toggle-icon-wrapper\" aria-hidden=\"true\"><i class=\"fa-fusion-box active-icon awb-icon-minus\" aria-hidden=\"true\"><\/i><i class=\"fa-fusion-box inactive-icon awb-icon-plus\" aria-hidden=\"true\"><\/i><\/span><span class=\"fusion-toggle-heading\">Was passiert, wenn sich ein Pack oder Bundle seit meiner letzten Bestellung ge\u00e4ndert hat? <\/span><\/a><\/h4><\/div><div id=\"30cd2d1175a6e8b5b\" class=\"panel-collapse collapse \" aria-labelledby=\"toggle_30cd2d1175a6e8b5b\"><div class=\"panel-body toggle-content fusion-clearfix\">\n<p>Wenn sich ein Pack, Bundle oder Kit aus einer fr\u00fcheren Bestellung seit deinem urspr\u00fcnglichen Kauf ge\u00e4ndert hat, kannst du es m\u00f6glicherweise weiterhin nachbestellen. Es erscheint jedoch ein Hinweis beim Artikel, dass die Zusammenstellung aktualisiert wurde.<\/p>\n<\/div><\/div><\/div><div class=\"fusion-panel panel-default panel-5e4b64d668cfc947e fusion-toggle-has-divider\" style=\"--awb-content-font-size:16px;--awb-content-font-family:&quot;Nunito Sans&quot;;--awb-content-font-style:normal;--awb-content-font-weight:400;--awb-title-font-family:&quot;Nunito Sans&quot;;--awb-title-font-weight:400;--awb-title-font-style:normal;--awb-title-font-size:16px;--awb-title-color:#54585a;--awb-content-color:#54585a;\"><div class=\"panel-heading\"><h4 class=\"panel-title toggle\" id=\"toggle_5e4b64d668cfc947e\"><a aria-expanded=\"false\" aria-controls=\"5e4b64d668cfc947e\" role=\"button\" data-toggle=\"collapse\" data-parent=\"#accordion-233486-1\" data-target=\"#5e4b64d668cfc947e\" href=\"#5e4b64d668cfc947e\"><span class=\"fusion-toggle-icon-wrapper\" aria-hidden=\"true\"><i class=\"fa-fusion-box active-icon awb-icon-minus\" aria-hidden=\"true\"><\/i><i class=\"fa-fusion-box inactive-icon awb-icon-plus\" aria-hidden=\"true\"><\/i><\/span><span class=\"fusion-toggle-heading\">Warum kann ich manche Artikel aus einer fr\u00fcheren Bestellung nicht ausw\u00e4hlen? <\/span><\/a><\/h4><\/div><div id=\"5e4b64d668cfc947e\" class=\"panel-collapse collapse \" aria-labelledby=\"toggle_5e4b64d668cfc947e\"><div class=\"panel-body toggle-content fusion-clearfix\">\n<p>Einige Produkte sind nicht f\u00fcr eine Nachbestellung berechtigt, zum Beispiel Mitgliedschaften, Spenden, lieferbezogene Artikel oder andere nicht versendbare Produkte. In diesem Fall k\u00f6nnen diese Artikel als nicht ausw\u00e4hlbar erscheinen und auf der Seite wird eine Nachricht angezeigt.<\/p>\n<\/div><\/div><\/div><\/div><\/div><\/div><\/div><\/div><\/div><\/p>\n","protected":false},"excerpt":{"rendered":"","protected":false},"author":18298,"featured_media":0,"parent":0,"menu_order":0,"comment_status":"closed","ping_status":"closed","template":"100-width.php","meta":{"_acf_changed":false,"footnotes":""},"class_list":["post-233486","page","type-page","status-publish","hentry"],"acf":[],"_links":{"self":[{"href":"https:\/\/eu.isagenixbusiness.com\/de-eu\/wp-json\/wp\/v2\/pages\/233486","targetHints":{"allow":["GET"]}}],"collection":[{"href":"https:\/\/eu.isagenixbusiness.com\/de-eu\/wp-json\/wp\/v2\/pages"}],"about":[{"href":"https:\/\/eu.isagenixbusiness.com\/de-eu\/wp-json\/wp\/v2\/types\/page"}],"author":[{"embeddable":true,"href":"https:\/\/eu.isagenixbusiness.com\/de-eu\/wp-json\/wp\/v2\/users\/18298"}],"replies":[{"embeddable":true,"href":"https:\/\/eu.isagenixbusiness.com\/de-eu\/wp-json\/wp\/v2\/comments?post=233486"}],"version-history":[{"count":4,"href":"https:\/\/eu.isagenixbusiness.com\/de-eu\/wp-json\/wp\/v2\/pages\/233486\/revisions"}],"predecessor-version":[{"id":233497,"href":"https:\/\/eu.isagenixbusiness.com\/de-eu\/wp-json\/wp\/v2\/pages\/233486\/revisions\/233497"}],"wp:attachment":[{"href":"https:\/\/eu.isagenixbusiness.com\/de-eu\/wp-json\/wp\/v2\/media?parent=233486"}],"curies":[{"name":"wp","href":"https:\/\/api.w.org\/{rel}","templated":true}]}}