{"id":103032,"date":"2019-09-20T10:05:35","date_gmt":"2019-09-20T17:05:35","guid":{"rendered":"https:\/\/eu.isagenixbusiness.com\/how-to-host-an-event\/"},"modified":"2021-09-10T11:26:37","modified_gmt":"2021-09-10T10:26:37","slug":"how-to-host-an-event","status":"publish","type":"page","link":"https:\/\/eu.isagenixbusiness.com\/es-eu\/how-to-host-an-event\/","title":{"rendered":"How to Host an Event"},"content":{"rendered":"<p><div class=\"fusion-fullwidth fullwidth-box fusion-builder-row-1 fusion-parallax-none nonhundred-percent-fullwidth non-hundred-percent-height-scrolling\" style=\"--awb-background-blend-mode:overlay;--awb-border-radius-top-left:0px;--awb-border-radius-top-right:0px;--awb-border-radius-bottom-right:0px;--awb-border-radius-bottom-left:0px;--awb-padding-top:200px;--awb-padding-bottom:200px;--awb-background-color:rgba(0,0,0,0.18);--awb-background-image:url(&quot;https:\/\/eu.isagenixbusiness.com\/wp-content\/uploads\/2019\/09\/5317_US_en_HowtoHostanEvent_Webpage_banner_1920x675.jpg&quot;);--awb-background-size:cover;--awb-flex-wrap:wrap;\" ><div class=\"fusion-builder-row fusion-row\"><div class=\"fusion-layout-column fusion_builder_column fusion-builder-column-0 fusion_builder_column_1_1 1_1 fusion-one-full fusion-column-first fusion-column-last\" style=\"--awb-bg-size:cover;\"><div class=\"fusion-column-wrapper fusion-column-has-shadow fusion-flex-column-wrapper-legacy\"><div class=\"fusion-title title fusion-title-1 fusion-sep-none fusion-title-text fusion-title-size-one alignBottom\" style=\"--awb-text-color:#ffffff;--awb-margin-top-small:0px;--awb-margin-right-small:0px;--awb-margin-bottom-small:20px;--awb-margin-left-small:0px;--awb-font-size:70px;\"><h1 class=\"fusion-title-heading title-heading-left fusion-responsive-typography-calculated\" style=\"margin:0;font-size:1em;--fontSize:70;line-height:1;\"><b>C\u00f3mo organizar un evento de Isagenix<\/b><\/h1><\/div><div class=\"fusion-clearfix\"><\/div><\/div><\/div><\/div><\/div><div class=\"fusion-fullwidth fullwidth-box fusion-builder-row-2 nonhundred-percent-fullwidth non-hundred-percent-height-scrolling\" style=\"--awb-border-radius-top-left:0px;--awb-border-radius-top-right:0px;--awb-border-radius-bottom-right:0px;--awb-border-radius-bottom-left:0px;--awb-padding-top:40px;--awb-background-color:#f2f2f2;--awb-flex-wrap:wrap;\" ><div class=\"fusion-builder-row fusion-row\"><div class=\"fusion-layout-column fusion_builder_column fusion-builder-column-1 fusion_builder_column_1_6 1_6 fusion-one-sixth fusion-column-first\" style=\"--awb-bg-size:cover;width:16.666666666667%;width:calc(16.666666666667% - ( ( 4% + 4% ) * 0.16666666666667 ) );margin-right: 4%;\"><div class=\"fusion-column-wrapper fusion-column-has-shadow fusion-flex-column-wrapper-legacy\"><div class=\"fusion-clearfix\"><\/div><\/div><\/div><div class=\"fusion-layout-column fusion_builder_column fusion-builder-column-2 fusion_builder_column_2_3 2_3 fusion-two-third\" style=\"--awb-bg-size:cover;width:66.666666666667%;width:calc(66.666666666667% - ( ( 4% + 4% ) * 0.66666666666667 ) );margin-right: 4%;\"><div class=\"fusion-column-wrapper fusion-column-has-shadow fusion-flex-column-wrapper-legacy\"><div class=\"fusion-title title fusion-title-2 fusion-sep-none fusion-title-text fusion-title-size-two\" style=\"--awb-margin-top-small:0px;--awb-margin-right-small:0px;--awb-margin-bottom-small:20px;--awb-margin-left-small:0px;--awb-font-size:28px;\"><h2 class=\"fusion-title-heading title-heading-left fusion-responsive-typography-calculated\" style=\"margin:0;font-size:1em;--fontSize:28;line-height:1;\">Nunca ha habido un mejor momento para crear un negocio con Isagenix, pero \u00bfc\u00f3mo empezar?<\/h2><\/div><div class=\"fusion-text fusion-text-1\"><p style=\"text-align: center;\">Organizar un evento es una excelente forma de presentar a la gente la oportunidad y los productos de Isagenix de una forma tan divertida como usted. Para ayudar, hemos reunido algunas herramientas incre\u00edbles para que puedas comenzar a planificar tu primer evento y crear tu negocio como un profesional..<\/p>\n<\/div><div class=\"fusion-clearfix\"><\/div><\/div><\/div><div class=\"fusion-layout-column fusion_builder_column fusion-builder-column-3 fusion_builder_column_1_6 1_6 fusion-one-sixth fusion-column-last\" style=\"--awb-bg-size:cover;width:16.666666666667%;width:calc(16.666666666667% - ( ( 4% + 4% ) * 0.16666666666667 ) );\"><div class=\"fusion-column-wrapper fusion-column-has-shadow fusion-flex-column-wrapper-legacy\"><div class=\"fusion-clearfix\"><\/div><\/div><\/div><\/div><\/div><div class=\"fusion-fullwidth fullwidth-box fusion-builder-row-3 nonhundred-percent-fullwidth non-hundred-percent-height-scrolling fusion-equal-height-columns\" style=\"--awb-border-radius-top-left:0px;--awb-border-radius-top-right:0px;--awb-border-radius-bottom-right:0px;--awb-border-radius-bottom-left:0px;--awb-padding-top:80px;--awb-padding-bottom:70px;--awb-background-color:#ffffff;--awb-flex-wrap:wrap;\" ><div class=\"fusion-builder-row fusion-row\"><div class=\"fusion-layout-column fusion_builder_column fusion-builder-column-4 fusion_builder_column_1_2 1_2 fusion-one-half fusion-column-first\" style=\"--awb-bg-size:cover;width:50%;width:calc(50% - ( ( 4% ) * 0.5 ) );margin-right: 4%;\"><div class=\"fusion-column-wrapper fusion-column-has-shadow fusion-flex-column-wrapper-legacy\"><div class=\"fusion-menu-anchor\" id=\"startbrochure\"><\/div><div class=\"fusion-title title fusion-title-3 fusion-sep-none fusion-title-text fusion-title-size-two\" style=\"--awb-margin-top-small:0px;--awb-margin-right-small:0px;--awb-margin-bottom-small:20px;--awb-margin-left-small:0px;\"><h2 class=\"fusion-title-heading title-heading-left fusion-responsive-typography-calculated\" style=\"margin:0;--fontSize:32;line-height:1;\">PRIMEROS PASOS<\/h2><\/div><div class=\"fusion-text fusion-text-2\"><p>D\u00e9janos ayudarte a preparar tu pr\u00f3ximo evento, no dejando nada al azar, proporcion\u00e1ndote listas de control y agendas que no solo son f\u00e1ciles de seguir, sino divertidas de rellenar (\u00a1porque nada es m\u00e1s divertido que dar el primer paso hacia una nueva vida!).<\/p>\n<\/div><div class=\"accordian fusion-accordian boldToggle\" style=\"--awb-border-size:1px;--awb-icon-size:13px;--awb-content-font-size:16px;--awb-icon-alignment:left;--awb-hover-color:#f9f9f9;--awb-border-color:#eeefee;--awb-background-color:#ffffff;--awb-divider-color:#eeefee;--awb-divider-hover-color:#eeefee;--awb-icon-color:#54585a;--awb-title-color:#54585a;--awb-content-color:#54585a;--awb-icon-box-color:#55585a;--awb-toggle-hover-accent-color:#00778b;--awb-title-font-family:&quot;Montserrat&quot;;--awb-title-font-weight:400;--awb-title-font-style:normal;--awb-title-font-size:16px;--awb-content-font-family:&quot;Montserrat&quot;;--awb-content-font-style:normal;--awb-content-font-weight:400;\"><div class=\"panel-group fusion-toggle-icon-unboxed\" id=\"accordion-103032-1\"><div class=\"fusion-panel panel-default panel-aa224c0d50c30943a fusion-toggle-has-divider\"><div class=\"panel-heading\"><h4 class=\"panel-title toggle\" id=\"toggle_aa224c0d50c30943a\"><a aria-expanded=\"false\" aria-controls=\"aa224c0d50c30943a\" role=\"button\" data-toggle=\"collapse\" data-parent=\"#accordion-103032-1\" data-target=\"#aa224c0d50c30943a\" href=\"#aa224c0d50c30943a\"><span class=\"fusion-toggle-icon-wrapper\" aria-hidden=\"true\"><i class=\"fa-fusion-box active-icon awb-icon-minus\" aria-hidden=\"true\"><\/i><i class=\"fa-fusion-box inactive-icon awb-icon-plus\" aria-hidden=\"true\"><\/i><\/span><span class=\"fusion-toggle-heading\">Listas de verificaci\u00f3n y agendas<\/span><\/a><\/h4><\/div><div id=\"aa224c0d50c30943a\" class=\"panel-collapse collapse \" aria-labelledby=\"toggle_aa224c0d50c30943a\"><div class=\"panel-body toggle-content fusion-clearfix\">\n<p><a href=\"https:\/\/eu.isagenixbusiness.com\/wp-content\/uploads\/2021\/08\/48XX_EU_es_How_To_Host_Your_Own_Event_150721.pdf\">Lista de comprobaci\u00f3n del anfitri\u00f3n<\/a><\/p>\n<p><a href=\"https:\/\/eu.isagenixbusiness.com\/wp-content\/uploads\/2021\/08\/48XX_EU_es_Opportunity_Meeting_Agenda_150721.pdf\">Ejemplo de agenda<\/a><\/p>\n<\/div><\/div><\/div><\/div><\/div><div class=\"fusion-clearfix\"><\/div><\/div><\/div><div class=\"fusion-layout-column fusion_builder_column fusion-builder-column-5 fusion_builder_column_1_2 1_2 fusion-one-half fusion-column-last\" style=\"--awb-bg-size:cover;width:50%;width:calc(50% - ( ( 4% ) * 0.5 ) );\"><div class=\"fusion-column-wrapper fusion-column-has-shadow fusion-flex-column-wrapper-legacy\"><div class=\"fusion-image-element fusion-image-align-center in-legacy-container\" style=\"text-align:center;--awb-caption-title-font-family:var(--h2_typography-font-family);--awb-caption-title-font-weight:var(--h2_typography-font-weight);--awb-caption-title-font-style:var(--h2_typography-font-style);--awb-caption-title-size:var(--h2_typography-font-size);--awb-caption-title-transform:var(--h2_typography-text-transform);--awb-caption-title-line-height:var(--h2_typography-line-height);--awb-caption-title-letter-spacing:var(--h2_typography-letter-spacing);\"><div class=\"imageframe-align-center\"><span class=\" fusion-imageframe imageframe-none imageframe-1 hover-type-none\"><img decoding=\"async\" width=\"1200\" height=\"674\" title=\"5317_US_en_HowtoHostanEvent_Webpage_getting_started_1200x674\" src=\"https:\/\/eu.isagenixbusiness.com\/wp-content\/uploads\/2019\/09\/5317_US_en_HowtoHostanEvent_Webpage_getting_started_1200x674.jpg\" alt class=\"img-responsive wp-image-145951\" srcset=\"https:\/\/eu.isagenixbusiness.com\/wp-content\/uploads\/2019\/09\/5317_US_en_HowtoHostanEvent_Webpage_getting_started_1200x674-200x112.jpg 200w, https:\/\/eu.isagenixbusiness.com\/wp-content\/uploads\/2019\/09\/5317_US_en_HowtoHostanEvent_Webpage_getting_started_1200x674-400x225.jpg 400w, https:\/\/eu.isagenixbusiness.com\/wp-content\/uploads\/2019\/09\/5317_US_en_HowtoHostanEvent_Webpage_getting_started_1200x674-600x337.jpg 600w, https:\/\/eu.isagenixbusiness.com\/wp-content\/uploads\/2019\/09\/5317_US_en_HowtoHostanEvent_Webpage_getting_started_1200x674-800x449.jpg 800w, https:\/\/eu.isagenixbusiness.com\/wp-content\/uploads\/2019\/09\/5317_US_en_HowtoHostanEvent_Webpage_getting_started_1200x674.jpg 1200w\" sizes=\"(max-width: 1000px) 100vw, 800px\" \/><\/span><\/div><\/div><div class=\"fusion-clearfix\"><\/div><\/div><\/div><\/div><\/div><div class=\"fusion-fullwidth fullwidth-box fusion-builder-row-4 nonhundred-percent-fullwidth non-hundred-percent-height-scrolling fusion-equal-height-columns\" style=\"--awb-border-radius-top-left:0px;--awb-border-radius-top-right:0px;--awb-border-radius-bottom-right:0px;--awb-border-radius-bottom-left:0px;--awb-padding-top:80px;--awb-padding-bottom:70px;--awb-background-color:#f2f2f2;--awb-flex-wrap:wrap;\" ><div class=\"fusion-builder-row fusion-row\"><div class=\"fusion-layout-column fusion_builder_column fusion-builder-column-6 fusion_builder_column_1_2 1_2 fusion-one-half fusion-column-first\" style=\"--awb-bg-size:cover;width:50%;width:calc(50% - ( ( 4% ) * 0.5 ) );margin-right: 4%;\"><div class=\"fusion-column-wrapper fusion-column-has-shadow fusion-flex-column-wrapper-legacy\"><div class=\"fusion-image-element fusion-image-align-center in-legacy-container\" style=\"text-align:center;--awb-caption-title-font-family:var(--h2_typography-font-family);--awb-caption-title-font-weight:var(--h2_typography-font-weight);--awb-caption-title-font-style:var(--h2_typography-font-style);--awb-caption-title-size:var(--h2_typography-font-size);--awb-caption-title-transform:var(--h2_typography-text-transform);--awb-caption-title-line-height:var(--h2_typography-line-height);--awb-caption-title-letter-spacing:var(--h2_typography-letter-spacing);\"><div class=\"imageframe-align-center\"><span class=\" fusion-imageframe imageframe-none imageframe-2 hover-type-none\"><img decoding=\"async\" width=\"1920\" height=\"1077\" title=\"opportunity slide tiles\" src=\"https:\/\/eu.isagenixbusiness.com\/wp-content\/uploads\/2021\/06\/opportunity-slide-tiles.jpg\" alt class=\"img-responsive wp-image-103045\" srcset=\"https:\/\/eu.isagenixbusiness.com\/wp-content\/uploads\/2021\/06\/opportunity-slide-tiles-200x112.jpg 200w, https:\/\/eu.isagenixbusiness.com\/wp-content\/uploads\/2021\/06\/opportunity-slide-tiles-400x224.jpg 400w, https:\/\/eu.isagenixbusiness.com\/wp-content\/uploads\/2021\/06\/opportunity-slide-tiles-600x337.jpg 600w, https:\/\/eu.isagenixbusiness.com\/wp-content\/uploads\/2021\/06\/opportunity-slide-tiles-800x449.jpg 800w, https:\/\/eu.isagenixbusiness.com\/wp-content\/uploads\/2021\/06\/opportunity-slide-tiles-1200x673.jpg 1200w, https:\/\/eu.isagenixbusiness.com\/wp-content\/uploads\/2021\/06\/opportunity-slide-tiles.jpg 1920w\" sizes=\"(max-width: 1000px) 100vw, 800px\" \/><\/span><\/div><\/div><div class=\"fusion-clearfix\"><\/div><\/div><\/div><div class=\"fusion-layout-column fusion_builder_column fusion-builder-column-7 fusion_builder_column_1_2 1_2 fusion-one-half fusion-column-last\" style=\"--awb-bg-size:cover;width:50%;width:calc(50% - ( ( 4% ) * 0.5 ) );\"><div class=\"fusion-column-wrapper fusion-column-has-shadow fusion-flex-column-wrapper-legacy\"><div class=\"fusion-menu-anchor\" id=\"startslides\"><\/div><div class=\"fusion-title title fusion-title-4 fusion-sep-none fusion-title-text fusion-title-size-two\" style=\"--awb-margin-top-small:0px;--awb-margin-right-small:0px;--awb-margin-bottom-small:20px;--awb-margin-left-small:0px;\"><h2 class=\"fusion-title-heading title-heading-left fusion-responsive-typography-calculated\" style=\"margin:0;--fontSize:32;line-height:1;\">LISTA DE VERIFICACION DE AGENDAS<\/h2><\/div><div class=\"fusion-text fusion-text-3\"><p style=\"text-align: left;\">Para cualquier otra cosa que necesites saber, tenemos todo lo que necesitas con MUCH\u00cdSIMOS recursos estupendos. \u00a1Adelante, \u00e9chales un vistazo!<\/p>\n<\/div><div class=\"accordian fusion-accordian\" style=\"--awb-border-size:1px;--awb-icon-size:13px;--awb-content-font-size:16px;--awb-icon-alignment:left;--awb-hover-color:#f9f9f9;--awb-border-color:#eeefee;--awb-background-color:#ffffff;--awb-divider-color:#eeefee;--awb-divider-hover-color:#eeefee;--awb-icon-color:#54585a;--awb-title-color:#54585a;--awb-content-color:#54585a;--awb-icon-box-color:#55585a;--awb-toggle-hover-accent-color:#00778b;--awb-title-font-family:&quot;Montserrat&quot;;--awb-title-font-weight:400;--awb-title-font-style:normal;--awb-title-font-size:13px;--awb-content-font-family:&quot;Montserrat&quot;;--awb-content-font-style:normal;--awb-content-font-weight:400;\"><div class=\"panel-group fusion-toggle-icon-unboxed\" id=\"accordion-103032-2\"><div class=\"fusion-panel panel-default panel-2677a0d5deec2bbc8 fusion-toggle-has-divider\"><div class=\"panel-heading\"><h4 class=\"panel-title toggle\" id=\"toggle_2677a0d5deec2bbc8\"><a aria-expanded=\"false\" aria-controls=\"2677a0d5deec2bbc8\" role=\"button\" data-toggle=\"collapse\" data-parent=\"#accordion-103032-2\" data-target=\"#2677a0d5deec2bbc8\" href=\"#2677a0d5deec2bbc8\"><span class=\"fusion-toggle-icon-wrapper\" aria-hidden=\"true\"><i class=\"fa-fusion-box active-icon awb-icon-minus\" aria-hidden=\"true\"><\/i><i class=\"fa-fusion-box inactive-icon awb-icon-plus\" aria-hidden=\"true\"><\/i><\/span><span class=\"fusion-toggle-heading\">Otros Recursos de eventos<\/span><\/a><\/h4><\/div><div id=\"2677a0d5deec2bbc8\" class=\"panel-collapse collapse \" aria-labelledby=\"toggle_2677a0d5deec2bbc8\"><div class=\"panel-body toggle-content fusion-clearfix\">\n<p><a href=\"https:\/\/cdn.isagenix.com\/fos\/1\/B\/5\/%7B1B57C0CD-40CF-4E03-9F0A-3011E57B9FA1%7D.pptx?_ga=2.148243895.1402776600.1627982154-2040698515.1621525102\">Diapositivas de Oportunidades<\/a><\/p>\n<p><a href=\"https:\/\/cdn.isagenix.com\/fos\/D\/2\/4\/%7BD2446E55-779A-4EAB-ADF3-27C6681EFD0D%7D.pptx?_ga=2.251584774.1402776600.1627982154-2040698515.1621525102\">Presentaci\u00f3n del plan de compensaci\u00f3n<\/a><\/p>\n<\/div><\/div><\/div><\/div><\/div><div class=\"fusion-clearfix\"><\/div><\/div><\/div><\/div><\/div><div class=\"fusion-fullwidth fullwidth-box fusion-builder-row-5 nonhundred-percent-fullwidth non-hundred-percent-height-scrolling fusion-equal-height-columns\" style=\"--awb-border-radius-top-left:0px;--awb-border-radius-top-right:0px;--awb-border-radius-bottom-right:0px;--awb-border-radius-bottom-left:0px;--awb-padding-top:80px;--awb-padding-bottom:0px;--awb-background-color:#ffffff;--awb-flex-wrap:wrap;\" ><div class=\"fusion-builder-row fusion-row\"><div class=\"fusion-layout-column fusion_builder_column fusion-builder-column-8 fusion_builder_column_1_2 1_2 fusion-one-half fusion-column-first\" style=\"--awb-bg-size:cover;width:50%;width:calc(50% - ( ( 4% ) * 0.5 ) );margin-right: 4%;\"><div class=\"fusion-column-wrapper fusion-column-has-shadow fusion-flex-column-wrapper-legacy\"><div class=\"fusion-menu-anchor\" id=\"startlinks\"><\/div><div class=\"fusion-title title fusion-title-5 fusion-sep-none fusion-title-text fusion-title-size-two\" style=\"--awb-margin-top-small:0px;--awb-margin-right-small:0px;--awb-margin-bottom-small:20px;--awb-margin-left-small:0px;\"><h2 class=\"fusion-title-heading title-heading-left fusion-responsive-typography-calculated\" style=\"margin:0;--fontSize:32;line-height:1;\">PROMOCIONA TU EVENTO<\/h2><\/div><div class=\"fusion-text fusion-text-4\"><p>Si est\u00e1s listo para celebrar tu primer evento, es hora de empezar a invitar a todos los que conoces y que podr\u00edan beneficiarse de Isagenix. Te ayudaremos a crear publicaciones en redes sociales y a promocionar tu evento en nuestra p\u00e1gina de Eventos.<\/p>\n<\/div><div class=\"accordian fusion-accordian\" style=\"--awb-border-size:1px;--awb-icon-size:13px;--awb-content-font-size:16px;--awb-icon-alignment:left;--awb-hover-color:#f9f9f9;--awb-border-color:#eeefee;--awb-background-color:#ffffff;--awb-divider-color:#eeefee;--awb-divider-hover-color:#eeefee;--awb-icon-color:#54585a;--awb-title-color:#54585a;--awb-content-color:#54585a;--awb-icon-box-color:#55585a;--awb-toggle-hover-accent-color:#00778b;--awb-title-font-family:&quot;Montserrat&quot;;--awb-title-font-weight:400;--awb-title-font-style:normal;--awb-title-font-size:13px;--awb-content-font-family:&quot;Montserrat&quot;;--awb-content-font-style:normal;--awb-content-font-weight:400;\"><div class=\"panel-group fusion-toggle-icon-unboxed\" id=\"accordion-103032-3\"><div class=\"fusion-panel panel-default panel-3ffe747e67fec381b fusion-toggle-has-divider\"><div class=\"panel-heading\"><h4 class=\"panel-title toggle\" id=\"toggle_3ffe747e67fec381b\"><a aria-expanded=\"false\" aria-controls=\"3ffe747e67fec381b\" role=\"button\" data-toggle=\"collapse\" data-parent=\"#accordion-103032-3\" data-target=\"#3ffe747e67fec381b\" href=\"#3ffe747e67fec381b\"><span class=\"fusion-toggle-icon-wrapper\" aria-hidden=\"true\"><i class=\"fa-fusion-box active-icon awb-icon-minus\" aria-hidden=\"true\"><\/i><i class=\"fa-fusion-box inactive-icon awb-icon-plus\" aria-hidden=\"true\"><\/i><\/span><span class=\"fusion-toggle-heading\">Env\u00eda tu evento<\/span><\/a><\/h4><\/div><div id=\"3ffe747e67fec381b\" class=\"panel-collapse collapse \" aria-labelledby=\"toggle_3ffe747e67fec381b\"><div class=\"panel-body toggle-content fusion-clearfix\">\n<p><a href=\"https:\/\/eu.isagenixevents.com\/es\/envia-tu-evento\/\">Env\u00eda tu evento<\/a><\/p>\n<\/div><\/div><\/div><\/div><\/div><div class=\"fusion-clearfix\"><\/div><\/div><\/div><div class=\"fusion-layout-column fusion_builder_column fusion-builder-column-9 fusion_builder_column_1_2 1_2 fusion-one-half fusion-column-last\" style=\"--awb-bg-size:cover;width:50%;width:calc(50% - ( ( 4% ) * 0.5 ) );\"><div class=\"fusion-column-wrapper fusion-column-has-shadow fusion-flex-column-wrapper-legacy\"><div class=\"fusion-image-element fusion-image-align-center in-legacy-container\" style=\"text-align:center;--awb-caption-title-font-family:var(--h2_typography-font-family);--awb-caption-title-font-weight:var(--h2_typography-font-weight);--awb-caption-title-font-style:var(--h2_typography-font-style);--awb-caption-title-size:var(--h2_typography-font-size);--awb-caption-title-transform:var(--h2_typography-text-transform);--awb-caption-title-line-height:var(--h2_typography-line-height);--awb-caption-title-letter-spacing:var(--h2_typography-letter-spacing);\"><div class=\"imageframe-align-center\"><span class=\" fusion-imageframe imageframe-none imageframe-3 hover-type-none\"><img decoding=\"async\" width=\"1266\" height=\"692\" title=\"48XX_House-an-event-page_banner-5 (1)\" src=\"https:\/\/eu.isagenixbusiness.com\/wp-content\/uploads\/2021\/07\/48XX_House-an-event-page_banner-5-1.jpg\" alt class=\"img-responsive wp-image-106177\" srcset=\"https:\/\/eu.isagenixbusiness.com\/wp-content\/uploads\/2021\/07\/48XX_House-an-event-page_banner-5-1-200x109.jpg 200w, https:\/\/eu.isagenixbusiness.com\/wp-content\/uploads\/2021\/07\/48XX_House-an-event-page_banner-5-1-400x219.jpg 400w, https:\/\/eu.isagenixbusiness.com\/wp-content\/uploads\/2021\/07\/48XX_House-an-event-page_banner-5-1-600x328.jpg 600w, https:\/\/eu.isagenixbusiness.com\/wp-content\/uploads\/2021\/07\/48XX_House-an-event-page_banner-5-1-800x437.jpg 800w, https:\/\/eu.isagenixbusiness.com\/wp-content\/uploads\/2021\/07\/48XX_House-an-event-page_banner-5-1-1200x656.jpg 1200w, https:\/\/eu.isagenixbusiness.com\/wp-content\/uploads\/2021\/07\/48XX_House-an-event-page_banner-5-1.jpg 1266w\" sizes=\"(max-width: 1000px) 100vw, 800px\" \/><\/span><\/div><\/div><div class=\"fusion-clearfix\"><\/div><\/div><\/div><\/div><\/div><div class=\"fusion-fullwidth fullwidth-box fusion-builder-row-6 nonhundred-percent-fullwidth non-hundred-percent-height-scrolling fusion-equal-height-columns\" style=\"--awb-border-radius-top-left:0px;--awb-border-radius-top-right:0px;--awb-border-radius-bottom-right:0px;--awb-border-radius-bottom-left:0px;--awb-padding-top:70px;--awb-padding-bottom:70px;--awb-background-color:#f2f2f2;--awb-flex-wrap:wrap;\" ><div class=\"fusion-builder-row fusion-row\"><div class=\"fusion-layout-column fusion_builder_column fusion-builder-column-10 fusion_builder_column_1_1 1_1 fusion-one-full fusion-column-first fusion-column-last fusion-column-inner-bg-wrapper\" style=\"--awb-inner-bg-size:cover;--awb-margin-bottom:0px;\"><span class=\"fusion-column-inner-bg hover-type-none\"><a class=\"fusion-column-anchor\" href=\"https:\/\/eu.isagenixbusiness.com\/es-eu\/promotions-stg\/\"><span class=\"fusion-column-inner-bg-image\"><\/span><\/a><\/span><div class=\"fusion-column-wrapper fusion-column-has-shadow fusion-flex-column-wrapper-legacy\"><div class=\"fusion-title title fusion-title-6 fusion-sep-none fusion-title-center fusion-title-text fusion-title-size-two\" style=\"--awb-margin-bottom:15px;--awb-margin-right-small:0px;--awb-margin-bottom-small:10px;--awb-margin-left-small:0px;\"><h2 class=\"fusion-title-heading title-heading-center fusion-responsive-typography-calculated\" style=\"margin:0;--fontSize:32;line-height:1;\"><strong>PROMOCIONES ACTUALES<\/strong><\/h2><\/div><div class=\"fusion-builder-row fusion-builder-row-inner fusion-row\"><div class=\"fusion-layout-column fusion_builder_column_inner fusion-builder-nested-column-0 fusion_builder_column_inner_1_6 1_6 fusion-one-sixth fusion-column-first\" style=\"--awb-bg-size:cover;width:16.666666666667%;width:calc(16.666666666667% - ( ( 4% + 4% ) * 0.16666666666667 ) );margin-right: 4%;\"><div class=\"fusion-column-wrapper fusion-column-has-shadow fusion-flex-column-wrapper-legacy\"><div class=\"fusion-clearfix\"><\/div><\/div><\/div><div class=\"fusion-layout-column fusion_builder_column_inner fusion-builder-nested-column-1 fusion_builder_column_inner_2_3 2_3 fusion-two-third\" style=\"--awb-bg-size:cover;width:66.666666666667%;width:calc(66.666666666667% - ( ( 4% + 4% ) * 0.66666666666667 ) );margin-right: 4%;\"><div class=\"fusion-column-wrapper fusion-column-has-shadow fusion-flex-column-wrapper-legacy\"><div class=\"fusion-text fusion-text-5\"><p style=\"text-align: center; font-size: 20px;\"><strong>Incluye nuestras \u00faltimas promociones en tu evento para que tus invitados se sientan a\u00fan m\u00e1s entusiasmados con esta oportunidad.<\/strong><\/p>\n<\/div><div class=\"fusion-clearfix\"><\/div><\/div><\/div><div class=\"fusion-layout-column fusion_builder_column_inner fusion-builder-nested-column-2 fusion_builder_column_inner_1_6 1_6 fusion-one-sixth fusion-column-last\" style=\"--awb-bg-size:cover;width:16.666666666667%;width:calc(16.666666666667% - ( ( 4% + 4% ) * 0.16666666666667 ) );\"><div class=\"fusion-column-wrapper fusion-column-has-shadow fusion-flex-column-wrapper-legacy\"><div class=\"fusion-clearfix\"><\/div><\/div><\/div><\/div><div class=\"fusion-button-wrapper fusion-aligncenter\"><a class=\"fusion-button button-flat fusion-button-default-size button-default fusion-button-default button-1 fusion-button-default-span fusion-button-default-type\" target=\"_self\" href=\"https:\/\/eu.isagenixbusiness.com\/es-eu\/promotions-stg\/\"><span class=\"fusion-button-text awb-button__text awb-button__text--default\">Ver nuestras promociones<\/span><\/a><\/div><div class=\"fusion-clearfix\"><\/div><\/div><\/div><\/div><\/div><\/p>\n","protected":false},"excerpt":{"rendered":"","protected":false},"author":18291,"featured_media":0,"parent":0,"menu_order":0,"comment_status":"closed","ping_status":"closed","template":"100-width.php","meta":{"_acf_changed":false,"footnotes":""},"class_list":["post-103032","page","type-page","status-publish","hentry"],"acf":[],"_links":{"self":[{"href":"https:\/\/eu.isagenixbusiness.com\/es-eu\/wp-json\/wp\/v2\/pages\/103032","targetHints":{"allow":["GET"]}}],"collection":[{"href":"https:\/\/eu.isagenixbusiness.com\/es-eu\/wp-json\/wp\/v2\/pages"}],"about":[{"href":"https:\/\/eu.isagenixbusiness.com\/es-eu\/wp-json\/wp\/v2\/types\/page"}],"author":[{"embeddable":true,"href":"https:\/\/eu.isagenixbusiness.com\/es-eu\/wp-json\/wp\/v2\/users\/18291"}],"replies":[{"embeddable":true,"href":"https:\/\/eu.isagenixbusiness.com\/es-eu\/wp-json\/wp\/v2\/comments?post=103032"}],"version-history":[{"count":5,"href":"https:\/\/eu.isagenixbusiness.com\/es-eu\/wp-json\/wp\/v2\/pages\/103032\/revisions"}],"predecessor-version":[{"id":109876,"href":"https:\/\/eu.isagenixbusiness.com\/es-eu\/wp-json\/wp\/v2\/pages\/103032\/revisions\/109876"}],"wp:attachment":[{"href":"https:\/\/eu.isagenixbusiness.com\/es-eu\/wp-json\/wp\/v2\/media?parent=103032"}],"curies":[{"name":"wp","href":"https:\/\/api.w.org\/{rel}","templated":true}]}}