{"id":106260,"date":"2021-07-12T14:36:04","date_gmt":"2021-07-12T13:36:04","guid":{"rendered":"https:\/\/eu.isagenixbusiness.com\/?page_id=106260"},"modified":"2021-07-12T14:36:04","modified_gmt":"2021-07-12T13:36:04","slug":"collagen-scripts-3-7","status":"publish","type":"page","link":"https:\/\/eu.isagenixbusiness.com\/es-eu\/collagen-scripts-3-7\/","title":{"rendered":"Collagen Scripts &#8211; How to find new Business Builders with Collagen Elixir (For Experienced Associates)"},"content":{"rendered":"<p><div class=\"fusion-fullwidth fullwidth-box fusion-builder-row-1 fusion-flex-container fusion-parallax-none nonhundred-percent-fullwidth non-hundred-percent-height-scrolling\" style=\"--awb-background-position:center bottom;--awb-border-radius-top-left:0px;--awb-border-radius-top-right:0px;--awb-border-radius-bottom-right:0px;--awb-border-radius-bottom-left:0px;--awb-padding-top:0px;--awb-padding-bottom:0px;--awb-margin-bottom:0px;--awb-background-color:rgba(255,255,255,0.75);--awb-background-image:url(&quot;https:\/\/eu.isagenixbusiness.com\/wp-content\/uploads\/2020\/12\/Header-modulev2.png&quot;);--awb-background-size:cover;--awb-flex-wrap:wrap;\" ><div class=\"fusion-builder-row fusion-row fusion-flex-align-items-flex-start fusion-flex-justify-content-center fusion-flex-content-wrap\" style=\"max-width:1497.6px;margin-left: calc(-4% \/ 2 );margin-right: calc(-4% \/ 2 );\"><div class=\"fusion-layout-column fusion_builder_column fusion-builder-column-0 fusion_builder_column_1_1 1_1 fusion-flex-column\" style=\"--awb-padding-top:0.9840000000000089px;--awb-padding-bottom:0.9730000000000132px;--awb-bg-size:cover;--awb-width-large:100%;--awb-margin-top-large:0px;--awb-spacing-right-large:1.92%;--awb-margin-bottom-large:9px;--awb-spacing-left-large:1.92%;--awb-width-medium:100%;--awb-order-medium:0;--awb-spacing-right-medium:1.92%;--awb-spacing-left-medium:1.92%;--awb-width-small:100%;--awb-order-small:0;--awb-spacing-right-small:1.92%;--awb-spacing-left-small:1.92%;\"><div class=\"fusion-column-wrapper fusion-column-has-shadow fusion-flex-justify-content-flex-start fusion-content-layout-column\"><div class=\"fusion-separator fusion-full-width-sep\" style=\"align-self: flex-end;margin-left:auto;margin-top:10%;width:100%;\"><\/div><div class=\"fusion-builder-row fusion-builder-row-inner fusion-row fusion-flex-align-items-flex-start fusion-flex-justify-content-center fusion-flex-content-wrap\" style=\"--awb-flex-grow:0;--awb-flex-grow-medium:0;--awb-flex-grow-small:0;--awb-flex-shrink:0;--awb-flex-shrink-medium:0;--awb-flex-shrink-small:0;width:104% !important;max-width:104% !important;margin-left: calc(-4% \/ 2 );margin-right: calc(-4% \/ 2 );\"><div class=\"fusion-layout-column fusion_builder_column_inner fusion-builder-nested-column-0 fusion_builder_column_inner_1_2 1_2 fusion-flex-column\" style=\"--awb-bg-size:cover;--awb-width-large:50%;--awb-margin-top-large:0px;--awb-spacing-right-large:3.84%;--awb-margin-bottom-large:20px;--awb-spacing-left-large:3.84%;--awb-width-medium:100%;--awb-order-medium:0;--awb-spacing-right-medium:1.92%;--awb-spacing-left-medium:1.92%;--awb-width-small:100%;--awb-order-small:0;--awb-spacing-right-small:1.92%;--awb-spacing-left-small:1.92%;\"><div class=\"fusion-column-wrapper fusion-column-has-shadow fusion-flex-justify-content-flex-start fusion-content-layout-column\"><\/div><\/div><div class=\"fusion-layout-column fusion_builder_column_inner fusion-builder-nested-column-1 fusion_builder_column_inner_1_2 1_2 fusion-flex-column\" style=\"--awb-bg-size:cover;--awb-width-large:50%;--awb-margin-top-large:0px;--awb-spacing-right-large:3.84%;--awb-margin-bottom-large:20px;--awb-spacing-left-large:3.84%;--awb-width-medium:100%;--awb-order-medium:0;--awb-spacing-right-medium:1.92%;--awb-spacing-left-medium:1.92%;--awb-width-small:100%;--awb-order-small:0;--awb-spacing-right-small:1.92%;--awb-spacing-left-small:1.92%;\"><div class=\"fusion-column-wrapper fusion-column-has-shadow fusion-flex-justify-content-flex-start fusion-content-layout-column\"><\/div><\/div><\/div><div class=\"fusion-title title fusion-title-1 fusion-title-center fusion-title-text fusion-title-size-one\" style=\"--awb-margin-top-small:0px;--awb-margin-right-small:0px;--awb-margin-bottom-small:20px;--awb-margin-left-small:0px;--awb-font-size:3.5rem;\"><div class=\"title-sep-container title-sep-container-left\"><div class=\"title-sep sep- sep-solid\" style=\"border-color:#eeefee;\"><\/div><\/div><span class=\"awb-title-spacer\"><\/span><h1 class=\"fusion-title-heading title-heading-center fusion-responsive-typography-calculated\" style=\"font-family:&quot;DM Serif Display&quot;;font-style:normal;font-weight:400;margin:0;font-size:1em;--fontSize:56;line-height:1;\"><p style=\"text-align: center;\"><span style=\"color: #a77666; font-size: 1em; font-style: var(--h1_typography-font-style,normal); letter-spacing: var(--h1_typography-letter-spacing); background-color: rgba(255, 255, 255, 0);\">COLLAGEN <\/span><span style=\"color: #a77666; font-size: 1em; font-style: var(--h1_typography-font-style,normal); letter-spacing: var(--h1_typography-letter-spacing); background-color: rgba(255, 255, 255, 0); font-family: Montserrat;\">Elixir\u2122<\/span><\/p><\/h1><span class=\"awb-title-spacer\"><\/span><div class=\"title-sep-container title-sep-container-right\"><div class=\"title-sep sep- sep-solid\" style=\"border-color:#eeefee;\"><\/div><\/div><\/div><div class=\"fusion-title title fusion-title-2 fusion-title-center fusion-title-text fusion-title-size-two\" style=\"--awb-margin-top-small:0px;--awb-margin-right-small:0px;--awb-margin-bottom-small:20px;--awb-margin-left-small:0px;\"><div class=\"title-sep-container title-sep-container-left\"><div class=\"title-sep sep- sep-solid\" style=\"border-color:#eeefee;\"><\/div><\/div><span class=\"awb-title-spacer\"><\/span><h2 class=\"fusion-title-heading title-heading-center fusion-responsive-typography-calculated\" style=\"font-family:&quot;DM Serif Display&quot;;font-style:normal;font-weight:400;margin:0;--fontSize:32;line-height:1;\"><div>C\u00f3mo llegar a Creadores de NUEVOS negocios<\/div>\n<p>(para asociados con experiencia)<\/p>\n<div><\/div><\/h2><span class=\"awb-title-spacer\"><\/span><div class=\"title-sep-container title-sep-container-right\"><div class=\"title-sep sep- sep-solid\" style=\"border-color:#eeefee;\"><\/div><\/div><\/div><\/div><\/div><div class=\"fusion-layout-column fusion_builder_column fusion-builder-column-1 fusion_builder_column_1_2 1_2 fusion-flex-column\" style=\"--awb-bg-size:cover;--awb-width-large:50%;--awb-margin-top-large:0px;--awb-spacing-right-large:3.84%;--awb-margin-bottom-large:20px;--awb-spacing-left-large:3.84%;--awb-width-medium:100%;--awb-order-medium:0;--awb-spacing-right-medium:1.92%;--awb-spacing-left-medium:1.92%;--awb-width-small:100%;--awb-order-small:0;--awb-spacing-right-small:1.92%;--awb-spacing-left-small:1.92%;\"><div class=\"fusion-column-wrapper fusion-column-has-shadow fusion-flex-justify-content-flex-start fusion-content-layout-column\"><div class=\"fusion-builder-row fusion-builder-row-inner fusion-row fusion-flex-align-items-flex-start fusion-flex-justify-content-center fusion-flex-content-wrap\" style=\"--awb-flex-grow:0;--awb-flex-grow-medium:0;--awb-flex-grow-small:0;--awb-flex-shrink:0;--awb-flex-shrink-medium:0;--awb-flex-shrink-small:0;width:104% !important;max-width:104% !important;margin-left: calc(-4% \/ 2 );margin-right: calc(-4% \/ 2 );\"><div class=\"fusion-layout-column fusion_builder_column_inner fusion-builder-nested-column-2 fusion_builder_column_inner_1_1 1_1 fusion-flex-column\" style=\"--awb-bg-size:cover;--awb-width-large:100%;--awb-margin-top-large:0px;--awb-spacing-right-large:1.92%;--awb-margin-bottom-large:20px;--awb-spacing-left-large:1.92%;--awb-width-medium:100%;--awb-order-medium:0;--awb-spacing-right-medium:1.92%;--awb-spacing-left-medium:1.92%;--awb-width-small:100%;--awb-order-small:0;--awb-spacing-right-small:1.92%;--awb-spacing-left-small:1.92%;\"><div class=\"fusion-column-wrapper fusion-column-has-shadow fusion-flex-justify-content-flex-start fusion-content-layout-column\"><\/div><\/div><\/div><\/div><\/div><\/div><\/div><div class=\"fusion-fullwidth fullwidth-box fusion-builder-row-2 fusion-flex-container nonhundred-percent-fullwidth non-hundred-percent-height-scrolling\" style=\"--awb-border-radius-top-left:0px;--awb-border-radius-top-right:0px;--awb-border-radius-bottom-right:0px;--awb-border-radius-bottom-left:0px;--awb-flex-wrap:wrap;\" ><div class=\"fusion-builder-row fusion-row fusion-flex-align-items-flex-start fusion-flex-content-wrap\" style=\"max-width:1497.6px;margin-left: calc(-4% \/ 2 );margin-right: calc(-4% \/ 2 );\"><div class=\"fusion-layout-column fusion_builder_column fusion-builder-column-2 fusion_builder_column_1_1 1_1 fusion-flex-column\" style=\"--awb-bg-size:cover;--awb-width-large:100%;--awb-margin-top-large:0px;--awb-spacing-right-large:1.92%;--awb-margin-bottom-large:20px;--awb-spacing-left-large:1.92%;--awb-width-medium:100%;--awb-order-medium:0;--awb-spacing-right-medium:1.92%;--awb-spacing-left-medium:1.92%;--awb-width-small:100%;--awb-order-small:0;--awb-spacing-right-small:1.92%;--awb-spacing-left-small:1.92%;\"><div class=\"fusion-column-wrapper fusion-column-has-shadow fusion-flex-justify-content-flex-start fusion-content-layout-column\"><div class=\"fusion-title title fusion-title-3 fusion-title-text fusion-title-size-one\" style=\"--awb-text-color:#a77666;--awb-margin-top-small:0px;--awb-margin-right-small:0px;--awb-margin-bottom-small:20px;--awb-margin-left-small:0px;--awb-font-size:2.5rem;\"><div class=\"title-sep-container title-sep-container-left fusion-no-large-visibility fusion-no-medium-visibility fusion-no-small-visibility\"><div class=\"title-sep sep- sep-solid\" style=\"border-color:#eeefee;\"><\/div><\/div><span class=\"awb-title-spacer fusion-no-large-visibility fusion-no-medium-visibility fusion-no-small-visibility\"><\/span><h1 class=\"fusion-title-heading title-heading-left fusion-responsive-typography-calculated\" style=\"font-family:&quot;DM Serif Display&quot;;font-style:normal;font-weight:400;margin:0;font-size:1em;--fontSize:40;line-height:1;\">Gui\u00f3n sugerido<br \/>\n<span style=\"font-size: 22px;\" data-fusion-font=\"true\">(Enviar mediante texto o nota de voz)<\/span><\/h1><span class=\"awb-title-spacer\"><\/span><div class=\"title-sep-container title-sep-container-right\"><div class=\"title-sep sep- sep-solid\" style=\"border-color:#eeefee;\"><\/div><\/div><\/div><div class=\"fusion-text fusion-text-1\"><p style=\"font-size: 19px;\" data-fusion-font=\"true\">\u00a1Hola!<\/p>\n<p style=\"font-size: 19px;\" data-fusion-font=\"true\">No estoy seguro de si el momento es correcto, pero hace poco hemos lanzado un producto de col\u00e1geno marino extremadamente revolucionario y no puedo evitar pensar que arrasar\u00edas con este producto. \u00bfAceptar\u00edas una llamada r\u00e1pida de 5-10 minutos, para poder detallar un poco m\u00e1s lo que planeamos y por qu\u00e9 creo que ir\u00eda bien para lo que ya est\u00e1s haciendo? Si no es as\u00ed, no pasa nada.<\/p>\n<p style=\"font-size: 19px;\" data-fusion-font=\"true\">Habr\u00e1 m\u00e1s formaci\u00f3n sobre en qu\u00e9 consiste esa llamada telef\u00f3nica de 5-10 minutos, pero, por ahora, aqu\u00ed tienes un par de puntos:<\/p>\n<p style=\"padding-left: 40px; font-size: 19px;\" data-fusion-font=\"true\">\u2022 la intenci\u00f3n principal es que pasen de esta llamada a un seminario web en directo o a una grabaci\u00f3n<\/p>\n<p style=\"padding-left: 40px; font-size: 19px;\" data-fusion-font=\"true\">\u2022 la secuencia recomendada para la llamada es la siguiente<\/p>\n<p style=\"padding-left: 80px; font-size: 19px;\" data-fusion-font=\"true\">1. Conexi\u00f3n \/ puesta al d\u00eda r\u00e1pida<\/p>\n<p style=\"padding-left: 80px; font-size: 19px;\" data-fusion-font=\"true\">2. Averiguar c\u00f3mo les va (escuchar los puntos d\u00e9biles)<\/p>\n<p style=\"padding-left: 80px; font-size: 19px;\" data-fusion-font=\"true\">3. Comparte tu breve historia de Isagenix y por qu\u00e9 te entusiasma Collagen Elixir\u2122 desde una perspectiva empresarial<\/p>\n<p style=\"padding-left: 80px; font-size: 19px;\" data-fusion-font=\"true\">4. \u201c\u00bfTe gustar\u00eda explorar m\u00e1s a fondo alguna de las cosas que he compartido contigo?\u201d<\/p>\n<p style=\"padding-left: 80px; font-size: 19px;\" data-fusion-font=\"true\">5. Genial, \u00bfte va bien el [Inserta la fecha de tu pr\u00f3ximo seminario web]?<\/p>\n<p style=\"padding-left: 80px; font-size: 19px;\" data-fusion-font=\"true\">6. Confirma que est\u00e1n disponibles para llamarles otra vez, despu\u00e9s del seminario web, para reorganizarse<\/p>\n<\/div><\/div><\/div><\/div><\/div><div class=\"fusion-fullwidth fullwidth-box fusion-builder-row-3 fusion-flex-container fusion-parallax-none nonhundred-percent-fullwidth non-hundred-percent-height-scrolling\" style=\"--awb-border-radius-top-left:0px;--awb-border-radius-top-right:0px;--awb-border-radius-bottom-right:0px;--awb-border-radius-bottom-left:0px;--awb-padding-top:22px;--awb-background-image:url(&quot;https:\/\/eu.isagenixbusiness.com\/wp-content\/uploads\/2020\/12\/Background-1-1-e1607442026599.png&quot;);--awb-background-size:cover;--awb-flex-wrap:wrap;\" ><div class=\"fusion-builder-row fusion-row fusion-flex-align-items-flex-start fusion-flex-content-wrap\" style=\"max-width:1497.6px;margin-left: calc(-4% \/ 2 );margin-right: calc(-4% \/ 2 );\"><div class=\"fusion-layout-column fusion_builder_column fusion-builder-column-3 fusion_builder_column_1_1 1_1 fusion-flex-column\" style=\"--awb-bg-size:cover;--awb-width-large:100%;--awb-margin-top-large:0px;--awb-spacing-right-large:1.92%;--awb-margin-bottom-large:20px;--awb-spacing-left-large:1.92%;--awb-width-medium:100%;--awb-order-medium:0;--awb-spacing-right-medium:1.92%;--awb-spacing-left-medium:1.92%;--awb-width-small:100%;--awb-order-small:0;--awb-spacing-right-small:1.92%;--awb-spacing-left-small:1.92%;\"><div class=\"fusion-column-wrapper fusion-column-has-shadow fusion-flex-justify-content-flex-start fusion-content-layout-column\"><div class=\"fusion-text fusion-text-2\"><p style=\"color: #ffffff;\"><b>Exenci\u00f3n de ganancias<\/b><\/p>\n<p style=\"color: #ffffff;\">La capacidad de obtener ingresos bajo el plan de compensaci\u00f3n de Isagenix depende de muchos factores incluyendo las habilidades de negocios, sociales y ventas de un asociado individual; ambici\u00f3n y actividad personal; disponibilidad de tiempo y recursos financieros; y acceso a una gran red de contactos familiares, amigos y de negocios. Isagenix no puede y no garantiza ning\u00fan nivel particular de ganancias. Incluso los asociados que dedican una cantidad significativa de tiempo, esfuerzo y fondos personales no pueden alcanzar un nivel significativo de \u00e9xito. Para obtener ingresos medios, por favor refi\u00e9rase a la declaraci\u00f3n de divulgaci\u00f3n de ganancias de Isagenix en IsagenixEarnings.com.<\/p>\n<\/div><\/div><\/div><\/div><\/div><\/p>\n","protected":false},"excerpt":{"rendered":"","protected":false},"author":9877,"featured_media":0,"parent":0,"menu_order":0,"comment_status":"closed","ping_status":"closed","template":"100-width.php","meta":{"_acf_changed":false,"footnotes":""},"class_list":["post-106260","page","type-page","status-publish","hentry"],"acf":[],"_links":{"self":[{"href":"https:\/\/eu.isagenixbusiness.com\/es-eu\/wp-json\/wp\/v2\/pages\/106260","targetHints":{"allow":["GET"]}}],"collection":[{"href":"https:\/\/eu.isagenixbusiness.com\/es-eu\/wp-json\/wp\/v2\/pages"}],"about":[{"href":"https:\/\/eu.isagenixbusiness.com\/es-eu\/wp-json\/wp\/v2\/types\/page"}],"author":[{"embeddable":true,"href":"https:\/\/eu.isagenixbusiness.com\/es-eu\/wp-json\/wp\/v2\/users\/9877"}],"replies":[{"embeddable":true,"href":"https:\/\/eu.isagenixbusiness.com\/es-eu\/wp-json\/wp\/v2\/comments?post=106260"}],"version-history":[{"count":2,"href":"https:\/\/eu.isagenixbusiness.com\/es-eu\/wp-json\/wp\/v2\/pages\/106260\/revisions"}],"predecessor-version":[{"id":106872,"href":"https:\/\/eu.isagenixbusiness.com\/es-eu\/wp-json\/wp\/v2\/pages\/106260\/revisions\/106872"}],"wp:attachment":[{"href":"https:\/\/eu.isagenixbusiness.com\/es-eu\/wp-json\/wp\/v2\/media?parent=106260"}],"curies":[{"name":"wp","href":"https:\/\/api.w.org\/{rel}","templated":true}]}}