{"id":106271,"date":"2021-07-12T13:20:17","date_gmt":"2021-07-12T12:20:17","guid":{"rendered":"https:\/\/eu.isagenixbusiness.com\/?page_id=106271"},"modified":"2023-12-21T12:51:19","modified_gmt":"2023-12-21T12:51:19","slug":"collagen-script-1-4","status":"publish","type":"page","link":"https:\/\/eu.isagenixbusiness.com\/es-eu\/collagen-script-1-4\/","title":{"rendered":"Collagen Scripts &#8211; How to find new customers with Collagen Elixir"},"content":{"rendered":"<p><div class=\"fusion-fullwidth fullwidth-box fusion-builder-row-1 fusion-flex-container fusion-parallax-none nonhundred-percent-fullwidth non-hundred-percent-height-scrolling\" style=\"--awb-background-position:center bottom;--awb-border-radius-top-left:0px;--awb-border-radius-top-right:0px;--awb-border-radius-bottom-right:0px;--awb-border-radius-bottom-left:0px;--awb-padding-top:0px;--awb-padding-bottom:0px;--awb-margin-bottom:0px;--awb-background-color:rgba(255,255,255,0.75);--awb-background-image:url(&quot;https:\/\/eu.isagenixbusiness.com\/wp-content\/uploads\/2020\/12\/Header-modulev2.png&quot;);--awb-background-size:cover;--awb-flex-wrap:wrap;\" ><div class=\"fusion-builder-row fusion-row fusion-flex-align-items-flex-start fusion-flex-justify-content-center fusion-flex-content-wrap\" style=\"max-width:1497.6px;margin-left: calc(-4% \/ 2 );margin-right: calc(-4% \/ 2 );\"><div class=\"fusion-layout-column fusion_builder_column fusion-builder-column-0 fusion_builder_column_1_1 1_1 fusion-flex-column\" style=\"--awb-padding-top:0.9840000000000089px;--awb-padding-bottom:0.9730000000000132px;--awb-bg-size:cover;--awb-width-large:100%;--awb-margin-top-large:0px;--awb-spacing-right-large:1.92%;--awb-margin-bottom-large:9px;--awb-spacing-left-large:1.92%;--awb-width-medium:100%;--awb-order-medium:0;--awb-spacing-right-medium:1.92%;--awb-spacing-left-medium:1.92%;--awb-width-small:100%;--awb-order-small:0;--awb-spacing-right-small:1.92%;--awb-spacing-left-small:1.92%;\"><div class=\"fusion-column-wrapper fusion-column-has-shadow fusion-flex-justify-content-flex-start fusion-content-layout-column\"><div class=\"fusion-separator fusion-full-width-sep\" style=\"align-self: flex-end;margin-left:auto;margin-top:10%;width:100%;\"><\/div><div class=\"fusion-builder-row fusion-builder-row-inner fusion-row fusion-flex-align-items-flex-start fusion-flex-justify-content-center fusion-flex-content-wrap\" style=\"--awb-flex-grow:0;--awb-flex-grow-medium:0;--awb-flex-grow-small:0;--awb-flex-shrink:0;--awb-flex-shrink-medium:0;--awb-flex-shrink-small:0;width:104% !important;max-width:104% !important;margin-left: calc(-4% \/ 2 );margin-right: calc(-4% \/ 2 );\"><div class=\"fusion-layout-column fusion_builder_column_inner fusion-builder-nested-column-0 fusion_builder_column_inner_1_2 1_2 fusion-flex-column\" style=\"--awb-bg-size:cover;--awb-width-large:50%;--awb-margin-top-large:0px;--awb-spacing-right-large:3.84%;--awb-margin-bottom-large:20px;--awb-spacing-left-large:3.84%;--awb-width-medium:100%;--awb-order-medium:0;--awb-spacing-right-medium:1.92%;--awb-spacing-left-medium:1.92%;--awb-width-small:100%;--awb-order-small:0;--awb-spacing-right-small:1.92%;--awb-spacing-left-small:1.92%;\"><div class=\"fusion-column-wrapper fusion-column-has-shadow fusion-flex-justify-content-flex-start fusion-content-layout-column\"><\/div><\/div><div class=\"fusion-layout-column fusion_builder_column_inner fusion-builder-nested-column-1 fusion_builder_column_inner_1_2 1_2 fusion-flex-column\" style=\"--awb-bg-size:cover;--awb-width-large:50%;--awb-margin-top-large:0px;--awb-spacing-right-large:3.84%;--awb-margin-bottom-large:20px;--awb-spacing-left-large:3.84%;--awb-width-medium:100%;--awb-order-medium:0;--awb-spacing-right-medium:1.92%;--awb-spacing-left-medium:1.92%;--awb-width-small:100%;--awb-order-small:0;--awb-spacing-right-small:1.92%;--awb-spacing-left-small:1.92%;\"><div class=\"fusion-column-wrapper fusion-column-has-shadow fusion-flex-justify-content-flex-start fusion-content-layout-column\"><\/div><\/div><\/div><div class=\"fusion-title title fusion-title-1 fusion-title-center fusion-title-text fusion-title-size-one\" style=\"--awb-margin-top-small:0px;--awb-margin-right-small:0px;--awb-margin-bottom-small:20px;--awb-margin-left-small:0px;--awb-font-size:3.5rem;\"><div class=\"title-sep-container title-sep-container-left\"><div class=\"title-sep sep- sep-solid\" style=\"border-color:#eeefee;\"><\/div><\/div><span class=\"awb-title-spacer\"><\/span><h1 class=\"fusion-title-heading title-heading-center fusion-responsive-typography-calculated\" style=\"font-family:&quot;DM Serif Display&quot;;font-style:normal;font-weight:400;margin:0;font-size:1em;--fontSize:56;line-height:1;\"><p style=\"text-align: center;\"><span style=\"color: #a77666; font-size: 1em; font-style: var(--h1_typography-font-style,normal); letter-spacing: var(--h1_typography-letter-spacing); background-color: rgba(255, 255, 255, 0);\">COLLAGEN <\/span><span style=\"color: #a77666; font-size: 1em; font-style: var(--h1_typography-font-style,normal); letter-spacing: var(--h1_typography-letter-spacing); background-color: rgba(255, 255, 255, 0); font-family: Montserrat;\">Elixir\u2122<\/span><\/p><\/h1><span class=\"awb-title-spacer\"><\/span><div class=\"title-sep-container title-sep-container-right\"><div class=\"title-sep sep- sep-solid\" style=\"border-color:#eeefee;\"><\/div><\/div><\/div><div class=\"fusion-title title fusion-title-2 fusion-title-center fusion-title-text fusion-title-size-two\" style=\"--awb-margin-top-small:0px;--awb-margin-right-small:0px;--awb-margin-bottom-small:20px;--awb-margin-left-small:0px;\"><div class=\"title-sep-container title-sep-container-left\"><div class=\"title-sep sep- sep-solid\" style=\"border-color:#eeefee;\"><\/div><\/div><span class=\"awb-title-spacer\"><\/span><h2 class=\"fusion-title-heading title-heading-center fusion-responsive-typography-calculated\" style=\"font-family:&quot;DM Serif Display&quot;;font-style:normal;font-weight:400;margin:0;--fontSize:32;line-height:1;\">Llegar a NUEVOS clientes<\/h2><span class=\"awb-title-spacer\"><\/span><div class=\"title-sep-container title-sep-container-right\"><div class=\"title-sep sep- sep-solid\" style=\"border-color:#eeefee;\"><\/div><\/div><\/div><\/div><\/div><div class=\"fusion-layout-column fusion_builder_column fusion-builder-column-1 fusion_builder_column_1_2 1_2 fusion-flex-column\" style=\"--awb-bg-size:cover;--awb-width-large:50%;--awb-margin-top-large:0px;--awb-spacing-right-large:3.84%;--awb-margin-bottom-large:20px;--awb-spacing-left-large:3.84%;--awb-width-medium:100%;--awb-order-medium:0;--awb-spacing-right-medium:1.92%;--awb-spacing-left-medium:1.92%;--awb-width-small:100%;--awb-order-small:0;--awb-spacing-right-small:1.92%;--awb-spacing-left-small:1.92%;\"><div class=\"fusion-column-wrapper fusion-column-has-shadow fusion-flex-justify-content-flex-start fusion-content-layout-column\"><div class=\"fusion-builder-row fusion-builder-row-inner fusion-row fusion-flex-align-items-flex-start fusion-flex-justify-content-center fusion-flex-content-wrap\" style=\"--awb-flex-grow:0;--awb-flex-grow-medium:0;--awb-flex-grow-small:0;--awb-flex-shrink:0;--awb-flex-shrink-medium:0;--awb-flex-shrink-small:0;width:104% !important;max-width:104% !important;margin-left: calc(-4% \/ 2 );margin-right: calc(-4% \/ 2 );\"><div class=\"fusion-layout-column fusion_builder_column_inner fusion-builder-nested-column-2 fusion_builder_column_inner_1_1 1_1 fusion-flex-column\" style=\"--awb-bg-size:cover;--awb-width-large:100%;--awb-margin-top-large:0px;--awb-spacing-right-large:1.92%;--awb-margin-bottom-large:20px;--awb-spacing-left-large:1.92%;--awb-width-medium:100%;--awb-order-medium:0;--awb-spacing-right-medium:1.92%;--awb-spacing-left-medium:1.92%;--awb-width-small:100%;--awb-order-small:0;--awb-spacing-right-small:1.92%;--awb-spacing-left-small:1.92%;\"><div class=\"fusion-column-wrapper fusion-column-has-shadow fusion-flex-justify-content-flex-start fusion-content-layout-column\"><\/div><\/div><\/div><\/div><\/div><\/div><\/div><div class=\"fusion-fullwidth fullwidth-box fusion-builder-row-2 fusion-flex-container nonhundred-percent-fullwidth non-hundred-percent-height-scrolling\" style=\"--awb-border-radius-top-left:0px;--awb-border-radius-top-right:0px;--awb-border-radius-bottom-right:0px;--awb-border-radius-bottom-left:0px;--awb-flex-wrap:wrap;\" ><div class=\"fusion-builder-row fusion-row fusion-flex-align-items-flex-start fusion-flex-content-wrap\" style=\"max-width:1497.6px;margin-left: calc(-4% \/ 2 );margin-right: calc(-4% \/ 2 );\"><div class=\"fusion-layout-column fusion_builder_column fusion-builder-column-2 fusion_builder_column_1_1 1_1 fusion-flex-column\" style=\"--awb-bg-size:cover;--awb-width-large:100%;--awb-margin-top-large:0px;--awb-spacing-right-large:1.92%;--awb-margin-bottom-large:20px;--awb-spacing-left-large:1.92%;--awb-width-medium:100%;--awb-order-medium:0;--awb-spacing-right-medium:1.92%;--awb-spacing-left-medium:1.92%;--awb-width-small:100%;--awb-order-small:0;--awb-spacing-right-small:1.92%;--awb-spacing-left-small:1.92%;\"><div class=\"fusion-column-wrapper fusion-column-has-shadow fusion-flex-justify-content-flex-start fusion-content-layout-column\"><div class=\"fusion-title title fusion-title-3 fusion-title-text fusion-title-size-one\" style=\"--awb-text-color:#a77666;--awb-margin-top-small:0px;--awb-margin-right-small:0px;--awb-margin-bottom-small:20px;--awb-margin-left-small:0px;--awb-font-size:2.5rem;\"><div class=\"title-sep-container title-sep-container-left fusion-no-large-visibility fusion-no-medium-visibility fusion-no-small-visibility\"><div class=\"title-sep sep- sep-solid\" style=\"border-color:#eeefee;\"><\/div><\/div><span class=\"awb-title-spacer fusion-no-large-visibility fusion-no-medium-visibility fusion-no-small-visibility\"><\/span><h1 class=\"fusion-title-heading title-heading-left fusion-responsive-typography-calculated\" style=\"font-family:&quot;DM Serif Display&quot;;font-style:normal;font-weight:400;margin:0;font-size:1em;--fontSize:40;line-height:1;\">Gui\u00f3n sugerido<\/h1><span class=\"awb-title-spacer\"><\/span><div class=\"title-sep-container title-sep-container-right\"><div class=\"title-sep sep- sep-solid\" style=\"border-color:#eeefee;\"><\/div><\/div><\/div><div class=\"fusion-text fusion-text-1\"><p style=\"font-size: 19px;\" data-fusion-font=\"true\"><b>T\u00fa: <\/b>Hola, estoy muy entusiasmado y eres una de las primeras personas con las que ten\u00eda que ponerme en contacto. He empezado a usar un nuevo producto de col\u00e1geno marino que es nuevo en Europa. \u00a1Creo que te encantar\u00eda!<\/p>\n<p style=\"font-size: 19px;\" data-fusion-font=\"true\"><i><b style=\"color: #a77666;\">Ellos:<\/b><span style=\"color: #a77666;\"> \u00bfQu\u00e9 es?<\/span><\/i><\/p>\n<p style=\"font-size: 19px;\" data-fusion-font=\"true\"><b>T\u00fa:<\/b> Un amigo m\u00edo me lo present\u00f3, se llama Collagen Elixir\u2122. Ya se ha lanzado en Australia y EE. UU., donde hemos vendido m\u00e1s de 15 millones de botellas en solo los primeros 6 meses. \u00a1Deber\u00edas ver algunos de los resultados que obtiene la gente! Consejo profesional: Si ya est\u00e1s viendo los resultados, puedes compartirlos adecuadamente aqu\u00ed. Por ejemplo: \u00a1He notado un cutis m\u00e1s joven, una mejor hidrataci\u00f3n de la piel y eso es solo el principio! Tambi\u00e9n es de origen limpio y sin sustancias qu\u00edmicas. \u00bfQuieres ver algunas fotos?<\/p>\n<p style=\"font-size: 19px;\" data-fusion-font=\"true\"><i><b style=\"color: #a77666;\">Ellos:<\/b><span style=\"color: #a77666;\"> S\u00ed<\/span><\/i><\/p>\n<p style=\"font-size: 19px;\" data-fusion-font=\"true\"><b>T\u00fa: <\/b>Env\u00edales <a href=\"https:\/\/isagenixbusiness.com\/wp-content\/uploads\/2021\/06\/99XX_EU_Collagen_Elixir_Flipbook.pdf\">este enlace<\/a> al cat\u00e1logo de fotos de antes y despu\u00e9s<\/p>\n<p style=\"font-size: 19px;\" data-fusion-font=\"true\"><i><b style=\"color: #a77666;\">Ellos:<\/b><span style=\"color: #a77666;\"> Ellos dir\u00e1n \u201cguau\u201d y probablemente te hagan una pregunta sobre el producto.<\/span><\/i><\/p>\n<p style=\"font-size: 19px;\" data-fusion-font=\"true\"><b>T\u00fa:<\/b> De hecho, tengo un v\u00eddeo de 2 minutos que explica el producto, \u00bfquieres que te lo pase? (<a href=\"https:\/\/vimeo.com\/569392717\" target=\"_blank\" rel=\"noopener noreferrer\">Env\u00eda este v\u00eddeo<\/a> )<\/p>\n<p style=\"font-size: 19px;\" data-fusion-font=\"true\"><i><b style=\"color: #a77666;\">Ellos: <\/b><span style=\"color: #a77666;\">Volver\u00e1n con preguntas, diciendo \u201c\u00bfc\u00f3mo puedo pedirlo?\u201d o, si no dicen nada, simplemente pregunta: \u201c\u00bfTuviste ocasi\u00f3n de ver el v\u00eddeo? \u00bfTienes alguna pregunta que pueda responderte?\u201d<\/span><\/i><\/p>\n<p style=\"font-size: 19px;\" data-fusion-font=\"true\"><b>T\u00fa: <\/b>Maneja las objeciones\/responde a las preguntas (<a href=\"https:\/\/brand.isagenix.com\/d\/8NjSgMufh41B\/product-media-library?product-name77=Collagen+Elixir\" target=\"_blank\" rel=\"noopener noreferrer\">usando im\u00e1genes <\/a>). Sigue preguntando: \u201c\u00bfHay alguna otra pregunta que pueda responderle?\u201d<\/p>\n<p style=\"font-size: 19px;\" data-fusion-font=\"true\"><i><b style=\"color: #a77666;\">Ellos:<\/b><span style=\"color: #a77666;\"> \u00bfC\u00f3mo empiezo?<\/span><\/i><\/p>\n<p style=\"font-size: 19px;\" data-fusion-font=\"true\"><b>T\u00fa: <\/b>Estas son las dos mejores opciones. Si no funcionan, podemos personalizar algo que se adapte mejor a su presupuesto.<\/p>\n<p style=\"font-size: 19px;\" data-fusion-font=\"true\">Una opci\u00f3n es el <b>pack de 4 botellas<\/b> con 40 botellas por <b>151,53 <\/b>\u20ac<b>*<\/b> + env\u00edo.<\/p>\n<p style=\"font-size: 19px;\" data-fusion-font=\"true\">Pero si realmente quieres acelerar tus resultados y conseguir la mejor oferta, por solo <b>63,80 <\/b>\u20ac m\u00e1s, tienes el pack de 6, que tiene 60 botellas por <b>215,33 <\/b>\u20ac<b>*<\/b>, que es como conseguir 3 botellas gratis.<\/p>\n<p style=\"font-size: 19px;\" data-fusion-font=\"true\">Si me dices qu\u00e9 prefieres, puedo enviarte un enlace de carrito precargado para una opci\u00f3n de pago f\u00e1cil. \u00bfQu\u00e9 pack se adapta mejor a tus necesidades?<\/p>\n<p style=\"font-size: 19px;\" data-fusion-font=\"true\"><i><b style=\"color: #a77666;\">Ellos: <\/b><span style=\"color: #a77666;\">El pack de 6 unidades.<\/span><\/i><\/p>\n<p style=\"font-size: 19px;\" data-fusion-font=\"true\"><b>T\u00fa:<\/b> Estupendo, te mandar\u00e9 un enlace. Env\u00edales tu Carrito recomendado preconfigurado a trav\u00e9s de la aplicaci\u00f3n de Oficina virtual, IsaLife o Penny. Consulta <a href=\"https:\/\/eu.isafyi.com\/es\/carritos-recomendados\/\" target=\"_blank\" rel=\"noopener noreferrer\">esta gu\u00eda<\/a> para obtener m\u00e1s informaci\u00f3n sobre c\u00f3mo crear y compartir carritos recomendados.<\/p>\n<\/div><div class=\"fusion-separator fusion-full-width-sep\" style=\"align-self: center;margin-left: auto;margin-right: auto;width:100%;\"><div class=\"fusion-separator-border sep-single\" style=\"--awb-height:20px;--awb-amount:20px;border-color:var(--awb-color4);border-top-width:0px;\"><\/div><\/div><div class=\"fusion-title title fusion-title-4 fusion-title-text fusion-title-size-one\" style=\"--awb-text-color:#a77666;--awb-margin-top-small:0px;--awb-margin-right-small:0px;--awb-margin-bottom-small:20px;--awb-margin-left-small:0px;--awb-font-size:2.5rem;\"><div class=\"title-sep-container title-sep-container-left fusion-no-large-visibility fusion-no-medium-visibility fusion-no-small-visibility\"><div class=\"title-sep sep- sep-solid\" style=\"border-color:#eeefee;\"><\/div><\/div><span class=\"awb-title-spacer fusion-no-large-visibility fusion-no-medium-visibility fusion-no-small-visibility\"><\/span><h1 class=\"fusion-title-heading title-heading-left fusion-responsive-typography-calculated\" style=\"font-family:&quot;DM Serif Display&quot;;font-style:normal;font-weight:400;margin:0;font-size:1em;--fontSize:40;line-height:1;\">Una vez que se hayan inscrito:<\/h1><span class=\"awb-title-spacer\"><\/span><div class=\"title-sep-container title-sep-container-right\"><div class=\"title-sep sep- sep-solid\" style=\"border-color:#eeefee;\"><\/div><\/div><\/div><div class=\"fusion-text fusion-text-2\"><p style=\"font-size: 19px;\" data-fusion-font=\"true\"><b>T\u00fa: <\/b>\u00bfTe parece bien que te a\u00f1ada a nuestro grupo de Facebook? Hay toda una comunidad de gente genial, energ\u00eda y recursos en este grupo.<\/p>\n<p style=\"font-size: 19px;\" data-fusion-font=\"true\"><b style=\"color: #a77666;\">Ellos:<\/b><span style=\"color: #a77666;\"> Suena genial.<\/span><\/p>\n<p style=\"font-size: 19px;\" data-fusion-font=\"true\"><b>T\u00fa: <\/b>Estupendo, lo har\u00e9 ahora. Estate atento a la invitaci\u00f3n del grupo. Adem\u00e1s, \u00bfc\u00f3mo te gustar\u00eda que te pagaran tu pr\u00f3ximo pedido? Puedes ganar hasta 467 \u00a3\/509 \u20ac** solo por compartirlo con dos de tus amigos.<\/p>\n<p style=\"padding-left: 40px;\"><b>EN CASO POSITIVO: <\/b><\/p>\n<p style=\"padding-left: 40px;\">Tengo un peque\u00f1o v\u00eddeo que explica c\u00f3mo funciona. \u00bfQuieres que lo deje aqu\u00ed? Comparte <a href=\"https:\/\/vimeo.com\/572574491\" target=\"_blank\" rel=\"noopener noreferrer\">este enlace<\/a> al v\u00eddeo C\u00f3mo ganar dinero con col\u00e1geno.<\/p>\n<p style=\"padding-left: 40px;\"><b> EN CASO NEGATIVO: <\/b><\/p>\n<p style=\"padding-left: 40px;\">\u201c\u00bfCu\u00e1nto te entusiasmar\u00eda?\u201d<\/p>\n<p style=\"font-size: 19px;\" data-fusion-font=\"true\"><i><b style=\"color: #a77666;\">Ellos: <\/b><span style=\"color: #a77666;\">2000 \u20ac<\/span><\/i><\/p>\n<p style=\"font-size: 19px;\" data-fusion-font=\"true\"><b>T\u00fa:<\/b> Entonces, si pudiera mostrarte una forma de ganar 2000 \u00a3 a base de compartir este producto, \u00bfte interesar\u00eda saber c\u00f3mo? (O, si pudiera presentarte a alguien que te ense\u00f1ara a conseguir 2000 \u00a3 a base de compartir este producto, \u00bfestar\u00eda dispuesto a hablar con esa persona?)<\/p>\n<p style=\"font-size: 19px;\" data-fusion-font=\"true\"><i><b style=\"color: #a77666;\">Ellos: <\/b><span style=\"color: #a77666;\">S\u00ed<\/span><\/i><\/p>\n<p style=\"font-size: 19px;\" data-fusion-font=\"true\"><b>Reserva una llamada de Zoom (ya sea t\u00fa mismo o con un socio comercial). Usa la <a href=\"https:\/\/isagenixbusiness.com\/wp-content\/uploads\/2021\/06\/4026_ES_es_Why_Isagenix_Opportunity_2906521.pptx\" target=\"_blank\" rel=\"noopener noreferrer\">Presentaci\u00f3n de la Reuni\u00f3n de oportunidad<\/a> para hablarles sobre la oportunidad de ganar con Isagenix.<\/b><\/p>\n<\/div><\/div><\/div><div class=\"fusion-layout-column fusion_builder_column fusion-builder-column-3 fusion_builder_column_1_1 1_1 fusion-flex-column\" style=\"--awb-bg-size:cover;--awb-width-large:100%;--awb-margin-top-large:0px;--awb-spacing-right-large:1.92%;--awb-margin-bottom-large:20px;--awb-spacing-left-large:1.92%;--awb-width-medium:100%;--awb-order-medium:0;--awb-spacing-right-medium:1.92%;--awb-spacing-left-medium:1.92%;--awb-width-small:100%;--awb-order-small:0;--awb-spacing-right-small:1.92%;--awb-spacing-left-small:1.92%;\"><div class=\"fusion-column-wrapper fusion-column-has-shadow fusion-flex-justify-content-flex-start fusion-content-layout-column\"><div class=\"fusion-separator fusion-full-width-sep\" style=\"align-self: center;margin-left: auto;margin-right: auto;margin-top:2%;width:100%;\"><\/div><\/div><\/div><\/div><\/div><div class=\"fusion-fullwidth fullwidth-box fusion-builder-row-3 fusion-flex-container fusion-parallax-none nonhundred-percent-fullwidth non-hundred-percent-height-scrolling\" style=\"--awb-border-radius-top-left:0px;--awb-border-radius-top-right:0px;--awb-border-radius-bottom-right:0px;--awb-border-radius-bottom-left:0px;--awb-padding-top:22px;--awb-background-image:url(&quot;https:\/\/eu.isagenixbusiness.com\/wp-content\/uploads\/2020\/12\/Background-1-1-e1607442026599.png&quot;);--awb-background-size:cover;--awb-flex-wrap:wrap;\" ><div class=\"fusion-builder-row fusion-row fusion-flex-align-items-flex-start fusion-flex-content-wrap\" style=\"max-width:1497.6px;margin-left: calc(-4% \/ 2 );margin-right: calc(-4% \/ 2 );\"><div class=\"fusion-layout-column fusion_builder_column fusion-builder-column-4 fusion_builder_column_1_1 1_1 fusion-flex-column\" style=\"--awb-bg-size:cover;--awb-width-large:100%;--awb-margin-top-large:0px;--awb-spacing-right-large:1.92%;--awb-margin-bottom-large:20px;--awb-spacing-left-large:1.92%;--awb-width-medium:100%;--awb-order-medium:0;--awb-spacing-right-medium:1.92%;--awb-spacing-left-medium:1.92%;--awb-width-small:100%;--awb-order-small:0;--awb-spacing-right-small:1.92%;--awb-spacing-left-small:1.92%;\"><div class=\"fusion-column-wrapper fusion-column-has-shadow fusion-flex-justify-content-flex-start fusion-content-layout-column\"><div class=\"fusion-text fusion-text-3\"><p style=\"color: #ffffff;\">*El precio del Reino Unido se basa en el Auto env\u00edo para clientes preferentes y est\u00e1 sujeto a diferencias de redondeo. Recuerda comprobar si has utilizado los precios correctos para el pa\u00eds en el que est\u00e1s vendiendo. Inicia sesi\u00f3n en tu oficina virtual para obtener las ofertas y precios de productos m\u00e1s recientes.<\/p>\n<p style=\"color: #ffffff;\">**Solo con fines ilustrativos. Los ejemplos muestran las ganancias m\u00e1ximas con situaciones espec\u00edficas durante el periodo de promoci\u00f3n combinadas con otros incentivos de Isagenix y no son una garant\u00eda. Isagenix no garantiza ninguna cantidad de ingresos. Para conocer las ganancias medias, consulta IsagenixEarnings.com<\/p>\n<\/div><\/div><\/div><\/div><\/div><\/p>\n","protected":false},"excerpt":{"rendered":"","protected":false},"author":9877,"featured_media":0,"parent":0,"menu_order":0,"comment_status":"closed","ping_status":"closed","template":"100-width.php","meta":{"_acf_changed":false,"footnotes":""},"class_list":["post-106271","page","type-page","status-publish","hentry"],"acf":[],"_links":{"self":[{"href":"https:\/\/eu.isagenixbusiness.com\/es-eu\/wp-json\/wp\/v2\/pages\/106271","targetHints":{"allow":["GET"]}}],"collection":[{"href":"https:\/\/eu.isagenixbusiness.com\/es-eu\/wp-json\/wp\/v2\/pages"}],"about":[{"href":"https:\/\/eu.isagenixbusiness.com\/es-eu\/wp-json\/wp\/v2\/types\/page"}],"author":[{"embeddable":true,"href":"https:\/\/eu.isagenixbusiness.com\/es-eu\/wp-json\/wp\/v2\/users\/9877"}],"replies":[{"embeddable":true,"href":"https:\/\/eu.isagenixbusiness.com\/es-eu\/wp-json\/wp\/v2\/comments?post=106271"}],"version-history":[{"count":5,"href":"https:\/\/eu.isagenixbusiness.com\/es-eu\/wp-json\/wp\/v2\/pages\/106271\/revisions"}],"predecessor-version":[{"id":199559,"href":"https:\/\/eu.isagenixbusiness.com\/es-eu\/wp-json\/wp\/v2\/pages\/106271\/revisions\/199559"}],"wp:attachment":[{"href":"https:\/\/eu.isagenixbusiness.com\/es-eu\/wp-json\/wp\/v2\/media?parent=106271"}],"curies":[{"name":"wp","href":"https:\/\/api.w.org\/{rel}","templated":true}]}}