{"id":107204,"date":"2021-07-15T11:18:08","date_gmt":"2021-07-15T10:18:08","guid":{"rendered":"https:\/\/eu.isagenixbusiness.com\/how-to-handle-inbound-leads\/"},"modified":"2023-12-21T12:55:09","modified_gmt":"2023-12-21T12:55:09","slug":"how-to-handle-inbound-leads","status":"publish","type":"page","link":"https:\/\/eu.isagenixbusiness.com\/es-eu\/how-to-handle-inbound-leads\/","title":{"rendered":"C\u00f3mo gestionar clientes potenciales (guion de inscripci\u00f3n de Collagen Elixir\u2122)"},"content":{"rendered":"<p><div class=\"fusion-fullwidth fullwidth-box fusion-builder-row-1 fusion-flex-container fusion-parallax-none nonhundred-percent-fullwidth non-hundred-percent-height-scrolling\" style=\"--awb-background-position:center bottom;--awb-border-radius-top-left:0px;--awb-border-radius-top-right:0px;--awb-border-radius-bottom-right:0px;--awb-border-radius-bottom-left:0px;--awb-padding-top:0px;--awb-padding-bottom:0px;--awb-margin-bottom:0px;--awb-background-color:rgba(255,255,255,0.75);--awb-background-image:url(&quot;https:\/\/eu.isagenixbusiness.com\/wp-content\/uploads\/2020\/12\/Header-modulev2.png&quot;);--awb-background-size:cover;--awb-flex-wrap:wrap;\" ><div class=\"fusion-builder-row fusion-row fusion-flex-align-items-flex-start fusion-flex-justify-content-center fusion-flex-content-wrap\" style=\"max-width:1497.6px;margin-left: calc(-4% \/ 2 );margin-right: calc(-4% \/ 2 );\"><div class=\"fusion-layout-column fusion_builder_column fusion-builder-column-0 fusion_builder_column_1_1 1_1 fusion-flex-column\" style=\"--awb-padding-top:0.9840000000000089px;--awb-padding-bottom:0.9730000000000132px;--awb-bg-size:cover;--awb-width-large:100%;--awb-margin-top-large:0px;--awb-spacing-right-large:1.92%;--awb-margin-bottom-large:9px;--awb-spacing-left-large:1.92%;--awb-width-medium:100%;--awb-order-medium:0;--awb-spacing-right-medium:1.92%;--awb-spacing-left-medium:1.92%;--awb-width-small:100%;--awb-order-small:0;--awb-spacing-right-small:1.92%;--awb-spacing-left-small:1.92%;\"><div class=\"fusion-column-wrapper fusion-column-has-shadow fusion-flex-justify-content-flex-start fusion-content-layout-column\"><div class=\"fusion-separator fusion-full-width-sep\" style=\"align-self: flex-end;margin-left:auto;margin-top:10%;width:100%;\"><\/div><div class=\"fusion-builder-row fusion-builder-row-inner fusion-row fusion-flex-align-items-flex-start fusion-flex-justify-content-center fusion-flex-content-wrap\" style=\"--awb-flex-grow:0;--awb-flex-grow-medium:0;--awb-flex-grow-small:0;--awb-flex-shrink:0;--awb-flex-shrink-medium:0;--awb-flex-shrink-small:0;width:104% !important;max-width:104% !important;margin-left: calc(-4% \/ 2 );margin-right: calc(-4% \/ 2 );\"><div class=\"fusion-layout-column fusion_builder_column_inner fusion-builder-nested-column-0 fusion_builder_column_inner_1_2 1_2 fusion-flex-column\" style=\"--awb-bg-size:cover;--awb-width-large:50%;--awb-margin-top-large:0px;--awb-spacing-right-large:3.84%;--awb-margin-bottom-large:20px;--awb-spacing-left-large:3.84%;--awb-width-medium:100%;--awb-order-medium:0;--awb-spacing-right-medium:1.92%;--awb-spacing-left-medium:1.92%;--awb-width-small:100%;--awb-order-small:0;--awb-spacing-right-small:1.92%;--awb-spacing-left-small:1.92%;\"><div class=\"fusion-column-wrapper fusion-column-has-shadow fusion-flex-justify-content-flex-start fusion-content-layout-column\"><\/div><\/div><div class=\"fusion-layout-column fusion_builder_column_inner fusion-builder-nested-column-1 fusion_builder_column_inner_1_2 1_2 fusion-flex-column\" style=\"--awb-bg-size:cover;--awb-width-large:50%;--awb-margin-top-large:0px;--awb-spacing-right-large:3.84%;--awb-margin-bottom-large:20px;--awb-spacing-left-large:3.84%;--awb-width-medium:100%;--awb-order-medium:0;--awb-spacing-right-medium:1.92%;--awb-spacing-left-medium:1.92%;--awb-width-small:100%;--awb-order-small:0;--awb-spacing-right-small:1.92%;--awb-spacing-left-small:1.92%;\"><div class=\"fusion-column-wrapper fusion-column-has-shadow fusion-flex-justify-content-flex-start fusion-content-layout-column\"><\/div><\/div><\/div><div class=\"fusion-title title fusion-title-1 fusion-title-center fusion-title-text fusion-title-size-one\" style=\"--awb-margin-top-small:0px;--awb-margin-right-small:0px;--awb-margin-bottom-small:20px;--awb-margin-left-small:0px;--awb-font-size:3.5rem;\"><div class=\"title-sep-container title-sep-container-left\"><div class=\"title-sep sep- sep-solid\" style=\"border-color:#eeefee;\"><\/div><\/div><span class=\"awb-title-spacer\"><\/span><h1 class=\"fusion-title-heading title-heading-center fusion-responsive-typography-calculated\" style=\"font-family:&quot;DM Serif Display&quot;;font-style:normal;font-weight:400;margin:0;font-size:1em;--fontSize:56;line-height:1;\"><p style=\"text-align: center;\"><span style=\"color: #a77666; font-size: 1em; font-style: var(--h1_typography-font-style,normal); letter-spacing: var(--h1_typography-letter-spacing); background-color: rgba(255, 255, 255, 0);\">COLLAGEN <\/span><span style=\"color: #a77666; font-size: 1em; font-style: var(--h1_typography-font-style,normal); letter-spacing: var(--h1_typography-letter-spacing); background-color: rgba(255, 255, 255, 0); font-family: Montserrat;\">Elixir\u2122<\/span><\/p><\/h1><span class=\"awb-title-spacer\"><\/span><div class=\"title-sep-container title-sep-container-right\"><div class=\"title-sep sep- sep-solid\" style=\"border-color:#eeefee;\"><\/div><\/div><\/div><div class=\"fusion-title title fusion-title-2 fusion-title-center fusion-title-text fusion-title-size-two\" style=\"--awb-margin-top-small:0px;--awb-margin-right-small:0px;--awb-margin-bottom-small:20px;--awb-margin-left-small:0px;\"><div class=\"title-sep-container title-sep-container-left\"><div class=\"title-sep sep- sep-solid\" style=\"border-color:#eeefee;\"><\/div><\/div><span class=\"awb-title-spacer\"><\/span><h2 class=\"fusion-title-heading title-heading-center fusion-responsive-typography-calculated\" style=\"font-family:&quot;DM Serif Display&quot;;font-style:normal;font-weight:400;margin:0;--fontSize:32;line-height:1;\">C\u00f3mo gestionar clientes potenciales<\/p>\n<p>(guion de inscripci\u00f3n de Collagen Elixir\u2122)<\/p><\/h2><span class=\"awb-title-spacer\"><\/span><div class=\"title-sep-container title-sep-container-right\"><div class=\"title-sep sep- sep-solid\" style=\"border-color:#eeefee;\"><\/div><\/div><\/div><\/div><\/div><div class=\"fusion-layout-column fusion_builder_column fusion-builder-column-1 fusion_builder_column_1_2 1_2 fusion-flex-column\" style=\"--awb-bg-size:cover;--awb-width-large:50%;--awb-margin-top-large:0px;--awb-spacing-right-large:3.84%;--awb-margin-bottom-large:20px;--awb-spacing-left-large:3.84%;--awb-width-medium:100%;--awb-order-medium:0;--awb-spacing-right-medium:1.92%;--awb-spacing-left-medium:1.92%;--awb-width-small:100%;--awb-order-small:0;--awb-spacing-right-small:1.92%;--awb-spacing-left-small:1.92%;\"><div class=\"fusion-column-wrapper fusion-column-has-shadow fusion-flex-justify-content-flex-start fusion-content-layout-column\"><div class=\"fusion-builder-row fusion-builder-row-inner fusion-row fusion-flex-align-items-flex-start fusion-flex-justify-content-center fusion-flex-content-wrap\" style=\"--awb-flex-grow:0;--awb-flex-grow-medium:0;--awb-flex-grow-small:0;--awb-flex-shrink:0;--awb-flex-shrink-medium:0;--awb-flex-shrink-small:0;width:104% !important;max-width:104% !important;margin-left: calc(-4% \/ 2 );margin-right: calc(-4% \/ 2 );\"><div class=\"fusion-layout-column fusion_builder_column_inner fusion-builder-nested-column-2 fusion_builder_column_inner_1_1 1_1 fusion-flex-column\" style=\"--awb-bg-size:cover;--awb-width-large:100%;--awb-margin-top-large:0px;--awb-spacing-right-large:1.92%;--awb-margin-bottom-large:20px;--awb-spacing-left-large:1.92%;--awb-width-medium:100%;--awb-order-medium:0;--awb-spacing-right-medium:1.92%;--awb-spacing-left-medium:1.92%;--awb-width-small:100%;--awb-order-small:0;--awb-spacing-right-small:1.92%;--awb-spacing-left-small:1.92%;\"><div class=\"fusion-column-wrapper fusion-column-has-shadow fusion-flex-justify-content-flex-start fusion-content-layout-column\"><\/div><\/div><\/div><\/div><\/div><\/div><\/div><div class=\"fusion-fullwidth fullwidth-box fusion-builder-row-2 fusion-flex-container nonhundred-percent-fullwidth non-hundred-percent-height-scrolling\" style=\"--awb-border-radius-top-left:0px;--awb-border-radius-top-right:0px;--awb-border-radius-bottom-right:0px;--awb-border-radius-bottom-left:0px;--awb-flex-wrap:wrap;\" ><div class=\"fusion-builder-row fusion-row fusion-flex-align-items-flex-start fusion-flex-content-wrap\" style=\"max-width:1497.6px;margin-left: calc(-4% \/ 2 );margin-right: calc(-4% \/ 2 );\"><div class=\"fusion-layout-column fusion_builder_column fusion-builder-column-2 fusion_builder_column_1_1 1_1 fusion-flex-column\" style=\"--awb-bg-size:cover;--awb-width-large:100%;--awb-margin-top-large:0px;--awb-spacing-right-large:1.92%;--awb-margin-bottom-large:20px;--awb-spacing-left-large:1.92%;--awb-width-medium:100%;--awb-order-medium:0;--awb-spacing-right-medium:1.92%;--awb-spacing-left-medium:1.92%;--awb-width-small:100%;--awb-order-small:0;--awb-spacing-right-small:1.92%;--awb-spacing-left-small:1.92%;\"><div class=\"fusion-column-wrapper fusion-column-has-shadow fusion-flex-justify-content-flex-start fusion-content-layout-column\"><div class=\"fusion-title title fusion-title-3 fusion-title-text fusion-title-size-one\" style=\"--awb-text-color:#a77666;--awb-margin-top-small:0px;--awb-margin-right-small:0px;--awb-margin-bottom-small:20px;--awb-margin-left-small:0px;--awb-font-size:2.5rem;\"><div class=\"title-sep-container title-sep-container-left fusion-no-large-visibility fusion-no-medium-visibility fusion-no-small-visibility\"><div class=\"title-sep sep- sep-solid\" style=\"border-color:#eeefee;\"><\/div><\/div><span class=\"awb-title-spacer fusion-no-large-visibility fusion-no-medium-visibility fusion-no-small-visibility\"><\/span><h1 class=\"fusion-title-heading title-heading-left fusion-responsive-typography-calculated\" style=\"font-family:&quot;DM Serif Display&quot;;font-style:normal;font-weight:400;margin:0;font-size:1em;--fontSize:40;line-height:1;\">Guion sugerido para cuando alguien se pone en contacto contigo para pedir informaci\u00f3n sobre Collagen Elixir<\/h1><span class=\"awb-title-spacer\"><\/span><div class=\"title-sep-container title-sep-container-right\"><div class=\"title-sep sep- sep-solid\" style=\"border-color:#eeefee;\"><\/div><\/div><\/div><div class=\"fusion-text fusion-text-1\"><p style=\"font-size: 19px;\" data-fusion-font=\"true\"><b>T\u00fa:<\/b> \u201c\u00bfQu\u00e9 es importante para ti cuando se trata de fijarte en un producto?\u201d<\/p>\n<p style=\"font-size: 19px;\" data-fusion-font=\"true\">Ellos responden<\/p>\n<p style=\"font-size: 19px;\" data-fusion-font=\"true\"><b>T\u00fa: <\/b>\u201cEstupendo, (si es as\u00ed, eso tambi\u00e9n es muy importante para m\u00ed). De hecho, tengo un breve v\u00eddeo que explica el producto. \u00bfCu\u00e1ndo tiene un par de minutos para verlo?\u201d (<a href=\"https:\/\/vimeo.com\/569392717\" target=\"_blank\" rel=\"noopener noreferrer\">enviar descargado este v\u00eddeo<\/a>)<\/p>\n<p style=\"font-size: 19px;\" data-fusion-font=\"true\"><b>Ellos: <\/b>No puedo verlo ahora mismo.<\/p>\n<p style=\"font-size: 19px;\" data-fusion-font=\"true\"><b>T\u00fa: <\/b>Perfecto. Cuando est\u00e9s listo, d\u00edmelo.<\/p>\n<p style=\"font-size: 19px;\" data-fusion-font=\"true\"><b>Ellos:<\/b> De acuerdo, estoy listo.<\/p>\n<p style=\"font-size: 19px;\" data-fusion-font=\"true\"><b>T\u00fa (en el momento en que acepten ver el v\u00eddeo):<\/b> \u00bfTienes alguna otra pregunta que pueda responderte?<\/p>\n<p style=\"font-size: 19px;\" data-fusion-font=\"true\">Manejar las objeciones\/responder a las preguntas (<a href=\"http:\/\/cdn.isagenix.com\/fos\/B\/A\/0\/%7BBA0F526C-B0D0-44FA-9EEE-2A519A25202C%7D.pdf\" target=\"_blank\" rel=\"noopener noreferrer\">con las preguntas frecuentes del kit de herramientas<\/a>)<\/p>\n<p style=\"font-size: 19px;\" data-fusion-font=\"true\">Sigue preguntando: \u201c\u00bfHay alguna otra pregunta que pueda responderte?\u201d<\/p>\n<p style=\"font-size: 19px;\" data-fusion-font=\"true\"><b>Ellos: <\/b>\u00bfC\u00f3mo empiezo?<\/p>\n<p style=\"font-size: 19px;\" data-fusion-font=\"true\">Presentar los paquetes (puedes utilizar <a href=\"https:\/\/brand.isagenix.com\/d\/8NjSgMufh41B\/product-media-library?product-name77=Collagen+Elixir\" target=\"_blank\" rel=\"noopener noreferrer\">estas im\u00e1genes<\/a> y\/o lo siguiente a trav\u00e9s de mensaje de texto o nota de voz)<\/p>\n<p style=\"font-size: 19px;\" data-fusion-font=\"true\">Estas son las dos mejores opciones. Si ninguna de ellas te va bien, podemos personalizar algo que se ajuste mejor a tu presupuesto.<\/p>\n<p style=\"font-size: 19px;\" data-fusion-font=\"true\">Los resultados que has visto son de otras personas que han utilizar 1-2 botellas al d\u00eda. Puedes comprar un paquete de 40 botellas por 151,53 \u20ac + gastos de env\u00edo. O bien puedes obtener 60 botellas por 215,33 \u20ac + gastos de env\u00edo, lo b\u00e1sicamente es como conseguir 3 botellas gratis. \u00bfQu\u00e9 paquete te parece mejor para ti?<\/p>\n<p style=\"font-size: 19px;\" data-fusion-font=\"true\"><b>Ellos: <\/b>El paquete de 6<\/p>\n<p style=\"font-size: 19px;\" data-fusion-font=\"true\"><b>T\u00fa (env\u00eda una nota de voz): <\/b>Genial, me alegra que pruebes este producto y te vas a obsesionar con el sabor. He personalizado un carrito para ti, este es el enlace. Solo tienes que hacer clic y tramitar el pedido. Mientras tramitas el pedido, ver\u00e1s algo llamado Auto env\u00edo. Esa es nuestras funci\u00f3n para suscribirte y guardar, te ayuda a obtener el precio m\u00e1s bajo. Ten en cuenta que puedes ajustarla en cualquier momento y no tienes ninguna obligaci\u00f3n. \u00bfTienes alguna pregunta?<\/p>\n<p><i><span style=\"font-size: 19px;\" data-fusion-font=\"true\">Env\u00edales tu Carrito recomendado preconfigurado a trav\u00e9s de la aplicaci\u00f3n de Oficina virtual, IsaLife o Penny. Consulta <\/span><a style=\"font-size: 19px;\" href=\"https:\/\/eu.isafyi.com\/es\/carritos-recomendados\/?_ga=2.236999558.78566925.1626689263-1624371894.1620898272\" target=\"_blank\" rel=\"noopener noreferrer\" data-fusion-font=\"true\"><b>esta gu\u00eda<\/b><\/a><span style=\"font-size: 19px;\" data-fusion-font=\"true\"> para obtener m\u00e1s informaci\u00f3n sobre c\u00f3mo crear y compartir carritos recomendados.<\/span><\/i><\/p>\n<\/div><div class=\"fusion-separator fusion-full-width-sep\" style=\"align-self: center;margin-left: auto;margin-right: auto;width:100%;\"><div class=\"fusion-separator-border sep-single\" style=\"--awb-height:20px;--awb-amount:20px;border-color:var(--awb-color4);border-top-width:0px;\"><\/div><\/div><div class=\"fusion-title title fusion-title-4 fusion-title-text fusion-title-size-one\" style=\"--awb-text-color:#a77666;--awb-margin-top-small:0px;--awb-margin-right-small:0px;--awb-margin-bottom-small:20px;--awb-margin-left-small:0px;--awb-font-size:2.5rem;\"><div class=\"title-sep-container title-sep-container-left fusion-no-large-visibility fusion-no-medium-visibility fusion-no-small-visibility\"><div class=\"title-sep sep- sep-solid\" style=\"border-color:#eeefee;\"><\/div><\/div><span class=\"awb-title-spacer fusion-no-large-visibility fusion-no-medium-visibility fusion-no-small-visibility\"><\/span><h1 class=\"fusion-title-heading title-heading-left fusion-responsive-typography-calculated\" style=\"font-family:&quot;DM Serif Display&quot;;font-style:normal;font-weight:400;margin:0;font-size:1em;--fontSize:40;line-height:1;\">Una vez que se hayan inscrito:<\/h1><span class=\"awb-title-spacer\"><\/span><div class=\"title-sep-container title-sep-container-right\"><div class=\"title-sep sep- sep-solid\" style=\"border-color:#eeefee;\"><\/div><\/div><\/div><div class=\"fusion-text fusion-text-2\"><p style=\"font-size: 19px;\" data-fusion-font=\"true\"><b>T\u00fa: <\/b>\u00bfTe parece bien que te a\u00f1ada a nuestro grupo de Facebook? Hay muchas personas estupendas, energ\u00eda y recursos en \u00e9l.<\/p>\n<p style=\"font-size: 19px;\" data-fusion-font=\"true\"><b>Ellos: <\/b>Suena genial.<\/p>\n<p style=\"font-size: 19px;\" data-fusion-font=\"true\">T\u00fa: Estupendo, lo har\u00e9 ahora. Estate atento a la invitaci\u00f3n del grupo. Adem\u00e1s, \u00bfte gustar\u00eda ganar hasta 467 \u00a3\/509 \u20ac** solo por compartirlo con dos de tus amigos?<\/p>\n<p style=\"font-size: 19px; padding-left: 40px;\" data-fusion-font=\"true\">EN CASO POSITIVO: Tengo un v\u00eddeo de 3,5 min que explica c\u00f3mo funciona. \u00bfQuieres que lo deje aqu\u00ed?<\/p>\n<p style=\"font-size: 19px; padding-left: 40px;\" data-fusion-font=\"true\">Este es el enlace a ese v\u00eddeo: <a href=\"https:\/\/vimeo.com\/572574491\" target=\"_blank\" rel=\"noopener noreferrer\">https:\/\/vimeo.com\/572574491<\/a><\/p>\n<p style=\"font-size: 19px; padding-left: 40px;\" data-fusion-font=\"true\">EN CASO NEGATIVO: \u201c\u00bfCu\u00e1nto te entusiasmar\u00eda?\u201d<\/p>\n<p style=\"font-size: 19px;\" data-fusion-font=\"true\"><b>Ellos: <\/b>\u201c2000 \u00a3\u201d<\/p>\n<p style=\"font-size: 19px;\" data-fusion-font=\"true\"><b>T\u00fa: <\/b>\u201cEntonces, si pudiera mostrarte una forma de ganar 2000 \u00a3 recomendando este producto, \u00bfte interesar\u00eda saber c\u00f3mo? (O bien si pudiera presentarte a alguien que te ense\u00f1ara c\u00f3mo conseguir 2000 \u00a3 recomendando este producto, \u00bfestar\u00edas dispuesto a hablar con esa persona?)<\/p>\n<p style=\"font-size: 19px;\" data-fusion-font=\"true\"><b>Ellos:<\/b> S\u00ed<\/p>\n<p style=\"font-size: 19px;\" data-fusion-font=\"true\"><span style=\"font-size: 19px;\" data-fusion-font=\"true\">Reserva una llamada de Zoom (ya sea t\u00fa mismo o con un socio comercial). Usa la <a href=\"https:\/\/isagenixbusiness.com\/wp-content\/uploads\/2021\/06\/4026_ES_es_Why_Isagenix_Opportunity_2906521.pptx\" target=\"_blank\" rel=\"noopener noreferrer\"><b>Presentaci\u00f3n de la Reuni\u00f3n de oportunidad<\/b><\/a> para hablarles sobre la oportunidad de ganar con Isagenix.<\/span><\/p>\n<\/div><\/div><\/div><div class=\"fusion-layout-column fusion_builder_column fusion-builder-column-3 fusion_builder_column_1_1 1_1 fusion-flex-column\" style=\"--awb-bg-size:cover;--awb-width-large:100%;--awb-margin-top-large:0px;--awb-spacing-right-large:1.92%;--awb-margin-bottom-large:20px;--awb-spacing-left-large:1.92%;--awb-width-medium:100%;--awb-order-medium:0;--awb-spacing-right-medium:1.92%;--awb-spacing-left-medium:1.92%;--awb-width-small:100%;--awb-order-small:0;--awb-spacing-right-small:1.92%;--awb-spacing-left-small:1.92%;\"><div class=\"fusion-column-wrapper fusion-column-has-shadow fusion-flex-justify-content-flex-start fusion-content-layout-column\"><div class=\"fusion-separator fusion-full-width-sep\" style=\"align-self: center;margin-left: auto;margin-right: auto;margin-top:2%;width:100%;\"><\/div><\/div><\/div><\/div><\/div><div class=\"fusion-fullwidth fullwidth-box fusion-builder-row-3 fusion-flex-container fusion-parallax-none nonhundred-percent-fullwidth non-hundred-percent-height-scrolling\" style=\"--awb-border-radius-top-left:0px;--awb-border-radius-top-right:0px;--awb-border-radius-bottom-right:0px;--awb-border-radius-bottom-left:0px;--awb-padding-top:22px;--awb-background-image:url(&quot;https:\/\/eu.isagenixbusiness.com\/wp-content\/uploads\/2020\/12\/Background-1-1-e1607442026599.png&quot;);--awb-background-size:cover;--awb-flex-wrap:wrap;\" ><div class=\"fusion-builder-row fusion-row fusion-flex-align-items-flex-start fusion-flex-content-wrap\" style=\"max-width:1497.6px;margin-left: calc(-4% \/ 2 );margin-right: calc(-4% \/ 2 );\"><div class=\"fusion-layout-column fusion_builder_column fusion-builder-column-4 fusion_builder_column_1_1 1_1 fusion-flex-column\" style=\"--awb-bg-size:cover;--awb-width-large:100%;--awb-margin-top-large:0px;--awb-spacing-right-large:1.92%;--awb-margin-bottom-large:20px;--awb-spacing-left-large:1.92%;--awb-width-medium:100%;--awb-order-medium:0;--awb-spacing-right-medium:1.92%;--awb-spacing-left-medium:1.92%;--awb-width-small:100%;--awb-order-small:0;--awb-spacing-right-small:1.92%;--awb-spacing-left-small:1.92%;\"><div class=\"fusion-column-wrapper fusion-column-has-shadow fusion-flex-justify-content-flex-start fusion-content-layout-column\"><div class=\"fusion-text fusion-text-3\"><p style=\"color: #ffffff;\">*El precio del Espa\u00f1a se basa en el Auto env\u00edo para clientes preferentes y est\u00e1 sujeto a diferencias de redondeo. Recuerda comprobar si has utilizado los precios correctos para el pa\u00eds en el que est\u00e1s vendiendo. Inicia sesi\u00f3n en tu oficina virtual para obtener las ofertas y precios de productos m\u00e1s recientes.<\/p>\n<p style=\"color: #ffffff;\">**Solo con fines ilustrativos. Los ejemplos muestran las ganancias m\u00e1ximas con situaciones espec\u00edficas durante el periodo de promoci\u00f3n combinadas con otros incentivos de Isagenix y no son una garant\u00eda. Isagenix no garantiza ninguna cantidad de ingresos. Para conocer las ganancias medias, consulta IsagenixEarnings.com<\/p>\n<\/div><\/div><\/div><\/div><\/div><\/p>\n","protected":false},"excerpt":{"rendered":"","protected":false},"author":9877,"featured_media":0,"parent":0,"menu_order":0,"comment_status":"closed","ping_status":"closed","template":"100-width.php","meta":{"_acf_changed":false,"footnotes":""},"class_list":["post-107204","page","type-page","status-publish","hentry"],"acf":[],"_links":{"self":[{"href":"https:\/\/eu.isagenixbusiness.com\/es-eu\/wp-json\/wp\/v2\/pages\/107204","targetHints":{"allow":["GET"]}}],"collection":[{"href":"https:\/\/eu.isagenixbusiness.com\/es-eu\/wp-json\/wp\/v2\/pages"}],"about":[{"href":"https:\/\/eu.isagenixbusiness.com\/es-eu\/wp-json\/wp\/v2\/types\/page"}],"author":[{"embeddable":true,"href":"https:\/\/eu.isagenixbusiness.com\/es-eu\/wp-json\/wp\/v2\/users\/9877"}],"replies":[{"embeddable":true,"href":"https:\/\/eu.isagenixbusiness.com\/es-eu\/wp-json\/wp\/v2\/comments?post=107204"}],"version-history":[{"count":7,"href":"https:\/\/eu.isagenixbusiness.com\/es-eu\/wp-json\/wp\/v2\/pages\/107204\/revisions"}],"predecessor-version":[{"id":199565,"href":"https:\/\/eu.isagenixbusiness.com\/es-eu\/wp-json\/wp\/v2\/pages\/107204\/revisions\/199565"}],"wp:attachment":[{"href":"https:\/\/eu.isagenixbusiness.com\/es-eu\/wp-json\/wp\/v2\/media?parent=107204"}],"curies":[{"name":"wp","href":"https:\/\/api.w.org\/{rel}","templated":true}]}}