{"id":192569,"date":"2022-09-28T15:25:36","date_gmt":"2022-09-28T14:25:36","guid":{"rendered":"https:\/\/eu.isagenixbusiness.com\/ystsr-script\/"},"modified":"2023-04-13T10:59:58","modified_gmt":"2023-04-13T09:59:58","slug":"ystsr-script","status":"publish","type":"page","link":"https:\/\/eu.isagenixbusiness.com\/es-eu\/ystsr-script\/","title":{"rendered":"Script &#8211; Your Share, They Share, Repeat"},"content":{"rendered":"<p><div class=\"fusion-fullwidth fullwidth-box fusion-builder-row-1 fusion-flex-container fusion-parallax-none nonhundred-percent-fullwidth non-hundred-percent-height-scrolling\" style=\"--awb-background-blend-mode:overlay;--awb-border-radius-top-left:0px;--awb-border-radius-top-right:0px;--awb-border-radius-bottom-right:0px;--awb-border-radius-bottom-left:0px;--awb-min-height:450px;--awb-background-color:rgba(0,0,0,0.5);--awb-background-image:url(&quot;https:\/\/eu.isagenixbusiness.com\/wp-content\/uploads\/2022\/02\/4836_NYKO-Basic-Training-Banner-e1641399730362.jpg&quot;);--awb-background-size:cover;--awb-flex-wrap:wrap;\" ><div class=\"fusion-builder-row fusion-row fusion-flex-align-items-center fusion-flex-align-content-center fusion-flex-justify-content-center fusion-flex-content-wrap\" style=\"max-width:1497.6px;margin-left: calc(-4% \/ 2 );margin-right: calc(-4% \/ 2 );\"><div class=\"fusion-layout-column fusion_builder_column fusion-builder-column-0 fusion_builder_column_1_1 1_1 fusion-flex-column fusion-flex-align-self-center\" style=\"--awb-bg-size:cover;--awb-width-large:100%;--awb-margin-top-large:0px;--awb-spacing-right-large:1.92%;--awb-margin-bottom-large:20px;--awb-spacing-left-large:1.92%;--awb-width-medium:100%;--awb-order-medium:0;--awb-spacing-right-medium:1.92%;--awb-spacing-left-medium:1.92%;--awb-width-small:100%;--awb-order-small:0;--awb-spacing-right-small:1.92%;--awb-spacing-left-small:1.92%;\"><div class=\"fusion-column-wrapper fusion-column-has-shadow fusion-flex-justify-content-center fusion-content-layout-column\"><div class=\"fusion-text fusion-text-1\" style=\"--awb-text-transform:none;--awb-text-color:#ffffff;\"><h1 class=\"\" style=\"text-align: center; color: #ffffff; --fontsize: 36; line-height: 1;\" data-fontsize=\"36\" data-lineheight=\"36px\">T\u00fa compartes, ellos comparten, repetir<\/h1>\n<\/div><div class=\"fusion-text fusion-text-2\" style=\"--awb-text-transform:none;--awb-text-color:var(--awb-color1);\"><h2 style=\"text-align: center; color: var(--awb-color1);\">Gui\u00f3n<\/h2>\n<\/div><\/div><\/div><\/div><\/div><div class=\"fusion-fullwidth fullwidth-box fusion-builder-row-2 fusion-flex-container nonhundred-percent-fullwidth non-hundred-percent-height-scrolling\" style=\"--awb-border-radius-top-left:0px;--awb-border-radius-top-right:0px;--awb-border-radius-bottom-right:0px;--awb-border-radius-bottom-left:0px;--awb-padding-top:22px;--awb-flex-wrap:wrap;\" ><div class=\"fusion-builder-row fusion-row fusion-flex-align-items-flex-start fusion-flex-content-wrap\" style=\"max-width:1497.6px;margin-left: calc(-4% \/ 2 );margin-right: calc(-4% \/ 2 );\"><div class=\"fusion-layout-column fusion_builder_column fusion-builder-column-1 fusion_builder_column_1_1 1_1 fusion-flex-column\" style=\"--awb-bg-size:cover;--awb-width-large:100%;--awb-margin-top-large:0px;--awb-spacing-right-large:1.92%;--awb-margin-bottom-large:20px;--awb-spacing-left-large:1.92%;--awb-width-medium:100%;--awb-order-medium:0;--awb-spacing-right-medium:1.92%;--awb-spacing-left-medium:1.92%;--awb-width-small:100%;--awb-order-small:0;--awb-spacing-right-small:1.92%;--awb-spacing-left-small:1.92%;\"><div class=\"fusion-column-wrapper fusion-column-has-shadow fusion-flex-justify-content-flex-start fusion-content-layout-column\"><div class=\"fusion-text fusion-text-3\" style=\"--awb-text-transform:none;\"><h2 class=\"fusion-responsive-typography-calculated\" style=\"text-align: center; --fontsize: 32; line-height: 1;\" data-fontsize=\"32\" data-lineheight=\"32px\">\u00bfEstas emocionado por compartir el Arte del Bienestar?<\/h2>\n<p style=\"text-align: center;\">Este \u00fatil guia est\u00e1 dise\u00f1ada para ayudarte a maximizar tu negocio actual y compartir esta oportunidad con los miembros de tu equipo.<\/p>\n<\/div><\/div><\/div><\/div><\/div><div class=\"fusion-fullwidth fullwidth-box fusion-builder-row-3 fusion-flex-container nonhundred-percent-fullwidth non-hundred-percent-height-scrolling\" style=\"--awb-border-radius-top-left:0px;--awb-border-radius-top-right:0px;--awb-border-radius-bottom-right:0px;--awb-border-radius-bottom-left:0px;--awb-flex-wrap:wrap;\" ><div class=\"fusion-builder-row fusion-row fusion-flex-align-items-flex-start fusion-flex-content-wrap\" style=\"max-width:1497.6px;margin-left: calc(-4% \/ 2 );margin-right: calc(-4% \/ 2 );\"><div class=\"fusion-layout-column fusion_builder_column fusion-builder-column-2 fusion_builder_column_1_1 1_1 fusion-flex-column\" style=\"--awb-bg-size:cover;--awb-width-large:100%;--awb-margin-top-large:0px;--awb-spacing-right-large:1.92%;--awb-margin-bottom-large:20px;--awb-spacing-left-large:1.92%;--awb-width-medium:100%;--awb-order-medium:0;--awb-spacing-right-medium:1.92%;--awb-spacing-left-medium:1.92%;--awb-width-small:100%;--awb-order-small:0;--awb-spacing-right-small:1.92%;--awb-spacing-left-small:1.92%;\"><div class=\"fusion-column-wrapper fusion-column-has-shadow fusion-flex-justify-content-flex-start fusion-content-layout-column\"><div class=\"fusion-text fusion-text-4\"><p>Lo que m\u00e1s nos entusiasma es que Isagenix tiene una forma sencilla de ayudarte a pagar tus productos. Se llama <strong>&#8216;T\u00fa compartes, ellos comparten, repetir&#8217;.<\/strong><\/p>\n<p>Entonces, \u00bfa qui\u00e9n conoces&#8230; que quiera conseguir resultados tan asombrosos como los tuyos?<\/p>\n<p>Hay packs para todos los objetivos y presupuestos.<\/p>\n<p>Digamos que &lt;&#8230;&#8230;&#8230;.name&#8230;&#8230;&#8230;.&gt; se inscribe con un pedido de productos de 200\u20ac+impuestos, Isagenix te pagar\u00e1 un <a href=\"https:\/\/eu.isagenixbusiness.com\/es-eu\/20-pib\/\"><strong>Bono de Introducci\u00f3n al Producto<\/strong><\/a> de 40\u20ac conocido como PIB.<\/p>\n<p>Entonces &lt;&#8230;&#8230;&#8230;.name&#8230;&#8230;&#8230;.&gt; tambi\u00e9n se inscribe con un pedido de productos de 300 \u20ac+impuestos, Isagenix te pagar\u00e1 otro PIB de 60 \u20ac.<\/p>\n<p>\u00a1AQU\u00cd ES DONDE SE PONE REALMENTE INTERESANTE!<\/p>\n<p>Cuando logres esto, pasar\u00e1s al primer nivel de liderazgo e Isagenix te pagar\u00e1 una bonificaci\u00f3n \u00fanica de 44 euros.<\/p>\n<p><strong>\u00a1Ahora has ganado un total de 144 euros!<\/strong><\/p>\n<p>ESTO SE LLAMA &#8220;TU COMPARTES&#8221;.<\/p>\n<p>Juntos ayudaremos a tus dos amigos a hacer exactamente lo que t\u00fa hiciste y a compartir los productos de Isagenix con otras dos personas.<\/p>\n<p>Y recibir\u00e1s una bonificaci\u00f3n de 88 euros por ayudar a &lt;&#8230;&#8230;&#8230;.name&#8230;&#8230;&#8230;.&gt; y otra bonificaci\u00f3n de 88 euros por ayudar tambien a &lt;&#8230;&#8230;&#8230;.name&#8230;&#8230;&#8230;.&gt;.<\/p>\n<p>ESTO SE LLAMA &#8220;ELLOS COMPARTEN&#8221;.<\/p>\n<p><strong>Hasta este momento, \u00a1ya has ganado un total de 320 euros!<\/strong><\/p>\n<p>Pero si lo consigues en los primeros 60 d\u00edas de convertirte en Asociado, pasar\u00e1s al segundo nivel de liderazgo y recibir\u00e1s otra bonificaci\u00f3n extra de 221 euros.<\/p>\n<p>Es decir, un total de 541 euros. Ahora puedes hacer esto una vez y pagar tus productos. O puedes, &#8220;Repetir&#8221; tantas veces como quieras.<\/p>\n<p><strong>Repetir estos pasos puede ayudarte a pagar tus productos cada mes o incluso a crear unos ingresos secundarios. &#8220;T\u00fa compartes, ellos comparten, repetir&#8221; es s\u00f3lo el principio, \u00a1la posibilidad de beneficios con Isagenix es incre\u00edble!<\/strong><\/p>\n<\/div><\/div><\/div><\/div><\/div><div class=\"fusion-fullwidth fullwidth-box fusion-builder-row-4 fusion-flex-container nonhundred-percent-fullwidth non-hundred-percent-height-scrolling\" style=\"--awb-border-radius-top-left:0px;--awb-border-radius-top-right:0px;--awb-border-radius-bottom-right:0px;--awb-border-radius-bottom-left:0px;--awb-flex-wrap:wrap;\" ><div class=\"fusion-builder-row fusion-row fusion-flex-align-items-flex-start fusion-flex-content-wrap\" style=\"max-width:1497.6px;margin-left: calc(-4% \/ 2 );margin-right: calc(-4% \/ 2 );\"><div class=\"fusion-layout-column fusion_builder_column fusion-builder-column-3 fusion_builder_column_1_1 1_1 fusion-flex-column\" style=\"--awb-bg-size:cover;--awb-width-large:100%;--awb-margin-top-large:0px;--awb-spacing-right-large:1.92%;--awb-margin-bottom-large:20px;--awb-spacing-left-large:1.92%;--awb-width-medium:100%;--awb-order-medium:0;--awb-spacing-right-medium:1.92%;--awb-spacing-left-medium:1.92%;--awb-width-small:100%;--awb-order-small:0;--awb-spacing-right-small:1.92%;--awb-spacing-left-small:1.92%;\"><div class=\"fusion-column-wrapper fusion-column-has-shadow fusion-flex-justify-content-flex-start fusion-content-layout-column\"><div class=\"fusion-text fusion-text-5\" style=\"--awb-font-size:10px;\"><p><em><strong>T\u00e9rminos y condiciones<\/strong><\/em><\/p>\n<p><em>Los Asociados tienen derecho a ganar una \u00fanica Bonificaci\u00f3n por Introducci\u00f3n de Producto (PIB) del 20% siempre que un nuevo cliente Inscrito Personalmente compre directamente en Isagenix en alguno de los mercados participantes. El 20% PIB excluye cualquier descuento, cup\u00f3n, cr\u00e9dito, impuesto y env\u00edo aplicable al pedido inicial.<\/em><\/p>\n<p><em>Los Miembros incluyen Asociados y Clientes preferentes. Las reglas de la promoci\u00f3n est\u00e1n sujetas a cambios por parte de Isagenix en cualquier momento y sin previo aviso. Isagenix se reserva el derecho de ajustar o denegar el reconocimiento u otros premios para evitar o corregir cualquier intento de eludir las reglas o manipular la promoci\u00f3n y para garantizar que se cumpla el esp\u00edritu de la promoci\u00f3n. S\u00f3lo las cuentas v\u00e1lidas contar\u00e1n para ganar un PIB. La misma tarjeta de cr\u00e9dito s\u00f3lo puede utilizarse en un m\u00e1ximo de dos cuentas para ganar PIB. El 20% de PIB promocional s\u00f3lo se paga a los nuevos clientes que se afilien en Europa, Estados Unidos, Canad\u00e1, Puerto Rico, Australia, Nueva Zelanda, Jap\u00f3n y M\u00e9xico.<\/em><\/p>\n<\/div><div class=\"fusion-text fusion-text-6\"><p><em><strong>Exenci\u00f3n de ganancias<\/strong><\/em><\/p>\n<p><em>La capacidad de obtener ingresos bajo el plan de compensaci\u00f3n de Isagenix depende de muchos factores incluyendo las habilidades de negocios, sociales y ventas de un asociado individual; ambici\u00f3n y actividad personal; disponibilidad de tiempo y recursos financieros; y acceso a una gran red de contactos familiares, amigos y de negocios. Isagenix no puede y no garantiza ning\u00fan nivel particular de ganancias. Incluso los asociados que dedican una cantidad significativa de tiempo, esfuerzo y fondos personales no pueden alcanzar un nivel significativo de \u00e9xito. Para obtener ingresos medios, por favor refi\u00e9rase a la declaraci\u00f3n de divulgaci\u00f3n de ganancias de Isagenix en IsagenixEarnings.com.<\/em><\/p>\n<\/div><\/div><\/div><\/div><\/div><\/p>\n","protected":false},"excerpt":{"rendered":"","protected":false},"author":9877,"featured_media":0,"parent":0,"menu_order":0,"comment_status":"closed","ping_status":"closed","template":"100-width.php","meta":{"_acf_changed":false,"footnotes":""},"class_list":["post-192569","page","type-page","status-publish","hentry"],"acf":[],"_links":{"self":[{"href":"https:\/\/eu.isagenixbusiness.com\/es-eu\/wp-json\/wp\/v2\/pages\/192569","targetHints":{"allow":["GET"]}}],"collection":[{"href":"https:\/\/eu.isagenixbusiness.com\/es-eu\/wp-json\/wp\/v2\/pages"}],"about":[{"href":"https:\/\/eu.isagenixbusiness.com\/es-eu\/wp-json\/wp\/v2\/types\/page"}],"author":[{"embeddable":true,"href":"https:\/\/eu.isagenixbusiness.com\/es-eu\/wp-json\/wp\/v2\/users\/9877"}],"replies":[{"embeddable":true,"href":"https:\/\/eu.isagenixbusiness.com\/es-eu\/wp-json\/wp\/v2\/comments?post=192569"}],"version-history":[{"count":2,"href":"https:\/\/eu.isagenixbusiness.com\/es-eu\/wp-json\/wp\/v2\/pages\/192569\/revisions"}],"predecessor-version":[{"id":192578,"href":"https:\/\/eu.isagenixbusiness.com\/es-eu\/wp-json\/wp\/v2\/pages\/192569\/revisions\/192578"}],"wp:attachment":[{"href":"https:\/\/eu.isagenixbusiness.com\/es-eu\/wp-json\/wp\/v2\/media?parent=192569"}],"curies":[{"name":"wp","href":"https:\/\/api.w.org\/{rel}","templated":true}]}}