{"id":227669,"date":"2025-11-21T12:37:38","date_gmt":"2025-11-21T12:37:38","guid":{"rendered":"https:\/\/eu.isagenixbusiness.com\/?page_id=227669"},"modified":"2025-11-21T12:37:38","modified_gmt":"2025-11-21T12:37:38","slug":"black-friday-2025","status":"publish","type":"page","link":"https:\/\/eu.isagenixbusiness.com\/es-eu\/black-friday-2025\/","title":{"rendered":"Black Friday"},"content":{"rendered":"<p><div class=\"fusion-fullwidth fullwidth-box fusion-builder-row-1 fusion-flex-container has-pattern-background has-mask-background fusion-parallax-none nonhundred-percent-fullwidth non-hundred-percent-height-scrolling fusion-no-small-visibility\" style=\"--awb-border-sizes-top:0;--awb-border-sizes-bottom:0;--awb-border-sizes-left:0;--awb-border-radius-top-left:0px;--awb-border-radius-top-right:0px;--awb-border-radius-bottom-right:0px;--awb-border-radius-bottom-left:0px;--awb-min-height:200px;--awb-min-height-medium:300px;--awb-min-height-small:200px;--awb-background-image:url(&quot;https:\/\/eu.isagenixbusiness.com\/wp-content\/uploads\/2025\/11\/\u2022-BLACK-FRIDAY-\u2022-2000-x-250-px-1.svg&quot;);--awb-background-size:cover;--awb-flex-wrap:wrap;\" ><div class=\"fusion-builder-row fusion-row fusion-flex-align-items-center fusion-flex-align-content-center fusion-flex-content-wrap\" style=\"max-width:1497.6px;margin-left: calc(-4% \/ 2 );margin-right: calc(-4% \/ 2 );\"><div class=\"fusion-layout-column fusion_builder_column fusion-builder-column-0 fusion_builder_column_1_1 1_1 fusion-flex-column\" style=\"--awb-bg-size:cover;--awb-width-large:100%;--awb-margin-top-large:0px;--awb-spacing-right-large:1.92%;--awb-margin-bottom-large:20px;--awb-spacing-left-large:1.92%;--awb-width-medium:100%;--awb-order-medium:0;--awb-spacing-right-medium:1.92%;--awb-spacing-left-medium:1.92%;--awb-width-small:100%;--awb-order-small:0;--awb-spacing-right-small:1.92%;--awb-spacing-left-small:1.92%;\"><div class=\"fusion-column-wrapper fusion-column-has-shadow fusion-flex-justify-content-flex-start fusion-content-layout-column\"><\/div><\/div><\/div><\/div><div class=\"fusion-fullwidth fullwidth-box fusion-builder-row-2 fusion-flex-container has-pattern-background has-mask-background fusion-parallax-none nonhundred-percent-fullwidth non-hundred-percent-height-scrolling fusion-no-medium-visibility fusion-no-large-visibility\" style=\"--awb-border-sizes-top:0;--awb-border-sizes-bottom:0;--awb-border-sizes-left:0;--awb-border-radius-top-left:0px;--awb-border-radius-top-right:0px;--awb-border-radius-bottom-right:0px;--awb-border-radius-bottom-left:0px;--awb-min-height:200px;--awb-min-height-medium:300px;--awb-min-height-small:200px;--awb-background-image:url(&quot;https:\/\/eu.isagenixbusiness.com\/wp-content\/uploads\/2025\/11\/\u2022-BLACK-FRIDAY-\u2022-2000-x-250-px-1.svg&quot;);--awb-background-size:cover;--awb-flex-wrap:wrap;\" ><div class=\"fusion-builder-row fusion-row fusion-flex-align-items-center fusion-flex-align-content-center fusion-flex-content-wrap\" style=\"max-width:1497.6px;margin-left: calc(-4% \/ 2 );margin-right: calc(-4% \/ 2 );\"><div class=\"fusion-layout-column fusion_builder_column fusion-builder-column-1 fusion_builder_column_1_1 1_1 fusion-flex-column\" style=\"--awb-bg-size:cover;--awb-width-large:100%;--awb-margin-top-large:0px;--awb-spacing-right-large:1.92%;--awb-margin-bottom-large:20px;--awb-spacing-left-large:1.92%;--awb-width-medium:100%;--awb-order-medium:0;--awb-spacing-right-medium:1.92%;--awb-spacing-left-medium:1.92%;--awb-width-small:100%;--awb-order-small:0;--awb-spacing-right-small:1.92%;--awb-spacing-left-small:1.92%;\"><div class=\"fusion-column-wrapper fusion-column-has-shadow fusion-flex-justify-content-flex-start fusion-content-layout-column\"><\/div><\/div><\/div><\/div><div class=\"fusion-fullwidth fullwidth-box fusion-builder-row-3 fusion-flex-container has-pattern-background has-mask-background nonhundred-percent-fullwidth non-hundred-percent-height-scrolling fusion-no-small-visibility\" style=\"--awb-border-radius-top-left:0px;--awb-border-radius-top-right:0px;--awb-border-radius-bottom-right:0px;--awb-border-radius-bottom-left:0px;--awb-margin-top:0px;--awb-flex-wrap:wrap;\" ><div class=\"fusion-builder-row fusion-row fusion-flex-align-items-center fusion-flex-content-wrap\" style=\"max-width:1497.6px;margin-left: calc(-4% \/ 2 );margin-right: calc(-4% \/ 2 );\"><div class=\"fusion-layout-column fusion_builder_column fusion-builder-column-2 fusion_builder_column_1_3 1_3 fusion-flex-column\" style=\"--awb-bg-size:cover;--awb-width-large:33.333333333333%;--awb-margin-top-large:0px;--awb-spacing-right-large:5.76%;--awb-margin-bottom-large:20px;--awb-spacing-left-large:5.76%;--awb-width-medium:100%;--awb-order-medium:0;--awb-spacing-right-medium:1.92%;--awb-spacing-left-medium:1.92%;--awb-width-small:100%;--awb-order-small:0;--awb-spacing-right-small:1.92%;--awb-spacing-left-small:1.92%;\" data-scroll-devices=\"small-visibility,medium-visibility,large-visibility\"><div class=\"fusion-column-wrapper fusion-column-has-shadow fusion-flex-justify-content-flex-start fusion-content-layout-column\"><div class=\"fusion-image-element \" style=\"--awb-caption-title-font-family:var(--h2_typography-font-family);--awb-caption-title-font-weight:var(--h2_typography-font-weight);--awb-caption-title-font-style:var(--h2_typography-font-style);--awb-caption-title-size:var(--h2_typography-font-size);--awb-caption-title-transform:var(--h2_typography-text-transform);--awb-caption-title-line-height:var(--h2_typography-line-height);--awb-caption-title-letter-spacing:var(--h2_typography-letter-spacing);\"><span class=\" fusion-imageframe imageframe-none imageframe-1 hover-type-none\"><img decoding=\"async\" width=\"864\" height=\"1024\" title=\"ES[1]\" src=\"https:\/\/eu.isagenixbusiness.com\/wp-content\/uploads\/2025\/11\/ES1-1-864x1024.png\" alt class=\"img-responsive wp-image-227690\" srcset=\"https:\/\/eu.isagenixbusiness.com\/wp-content\/uploads\/2025\/11\/ES1-1-200x237.png 200w, https:\/\/eu.isagenixbusiness.com\/wp-content\/uploads\/2025\/11\/ES1-1-400x474.png 400w, https:\/\/eu.isagenixbusiness.com\/wp-content\/uploads\/2025\/11\/ES1-1-600x711.png 600w, https:\/\/eu.isagenixbusiness.com\/wp-content\/uploads\/2025\/11\/ES1-1-800x948.png 800w, https:\/\/eu.isagenixbusiness.com\/wp-content\/uploads\/2025\/11\/ES1-1.png 1080w\" sizes=\"(max-width: 1024px) 100vw, (max-width: 640px) 100vw, 600px\" \/><\/span><\/div><\/div><\/div><div class=\"fusion-layout-column fusion_builder_column fusion-builder-column-3 fusion_builder_column_2_3 2_3 fusion-flex-column\" style=\"--awb-bg-size:cover;--awb-width-large:66.666666666667%;--awb-margin-top-large:0px;--awb-spacing-right-large:2.88%;--awb-margin-bottom-large:20px;--awb-spacing-left-large:2.88%;--awb-width-medium:100%;--awb-order-medium:0;--awb-spacing-right-medium:1.92%;--awb-spacing-left-medium:1.92%;--awb-width-small:100%;--awb-order-small:0;--awb-spacing-right-small:1.92%;--awb-spacing-left-small:1.92%;\" data-scroll-devices=\"small-visibility,medium-visibility,large-visibility\"><div class=\"fusion-column-wrapper fusion-column-has-shadow fusion-flex-justify-content-flex-start fusion-content-layout-column\"><div class=\"fusion-text fusion-text-1\" style=\"--awb-font-size:30px;--awb-line-height:1;--awb-letter-spacing:1px;--awb-text-transform:uppercase;--awb-text-color:#00778b;--awb-margin-top:60px;--awb-text-font-family:&quot;Nunito Sans&quot;;--awb-text-font-style:normal;--awb-text-font-weight:700;\"><p style=\"text-align: left;\"><span style=\"color: #000000;\">DEL 24 DE NOVIEMBRE AL 1 DE DICIEMBRE, CONSIGUE HASTA UN 20% DE DESCUENTO EN TODOS LOS PRODUCTOS M\u00c1S ENV\u00cdO GRATIS<\/span><\/p>\n<\/div><div class=\"fusion-text fusion-text-2\" style=\"--awb-font-size:20px;--awb-text-font-family:&quot;Nunito Sans&quot;;--awb-text-font-style:normal;--awb-text-font-weight:300;\"><h2 style=\"text-align: left;\"><span style=\"color: #000000;\"><strong>Este a\u00f1o, Black Friday es justo el impulso que tu camino de bienestar necesita.<\/strong><\/span><\/h2>\n<\/div><div class=\"fusion-text fusion-text-3\" style=\"--awb-font-size:30px;--awb-line-height:1;--awb-letter-spacing:1px;--awb-text-transform:uppercase;--awb-text-color:#00778b;--awb-margin-top:10px;--awb-text-font-family:&quot;Nunito Sans&quot;;--awb-text-font-style:normal;--awb-text-font-weight:700;\"><h3 style=\"text-align: left;\"><span style=\"color: #000000;\"><strong>C\u00f3mo funciona:<\/strong><\/span><\/h3>\n<\/div><div class=\"fusion-text fusion-text-4 fusion-text-no-margin\" style=\"--awb-margin-bottom:20px;\"><ul>\n<li style=\"text-align: left;\"><span style=\"color: #000000;\">Gasta 175 \u20ac \/ 140 \u00a3 y obt\u00e9n env\u00edo gratis<\/span><\/li>\n<li style=\"text-align: left;\"><span style=\"color: #000000;\">Gasta 225 \u20ac \/ 180 \u00a3 y obt\u00e9n env\u00edo gratis PLUS 10% de descuento<\/span><\/li>\n<li style=\"text-align: left;\"><span style=\"color: #000000;\">Gasta 275 \u20ac \/ 220 \u00a3 y obt\u00e9n env\u00edo gratis PLUS 20% de descuento<\/span><\/li>\n<\/ul>\n<p style=\"text-align: left;\"><span style=\"color: #000000;\">Ahora es el momento perfecto para abastecerte. Ya sea que te centres en el control de peso, la belleza natural o tu bienestar general, Black Friday da un impulso real a tu camino de bienestar.<\/span><\/p>\n<p style=\"text-align: left;\"><span style=\"color: #000000;\">Black Friday tambi\u00e9n es una oportunidad para compartir Isagenix con nuevas personas, hacer crecer tu equipo y ganar recompensas.<\/span><\/p>\n<p><span style=\"color: #000000;\">Ahora encontrar\u00e1s un conjunto completo de social shareables para promocionar la oferta de Black Friday Hasta un 20 % de descuento + env\u00edo gratuito.<\/span><br \/>\n<span style=\"color: #000000;\">Comp\u00e1rtelos con tus equipos y tus clientes para que todos puedan aprovechar al m\u00e1ximo esta oferta por tiempo limitado.<\/span><\/p>\n<\/div><div style=\"text-align:center;\"><a class=\"fusion-button button-flat fusion-button-default-size button-custom fusion-button-default button-1 fusion-button-default-span fusion-button-default-type\" style=\"--button_accent_color:var(--awb-color7);--button_accent_hover_color:#ffffff;--button_border_hover_color:#ffffff;--button_gradient_top_color:#efd19a;--button_gradient_bottom_color:#efd19a;--button_gradient_top_color_hover:#00778b;--button_gradient_bottom_color_hover:#00778b;\" target=\"_self\"><span class=\"fusion-button-text awb-button__text awb-button__text--default\">SHAREABLES<\/span><\/a><\/div><\/div><\/div><\/div><\/div><div class=\"fusion-fullwidth fullwidth-box fusion-builder-row-4 fusion-flex-container has-pattern-background has-mask-background nonhundred-percent-fullwidth non-hundred-percent-height-scrolling fusion-no-small-visibility\" style=\"--awb-border-radius-top-left:0px;--awb-border-radius-top-right:0px;--awb-border-radius-bottom-right:0px;--awb-border-radius-bottom-left:0px;--awb-flex-wrap:wrap;\" ><div class=\"fusion-builder-row fusion-row fusion-flex-align-items-flex-start fusion-flex-content-wrap\" style=\"max-width:1497.6px;margin-left: calc(-4% \/ 2 );margin-right: calc(-4% \/ 2 );\"><div class=\"fusion-layout-column fusion_builder_column fusion-builder-column-4 fusion_builder_column_1_1 1_1 fusion-flex-column\" style=\"--awb-bg-size:cover;--awb-width-large:100%;--awb-margin-top-large:0px;--awb-spacing-right-large:1.92%;--awb-margin-bottom-large:20px;--awb-spacing-left-large:1.92%;--awb-width-medium:100%;--awb-order-medium:0;--awb-spacing-right-medium:1.92%;--awb-spacing-left-medium:1.92%;--awb-width-small:100%;--awb-order-small:0;--awb-spacing-right-small:1.92%;--awb-spacing-left-small:1.92%;\" data-scroll-devices=\"small-visibility,medium-visibility,large-visibility\"><div class=\"fusion-column-wrapper fusion-column-has-shadow fusion-flex-justify-content-flex-start fusion-content-layout-column\"><div class=\"fusion-text fusion-text-5\"><h3 style=\"text-align: center;\"><span style=\"color: #000000;\"><strong>T&amp;C&#8217;s<\/strong><\/span><\/h3>\n<p><span style=\"color: #000000;\">La promoci\u00f3n estar\u00e1 activa del 24 de noviembre de 2025 (00:00 US Eastern time \/ 05:00 GMT) al 1 de diciembre de 2025 (23:59 US Eastern time \/ 2 de diciembre 04:59 GMT). Es v\u00e1lida para todos los members nuevos y existentes en Europa.Para obtener Envio gratuito, debes realizar un pedido de productos de \u00a3140\/ \u20ac175 o m\u00e1s.Para conseguir 10 % de descuento + env\u00edo gratuito, debes realizar un pedido de \u00a3180\/ \u20ac225 (antes de impuestos) o m\u00e1s.Para conseguir 20% de descuento + env\u00edo gratuito, debes realizar un pedido de \u00a3220\/ \u20ac275 (antes de impuestos) o m\u00e1s.Los importes m\u00ednimos no incluyen gastos de env\u00edo. Los pedidos de Subscription Rewards deben procesarse durante el periodo promocional. El descuento se aplica autom\u00e1ticamente a los pedidos que cumplen los requisitos. El BV total se reducir\u00e1 una vez aplicado el descuento. No se pueden combinar pedidos NFR y OTG para calificar.La oferta no puede combinarse con otras promotions, descuentos o vales.<\/span><\/p>\n<\/div><\/div><\/div><\/div><\/div><\/p>\n","protected":false},"excerpt":{"rendered":"","protected":false},"author":9877,"featured_media":0,"parent":0,"menu_order":0,"comment_status":"closed","ping_status":"closed","template":"100-width.php","meta":{"_acf_changed":false,"footnotes":""},"class_list":["post-227669","page","type-page","status-publish","hentry"],"acf":[],"_links":{"self":[{"href":"https:\/\/eu.isagenixbusiness.com\/es-eu\/wp-json\/wp\/v2\/pages\/227669","targetHints":{"allow":["GET"]}}],"collection":[{"href":"https:\/\/eu.isagenixbusiness.com\/es-eu\/wp-json\/wp\/v2\/pages"}],"about":[{"href":"https:\/\/eu.isagenixbusiness.com\/es-eu\/wp-json\/wp\/v2\/types\/page"}],"author":[{"embeddable":true,"href":"https:\/\/eu.isagenixbusiness.com\/es-eu\/wp-json\/wp\/v2\/users\/9877"}],"replies":[{"embeddable":true,"href":"https:\/\/eu.isagenixbusiness.com\/es-eu\/wp-json\/wp\/v2\/comments?post=227669"}],"version-history":[{"count":3,"href":"https:\/\/eu.isagenixbusiness.com\/es-eu\/wp-json\/wp\/v2\/pages\/227669\/revisions"}],"predecessor-version":[{"id":227726,"href":"https:\/\/eu.isagenixbusiness.com\/es-eu\/wp-json\/wp\/v2\/pages\/227669\/revisions\/227726"}],"wp:attachment":[{"href":"https:\/\/eu.isagenixbusiness.com\/es-eu\/wp-json\/wp\/v2\/media?parent=227669"}],"curies":[{"name":"wp","href":"https:\/\/api.w.org\/{rel}","templated":true}]}}