{"id":228895,"date":"2026-01-06T11:10:56","date_gmt":"2026-01-06T11:10:56","guid":{"rendered":"https:\/\/eu.isagenixbusiness.com\/isapulse-update\/"},"modified":"2026-01-08T10:09:47","modified_gmt":"2026-01-08T10:09:47","slug":"isapulse-update","status":"publish","type":"page","link":"https:\/\/eu.isagenixbusiness.com\/es-eu\/isapulse-update\/","title":{"rendered":"IsaPulse+ update"},"content":{"rendered":"<p><div class=\"fusion-fullwidth fullwidth-box fusion-builder-row-1 fusion-flex-container has-pattern-background has-mask-background nonhundred-percent-fullwidth non-hundred-percent-height-scrolling fusion-no-small-visibility\" style=\"--awb-background-blend-mode:overlay;--awb-border-radius-top-left:0px;--awb-border-radius-top-right:0px;--awb-border-radius-bottom-right:0px;--awb-border-radius-bottom-left:0px;--awb-min-height:200px;--awb-background-color:#074854;--awb-flex-wrap:wrap;\" ><div class=\"fusion-builder-row fusion-row fusion-flex-align-items-flex-start fusion-flex-content-wrap\" style=\"max-width:1497.6px;margin-left: calc(-4% \/ 2 );margin-right: calc(-4% \/ 2 );\"><div class=\"fusion-layout-column fusion_builder_column fusion-builder-column-0 fusion_builder_column_1_1 1_1 fusion-flex-column fusion-flex-align-self-center\" style=\"--awb-bg-size:cover;--awb-width-large:100%;--awb-margin-top-large:0px;--awb-spacing-right-large:1.92%;--awb-margin-bottom-large:0px;--awb-spacing-left-large:1.92%;--awb-width-medium:100%;--awb-order-medium:0;--awb-spacing-right-medium:1.92%;--awb-spacing-left-medium:1.92%;--awb-width-small:100%;--awb-order-small:0;--awb-spacing-right-small:1.92%;--awb-spacing-left-small:1.92%;\" data-scroll-devices=\"small-visibility,medium-visibility,large-visibility\"><div class=\"fusion-column-wrapper fusion-column-has-shadow fusion-flex-justify-content-center fusion-content-layout-column\"><div class=\"fusion-image-element \" style=\"text-align:center;--awb-margin-top:10px;--awb-margin-bottom:0px;--awb-caption-title-font-family:var(--h2_typography-font-family);--awb-caption-title-font-weight:var(--h2_typography-font-weight);--awb-caption-title-font-style:var(--h2_typography-font-style);--awb-caption-title-size:var(--h2_typography-font-size);--awb-caption-title-transform:var(--h2_typography-text-transform);--awb-caption-title-line-height:var(--h2_typography-line-height);--awb-caption-title-letter-spacing:var(--h2_typography-letter-spacing);\"><span class=\" fusion-imageframe imageframe-none imageframe-1 hover-type-none\"><img decoding=\"async\" width=\"801\" height=\"490\" title=\"US Allergen\" src=\"https:\/\/isagenixbusiness.com\/wp-content\/uploads\/2024\/10\/IsaPulsePlus-logo.svg\" alt class=\"img-responsive wp-image-153436\"\/><\/span><\/div><div class=\"fusion-title title fusion-title-1 fusion-title-center fusion-title-text fusion-title-size-one\" style=\"--awb-text-color:var(--awb-color1);--awb-margin-top:30px;--awb-margin-bottom:20px;--awb-margin-top-small:0px;--awb-margin-right-small:0px;--awb-margin-bottom-small:20px;--awb-margin-left-small:0px;--awb-font-size:27px;\"><div class=\"title-sep-container title-sep-container-left\"><div class=\"title-sep sep- sep-solid\" style=\"border-color:#eeefee;\"><\/div><\/div><span class=\"awb-title-spacer\"><\/span><h1 class=\"fusion-title-heading title-heading-center fusion-responsive-typography-calculated\" style=\"font-family:&quot;Nunito Sans&quot;;font-style:normal;font-weight:400;margin:0;letter-spacing:0px;text-transform:uppercase;font-size:1em;--fontSize:27;line-height:1;\">ACTUALIZACI\u00d3N IMPORTANTE: CAMBIOS EN TU APLICACI\u00d3N DE NEGOCIO<\/h1><span class=\"awb-title-spacer\"><\/span><div class=\"title-sep-container title-sep-container-right\"><div class=\"title-sep sep- sep-solid\" style=\"border-color:#eeefee;\"><\/div><\/div><\/div><\/div><\/div><\/div><\/div><div class=\"fusion-fullwidth fullwidth-box fusion-builder-row-2 fusion-flex-container has-pattern-background has-mask-background nonhundred-percent-fullwidth non-hundred-percent-height-scrolling\" style=\"--awb-border-radius-top-left:0px;--awb-border-radius-top-right:0px;--awb-border-radius-bottom-right:0px;--awb-border-radius-bottom-left:0px;--awb-flex-wrap:wrap;\" ><div class=\"fusion-builder-row fusion-row fusion-flex-align-items-flex-start fusion-flex-content-wrap\" style=\"max-width:1497.6px;margin-left: calc(-4% \/ 2 );margin-right: calc(-4% \/ 2 );\"><div class=\"fusion-layout-column fusion_builder_column fusion-builder-column-1 fusion_builder_column_1_1 1_1 fusion-flex-column\" style=\"--awb-bg-size:cover;--awb-width-large:100%;--awb-margin-top-large:0px;--awb-spacing-right-large:1.92%;--awb-margin-bottom-large:20px;--awb-spacing-left-large:1.92%;--awb-width-medium:100%;--awb-order-medium:0;--awb-spacing-right-medium:1.92%;--awb-spacing-left-medium:1.92%;--awb-width-small:100%;--awb-order-small:0;--awb-spacing-right-small:1.92%;--awb-spacing-left-small:1.92%;\"><div class=\"fusion-column-wrapper fusion-column-has-shadow fusion-flex-justify-content-flex-start fusion-content-layout-column\"><div class=\"fusion-text fusion-text-1\" style=\"--awb-content-alignment:justify;--awb-text-color:var(--awb-color5);--awb-margin-top:30px;--awb-margin-right:40px;--awb-margin-left:40px;\"><p>Queremos compartir contigo una actualizaci\u00f3n importante sobre la IsaPulse+ App. Despu\u00e9s de escuchar tus comentarios y de una cuidadosa evaluaci\u00f3n, hemos tomado la decisi\u00f3n de retirar gradualmente la aplicaci\u00f3n durante el pr\u00f3ximo mes.<\/p>\n<p data-pm-slice=\"1 1 &#091;\">Nuestro objetivo es ofrecerte herramientas que realmente apoyen tu \u00e9xito y faciliten el crecimiento de tu negocio. Como parte de este compromiso, estamos cambiando el enfoque hacia soluciones que se adapten mejor a tus necesidades y te ofrezcan una experiencia m\u00e1s fluida.<\/p>\n<p data-pm-slice=\"1 1 &#091;\">Gracias por tu compromiso continuo mientras trabajamos para ofrecerte recursos que te ayuden a crecer y prosperar.<\/p>\n<p>Esto es lo que est\u00e1 disponible AHORA y lo que viene:<\/p>\n<ul>\n<li><strong><a href=\"https:\/\/brand.isagenix.com\/d\/8NjSgMufh41B\/es\">Bibliotecas de redes sociales<\/a>:<\/strong> Los enlaces a contenidos listos para compartir de las bibliotecas de medios de <strong class=\"selection-contrast\"><a href=\"https:\/\/brand.isagenix.com\/document\/19\/es\">Business<\/a> <\/strong>y <strong class=\"selection-contrast\"><a href=\"https:\/\/brand.isagenix.com\/document\/18\/es\">Productos<\/a> <\/strong>seguir\u00e1n comparti\u00e9ndose a trav\u00e9s de correos electr\u00f3nicos, las p\u00e1ginas de promociones y productos de <a href=\"https:\/\/eu.isagenixbusiness.com\/es-eu\/\"><strong class=\"selection-contrast\">EU.IsagenixBusiness.com<\/strong><\/a> y otros canales. Utiliza este sitio para acceder a recursos compartibles y contenido social.<\/li>\n<li><strong><a href=\"https:\/\/backoffice.isagenix.com\/\">Associate Back Office (ABO)<\/a>:<\/strong> Tu punto de referencia para informes y an\u00e1lisis del negocio, con interesantes mejoras previstas para el este a\u00f1o.<\/li>\n<\/ul>\n<\/div><div class=\"fusion-title title fusion-title-2 fusion-title-text fusion-title-size-one\" style=\"--awb-text-color:var(--awb-color3);--awb-margin-top:10px;--awb-margin-right:80px;--awb-margin-bottom:0px;--awb-margin-left:40px;--awb-margin-top-small:0px;--awb-margin-right-small:0px;--awb-margin-bottom-small:20px;--awb-margin-left-small:0px;--awb-font-size:40px;\"><div class=\"title-sep-container title-sep-container-left fusion-no-large-visibility fusion-no-medium-visibility fusion-no-small-visibility\"><div class=\"title-sep sep- sep-solid\" style=\"border-color:#eeefee;\"><\/div><\/div><span class=\"awb-title-spacer fusion-no-large-visibility fusion-no-medium-visibility fusion-no-small-visibility\"><\/span><h1 class=\"fusion-title-heading title-heading-left fusion-responsive-typography-calculated\" style=\"font-family:&quot;Nunito Sans&quot;;font-style:normal;font-weight:400;margin:0;letter-spacing:0px;font-size:1em;--fontSize:40;line-height:1.2;\">Preguntas frecuentes<\/h1><span class=\"awb-title-spacer\"><\/span><div class=\"title-sep-container title-sep-container-right\"><div class=\"title-sep sep- sep-solid\" style=\"border-color:#eeefee;\"><\/div><\/div><\/div><\/div><\/div><div class=\"fusion-layout-column fusion_builder_column fusion-builder-column-2 fusion_builder_column_2_3 2_3 fusion-flex-column fusion-flex-align-self-center\" style=\"--awb-bg-size:cover;--awb-width-large:66.666666666667%;--awb-margin-top-large:0px;--awb-spacing-right-large:40px;--awb-margin-bottom-large:20px;--awb-spacing-left-large:80px;--awb-width-medium:100%;--awb-order-medium:0;--awb-spacing-right-medium:1.92%;--awb-spacing-left-medium:1.92%;--awb-width-small:100%;--awb-order-small:0;--awb-spacing-right-small:1.92%;--awb-spacing-left-small:1.92%;\" data-scroll-devices=\"small-visibility,medium-visibility,large-visibility\"><div class=\"fusion-column-wrapper fusion-column-has-shadow fusion-flex-justify-content-center fusion-content-layout-column\"><div class=\"accordian fusion-accordian\" style=\"--awb-border-size:1px;--awb-icon-size:13px;--awb-content-font-size:16px;--awb-icon-alignment:left;--awb-hover-color:#f9f9f9;--awb-border-color:#eeefee;--awb-background-color:#ffffff;--awb-divider-color:#eeefee;--awb-divider-hover-color:#eeefee;--awb-icon-color:#ffffff;--awb-title-color:#54585a;--awb-content-color:#54585a;--awb-icon-box-color:#55585a;--awb-toggle-hover-accent-color:#00778b;--awb-title-font-family:&quot;Montserrat&quot;;--awb-title-font-weight:400;--awb-title-font-style:normal;--awb-title-font-size:13px;--awb-content-font-family:&quot;Montserrat&quot;;--awb-content-font-style:normal;--awb-content-font-weight:400;\"><div class=\"panel-group fusion-toggle-icon-boxed\" id=\"accordion-228895-1\"><div class=\"fusion-panel panel-default panel-04998fe9f59b52fa2 fusion-toggle-has-divider\" style=\"--awb-title-color:#54585a;--awb-content-color:#54585a;\"><div class=\"panel-heading\"><h4 class=\"panel-title toggle\" id=\"toggle_04998fe9f59b52fa2\"><a aria-expanded=\"false\" aria-controls=\"04998fe9f59b52fa2\" role=\"button\" data-toggle=\"collapse\" data-parent=\"#accordion-228895-1\" data-target=\"#04998fe9f59b52fa2\" href=\"#04998fe9f59b52fa2\"><span class=\"fusion-toggle-icon-wrapper\" aria-hidden=\"true\"><i class=\"fa-fusion-box active-icon awb-icon-minus\" aria-hidden=\"true\"><\/i><i class=\"fa-fusion-box inactive-icon awb-icon-plus\" aria-hidden=\"true\"><\/i><\/span><span class=\"fusion-toggle-heading\">P: \u00bfPor qu\u00e9 se retira la Business App?<\/span><\/a><\/h4><\/div><div id=\"04998fe9f59b52fa2\" class=\"panel-collapse collapse \" aria-labelledby=\"toggle_04998fe9f59b52fa2\"><div class=\"panel-body toggle-content fusion-clearfix\">\n<p>R: Estamos enfoc\u00e1ndonos en soluciones que se adapten mejor a tus necesidades y te ofrezcan una experiencia m\u00e1s fluida.<\/p>\n<\/div><\/div><\/div><div class=\"fusion-panel panel-default panel-90a6a6206a1fec718 fusion-toggle-has-divider\" style=\"--awb-title-color:#54585a;--awb-content-color:#54585a;\"><div class=\"panel-heading\"><h4 class=\"panel-title toggle\" id=\"toggle_90a6a6206a1fec718\"><a aria-expanded=\"false\" aria-controls=\"90a6a6206a1fec718\" role=\"button\" data-toggle=\"collapse\" data-parent=\"#accordion-228895-1\" data-target=\"#90a6a6206a1fec718\" href=\"#90a6a6206a1fec718\"><span class=\"fusion-toggle-icon-wrapper\" aria-hidden=\"true\"><i class=\"fa-fusion-box active-icon awb-icon-minus\" aria-hidden=\"true\"><\/i><i class=\"fa-fusion-box inactive-icon awb-icon-plus\" aria-hidden=\"true\"><\/i><\/span><span class=\"fusion-toggle-heading\">P: \u00bfCu\u00e1ndo dejar\u00e1 de funcionar la app?<\/span><\/a><\/h4><\/div><div id=\"90a6a6206a1fec718\" class=\"panel-collapse collapse \" aria-labelledby=\"toggle_90a6a6206a1fec718\"><div class=\"panel-body toggle-content fusion-clearfix\">\n<p>R: El 30 de diciembre a las 2:00 a. m. CET, la mayor\u00eda de las notificaciones dentro de la app y las funcionalidades clave se desactivar\u00e1n.<\/p>\n<\/div><\/div><\/div><div class=\"fusion-panel panel-default panel-9af038b807c72a135 fusion-toggle-has-divider\" style=\"--awb-title-color:#54585a;--awb-content-color:#54585a;\"><div class=\"panel-heading\"><h4 class=\"panel-title toggle\" id=\"toggle_9af038b807c72a135\"><a aria-expanded=\"false\" aria-controls=\"9af038b807c72a135\" role=\"button\" data-toggle=\"collapse\" data-parent=\"#accordion-228895-1\" data-target=\"#9af038b807c72a135\" href=\"#9af038b807c72a135\"><span class=\"fusion-toggle-icon-wrapper\" aria-hidden=\"true\"><i class=\"fa-fusion-box active-icon awb-icon-minus\" aria-hidden=\"true\"><\/i><i class=\"fa-fusion-box inactive-icon awb-icon-plus\" aria-hidden=\"true\"><\/i><\/span><span class=\"fusion-toggle-heading\">P: \u00bfSe reemplazar\u00e1 esta app?<\/span><\/a><\/h4><\/div><div id=\"9af038b807c72a135\" class=\"panel-collapse collapse \" aria-labelledby=\"toggle_9af038b807c72a135\"><div class=\"panel-body toggle-content fusion-clearfix\">\n<p>R: Por el momento, no vamos a reemplazar IsaPulse+ con otra aplicaci\u00f3n de negocio. En su lugar, estamos concentrando nuestros recursos en desarrollar herramientas que te apoyen mejor.<\/p>\n<\/div><\/div><\/div><div class=\"fusion-panel panel-default panel-626e5a0ea2a206be1 fusion-toggle-has-divider\" style=\"--awb-title-color:#54585a;--awb-content-color:#54585a;\"><div class=\"panel-heading\"><h4 class=\"panel-title toggle\" id=\"toggle_626e5a0ea2a206be1\"><a aria-expanded=\"false\" aria-controls=\"626e5a0ea2a206be1\" role=\"button\" data-toggle=\"collapse\" data-parent=\"#accordion-228895-1\" data-target=\"#626e5a0ea2a206be1\" href=\"#626e5a0ea2a206be1\"><span class=\"fusion-toggle-icon-wrapper\" aria-hidden=\"true\"><i class=\"fa-fusion-box active-icon awb-icon-minus\" aria-hidden=\"true\"><\/i><i class=\"fa-fusion-box inactive-icon awb-icon-plus\" aria-hidden=\"true\"><\/i><\/span><span class=\"fusion-toggle-heading\">P: \u00bfNecesito cancelar mi suscripci\u00f3n a la versi\u00f3n Pro?<\/span><\/a><\/h4><\/div><div id=\"626e5a0ea2a206be1\" class=\"panel-collapse collapse \" aria-labelledby=\"toggle_626e5a0ea2a206be1\"><div class=\"panel-body toggle-content fusion-clearfix\">\n<p>R: S\u00ed, si ya no deseas que se te realicen cargos.<\/p>\n<\/div><\/div><\/div><div class=\"fusion-panel panel-default panel-1463a71f658da66c9 fusion-toggle-has-divider\" style=\"--awb-title-color:#54585a;--awb-content-color:#54585a;\"><div class=\"panel-heading\"><h4 class=\"panel-title toggle\" id=\"toggle_1463a71f658da66c9\"><a aria-expanded=\"false\" aria-controls=\"1463a71f658da66c9\" role=\"button\" data-toggle=\"collapse\" data-parent=\"#accordion-228895-1\" data-target=\"#1463a71f658da66c9\" href=\"#1463a71f658da66c9\"><span class=\"fusion-toggle-icon-wrapper\" aria-hidden=\"true\"><i class=\"fa-fusion-box active-icon awb-icon-minus\" aria-hidden=\"true\"><\/i><i class=\"fa-fusion-box inactive-icon awb-icon-plus\" aria-hidden=\"true\"><\/i><\/span><span class=\"fusion-toggle-heading\">P: \u00bfC\u00f3mo cancelo mi suscripci\u00f3n a IsaPulse+ y solicito un reembolso?<\/span><\/a><\/h4><\/div><div id=\"1463a71f658da66c9\" class=\"panel-collapse collapse \" aria-labelledby=\"toggle_1463a71f658da66c9\"><div class=\"panel-body toggle-content fusion-clearfix\">\n<p><strong>R1: \u00bfC\u00f3mo cancelo mi suscripci\u00f3n Pro?<\/strong><\/p>\n<ul>\n<li>Apple App Store:\n<ul>\n<li>Abre Settings \u2192 toca tu nombre \u2192 Subscriptions \u2192 selecciona IsaPulse+ \u2192 Cancel Subscription.<\/li>\n<\/ul>\n<\/li>\n<li>Google Play Store:\n<ul>\n<li>Abre Google Play \u2192 toca Profile \u2192 Payments &amp; Subscriptions \u2192 Subscriptions \u2192 selecciona IsaPulse+ \u2192 Cancel Subscription.<\/li>\n<\/ul>\n<\/li>\n<\/ul>\n<p><strong>R2: \u00bfC\u00f3mo solicito un reembolso si la app ya no funciona?<\/strong><\/p>\n<ul>\n<li aria-setsize=\"-1\" data-leveltext=\"\uf0b7\" data-font=\"Symbol\" data-listid=\"1\" data-list-defn-props=\"{\" data-aria-posinset=\"1\" data-aria-level=\"1\"><b><span data-contrast=\"auto\">Apple App Store:<\/span><\/b><span data-ccp-props=\"{\">\u00a0<\/span>\n<ul>\n<li aria-setsize=\"-1\" data-leveltext=\"\uf0b7\" data-font=\"Symbol\" data-listid=\"1\" data-list-defn-props=\"{\" data-aria-posinset=\"1\" data-aria-level=\"1\">Visita reportaproblem.apple.com.<\/li>\n<li aria-setsize=\"-1\" data-leveltext=\"\uf0b7\" data-font=\"Symbol\" data-listid=\"1\" data-list-defn-props=\"{\" data-aria-posinset=\"1\" data-aria-level=\"1\">Inicia sesi\u00f3n \u2192 busca IsaPulse+ \u2192 haz clic en <strong>Request a Refund<\/strong> (Solicitar un reembolso) \u2192 elige un motivo (por ejemplo, \u201cApp no longer works\u201d).<\/li>\n<\/ul>\n<\/li>\n<\/ul>\n<ul>\n<li aria-setsize=\"-1\" data-leveltext=\"\uf0b7\" data-font=\"Symbol\" data-listid=\"1\" data-list-defn-props=\"{\" data-aria-posinset=\"2\" data-aria-level=\"1\"><b><span data-contrast=\"auto\">Google Play Store:<\/span><\/b>\n<ul>\n<li aria-setsize=\"-1\" data-leveltext=\"\uf0b7\" data-font=\"Symbol\" data-listid=\"1\" data-list-defn-props=\"{\" data-aria-posinset=\"2\" data-aria-level=\"1\">Visita play.google.com \u2192 <strong>Order History<\/strong>.<\/li>\n<li aria-setsize=\"-1\" data-leveltext=\"\uf0b7\" data-font=\"Symbol\" data-listid=\"1\" data-list-defn-props=\"{\" data-aria-posinset=\"2\" data-aria-level=\"1\">Selecciona IsaPulse+ \u2192 haz clic en <strong>Request a Refund<\/strong> o <strong>Report a Problem<\/strong> \u2192 explica el problema.<\/li>\n<\/ul>\n<\/li>\n<\/ul>\n<p><strong><span class=\"TextRun SCXW152119135 BCX0\" lang=\"EN-US\" xml:lang=\"EN-US\" data-contrast=\"auto\"><span class=\"NormalTextRun SCXW152119135 BCX0\">R3: \u00bfQui\u00e9n procesa el reembolso? <\/span><\/span><\/strong><span class=\"TextRun SCXW152119135 BCX0\" lang=\"EN-US\" xml:lang=\"EN-US\" data-contrast=\"auto\"><span class=\"NormalTextRun SCXW152119135 BCX0\">Los reembolsos son gestionados por <strong>Apple<\/strong> o <strong>Google<\/strong>, no por Isagenix. La aprobaci\u00f3n depende de sus pol\u00edticas y de tu historial de compras.<\/span><\/span><\/p>\n<\/div><\/div><\/div><div class=\"fusion-panel panel-default panel-d11bdccc27a340ff8 fusion-toggle-has-divider\" style=\"--awb-title-color:#54585a;--awb-content-color:#54585a;\"><div class=\"panel-heading\"><h4 class=\"panel-title toggle\" id=\"toggle_d11bdccc27a340ff8\"><a aria-expanded=\"false\" aria-controls=\"d11bdccc27a340ff8\" role=\"button\" data-toggle=\"collapse\" data-parent=\"#accordion-228895-1\" data-target=\"#d11bdccc27a340ff8\" href=\"#d11bdccc27a340ff8\"><span class=\"fusion-toggle-icon-wrapper\" aria-hidden=\"true\"><i class=\"fa-fusion-box active-icon awb-icon-minus\" aria-hidden=\"true\"><\/i><i class=\"fa-fusion-box inactive-icon awb-icon-plus\" aria-hidden=\"true\"><\/i><\/span><span class=\"fusion-toggle-heading\">P: \u00bfD\u00f3nde puedo acceder a mis informes de negocio?<\/span><\/a><\/h4><\/div><div id=\"d11bdccc27a340ff8\" class=\"panel-collapse collapse \" aria-labelledby=\"toggle_d11bdccc27a340ff8\"><div class=\"panel-body toggle-content fusion-clearfix\">\n<p>R: La informaci\u00f3n de reporting est\u00e1 disponible en tu Associate Back Office (ABO), que recibir\u00e1 mejoras el pr\u00f3ximo a\u00f1o.<\/p>\n<\/div><\/div><\/div><div class=\"fusion-panel panel-default panel-21646e107d5cf4f8d fusion-toggle-has-divider\" style=\"--awb-title-color:#54585a;--awb-content-color:#54585a;\"><div class=\"panel-heading\"><h4 class=\"panel-title toggle\" id=\"toggle_21646e107d5cf4f8d\"><a aria-expanded=\"false\" aria-controls=\"21646e107d5cf4f8d\" role=\"button\" data-toggle=\"collapse\" data-parent=\"#accordion-228895-1\" data-target=\"#21646e107d5cf4f8d\" href=\"#21646e107d5cf4f8d\"><span class=\"fusion-toggle-icon-wrapper\" aria-hidden=\"true\"><i class=\"fa-fusion-box active-icon awb-icon-minus\" aria-hidden=\"true\"><\/i><i class=\"fa-fusion-box inactive-icon awb-icon-plus\" aria-hidden=\"true\"><\/i><\/span><span class=\"fusion-toggle-heading\">P: \u00bfQu\u00e9 herramientas deber\u00eda usar en su lugar?<\/span><\/a><\/h4><\/div><div id=\"21646e107d5cf4f8d\" class=\"panel-collapse collapse \" aria-labelledby=\"toggle_21646e107d5cf4f8d\"><div class=\"panel-body toggle-content fusion-clearfix\">\n<p>R: Te sugerimos las siguientes:<\/p>\n<ul>\n<li>Bibliotecas de redes sociales para recursos compartibles y contenido social.<\/li>\n<li>ABO para informes y an\u00e1lisis del negocio<\/li>\n<\/ul>\n<\/div><\/div><\/div><div class=\"fusion-panel panel-default panel-a8f14b848a0bd4f2a fusion-toggle-has-divider\" style=\"--awb-title-color:#54585a;--awb-content-color:#54585a;\"><div class=\"panel-heading\"><h4 class=\"panel-title toggle\" id=\"toggle_a8f14b848a0bd4f2a\"><a aria-expanded=\"false\" aria-controls=\"a8f14b848a0bd4f2a\" role=\"button\" data-toggle=\"collapse\" data-parent=\"#accordion-228895-1\" data-target=\"#a8f14b848a0bd4f2a\" href=\"#a8f14b848a0bd4f2a\"><span class=\"fusion-toggle-icon-wrapper\" aria-hidden=\"true\"><i class=\"fa-fusion-box active-icon awb-icon-minus\" aria-hidden=\"true\"><\/i><i class=\"fa-fusion-box inactive-icon awb-icon-plus\" aria-hidden=\"true\"><\/i><\/span><span class=\"fusion-toggle-heading\">P: \u00bfCon qui\u00e9n puedo contactar si necesito ayuda?<\/span><\/a><\/h4><\/div><div id=\"a8f14b848a0bd4f2a\" class=\"panel-collapse collapse \" aria-labelledby=\"toggle_a8f14b848a0bd4f2a\"><div class=\"panel-body toggle-content fusion-clearfix\">\n<p>R: Una vez que hayas completado los pasos para cancelar tu suscripci\u00f3n Pro, ponte en contacto con Atenci\u00f3n al cliente si tienes m\u00e1s preguntas o necesitas ayuda adicional.<\/p>\n<\/div><\/div><\/div><\/div><\/div><\/div><\/div><\/div><\/div><\/p>\n","protected":false},"excerpt":{"rendered":"","protected":false},"author":9877,"featured_media":0,"parent":0,"menu_order":0,"comment_status":"closed","ping_status":"closed","template":"100-width.php","meta":{"_acf_changed":false,"footnotes":""},"class_list":["post-228895","page","type-page","status-publish","hentry"],"acf":[],"_links":{"self":[{"href":"https:\/\/eu.isagenixbusiness.com\/es-eu\/wp-json\/wp\/v2\/pages\/228895","targetHints":{"allow":["GET"]}}],"collection":[{"href":"https:\/\/eu.isagenixbusiness.com\/es-eu\/wp-json\/wp\/v2\/pages"}],"about":[{"href":"https:\/\/eu.isagenixbusiness.com\/es-eu\/wp-json\/wp\/v2\/types\/page"}],"author":[{"embeddable":true,"href":"https:\/\/eu.isagenixbusiness.com\/es-eu\/wp-json\/wp\/v2\/users\/9877"}],"replies":[{"embeddable":true,"href":"https:\/\/eu.isagenixbusiness.com\/es-eu\/wp-json\/wp\/v2\/comments?post=228895"}],"version-history":[{"count":7,"href":"https:\/\/eu.isagenixbusiness.com\/es-eu\/wp-json\/wp\/v2\/pages\/228895\/revisions"}],"predecessor-version":[{"id":228919,"href":"https:\/\/eu.isagenixbusiness.com\/es-eu\/wp-json\/wp\/v2\/pages\/228895\/revisions\/228919"}],"wp:attachment":[{"href":"https:\/\/eu.isagenixbusiness.com\/es-eu\/wp-json\/wp\/v2\/media?parent=228895"}],"curies":[{"name":"wp","href":"https:\/\/api.w.org\/{rel}","templated":true}]}}