{"id":231545,"date":"2026-03-20T04:00:48","date_gmt":"2026-03-20T04:00:48","guid":{"rendered":"https:\/\/eu.isagenixbusiness.com\/?page_id=231545"},"modified":"2026-03-27T08:28:33","modified_gmt":"2026-03-27T08:28:33","slug":"anniversary-promotion-2026","status":"publish","type":"page","link":"https:\/\/eu.isagenixbusiness.com\/es-eu\/anniversary-promotion-2026\/","title":{"rendered":"Anniversary Promotion 2026"},"content":{"rendered":"<p><div class=\"fusion-fullwidth fullwidth-box fusion-builder-row-1 fusion-flex-container has-pattern-background has-mask-background fusion-parallax-none nonhundred-percent-fullwidth non-hundred-percent-height-scrolling\" style=\"--awb-border-radius-top-left:0px;--awb-border-radius-top-right:0px;--awb-border-radius-bottom-right:0px;--awb-border-radius-bottom-left:0px;--awb-min-height:500px;--awb-background-image:url(&quot;https:\/\/eu.isagenixbusiness.com\/wp-content\/uploads\/2026\/03\/ES1-2.svg&quot;);--awb-background-size:contain;--awb-flex-wrap:wrap;\" ><div class=\"fusion-builder-row fusion-row fusion-flex-align-items-flex-start fusion-flex-content-wrap\" style=\"max-width:1497.6px;margin-left: calc(-4% \/ 2 );margin-right: calc(-4% \/ 2 );\"><div class=\"fusion-layout-column fusion_builder_column fusion-builder-column-0 fusion_builder_column_1_1 1_1 fusion-flex-column\" style=\"--awb-bg-size:cover;--awb-width-large:100%;--awb-margin-top-large:0px;--awb-spacing-right-large:1.92%;--awb-margin-bottom-large:20px;--awb-spacing-left-large:1.92%;--awb-width-medium:100%;--awb-order-medium:0;--awb-spacing-right-medium:1.92%;--awb-spacing-left-medium:1.92%;--awb-width-small:100%;--awb-order-small:0;--awb-spacing-right-small:1.92%;--awb-spacing-left-small:1.92%;\"><div class=\"fusion-column-wrapper fusion-column-has-shadow fusion-flex-justify-content-flex-start fusion-content-layout-column\"><\/div><\/div><\/div><\/div><div class=\"fusion-fullwidth fullwidth-box fusion-builder-row-2 fusion-flex-container has-pattern-background has-mask-background nonhundred-percent-fullwidth non-hundred-percent-height-scrolling\" style=\"--awb-border-radius-top-left:0px;--awb-border-radius-top-right:0px;--awb-border-radius-bottom-right:0px;--awb-border-radius-bottom-left:0px;--awb-padding-right:0px;--awb-padding-left:0px;--awb-background-color:rgba(255,255,255,0);--awb-flex-wrap:wrap;\" ><div class=\"fusion-builder-row fusion-row fusion-flex-align-items-flex-start fusion-flex-content-wrap\" style=\"max-width:1497.6px;margin-left: calc(-4% \/ 2 );margin-right: calc(-4% \/ 2 );\"><div class=\"fusion-layout-column fusion_builder_column fusion-builder-column-1 fusion_builder_column_1_1 1_1 fusion-flex-column\" style=\"--awb-padding-top:40px;--awb-padding-right:15%;--awb-padding-bottom:0px;--awb-padding-left:15%;--awb-bg-color:#ffffff;--awb-bg-color-hover:#ffffff;--awb-bg-size:cover;--awb-width-large:100%;--awb-margin-top-large:0px;--awb-spacing-right-large:1.92%;--awb-margin-bottom-large:0px;--awb-spacing-left-large:1.92%;--awb-width-medium:100%;--awb-order-medium:0;--awb-spacing-right-medium:1.92%;--awb-spacing-left-medium:1.92%;--awb-width-small:100%;--awb-order-small:0;--awb-spacing-right-small:1.92%;--awb-spacing-left-small:1.92%;\" data-scroll-devices=\"small-visibility,medium-visibility,large-visibility\"><div class=\"fusion-column-wrapper fusion-column-has-shadow fusion-flex-justify-content-flex-start fusion-content-layout-column\"><div class=\"fusion-text fusion-text-1\" style=\"--awb-content-alignment:center;--awb-font-size:30px;--awb-text-transform:none;--awb-text-font-family:&quot;Nunito Sans&quot;;--awb-text-font-style:normal;--awb-text-font-weight:400;\"><p><span style=\"color: #00778b;\"><strong>&#8211; C\u00f3mo funciona &#8211;<\/strong><\/span><\/p>\n<\/div><\/div><\/div><div class=\"fusion-layout-column fusion_builder_column fusion-builder-column-2 fusion_builder_column_1_1 1_1 fusion-flex-column\" style=\"--awb-padding-bottom:0px;--awb-bg-color:#ffffff;--awb-bg-color-hover:#ffffff;--awb-bg-size:cover;--awb-width-large:100%;--awb-margin-top-large:0px;--awb-spacing-right-large:1.92%;--awb-margin-bottom-large:0px;--awb-spacing-left-large:1.92%;--awb-width-medium:100%;--awb-order-medium:0;--awb-spacing-right-medium:1.92%;--awb-spacing-left-medium:1.92%;--awb-width-small:100%;--awb-order-small:0;--awb-spacing-right-small:1.92%;--awb-spacing-left-small:1.92%;\" data-scroll-devices=\"small-visibility,medium-visibility,large-visibility\"><div class=\"fusion-column-wrapper fusion-column-has-shadow fusion-flex-justify-content-flex-start fusion-content-layout-column\"><div class=\"fusion-text fusion-text-2\" style=\"--awb-content-alignment:center;--awb-font-size:20px;--awb-text-font-family:&quot;Nunito Sans&quot;;--awb-text-font-style:normal;--awb-text-font-weight:400;\"><p><strong>Del 20 al 29 de marzo:<\/strong><\/p>\n<div class=\"ewa-rteLine\">\ud83c\udf81 Gasta <strong>\u20ac200 \/ \u00a3160<\/strong> y obt\u00e9n <strong>15% DE DESCUENTO<\/strong><\/div>\n<\/div><div class=\"fusion-text fusion-text-3\" style=\"--awb-content-alignment:center;--awb-font-size:20px;--awb-text-font-family:&quot;Nunito Sans&quot;;--awb-text-font-style:normal;--awb-text-font-weight:400;\"><div><\/div>\n<div class=\"ewa-rteLine\">\ud83c\udf81 Gasta <strong>\u20ac250 \/ \u00a3200<\/strong> y obt\u00e9n <strong>20% DE DESCUENTO<\/strong><\/div>\n<\/div><\/div><\/div><\/div><\/div><div class=\"fusion-fullwidth fullwidth-box fusion-builder-row-3 fusion-flex-container has-pattern-background has-mask-background hundred-percent-fullwidth non-hundred-percent-height-scrolling\" style=\"--awb-border-radius-top-left:0px;--awb-border-radius-top-right:0px;--awb-border-radius-bottom-right:0px;--awb-border-radius-bottom-left:0px;--awb-padding-right:0px;--awb-padding-left:0px;--awb-background-color:rgba(255,255,255,0);--awb-flex-wrap:wrap;\" ><div class=\"fusion-builder-row fusion-row fusion-flex-align-items-flex-start fusion-flex-content-wrap\" style=\"width:104% !important;max-width:104% !important;margin-left: calc(-4% \/ 2 );margin-right: calc(-4% \/ 2 );\"><div class=\"fusion-layout-column fusion_builder_column fusion-builder-column-3 fusion_builder_column_1_1 1_1 fusion-flex-column\" style=\"--awb-padding-top:40px;--awb-padding-right:15%;--awb-padding-bottom:0px;--awb-padding-left:15%;--awb-bg-color:#ffffff;--awb-bg-color-hover:#ffffff;--awb-bg-size:cover;--awb-width-large:100%;--awb-margin-top-large:0px;--awb-spacing-right-large:1.92%;--awb-margin-bottom-large:0px;--awb-spacing-left-large:1.92%;--awb-width-medium:100%;--awb-order-medium:0;--awb-spacing-right-medium:1.92%;--awb-spacing-left-medium:1.92%;--awb-width-small:100%;--awb-order-small:0;--awb-spacing-right-small:1.92%;--awb-spacing-left-small:1.92%;\" data-scroll-devices=\"small-visibility,medium-visibility,large-visibility\"><div class=\"fusion-column-wrapper fusion-column-has-shadow fusion-flex-justify-content-flex-start fusion-content-layout-column\"><div class=\"fusion-text fusion-text-4\" style=\"--awb-content-alignment:center;--awb-font-size:26px;--awb-text-transform:none;--awb-margin-top:20px;--awb-text-font-family:&quot;Nunito Sans&quot;;--awb-text-font-style:normal;--awb-text-font-weight:400;\"><p><span style=\"color: #00778b;\"><strong>&#8211; Informaci\u00f3n importante &#8211;<\/strong><\/span><\/p>\n<\/div><div class=\"fusion-text fusion-text-5\" style=\"--awb-content-alignment:center;--awb-font-size:20px;--awb-text-transform:none;--awb-text-font-family:&quot;Nunito Sans&quot;;--awb-text-font-style:normal;--awb-text-font-weight:400;\"><div class=\"ewa-rteLine\">\n<div>\n<p style=\"text-align: left;\">\u2022 Abierto a clientes nuevos y existentes<br \/>\n\u2022 Aplica tanto a pedidos \u00fanicos como a suscripciones<br \/>\n\u2022 La promoci\u00f3n es v\u00e1lida del 20 al 29 de marzo de 2026<br \/>\n\u2022 Los importes m\u00ednimos no incluyen env\u00edo<br \/>\n\u2022 El descuento se aplica autom\u00e1ticamente a los pedidos que califican<br \/>\n\u2022 Incluye todos los productos y packs<br \/>\n\u2022 Los pedidos de suscripci\u00f3n deben procesarse dentro del per\u00edodo promocional para calificar<\/p>\n<\/div>\n<p>Todos los pedidos, incluidos los pedidos de Subscription Rewards, deben procesarse entre las 00:00 (hora del Este de EE. UU.) del 20 de marzo de 2026 (04:00 GMT \/ 05:00 CET) y las 23:59 (hora del Este de EE. UU.) del 29 de marzo de 2026 (04:59 GMT \/ 05:59 CET del 30 de marzo) para ser elegibles.<\/p>\n<\/div>\n<\/div><\/div><\/div><\/div><\/div><div class=\"fusion-fullwidth fullwidth-box fusion-builder-row-4 fusion-flex-container has-pattern-background has-mask-background hundred-percent-fullwidth non-hundred-percent-height-scrolling\" style=\"--awb-border-radius-top-left:0px;--awb-border-radius-top-right:0px;--awb-border-radius-bottom-right:0px;--awb-border-radius-bottom-left:0px;--awb-padding-right:0px;--awb-padding-left:0px;--awb-background-color:rgba(255,255,255,0);--awb-flex-wrap:wrap;\" ><div class=\"fusion-builder-row fusion-row fusion-flex-align-items-flex-start fusion-flex-content-wrap\" style=\"width:104% !important;max-width:104% !important;margin-left: calc(-4% \/ 2 );margin-right: calc(-4% \/ 2 );\"><div class=\"fusion-layout-column fusion_builder_column fusion-builder-column-4 fusion_builder_column_1_1 1_1 fusion-flex-column\" style=\"--awb-padding-top:40px;--awb-padding-right:15%;--awb-padding-bottom:0px;--awb-padding-left:15%;--awb-bg-color:#ffffff;--awb-bg-color-hover:#ffffff;--awb-bg-size:cover;--awb-width-large:100%;--awb-margin-top-large:0px;--awb-spacing-right-large:1.92%;--awb-margin-bottom-large:0px;--awb-spacing-left-large:1.92%;--awb-width-medium:100%;--awb-order-medium:0;--awb-spacing-right-medium:1.92%;--awb-spacing-left-medium:1.92%;--awb-width-small:100%;--awb-order-small:0;--awb-spacing-right-small:1.92%;--awb-spacing-left-small:1.92%;\" data-scroll-devices=\"small-visibility,medium-visibility,large-visibility\"><div class=\"fusion-column-wrapper fusion-column-has-shadow fusion-flex-justify-content-flex-start fusion-content-layout-column\"><div style=\"text-align:center;\"><a class=\"fusion-button button-flat fusion-button-default-size button-custom fusion-button-default button-1 fusion-button-default-span fusion-button-default-type\" style=\"--button_accent_color:var(--awb-color3);--button_accent_hover_color:#ffffff;--button_border_hover_color:#ffffff;--button_gradient_top_color:#a6d0cd;--button_gradient_bottom_color:#a6d0cd;--button_gradient_top_color_hover:#00778b;--button_gradient_bottom_color_hover:#00778b;\" target=\"_self\" href=\"https:\/\/brand.isagenix.com\/document\/19?q=anniversary+2026\"><span class=\"fusion-button-text awb-button__text awb-button__text--default\">SOCIAL SHAREABLES<\/span><\/a><\/div><\/div><\/div><\/div><\/div><div class=\"fusion-fullwidth fullwidth-box fusion-builder-row-5 fusion-flex-container has-pattern-background has-mask-background hundred-percent-fullwidth non-hundred-percent-height-scrolling\" style=\"--awb-border-radius-top-left:0px;--awb-border-radius-top-right:0px;--awb-border-radius-bottom-right:0px;--awb-border-radius-bottom-left:0px;--awb-padding-right:0px;--awb-padding-left:0px;--awb-background-color:rgba(255,255,255,0);--awb-flex-wrap:wrap;\" ><div class=\"fusion-builder-row fusion-row fusion-flex-align-items-flex-start fusion-flex-content-wrap\" style=\"width:104% !important;max-width:104% !important;margin-left: calc(-4% \/ 2 );margin-right: calc(-4% \/ 2 );\"><div class=\"fusion-layout-column fusion_builder_column fusion-builder-column-5 fusion_builder_column_1_1 1_1 fusion-flex-column\" style=\"--awb-padding-top:40px;--awb-padding-right:15%;--awb-padding-bottom:0px;--awb-padding-left:15%;--awb-bg-color:#ffffff;--awb-bg-color-hover:#ffffff;--awb-bg-size:cover;--awb-width-large:100%;--awb-margin-top-large:0px;--awb-spacing-right-large:1.92%;--awb-margin-bottom-large:0px;--awb-spacing-left-large:1.92%;--awb-width-medium:100%;--awb-order-medium:0;--awb-spacing-right-medium:1.92%;--awb-spacing-left-medium:1.92%;--awb-width-small:100%;--awb-order-small:0;--awb-spacing-right-small:1.92%;--awb-spacing-left-small:1.92%;\" data-scroll-devices=\"small-visibility,medium-visibility,large-visibility\"><div class=\"fusion-column-wrapper fusion-column-has-shadow fusion-flex-justify-content-flex-start fusion-content-layout-column\"><div class=\"fusion-text fusion-text-6\" style=\"--awb-content-alignment:center;--awb-font-size:20px;--awb-text-transform:none;--awb-text-font-family:&quot;Nunito Sans&quot;;--awb-text-font-style:normal;--awb-text-font-weight:400;\"><div class=\"ewa-rteLine\"><span style=\"color: #00778b;\"><strong>Es nuestra forma de decir GRACIAS por 24 a\u00f1os incre\u00edbles \u2013 haz tu pedido, ahorra y celebra con nosotros!\ud83c\udf8a<\/strong><\/span><\/div>\n<\/div><\/div><\/div><\/div><\/div><div class=\"fusion-fullwidth fullwidth-box fusion-builder-row-6 fusion-flex-container has-pattern-background has-mask-background hundred-percent-fullwidth non-hundred-percent-height-scrolling\" style=\"--awb-border-radius-top-left:0px;--awb-border-radius-top-right:0px;--awb-border-radius-bottom-right:0px;--awb-border-radius-bottom-left:0px;--awb-padding-right:0px;--awb-padding-left:0px;--awb-background-color:rgba(255,255,255,0);--awb-flex-wrap:wrap;\" ><div class=\"fusion-builder-row fusion-row fusion-flex-align-items-flex-start fusion-flex-content-wrap\" style=\"width:104% !important;max-width:104% !important;margin-left: calc(-4% \/ 2 );margin-right: calc(-4% \/ 2 );\"><div class=\"fusion-layout-column fusion_builder_column fusion-builder-column-6 fusion_builder_column_1_1 1_1 fusion-flex-column\" style=\"--awb-padding-top:40px;--awb-padding-right:15%;--awb-padding-bottom:4%;--awb-padding-left:15%;--awb-bg-color:#ffffff;--awb-bg-color-hover:#ffffff;--awb-bg-size:cover;--awb-width-large:100%;--awb-margin-top-large:0px;--awb-spacing-right-large:1.92%;--awb-margin-bottom-large:0px;--awb-spacing-left-large:1.92%;--awb-width-medium:100%;--awb-order-medium:0;--awb-spacing-right-medium:1.92%;--awb-spacing-left-medium:1.92%;--awb-width-small:100%;--awb-order-small:0;--awb-spacing-right-small:1.92%;--awb-spacing-left-small:1.92%;\" data-scroll-devices=\"small-visibility,medium-visibility,large-visibility\"><div class=\"fusion-column-wrapper fusion-column-has-shadow fusion-flex-justify-content-flex-start fusion-content-layout-column\"><div class=\"fusion-text fusion-text-7 fusion-no-small-visibility\" style=\"--awb-font-size:12px;--awb-margin-top:30px;\"><h6>*Oferta v\u00e1lida en todos los mercados. En Europa, los Clientes nuevos y existentes reciben un 15 % de descuento en todo el pedido con un gasto m\u00ednimo de 200 \u20ac\/160 \u00a3, o un 20 % de descuento en todo el pedido con un gasto m\u00ednimo de 250 \u20ac\/200 \u00a3. Los importes m\u00ednimos no incluyen los gastos de env\u00edo y el descuento no se aplica a los gastos de env\u00edo. Disponible para Clientes de Isagenix nuevos y existentes, Associates Independientes, Brand Partners, Brand Partner Customers y Retail Customers. Esta oferta no puede combinarse con otras promociones, descuentos o vales. Todos los pedidos, incluidos los pedidos de Subscription Rewards, deben procesarse entre las 00:00 (hora del Este de EE. UU.) del 20 de marzo de 2026 (04:00 GMT \/ 05:00 CET) y las 23:59 (hora del Este de EE. UU.) del 29 de marzo de 2026 (04:59 GMT \/ 05:59 CET del 30 de marzo) para ser elegibles.<\/h6>\n<\/div><\/div><\/div><\/div><\/div><\/p>\n","protected":false},"excerpt":{"rendered":"","protected":false},"author":9877,"featured_media":0,"parent":0,"menu_order":0,"comment_status":"closed","ping_status":"closed","template":"","meta":{"_acf_changed":false,"footnotes":""},"class_list":["post-231545","page","type-page","status-publish","hentry"],"acf":[],"_links":{"self":[{"href":"https:\/\/eu.isagenixbusiness.com\/es-eu\/wp-json\/wp\/v2\/pages\/231545","targetHints":{"allow":["GET"]}}],"collection":[{"href":"https:\/\/eu.isagenixbusiness.com\/es-eu\/wp-json\/wp\/v2\/pages"}],"about":[{"href":"https:\/\/eu.isagenixbusiness.com\/es-eu\/wp-json\/wp\/v2\/types\/page"}],"author":[{"embeddable":true,"href":"https:\/\/eu.isagenixbusiness.com\/es-eu\/wp-json\/wp\/v2\/users\/9877"}],"replies":[{"embeddable":true,"href":"https:\/\/eu.isagenixbusiness.com\/es-eu\/wp-json\/wp\/v2\/comments?post=231545"}],"version-history":[{"count":9,"href":"https:\/\/eu.isagenixbusiness.com\/es-eu\/wp-json\/wp\/v2\/pages\/231545\/revisions"}],"predecessor-version":[{"id":232596,"href":"https:\/\/eu.isagenixbusiness.com\/es-eu\/wp-json\/wp\/v2\/pages\/231545\/revisions\/232596"}],"wp:attachment":[{"href":"https:\/\/eu.isagenixbusiness.com\/es-eu\/wp-json\/wp\/v2\/media?parent=231545"}],"curies":[{"name":"wp","href":"https:\/\/api.w.org\/{rel}","templated":true}]}}