{"id":106257,"date":"2021-07-12T14:53:53","date_gmt":"2021-07-12T13:53:53","guid":{"rendered":"https:\/\/eu.isagenixbusiness.com\/?page_id=106257"},"modified":"2021-07-12T14:53:53","modified_gmt":"2021-07-12T13:53:53","slug":"collagen-scripts-3-9","status":"publish","type":"page","link":"https:\/\/eu.isagenixbusiness.com\/fr-eu\/collagen-scripts-3-9\/","title":{"rendered":"Collagen Scripts &#8211; How to find new Business Builders with Collagen Elixir (For Experienced Associates)"},"content":{"rendered":"<p><div class=\"fusion-fullwidth fullwidth-box fusion-builder-row-1 fusion-flex-container fusion-parallax-none nonhundred-percent-fullwidth non-hundred-percent-height-scrolling\" style=\"--awb-background-position:center bottom;--awb-border-radius-top-left:0px;--awb-border-radius-top-right:0px;--awb-border-radius-bottom-right:0px;--awb-border-radius-bottom-left:0px;--awb-padding-top:0px;--awb-padding-bottom:0px;--awb-margin-bottom:0px;--awb-background-color:rgba(255,255,255,0.75);--awb-background-image:url(&quot;https:\/\/eu.isagenixbusiness.com\/wp-content\/uploads\/2020\/12\/Header-modulev2.png&quot;);--awb-background-size:cover;--awb-flex-wrap:wrap;\" ><div class=\"fusion-builder-row fusion-row fusion-flex-align-items-flex-start fusion-flex-justify-content-center fusion-flex-content-wrap\" style=\"max-width:1497.6px;margin-left: calc(-4% \/ 2 );margin-right: calc(-4% \/ 2 );\"><div class=\"fusion-layout-column fusion_builder_column fusion-builder-column-0 fusion_builder_column_1_1 1_1 fusion-flex-column\" style=\"--awb-padding-top:0.9840000000000089px;--awb-padding-bottom:0.9730000000000132px;--awb-bg-size:cover;--awb-width-large:100%;--awb-margin-top-large:0px;--awb-spacing-right-large:1.92%;--awb-margin-bottom-large:9px;--awb-spacing-left-large:1.92%;--awb-width-medium:100%;--awb-order-medium:0;--awb-spacing-right-medium:1.92%;--awb-spacing-left-medium:1.92%;--awb-width-small:100%;--awb-order-small:0;--awb-spacing-right-small:1.92%;--awb-spacing-left-small:1.92%;\"><div class=\"fusion-column-wrapper fusion-column-has-shadow fusion-flex-justify-content-flex-start fusion-content-layout-column\"><div class=\"fusion-separator fusion-full-width-sep\" style=\"align-self: flex-end;margin-left:auto;margin-top:10%;width:100%;\"><\/div><div class=\"fusion-builder-row fusion-builder-row-inner fusion-row fusion-flex-align-items-flex-start fusion-flex-justify-content-center fusion-flex-content-wrap\" style=\"--awb-flex-grow:0;--awb-flex-grow-medium:0;--awb-flex-grow-small:0;--awb-flex-shrink:0;--awb-flex-shrink-medium:0;--awb-flex-shrink-small:0;width:104% !important;max-width:104% !important;margin-left: calc(-4% \/ 2 );margin-right: calc(-4% \/ 2 );\"><div class=\"fusion-layout-column fusion_builder_column_inner fusion-builder-nested-column-0 fusion_builder_column_inner_1_2 1_2 fusion-flex-column\" style=\"--awb-bg-size:cover;--awb-width-large:50%;--awb-margin-top-large:0px;--awb-spacing-right-large:3.84%;--awb-margin-bottom-large:20px;--awb-spacing-left-large:3.84%;--awb-width-medium:100%;--awb-order-medium:0;--awb-spacing-right-medium:1.92%;--awb-spacing-left-medium:1.92%;--awb-width-small:100%;--awb-order-small:0;--awb-spacing-right-small:1.92%;--awb-spacing-left-small:1.92%;\"><div class=\"fusion-column-wrapper fusion-column-has-shadow fusion-flex-justify-content-flex-start fusion-content-layout-column\"><\/div><\/div><div class=\"fusion-layout-column fusion_builder_column_inner fusion-builder-nested-column-1 fusion_builder_column_inner_1_2 1_2 fusion-flex-column\" style=\"--awb-bg-size:cover;--awb-width-large:50%;--awb-margin-top-large:0px;--awb-spacing-right-large:3.84%;--awb-margin-bottom-large:20px;--awb-spacing-left-large:3.84%;--awb-width-medium:100%;--awb-order-medium:0;--awb-spacing-right-medium:1.92%;--awb-spacing-left-medium:1.92%;--awb-width-small:100%;--awb-order-small:0;--awb-spacing-right-small:1.92%;--awb-spacing-left-small:1.92%;\"><div class=\"fusion-column-wrapper fusion-column-has-shadow fusion-flex-justify-content-flex-start fusion-content-layout-column\"><\/div><\/div><\/div><div class=\"fusion-title title fusion-title-1 fusion-title-center fusion-title-text fusion-title-size-one\" style=\"--awb-margin-top-small:0px;--awb-margin-right-small:0px;--awb-margin-bottom-small:20px;--awb-margin-left-small:0px;--awb-font-size:3.5rem;\"><div class=\"title-sep-container title-sep-container-left\"><div class=\"title-sep sep- sep-solid\" style=\"border-color:#eeefee;\"><\/div><\/div><span class=\"awb-title-spacer\"><\/span><h1 class=\"fusion-title-heading title-heading-center fusion-responsive-typography-calculated\" style=\"font-family:&quot;DM Serif Display&quot;;font-style:normal;font-weight:400;margin:0;font-size:1em;--fontSize:56;line-height:1;\"><p style=\"text-align: center;\"><span style=\"color: #a77666; font-size: 1em; font-style: var(--h1_typography-font-style,normal); letter-spacing: var(--h1_typography-letter-spacing); background-color: rgba(255, 255, 255, 0);\">COLLAGEN <\/span><span style=\"color: #a77666; font-size: 1em; font-style: var(--h1_typography-font-style,normal); letter-spacing: var(--h1_typography-letter-spacing); background-color: rgba(255, 255, 255, 0); font-family: Montserrat;\">Elixir\u2122<\/span><\/p><\/h1><span class=\"awb-title-spacer\"><\/span><div class=\"title-sep-container title-sep-container-right\"><div class=\"title-sep sep- sep-solid\" style=\"border-color:#eeefee;\"><\/div><\/div><\/div><div class=\"fusion-title title fusion-title-2 fusion-title-center fusion-title-text fusion-title-size-two\" style=\"--awb-margin-top-small:0px;--awb-margin-right-small:0px;--awb-margin-bottom-small:20px;--awb-margin-left-small:0px;\"><div class=\"title-sep-container title-sep-container-left\"><div class=\"title-sep sep- sep-solid\" style=\"border-color:#eeefee;\"><\/div><\/div><span class=\"awb-title-spacer\"><\/span><h2 class=\"fusion-title-heading title-heading-center fusion-responsive-typography-calculated\" style=\"font-family:&quot;DM Serif Display&quot;;font-style:normal;font-weight:400;margin:0;--fontSize:32;line-height:1;\"><div>Contacter de NOUVEAUX cr\u00e9ateurs de soci\u00e9t\u00e9<\/div>\n<p>(pour les associ\u00e9s exp\u00e9riment\u00e9s)<\/p>\n<div><\/div><\/h2><span class=\"awb-title-spacer\"><\/span><div class=\"title-sep-container title-sep-container-right\"><div class=\"title-sep sep- sep-solid\" style=\"border-color:#eeefee;\"><\/div><\/div><\/div><\/div><\/div><div class=\"fusion-layout-column fusion_builder_column fusion-builder-column-1 fusion_builder_column_1_2 1_2 fusion-flex-column\" style=\"--awb-bg-size:cover;--awb-width-large:50%;--awb-margin-top-large:0px;--awb-spacing-right-large:3.84%;--awb-margin-bottom-large:20px;--awb-spacing-left-large:3.84%;--awb-width-medium:100%;--awb-order-medium:0;--awb-spacing-right-medium:1.92%;--awb-spacing-left-medium:1.92%;--awb-width-small:100%;--awb-order-small:0;--awb-spacing-right-small:1.92%;--awb-spacing-left-small:1.92%;\"><div class=\"fusion-column-wrapper fusion-column-has-shadow fusion-flex-justify-content-flex-start fusion-content-layout-column\"><div class=\"fusion-builder-row fusion-builder-row-inner fusion-row fusion-flex-align-items-flex-start fusion-flex-justify-content-center fusion-flex-content-wrap\" style=\"--awb-flex-grow:0;--awb-flex-grow-medium:0;--awb-flex-grow-small:0;--awb-flex-shrink:0;--awb-flex-shrink-medium:0;--awb-flex-shrink-small:0;width:104% !important;max-width:104% !important;margin-left: calc(-4% \/ 2 );margin-right: calc(-4% \/ 2 );\"><div class=\"fusion-layout-column fusion_builder_column_inner fusion-builder-nested-column-2 fusion_builder_column_inner_1_1 1_1 fusion-flex-column\" style=\"--awb-bg-size:cover;--awb-width-large:100%;--awb-margin-top-large:0px;--awb-spacing-right-large:1.92%;--awb-margin-bottom-large:20px;--awb-spacing-left-large:1.92%;--awb-width-medium:100%;--awb-order-medium:0;--awb-spacing-right-medium:1.92%;--awb-spacing-left-medium:1.92%;--awb-width-small:100%;--awb-order-small:0;--awb-spacing-right-small:1.92%;--awb-spacing-left-small:1.92%;\"><div class=\"fusion-column-wrapper fusion-column-has-shadow fusion-flex-justify-content-flex-start fusion-content-layout-column\"><\/div><\/div><\/div><\/div><\/div><\/div><\/div><div class=\"fusion-fullwidth fullwidth-box fusion-builder-row-2 fusion-flex-container nonhundred-percent-fullwidth non-hundred-percent-height-scrolling\" style=\"--awb-border-radius-top-left:0px;--awb-border-radius-top-right:0px;--awb-border-radius-bottom-right:0px;--awb-border-radius-bottom-left:0px;--awb-flex-wrap:wrap;\" ><div class=\"fusion-builder-row fusion-row fusion-flex-align-items-flex-start fusion-flex-content-wrap\" style=\"max-width:1497.6px;margin-left: calc(-4% \/ 2 );margin-right: calc(-4% \/ 2 );\"><div class=\"fusion-layout-column fusion_builder_column fusion-builder-column-2 fusion_builder_column_1_1 1_1 fusion-flex-column\" style=\"--awb-bg-size:cover;--awb-width-large:100%;--awb-margin-top-large:0px;--awb-spacing-right-large:1.92%;--awb-margin-bottom-large:20px;--awb-spacing-left-large:1.92%;--awb-width-medium:100%;--awb-order-medium:0;--awb-spacing-right-medium:1.92%;--awb-spacing-left-medium:1.92%;--awb-width-small:100%;--awb-order-small:0;--awb-spacing-right-small:1.92%;--awb-spacing-left-small:1.92%;\"><div class=\"fusion-column-wrapper fusion-column-has-shadow fusion-flex-justify-content-flex-start fusion-content-layout-column\"><div class=\"fusion-title title fusion-title-3 fusion-title-text fusion-title-size-one\" style=\"--awb-text-color:#a77666;--awb-margin-top-small:0px;--awb-margin-right-small:0px;--awb-margin-bottom-small:20px;--awb-margin-left-small:0px;--awb-font-size:2.5rem;\"><div class=\"title-sep-container title-sep-container-left fusion-no-large-visibility fusion-no-medium-visibility fusion-no-small-visibility\"><div class=\"title-sep sep- sep-solid\" style=\"border-color:#eeefee;\"><\/div><\/div><span class=\"awb-title-spacer fusion-no-large-visibility fusion-no-medium-visibility fusion-no-small-visibility\"><\/span><h1 class=\"fusion-title-heading title-heading-left fusion-responsive-typography-calculated\" style=\"font-family:&quot;DM Serif Display&quot;;font-style:normal;font-weight:400;margin:0;font-size:1em;--fontSize:40;line-height:1;\">Script sugg\u00e9r\u00e9<br \/>\n<span style=\"font-size: 22px;\" data-fusion-font=\"true\">(Envoyer par SMS ou m\u00e9mo vocal)<\/span><\/h1><span class=\"awb-title-spacer\"><\/span><div class=\"title-sep-container title-sep-container-right\"><div class=\"title-sep sep- sep-solid\" style=\"border-color:#eeefee;\"><\/div><\/div><\/div><div class=\"fusion-text fusion-text-1\"><p style=\"font-size: 19px;\" data-fusion-font=\"true\">Bonjour,<\/p>\n<p style=\"font-size: 19px;\" data-fusion-font=\"true\">Je ne sais pas si c\u2019est le bon moment pour vous, mais nous avons r\u00e9cemment lanc\u00e9 un produit au collag\u00e8ne marin qui marche du tonnerre, et je ne peux m\u2019emp\u00eacher de penser que vous feriez fureur en le vendant. Seriez-vous pr\u00eat \u00e0 recevoir un appel rapide de 5 \u00e0 10 minutes, afin que je puisse partager un peu plus d\u2019informations sur ce que nous proposons et pourquoi je pense que cela serait un bon choix pour vous ? Si non, pas de probl\u00e8me.<\/p>\n<p style=\"font-size: 19px;\" data-fusion-font=\"true\">Davantage de formation \u00e0 venir sur ce en quoi consiste cet appel t\u00e9l\u00e9phonique de 5 \u00e0 10 minutes, mais pour l\u2019instant, voici quelques points \u00e0 retenir :<\/p>\n<p style=\"padding-left: 40px; font-size: 19px;\" data-fusion-font=\"true\">\u2022 l\u2019intention principale est de les amener vers un webinaire en direct ou enregistr\u00e9<\/p>\n<p style=\"padding-left: 40px; font-size: 19px;\" data-fusion-font=\"true\">\u2022 la s\u00e9quence recommand\u00e9e pour l\u2019appel est la suivante<\/p>\n<p style=\"padding-left: 80px; font-size: 19px;\" data-fusion-font=\"true\">1. R\u00e9pondre bri\u00e8vement\/retenir<\/p>\n<p style=\"padding-left: 80px; font-size: 19px;\" data-fusion-font=\"true\">2. D\u00e9couvrez la discussion (\u00e9coutez les points difficiles)<\/p>\n<p style=\"padding-left: 80px; font-size: 19px;\" data-fusion-font=\"true\">3. Partagez votre br\u00e8ve histoire Isagenix et expliquez pourquoi vous \u00eates enthousiaste \u00e0 propos de Collag\u00e8ne \u00c9lixir\u2122 d\u2019un point de vue commercial<\/p>\n<p style=\"padding-left: 80px; font-size: 19px;\" data-fusion-font=\"true\">4. \u00ab Y a-t-il une des choses que j\u2019ai partag\u00e9es avec vous que vous voudriez approfondir ? \u00bb<\/p>\n<p style=\"padding-left: 80px; font-size: 19px;\" data-fusion-font=\"true\">5. Super, que faites-vous le [Ins\u00e9rer la date de votre prochain webinaire] ?<\/p>\n<p style=\"padding-left: 80px; font-size: 19px;\" data-fusion-font=\"true\">6. Demandez-leur de confirmer qu\u2019ils sont disponibles pour un autre appel avec vous, apr\u00e8s le webinaire, pour faire d\u2019une pierre deux coups<\/p>\n<\/div><\/div><\/div><\/div><\/div><div class=\"fusion-fullwidth fullwidth-box fusion-builder-row-3 fusion-flex-container fusion-parallax-none nonhundred-percent-fullwidth non-hundred-percent-height-scrolling\" style=\"--awb-border-radius-top-left:0px;--awb-border-radius-top-right:0px;--awb-border-radius-bottom-right:0px;--awb-border-radius-bottom-left:0px;--awb-padding-top:22px;--awb-background-image:url(&quot;https:\/\/eu.isagenixbusiness.com\/wp-content\/uploads\/2020\/12\/Background-1-1-e1607442026599.png&quot;);--awb-background-size:cover;--awb-flex-wrap:wrap;\" ><div class=\"fusion-builder-row fusion-row fusion-flex-align-items-flex-start fusion-flex-content-wrap\" style=\"max-width:1497.6px;margin-left: calc(-4% \/ 2 );margin-right: calc(-4% \/ 2 );\"><div class=\"fusion-layout-column fusion_builder_column fusion-builder-column-3 fusion_builder_column_1_1 1_1 fusion-flex-column\" style=\"--awb-bg-size:cover;--awb-width-large:100%;--awb-margin-top-large:0px;--awb-spacing-right-large:1.92%;--awb-margin-bottom-large:20px;--awb-spacing-left-large:1.92%;--awb-width-medium:100%;--awb-order-medium:0;--awb-spacing-right-medium:1.92%;--awb-spacing-left-medium:1.92%;--awb-width-small:100%;--awb-order-small:0;--awb-spacing-right-small:1.92%;--awb-spacing-left-small:1.92%;\"><div class=\"fusion-column-wrapper fusion-column-has-shadow fusion-flex-justify-content-flex-start fusion-content-layout-column\"><div class=\"fusion-text fusion-text-2\"><p style=\"color: #ffffff;\"><b>AVIS DE NON-RESPONSABILIT\u00c9 RELATIF AUX REVENUS<\/b><\/p>\n<p style=\"color: #ffffff;\">La possibilit\u00e9 de g\u00e9n\u00e9rer des revenus dans le cadre du Plan de r\u00e9mun\u00e9ration Isagenix d\u00e9pend de nombreux facteurs, notamment l&#8217;activit\u00e9 de l&#8217;Associ\u00e9, ses comp\u00e9tences sociales et commerciales, son ambition et son niveau d&#8217;activit\u00e9, sa disponibilit\u00e9 et ses ressources financi\u00e8res, ainsi que l&#8217;acc\u00e8s \u00e0 un grand r\u00e9seau de proches, d&#8217;amis et de contacts professionnels. Isagenix ne peut garantir et ne garantit aucun niveau de r\u00e9mun\u00e9ration particulier. M\u00eame les Associ\u00e9s qui consacrent beaucoup de temps, d&#8217;efforts, et de fonds personnels \u00e0 leur activit\u00e9 peuvent ne pas se voir couronn\u00e9s de succ\u00e8s. Pour plus d&#8217;informations, consultez IsagenixEarnings.com.<\/p>\n<\/div><\/div><\/div><\/div><\/div><\/p>\n","protected":false},"excerpt":{"rendered":"","protected":false},"author":9877,"featured_media":0,"parent":0,"menu_order":0,"comment_status":"closed","ping_status":"closed","template":"100-width.php","meta":{"_acf_changed":false,"footnotes":""},"class_list":["post-106257","page","type-page","status-publish","hentry"],"acf":[],"_links":{"self":[{"href":"https:\/\/eu.isagenixbusiness.com\/fr-eu\/wp-json\/wp\/v2\/pages\/106257","targetHints":{"allow":["GET"]}}],"collection":[{"href":"https:\/\/eu.isagenixbusiness.com\/fr-eu\/wp-json\/wp\/v2\/pages"}],"about":[{"href":"https:\/\/eu.isagenixbusiness.com\/fr-eu\/wp-json\/wp\/v2\/types\/page"}],"author":[{"embeddable":true,"href":"https:\/\/eu.isagenixbusiness.com\/fr-eu\/wp-json\/wp\/v2\/users\/9877"}],"replies":[{"embeddable":true,"href":"https:\/\/eu.isagenixbusiness.com\/fr-eu\/wp-json\/wp\/v2\/comments?post=106257"}],"version-history":[{"count":2,"href":"https:\/\/eu.isagenixbusiness.com\/fr-eu\/wp-json\/wp\/v2\/pages\/106257\/revisions"}],"predecessor-version":[{"id":106886,"href":"https:\/\/eu.isagenixbusiness.com\/fr-eu\/wp-json\/wp\/v2\/pages\/106257\/revisions\/106886"}],"wp:attachment":[{"href":"https:\/\/eu.isagenixbusiness.com\/fr-eu\/wp-json\/wp\/v2\/media?parent=106257"}],"curies":[{"name":"wp","href":"https:\/\/api.w.org\/{rel}","templated":true}]}}