{"id":106268,"date":"2021-07-12T14:44:29","date_gmt":"2021-07-12T13:44:29","guid":{"rendered":"https:\/\/eu.isagenixbusiness.com\/?page_id=106268"},"modified":"2023-12-21T12:50:59","modified_gmt":"2023-12-21T12:50:59","slug":"collagen-script-1-5","status":"publish","type":"page","link":"https:\/\/eu.isagenixbusiness.com\/fr-eu\/collagen-script-1-5\/","title":{"rendered":"Collagen Scripts &#8211; How to find new customers with Collagen Elixir"},"content":{"rendered":"<p><div class=\"fusion-fullwidth fullwidth-box fusion-builder-row-1 fusion-flex-container fusion-parallax-none nonhundred-percent-fullwidth non-hundred-percent-height-scrolling\" style=\"--awb-background-position:center bottom;--awb-border-radius-top-left:0px;--awb-border-radius-top-right:0px;--awb-border-radius-bottom-right:0px;--awb-border-radius-bottom-left:0px;--awb-padding-top:0px;--awb-padding-bottom:0px;--awb-margin-bottom:0px;--awb-background-color:rgba(255,255,255,0.75);--awb-background-image:url(&quot;https:\/\/eu.isagenixbusiness.com\/wp-content\/uploads\/2020\/12\/Header-modulev2.png&quot;);--awb-background-size:cover;--awb-flex-wrap:wrap;\" ><div class=\"fusion-builder-row fusion-row fusion-flex-align-items-flex-start fusion-flex-justify-content-center fusion-flex-content-wrap\" style=\"max-width:1497.6px;margin-left: calc(-4% \/ 2 );margin-right: calc(-4% \/ 2 );\"><div class=\"fusion-layout-column fusion_builder_column fusion-builder-column-0 fusion_builder_column_1_1 1_1 fusion-flex-column\" style=\"--awb-padding-top:0.9840000000000089px;--awb-padding-bottom:0.9730000000000132px;--awb-bg-size:cover;--awb-width-large:100%;--awb-margin-top-large:0px;--awb-spacing-right-large:1.92%;--awb-margin-bottom-large:9px;--awb-spacing-left-large:1.92%;--awb-width-medium:100%;--awb-order-medium:0;--awb-spacing-right-medium:1.92%;--awb-spacing-left-medium:1.92%;--awb-width-small:100%;--awb-order-small:0;--awb-spacing-right-small:1.92%;--awb-spacing-left-small:1.92%;\"><div class=\"fusion-column-wrapper fusion-column-has-shadow fusion-flex-justify-content-flex-start fusion-content-layout-column\"><div class=\"fusion-separator fusion-full-width-sep\" style=\"align-self: flex-end;margin-left:auto;margin-top:10%;width:100%;\"><\/div><div class=\"fusion-builder-row fusion-builder-row-inner fusion-row fusion-flex-align-items-flex-start fusion-flex-justify-content-center fusion-flex-content-wrap\" style=\"--awb-flex-grow:0;--awb-flex-grow-medium:0;--awb-flex-grow-small:0;--awb-flex-shrink:0;--awb-flex-shrink-medium:0;--awb-flex-shrink-small:0;width:104% !important;max-width:104% !important;margin-left: calc(-4% \/ 2 );margin-right: calc(-4% \/ 2 );\"><div class=\"fusion-layout-column fusion_builder_column_inner fusion-builder-nested-column-0 fusion_builder_column_inner_1_2 1_2 fusion-flex-column\" style=\"--awb-bg-size:cover;--awb-width-large:50%;--awb-margin-top-large:0px;--awb-spacing-right-large:3.84%;--awb-margin-bottom-large:20px;--awb-spacing-left-large:3.84%;--awb-width-medium:100%;--awb-order-medium:0;--awb-spacing-right-medium:1.92%;--awb-spacing-left-medium:1.92%;--awb-width-small:100%;--awb-order-small:0;--awb-spacing-right-small:1.92%;--awb-spacing-left-small:1.92%;\"><div class=\"fusion-column-wrapper fusion-column-has-shadow fusion-flex-justify-content-flex-start fusion-content-layout-column\"><\/div><\/div><div class=\"fusion-layout-column fusion_builder_column_inner fusion-builder-nested-column-1 fusion_builder_column_inner_1_2 1_2 fusion-flex-column\" style=\"--awb-bg-size:cover;--awb-width-large:50%;--awb-margin-top-large:0px;--awb-spacing-right-large:3.84%;--awb-margin-bottom-large:20px;--awb-spacing-left-large:3.84%;--awb-width-medium:100%;--awb-order-medium:0;--awb-spacing-right-medium:1.92%;--awb-spacing-left-medium:1.92%;--awb-width-small:100%;--awb-order-small:0;--awb-spacing-right-small:1.92%;--awb-spacing-left-small:1.92%;\"><div class=\"fusion-column-wrapper fusion-column-has-shadow fusion-flex-justify-content-flex-start fusion-content-layout-column\"><\/div><\/div><\/div><div class=\"fusion-title title fusion-title-1 fusion-title-center fusion-title-text fusion-title-size-one\" style=\"--awb-margin-top-small:0px;--awb-margin-right-small:0px;--awb-margin-bottom-small:20px;--awb-margin-left-small:0px;--awb-font-size:3.5rem;\"><div class=\"title-sep-container title-sep-container-left\"><div class=\"title-sep sep- sep-solid\" style=\"border-color:#eeefee;\"><\/div><\/div><span class=\"awb-title-spacer\"><\/span><h1 class=\"fusion-title-heading title-heading-center fusion-responsive-typography-calculated\" style=\"font-family:&quot;DM Serif Display&quot;;font-style:normal;font-weight:400;margin:0;font-size:1em;--fontSize:56;line-height:1;\"><p style=\"text-align: center;\"><span style=\"color: #a77666; font-size: 1em; font-style: var(--h1_typography-font-style,normal); letter-spacing: var(--h1_typography-letter-spacing); background-color: rgba(255, 255, 255, 0);\">COLLAGEN <\/span><span style=\"color: #a77666; font-size: 1em; font-style: var(--h1_typography-font-style,normal); letter-spacing: var(--h1_typography-letter-spacing); background-color: rgba(255, 255, 255, 0); font-family: Montserrat;\">Elixir\u2122<\/span><\/p><\/h1><span class=\"awb-title-spacer\"><\/span><div class=\"title-sep-container title-sep-container-right\"><div class=\"title-sep sep- sep-solid\" style=\"border-color:#eeefee;\"><\/div><\/div><\/div><div class=\"fusion-title title fusion-title-2 fusion-title-center fusion-title-text fusion-title-size-two\" style=\"--awb-margin-top-small:0px;--awb-margin-right-small:0px;--awb-margin-bottom-small:20px;--awb-margin-left-small:0px;\"><div class=\"title-sep-container title-sep-container-left\"><div class=\"title-sep sep- sep-solid\" style=\"border-color:#eeefee;\"><\/div><\/div><span class=\"awb-title-spacer\"><\/span><h2 class=\"fusion-title-heading title-heading-center fusion-responsive-typography-calculated\" style=\"font-family:&quot;DM Serif Display&quot;;font-style:normal;font-weight:400;margin:0;--fontSize:32;line-height:1;\">Contacter de NOUVEAUX clients<\/h2><span class=\"awb-title-spacer\"><\/span><div class=\"title-sep-container title-sep-container-right\"><div class=\"title-sep sep- sep-solid\" style=\"border-color:#eeefee;\"><\/div><\/div><\/div><\/div><\/div><div class=\"fusion-layout-column fusion_builder_column fusion-builder-column-1 fusion_builder_column_1_2 1_2 fusion-flex-column\" style=\"--awb-bg-size:cover;--awb-width-large:50%;--awb-margin-top-large:0px;--awb-spacing-right-large:3.84%;--awb-margin-bottom-large:20px;--awb-spacing-left-large:3.84%;--awb-width-medium:100%;--awb-order-medium:0;--awb-spacing-right-medium:1.92%;--awb-spacing-left-medium:1.92%;--awb-width-small:100%;--awb-order-small:0;--awb-spacing-right-small:1.92%;--awb-spacing-left-small:1.92%;\"><div class=\"fusion-column-wrapper fusion-column-has-shadow fusion-flex-justify-content-flex-start fusion-content-layout-column\"><div class=\"fusion-builder-row fusion-builder-row-inner fusion-row fusion-flex-align-items-flex-start fusion-flex-justify-content-center fusion-flex-content-wrap\" style=\"--awb-flex-grow:0;--awb-flex-grow-medium:0;--awb-flex-grow-small:0;--awb-flex-shrink:0;--awb-flex-shrink-medium:0;--awb-flex-shrink-small:0;width:104% !important;max-width:104% !important;margin-left: calc(-4% \/ 2 );margin-right: calc(-4% \/ 2 );\"><div class=\"fusion-layout-column fusion_builder_column_inner fusion-builder-nested-column-2 fusion_builder_column_inner_1_1 1_1 fusion-flex-column\" style=\"--awb-bg-size:cover;--awb-width-large:100%;--awb-margin-top-large:0px;--awb-spacing-right-large:1.92%;--awb-margin-bottom-large:20px;--awb-spacing-left-large:1.92%;--awb-width-medium:100%;--awb-order-medium:0;--awb-spacing-right-medium:1.92%;--awb-spacing-left-medium:1.92%;--awb-width-small:100%;--awb-order-small:0;--awb-spacing-right-small:1.92%;--awb-spacing-left-small:1.92%;\"><div class=\"fusion-column-wrapper fusion-column-has-shadow fusion-flex-justify-content-flex-start fusion-content-layout-column\"><\/div><\/div><\/div><\/div><\/div><\/div><\/div><div class=\"fusion-fullwidth fullwidth-box fusion-builder-row-2 fusion-flex-container nonhundred-percent-fullwidth non-hundred-percent-height-scrolling\" style=\"--awb-border-radius-top-left:0px;--awb-border-radius-top-right:0px;--awb-border-radius-bottom-right:0px;--awb-border-radius-bottom-left:0px;--awb-flex-wrap:wrap;\" ><div class=\"fusion-builder-row fusion-row fusion-flex-align-items-flex-start fusion-flex-content-wrap\" style=\"max-width:1497.6px;margin-left: calc(-4% \/ 2 );margin-right: calc(-4% \/ 2 );\"><div class=\"fusion-layout-column fusion_builder_column fusion-builder-column-2 fusion_builder_column_1_1 1_1 fusion-flex-column\" style=\"--awb-bg-size:cover;--awb-width-large:100%;--awb-margin-top-large:0px;--awb-spacing-right-large:1.92%;--awb-margin-bottom-large:20px;--awb-spacing-left-large:1.92%;--awb-width-medium:100%;--awb-order-medium:0;--awb-spacing-right-medium:1.92%;--awb-spacing-left-medium:1.92%;--awb-width-small:100%;--awb-order-small:0;--awb-spacing-right-small:1.92%;--awb-spacing-left-small:1.92%;\"><div class=\"fusion-column-wrapper fusion-column-has-shadow fusion-flex-justify-content-flex-start fusion-content-layout-column\"><div class=\"fusion-title title fusion-title-3 fusion-title-text fusion-title-size-one\" style=\"--awb-text-color:#a77666;--awb-margin-top-small:0px;--awb-margin-right-small:0px;--awb-margin-bottom-small:20px;--awb-margin-left-small:0px;--awb-font-size:2.5rem;\"><div class=\"title-sep-container title-sep-container-left fusion-no-large-visibility fusion-no-medium-visibility fusion-no-small-visibility\"><div class=\"title-sep sep- sep-solid\" style=\"border-color:#eeefee;\"><\/div><\/div><span class=\"awb-title-spacer fusion-no-large-visibility fusion-no-medium-visibility fusion-no-small-visibility\"><\/span><h1 class=\"fusion-title-heading title-heading-left fusion-responsive-typography-calculated\" style=\"font-family:&quot;DM Serif Display&quot;;font-style:normal;font-weight:400;margin:0;font-size:1em;--fontSize:40;line-height:1;\">Script sugg\u00e9r\u00e9<\/h1><span class=\"awb-title-spacer\"><\/span><div class=\"title-sep-container title-sep-container-right\"><div class=\"title-sep sep- sep-solid\" style=\"border-color:#eeefee;\"><\/div><\/div><\/div><div class=\"fusion-text fusion-text-1\" style=\"--awb-text-transform:none;\"><p style=\"font-size: 19px;\" data-fusion-font=\"true\"><b>Vous :<\/b> Bonjour, je suis tellement enthousiaste et vous \u00e9tiez l\u2019une des premi\u00e8res personnes avec qui j\u2019avais besoin de le partager. J\u2019ai commenc\u00e9 \u00e0 utiliser un nouveau produit \u00e0 base de collag\u00e8ne marin qui vient de sortir en Europe. Je pense que vous allez l\u2019adorer !<\/p>\n<p style=\"font-size: 19px;\" data-fusion-font=\"true\"><b>Eux : <\/b>Qu\u2019est-ce que c\u2019est ?<\/p>\n<p style=\"font-size: 19px;\" data-fusion-font=\"true\"><b>Vous : <\/b>Un de mes amis me l\u2019a fait d\u00e9couvrir, \u00e7a s\u2019appelle Collag\u00e8ne \u00c9lixir\u2122. Il est d\u00e9j\u00e0 disponible en Australie et aux \u00c9tats-Unis, o\u00f9 nous avons vendu plus de 15 millions de bouteilles en seulement 6 mois. Vous devriez voir certains des r\u00e9sultats que les gens obtiennent ! Conseil de pro : Si vous voyez d\u00e9j\u00e0 des r\u00e9sultats, vous pouvez les partager en toute conformit\u00e9 ici. Par exemple, j\u2019ai remarqu\u00e9 un teint plus jeune, une meilleure hydratation de la peau et ce n\u2019est que le d\u00e9but ! Il est exempt de produits chimiques et provient de sources propres. Vous voulez voir quelques photos ?<\/p>\n<p style=\"font-size: 19px;\" data-fusion-font=\"true\"><b>Eux : <\/b>Oui<\/p>\n<p style=\"font-size: 19px;\" data-fusion-font=\"true\"><b>Vous : <\/b>Envoyez <a href=\"https:\/\/isagenixbusiness.com\/wp-content\/uploads\/2021\/06\/99XX_EU_Collagen_Elixir_Flipbook.pdf\" target=\"_blank\" rel=\"noopener noreferrer\">ce lien<\/a> vers le lookbook Avant et apr\u00e8s<\/p>\n<p style=\"font-size: 19px;\" data-fusion-font=\"true\"><b>Eux : <\/b>Ils diront \u00ab waouh \u00bb, et poseront probablement une question sur le produit.<\/p>\n<p style=\"font-size: 19px;\" data-fusion-font=\"true\"><b>Vous :<\/b> J\u2019ai une vid\u00e9o de 2 minutes qui parle de ce produit, voulez-vous que je vous l\u2019envoie ? (<a href=\"https:\/\/vimeo.com\/569392792\" target=\"_blank\" rel=\"noopener noreferrer\">Envoyer la vid\u00e9o<\/a> )<\/p>\n<p style=\"font-size: 19px;\" data-fusion-font=\"true\"><b>Eux :<\/b> Ils reviendront vers vous soit avec des questions, telles que \u00ab comment puis-je commander ? \u00bb ou, si vous n\u2019avez pas de r\u00e9ponse, demandez simplement \u00ab Avez-vous eu l\u2019occasion de regarder la vid\u00e9o ? Faites-moi savoir si vous avez des questions et j\u2019y r\u00e9pondrai.<\/p>\n<p style=\"font-size: 19px;\" data-fusion-font=\"true\"><b>Vous :<\/b> Vous g\u00e9rez les objections\/r\u00e9pondez aux questions (<a href=\"https:\/\/brand.isagenix.com\/d\/8NjSgMufh41B\/product-media-library?product-name77=Collagen+Elixir\" target=\"_blank\" rel=\"noopener noreferrer\">\u00e0 l\u2019aide d\u2019images <\/a>). Continuez \u00e0 demander ; \u00ab Avez-vous d\u2019autres questions ? \u00bb.<\/p>\n<p style=\"font-size: 19px;\" data-fusion-font=\"true\"><b>Eux : <\/b>Comment je commence ?<\/p>\n<p style=\"font-size: 19px;\" data-fusion-font=\"true\"><b>Vous : <\/b>Voici les deux meilleures options. Si cela ne fonctionne pas, nous pouvons vous cr\u00e9er une option sur mesure qui correspondra mieux \u00e0 votre budget.<\/p>\n<p style=\"font-size: 19px;\" data-fusion-font=\"true\">L\u2019une des options est le pack de 4 qui contient 40 bouteilles pour 151.14 * \u20ac + frais de port.<\/p>\n<p style=\"font-size: 19px;\" data-fusion-font=\"true\">Mais si vous voulez vraiment acc\u00e9l\u00e9rer vos r\u00e9sultats et obtenir la meilleure offre, pour seulement 63,64 \u20ac de plus, vous obtiendrez le pack de 6 qui contient 60 bouteilles pour 214.78 \u20ac * \u20ac, dont 3 bouteilles gratuites.<\/p>\n<p style=\"font-size: 19px;\" data-fusion-font=\"true\">Si vous me dites ce que vous pr\u00e9f\u00e9rez, je peux vous envoyer un lien de panier pr\u00e9rempli pour un r\u00e8glement facilit\u00e9. Quel pack vous convient le mieux ?<\/p>\n<p style=\"font-size: 19px;\" data-fusion-font=\"true\"><b>Eux :<\/b> Le pack de 6.<\/p>\n<p style=\"font-size: 19px;\" data-fusion-font=\"true\"><b>Vous :<\/b> Super, je vous envoie un lien tout de suite. Envoyez votre panier recommand\u00e9 pr\u00e9d\u00e9fini via votre application Back Office, IsaLife ou Penny. Consultez <a href=\"https:\/\/eu.isafyi.com\/fr\/inscrivez-vos-nouveaux-clients-en-deux-minutes-seulement-grace-aux-paniers-recommandes\/\" target=\"_blank\" rel=\"noopener noreferrer\">ce guide<\/a> pour plus d\u2019informations sur la fa\u00e7on de cr\u00e9er et de partager des paniers recommand\u00e9s.<\/p>\n<\/div><div class=\"fusion-separator fusion-full-width-sep\" style=\"align-self: center;margin-left: auto;margin-right: auto;width:100%;\"><div class=\"fusion-separator-border sep-single\" style=\"--awb-height:20px;--awb-amount:20px;border-color:var(--awb-color4);border-top-width:0px;\"><\/div><\/div><div class=\"fusion-title title fusion-title-4 fusion-title-text fusion-title-size-one\" style=\"--awb-text-color:#a77666;--awb-margin-top-small:0px;--awb-margin-right-small:0px;--awb-margin-bottom-small:20px;--awb-margin-left-small:0px;--awb-font-size:2.5rem;\"><div class=\"title-sep-container title-sep-container-left fusion-no-large-visibility fusion-no-medium-visibility fusion-no-small-visibility\"><div class=\"title-sep sep- sep-solid\" style=\"border-color:#eeefee;\"><\/div><\/div><span class=\"awb-title-spacer fusion-no-large-visibility fusion-no-medium-visibility fusion-no-small-visibility\"><\/span><h1 class=\"fusion-title-heading title-heading-left fusion-responsive-typography-calculated\" style=\"font-family:&quot;DM Serif Display&quot;;font-style:normal;font-weight:400;margin:0;font-size:1em;--fontSize:40;line-height:1;\">Une fois qu\u2019ils se sont inscrits :<\/h1><span class=\"awb-title-spacer\"><\/span><div class=\"title-sep-container title-sep-container-right\"><div class=\"title-sep sep- sep-solid\" style=\"border-color:#eeefee;\"><\/div><\/div><\/div><div class=\"fusion-text fusion-text-2\"><p style=\"font-size: 19px;\" data-fusion-font=\"true\"><b>Vous :<\/b> Puis-je vous ajouter \u00e0 notre groupe Facebook ? Il y a une communaut\u00e9 de personnes, d\u2019\u00e9nergies et de ressources formidables dans ce groupe.<\/p>\n<p style=\"font-size: 19px;\" data-fusion-font=\"true\"><b>Eux : <\/b>\u00c7a a l\u2019air super.<\/p>\n<p style=\"font-size: 19px;\" data-fusion-font=\"true\"><b>Vous : <\/b>G\u00e9nial, je le fais tout de suite. Soyez attentif \u00e0 vos invitations de groupe. Puis, de quelle mani\u00e8re souhaiteriez-vous obtenir le paiement de votre prochaine commande ? Vous pouvez gagner jusqu\u2019\u00e0 467 \u00a3\/509** \u20ac simplement en partageant avec deux de vos amis.<\/p>\n<p style=\"padding-left: 40px;\"><b>SI OUI :<\/b>J\u2019ai une petite vid\u00e9o expliquant comment cela fonctionne. Voulez-vous que je vous l\u2019envoie ? Partagez <a href=\"https:\/\/vimeo.com\/572574478\" target=\"_blank\" rel=\"noopener noreferrer\">ce lien <\/a> vers la vid\u00e9o Comment gagner de l\u2019argent gr\u00e2ce au collag\u00e8ne.<\/p>\n<p style=\"font-size: 19px; padding-left: 40px;\" data-fusion-font=\"true\"><b> SI NON :<\/b> \u00ab Combien vous motiverait ? \u00bb<\/p>\n<p style=\"font-size: 19px;\" data-fusion-font=\"true\"><b>Eux :<\/b> 2 000 \u20ac<\/p>\n<p style=\"font-size: 19px;\" data-fusion-font=\"true\"><b>Vous : <\/b>Alors, si je pouvais vous montrer un moyen de gagner 2 000 \u00a3 en partageant ce produit, seriez-vous int\u00e9ress\u00e9 de le conna\u00eetre ? (Ou si je pouvais vous pr\u00e9senter \u00e0 quelqu\u2019un qui peut vous apprendre comment gagner 2 000 \u20ac en partageant ce produit, seriez-vous pr\u00eat \u00e0 le rencontrer ?)<\/p>\n<p style=\"font-size: 19px;\" data-fusion-font=\"true\"><b>Eux : <\/b>Oui<\/p>\n<p style=\"font-size: 19px;\" data-fusion-font=\"true\"><b>Planifiez un appel Zoom (soit avec vous-m\u00eame, soit avec un partenaire commercial). Utilisez la <a href=\"https:\/\/isagenixbusiness.com\/wp-content\/uploads\/2021\/06\/4026_BE_NL_fr_Why_Isagenix_Opportunity_2906521.pptx\" target=\"_blank\" rel=\"noopener noreferrer\">pr\u00e9sentation de la r\u00e9union d\u2019opportunit\u00e9<\/a> pour leur parler de comment gagner de l\u2019argent avec Isagenix.<\/b><\/p>\n<\/div><\/div><\/div><div class=\"fusion-layout-column fusion_builder_column fusion-builder-column-3 fusion_builder_column_1_1 1_1 fusion-flex-column\" style=\"--awb-bg-size:cover;--awb-width-large:100%;--awb-margin-top-large:0px;--awb-spacing-right-large:1.92%;--awb-margin-bottom-large:20px;--awb-spacing-left-large:1.92%;--awb-width-medium:100%;--awb-order-medium:0;--awb-spacing-right-medium:1.92%;--awb-spacing-left-medium:1.92%;--awb-width-small:100%;--awb-order-small:0;--awb-spacing-right-small:1.92%;--awb-spacing-left-small:1.92%;\"><div class=\"fusion-column-wrapper fusion-column-has-shadow fusion-flex-justify-content-flex-start fusion-content-layout-column\"><div class=\"fusion-separator fusion-full-width-sep\" style=\"align-self: center;margin-left: auto;margin-right: auto;margin-top:2%;width:100%;\"><\/div><\/div><\/div><\/div><\/div><div class=\"fusion-fullwidth fullwidth-box fusion-builder-row-3 fusion-flex-container fusion-parallax-none nonhundred-percent-fullwidth non-hundred-percent-height-scrolling\" style=\"--awb-border-radius-top-left:0px;--awb-border-radius-top-right:0px;--awb-border-radius-bottom-right:0px;--awb-border-radius-bottom-left:0px;--awb-padding-top:22px;--awb-background-image:url(&quot;https:\/\/eu.isagenixbusiness.com\/wp-content\/uploads\/2020\/12\/Background-1-1-e1607442026599.png&quot;);--awb-background-size:cover;--awb-flex-wrap:wrap;\" ><div class=\"fusion-builder-row fusion-row fusion-flex-align-items-flex-start fusion-flex-content-wrap\" style=\"max-width:1497.6px;margin-left: calc(-4% \/ 2 );margin-right: calc(-4% \/ 2 );\"><div class=\"fusion-layout-column fusion_builder_column fusion-builder-column-4 fusion_builder_column_1_1 1_1 fusion-flex-column\" style=\"--awb-bg-size:cover;--awb-width-large:100%;--awb-margin-top-large:0px;--awb-spacing-right-large:1.92%;--awb-margin-bottom-large:20px;--awb-spacing-left-large:1.92%;--awb-width-medium:100%;--awb-order-medium:0;--awb-spacing-right-medium:1.92%;--awb-spacing-left-medium:1.92%;--awb-width-small:100%;--awb-order-small:0;--awb-spacing-right-small:1.92%;--awb-spacing-left-small:1.92%;\"><div class=\"fusion-column-wrapper fusion-column-has-shadow fusion-flex-justify-content-flex-start fusion-content-layout-column\"><div class=\"fusion-text fusion-text-3\"><p style=\"color: #ffffff;\">*Les prix au Royaume-Uni sont bas\u00e9s sur l\u2019auto-livraison des clients privil\u00e9gi\u00e9s et sont arrondis. N\u2019oubliez pas de v\u00e9rifier que vous utilisez les bons prix pour le pays dans lequel vous vendez. Veuillez vous connecter \u00e0 votre Back Office pour conna\u00eetre les offres et les prix les plus r\u00e9cents.<\/p>\n<p style=\"color: #ffffff;\">**\u00c0 des fins d\u2019illustration uniquement. Les exemples illustrent les gains maximum, utilisant des sc\u00e9narios sp\u00e9cifiques pendant une p\u00e9riode de promotion combin\u00e9s \u00e0 d\u2019autres primes Isagenix, et ne constituent pas une garantie. Isagenix ne garantit aucun revenu, quel qu\u2019il soit. Pour les revenus moyens, veuillez vous r\u00e9f\u00e9rer \u00e0 IsagenixEarnings.com<\/p>\n<\/div><\/div><\/div><\/div><\/div><\/p>\n","protected":false},"excerpt":{"rendered":"","protected":false},"author":9877,"featured_media":0,"parent":0,"menu_order":0,"comment_status":"closed","ping_status":"closed","template":"100-width.php","meta":{"_acf_changed":false,"footnotes":""},"class_list":["post-106268","page","type-page","status-publish","hentry"],"acf":[],"_links":{"self":[{"href":"https:\/\/eu.isagenixbusiness.com\/fr-eu\/wp-json\/wp\/v2\/pages\/106268","targetHints":{"allow":["GET"]}}],"collection":[{"href":"https:\/\/eu.isagenixbusiness.com\/fr-eu\/wp-json\/wp\/v2\/pages"}],"about":[{"href":"https:\/\/eu.isagenixbusiness.com\/fr-eu\/wp-json\/wp\/v2\/types\/page"}],"author":[{"embeddable":true,"href":"https:\/\/eu.isagenixbusiness.com\/fr-eu\/wp-json\/wp\/v2\/users\/9877"}],"replies":[{"embeddable":true,"href":"https:\/\/eu.isagenixbusiness.com\/fr-eu\/wp-json\/wp\/v2\/comments?post=106268"}],"version-history":[{"count":7,"href":"https:\/\/eu.isagenixbusiness.com\/fr-eu\/wp-json\/wp\/v2\/pages\/106268\/revisions"}],"predecessor-version":[{"id":199558,"href":"https:\/\/eu.isagenixbusiness.com\/fr-eu\/wp-json\/wp\/v2\/pages\/106268\/revisions\/199558"}],"wp:attachment":[{"href":"https:\/\/eu.isagenixbusiness.com\/fr-eu\/wp-json\/wp\/v2\/media?parent=106268"}],"curies":[{"name":"wp","href":"https:\/\/api.w.org\/{rel}","templated":true}]}}