{"id":111109,"date":"2021-11-08T05:00:05","date_gmt":"2021-11-08T05:00:05","guid":{"rendered":"https:\/\/eu.isagenixbusiness.com\/?page_id=111109"},"modified":"2024-02-19T16:10:12","modified_gmt":"2024-02-19T16:10:12","slug":"my-pack","status":"publish","type":"page","link":"https:\/\/eu.isagenixbusiness.com\/fr-eu\/my-pack\/","title":{"rendered":"My Pack"},"content":{"rendered":"<p><div class=\"fusion-fullwidth fullwidth-box fusion-builder-row-1 fusion-flex-container fusion-parallax-none hundred-percent-fullwidth non-hundred-percent-height-scrolling\" style=\"--awb-background-blend-mode:overlay;--awb-border-radius-top-left:0px;--awb-border-radius-top-right:0px;--awb-border-radius-bottom-right:0px;--awb-border-radius-bottom-left:0px;--awb-padding-left:0px;--awb-min-height:450px;--awb-background-color:rgba(0,0,0,0.5);--awb-background-image:url(&quot;https:\/\/eu.isagenixbusiness.com\/wp-content\/uploads\/2021\/11\/My-Pack-IsaBiz-Image-1.jpg&quot;);--awb-background-size:cover;--awb-flex-wrap:wrap;\" ><div class=\"fusion-builder-row fusion-row fusion-flex-align-items-center fusion-flex-align-content-center fusion-flex-justify-content-center fusion-flex-content-wrap\" style=\"width:104% !important;max-width:104% !important;margin-left: calc(-4% \/ 2 );margin-right: calc(-4% \/ 2 );\"><div class=\"fusion-layout-column fusion_builder_column fusion-builder-column-0 fusion_builder_column_1_1 1_1 fusion-flex-column\" style=\"--awb-bg-size:cover;--awb-width-large:100%;--awb-margin-top-large:0px;--awb-spacing-right-large:1.92%;--awb-margin-bottom-large:0px;--awb-spacing-left-large:1.92%;--awb-width-medium:100%;--awb-order-medium:0;--awb-spacing-right-medium:1.92%;--awb-spacing-left-medium:1.92%;--awb-width-small:100%;--awb-order-small:0;--awb-spacing-right-small:1.92%;--awb-spacing-left-small:1.92%;\"><div class=\"fusion-column-wrapper fusion-column-has-shadow fusion-flex-justify-content-flex-start fusion-content-layout-column\"><div class=\"fusion-title title fusion-title-1 fusion-title-center fusion-title-text fusion-title-size-one\" style=\"--awb-text-color:#ffffff;--awb-margin-bottom:5px;--awb-margin-top-small:0px;--awb-margin-right-small:0px;--awb-margin-bottom-small:20px;--awb-margin-left-small:0px;\"><div class=\"title-sep-container title-sep-container-left\"><div class=\"title-sep sep- sep-solid\" style=\"border-color:#eeefee;\"><\/div><\/div><span class=\"awb-title-spacer\"><\/span><h1 class=\"fusion-title-heading title-heading-center fusion-responsive-typography-calculated\" style=\"margin:0;--fontSize:36;line-height:1;\">Simple, flexible et exclusivement tien<\/h1><span class=\"awb-title-spacer\"><\/span><div class=\"title-sep-container title-sep-container-right\"><div class=\"title-sep sep- sep-solid\" style=\"border-color:#eeefee;\"><\/div><\/div><\/div><\/div><\/div><\/div><\/div><div class=\"fusion-fullwidth fullwidth-box fusion-builder-row-2 nonhundred-percent-fullwidth non-hundred-percent-height-scrolling\" style=\"--awb-border-radius-top-left:0px;--awb-border-radius-top-right:0px;--awb-border-radius-bottom-right:0px;--awb-border-radius-bottom-left:0px;--awb-padding-right:0px;--awb-padding-left:0px;--awb-flex-wrap:wrap;\" ><div class=\"fusion-builder-row fusion-row\"><div class=\"fusion-layout-column fusion_builder_column fusion-builder-column-1 fusion_builder_column_1_1 1_1 fusion-one-full fusion-column-first fusion-column-last\" style=\"--awb-bg-size:cover;\"><div class=\"fusion-column-wrapper fusion-column-has-shadow fusion-flex-column-wrapper-legacy\"><div class=\"fusion-sep-clear\"><\/div><div class=\"fusion-separator fusion-full-width-sep\" style=\"margin-left: auto;margin-right: auto;margin-top:30px;width:100%;\"><\/div><div class=\"fusion-sep-clear\"><\/div><div class=\"fusion-title title fusion-title-2 fusion-sep-none fusion-title-center fusion-title-text fusion-title-size-one\" style=\"--awb-text-color:#54585a;--awb-margin-bottom:30px;--awb-margin-top-small:0px;--awb-margin-right-small:0px;--awb-margin-bottom-small:20px;--awb-margin-left-small:0px;\"><h1 class=\"fusion-title-heading title-heading-center fusion-responsive-typography-calculated\" style=\"margin:0;--fontSize:36;line-height:1;\"><p style=\"text-align: center;\"><strong>My Pack<\/strong><\/p><\/h1><\/div><div class=\"fusion-text fusion-text-1\"><p>Disponible le 8\u00a0novembre\u00a02021\u00a0!<\/p>\n<\/div><div class=\"fusion-text fusion-text-2\"><p>Offre \u00e0 tes client(e)s tout ce qu\u2019ils\/elles veulent et plus encore\u00a0! My Pack te permet de cr\u00e9er des packs personnalis\u00e9s qui r\u00e9pondent aux besoins de chacun de tes client(e)s. Tu peux combiner les produits comme bon te semble, ce qui te permet de composer des packs aussi uniques et surprenants que toi en toute simplicit\u00e9, et avec une grande flexibilit\u00e9\u00a0!<\/p>\n<p>De plus, pour tout My Pack \u00e9ligible, tes client(e)s peuvent m\u00eame b\u00e9n\u00e9ficier d\u2019une remise de 10\u00a0\u00e0\u00a015\u00a0%\u00a0!<\/p>\n<\/div><div class=\"fusion-title title fusion-title-3 fusion-sep-none fusion-title-center fusion-title-text fusion-title-size-two\" style=\"--awb-text-color:#54585a;--awb-margin-bottom:10px;--awb-margin-top-small:0px;--awb-margin-right-small:0px;--awb-margin-bottom-small:20px;--awb-margin-left-small:0px;--awb-font-size:24px;\"><h2 class=\"fusion-title-heading title-heading-center fusion-responsive-typography-calculated\" style=\"margin:0;font-size:1em;--fontSize:24;line-height:1;\"><span class=\"TextRun SCXW44245683 BCX0\" lang=\"EN-US\" style=\"color: #008080;\" xml:lang=\"EN-US\" data-contrast=\"auto\"><span class=\"NormalTextRun SCXW44245683 BCX0\">Des compositions pour les nouveaux(elles) client(e)s et les client(e)s existant(e)s<\/span><\/span><\/h2><\/div><div class=\"fusion-text fusion-text-3\"><p>My Pack est un excellent moyen d\u2019attirer de nouveaux(elles) client(e)s gr\u00e2ce aux packs de lancement personnalis\u00e9s, et de composer des packs contenant les produits pr\u00e9f\u00e9r\u00e9s de tes client(e)s existant(e)s. En outre, les nouveaux(elles) membres et les membres existant(e)s b\u00e9n\u00e9ficient d\u2019une remise de 10\u00a0\u00e0\u00a015\u00a0% s\u2019ils\/elles commandent un My Pack qui atteint le seuil des 150-300\u00a0VA*.<\/p>\n<\/div><div class=\"fusion-sep-clear\"><\/div><div class=\"fusion-separator fusion-full-width-sep\" style=\"margin-left: auto;margin-right: auto;margin-top:30px;width:100%;\"><\/div><div class=\"fusion-sep-clear\"><\/div>\n<div class=\"table-1\">\n<table width=\"100%\">\n<thead>\n<tr>\n<th style=\"background: #00778b; color: #fff; text-align: center;\" align=\"center\"><span class=\"TextRun BCX0 SCXW240134714\" lang=\"EN-US\" xml:lang=\"EN-US\" data-contrast=\"none\"><span class=\"NormalTextRun BCX0 SCXW240134714\">VA \u00e9ligibles pour My Pack\u202f<\/span><\/span><\/th>\n<th style=\"background: #00778b; color: #fff; text-align: center;\" align=\"center\">Tarif et remise VA<\/th>\n<\/tr>\n<\/thead>\n<tbody>\n<tr>\n<td style=\"text-align: left;\" align=\"left\">150 VA &#8211; 299 VA<\/td>\n<td style=\"text-align: center;\" align=\"left\">10% de remise<\/td>\n<\/tr>\n<tr>\n<td align=\"left\">300 VA +<\/td>\n<td style=\"text-align: center;\" align=\"left\">15% de remise<\/td>\n<\/tr>\n<\/tbody>\n<\/table>\n<\/div>\n<div class=\"fusion-sep-clear\"><\/div><div class=\"fusion-separator fusion-full-width-sep\" style=\"margin-left: auto;margin-right: auto;margin-top:30px;width:100%;\"><\/div><div class=\"fusion-sep-clear\"><\/div><div class=\"fusion-title title fusion-title-4 fusion-sep-none fusion-title-center fusion-title-text fusion-title-size-two\" style=\"--awb-text-color:#54585a;--awb-margin-bottom:10px;--awb-margin-top-small:0px;--awb-margin-right-small:0px;--awb-margin-bottom-small:20px;--awb-margin-left-small:0px;--awb-font-size:24px;\"><h2 class=\"fusion-title-heading title-heading-center fusion-responsive-typography-calculated\" style=\"margin:0;font-size:1em;--fontSize:24;line-height:1;\"><span class=\"TextRun SCXW44245683 BCX0\" lang=\"EN-US\" style=\"color: #008080;\" xml:lang=\"EN-US\" data-contrast=\"auto\"><span class=\"NormalTextRun SCXW44245683 BCX0\">FAQs<\/span><\/span><\/h2><\/div><div class=\"accordian fusion-accordian\" style=\"--awb-border-size:1px;--awb-icon-size:16px;--awb-content-font-size:16px;--awb-icon-alignment:right;--awb-hover-color:#f9f9f9;--awb-border-color:#54585a;--awb-background-color:#ffffff;--awb-divider-color:#eeefee;--awb-divider-hover-color:#eeefee;--awb-icon-color:#54585a;--awb-title-color:#54585a;--awb-content-color:#54585a;--awb-icon-box-color:#55585a;--awb-toggle-hover-accent-color:#00778b;--awb-title-font-family:&quot;Montserrat&quot;;--awb-title-font-weight:400;--awb-title-font-style:normal;--awb-title-font-size:16px;--awb-content-font-family:&quot;Montserrat&quot;;--awb-content-font-style:normal;--awb-content-font-weight:400;\"><div class=\"panel-group fusion-toggle-icon-right fusion-toggle-icon-unboxed\" id=\"accordion-111109-1\"><div class=\"fusion-panel panel-default panel-2686651626d8de498 fusion-toggle-no-divider fusion-toggle-boxed-mode\" style=\"--awb-title-color:#54585a;--awb-content-color:#54585a;\"><div class=\"panel-heading\"><h4 class=\"panel-title toggle\" id=\"toggle_2686651626d8de498\"><a aria-expanded=\"false\" aria-controls=\"2686651626d8de498\" role=\"button\" data-toggle=\"collapse\" data-parent=\"#accordion-111109-1\" data-target=\"#2686651626d8de498\" href=\"#2686651626d8de498\"><span class=\"fusion-toggle-icon-wrapper\" aria-hidden=\"true\"><i class=\"fa-fusion-box active-icon awb-icon-minus\" aria-hidden=\"true\"><\/i><i class=\"fa-fusion-box inactive-icon awb-icon-plus\" aria-hidden=\"true\"><\/i><\/span><span class=\"fusion-toggle-heading\">Que se passe-t-il si le pack n\u2019atteint pas le seuil des 150 VA ?<\/span><\/a><\/h4><\/div><div id=\"2686651626d8de498\" class=\"panel-collapse collapse \" aria-labelledby=\"toggle_2686651626d8de498\"><div class=\"panel-body toggle-content fusion-clearfix\">\n<p>La commande doit \u00eatre de 150 VA ou plus pour donner droit \u00e0 une remise.<\/p>\n<\/div><\/div><\/div><\/div><\/div><div class=\"fusion-sep-clear\"><\/div><div class=\"fusion-separator fusion-full-width-sep\" style=\"margin-left: auto;margin-right: auto;margin-top:30px;width:100%;\"><\/div><div class=\"fusion-sep-clear\"><\/div><div class=\"fusion-text fusion-text-4\"><p>*La remise s\u2019applique uniquement aux articles \u00e0 la carte ajout\u00e9s \u00e0 un My Pack. Si un autre pack est ajout\u00e9 \u00e0 un My Pack, aucune r\u00e9duction suppl\u00e9mentaire ne s\u2019applique au pack.<\/p>\n<\/div><div class=\"fusion-clearfix\"><\/div><\/div><\/div><\/div><\/div><\/p>\n","protected":false},"excerpt":{"rendered":"","protected":false},"author":18291,"featured_media":0,"parent":0,"menu_order":0,"comment_status":"closed","ping_status":"closed","template":"100-width.php","meta":{"_acf_changed":false,"footnotes":""},"class_list":["post-111109","page","type-page","status-publish","hentry"],"acf":[],"_links":{"self":[{"href":"https:\/\/eu.isagenixbusiness.com\/fr-eu\/wp-json\/wp\/v2\/pages\/111109","targetHints":{"allow":["GET"]}}],"collection":[{"href":"https:\/\/eu.isagenixbusiness.com\/fr-eu\/wp-json\/wp\/v2\/pages"}],"about":[{"href":"https:\/\/eu.isagenixbusiness.com\/fr-eu\/wp-json\/wp\/v2\/types\/page"}],"author":[{"embeddable":true,"href":"https:\/\/eu.isagenixbusiness.com\/fr-eu\/wp-json\/wp\/v2\/users\/18291"}],"replies":[{"embeddable":true,"href":"https:\/\/eu.isagenixbusiness.com\/fr-eu\/wp-json\/wp\/v2\/comments?post=111109"}],"version-history":[{"count":8,"href":"https:\/\/eu.isagenixbusiness.com\/fr-eu\/wp-json\/wp\/v2\/pages\/111109\/revisions"}],"predecessor-version":[{"id":202439,"href":"https:\/\/eu.isagenixbusiness.com\/fr-eu\/wp-json\/wp\/v2\/pages\/111109\/revisions\/202439"}],"wp:attachment":[{"href":"https:\/\/eu.isagenixbusiness.com\/fr-eu\/wp-json\/wp\/v2\/media?parent=111109"}],"curies":[{"name":"wp","href":"https:\/\/api.w.org\/{rel}","templated":true}]}}