{"id":116586,"date":"2022-02-09T12:48:14","date_gmt":"2022-02-09T12:48:14","guid":{"rendered":"https:\/\/eu.isagenixbusiness.com\/global-top-achievers-2023\/"},"modified":"2022-09-05T11:48:32","modified_gmt":"2022-09-05T10:48:32","slug":"global-top-achievers-2023","status":"publish","type":"page","link":"https:\/\/eu.isagenixbusiness.com\/fr-eu\/global-top-achievers-2023\/","title":{"rendered":"Global Top Achievers 2023"},"content":{"rendered":"<p><div class=\"fusion-fullwidth fullwidth-box fusion-builder-row-1 fusion-flex-container fusion-parallax-none nonhundred-percent-fullwidth non-hundred-percent-height-scrolling\" style=\"--awb-background-blend-mode:overlay;--awb-border-radius-top-left:0px;--awb-border-radius-top-right:0px;--awb-border-radius-bottom-right:0px;--awb-border-radius-bottom-left:0px;--awb-min-height:450px;--awb-background-color:rgba(0,0,0,0.5);--awb-background-image:url(&quot;https:\/\/eu.isagenixbusiness.com\/wp-content\/uploads\/2022\/02\/Fiji-Businness-Page-Header.png&quot;);--awb-background-size:cover;--awb-flex-wrap:wrap;\" ><div class=\"fusion-builder-row fusion-row fusion-flex-align-items-center fusion-flex-align-content-center fusion-flex-justify-content-center fusion-flex-content-wrap\" style=\"max-width:1497.6px;margin-left: calc(-4% \/ 2 );margin-right: calc(-4% \/ 2 );\"><div class=\"fusion-layout-column fusion_builder_column fusion-builder-column-0 fusion_builder_column_1_1 1_1 fusion-flex-column fusion-flex-align-self-center\" style=\"--awb-bg-size:cover;--awb-width-large:100%;--awb-margin-top-large:0px;--awb-spacing-right-large:1.92%;--awb-margin-bottom-large:20px;--awb-spacing-left-large:1.92%;--awb-width-medium:100%;--awb-order-medium:0;--awb-spacing-right-medium:1.92%;--awb-spacing-left-medium:1.92%;--awb-width-small:100%;--awb-order-small:0;--awb-spacing-right-small:1.92%;--awb-spacing-left-small:1.92%;\"><div class=\"fusion-column-wrapper fusion-column-has-shadow fusion-flex-justify-content-center fusion-content-layout-column\"><div class=\"fusion-text fusion-text-1\" style=\"--awb-text-color:#ffffff;\"><h1 class=\"\" style=\"text-align: center; color: #ffffff; --fontsize: 36; line-height: 1;\" data-fontsize=\"36\" data-lineheight=\"36px\">Global Top Achievers 2023<\/h1>\n<\/div><div class=\"fusion-text fusion-text-2\" style=\"--awb-text-transform:none;\"><p style=\"text-align: center; color: #ffffff;\">Du 26 au 30 avril 2023 | fidji<\/p>\n<\/div><\/div><\/div><\/div><\/div><div class=\"fusion-fullwidth fullwidth-box fusion-builder-row-2 fusion-flex-container nonhundred-percent-fullwidth non-hundred-percent-height-scrolling\" style=\"--awb-border-radius-top-left:0px;--awb-border-radius-top-right:0px;--awb-border-radius-bottom-right:0px;--awb-border-radius-bottom-left:0px;--awb-padding-top:21px;--awb-flex-wrap:wrap;\" ><div class=\"fusion-builder-row fusion-row fusion-flex-align-items-flex-start fusion-flex-content-wrap\" style=\"max-width:1497.6px;margin-left: calc(-4% \/ 2 );margin-right: calc(-4% \/ 2 );\"><div class=\"fusion-layout-column fusion_builder_column fusion-builder-column-1 fusion_builder_column_1_1 1_1 fusion-flex-column\" style=\"--awb-bg-size:cover;--awb-width-large:100%;--awb-margin-top-large:0px;--awb-spacing-right-large:1.92%;--awb-margin-bottom-large:20px;--awb-spacing-left-large:1.92%;--awb-width-medium:100%;--awb-order-medium:0;--awb-spacing-right-medium:1.92%;--awb-spacing-left-medium:1.92%;--awb-width-small:100%;--awb-order-small:0;--awb-spacing-right-small:1.92%;--awb-spacing-left-small:1.92%;\"><div class=\"fusion-column-wrapper fusion-column-has-shadow fusion-flex-justify-content-flex-start fusion-content-layout-column\"><div class=\"fusion-text fusion-text-3\" style=\"--awb-text-transform:none;\"><h1 style=\"text-align: center;\"><b>EN ROUTE POUR LES ILES FIDJI<\/b><\/h1>\n<\/div><div class=\"fusion-text fusion-text-4\" style=\"--awb-text-transform:none;\"><p style=\"text-align: center;\">Les meilleurs champions du monde reconnaissent et r\u00e9compensent nos meilleurs leaders en action avec une formation exceptionnelle, de la relaxation et du plaisir.<\/p>\n<p style=\"text-align: center;\">La meilleure partie ? Tout se d\u00e9roule dans l\u2019une des plus belles destinations au monde.<\/p>\n<\/div><\/div><\/div><\/div><\/div><div class=\"fusion-fullwidth fullwidth-box fusion-builder-row-3 fusion-flex-container nonhundred-percent-fullwidth non-hundred-percent-height-scrolling\" style=\"--awb-border-radius-top-left:0px;--awb-border-radius-top-right:0px;--awb-border-radius-bottom-right:0px;--awb-border-radius-bottom-left:0px;--awb-padding-top:24px;--awb-flex-wrap:wrap;\" ><div class=\"fusion-builder-row fusion-row fusion-flex-align-items-flex-start fusion-flex-content-wrap\" style=\"max-width:1497.6px;margin-left: calc(-4% \/ 2 );margin-right: calc(-4% \/ 2 );\"><div class=\"fusion-layout-column fusion_builder_column fusion-builder-column-2 fusion_builder_column_1_2 1_2 fusion-flex-column fusion-flex-align-self-center\" style=\"--awb-bg-size:cover;--awb-width-large:50%;--awb-margin-top-large:0px;--awb-spacing-right-large:3.84%;--awb-margin-bottom-large:20px;--awb-spacing-left-large:3.84%;--awb-width-medium:100%;--awb-order-medium:0;--awb-spacing-right-medium:1.92%;--awb-spacing-left-medium:1.92%;--awb-width-small:100%;--awb-order-small:0;--awb-spacing-right-small:1.92%;--awb-spacing-left-small:1.92%;\"><div class=\"fusion-column-wrapper fusion-column-has-shadow fusion-flex-justify-content-center fusion-content-layout-column\"><div class=\"fusion-text fusion-text-5\" style=\"--awb-text-transform:none;\"><h2>COMMENT GAGNER UNE PLACE :<\/h2>\n<ul>\n<li>\u00catre une des 100\u00a0meilleures soci\u00e9t\u00e9s Leader in Action au classement par points pendant la p\u00e9riode de qualification.<\/li>\n<li>Obligation d\u2019\u00eatre directeur ex\u00e9cutif r\u00e9mun\u00e9r\u00e9 pendant un minimum de 26 semaines au cours de la p\u00e9riode de qualification (les semaines ne doivent pas forc\u00e9ment \u00eatre cons\u00e9cutives).<\/li>\n<\/ul>\n<p style=\"padding-left: 40px;\"><b>OU<\/b><\/p>\n<ul>\n<li>Gagner plus de 500 000 USD au cours de la p\u00e9riode de qualification.<\/li>\n<li>\u00catre directeur ex\u00e9cutif r\u00e9mun\u00e9r\u00e9 pendant un minimum de 45\u00a0semaines au cours de la p\u00e9riode de qualification (les semaines ne doivent pas forc\u00e9ment \u00eatre cons\u00e9cutives).<\/li>\n<\/ul>\n<\/div><\/div><\/div><div class=\"fusion-layout-column fusion_builder_column fusion-builder-column-3 fusion_builder_column_1_2 1_2 fusion-flex-column\" style=\"--awb-bg-size:cover;--awb-width-large:50%;--awb-margin-top-large:0px;--awb-spacing-right-large:3.84%;--awb-margin-bottom-large:20px;--awb-spacing-left-large:3.84%;--awb-width-medium:100%;--awb-order-medium:0;--awb-spacing-right-medium:1.92%;--awb-spacing-left-medium:1.92%;--awb-width-small:100%;--awb-order-small:0;--awb-spacing-right-small:1.92%;--awb-spacing-left-small:1.92%;\"><div class=\"fusion-column-wrapper fusion-column-has-shadow fusion-flex-justify-content-flex-start fusion-content-layout-column\"><div class=\"fusion-video fusion-vimeo\" style=\"--awb-max-width:600px;--awb-max-height:360px;\"><div class=\"video-shortcode\"><div class=\"fluid-width-video-wrapper\" style=\"padding-top:60%;\" ><iframe title=\"Vimeo video player 1\" src=\"https:\/\/player.vimeo.com\/video\/669491412?autoplay=0&amp;autopause=0\" width=\"600\" height=\"360\" allowfullscreen allow=\"autoplay; fullscreen\"><\/iframe><\/div><\/div><\/div><\/div><\/div><\/div><\/div><div class=\"fusion-fullwidth fullwidth-box fusion-builder-row-4 fusion-flex-container nonhundred-percent-fullwidth non-hundred-percent-height-scrolling\" style=\"--awb-border-radius-top-left:0px;--awb-border-radius-top-right:0px;--awb-border-radius-bottom-right:0px;--awb-border-radius-bottom-left:0px;--awb-padding-top:21px;--awb-background-color:var(--awb-custom13);--awb-flex-wrap:wrap;\" ><div class=\"fusion-builder-row fusion-row fusion-flex-align-items-flex-start fusion-flex-content-wrap\" style=\"max-width:1497.6px;margin-left: calc(-4% \/ 2 );margin-right: calc(-4% \/ 2 );\"><div class=\"fusion-layout-column fusion_builder_column fusion-builder-column-4 fusion_builder_column_1_3 1_3 fusion-flex-column\" style=\"--awb-bg-size:cover;--awb-width-large:33.333333333333%;--awb-margin-top-large:0px;--awb-spacing-right-large:5.76%;--awb-margin-bottom-large:20px;--awb-spacing-left-large:5.76%;--awb-width-medium:100%;--awb-order-medium:0;--awb-spacing-right-medium:1.92%;--awb-spacing-left-medium:1.92%;--awb-width-small:100%;--awb-order-small:0;--awb-spacing-right-small:1.92%;--awb-spacing-left-small:1.92%;\"><div class=\"fusion-column-wrapper fusion-column-has-shadow fusion-flex-justify-content-flex-start fusion-content-layout-column\"><div class=\"fusion-image-element \" style=\"--awb-caption-title-font-family:var(--h2_typography-font-family);--awb-caption-title-font-weight:var(--h2_typography-font-weight);--awb-caption-title-font-style:var(--h2_typography-font-style);--awb-caption-title-size:var(--h2_typography-font-size);--awb-caption-title-transform:var(--h2_typography-text-transform);--awb-caption-title-line-height:var(--h2_typography-line-height);--awb-caption-title-letter-spacing:var(--h2_typography-letter-spacing);\"><span class=\" fusion-imageframe imageframe-none imageframe-1 hover-type-none\"><img decoding=\"async\" width=\"400\" height=\"297\" title=\"beach_6_800x593-400&#215;297\" src=\"https:\/\/eu.isagenixbusiness.com\/wp-content\/uploads\/2022\/02\/beach_6_800x593-400x297-1.jpg\" alt class=\"img-responsive wp-image-116567\" srcset=\"https:\/\/eu.isagenixbusiness.com\/wp-content\/uploads\/2022\/02\/beach_6_800x593-400x297-1-200x149.jpg 200w, https:\/\/eu.isagenixbusiness.com\/wp-content\/uploads\/2022\/02\/beach_6_800x593-400x297-1.jpg 400w\" sizes=\"(max-width: 1024px) 100vw, (max-width: 640px) 100vw, 400px\" \/><\/span><\/div><\/div><\/div><div class=\"fusion-layout-column fusion_builder_column fusion-builder-column-5 fusion_builder_column_2_3 2_3 fusion-flex-column\" style=\"--awb-bg-size:cover;--awb-width-large:66.666666666667%;--awb-margin-top-large:0px;--awb-spacing-right-large:0.144%;--awb-margin-bottom-large:20px;--awb-spacing-left-large:0.432%;--awb-width-medium:100%;--awb-order-medium:0;--awb-spacing-right-medium:1.92%;--awb-spacing-left-medium:1.92%;--awb-width-small:100%;--awb-order-small:0;--awb-spacing-right-small:1.92%;--awb-spacing-left-small:1.92%;\"><div class=\"fusion-column-wrapper fusion-column-has-shadow fusion-flex-justify-content-flex-start fusion-content-layout-column\"><div class=\"fusion-title title fusion-title-1 fusion-title-text fusion-title-size-two\" style=\"--awb-margin-top-small:0px;--awb-margin-right-small:0px;--awb-margin-bottom-small:20px;--awb-margin-left-small:0px;\"><div class=\"title-sep-container title-sep-container-left fusion-no-large-visibility fusion-no-medium-visibility fusion-no-small-visibility\"><div class=\"title-sep sep- sep-solid\" style=\"border-color:#eeefee;\"><\/div><\/div><span class=\"awb-title-spacer fusion-no-large-visibility fusion-no-medium-visibility fusion-no-small-visibility\"><\/span><h2 class=\"fusion-title-heading title-heading-left fusion-responsive-typography-calculated\" style=\"margin:0;--fontSize:32;line-height:1;\">INFORMATIONS SUR LE CONCOURS<\/h2><span class=\"awb-title-spacer\"><\/span><div class=\"title-sep-container title-sep-container-right\"><div class=\"title-sep sep- sep-solid\" style=\"border-color:#eeefee;\"><\/div><\/div><\/div><div class=\"fusion-text fusion-text-6\" style=\"--awb-text-transform:none;\"><p><strong>P\u00c9RIODE DE QUALIFICATION\u00a0:<\/strong> Du 24\u00a0Janv.\u00a02022 au 22\u00a0Janv.\u00a02023<\/p>\n<p><strong>COMMENT LES MANY WINNERS :<\/strong> 100 centres d\u2019affaires<\/p>\n<p><strong>PARTICIPANT DES PAYS :<\/strong> Australie, Canada, Europe, Japon, Mexique, Nouvelle-Z\u00e9lande, Porto Rico, Cor\u00e9e du Sud, \u00c9tats-Unis<\/p>\n<p><b><span style=\"background-color: var(--awb-custom13); color: var(--body_typography-color); font-family: var(--body_typography-font-family); font-size: var(--body_typography-font-size); font-style: var(--body_typography-font-style,normal); letter-spacing: var(--body_typography-letter-spacing);\">D\u00c9TAILS DU VOYAGE: <\/span><\/b><span style=\"background-color: var(--awb-custom13); color: var(--body_typography-color); font-family: var(--body_typography-font-family); font-size: var(--body_typography-font-size); font-style: var(--body_typography-font-style,normal); letter-spacing: var(--body_typography-letter-spacing);\">Du 26 au 30 avril<\/span><span style=\"background-color: var(--awb-custom13); color: var(--body_typography-color); font-family: var(--body_typography-font-family); font-size: var(--body_typography-font-size); font-style: var(--body_typography-font-style,normal); letter-spacing: var(--body_typography-letter-spacing);\">\u00a02023<\/span><\/p>\n<ul>\n<li>H\u00f4tel pay\u00e9 par Isagenix<\/li>\n<li>Tous les frais suppl\u00e9mentaires seront pris en charge par l\u2019Associ\u00e9<\/li>\n<li>Vol pay\u00e9 par Isagenix<\/li>\n<li>Transport terrestre (plus d\u2019informations seront envoy\u00e9es \u00e0 l\u2019approche de l\u2019\u00e9v\u00e9nement)<\/li>\n<\/ul>\n<\/div><\/div><\/div><\/div><\/div><div class=\"fusion-fullwidth fullwidth-box fusion-builder-row-5 fusion-flex-container nonhundred-percent-fullwidth non-hundred-percent-height-scrolling\" style=\"--awb-border-radius-top-left:0px;--awb-border-radius-top-right:0px;--awb-border-radius-bottom-right:0px;--awb-border-radius-bottom-left:0px;--awb-padding-top:20px;--awb-flex-wrap:wrap;\" ><div class=\"fusion-builder-row fusion-row fusion-flex-align-items-flex-start fusion-flex-content-wrap\" style=\"max-width:1497.6px;margin-left: calc(-4% \/ 2 );margin-right: calc(-4% \/ 2 );\"><div class=\"fusion-layout-column fusion_builder_column fusion-builder-column-6 fusion_builder_column_1_1 1_1 fusion-flex-column\" style=\"--awb-bg-size:cover;--awb-width-large:100%;--awb-margin-top-large:0px;--awb-spacing-right-large:1.92%;--awb-margin-bottom-large:20px;--awb-spacing-left-large:1.92%;--awb-width-medium:100%;--awb-order-medium:0;--awb-spacing-right-medium:1.92%;--awb-spacing-left-medium:1.92%;--awb-width-small:100%;--awb-order-small:0;--awb-spacing-right-small:1.92%;--awb-spacing-left-small:1.92%;\"><div class=\"fusion-column-wrapper fusion-column-has-shadow fusion-flex-justify-content-flex-start fusion-content-layout-column\"><div class=\"fusion-tabs fusion-tabs-1 clean nav-is-justified horizontal-tabs icon-position-left mobile-mode-accordion\" style=\"--awb-title-border-radius-top-left:0px;--awb-title-border-radius-top-right:0px;--awb-title-border-radius-bottom-right:0px;--awb-title-border-radius-bottom-left:0px;--awb-inactive-color:#c7c9c7;--awb-background-color:#00778b;--awb-border-color:rgba(235,234,234,0);--awb-active-border-color:var(--awb-color5);\"><div class=\"nav\"><ul class=\"nav-tabs nav-justified\" role=\"tablist\" aria-orientation=\"horizontal\"><li class=\"active\" role=\"presentation\"><a class=\"tab-link\" data-toggle=\"tab\" role=\"tab\" aria-controls=\"tab-e2e4cfe3386a573d2ce\" aria-selected=\"true\" tabindex=\"0\" id=\"fusion-tab-e2e4cfe3386a573d2ce\" href=\"#tab-e2e4cfe3386a573d2ce\"><h4 class=\"fusion-tab-heading\">FAQS<\/h4><\/a><\/li><li  role=\"presentation\"><a class=\"tab-link\" data-toggle=\"tab\" role=\"tab\" aria-controls=\"tab-1357ecb8e223431c409\" aria-selected=\"false\" tabindex=\"-1\" id=\"fusion-tab-1357ecb8e223431c409\" href=\"#tab-1357ecb8e223431c409\"><h4 class=\"fusion-tab-heading\">CALENDRIER DES COMMISSIONS<\/h4><\/a><\/li><li  role=\"presentation\"><a class=\"tab-link\" data-toggle=\"tab\" role=\"tab\" aria-controls=\"tab-2e9d24dc1d06591fb77\" aria-selected=\"false\" tabindex=\"-1\" id=\"fusion-tab-2e9d24dc1d06591fb77\" href=\"#tab-2e9d24dc1d06591fb77\"><h4 class=\"fusion-tab-heading\">INFOS H\u00d4TEL ET LIEU<\/h4><\/a><\/li><\/ul><\/div><div class=\"tab-content\"><div class=\"nav fusion-mobile-tab-nav\"><ul class=\"nav-tabs nav-justified\" role=\"tablist\" aria-orientation=\"horizontal\"><li class=\"active\" role=\"presentation\"><a class=\"tab-link\" data-toggle=\"tab\" role=\"tab\" aria-controls=\"tab-e2e4cfe3386a573d2ce\" aria-selected=\"true\" tabindex=\"0\" id=\"mobile-fusion-tab-e2e4cfe3386a573d2ce\" href=\"#tab-e2e4cfe3386a573d2ce\"><h4 class=\"fusion-tab-heading\">FAQS<\/h4><\/a><\/li><\/ul><\/div><div class=\"tab-pane fade fusion-clearfix in active\" role=\"tabpanel\" tabindex=\"0\" aria-labelledby=\"fusion-tab-e2e4cfe3386a573d2ce\" id=\"tab-e2e4cfe3386a573d2ce\">\n<p><strong>Q : \u00c0 quelle fr\u00e9quence le classement sera-t-il mis \u00e0 jour ?<\/strong><br \/>\nR : Les r\u00e9sultats seront mis \u00e0 jour et publi\u00e9s mensuellement, environ deux semaines apr\u00e8s la cl\u00f4ture de chaque mois de commission.<\/p>\n<p><strong>Q : O\u00f9 puis-je voir mon leader en points d\u2019action ?<\/strong><br \/>\nR : Les rapports du Leader en action appara\u00eetront dans le back-office dans la section des rapports.<\/p>\n<p><strong>Q : Qu\u2019est-ce qu\u2019un mois de gr\u00e2ce et combien en ai-je ?<\/strong><br \/>\nR : Un mois de gr\u00e2ce est un mois de commission (voir la FAQ ci-dessus) lorsque vous n\u2019obtenez pas au moins un point dans chacune des quatre cat\u00e9gories Leader in Action. Tout le monde re\u00e7oit deux mois de gr\u00e2ce.<\/p>\n<p><strong>Q : Les points Leader in Action gagn\u00e9s au cours d\u2019un mois de gr\u00e2ce comptent-ils pour la qualification ?<\/strong><br \/>\nA : Oui ! Les points Leader in Action gagn\u00e9s au cours des deux mois de gr\u00e2ce attribu\u00e9s compteront pour votre qualification.<\/p>\n<p><strong>Q : Puis-je assister \u00e0 Global Top Achievers 2023 si j\u2019ai plus de deux mois de gr\u00e2ce ?<\/strong><br \/>\nA : Non.<\/p>\n<p><strong>Q : Comment savoir si j\u2019ai utilis\u00e9 un ou plusieurs de mes mois de gr\u00e2ce ?<\/strong><br \/>\nR : Si vous avez un z\u00e9ro dans l&#8217;une des quatre cat\u00e9gories du rapport des meilleurs r\u00e9sultats mondiaux apr\u00e8s la cl\u00f4ture du mois de commission, vous utiliserez l&#8217;un de vos deux mois de gr\u00e2ce. Vous pouvez \u00e9galement consulter le rapport du mois en cours pendant le mois de commission en cours pour vous assurer que vous voyez des points dans chacune des quatre cat\u00e9gories avant la cl\u00f4ture du mois de commission.<\/p>\n<\/div><div class=\"nav fusion-mobile-tab-nav\"><ul class=\"nav-tabs nav-justified\" role=\"tablist\" aria-orientation=\"horizontal\"><li  role=\"presentation\"><a class=\"tab-link\" data-toggle=\"tab\" role=\"tab\" aria-controls=\"tab-1357ecb8e223431c409\" aria-selected=\"false\" tabindex=\"-1\" id=\"mobile-fusion-tab-1357ecb8e223431c409\" href=\"#tab-1357ecb8e223431c409\"><h4 class=\"fusion-tab-heading\">CALENDRIER DES COMMISSIONS<\/h4><\/a><\/li><\/ul><\/div><div class=\"tab-pane fade fusion-clearfix\" role=\"tabpanel\" tabindex=\"0\" aria-labelledby=\"fusion-tab-1357ecb8e223431c409\" id=\"tab-1357ecb8e223431c409\">\n<p><img decoding=\"async\" class=\"aligncenter wp-image-116572 size-fusion-800\" src=\"https:\/\/eu.isagenixbusiness.com\/wp-content\/uploads\/2022\/02\/2022-Commission-Month-Calendar-1-scaled-1-1536x1216-1-800x633.jpg\" alt=\"\" width=\"800\" height=\"633\" srcset=\"https:\/\/eu.isagenixbusiness.com\/wp-content\/uploads\/2022\/02\/2022-Commission-Month-Calendar-1-scaled-1-1536x1216-1-200x158.jpg 200w, https:\/\/eu.isagenixbusiness.com\/wp-content\/uploads\/2022\/02\/2022-Commission-Month-Calendar-1-scaled-1-1536x1216-1-300x238.jpg 300w, https:\/\/eu.isagenixbusiness.com\/wp-content\/uploads\/2022\/02\/2022-Commission-Month-Calendar-1-scaled-1-1536x1216-1-400x317.jpg 400w, https:\/\/eu.isagenixbusiness.com\/wp-content\/uploads\/2022\/02\/2022-Commission-Month-Calendar-1-scaled-1-1536x1216-1-600x475.jpg 600w, https:\/\/eu.isagenixbusiness.com\/wp-content\/uploads\/2022\/02\/2022-Commission-Month-Calendar-1-scaled-1-1536x1216-1-768x608.jpg 768w, https:\/\/eu.isagenixbusiness.com\/wp-content\/uploads\/2022\/02\/2022-Commission-Month-Calendar-1-scaled-1-1536x1216-1-800x633.jpg 800w, https:\/\/eu.isagenixbusiness.com\/wp-content\/uploads\/2022\/02\/2022-Commission-Month-Calendar-1-scaled-1-1536x1216-1-1024x811.jpg 1024w, https:\/\/eu.isagenixbusiness.com\/wp-content\/uploads\/2022\/02\/2022-Commission-Month-Calendar-1-scaled-1-1536x1216-1-1200x950.jpg 1200w, https:\/\/eu.isagenixbusiness.com\/wp-content\/uploads\/2022\/02\/2022-Commission-Month-Calendar-1-scaled-1-1536x1216-1.jpg 1536w\" sizes=\"(max-width: 800px) 100vw, 800px\" \/><\/p>\n<\/div><div class=\"nav fusion-mobile-tab-nav\"><ul class=\"nav-tabs nav-justified\" role=\"tablist\" aria-orientation=\"horizontal\"><li  role=\"presentation\"><a class=\"tab-link\" data-toggle=\"tab\" role=\"tab\" aria-controls=\"tab-2e9d24dc1d06591fb77\" aria-selected=\"false\" tabindex=\"-1\" id=\"mobile-fusion-tab-2e9d24dc1d06591fb77\" href=\"#tab-2e9d24dc1d06591fb77\"><h4 class=\"fusion-tab-heading\">INFOS H\u00d4TEL ET LIEU<\/h4><\/a><\/li><\/ul><\/div><div class=\"tab-pane fade fusion-clearfix\" role=\"tabpanel\" tabindex=\"0\" aria-labelledby=\"fusion-tab-2e9d24dc1d06591fb77\" id=\"tab-2e9d24dc1d06591fb77\">\n<p style=\"text-align: center;\"><strong>DATES D\u2019ESSAI :<\/strong> Du 26 au 30 avril 2023<\/p>\n<p style=\"text-align: center;\">Fiji Marriott Resort Momi Bay<\/p>\n<\/div><\/div><\/div><\/div><\/div><\/div><\/div><div class=\"fusion-fullwidth fullwidth-box fusion-builder-row-6 fusion-flex-container nonhundred-percent-fullwidth non-hundred-percent-height-scrolling\" style=\"--awb-border-radius-top-left:0px;--awb-border-radius-top-right:0px;--awb-border-radius-bottom-right:0px;--awb-border-radius-bottom-left:0px;--awb-background-color:#ffffff;--awb-flex-wrap:wrap;\" ><div class=\"fusion-builder-row fusion-row fusion-flex-align-items-flex-start fusion-flex-content-wrap\" style=\"max-width:1497.6px;margin-left: calc(-4% \/ 2 );margin-right: calc(-4% \/ 2 );\"><div class=\"fusion-layout-column fusion_builder_column fusion-builder-column-7 fusion_builder_column_1_1 1_1 fusion-flex-column\" style=\"--awb-bg-size:cover;--awb-width-large:100%;--awb-margin-top-large:0px;--awb-spacing-right-large:1.92%;--awb-margin-bottom-large:20px;--awb-spacing-left-large:1.92%;--awb-width-medium:100%;--awb-order-medium:0;--awb-spacing-right-medium:1.92%;--awb-spacing-left-medium:1.92%;--awb-width-small:100%;--awb-order-small:0;--awb-spacing-right-small:1.92%;--awb-spacing-left-small:1.92%;\"><div class=\"fusion-column-wrapper fusion-column-has-shadow fusion-flex-justify-content-flex-start fusion-content-layout-column\"><div class=\"fusion-text fusion-text-7\" style=\"--awb-text-transform:none;\"><p>Toutes les dates sont bas\u00e9es sur le calendrier de la commission 4-4-5 Isagenix. Les laur\u00e9ats doivent \u00eatre en r\u00e8gle avec Isagenix au moment de l\u2019\u00e9v\u00e9nement pour pouvoir participer et recevoir des avantages, c\u2019est-\u00e0-dire le prix du billet d\u2019avion, l\u2019h\u00e9bergement \u00e0 l\u2019h\u00f4tel et\/ou le transport terrestre. Les laur\u00e9ats qui ne sont pas en r\u00e8gle perdent et renoncent aux droits, avantages et r\u00e9compenses dans le cadre de ce concours. Les laur\u00e9ats ne peuvent pas recevoir la valeur en esp\u00e8ces ou b\u00e9n\u00e9ficier d\u2019un h\u00e9bergement de remplacement \u00e0 la place des r\u00e9compenses\/avantages remport\u00e9s. Toute somme en esp\u00e8ces re\u00e7ue par le biais du Plan de r\u00e9mun\u00e9ration et des promotions de l\u2019\u00e9quipe Isagenix ainsi que la valeur de prix non mon\u00e9taires, tels que des voyages et des cadeaux, doivent \u00eatre d\u00e9clar\u00e9es comme revenu imposable. Consulte ton professionnel de la fiscalit\u00e9 afin de t\u2019assurer que ce revenu est d\u00e9clar\u00e9 convenablement. Les laur\u00e9ats et leurs invit\u00e9s, le cas \u00e9ch\u00e9ant, peuvent \u00eatre oblig\u00e9s de proc\u00e9der \u00e0 une acceptation s\u00e9par\u00e9e des r\u00e9compenses, ainsi qu\u2019une renonciation et une d\u00e9charge de responsabilit\u00e9. Des conditions g\u00e9n\u00e9rales suppl\u00e9mentaires s\u2019appliquent. Consulte IsagenixBusiness.com pour de plus amples informations. Toutes les dates et les informations li\u00e9es \u00e0 l\u2019\u00e9v\u00e9nement sont sujettes \u00e0 modifications.<\/p>\n<\/div><\/div><\/div><\/div><\/div><\/p>\n","protected":false},"excerpt":{"rendered":"","protected":false},"author":9877,"featured_media":0,"parent":0,"menu_order":0,"comment_status":"closed","ping_status":"closed","template":"100-width.php","meta":{"_acf_changed":false,"footnotes":""},"class_list":["post-116586","page","type-page","status-publish","hentry"],"acf":[],"_links":{"self":[{"href":"https:\/\/eu.isagenixbusiness.com\/fr-eu\/wp-json\/wp\/v2\/pages\/116586","targetHints":{"allow":["GET"]}}],"collection":[{"href":"https:\/\/eu.isagenixbusiness.com\/fr-eu\/wp-json\/wp\/v2\/pages"}],"about":[{"href":"https:\/\/eu.isagenixbusiness.com\/fr-eu\/wp-json\/wp\/v2\/types\/page"}],"author":[{"embeddable":true,"href":"https:\/\/eu.isagenixbusiness.com\/fr-eu\/wp-json\/wp\/v2\/users\/9877"}],"replies":[{"embeddable":true,"href":"https:\/\/eu.isagenixbusiness.com\/fr-eu\/wp-json\/wp\/v2\/comments?post=116586"}],"version-history":[{"count":7,"href":"https:\/\/eu.isagenixbusiness.com\/fr-eu\/wp-json\/wp\/v2\/pages\/116586\/revisions"}],"predecessor-version":[{"id":161265,"href":"https:\/\/eu.isagenixbusiness.com\/fr-eu\/wp-json\/wp\/v2\/pages\/116586\/revisions\/161265"}],"wp:attachment":[{"href":"https:\/\/eu.isagenixbusiness.com\/fr-eu\/wp-json\/wp\/v2\/media?parent=116586"}],"curies":[{"name":"wp","href":"https:\/\/api.w.org\/{rel}","templated":true}]}}