{"id":161352,"date":"2022-08-23T17:04:36","date_gmt":"2022-08-23T16:04:36","guid":{"rendered":"https:\/\/eu.isagenixbusiness.com\/gala-awards\/"},"modified":"2023-03-14T13:24:21","modified_gmt":"2023-03-14T13:24:21","slug":"gala-awards","status":"publish","type":"page","link":"https:\/\/eu.isagenixbusiness.com\/fr-eu\/gala-awards\/","title":{"rendered":"Gala Awards"},"content":{"rendered":"<p><div class=\"fusion-fullwidth fullwidth-box fusion-builder-row-1 fusion-flex-container fusion-parallax-none nonhundred-percent-fullwidth non-hundred-percent-height-scrolling\" style=\"--awb-background-blend-mode:overlay;--awb-border-radius-top-left:0px;--awb-border-radius-top-right:0px;--awb-border-radius-bottom-right:0px;--awb-border-radius-bottom-left:0px;--awb-min-height:450px;--awb-background-color:rgba(0,0,0,0);--awb-background-image:url(&quot;https:\/\/eu.isagenixbusiness.com\/wp-content\/uploads\/2022\/08\/Business-Banner.jpg&quot;);--awb-background-size:cover;--awb-flex-wrap:wrap;\" ><div class=\"fusion-builder-row fusion-row fusion-flex-align-items-center fusion-flex-align-content-center fusion-flex-justify-content-center fusion-flex-content-wrap\" style=\"max-width:1497.6px;margin-left: calc(-4% \/ 2 );margin-right: calc(-4% \/ 2 );\"><div class=\"fusion-layout-column fusion_builder_column fusion-builder-column-0 fusion_builder_column_1_1 1_1 fusion-flex-column fusion-flex-align-self-center\" style=\"--awb-bg-size:cover;--awb-width-large:100%;--awb-margin-top-large:0px;--awb-spacing-right-large:1.92%;--awb-margin-bottom-large:20px;--awb-spacing-left-large:1.92%;--awb-width-medium:100%;--awb-order-medium:0;--awb-spacing-right-medium:1.92%;--awb-spacing-left-medium:1.92%;--awb-width-small:100%;--awb-order-small:0;--awb-spacing-right-small:1.92%;--awb-spacing-left-small:1.92%;\"><div class=\"fusion-column-wrapper fusion-column-has-shadow fusion-flex-justify-content-center fusion-content-layout-column\"><\/div><\/div><\/div><\/div><div class=\"fusion-fullwidth fullwidth-box fusion-builder-row-2 nonhundred-percent-fullwidth non-hundred-percent-height-scrolling\" style=\"--awb-background-position:right center;--awb-border-radius-top-left:0px;--awb-border-radius-top-right:0px;--awb-border-radius-bottom-right:0px;--awb-border-radius-bottom-left:0px;--awb-padding-top:40px;--awb-padding-bottom:0px;--awb-background-color:#ffffff;--awb-flex-wrap:wrap;\" ><div class=\"fusion-builder-row fusion-row\"><div class=\"fusion-layout-column fusion_builder_column fusion-builder-column-1 fusion_builder_column_1_1 1_1 fusion-one-full fusion-column-first fusion-column-last\" style=\"--awb-bg-blend:overlay;--awb-bg-size:cover;--awb-margin-bottom:40px;\"><div class=\"fusion-column-wrapper fusion-flex-column-wrapper-legacy\"><div class=\"fusion-title title fusion-title-1 fusion-title-center fusion-title-text fusion-title-size-three\" style=\"--awb-margin-bottom:10px;--awb-margin-top-small:0px;--awb-margin-right-small:0px;--awb-margin-bottom-small:20px;--awb-margin-left-small:0px;--awb-font-size:37px;\"><div class=\"title-sep-container title-sep-container-left\"><div class=\"title-sep sep- sep-solid\" style=\"border-color:#eeefee;\"><\/div><\/div><span class=\"awb-title-spacer\"><\/span><h3 class=\"fusion-title-heading title-heading-center fusion-responsive-typography-calculated\" style=\"margin:0;font-size:1em;--fontSize:37;line-height:1.4;\">COMMENT \u00caTRE RECONNU(E) AU GALA DE R\u00c9COMPENSES 2023<\/h3><span class=\"awb-title-spacer\"><\/span><div class=\"title-sep-container title-sep-container-right\"><div class=\"title-sep sep- sep-solid\" style=\"border-color:#eeefee;\"><\/div><\/div><\/div><div class=\"fusion-text fusion-text-1\" style=\"--awb-text-transform:none;\"><div style=\"text-align: center;\">\n<p>Viens faire la f\u00eate avec nous au gala de r\u00e9compenses, au cours duquel nous annoncerons les laur\u00e9at(e)s des r\u00e9compenses les plus convoit\u00e9es pour leur travail et leur r\u00e9ussite durant l\u2019ann\u00e9e pass\u00e9e.<\/p>\n<p>LA P\u00c9RIODE DE QUALIFICATION EST 24 OCTOBRE 2022 &#8211; 23 JUILLET 2023<\/p>\n<\/div>\n<\/div><div class=\"fusion-sep-clear\"><\/div><div class=\"fusion-separator fusion-full-width-sep\" style=\"margin-left: auto;margin-right: auto;margin-bottom:30px;width:100%;\"><div class=\"fusion-separator-border sep-single\" style=\"--awb-height:20px;--awb-amount:20px;--awb-sep-color:var(--awb-color2);border-color:var(--awb-color2);border-top-width:3px;\"><\/div><\/div><div class=\"fusion-sep-clear\"><\/div><div class=\"fusion-text fusion-text-2\" style=\"--awb-text-transform:none;\"><h3><span style=\"color: var(--awb-color3);\"><b>Nouveaux\/elles directeurs\/trices ex\u00e9cutifs\/ives Cristal<\/b><\/span><\/h3>\n<p>Les directeurs\/trices ex\u00e9cutifs\/ives Cristal sont des entrepreneurs\/euses exceptionnel(le)s qui ont r\u00e9alis\u00e9 de grandes choses dans les 180 jours apr\u00e8s \u00eatre devenu(e)s des associ\u00e9(e)s. Pour obtenir ce rang, ils\/elles devront avoir inscrit au moins cinq personnes sur chaque jambe (\u00e9quipe), et aid\u00e9 cinq personnes sur chaque jambe (\u00e9quipe) \u00e0 devenir des conseillers\/\u00e8res dans les 180 jours !<\/p>\n<\/div><div class=\"fusion-text fusion-text-3\" style=\"--awb-text-transform:none;\"><h3><span style=\"color: var(--awb-color3);\"><b>Les 20 plus gros revenus en Europe<\/b><\/span><\/h3>\n<p>Cette r\u00e9compense est une fa\u00e7on de remercier et de r\u00e9compenser nos 20 meilleurs revenus qui sont le fer de lance de notre croissance et du positionnement d\u2019Isagenix en Europe.<\/p>\n<\/div><div class=\"fusion-text fusion-text-4\" style=\"--awb-text-transform:none;\"><h3><span style=\"color: var(--awb-color3);\"><b>Rising Star (\u00c9toile montante)<\/b><\/span><\/h3>\n<p>La r\u00e9compense Rising Star reconnait les directeurs\/trices ex\u00e9cutifs\/ives ou directeurs\/trices ex\u00e9cutifs\/ives Cristal qui ont progress\u00e9 au moins deux fois dans le classement entre le Cercle d\u2019or 2 \u00e0 6 \u00e9toiles pendant la p\u00e9riode des r\u00e9compenses. (Pour \u00eatre \u00e9ligible, tu dois \u00eatre directeur\/trice ex\u00e9cutif\/ive ou directeur\/trice ex\u00e9cutif\/ive Cristal.)<\/p>\n<\/div><div class=\"fusion-text fusion-text-5\" style=\"--awb-text-transform:none;\"><h3><span style=\"color: var(--awb-color3);\"><b>Les 15 meilleur(e)s Leaders en action<\/b><\/span><\/h3>\n<p>L&#8217;allusion est dans le nom &#8211; ce prix r\u00e9compense les 15 associ\u00e9s qui ont gagn\u00e9 le plus de points dans le cadre du programme Leader in Action. Les cr\u00e9ateurs de business gagnent des points pour les membres de leur \u00e9quipe qu&#8217;ils ont personnellement inscrits, les 2 PET, les avancements de grade et les semaines actives, qui exigent d\u00e9vouement et efforts.<\/p>\n<\/div><div class=\"fusion-text fusion-text-6\" style=\"--awb-text-transform:none;\"><h3><span style=\"color: var(--awb-color3);\"><b>START 1000<\/b><\/span><\/h3>\n<p>Cela r\u00e9compense les premiers membres START1000 qui ont atteint le rang du Cercle d\u2019or 3 \u00e9toiles qui, s\u2019il est maintenu, te donne la possibilit\u00e9 de gagner un revenu annuel \u00e0 six chiffres avec Isagenix.* Les membres START1000 sont anim\u00e9s par une passion pour nos produits, un d\u00e9vouement \u00e0 aider les autres \u00e0 atteindre leurs objectifs et la vision de mener notre mouvement mondial \u00ab START Your Life \u00bb.<\/p>\n<\/div><div class=\"fusion-text fusion-text-7\" style=\"--awb-text-transform:none;\"><h3><span style=\"color: var(--awb-color3);\"><b>Les 3 premiers leaders ayant d\u00e9velopp\u00e9 le plus de consultants<\/b><\/span><\/h3>\n<p>Ce prix r\u00e9compense les trois premiers associ\u00e9s du march\u00e9 europ\u00e9en qui ont d\u00e9velopp\u00e9 le plus de consultants pendant la p\u00e9riode de qualification.<\/p>\n<\/div><div class=\"fusion-text fusion-text-8\" style=\"--awb-text-transform:none;\"><h3><span style=\"color: var(--awb-color3);\"><b>Top 5 des leaders \u00e9mergents 2023<\/b><\/span><\/h3>\n<p>Dans ce prix, nous r\u00e9compensons les cinq meilleurs revenus europ\u00e9ens qui ont adh\u00e9r\u00e9 entre f\u00e9vrier et juillet 2023 et ont renforc\u00e9 la croissance de leurs revenus pendant cette p\u00e9riode.<\/p>\n<\/div><div class=\"fusion-clearfix\"><\/div><\/div><\/div><\/div><\/div><div class=\"fusion-fullwidth fullwidth-box fusion-builder-row-3 fusion-flex-container nonhundred-percent-fullwidth non-hundred-percent-height-scrolling\" style=\"--awb-border-radius-top-left:0px;--awb-border-radius-top-right:0px;--awb-border-radius-bottom-right:0px;--awb-border-radius-bottom-left:0px;--awb-flex-wrap:wrap;\" ><div class=\"fusion-builder-row fusion-row fusion-flex-align-items-flex-start fusion-flex-content-wrap\" style=\"max-width:1497.6px;margin-left: calc(-4% \/ 2 );margin-right: calc(-4% \/ 2 );\"><div class=\"fusion-layout-column fusion_builder_column fusion-builder-column-2 fusion_builder_column_1_1 1_1 fusion-flex-column\" style=\"--awb-bg-size:cover;--awb-width-large:100%;--awb-margin-top-large:0px;--awb-spacing-right-large:1.92%;--awb-margin-bottom-large:20px;--awb-spacing-left-large:1.92%;--awb-width-medium:100%;--awb-order-medium:0;--awb-spacing-right-medium:1.92%;--awb-spacing-left-medium:1.92%;--awb-width-small:100%;--awb-order-small:0;--awb-spacing-right-small:1.92%;--awb-spacing-left-small:1.92%;\"><div class=\"fusion-column-wrapper fusion-column-has-shadow fusion-flex-justify-content-flex-start fusion-content-layout-column\"><div class=\"fusion-text fusion-text-9\" style=\"--awb-text-transform:none;\"><p><span style=\"font-size: 11px;\" data-fusion-font=\"true\"><b>Conditions g\u00e9n\u00e9rales<\/b><\/span><\/p>\n<p><span style=\"font-size: 11px; background-color: rgba(255, 255, 255, 0); color: var(--body_typography-color); font-family: var(--body_typography-font-family); font-style: var(--body_typography-font-style,normal); font-weight: var(--body_typography-font-weight); letter-spacing: var(--body_typography-letter-spacing);\">Cela s\u2019applique \u00e0 tou(te)s les associ\u00e9(e)s Isagenix en Europe. Tous les membres doivent \u00eatre en r\u00e8gle avec la Conformit\u00e9..<\/span><\/p>\n<p><span style=\"font-size: 11px;\" data-fusion-font=\"true\">Bien que la p\u00e9riode d&#8217;attribution soit de novembre 2022 \u00e0 juillet 2023, toutes les dates sont bas\u00e9es sur le calendrier des commissions Isagenix 4-4-5.<\/span><span style=\"background-color: rgba(255, 255, 255, 0); color: var(--body_typography-color); font-family: var(--body_typography-font-family); font-size: 11px; font-style: var(--body_typography-font-style,normal); font-weight: var(--body_typography-font-weight); letter-spacing: var(--body_typography-letter-spacing);\" data-fusion-font=\"true\">Les dates officielles de qualification sont le 24 octobre 2022 &#8211; 23 juillet 2023.<\/span><\/p>\n<p><span style=\"font-size: 11px;\" data-fusion-font=\"true\">*La possibilit\u00e9 de g\u00e9n\u00e9rer des revenus dans le cadre du Plan de r\u00e9mun\u00e9ration Isagenix d\u00e9pend de nombreux facteurs, notamment l&#8217;activit\u00e9 de l&#8217;Associ\u00e9, ses comp\u00e9tences sociales et commerciales, son ambition et son niveau d&#8217;activit\u00e9, sa disponibilit\u00e9 et ses ressources financi\u00e8res, ainsi que l&#8217;acc\u00e8s \u00e0 un grand r\u00e9seau de proches, d&#8217;amis et de contacts professionnels. Isagenix ne peut garantir et ne garantit aucun niveau de r\u00e9mun\u00e9ration particulier. M\u00eame les Associ\u00e9s qui consacrent beaucoup de temps, d&#8217;efforts, et de fonds personnels \u00e0 leur activit\u00e9 peuvent ne pas se voir couronn\u00e9s de succ\u00e8s. Pour plus d&#8217;informations, consultez IsagenixEarnings.com.<\/span><\/p>\n<\/div><\/div><\/div><\/div><\/div><\/p>\n","protected":false},"excerpt":{"rendered":"","protected":false},"author":9877,"featured_media":0,"parent":0,"menu_order":0,"comment_status":"closed","ping_status":"closed","template":"100-width.php","meta":{"_acf_changed":false,"footnotes":""},"class_list":["post-161352","page","type-page","status-publish","hentry"],"acf":[],"_links":{"self":[{"href":"https:\/\/eu.isagenixbusiness.com\/fr-eu\/wp-json\/wp\/v2\/pages\/161352","targetHints":{"allow":["GET"]}}],"collection":[{"href":"https:\/\/eu.isagenixbusiness.com\/fr-eu\/wp-json\/wp\/v2\/pages"}],"about":[{"href":"https:\/\/eu.isagenixbusiness.com\/fr-eu\/wp-json\/wp\/v2\/types\/page"}],"author":[{"embeddable":true,"href":"https:\/\/eu.isagenixbusiness.com\/fr-eu\/wp-json\/wp\/v2\/users\/9877"}],"replies":[{"embeddable":true,"href":"https:\/\/eu.isagenixbusiness.com\/fr-eu\/wp-json\/wp\/v2\/comments?post=161352"}],"version-history":[{"count":8,"href":"https:\/\/eu.isagenixbusiness.com\/fr-eu\/wp-json\/wp\/v2\/pages\/161352\/revisions"}],"predecessor-version":[{"id":192017,"href":"https:\/\/eu.isagenixbusiness.com\/fr-eu\/wp-json\/wp\/v2\/pages\/161352\/revisions\/192017"}],"wp:attachment":[{"href":"https:\/\/eu.isagenixbusiness.com\/fr-eu\/wp-json\/wp\/v2\/media?parent=161352"}],"curies":[{"name":"wp","href":"https:\/\/api.w.org\/{rel}","templated":true}]}}