{"id":192566,"date":"2022-09-28T15:25:36","date_gmt":"2022-09-28T14:25:36","guid":{"rendered":"https:\/\/eu.isagenixbusiness.com\/ystsr-script\/"},"modified":"2023-04-13T14:50:48","modified_gmt":"2023-04-13T13:50:48","slug":"ystsr-script","status":"publish","type":"page","link":"https:\/\/eu.isagenixbusiness.com\/fr-eu\/ystsr-script\/","title":{"rendered":"Script &#8211; Your Share, They Share, Repeat"},"content":{"rendered":"<p><div class=\"fusion-fullwidth fullwidth-box fusion-builder-row-1 fusion-flex-container fusion-parallax-none nonhundred-percent-fullwidth non-hundred-percent-height-scrolling\" style=\"--awb-background-blend-mode:overlay;--awb-border-radius-top-left:0px;--awb-border-radius-top-right:0px;--awb-border-radius-bottom-right:0px;--awb-border-radius-bottom-left:0px;--awb-min-height:450px;--awb-background-color:rgba(0,0,0,0.5);--awb-background-image:url(&quot;https:\/\/eu.isagenixbusiness.com\/wp-content\/uploads\/2022\/02\/4836_NYKO-Basic-Training-Banner-e1641399730362.jpg&quot;);--awb-background-size:cover;--awb-flex-wrap:wrap;\" ><div class=\"fusion-builder-row fusion-row fusion-flex-align-items-center fusion-flex-align-content-center fusion-flex-justify-content-center fusion-flex-content-wrap\" style=\"max-width:1497.6px;margin-left: calc(-4% \/ 2 );margin-right: calc(-4% \/ 2 );\"><div class=\"fusion-layout-column fusion_builder_column fusion-builder-column-0 fusion_builder_column_1_1 1_1 fusion-flex-column fusion-flex-align-self-center\" style=\"--awb-bg-size:cover;--awb-width-large:100%;--awb-margin-top-large:0px;--awb-spacing-right-large:1.92%;--awb-margin-bottom-large:20px;--awb-spacing-left-large:1.92%;--awb-width-medium:100%;--awb-order-medium:0;--awb-spacing-right-medium:1.92%;--awb-spacing-left-medium:1.92%;--awb-width-small:100%;--awb-order-small:0;--awb-spacing-right-small:1.92%;--awb-spacing-left-small:1.92%;\"><div class=\"fusion-column-wrapper fusion-column-has-shadow fusion-flex-justify-content-center fusion-content-layout-column\"><div class=\"fusion-text fusion-text-1\" style=\"--awb-text-transform:none;--awb-text-color:#ffffff;\"><h1 class=\"\" style=\"text-align: center; color: #ffffff; --fontsize: 36; line-height: 1;\" data-fontsize=\"36\" data-lineheight=\"36px\">Tu partages, ils partagent, je r\u00e9p\u00e8te<\/h1>\n<\/div><div class=\"fusion-text fusion-text-2\" style=\"--awb-text-transform:none;--awb-text-color:var(--awb-color1);\"><h2 style=\"text-align: center; color: var(--awb-color1);\">SCRIPT<\/h2>\n<\/div><\/div><\/div><\/div><\/div><div class=\"fusion-fullwidth fullwidth-box fusion-builder-row-2 fusion-flex-container nonhundred-percent-fullwidth non-hundred-percent-height-scrolling\" style=\"--awb-border-radius-top-left:0px;--awb-border-radius-top-right:0px;--awb-border-radius-bottom-right:0px;--awb-border-radius-bottom-left:0px;--awb-padding-top:22px;--awb-flex-wrap:wrap;\" ><div class=\"fusion-builder-row fusion-row fusion-flex-align-items-flex-start fusion-flex-content-wrap\" style=\"max-width:1497.6px;margin-left: calc(-4% \/ 2 );margin-right: calc(-4% \/ 2 );\"><div class=\"fusion-layout-column fusion_builder_column fusion-builder-column-1 fusion_builder_column_1_1 1_1 fusion-flex-column\" style=\"--awb-bg-size:cover;--awb-width-large:100%;--awb-margin-top-large:0px;--awb-spacing-right-large:1.92%;--awb-margin-bottom-large:20px;--awb-spacing-left-large:1.92%;--awb-width-medium:100%;--awb-order-medium:0;--awb-spacing-right-medium:1.92%;--awb-spacing-left-medium:1.92%;--awb-width-small:100%;--awb-order-small:0;--awb-spacing-right-small:1.92%;--awb-spacing-left-small:1.92%;\"><div class=\"fusion-column-wrapper fusion-column-has-shadow fusion-flex-justify-content-flex-start fusion-content-layout-column\"><div class=\"fusion-text fusion-text-3\" style=\"--awb-text-transform:none;\"><h2 class=\"fusion-responsive-typography-calculated\" style=\"text-align: center; --fontsize: 32; line-height: 1;\" data-fontsize=\"32\" data-lineheight=\"32px\">Excit\u00e9 de partager l&#8217;Art du Bien-\u00eatre ?<\/h2>\n<p style=\"text-align: center;\">Ce script utile est con\u00e7u pour t&#8217;aider \u00e0 maximiser ton activit\u00e9 existante et \u00e0 partager l&#8217;opportunit\u00e9 avec les membres de ton \u00e9quipe.<\/p>\n<\/div><\/div><\/div><\/div><\/div><div class=\"fusion-fullwidth fullwidth-box fusion-builder-row-3 fusion-flex-container nonhundred-percent-fullwidth non-hundred-percent-height-scrolling\" style=\"--awb-border-radius-top-left:0px;--awb-border-radius-top-right:0px;--awb-border-radius-bottom-right:0px;--awb-border-radius-bottom-left:0px;--awb-flex-wrap:wrap;\" ><div class=\"fusion-builder-row fusion-row fusion-flex-align-items-flex-start fusion-flex-content-wrap\" style=\"max-width:1497.6px;margin-left: calc(-4% \/ 2 );margin-right: calc(-4% \/ 2 );\"><div class=\"fusion-layout-column fusion_builder_column fusion-builder-column-2 fusion_builder_column_1_1 1_1 fusion-flex-column\" style=\"--awb-bg-size:cover;--awb-width-large:100%;--awb-margin-top-large:0px;--awb-spacing-right-large:1.92%;--awb-margin-bottom-large:20px;--awb-spacing-left-large:1.92%;--awb-width-medium:100%;--awb-order-medium:0;--awb-spacing-right-medium:1.92%;--awb-spacing-left-medium:1.92%;--awb-width-small:100%;--awb-order-small:0;--awb-spacing-right-small:1.92%;--awb-spacing-left-small:1.92%;\"><div class=\"fusion-column-wrapper fusion-column-has-shadow fusion-flex-justify-content-flex-start fusion-content-layout-column\"><div class=\"fusion-text fusion-text-4\"><p>Ce qui m&#8217;excite le plus, c&#8217;est qu&#8217;Isagenix a un moyen simple de t&#8217;aider \u00e0 payer tes produits. Cela s&#8217;appelle <strong>&#8220;Tu partages, ils partagent, je r\u00e9p\u00e8te&#8221;.<\/strong><\/p>\n<p>Alors, qui connais-tu&#8230; qui voudrait des r\u00e9sultats incroyables comme les tiens ?<\/p>\n<p>Il existe des packs adapt\u00e9s \u00e0 tous les objectifs et \u00e0 tous les budgets.<\/p>\n<p>Disons que &lt;&#8230;&#8230;&#8230;.name&#8230;&#8230;&#8230;.&gt; s&#8217;inscrit avec une commande de produits de 200 \u20ac+taxe, Isagenix te versera un <strong><a href=\"https:\/\/eu.isagenixbusiness.com\/fr-eu\/20-pib\/\">Bonus de pr\u00e9sentation de produit<\/a> <\/strong>de 40 \u20ac\/40 \u20ac connu sous le nom de PIB.<\/p>\n<p>Puis &lt;&#8230;&#8230;&#8230;.name&#8230;&#8230;&#8230;.&gt; s&#8217;inscrit \u00e9galement avec une commande de produits de 300 \u20ac+taxe, Isagenix te versera un autre PIB de 60 \u20ac.<\/p>\n<p>C&#8217;EST L\u00c0 QUE \u00c7A DEVIENT VRAIMENT EXCITANT !<\/p>\n<p>En faisant cela, tu passeras au premier niveau de leadership et Isagenix te versera une prime unique de 44 \u20ac.<\/p>\n<p><strong>Tu as maintenant gagn\u00e9 un total de \u20ac144 !<\/strong><\/p>\n<p>C&#8217;EST CE QU&#8217;ON APPELLE &#8216;TA PART&#8217;.<\/p>\n<p>Ensemble, nous allons aider tes deux amis \u00e0 faire exactement ce que tu as fait et \u00e0 partager les produits Isagenix avec deux personnes.<\/p>\n<p>Et tu recevras un bonus de 88 \u20ac pour avoir aid\u00e9 &lt;&#8230;&#8230;&#8230;.name&#8230;&#8230;&#8230;.&gt; et un autre bonus de 88 \u20ac pour avoir aid\u00e9 &lt;&#8230;&#8230;&#8230;.name&#8230;&#8230;&#8230;.&gt;.<\/p>\n<p>C&#8217;EST CE QU&#8217;ON APPELLE &#8220;ILS PARTAGENT&#8221;.<\/p>\n<p><strong>Jusqu&#8217;\u00e0 pr\u00e9sent, tu as gagn\u00e9 un total de 320 \u20ac !<\/strong><\/p>\n<p>Lorsque tu fais cela dans les 60 premiers jours de ton adh\u00e9sion \u00e0 l&#8217;association, tu passes au deuxi\u00e8me niveau de leadership et tu re\u00e7ois une autre prime de 221 \u20ac.<\/p>\n<p>Le total est de 541\u20ac. Vous pouvez effectuer cette op\u00e9ration une seule fois et payer vos produits. Vous pouvez \u00e9galement r\u00e9p\u00e9ter l&#8217;op\u00e9ration autant de fois que vous le souhaitez.<\/p>\n<p><strong>R\u00e9p\u00e9ter ces \u00e9tapes peut t&#8217;aider \u00e0 payer tes produits chaque mois ou m\u00eame \u00e0 te cr\u00e9er un revenu secondaire. Tu partages, ils partagent, ils r\u00e9p\u00e8tent&#8221; n&#8217;est que le d\u00e9but, le potentiel de gain avec Isagenix est incroyable !<\/strong><\/p>\n<\/div><\/div><\/div><\/div><\/div><div class=\"fusion-fullwidth fullwidth-box fusion-builder-row-4 fusion-flex-container nonhundred-percent-fullwidth non-hundred-percent-height-scrolling\" style=\"--awb-border-radius-top-left:0px;--awb-border-radius-top-right:0px;--awb-border-radius-bottom-right:0px;--awb-border-radius-bottom-left:0px;--awb-flex-wrap:wrap;\" ><div class=\"fusion-builder-row fusion-row fusion-flex-align-items-flex-start fusion-flex-content-wrap\" style=\"max-width:1497.6px;margin-left: calc(-4% \/ 2 );margin-right: calc(-4% \/ 2 );\"><div class=\"fusion-layout-column fusion_builder_column fusion-builder-column-3 fusion_builder_column_1_1 1_1 fusion-flex-column\" style=\"--awb-bg-size:cover;--awb-width-large:100%;--awb-margin-top-large:0px;--awb-spacing-right-large:1.92%;--awb-margin-bottom-large:20px;--awb-spacing-left-large:1.92%;--awb-width-medium:100%;--awb-order-medium:0;--awb-spacing-right-medium:1.92%;--awb-spacing-left-medium:1.92%;--awb-width-small:100%;--awb-order-small:0;--awb-spacing-right-small:1.92%;--awb-spacing-left-small:1.92%;\"><div class=\"fusion-column-wrapper fusion-column-has-shadow fusion-flex-justify-content-flex-start fusion-content-layout-column\"><div class=\"fusion-text fusion-text-5\" style=\"--awb-font-size:10px;\"><p><em><strong>Conditions g\u00e9n\u00e9rales<\/strong><\/em><\/p>\n<p><em>Les associ\u00e9s sont admissibles \u00e0 une prime unique de pr\u00e9sentation de produit de 20 % chaque fois qu\u2019un nouveau client inscrit personnellement effectue un achat directement aupr\u00e8s d\u2019Isagenix dans l\u2019un des march\u00e9s participants. La prime d\u2019introduction aux produits de 20 % exclut tous les rabais, coupons, cr\u00e9dits, taxes et frais d\u2019exp\u00e9dition applicables \u00e0 la commande initiale.<\/em><\/p>\n<p><em>Les Membres comprennent les Associ\u00e9s et les Clients. Les r\u00e8gles de la promotion peuvent \u00eatre modifi\u00e9es par Isagenix \u00e0 tout moment sans pr\u00e9avis. Isagenix se r\u00e9serve le droit d\u2019ajuster ou de refuser la reconnaissance ou d\u2019autres r\u00e9compenses pour pr\u00e9venir ou corriger toute tentative de contourner les r\u00e8gles ou de manipuler la promotion et pour s\u2019assurer que l\u2019esprit de la promotion est atteint. Seuls les comptes valides compteront pour gagner un PIB. La m\u00eame carte de cr\u00e9dit ne peut \u00eatre utilis\u00e9e que sur un maximum de deux comptes pour gagner des PIB. Le PIB promotionnel de 20 % est vers\u00e9 uniquement aux nouveaux clients qui s\u2019inscrivent en Europe, \u00c9tats-Unis, Canada, Porto Rico, Australie, Nouvelle-Z\u00e9lande, Japon et Mexique.<\/em><\/p>\n<\/div><div class=\"fusion-text fusion-text-6\" style=\"--awb-font-size:10px;\"><p><em><strong>AVIS DE NON-RESPONSABILIT\u00c9 RELATIF AUX REVENUS<\/strong><\/em><\/p>\n<p><em>La possibilit\u00e9 de g\u00e9n\u00e9rer des revenus dans le cadre du Plan de r\u00e9mun\u00e9ration Isagenix d\u00e9pend de nombreux facteurs, notamment l&#8217;activit\u00e9 de l&#8217;Associ\u00e9, ses comp\u00e9tences sociales et commerciales, son ambition et son niveau d&#8217;activit\u00e9, sa disponibilit\u00e9 et ses ressources financi\u00e8res, ainsi que l&#8217;acc\u00e8s \u00e0 un grand r\u00e9seau de proches, d&#8217;amis et de contacts professionnels. Isagenix ne peut garantir et ne garantit aucun niveau de r\u00e9mun\u00e9ration particulier. M\u00eame les Associ\u00e9s qui consacrent beaucoup de temps, d&#8217;efforts, et de fonds personnels \u00e0 leur activit\u00e9 peuvent ne pas se voir couronn\u00e9s de succ\u00e8s. Pour plus d&#8217;informations, consultez IsagenixEarnings.com.<\/em><\/p>\n<\/div><\/div><\/div><\/div><\/div><\/p>\n","protected":false},"excerpt":{"rendered":"","protected":false},"author":9877,"featured_media":0,"parent":0,"menu_order":0,"comment_status":"closed","ping_status":"closed","template":"100-width.php","meta":{"_acf_changed":false,"footnotes":""},"class_list":["post-192566","page","type-page","status-publish","hentry"],"acf":[],"_links":{"self":[{"href":"https:\/\/eu.isagenixbusiness.com\/fr-eu\/wp-json\/wp\/v2\/pages\/192566","targetHints":{"allow":["GET"]}}],"collection":[{"href":"https:\/\/eu.isagenixbusiness.com\/fr-eu\/wp-json\/wp\/v2\/pages"}],"about":[{"href":"https:\/\/eu.isagenixbusiness.com\/fr-eu\/wp-json\/wp\/v2\/types\/page"}],"author":[{"embeddable":true,"href":"https:\/\/eu.isagenixbusiness.com\/fr-eu\/wp-json\/wp\/v2\/users\/9877"}],"replies":[{"embeddable":true,"href":"https:\/\/eu.isagenixbusiness.com\/fr-eu\/wp-json\/wp\/v2\/comments?post=192566"}],"version-history":[{"count":2,"href":"https:\/\/eu.isagenixbusiness.com\/fr-eu\/wp-json\/wp\/v2\/pages\/192566\/revisions"}],"predecessor-version":[{"id":192579,"href":"https:\/\/eu.isagenixbusiness.com\/fr-eu\/wp-json\/wp\/v2\/pages\/192566\/revisions\/192579"}],"wp:attachment":[{"href":"https:\/\/eu.isagenixbusiness.com\/fr-eu\/wp-json\/wp\/v2\/media?parent=192566"}],"curies":[{"name":"wp","href":"https:\/\/api.w.org\/{rel}","templated":true}]}}