{"id":203564,"date":"2024-03-21T11:00:03","date_gmt":"2024-03-21T11:00:03","guid":{"rendered":"https:\/\/eu.isagenixbusiness.com\/?page_id=203564"},"modified":"2024-03-21T11:01:20","modified_gmt":"2024-03-21T11:01:20","slug":"anniversaire-2024","status":"publish","type":"page","link":"https:\/\/eu.isagenixbusiness.com\/fr-eu\/anniversaire-2024\/","title":{"rendered":"Anniversaire 2024"},"content":{"rendered":"<p><div class=\"fusion-fullwidth fullwidth-box fusion-builder-row-1 fusion-flex-container has-pattern-background has-mask-background fusion-parallax-none nonhundred-percent-fullwidth non-hundred-percent-height-scrolling\" style=\"--awb-background-blend-mode:overlay;--awb-border-radius-top-left:0px;--awb-border-radius-top-right:0px;--awb-border-radius-bottom-right:0px;--awb-border-radius-bottom-left:0px;--awb-min-height:450px;--awb-background-color:rgba(0,0,0,0.5);--awb-background-image:url(&quot;https:\/\/eu.isagenixbusiness.com\/wp-content\/uploads\/2023\/03\/dotcom-ABO-Banner-MD-1224x551-min.jpg&quot;);--awb-background-size:cover;--awb-flex-wrap:wrap;\" ><div class=\"fusion-builder-row fusion-row fusion-flex-align-items-center fusion-flex-align-content-center fusion-flex-justify-content-center fusion-flex-content-wrap\" style=\"max-width:1497.6px;margin-left: calc(-4% \/ 2 );margin-right: calc(-4% \/ 2 );\"><div class=\"fusion-layout-column fusion_builder_column fusion-builder-column-0 fusion-flex-column fusion-flex-align-self-center\" style=\"--awb-bg-size:cover;--awb-width-large:auto;--awb-margin-top-large:0px;--awb-spacing-right-large:2%;--awb-margin-bottom-large:20px;--awb-spacing-left-large:2%;--awb-width-medium:100%;--awb-order-medium:0;--awb-spacing-right-medium:1.92%;--awb-spacing-left-medium:1.92%;--awb-width-small:100%;--awb-order-small:0;--awb-spacing-right-small:1.92%;--awb-spacing-left-small:1.92%;\" data-scroll-devices=\"small-visibility,medium-visibility,large-visibility\"><div class=\"fusion-column-wrapper fusion-column-has-shadow fusion-flex-justify-content-center fusion-content-layout-column\"><div class=\"fusion-text fusion-text-1\" style=\"--awb-text-color:#ffffff;\"><h1 class=\"\" style=\"text-align: center; color: #ffffff; --fontsize: 36; line-height: 1;\" data-fontsize=\"36\" data-lineheight=\"36px\"><strong>C\u2019est notre anniversaire !<\/strong><\/h1>\n<\/div><div class=\"fusion-text fusion-text-2\" style=\"--awb-text-color:var(--awb-color1);\"><p style=\"text-align: center;\">C\u00e9l\u00e9brez avec nous et \u00e9conomisez jusqu\u2019\u00e0 10 % de rabais.<\/p>\n<\/div><\/div><\/div><\/div><\/div><div class=\"fusion-fullwidth fullwidth-box fusion-builder-row-2 fusion-flex-container has-pattern-background has-mask-background nonhundred-percent-fullwidth non-hundred-percent-height-scrolling\" style=\"--awb-border-radius-top-left:0px;--awb-border-radius-top-right:0px;--awb-border-radius-bottom-right:0px;--awb-border-radius-bottom-left:0px;--awb-padding-top:23px;--awb-background-color:#f5e7cd;--awb-flex-wrap:wrap;\" ><div class=\"fusion-builder-row fusion-row fusion-flex-align-items-flex-start fusion-flex-content-wrap\" style=\"max-width:1497.6px;margin-left: calc(-4% \/ 2 );margin-right: calc(-4% \/ 2 );\"><div class=\"fusion-layout-column fusion_builder_column fusion-builder-column-1 fusion_builder_column_1_1 1_1 fusion-flex-column\" style=\"--awb-bg-size:cover;--awb-width-large:100%;--awb-margin-top-large:2px;--awb-spacing-right-large:1.92%;--awb-margin-bottom-large:2px;--awb-spacing-left-large:1.92%;--awb-width-medium:100%;--awb-order-medium:0;--awb-spacing-right-medium:1.92%;--awb-spacing-left-medium:1.92%;--awb-width-small:100%;--awb-order-small:0;--awb-spacing-right-small:1.92%;--awb-spacing-left-small:1.92%;\" data-scroll-devices=\"small-visibility,medium-visibility,large-visibility\"><div class=\"fusion-column-wrapper fusion-column-has-shadow fusion-flex-justify-content-center fusion-content-layout-column\"><div class=\"fusion-text fusion-text-3\"><h3 style=\"text-align: center;\">Cette fin de semaine, Isagenix f\u00eate ses 22 ans et nous voulons que tout le monde ait l\u2019impression de faire partie de la c\u00e9l\u00e9bration. Du 21 au 25 mars, les clients existants et les nouveaux clients peuvent \u00e9conomiser GROS avec jusqu\u2019\u00e0 10 % de rabais et la livraison GRATUITE*. Dirigez-vous vers votre panier et v\u00e9rifiez les produits incroyables que vous avez regard\u00e9s, car c\u2019est le moment id\u00e9al pour faire de grosses \u00e9conomies sur tous les produits.<\/h3>\n<\/div><\/div><\/div><\/div><\/div><div class=\"fusion-fullwidth fullwidth-box fusion-builder-row-3 fusion-flex-container has-pattern-background has-mask-background nonhundred-percent-fullwidth non-hundred-percent-height-scrolling\" style=\"--awb-border-radius-top-left:0px;--awb-border-radius-top-right:0px;--awb-border-radius-bottom-right:0px;--awb-border-radius-bottom-left:0px;--awb-padding-top:2%;--awb-padding-bottom:2%;--awb-flex-wrap:wrap;\" ><div class=\"fusion-builder-row fusion-row fusion-flex-align-items-center fusion-flex-justify-content-center fusion-flex-content-wrap\" style=\"max-width:1497.6px;margin-left: calc(-4% \/ 2 );margin-right: calc(-4% \/ 2 );\"><div class=\"fusion-layout-column fusion_builder_column fusion-builder-column-2 fusion_builder_column_1_3 1_3 fusion-flex-column\" style=\"--awb-bg-size:cover;--awb-width-large:33.333333333333%;--awb-margin-top-large:0px;--awb-spacing-right-large:5.76%;--awb-margin-bottom-large:20px;--awb-spacing-left-large:5.76%;--awb-width-medium:100%;--awb-order-medium:0;--awb-spacing-right-medium:1.92%;--awb-spacing-left-medium:1.92%;--awb-width-small:100%;--awb-order-small:0;--awb-spacing-right-small:1.92%;--awb-spacing-left-small:1.92%;\" data-scroll-devices=\"small-visibility,medium-visibility,large-visibility\"><div class=\"fusion-column-wrapper fusion-column-has-shadow fusion-flex-justify-content-flex-start fusion-content-layout-column\"><div class=\"fusion-image-element \" style=\"--awb-caption-title-font-family:var(--h2_typography-font-family);--awb-caption-title-font-weight:var(--h2_typography-font-weight);--awb-caption-title-font-style:var(--h2_typography-font-style);--awb-caption-title-size:var(--h2_typography-font-size);--awb-caption-title-transform:var(--h2_typography-text-transform);--awb-caption-title-line-height:var(--h2_typography-line-height);--awb-caption-title-letter-spacing:var(--h2_typography-letter-spacing);\"><span class=\" fusion-imageframe imageframe-none imageframe-1 hover-type-none\"><img decoding=\"async\" width=\"940\" height=\"788\" title=\"Anniversary Promotion &#8211; FR &#8211; FB\" src=\"https:\/\/eu.isagenixbusiness.com\/wp-content\/uploads\/2024\/03\/Anniversary-Promotion-FR-FB.png\" alt class=\"img-responsive wp-image-203512\" srcset=\"https:\/\/eu.isagenixbusiness.com\/wp-content\/uploads\/2024\/03\/Anniversary-Promotion-FR-FB-200x168.png 200w, https:\/\/eu.isagenixbusiness.com\/wp-content\/uploads\/2024\/03\/Anniversary-Promotion-FR-FB-400x335.png 400w, https:\/\/eu.isagenixbusiness.com\/wp-content\/uploads\/2024\/03\/Anniversary-Promotion-FR-FB-600x503.png 600w, https:\/\/eu.isagenixbusiness.com\/wp-content\/uploads\/2024\/03\/Anniversary-Promotion-FR-FB-800x671.png 800w, https:\/\/eu.isagenixbusiness.com\/wp-content\/uploads\/2024\/03\/Anniversary-Promotion-FR-FB.png 940w\" sizes=\"(max-width: 1024px) 100vw, (max-width: 640px) 100vw, 600px\" \/><\/span><\/div><\/div><\/div><div class=\"fusion-layout-column fusion_builder_column fusion-builder-column-3 fusion_builder_column_1_3 1_3 fusion-flex-column fusion-flex-align-self-center\" style=\"--awb-bg-size:cover;--awb-width-large:33.333333333333%;--awb-margin-top-large:0px;--awb-spacing-right-large:5.76%;--awb-margin-bottom-large:20px;--awb-spacing-left-large:5.76%;--awb-width-medium:100%;--awb-order-medium:0;--awb-spacing-right-medium:1.92%;--awb-spacing-left-medium:1.92%;--awb-width-small:100%;--awb-order-small:0;--awb-spacing-right-small:1.92%;--awb-spacing-left-small:1.92%;\" data-scroll-devices=\"small-visibility,medium-visibility,large-visibility\"><div class=\"fusion-column-wrapper fusion-column-has-shadow fusion-flex-justify-content-center fusion-content-layout-column\"><div class=\"fusion-text fusion-text-4\"><h2 class=\"fusion-responsive-typography-calculated\" data-fusion-font=\"true\" data-fusion-google-font=\"DM Serif Display\" data-fusion-google-variant=\"400\" data-fontsize=\"32\" data-lineheight=\"32px\"><strong>Voici comment cela fonctionne :<\/strong><\/h2>\n<\/div><div class=\"fusion-text fusion-text-5\"><h3 class=\"ewa-rteLine\"><strong>Membres actuels<\/strong><\/h3>\n<ol>\n<li class=\"ewa-rteLine\">D\u00e9pense \u00a3163\/\u20ac200 + livraison gratuite*<\/li>\n<li class=\"ewa-rteLine\">D\u00e9pense \u00a3227\/\u20ac250+ re\u00e7oit les frais de port gratuits PLUS 10% de r\u00e9duction*<\/li>\n<\/ol>\n<div class=\"ewa-rteLine\"><\/div>\n<h3 class=\"ewa-rteLine\"><strong>Nouveaux Membres sur les r\u00e9compenses d&#8217;abonnement<\/strong><\/h3>\n<ol>\n<li class=\"ewa-rteLine\">Passe ta premi\u00e8re commande re\u00e7ois livraison gratuite* (ceci est toujours inclus dans ta commande initiale!)<\/li>\n<li class=\"ewa-rteLine\">D\u00e9penser \u00a3227\/\u20ac250+ recevoir la livraison gratuite PLUS 10% de r\u00e9duction*<\/li>\n<\/ol>\n<\/div><\/div><\/div><\/div><\/div><div class=\"fusion-fullwidth fullwidth-box fusion-builder-row-4 fusion-flex-container has-pattern-background has-mask-background nonhundred-percent-fullwidth non-hundred-percent-height-scrolling\" style=\"--awb-border-radius-top-left:0px;--awb-border-radius-top-right:0px;--awb-border-radius-bottom-right:0px;--awb-border-radius-bottom-left:0px;--awb-padding-top:21px;--awb-background-color:#fdfbf8;--awb-flex-wrap:wrap;\" ><div class=\"fusion-builder-row fusion-row fusion-flex-align-items-flex-start fusion-flex-content-wrap\" style=\"max-width:1497.6px;margin-left: calc(-4% \/ 2 );margin-right: calc(-4% \/ 2 );\"><div class=\"fusion-layout-column fusion_builder_column fusion-builder-column-4 fusion_builder_column_1_1 1_1 fusion-flex-column fusion-flex-align-self-center\" style=\"--awb-bg-size:cover;--awb-width-large:100%;--awb-margin-top-large:0px;--awb-spacing-right-large:1.92%;--awb-margin-bottom-large:20px;--awb-spacing-left-large:1.92%;--awb-width-medium:100%;--awb-order-medium:0;--awb-spacing-right-medium:1.92%;--awb-spacing-left-medium:1.92%;--awb-width-small:100%;--awb-order-small:0;--awb-spacing-right-small:1.92%;--awb-spacing-left-small:1.92%;\" data-scroll-devices=\"small-visibility,medium-visibility,large-visibility\"><div class=\"fusion-column-wrapper fusion-column-has-shadow fusion-flex-justify-content-flex-start fusion-content-layout-column\"><div class=\"fusion-text fusion-text-6\"><h2 class=\"fusion-responsive-typography-calculated\" data-fusion-font=\"true\" data-fusion-google-font=\"DM Serif Display\" data-fusion-google-variant=\"400\" data-fontsize=\"32\" data-lineheight=\"32px\"><strong>Ce que tu dois savoir<\/strong><\/h2>\n<\/div><\/div><\/div><div class=\"fusion-layout-column fusion_builder_column fusion-builder-column-5 fusion_builder_column_1_2 1_2 fusion-flex-column fusion-flex-align-self-center\" style=\"--awb-bg-size:cover;--awb-width-large:50%;--awb-margin-top-large:0px;--awb-spacing-right-large:3.84%;--awb-margin-bottom-large:20px;--awb-spacing-left-large:3.84%;--awb-width-medium:100%;--awb-order-medium:0;--awb-spacing-right-medium:1.92%;--awb-spacing-left-medium:1.92%;--awb-width-small:100%;--awb-order-small:0;--awb-spacing-right-small:1.92%;--awb-spacing-left-small:1.92%;\" data-scroll-devices=\"small-visibility,medium-visibility,large-visibility\"><div class=\"fusion-column-wrapper fusion-column-has-shadow fusion-flex-justify-content-flex-start fusion-content-layout-column\"><div class=\"fusion-text fusion-text-7\"><h3 class=\"fusion-responsive-typography-calculated\" data-fontsize=\"20\" data-lineheight=\"28px\"><b>Clients existants :<\/b><\/h3>\n<ul>\n<li>Pour b\u00e9n\u00e9ficier des frais de port gratuits, les clients existants doivent passer une commande d\u2019au moins 200 \u20ac.<\/li>\n<li>Pour b\u00e9n\u00e9ficier de 10% de r\u00e9duction et des frais de port gratuits, les clients existants doivent passer une commande de 250 \u20ac ou plus.<\/li>\n<\/ul>\n<h3 class=\"fusion-responsive-typography-calculated\" data-fontsize=\"20\" data-lineheight=\"28px\"><b>Nouveaux clients :<\/b><\/h3>\n<ul>\n<li>Pour b\u00e9n\u00e9ficier des frais de port gratuits, un nouveau client doit passer une commande et s\u00e9lectionner l\u2019option Primes d\u2019abonnement au moment de l\u2019inscription.<\/li>\n<li>Pour b\u00e9n\u00e9ficier d\u2019une remise de 10 %, un nouveau client doit passer une commande d\u2019au moins 250 \u20ac et s\u00e9lectionner le programme Subscription Rewards au moment de l\u2019adh\u00e9sion.<\/li>\n<\/ul>\n<\/div><\/div><\/div><div class=\"fusion-layout-column fusion_builder_column fusion-builder-column-6 fusion_builder_column_1_3 1_3 fusion-flex-column fusion-flex-align-self-flex-start\" style=\"--awb-bg-size:cover;--awb-width-large:33.333333333333%;--awb-margin-top-large:0px;--awb-spacing-right-large:5.76%;--awb-margin-bottom-large:20px;--awb-spacing-left-large:5.76%;--awb-width-medium:100%;--awb-order-medium:0;--awb-spacing-right-medium:1.92%;--awb-spacing-left-medium:1.92%;--awb-width-small:100%;--awb-order-small:0;--awb-spacing-right-small:1.92%;--awb-spacing-left-small:1.92%;\" data-scroll-devices=\"small-visibility,medium-visibility,large-visibility\"><div class=\"fusion-column-wrapper fusion-column-has-shadow fusion-flex-justify-content-flex-start fusion-content-layout-column\"><div class=\"fusion-text fusion-text-8\"><ul>\n<li>La promotion se d\u00e9roule du 21 mars 2023 (00:00 ET) au 25 mars 2023 (23:59 ET).<\/li>\n<li>Les montants seuils s\u2019entendent hors frais d\u2019exp\u00e9dition.<\/li>\n<li>La remise est automatiquement appliqu\u00e9e aux commandes qui remplissent les conditions requises<\/li>\n<li>Le montant total du BV sera r\u00e9duit une fois la remise appliqu\u00e9e \u00e0 la commande.<\/li>\n<li>La remise peut \u00eatre combin\u00e9e avec My Pack<\/li>\n<li>Ouvert \u00e0 tous les membres en Europe<\/li>\n<\/ul>\n<\/div><\/div><\/div><div class=\"fusion-layout-column fusion_builder_column fusion-builder-column-7 fusion_builder_column_1_3 1_3 fusion-flex-column fusion-flex-align-self-center\" style=\"--awb-bg-size:cover;--awb-width-large:33.333333333333%;--awb-margin-top-large:0px;--awb-spacing-right-large:5.76%;--awb-margin-bottom-large:20px;--awb-spacing-left-large:5.76%;--awb-width-medium:100%;--awb-order-medium:0;--awb-spacing-right-medium:1.92%;--awb-spacing-left-medium:1.92%;--awb-width-small:100%;--awb-order-small:0;--awb-spacing-right-small:1.92%;--awb-spacing-left-small:1.92%;\" data-scroll-devices=\"small-visibility,medium-visibility,large-visibility\"><div class=\"fusion-column-wrapper fusion-column-has-shadow fusion-flex-justify-content-flex-start fusion-content-layout-column\"><\/div><\/div><\/div><\/div><div class=\"fusion-fullwidth fullwidth-box fusion-builder-row-5 fusion-flex-container has-pattern-background has-mask-background nonhundred-percent-fullwidth non-hundred-percent-height-scrolling\" style=\"--awb-border-radius-top-left:0px;--awb-border-radius-top-right:0px;--awb-border-radius-bottom-right:0px;--awb-border-radius-bottom-left:0px;--awb-padding-top:23px;--awb-flex-wrap:wrap;\" ><div class=\"fusion-builder-row fusion-row fusion-flex-align-items-flex-start fusion-flex-content-wrap\" style=\"max-width:1497.6px;margin-left: calc(-4% \/ 2 );margin-right: calc(-4% \/ 2 );\"><div class=\"fusion-layout-column fusion_builder_column fusion-builder-column-8 fusion_builder_column_1_1 1_1 fusion-flex-column\" style=\"--awb-bg-size:cover;--awb-width-large:100%;--awb-margin-top-large:0px;--awb-spacing-right-large:1.92%;--awb-margin-bottom-large:20px;--awb-spacing-left-large:1.92%;--awb-width-medium:100%;--awb-order-medium:0;--awb-spacing-right-medium:1.92%;--awb-spacing-left-medium:1.92%;--awb-width-small:100%;--awb-order-small:0;--awb-spacing-right-small:1.92%;--awb-spacing-left-small:1.92%;\"><div class=\"fusion-column-wrapper fusion-column-has-shadow fusion-flex-justify-content-flex-start fusion-content-layout-column\"><div class=\"fusion-text fusion-text-9\"><p><strong style=\"font-size: 10px;\" data-fusion-font=\"true\">Terms &amp; Conditions<\/strong><\/p>\n<p>*Offre valable dans les march\u00e9s Isagenix d&#8217;Europe. Livraison standard gratuite sur les commandes de \u00a3163\/\u20ac200+ pour les Membres existants et les nouveaux Membres sur Subscription Rewards. Remise unique de 10 % sur les commandes de plus de 227 \u20ac. Les nouveaux Membres doivent s&#8217;inscrire, parrainer avec Subscription Rewards pour en b\u00e9n\u00e9ficier. Les montants minimums ne comprennent pas les frais de port et la remise ne s&#8217;applique pas \u00e0 ces derniers. Les offres sont valables sur les commandes pass\u00e9es entre le 21 mars 2024, \u00e0 12 h ET, et le 25 mars 2024, \u00e0 23 h 59 ET.<\/p>\n<\/div><\/div><\/div><\/div><\/div><\/p>\n","protected":false},"excerpt":{"rendered":"","protected":false},"author":9877,"featured_media":0,"parent":0,"menu_order":0,"comment_status":"closed","ping_status":"closed","template":"100-width.php","meta":{"_acf_changed":false,"footnotes":""},"class_list":["post-203564","page","type-page","status-publish","hentry"],"acf":[],"_links":{"self":[{"href":"https:\/\/eu.isagenixbusiness.com\/fr-eu\/wp-json\/wp\/v2\/pages\/203564","targetHints":{"allow":["GET"]}}],"collection":[{"href":"https:\/\/eu.isagenixbusiness.com\/fr-eu\/wp-json\/wp\/v2\/pages"}],"about":[{"href":"https:\/\/eu.isagenixbusiness.com\/fr-eu\/wp-json\/wp\/v2\/types\/page"}],"author":[{"embeddable":true,"href":"https:\/\/eu.isagenixbusiness.com\/fr-eu\/wp-json\/wp\/v2\/users\/9877"}],"replies":[{"embeddable":true,"href":"https:\/\/eu.isagenixbusiness.com\/fr-eu\/wp-json\/wp\/v2\/comments?post=203564"}],"version-history":[{"count":2,"href":"https:\/\/eu.isagenixbusiness.com\/fr-eu\/wp-json\/wp\/v2\/pages\/203564\/revisions"}],"predecessor-version":[{"id":203566,"href":"https:\/\/eu.isagenixbusiness.com\/fr-eu\/wp-json\/wp\/v2\/pages\/203564\/revisions\/203566"}],"wp:attachment":[{"href":"https:\/\/eu.isagenixbusiness.com\/fr-eu\/wp-json\/wp\/v2\/media?parent=203564"}],"curies":[{"name":"wp","href":"https:\/\/api.w.org\/{rel}","templated":true}]}}