{"id":205028,"date":"2024-06-20T13:25:45","date_gmt":"2024-06-20T12:25:45","guid":{"rendered":"https:\/\/eu.isagenixbusiness.com\/?page_id=205028"},"modified":"2024-06-21T16:14:53","modified_gmt":"2024-06-21T15:14:53","slug":"upgraded-recommended-carts-experience","status":"publish","type":"page","link":"https:\/\/eu.isagenixbusiness.com\/fr-eu\/upgraded-recommended-carts-experience\/","title":{"rendered":"Upgraded Recommended Carts Experience"},"content":{"rendered":"<p><div class=\"fusion-fullwidth fullwidth-box fusion-builder-row-1 fusion-flex-container has-pattern-background has-mask-background fusion-parallax-none hundred-percent-fullwidth non-hundred-percent-height-scrolling fusion-no-small-visibility\" style=\"--awb-background-blend-mode:overlay;--awb-border-radius-top-left:0px;--awb-border-radius-top-right:0px;--awb-border-radius-bottom-right:0px;--awb-border-radius-bottom-left:0px;--awb-padding-right:0px;--awb-padding-left:0px;--awb-min-height:200px;--awb-background-color:rgba(0,0,0,0.5);--awb-background-image:url(&quot;https:\/\/isagenixbusiness.com\/wp-content\/uploads\/2022\/01\/4836_NYKO-Basic-Training-Banner-e1641399730362.jpg&quot;);--awb-background-size:cover;--awb-flex-wrap:wrap;\" ><div class=\"fusion-builder-row fusion-row fusion-flex-align-items-center fusion-flex-align-content-center fusion-flex-justify-content-center fusion-flex-content-wrap\" style=\"width:104% !important;max-width:104% !important;margin-left: calc(-4% \/ 2 );margin-right: calc(-4% \/ 2 );\"><div class=\"fusion-layout-column fusion_builder_column fusion-builder-column-0 fusion_builder_column_1_1 1_1 fusion-flex-column\" style=\"--awb-bg-color:rgba(255,255,255,0);--awb-bg-color-hover:rgba(255,255,255,0);--awb-bg-size:cover;--awb-border-color:#000000;--awb-border-top:0;--awb-border-right:0;--awb-border-bottom:0;--awb-border-left:0;--awb-border-style:solid;--awb-width-large:100%;--awb-margin-top-large:0px;--awb-spacing-right-large:1.92%;--awb-margin-bottom-large:0px;--awb-spacing-left-large:1.92%;--awb-width-medium:100%;--awb-order-medium:0;--awb-spacing-right-medium:1.92%;--awb-spacing-left-medium:1.92%;--awb-width-small:100%;--awb-order-small:0;--awb-spacing-right-small:1.92%;--awb-spacing-left-small:1.92%;\"><div class=\"fusion-column-wrapper fusion-column-has-shadow fusion-flex-justify-content-flex-start fusion-content-layout-column\"><div class=\"fusion-title title fusion-title-1 fusion-title-center fusion-title-text fusion-title-size-one\" style=\"--awb-text-color:#ffffff;--awb-margin-bottom:5px;--awb-margin-top-small:0px;--awb-margin-right-small:0px;--awb-margin-bottom-small:20px;--awb-margin-left-small:0px;\"><div class=\"title-sep-container title-sep-container-left\"><div class=\"title-sep sep- sep-solid\" style=\"border-color:#eeefee;\"><\/div><\/div><span class=\"awb-title-spacer\"><\/span><h1 class=\"fusion-title-heading title-heading-center fusion-responsive-typography-calculated\" style=\"margin:0;--fontSize:36;line-height:1;\">Exp\u00e9rience am\u00e9lior\u00e9e des paniers recommand\u00e9s<\/h1><span class=\"awb-title-spacer\"><\/span><div class=\"title-sep-container title-sep-container-right\"><div class=\"title-sep sep- sep-solid\" style=\"border-color:#eeefee;\"><\/div><\/div><\/div><\/div><\/div><\/div><\/div><div class=\"fusion-fullwidth fullwidth-box fusion-builder-row-2 fusion-flex-container has-pattern-background has-mask-background fusion-parallax-none hundred-percent-fullwidth non-hundred-percent-height-scrolling fusion-no-medium-visibility fusion-no-large-visibility\" style=\"--awb-background-blend-mode:overlay;--awb-border-radius-top-left:0px;--awb-border-radius-top-right:0px;--awb-border-radius-bottom-right:0px;--awb-border-radius-bottom-left:0px;--awb-padding-right:0px;--awb-padding-left:0px;--awb-padding-right-small:0px;--awb-padding-left-small:0px;--awb-min-height:200px;--awb-background-color:rgba(0,0,0,0.5);--awb-background-image:url(&quot;https:\/\/isagenixbusiness.com\/wp-content\/uploads\/2022\/01\/4836_NYKO-Basic-Training-Banner-e1641399730362.jpg&quot;);--awb-background-size:cover;--awb-flex-wrap:wrap;--awb-flex-wrap-small:wrap;\" ><div class=\"fusion-builder-row fusion-row fusion-flex-align-items-center fusion-flex-align-content-center fusion-flex-justify-content-center fusion-flex-content-wrap\" style=\"width:104% !important;max-width:104% !important;margin-left: calc(-4% \/ 2 );margin-right: calc(-4% \/ 2 );\"><div class=\"fusion-layout-column fusion_builder_column fusion-builder-column-1 fusion_builder_column_1_1 1_1 fusion-flex-column fusion-flex-align-self-center\" style=\"--awb-bg-color:rgba(255,255,255,0);--awb-bg-color-hover:rgba(255,255,255,0);--awb-bg-size:cover;--awb-border-color:#000000;--awb-border-top:0;--awb-border-right:0;--awb-border-bottom:0;--awb-border-left:0;--awb-border-style:solid;--awb-width-large:100%;--awb-margin-top-large:0px;--awb-spacing-right-large:1.92%;--awb-margin-bottom-large:0px;--awb-spacing-left-large:1.92%;--awb-width-medium:100%;--awb-order-medium:0;--awb-spacing-right-medium:1.92%;--awb-spacing-left-medium:1.92%;--awb-width-small:100%;--awb-order-small:0;--awb-spacing-right-small:1.92%;--awb-spacing-left-small:1.92%;\" data-scroll-devices=\"small-visibility,medium-visibility,large-visibility\"><div class=\"fusion-column-wrapper fusion-column-has-shadow fusion-flex-justify-content-center fusion-content-layout-column\"><div class=\"fusion-title title fusion-title-2 fusion-title-center fusion-title-text fusion-title-size-one\" style=\"--awb-text-color:#ffffff;--awb-margin-bottom:5px;--awb-margin-top-small:0px;--awb-margin-right-small:0px;--awb-margin-bottom-small:20px;--awb-margin-left-small:0px;\"><div class=\"title-sep-container title-sep-container-left\"><div class=\"title-sep sep- sep-solid\" style=\"border-color:#eeefee;\"><\/div><\/div><span class=\"awb-title-spacer\"><\/span><h1 class=\"fusion-title-heading title-heading-center fusion-responsive-typography-calculated\" style=\"margin:0;--fontSize:36;line-height:1;\">Exp\u00e9rience am\u00e9lior\u00e9e des paniers recommand\u00e9s<\/h1><span class=\"awb-title-spacer\"><\/span><div class=\"title-sep-container title-sep-container-right\"><div class=\"title-sep sep- sep-solid\" style=\"border-color:#eeefee;\"><\/div><\/div><\/div><\/div><\/div><\/div><\/div><div class=\"fusion-fullwidth fullwidth-box fusion-builder-row-3 fusion-flex-container has-pattern-background has-mask-background nonhundred-percent-fullwidth non-hundred-percent-height-scrolling\" style=\"--awb-border-radius-top-left:0px;--awb-border-radius-top-right:0px;--awb-border-radius-bottom-right:0px;--awb-border-radius-bottom-left:0px;--awb-padding-top:30px;--awb-padding-right:30px;--awb-padding-bottom:30px;--awb-padding-left:30px;--awb-background-color:#fdfbf8;--awb-flex-wrap:wrap;\" ><div class=\"fusion-builder-row fusion-row fusion-flex-align-items-center fusion-flex-justify-content-center fusion-flex-content-wrap\" style=\"max-width:1497.6px;margin-left: calc(-4% \/ 2 );margin-right: calc(-4% \/ 2 );\"><div class=\"fusion-layout-column fusion_builder_column fusion-builder-column-2 fusion_builder_column_1_1 1_1 fusion-flex-column\" style=\"--awb-bg-size:cover;--awb-width-large:100%;--awb-margin-top-large:0px;--awb-spacing-right-large:1.92%;--awb-margin-bottom-large:20px;--awb-spacing-left-large:1.92%;--awb-width-medium:100%;--awb-order-medium:0;--awb-spacing-right-medium:1.92%;--awb-spacing-left-medium:1.92%;--awb-width-small:100%;--awb-order-small:0;--awb-spacing-right-small:1.92%;--awb-spacing-left-small:1.92%;\"><div class=\"fusion-column-wrapper fusion-column-has-shadow fusion-flex-justify-content-flex-start fusion-content-layout-column\"><div class=\"fusion-title title fusion-title-3 fusion-title-center fusion-title-text fusion-title-size-one\" style=\"--awb-text-color:#54585a;--awb-margin-top:5px;--awb-margin-bottom:15px;--awb-margin-top-small:0px;--awb-margin-right-small:0px;--awb-margin-bottom-small:20px;--awb-margin-left-small:0px;--awb-font-size:54px;\"><div class=\"title-sep-container title-sep-container-left\"><div class=\"title-sep sep- sep-solid\" style=\"border-color:#eeefee;\"><\/div><\/div><span class=\"awb-title-spacer\"><\/span><h1 class=\"fusion-title-heading title-heading-center fusion-responsive-typography-calculated\" style=\"font-family:&quot;DM Serif Display&quot;;font-style:normal;font-weight:400;margin:0;letter-spacing:0px;font-size:1em;--fontSize:54;line-height:1.2;\"><h2 class=\"fusion-responsive-typography-calculated\" data-fontsize=\"20\" data-lineheight=\"28px\">\u00c0 partir du 26 juin<\/h2><\/h1><span class=\"awb-title-spacer\"><\/span><div class=\"title-sep-container title-sep-container-right\"><div class=\"title-sep sep- sep-solid\" style=\"border-color:#eeefee;\"><\/div><\/div><\/div><div class=\"fusion-video fusion-vimeo\" style=\"--awb-max-width:600px;--awb-max-height:360px;--awb-align-self:center;--awb-width:100%;\"><div class=\"video-shortcode\"><div class=\"fluid-width-video-wrapper\" style=\"padding-top:60%;\" ><iframe title=\"Vimeo video player 1\" src=\"https:\/\/player.vimeo.com\/video\/952453445?autoplay=0&amp;autopause=0\" width=\"600\" height=\"360\" allowfullscreen allow=\"autoplay; fullscreen\"><\/iframe><\/div><\/div><\/div><\/div><\/div><div class=\"fusion-layout-column fusion_builder_column fusion-builder-column-3 fusion_builder_column_1_2 1_2 fusion-flex-column fusion-flex-align-self-flex-start\" style=\"--awb-bg-size:cover;--awb-width-large:50%;--awb-margin-top-large:0px;--awb-spacing-right-large:3.84%;--awb-margin-bottom-large:20px;--awb-spacing-left-large:3.84%;--awb-width-medium:100%;--awb-order-medium:0;--awb-spacing-right-medium:1.92%;--awb-spacing-left-medium:1.92%;--awb-width-small:100%;--awb-order-small:0;--awb-spacing-right-small:1.92%;--awb-spacing-left-small:1.92%;\" data-scroll-devices=\"small-visibility,medium-visibility,large-visibility\"><div class=\"fusion-column-wrapper fusion-column-has-shadow fusion-flex-justify-content-flex-start fusion-content-layout-column\"><div class=\"fusion-text fusion-text-1 sm-text-align-center fusion-text-no-margin\" style=\"--awb-content-alignment:left;--awb-font-size:16px;--awb-line-height:1.2em;--awb-text-color:#54585a;--awb-margin-top:10px;--awb-margin-right:10px;--awb-margin-bottom:10px;--awb-margin-left:10px;\"><p>\u00c0 partir du 26 juin 2024 (<span data-contrast=\"none\"><a href=\"https:\/\/mytime.io\/5pm\/CEST\">5PM CEST<\/a><\/span>)<\/p>\n<p>Lancement de proc\u00e8s de paiement, d&#8217;inscription et de paniers recommand\u00e9s plus fluides &#8211; test\u00e9s aux \u00c9tats-Unis et maintenant d\u00e9ploy\u00e9s dans le monde entier.&#8221;<\/p>\n<p>Voici ce que vous devez savoir :<\/p>\n<ul>\n<li>Les liens des paniers recommand\u00e9s existants de l&#8217;ancienne exp\u00e9rience peuvent encore \u00eatre partag\u00e9s et utilis\u00e9s pour l&#8217;inscription jusqu&#8217;au 23 juillet.<\/li>\n<li>\u00c0 partir du 24 juillet, si les clients acc\u00e8dent \u00e0 un ancien lien de panier recommand\u00e9, ils seront dirig\u00e9s vers le site r\u00e9pliqu\u00e9.<\/li>\n<li>Il ne sera plus possible de cr\u00e9er de nouveaux liens de paniers recommand\u00e9s dans l&#8217;ancienne exp\u00e9rience.<\/li>\n<\/ul>\n<\/div><div class=\"fusion-image-element \" style=\"text-align:center;--awb-caption-title-font-family:var(--h2_typography-font-family);--awb-caption-title-font-weight:var(--h2_typography-font-weight);--awb-caption-title-font-style:var(--h2_typography-font-style);--awb-caption-title-size:var(--h2_typography-font-size);--awb-caption-title-transform:var(--h2_typography-text-transform);--awb-caption-title-line-height:var(--h2_typography-line-height);--awb-caption-title-letter-spacing:var(--h2_typography-letter-spacing);\"><span class=\" fusion-imageframe imageframe-none imageframe-1 hover-type-none\"><img decoding=\"async\" width=\"1094\" height=\"494\" title=\"A-screenshot-of-a-computer-screen__Description-automatically-generated\" src=\"https:\/\/eu.isagenixbusiness.com\/wp-content\/uploads\/2024\/06\/A-screenshot-of-a-computer-screen__Description-automatically-generated.png\" alt class=\"img-responsive wp-image-204998\" srcset=\"https:\/\/eu.isagenixbusiness.com\/wp-content\/uploads\/2024\/06\/A-screenshot-of-a-computer-screen__Description-automatically-generated-200x90.png 200w, https:\/\/eu.isagenixbusiness.com\/wp-content\/uploads\/2024\/06\/A-screenshot-of-a-computer-screen__Description-automatically-generated-400x181.png 400w, https:\/\/eu.isagenixbusiness.com\/wp-content\/uploads\/2024\/06\/A-screenshot-of-a-computer-screen__Description-automatically-generated-600x271.png 600w, https:\/\/eu.isagenixbusiness.com\/wp-content\/uploads\/2024\/06\/A-screenshot-of-a-computer-screen__Description-automatically-generated-800x361.png 800w, https:\/\/eu.isagenixbusiness.com\/wp-content\/uploads\/2024\/06\/A-screenshot-of-a-computer-screen__Description-automatically-generated.png 1094w\" sizes=\"(max-width: 1024px) 100vw, (max-width: 640px) 100vw, 800px\" \/><\/span><\/div><\/div><\/div><\/div><\/div><div class=\"fusion-fullwidth fullwidth-box fusion-builder-row-4 fusion-flex-container has-pattern-background has-mask-background nonhundred-percent-fullwidth non-hundred-percent-height-scrolling\" style=\"--awb-border-radius-top-left:0px;--awb-border-radius-top-right:0px;--awb-border-radius-bottom-right:0px;--awb-border-radius-bottom-left:0px;--awb-padding-top:30px;--awb-padding-bottom:30px;--awb-padding-left:30px;--awb-background-color:#fdfbf8;--awb-flex-wrap:wrap;\" ><div class=\"fusion-builder-row fusion-row fusion-flex-align-items-center fusion-flex-justify-content-center fusion-flex-content-wrap\" style=\"max-width:1497.6px;margin-left: calc(-4% \/ 2 );margin-right: calc(-4% \/ 2 );\"><div class=\"fusion-layout-column fusion_builder_column fusion-builder-column-4 fusion_builder_column_1_1 1_1 fusion-flex-column\" style=\"--awb-bg-size:cover;--awb-width-large:100%;--awb-margin-top-large:0px;--awb-spacing-right-large:1.92%;--awb-margin-bottom-large:20px;--awb-spacing-left-large:1.92%;--awb-width-medium:100%;--awb-order-medium:0;--awb-spacing-right-medium:1.92%;--awb-spacing-left-medium:1.92%;--awb-width-small:100%;--awb-order-small:0;--awb-spacing-right-small:1.92%;--awb-spacing-left-small:1.92%;\"><div class=\"fusion-column-wrapper fusion-column-has-shadow fusion-flex-justify-content-flex-start fusion-content-layout-column\"><div class=\"fusion-title title fusion-title-4 fusion-title-center fusion-title-text fusion-title-size-one\" style=\"--awb-text-color:#54585a;--awb-margin-top:5px;--awb-margin-bottom:15px;--awb-margin-top-small:0px;--awb-margin-right-small:0px;--awb-margin-bottom-small:20px;--awb-margin-left-small:0px;--awb-font-size:54px;\"><div class=\"title-sep-container title-sep-container-left\"><div class=\"title-sep sep- sep-solid\" style=\"border-color:#eeefee;\"><\/div><\/div><span class=\"awb-title-spacer\"><\/span><h1 class=\"fusion-title-heading title-heading-center fusion-responsive-typography-calculated\" style=\"font-family:&quot;DM Serif Display&quot;;font-style:normal;font-weight:400;margin:0;letter-spacing:0px;font-size:1em;--fontSize:54;line-height:1.2;\"><h2 class=\"fusion-responsive-typography-calculated\" data-fontsize=\"20\" data-lineheight=\"28px\">P\u00e9riode de transition des paniers recommand\u00e9s<\/h2><\/h1><span class=\"awb-title-spacer\"><\/span><div class=\"title-sep-container title-sep-container-right\"><div class=\"title-sep sep- sep-solid\" style=\"border-color:#eeefee;\"><\/div><\/div><\/div><\/div><\/div><div class=\"fusion-layout-column fusion_builder_column fusion-builder-column-5 fusion_builder_column_1_2 1_2 fusion-flex-column fusion-flex-align-self-flex-start\" style=\"--awb-bg-size:cover;--awb-width-large:50%;--awb-margin-top-large:0px;--awb-spacing-right-large:3.84%;--awb-margin-bottom-large:20px;--awb-spacing-left-large:3.84%;--awb-width-medium:100%;--awb-order-medium:0;--awb-spacing-right-medium:1.92%;--awb-spacing-left-medium:1.92%;--awb-width-small:100%;--awb-order-small:0;--awb-spacing-right-small:1.92%;--awb-spacing-left-small:1.92%;\" data-scroll-devices=\"small-visibility,medium-visibility,large-visibility\"><div class=\"fusion-column-wrapper fusion-column-has-shadow fusion-flex-justify-content-flex-start fusion-content-layout-column\"><div class=\"fusion-text fusion-text-2 sm-text-align-center fusion-text-no-margin\" style=\"--awb-content-alignment:left;--awb-font-size:16px;--awb-line-height:1.2em;--awb-text-color:#54585a;--awb-margin-top:10px;--awb-margin-bottom:10px;\"><p><strong>Du 26 juin au 1er juillet 2024<\/strong><\/p>\n<ul>\n<li>Des mises \u00e0 jour seront apport\u00e9es \u00e0 l&#8217;application IsaLife\u2122.<\/li>\n<\/ul>\n<p><strong>\u00c0 partir du 24 juillet 2024 :<\/strong><\/p>\n<ul>\n<li>Transf\u00e9rez tous les paniers que vous souhaitez conserver de vos anciens paniers recommand\u00e9s vers la nouvelle exp\u00e9rience.<\/li>\n<li>Actualiser tous les liens partag\u00e9s sur d&#8217;autres plateformes (par exemple, Linktree, codes QR, etc.).<\/li>\n<li>Les anciens liens de paniers recommand\u00e9s redirigeront les clients vers le site r\u00e9pliqu\u00e9 du membre.<\/li>\n<li>Les anciens paniers recommand\u00e9s passeront \u00e0 un \u00e9tat &#8216;consultation uniquement&#8217; et ne seront plus partageables ni utilisables pour l&#8217;inscription.<\/li>\n<li>De nouvelles fonctionnalit\u00e9s des paniers recommand\u00e9s, telles que &#8216;dupliquer&#8217; et &#8216;suppression en masse&#8217;, seront mises en ligne.<\/li>\n<\/ul>\n<p><strong>\u00c0 partir du 16 octobre 2024<\/strong><\/p>\n<ul>\n<li>L&#8217;ancienne exp\u00e9rience des paniers recommand\u00e9s sera compl\u00e8tement retir\u00e9e et supprim\u00e9e de la page virtuel.<\/li>\n<li>Des rappels de communication seront envoy\u00e9s avant cette date.<\/li>\n<\/ul>\n<\/div><\/div><\/div><\/div><\/div><div class=\"fusion-fullwidth fullwidth-box fusion-builder-row-5 fusion-flex-container has-pattern-background has-mask-background nonhundred-percent-fullwidth non-hundred-percent-height-scrolling\" style=\"--awb-border-radius-top-left:0px;--awb-border-radius-top-right:0px;--awb-border-radius-bottom-right:0px;--awb-border-radius-bottom-left:0px;--awb-padding-top:30px;--awb-padding-bottom:30px;--awb-background-color:#fdfbf8;--awb-flex-wrap:wrap;\" ><div class=\"fusion-builder-row fusion-row fusion-flex-align-items-center fusion-flex-justify-content-center fusion-flex-content-wrap\" style=\"max-width:1497.6px;margin-left: calc(-4% \/ 2 );margin-right: calc(-4% \/ 2 );\"><div class=\"fusion-layout-column fusion_builder_column fusion-builder-column-6 fusion_builder_column_1_2 1_2 fusion-flex-column fusion-flex-align-self-flex-start\" style=\"--awb-bg-size:cover;--awb-width-large:50%;--awb-margin-top-large:0px;--awb-spacing-right-large:3.84%;--awb-margin-bottom-large:20px;--awb-spacing-left-large:3.84%;--awb-width-medium:100%;--awb-order-medium:0;--awb-spacing-right-medium:1.92%;--awb-spacing-left-medium:1.92%;--awb-width-small:100%;--awb-order-small:0;--awb-spacing-right-small:1.92%;--awb-spacing-left-small:1.92%;\" data-scroll-devices=\"small-visibility,medium-visibility,large-visibility\"><div class=\"fusion-column-wrapper fusion-column-has-shadow fusion-flex-justify-content-flex-start fusion-content-layout-column\"><div class=\"fusion-title title fusion-title-5 fusion-title-text fusion-title-size-one\" style=\"--awb-text-color:#54585a;--awb-margin-top:5px;--awb-margin-bottom:15px;--awb-margin-top-small:0px;--awb-margin-right-small:0px;--awb-margin-bottom-small:20px;--awb-margin-left-small:0px;--awb-font-size:54px;\"><div class=\"title-sep-container title-sep-container-left fusion-no-large-visibility fusion-no-medium-visibility fusion-no-small-visibility\"><div class=\"title-sep sep- sep-solid\" style=\"border-color:#eeefee;\"><\/div><\/div><span class=\"awb-title-spacer fusion-no-large-visibility fusion-no-medium-visibility fusion-no-small-visibility\"><\/span><h1 class=\"fusion-title-heading title-heading-left fusion-responsive-typography-calculated\" style=\"font-family:&quot;DM Serif Display&quot;;font-style:normal;font-weight:400;margin:0;letter-spacing:0px;font-size:1em;--fontSize:54;line-height:1.2;\"><h2 class=\"fusion-responsive-typography-calculated\" data-fontsize=\"20\" data-lineheight=\"28px\">FAQ&#8217;s<\/h2><\/h1><span class=\"awb-title-spacer\"><\/span><div class=\"title-sep-container title-sep-container-right\"><div class=\"title-sep sep- sep-solid\" style=\"border-color:#eeefee;\"><\/div><\/div><\/div><div class=\"accordian fusion-accordian\" style=\"--awb-border-size:1px;--awb-icon-size:13px;--awb-content-font-size:16px;--awb-icon-alignment:left;--awb-hover-color:#f9f9f9;--awb-border-color:#eeefee;--awb-background-color:#ffffff;--awb-divider-color:#eeefee;--awb-divider-hover-color:#eeefee;--awb-icon-color:#ffffff;--awb-title-color:#54585a;--awb-content-color:#54585a;--awb-icon-box-color:#55585a;--awb-toggle-hover-accent-color:#00778b;--awb-title-font-family:&quot;Montserrat&quot;;--awb-title-font-weight:400;--awb-title-font-style:normal;--awb-title-font-size:13px;--awb-content-font-family:&quot;Montserrat&quot;;--awb-content-font-style:normal;--awb-content-font-weight:400;\"><div class=\"panel-group fusion-toggle-icon-boxed\" id=\"accordion-205028-1\"><div class=\"fusion-panel panel-default panel-3a72c017a74f5f3ef fusion-toggle-has-divider\" style=\"--awb-title-color:#54585a;--awb-content-color:#54585a;\"><div class=\"panel-heading\"><h4 class=\"panel-title toggle\" id=\"toggle_3a72c017a74f5f3ef\"><a aria-expanded=\"false\" aria-controls=\"3a72c017a74f5f3ef\" role=\"button\" data-toggle=\"collapse\" data-parent=\"#accordion-205028-1\" data-target=\"#3a72c017a74f5f3ef\" href=\"#3a72c017a74f5f3ef\"><span class=\"fusion-toggle-icon-wrapper\" aria-hidden=\"true\"><i class=\"fa-fusion-box active-icon awb-icon-minus\" aria-hidden=\"true\"><\/i><i class=\"fa-fusion-box inactive-icon awb-icon-plus\" aria-hidden=\"true\"><\/i><\/span><span class=\"fusion-toggle-heading\">Q : Est-ce que je pourrais toujours partager et m'inscrire dans l'ancienne exp\u00e9rience des paniers recommand\u00e9s ?<\/span><\/a><\/h4><\/div><div id=\"3a72c017a74f5f3ef\" class=\"panel-collapse collapse \" aria-labelledby=\"toggle_3a72c017a74f5f3ef\"><div class=\"panel-body toggle-content fusion-clearfix\">\n<p>R : Oui, les utilisateurs pourront toujours partager et s&#8217;inscrire dans l&#8217;ancienne exp\u00e9rience des paniers recommand\u00e9s. Cependant, les utilisateurs ne pourront plus cr\u00e9er de nouveaux liens de paniers recommand\u00e9s dans l&#8217;ancienne exp\u00e9rience. Nous encourageons les utilisateurs \u00e0 cr\u00e9er les paniers qu&#8217;ils souhaitent continuer \u00e0 partager dans la nouvelle exp\u00e9rience. \u00c0 partir du 24 juillet 2024, les anciens paniers recommand\u00e9s seront disponibles uniquement pour consultation.<\/p>\n<\/div><\/div><\/div><div class=\"fusion-panel panel-default panel-20fcb4f7efb995ea0 fusion-toggle-has-divider\" style=\"--awb-title-color:#54585a;--awb-content-color:#54585a;\"><div class=\"panel-heading\"><h4 class=\"panel-title toggle\" id=\"toggle_20fcb4f7efb995ea0\"><a aria-expanded=\"false\" aria-controls=\"20fcb4f7efb995ea0\" role=\"button\" data-toggle=\"collapse\" data-parent=\"#accordion-205028-1\" data-target=\"#20fcb4f7efb995ea0\" href=\"#20fcb4f7efb995ea0\"><span class=\"fusion-toggle-icon-wrapper\" aria-hidden=\"true\"><i class=\"fa-fusion-box active-icon awb-icon-minus\" aria-hidden=\"true\"><\/i><i class=\"fa-fusion-box inactive-icon awb-icon-plus\" aria-hidden=\"true\"><\/i><\/span><span class=\"fusion-toggle-heading\">Q : Est-ce que je dois faire quelque chose si j'ai un code QR pour un ancien lien de panier recommand\u00e9 ?<\/span><\/a><\/h4><\/div><div id=\"20fcb4f7efb995ea0\" class=\"panel-collapse collapse \" aria-labelledby=\"toggle_20fcb4f7efb995ea0\"><div class=\"panel-body toggle-content fusion-clearfix\">\n<p><span class=\"EOP SCXW80727001 BCX0\" data-ccp-props=\"{\"><span class=\"TextRun SCXW160665095 BCX0\" lang=\"EN-US\" xml:lang=\"EN-US\" data-contrast=\"none\"><span class=\"NormalTextRun SCXW160665095 BCX0\">R : Oui, si vous avez un code QR pour un ancien lien de panier recommand\u00e9, vous devrez le actualiser avant le 24 juillet 2024, les anciens liens de paniers recommand\u00e9s redirigeront les clients vers le site r\u00e9pliqu\u00e9 du membre. Pour vous assurer que votre code QR fonctionne correctement, vous devrez le actualiser avec le nouveau lien.<br \/>\n<\/span><\/span><span class=\"EOP SCXW160665095 BCX0\" data-ccp-props=\"{\">\u00a0<\/span> <\/span><\/p>\n<\/div><\/div><\/div><div class=\"fusion-panel panel-default panel-54edeac1f929886f9 fusion-toggle-has-divider\" style=\"--awb-title-color:#54585a;--awb-content-color:#54585a;\"><div class=\"panel-heading\"><h4 class=\"panel-title toggle\" id=\"toggle_54edeac1f929886f9\"><a aria-expanded=\"false\" aria-controls=\"54edeac1f929886f9\" role=\"button\" data-toggle=\"collapse\" data-parent=\"#accordion-205028-1\" data-target=\"#54edeac1f929886f9\" href=\"#54edeac1f929886f9\"><span class=\"fusion-toggle-icon-wrapper\" aria-hidden=\"true\"><i class=\"fa-fusion-box active-icon awb-icon-minus\" aria-hidden=\"true\"><\/i><i class=\"fa-fusion-box inactive-icon awb-icon-plus\" aria-hidden=\"true\"><\/i><\/span><span class=\"fusion-toggle-heading\">Q : Est-ce que je dois actualiser mon application IsaLife pour que la nouvelle exp\u00e9rience se mette \u00e0 jour ?<\/span><\/a><\/h4><\/div><div id=\"54edeac1f929886f9\" class=\"panel-collapse collapse \" aria-labelledby=\"toggle_54edeac1f929886f9\"><div class=\"panel-body toggle-content fusion-clearfix\">\n<p>R : Oui, vous devrez actualiser votre application IsaLife pour acc\u00e9der \u00e0 la nouvelle exp\u00e9rience. La mise \u00e0 jour sera disponible d&#8217;ici le 1er juillet 2024. Veuillez-vous assurer que vous avez la derni\u00e8re version de l&#8217;application install\u00e9e pour profiter des nouvelles fonctionnalit\u00e9s et am\u00e9liorations. pr\u00e9f\u00e9rences de mise \u00e0 jour de l&#8217;application peuvent \u00eatre g\u00e9r\u00e9es dans les param\u00e8tres de votre t\u00e9l\u00e9phone pour vous assurer de recevoir les mises \u00e0 jour automatiquement.<\/p>\n<\/div><\/div><\/div><\/div><\/div><\/div><\/div><\/div><\/div><\/p>\n","protected":false},"excerpt":{"rendered":"","protected":false},"author":9877,"featured_media":0,"parent":0,"menu_order":0,"comment_status":"closed","ping_status":"closed","template":"100-width.php","meta":{"_acf_changed":false,"footnotes":""},"class_list":["post-205028","page","type-page","status-publish","hentry"],"acf":[],"_links":{"self":[{"href":"https:\/\/eu.isagenixbusiness.com\/fr-eu\/wp-json\/wp\/v2\/pages\/205028","targetHints":{"allow":["GET"]}}],"collection":[{"href":"https:\/\/eu.isagenixbusiness.com\/fr-eu\/wp-json\/wp\/v2\/pages"}],"about":[{"href":"https:\/\/eu.isagenixbusiness.com\/fr-eu\/wp-json\/wp\/v2\/types\/page"}],"author":[{"embeddable":true,"href":"https:\/\/eu.isagenixbusiness.com\/fr-eu\/wp-json\/wp\/v2\/users\/9877"}],"replies":[{"embeddable":true,"href":"https:\/\/eu.isagenixbusiness.com\/fr-eu\/wp-json\/wp\/v2\/comments?post=205028"}],"version-history":[{"count":7,"href":"https:\/\/eu.isagenixbusiness.com\/fr-eu\/wp-json\/wp\/v2\/pages\/205028\/revisions"}],"predecessor-version":[{"id":205056,"href":"https:\/\/eu.isagenixbusiness.com\/fr-eu\/wp-json\/wp\/v2\/pages\/205028\/revisions\/205056"}],"wp:attachment":[{"href":"https:\/\/eu.isagenixbusiness.com\/fr-eu\/wp-json\/wp\/v2\/media?parent=205028"}],"curies":[{"name":"wp","href":"https:\/\/api.w.org\/{rel}","templated":true}]}}