{"id":205968,"date":"2024-06-28T16:55:53","date_gmt":"2024-06-28T15:55:53","guid":{"rendered":"https:\/\/eu.isagenixbusiness.com\/?page_id=205968"},"modified":"2024-07-01T10:33:19","modified_gmt":"2024-07-01T09:33:19","slug":"road-to-master-class","status":"publish","type":"page","link":"https:\/\/eu.isagenixbusiness.com\/fr-eu\/road-to-master-class\/","title":{"rendered":"Road to Master Class"},"content":{"rendered":"<p><div class=\"fusion-fullwidth fullwidth-box fusion-builder-row-1 fusion-flex-container has-pattern-background has-mask-background fusion-parallax-none nonhundred-percent-fullwidth non-hundred-percent-height-scrolling\" style=\"--awb-background-blend-mode:overlay;--awb-border-radius-top-left:0px;--awb-border-radius-top-right:0px;--awb-border-radius-bottom-right:0px;--awb-border-radius-bottom-left:0px;--awb-min-height:150px;--awb-background-color:rgba(0,0,0,0.5);--awb-background-image:url(&quot;https:\/\/eu.isagenixbusiness.com\/wp-content\/uploads\/2024\/06\/Intro-Background-copy-1-300x150.jpg&quot;);--awb-background-size:cover;--awb-flex-wrap:wrap;\" ><div class=\"fusion-builder-row fusion-row fusion-flex-align-items-center fusion-flex-align-content-center fusion-flex-justify-content-center fusion-flex-content-wrap\" style=\"max-width:1497.6px;margin-left: calc(-4% \/ 2 );margin-right: calc(-4% \/ 2 );\"><div class=\"fusion-layout-column fusion_builder_column fusion-builder-column-0 fusion_builder_column_1_1 1_1 fusion-flex-column fusion-flex-align-self-center fusion-column-inner-bg-wrapper\" style=\"--awb-inner-bg-size:cover;--awb-width-large:100%;--awb-margin-top-large:0px;--awb-spacing-right-large:1.92%;--awb-margin-bottom-large:0px;--awb-spacing-left-large:1.92%;--awb-width-medium:100%;--awb-order-medium:0;--awb-spacing-right-medium:1.92%;--awb-spacing-left-medium:1.92%;--awb-width-small:100%;--awb-order-small:0;--awb-spacing-right-small:1.92%;--awb-spacing-left-small:1.92%;\" data-scroll-devices=\"small-visibility,medium-visibility,large-visibility\"><span class=\"fusion-column-inner-bg hover-type-none\"><a class=\"fusion-column-anchor\" href=\"https:\/\/eu.isagenixbusiness.com\/fr-eu\/july-promotions\/\"><span class=\"fusion-column-inner-bg-image\"><\/span><\/a><\/span><div class=\"fusion-column-wrapper fusion-column-has-shadow fusion-flex-justify-content-space-evenly fusion-content-layout-column\"><div class=\"fusion-text fusion-text-1\" style=\"--awb-font-size:40px;--awb-letter-spacing:2px;--awb-text-color:var(--awb-color1);--awb-margin-top:25px;--awb-text-font-family:&quot;Nunito Sans&quot;;--awb-text-font-style:normal;--awb-text-font-weight:200;\"><p style=\"text-align: center;\">PROMOTIONS DE JUILLET<\/p>\n<\/div><div class=\"fusion-text fusion-text-2 fusion-text-no-margin\" style=\"--awb-content-alignment:center;--awb-text-transform:none;\"><div style=\"text-align: center;\">\n<p style=\"color: var(--awb-color1);\">1 \u2013 28 JUILLET<\/p>\n<\/div>\n<\/div><\/div><\/div><\/div><\/div><div class=\"fusion-fullwidth fullwidth-box fusion-builder-row-2 fusion-flex-container has-pattern-background has-mask-background nonhundred-percent-fullwidth non-hundred-percent-height-scrolling\" style=\"--awb-border-radius-top-left:0px;--awb-border-radius-top-right:0px;--awb-border-radius-bottom-right:0px;--awb-border-radius-bottom-left:0px;--awb-min-height:50px;--awb-background-color:#4099a8;--awb-flex-wrap:wrap;\" ><div class=\"fusion-builder-row fusion-row fusion-flex-align-items-center fusion-flex-align-content-center fusion-flex-justify-content-center fusion-flex-content-wrap\" style=\"max-width:1497.6px;margin-left: calc(-4% \/ 2 );margin-right: calc(-4% \/ 2 );\"><div class=\"fusion-layout-column fusion_builder_column fusion-builder-column-1 fusion_builder_column_1_1 1_1 fusion-flex-column fusion-flex-align-self-stretch\" style=\"--awb-bg-size:cover;--awb-width-large:100%;--awb-margin-top-large:0px;--awb-spacing-right-large:1.92%;--awb-margin-bottom-large:20px;--awb-spacing-left-large:1.92%;--awb-width-medium:100%;--awb-order-medium:0;--awb-spacing-right-medium:1.92%;--awb-spacing-left-medium:1.92%;--awb-width-small:100%;--awb-order-small:0;--awb-spacing-right-small:1.92%;--awb-spacing-left-small:1.92%;\" data-scroll-devices=\"small-visibility,medium-visibility,large-visibility\"><div class=\"fusion-column-wrapper fusion-column-has-shadow fusion-flex-justify-content-space-evenly fusion-content-layout-column\"><div class=\"fusion-text fusion-text-3 fusion-text-no-margin\" style=\"--awb-content-alignment:center;--awb-font-size:15px;--awb-letter-spacing:1.2px;--awb-text-transform:uppercase;--awb-text-color:var(--awb-color3);--awb-margin-top:12px;--awb-margin-bottom:-28px;--awb-text-font-family:&quot;Nunito Sans&quot;;--awb-text-font-style:normal;--awb-text-font-weight:200;\"><div style=\"text-align: center;\">\n<p style=\"color: var(--awb-color1);\">ISAGENIX EUROPE C\u00c9L\u00c8BRE UNE \u00c9TAPE FANTASTIQUE ! IL Y A QUATRE ANS, LE 13 JUILLET,<br \/>\nNOUS SOMMES \u00c9TENDUS \u00c0 11 NOUVEAUX PAYS, NOUS TRANSFORMANT EN LA COMMUNAUT\u00c9 DYNAMIQUE QUE NOUS SOMMES AUJOURD\u2019HUI.<\/p>\n<\/div>\n<\/div><\/div><\/div><\/div><\/div><div class=\"fusion-fullwidth fullwidth-box fusion-builder-row-3 fusion-flex-container nonhundred-percent-fullwidth non-hundred-percent-height-scrolling fusion-custom-z-index\" style=\"--awb-border-radius-top-left:0px;--awb-border-radius-top-right:0px;--awb-border-radius-bottom-right:0px;--awb-border-radius-bottom-left:0px;--awb-z-index:152;--awb-padding-top-small:10px;--awb-padding-bottom-small:10px;--awb-background-color:#f2f2f2;--awb-flex-wrap:wrap;\" ><div class=\"fusion-builder-row fusion-row fusion-flex-align-items-flex-start fusion-flex-content-wrap\" style=\"max-width:1497.6px;margin-left: calc(-4% \/ 2 );margin-right: calc(-4% \/ 2 );\"><div class=\"fusion-layout-column fusion_builder_column fusion-builder-column-2 fusion_builder_column_1_1 1_1 fusion-flex-column\" style=\"--awb-bg-size:cover;--awb-width-large:100%;--awb-margin-top-large:0px;--awb-spacing-right-large:1.92%;--awb-margin-bottom-large:0px;--awb-spacing-left-large:1.92%;--awb-width-medium:100%;--awb-order-medium:0;--awb-spacing-right-medium:1.92%;--awb-spacing-left-medium:1.92%;--awb-width-small:100%;--awb-order-small:0;--awb-spacing-right-small:1.92%;--awb-spacing-left-small:1.92%;\"><div class=\"fusion-column-wrapper fusion-column-has-shadow fusion-flex-justify-content-flex-start fusion-content-layout-column\"><nav class=\"awb-menu awb-menu_row awb-menu_em-hover mobile-mode-collapse-to-button awb-menu_icons-left awb-menu_dc-yes mobile-trigger-fullwidth-off awb-menu_mobile-toggle awb-menu_indent-left mobile-size-full-absolute loading mega-menu-loading awb-menu_desktop awb-menu_dropdown awb-menu_expand-right awb-menu_transition-fade\" style=\"--awb-text-transform:uppercase;--awb-gap:10px;--awb-justify-content:space-evenly;--awb-items-padding-top:5px;--awb-items-padding-right:5px;--awb-items-padding-bottom:5px;--awb-items-padding-left:5px;--awb-color:#54585a;--awb-active-color:#54585a;--awb-active-border-bottom:3px;--awb-active-border-color:#00778b;--awb-submenu-text-transform:none;--awb-main-justify-content:flex-start;--awb-mobile-justify:flex-start;--awb-mobile-caret-left:auto;--awb-mobile-caret-right:0;--awb-fusion-font-family-typography:&quot;Nunito Sans&quot;;--awb-fusion-font-style-typography:normal;--awb-fusion-font-weight-typography:400;--awb-fusion-font-family-submenu-typography:inherit;--awb-fusion-font-style-submenu-typography:normal;--awb-fusion-font-weight-submenu-typography:400;--awb-fusion-font-family-mobile-typography:inherit;--awb-fusion-font-style-mobile-typography:normal;--awb-fusion-font-weight-mobile-typography:400;\" aria-label=\"July&#039;s Promos\" data-breakpoint=\"0\" data-count=\"0\" data-transition-type=\"fade\" data-transition-time=\"300\" data-expand=\"right\"><ul id=\"menu-julys-promos\" class=\"fusion-menu awb-menu__main-ul awb-menu__main-ul_row\"><li  id=\"menu-item-205931\"  class=\"menu-item menu-item-type-post_type menu-item-object-page menu-item-205931 awb-menu__li awb-menu__main-li awb-menu__main-li_regular\"  data-item-id=\"205931\"><span class=\"awb-menu__main-background-default awb-menu__main-background-default_fade\"><\/span><span class=\"awb-menu__main-background-active awb-menu__main-background-active_fade\"><\/span><a  href=\"https:\/\/eu.isagenixbusiness.com\/free-bea-biotics-promo\/\" class=\"awb-menu__main-a awb-menu__main-a_regular\"><span class=\"menu-text\">Free BEA Biotics<\/span><\/a><\/li><li  id=\"menu-item-205930\"  class=\"menu-item menu-item-type-post_type menu-item-object-page menu-item-205930 awb-menu__li awb-menu__main-li awb-menu__main-li_regular\"  data-item-id=\"205930\"><span class=\"awb-menu__main-background-default awb-menu__main-background-default_fade\"><\/span><span class=\"awb-menu__main-background-active awb-menu__main-background-active_fade\"><\/span><a  href=\"https:\/\/eu.isagenixbusiness.com\/consultant-development-pool-2024\/\" class=\"awb-menu__main-a awb-menu__main-a_regular\"><span class=\"menu-text\">Consultant Development Pool<\/span><\/a><\/li><li  id=\"menu-item-205932\"  class=\"menu-item menu-item-type-post_type menu-item-object-page menu-item-205932 awb-menu__li awb-menu__main-li awb-menu__main-li_regular\"  data-item-id=\"205932\"><span class=\"awb-menu__main-background-default awb-menu__main-background-default_fade\"><\/span><span class=\"awb-menu__main-background-active awb-menu__main-background-active_fade\"><\/span><a  href=\"https:\/\/eu.isagenixbusiness.com\/road-to-master-class\/\" class=\"awb-menu__main-a awb-menu__main-a_regular\"><span class=\"menu-text\">Road to Master Class<\/span><\/a><\/li><\/ul><\/nav><\/div><\/div><\/div><\/div><div class=\"fusion-fullwidth fullwidth-box fusion-builder-row-4 fusion-flex-container has-pattern-background has-mask-background nonhundred-percent-fullwidth non-hundred-percent-height-scrolling\" style=\"--awb-border-radius-top-left:0px;--awb-border-radius-top-right:0px;--awb-border-radius-bottom-right:0px;--awb-border-radius-bottom-left:0px;--awb-padding-top:20px;--awb-flex-wrap:wrap;\" ><div class=\"fusion-builder-row fusion-row fusion-flex-align-items-flex-start fusion-flex-content-wrap\" style=\"max-width:1497.6px;margin-left: calc(-4% \/ 2 );margin-right: calc(-4% \/ 2 );\"><div class=\"fusion-layout-column fusion_builder_column fusion-builder-column-3 fusion_builder_column_1_3 1_3 fusion-flex-column\" style=\"--awb-bg-size:cover;--awb-width-large:33.333333333333%;--awb-margin-top-large:0px;--awb-spacing-right-large:5.76%;--awb-margin-bottom-large:20px;--awb-spacing-left-large:5.76%;--awb-width-medium:100%;--awb-order-medium:0;--awb-spacing-right-medium:1.92%;--awb-spacing-left-medium:1.92%;--awb-width-small:100%;--awb-order-small:0;--awb-spacing-right-small:1.92%;--awb-spacing-left-small:1.92%;\"><div class=\"fusion-column-wrapper fusion-column-has-shadow fusion-flex-justify-content-flex-start fusion-content-layout-column\"><div class=\"fusion-image-element \" style=\"--awb-aspect-ratio:1 \/ 1;--awb-object-position:26% 50%;--awb-margin-top:30px;--awb-caption-title-font-family:var(--h2_typography-font-family);--awb-caption-title-font-weight:var(--h2_typography-font-weight);--awb-caption-title-font-style:var(--h2_typography-font-style);--awb-caption-title-size:var(--h2_typography-font-size);--awb-caption-title-transform:var(--h2_typography-text-transform);--awb-caption-title-line-height:var(--h2_typography-line-height);--awb-caption-title-letter-spacing:var(--h2_typography-letter-spacing);\"><span class=\" fusion-imageframe imageframe-none imageframe-1 hover-type-none has-aspect-ratio\"><img decoding=\"async\" width=\"300\" height=\"300\" title=\"image (1)\" src=\"https:\/\/eu.isagenixbusiness.com\/wp-content\/uploads\/2024\/06\/image-1-300x300.png\" class=\"img-responsive wp-image-205467 img-with-aspect-ratio\" data-parent-fit=\"cover\" data-parent-container=\".fusion-image-element\" alt srcset=\"https:\/\/eu.isagenixbusiness.com\/wp-content\/uploads\/2024\/06\/image-1-200x200.png 200w, https:\/\/eu.isagenixbusiness.com\/wp-content\/uploads\/2024\/06\/image-1-400x400.png 400w, https:\/\/eu.isagenixbusiness.com\/wp-content\/uploads\/2024\/06\/image-1-600x600.png 600w, https:\/\/eu.isagenixbusiness.com\/wp-content\/uploads\/2024\/06\/image-1.png 663w\" sizes=\"(max-width: 1024px) 100vw, (max-width: 640px) 100vw, 600px\" \/><\/span><\/div><\/div><\/div><div class=\"fusion-layout-column fusion_builder_column fusion-builder-column-4 fusion_builder_column_2_3 2_3 fusion-flex-column\" style=\"--awb-bg-size:cover;--awb-width-large:66.666666666667%;--awb-margin-top-large:0px;--awb-spacing-right-large:2.88%;--awb-margin-bottom-large:20px;--awb-spacing-left-large:2.88%;--awb-width-medium:100%;--awb-order-medium:0;--awb-spacing-right-medium:1.92%;--awb-spacing-left-medium:1.92%;--awb-width-small:100%;--awb-order-small:0;--awb-spacing-right-small:1.92%;--awb-spacing-left-small:1.92%;\"><div class=\"fusion-column-wrapper fusion-column-has-shadow fusion-flex-justify-content-flex-start fusion-content-layout-column\"><div class=\"fusion-text fusion-text-4 fusion-text-no-margin\" style=\"--awb-font-size:32px;--awb-letter-spacing:2px;--awb-margin-top:15px;--awb-margin-bottom:25px;--awb-text-font-family:&quot;Nunito Sans&quot;;--awb-text-font-style:normal;--awb-text-font-weight:600;\"><p>Road to Master Class<\/p>\n<\/div><div class=\"fusion-text fusion-text-5\" style=\"--awb-text-font-family:&quot;Nunito&quot;;--awb-text-font-style:normal;--awb-text-font-weight:400;\"><p>Il y a d&#8217;autres bonnes nouvelles pour les Associ\u00e9s europ\u00e9ens en ce mois de juillet ! Le travail que tu fais dans la r\u00e9serve de d\u00e9veloppement des consultants ne te rapportera pas seulement de l&#8217;argent : il te permettra de b\u00e9n\u00e9ficier d&#8217;un h\u00e9bergement GRATUIT et d&#8217;une formation exclusive si tu participes \u00e0 Master Class &#8211; l&#8217;art de vivre, notre \u00e9v\u00e9nement de formation de deux jours en septembre avec l&#8217;incroyable David T.S. Wood !<\/p>\n<\/div><div class=\"fusion-text fusion-text-6\" style=\"--awb-font-size:25px;--awb-margin-top:15px;--awb-text-font-family:&quot;DM Serif Display&quot;;--awb-text-font-style:normal;--awb-text-font-weight:400;\"><p>Ce que tu dois faire :<\/p>\n<\/div><div class=\"fusion-text fusion-text-7\" style=\"--awb-margin-top:-15px;--awb-text-font-family:&quot;Nunito&quot;;--awb-text-font-style:normal;--awb-text-font-weight:400;\"><ul>\n<li>D\u00e9veloppe deux nouveaux consultants dans la <a href=\"https:\/\/eu.isagenixbusiness.com\/fr-eu\/consultant-development-pool-2024\/\"><u><span style=\"color: var(--awb-color3);\">Consultant Development Pool<\/span><\/u><\/a> entre le 1er et le 28 juillet. V\u00e9rifie les qualifications ici.<\/li>\n<li><a href=\"https:\/\/www.eventbrite.co.uk\/e\/915267940047\"><u><span style=\"color: var(--awb-color3);\">Ach\u00e8te un billet<\/span><\/u><\/a> pour la Master Class avant le 28 juillet &#8211; si tu as d\u00e9j\u00e0 ton billet, c&#8217;est encore mieux !<\/li>\n<\/ul>\n<\/div><div class=\"fusion-text fusion-text-8\" style=\"--awb-font-size:25px;--awb-margin-top:15px;--awb-text-font-family:&quot;DM Serif Display&quot;;--awb-text-font-style:normal;--awb-text-font-weight:400;\"><p>Ce que tu gagneras :<\/p>\n<\/div><div class=\"fusion-text fusion-text-9\" style=\"--awb-margin-top:-15px;--awb-text-font-family:&quot;Nunito&quot;;--awb-text-font-style:normal;--awb-text-font-weight:400;\"><ul>\n<li>Une formation exclusive avec David TS Wood &#8211; le genre de formation qui changera tes activit\u00e9s commerciales.<\/li>\n<li>H\u00e9bergement GRATUIT pour l&#8217;\u00e9v\u00e9nement \u00e0 l&#8217;h\u00f4tel Novotel Schiphol Airport<\/li>\n<li>Une boisson de bienvenue<\/li>\n<\/ul>\n<\/div><div class=\"fusion-text fusion-text-10\" style=\"--awb-font-size:20px;--awb-text-font-family:&quot;Nunito&quot;;--awb-text-font-style:normal;--awb-text-font-weight:600;\"><p style=\"text-align: left;\">Tu trouveras plus de d\u00e9tails sur l&#8217;\u00e9v\u00e9nement et sur David TS Wood sur notre <a href=\"https:\/\/www.eventbrite.co.uk\/e\/915267940047\">page \u00e9v\u00e9nement<\/a>.<\/p>\n<\/div><\/div><\/div><\/div><\/div><div class=\"fusion-fullwidth fullwidth-box fusion-builder-row-5 fusion-flex-container has-pattern-background has-mask-background nonhundred-percent-fullwidth non-hundred-percent-height-scrolling\" style=\"--awb-border-radius-top-left:0px;--awb-border-radius-top-right:0px;--awb-border-radius-bottom-right:0px;--awb-border-radius-bottom-left:0px;--awb-padding-top:30px;--awb-padding-bottom:30px;--awb-flex-wrap:wrap;\" ><div class=\"fusion-builder-row fusion-row fusion-flex-align-items-flex-start fusion-flex-content-wrap\" style=\"max-width:1497.6px;margin-left: calc(-4% \/ 2 );margin-right: calc(-4% \/ 2 );\"><div class=\"fusion-layout-column fusion_builder_column fusion-builder-column-5 fusion_builder_column_1_1 1_1 fusion-flex-column\" style=\"--awb-bg-size:cover;--awb-width-large:100%;--awb-margin-top-large:0px;--awb-spacing-right-large:1.92%;--awb-margin-bottom-large:20px;--awb-spacing-left-large:1.92%;--awb-width-medium:100%;--awb-order-medium:0;--awb-spacing-right-medium:1.92%;--awb-spacing-left-medium:1.92%;--awb-width-small:100%;--awb-order-small:0;--awb-spacing-right-small:1.92%;--awb-spacing-left-small:1.92%;\"><div class=\"fusion-column-wrapper fusion-column-has-shadow fusion-flex-justify-content-flex-start fusion-content-layout-column\"><div class=\"fusion-text fusion-text-11\" style=\"--awb-font-size:15px;--awb-margin-right:50px;--awb-margin-left:50px;--awb-text-font-family:&quot;Nunito&quot;;--awb-text-font-style:normal;--awb-text-font-weight:400;\"><p><strong>Conditions g\u00e9n\u00e9rales de vente : <\/strong>Ouvert aux associ\u00e9s Isagenix dans toute l&#8217;Europe. Vous devez d\u00e9velopper deux nouveaux consultants dans le pool de d\u00e9veloppement des consultants entre le 1er et le 28 juillet 2024 et \u00eatre d\u00e9tenteur d&#8217;un billet Master Class &#8211; l&#8217;art de vivre avant 23:59 UTC-5:00 le 28 juillet 2024 pour \u00eatre qualifi\u00e9.<\/p>\n<\/div><div class=\"fusion-text fusion-text-12\" style=\"--awb-content-alignment:justify;--awb-font-size:15px;--awb-margin-right:50px;--awb-margin-left:50px;--awb-text-font-family:&quot;Nunito&quot;;--awb-text-font-style:normal;--awb-text-font-weight:400;\"><\/div><div class=\"fusion-text fusion-text-13\" style=\"--awb-content-alignment:justify;--awb-font-size:10px;--awb-margin-right:50px;--awb-margin-left:50px;--awb-text-font-family:&quot;Nunito&quot;;--awb-text-font-style:normal;--awb-text-font-weight:400;\"><p>Pour participer, ton poste Isagenix doit \u00eatre exploit\u00e9 uniquement par toi (le nom l\u00e9gal) et, le cas \u00e9ch\u00e9ant, ton conjoint (nom de reconnaissance) \u00e0 l&#8217;exclusion de toute autre personne. La participation constitue ton accord total et inconditionnel \u00e0 ces conditions g\u00e9n\u00e9rales et \u00e0 tout r\u00e8glement de la promotion, FAQ ou lignes directrices affich\u00e9es et aux d\u00e9cisions d&#8217;Isagenix, qui sont finales et ex\u00e9cutoires pour tout ce qui concerne le concours. Les points de r\u00e9inscription seront calcul\u00e9s dans le cadre de l&#8217;organisation originale. Le parrain d&#8217;inscription d&#8217;origine se verra attribuer tout QVd&#8217;inscription admissible en cas de changement de placement. Les r\u00e8gles du concours sont susceptibles d&#8217;\u00eatre modifi\u00e9es.\u202f Toutes les dates et tous les d\u00e9tails de l&#8217;\u00e9v\u00e9nement sont susceptibles d&#8217;\u00eatre modifi\u00e9s. Isagenix se r\u00e9serve le droit de v\u00e9rifier, d&#8217;ajuster ou de refuser tout volume, toute r\u00e9mun\u00e9ration, toute reconnaissance ou tout autre incitatif accord\u00e9 pendant ou \u00e0 la suite de ce concours afin de s&#8217;assurer que l&#8217;esprit du concours est respect\u00e9. Tous les membres sont soumis \u00e0 des v\u00e9rifications de conformit\u00e9 standard pendant et apr\u00e8s la cl\u00f4ture du concours ; les prix peuvent \u00eatre retir\u00e9s par Isagenix \u00e0 tout moment. Les questions de conformit\u00e9 en suspens affecteront l&#8217;\u00c9ligibilit\u00e9 au prix final. Toutes les inscriptions, parrainages et commandes de produits doivent \u00eatre conformes au Code de d\u00e9ontologie et aux politiques et proc\u00e9dures, disponibles sur le site IsagenixCompliance.com. Les inscriptions doivent \u00eatre uniques et valides Client-e Privil\u00e9gi\u00e9-e ou Associ\u00e9-e, et Isagenix se r\u00e9serve le droit de consid\u00e9rer toute inscription comme nulle aux fins du concours dans le cas o\u00f9 Isagenix, \u00e0 sa seule discr\u00e9tion, d\u00e9terminerait qu&#8217;une inscription est le produit d&#8217;une fraude, d&#8217;une manipulation ou d&#8217;une tromperie. Le titulaire du compte ne peut pas utiliser sa carte de cr\u00e9dit personnelle ou son mode de paiement sur plusieurs comptes non li\u00e9s \u00e0 la famille pendant toute la dur\u00e9e du concours. La carte de cr\u00e9dit du titulaire du compte ne peut pas \u00eatre utilis\u00e9e sur des avances de Consultant. Toute personne qui tente de manipuler le plan de r\u00e9mun\u00e9ration ou le concours, ou qui tente autrement de contourner les r\u00e8gles, perd tout droit \u00e0 des points et \u00e0 recevoir un prix et sera disqualifi\u00e9e du concours. Les participants doivent \u00eatre un Associ\u00e9 actif d&#8217;Isagenix et le rester pendant toute la dur\u00e9e du concours et jusqu&#8217;aux dates du voyage. Le statut Actif au sein d&#8217;Isagenix exige que tu commandes un minimum de 100 QV tous les 30 jours calendaires.<\/p>\n<\/div><\/div><\/div><\/div><\/div><\/p>\n","protected":false},"excerpt":{"rendered":"","protected":false},"author":18293,"featured_media":0,"parent":0,"menu_order":0,"comment_status":"closed","ping_status":"closed","template":"","meta":{"_acf_changed":false,"footnotes":""},"class_list":["post-205968","page","type-page","status-publish","hentry"],"acf":[],"_links":{"self":[{"href":"https:\/\/eu.isagenixbusiness.com\/fr-eu\/wp-json\/wp\/v2\/pages\/205968","targetHints":{"allow":["GET"]}}],"collection":[{"href":"https:\/\/eu.isagenixbusiness.com\/fr-eu\/wp-json\/wp\/v2\/pages"}],"about":[{"href":"https:\/\/eu.isagenixbusiness.com\/fr-eu\/wp-json\/wp\/v2\/types\/page"}],"author":[{"embeddable":true,"href":"https:\/\/eu.isagenixbusiness.com\/fr-eu\/wp-json\/wp\/v2\/users\/18293"}],"replies":[{"embeddable":true,"href":"https:\/\/eu.isagenixbusiness.com\/fr-eu\/wp-json\/wp\/v2\/comments?post=205968"}],"version-history":[{"count":4,"href":"https:\/\/eu.isagenixbusiness.com\/fr-eu\/wp-json\/wp\/v2\/pages\/205968\/revisions"}],"predecessor-version":[{"id":206268,"href":"https:\/\/eu.isagenixbusiness.com\/fr-eu\/wp-json\/wp\/v2\/pages\/205968\/revisions\/206268"}],"wp:attachment":[{"href":"https:\/\/eu.isagenixbusiness.com\/fr-eu\/wp-json\/wp\/v2\/media?parent=205968"}],"curies":[{"name":"wp","href":"https:\/\/api.w.org\/{rel}","templated":true}]}}