{"id":206568,"date":"2024-07-09T12:00:12","date_gmt":"2024-07-09T11:00:12","guid":{"rendered":"https:\/\/eu.isagenixbusiness.com\/?page_id=206568"},"modified":"2025-09-17T08:42:06","modified_gmt":"2025-09-17T07:42:06","slug":"sales-tools","status":"publish","type":"page","link":"https:\/\/eu.isagenixbusiness.com\/fr-eu\/sales-tools\/","title":{"rendered":"Sales Tools"},"content":{"rendered":"<p><div class=\"fusion-fullwidth fullwidth-box fusion-builder-row-1 fusion-flex-container has-pattern-background has-mask-background fusion-parallax-none nonhundred-percent-fullwidth non-hundred-percent-height-scrolling\" style=\"--awb-background-blend-mode:overlay;--awb-border-radius-top-left:0px;--awb-border-radius-top-right:0px;--awb-border-radius-bottom-right:0px;--awb-border-radius-bottom-left:0px;--awb-min-height:200px;--awb-background-color:rgba(0,0,0,0);--awb-background-image:url(&quot;https:\/\/eu.isagenixbusiness.com\/wp-content\/uploads\/2022\/12\/generic-banner-1024x358.png&quot;);--awb-background-size:cover;--awb-flex-wrap:wrap;\" ><div class=\"fusion-builder-row fusion-row fusion-flex-align-items-center fusion-flex-align-content-center fusion-flex-justify-content-center fusion-flex-content-wrap\" style=\"max-width:1497.6px;margin-left: calc(-4% \/ 2 );margin-right: calc(-4% \/ 2 );\"><div class=\"fusion-layout-column fusion_builder_column fusion-builder-column-0 fusion_builder_column_1_1 1_1 fusion-flex-column\" style=\"--awb-bg-size:cover;--awb-width-large:100%;--awb-margin-top-large:0px;--awb-spacing-right-large:1.92%;--awb-margin-bottom-large:20px;--awb-spacing-left-large:1.92%;--awb-width-medium:100%;--awb-order-medium:0;--awb-spacing-right-medium:1.92%;--awb-spacing-left-medium:1.92%;--awb-width-small:100%;--awb-order-small:0;--awb-spacing-right-small:1.92%;--awb-spacing-left-small:1.92%;\"><div class=\"fusion-column-wrapper fusion-column-has-shadow fusion-flex-justify-content-flex-start fusion-content-layout-column\"><div class=\"fusion-title title fusion-title-1 fusion-title-center fusion-title-text fusion-title-size-one\" style=\"--awb-text-color:var(--awb-color1);--awb-margin-top:45px;--awb-margin-top-small:0px;--awb-margin-right-small:0px;--awb-margin-bottom-small:20px;--awb-margin-left-small:0px;--awb-font-size:35px;\"><div class=\"title-sep-container title-sep-container-left\"><div class=\"title-sep sep- sep-solid\" style=\"border-color:#eeefee;\"><\/div><\/div><span class=\"awb-title-spacer\"><\/span><h1 class=\"fusion-title-heading title-heading-center fusion-responsive-typography-calculated\" style=\"font-family:&quot;Nunito Sans&quot;;font-style:normal;font-weight:200;margin:0;text-transform:uppercase;font-size:1em;--fontSize:35;line-height:1;\">OUTILS DE VENTE<\/h1><span class=\"awb-title-spacer\"><\/span><div class=\"title-sep-container title-sep-container-right\"><div class=\"title-sep sep- sep-solid\" style=\"border-color:#eeefee;\"><\/div><\/div><\/div><\/div><\/div><\/div><\/div><div class=\"fusion-fullwidth fullwidth-box fusion-builder-row-2 fusion-flex-container has-pattern-background has-mask-background nonhundred-percent-fullwidth non-hundred-percent-height-scrolling\" style=\"--link_color: #bbcdcf;--awb-border-radius-top-left:0px;--awb-border-radius-top-right:0px;--awb-border-radius-bottom-right:0px;--awb-border-radius-bottom-left:0px;--awb-padding-top:0px;--awb-padding-bottom:0px;--awb-background-color:var(--awb-custom_color_2);--awb-flex-wrap:wrap;\" ><div class=\"fusion-builder-row fusion-row fusion-flex-align-items-flex-start fusion-flex-content-wrap\" style=\"max-width:1497.6px;margin-left: calc(-4% \/ 2 );margin-right: calc(-4% \/ 2 );\"><div class=\"fusion-layout-column fusion_builder_column fusion-builder-column-1 fusion_builder_column_1_1 1_1 fusion-flex-column fusion-flex-align-self-center\" style=\"--awb-padding-top:5px;--awb-padding-bottom:5px;--awb-bg-size:cover;--awb-width-large:100%;--awb-margin-top-large:0px;--awb-spacing-right-large:1.92%;--awb-margin-bottom-large:20px;--awb-spacing-left-large:1.92%;--awb-width-medium:100%;--awb-order-medium:0;--awb-spacing-right-medium:1.92%;--awb-spacing-left-medium:1.92%;--awb-width-small:100%;--awb-order-small:0;--awb-spacing-right-small:1.92%;--awb-spacing-left-small:1.92%;\" data-scroll-devices=\"small-visibility,medium-visibility,large-visibility\"><div class=\"fusion-column-wrapper fusion-column-has-shadow fusion-flex-justify-content-space-evenly fusion-content-layout-column\"><div class=\"fusion-text fusion-text-1\" style=\"--awb-font-size:25px;--awb-text-transform:uppercase;--awb-text-color:#074854;--awb-margin-top:30px;--awb-text-font-family:&quot;Nunito Sans&quot;;--awb-text-font-style:normal;--awb-text-font-weight:600;\"><h2 style=\"text-align: center; font-family: 'DM Serif Display';\"><span style=\"color: var(--awb-text-color); font-family: var(--awb-text-font-family); font-size: var(--awb-font-size); font-style: var(--awb-text-font-style); font-weight: var(--awb-text-font-weight); letter-spacing: var(--awb-letter-spacing); text-align: var(--awb-content-alignment); text-transform: var(--awb-text-transform); background-color: var(--awb-bg-color);\">Tu cherches un moyen simple de partager l\u2019opportunit\u00e9<br \/>\nIsagenix avec tes clients potentiels ?<\/span><\/h2>\n<\/div><\/div><\/div><\/div><\/div><div class=\"fusion-fullwidth fullwidth-box fusion-builder-row-3 fusion-flex-container has-pattern-background has-mask-background nonhundred-percent-fullwidth non-hundred-percent-height-scrolling\" style=\"--awb-border-radius-top-left:0px;--awb-border-radius-top-right:0px;--awb-border-radius-bottom-right:0px;--awb-border-radius-bottom-left:0px;--awb-padding-top:;--awb-padding-bottom:;--awb-flex-wrap:wrap;\" ><div class=\"fusion-builder-row fusion-row fusion-flex-align-items-flex-start fusion-flex-justify-content-space-evenly fusion-flex-content-wrap\" style=\"max-width:1497.6px;margin-left: calc(-4% \/ 2 );margin-right: calc(-4% \/ 2 );\"><div class=\"fusion-layout-column fusion_builder_column fusion-builder-column-2 fusion-flex-column fusion-flex-align-self-flex-start\" style=\"--awb-padding-top:30px;--awb-padding-bottom:-15px;--awb-bg-size:cover;--awb-width-large:40%;--awb-margin-top-large:0px;--awb-spacing-right-large:4.8%;--awb-margin-bottom-large:20px;--awb-spacing-left-large:4.8%;--awb-width-medium:50%;--awb-order-medium:0;--awb-spacing-right-medium:3.84%;--awb-spacing-left-medium:3.84%;--awb-width-small:100%;--awb-order-small:0;--awb-spacing-right-small:1.92%;--awb-spacing-left-small:1.92%;\" data-scroll-devices=\"small-visibility,medium-visibility,large-visibility\"><div class=\"fusion-column-wrapper fusion-column-has-shadow fusion-flex-justify-content-space-evenly fusion-content-layout-column\"><div class=\"fusion-image-element \" style=\"--awb-aspect-ratio:3 \/ 2;--awb-object-position:51% 50%;--awb-margin-top:30px;--awb-caption-title-font-family:var(--h2_typography-font-family);--awb-caption-title-font-weight:var(--h2_typography-font-weight);--awb-caption-title-font-style:var(--h2_typography-font-style);--awb-caption-title-size:var(--h2_typography-font-size);--awb-caption-title-transform:var(--h2_typography-text-transform);--awb-caption-title-line-height:var(--h2_typography-line-height);--awb-caption-title-letter-spacing:var(--h2_typography-letter-spacing);\"><span class=\" fusion-imageframe imageframe-none imageframe-1 hover-type-none has-aspect-ratio\"><img decoding=\"async\" width=\"1500\" height=\"1000\" title=\"Image New Opp Tool\" src=\"https:\/\/eu.isagenixbusiness.com\/wp-content\/uploads\/2025\/01\/Image-New-Opp-Tool.png\" class=\"img-responsive wp-image-212950 img-with-aspect-ratio\" data-parent-fit=\"cover\" data-parent-container=\".fusion-image-element\" alt srcset=\"https:\/\/eu.isagenixbusiness.com\/wp-content\/uploads\/2025\/01\/Image-New-Opp-Tool-200x133.png 200w, https:\/\/eu.isagenixbusiness.com\/wp-content\/uploads\/2025\/01\/Image-New-Opp-Tool-400x267.png 400w, https:\/\/eu.isagenixbusiness.com\/wp-content\/uploads\/2025\/01\/Image-New-Opp-Tool-600x400.png 600w, https:\/\/eu.isagenixbusiness.com\/wp-content\/uploads\/2025\/01\/Image-New-Opp-Tool-800x533.png 800w, https:\/\/eu.isagenixbusiness.com\/wp-content\/uploads\/2025\/01\/Image-New-Opp-Tool-1200x800.png 1200w, https:\/\/eu.isagenixbusiness.com\/wp-content\/uploads\/2025\/01\/Image-New-Opp-Tool.png 1500w\" sizes=\"(max-width: 1024px) 100vw, (max-width: 640px) 100vw, 1500px\" \/><\/span><\/div><div class=\"fusion-text fusion-text-2 fusion-text-no-margin\" style=\"--awb-content-alignment:center;--awb-font-size:30px;--awb-letter-spacing:1.8px;--awb-text-transform:uppercase;--awb-margin-top:25px;--awb-margin-bottom:10px;--awb-text-font-family:&quot;Nunito Sans&quot;;--awb-text-font-style:normal;--awb-text-font-weight:200;\"><p>OPPORTUNITY TOOL<\/p>\n<\/div><div class=\"fusion-text fusion-text-3 fusion-text-no-margin\" style=\"--awb-content-alignment:justify;--awb-font-size:15px;--awb-margin-bottom:45px;--awb-text-font-family:&quot;Nunito Sans&quot;;--awb-text-font-style:normal;--awb-text-font-weight:400;\"><p>Notre<strong> nouvel outil Opportunity Tool<\/strong> est ta ressource tout-en-un pour partager les activit\u00e9s commerciales d&#8217;Isagenix et parrainer de nouveaux clients. Il met en \u00e9vidence les principaux arguments de vente et offre un soutien efficace pour d\u00e9velopper tes activit\u00e9s commerciales et pr\u00e9senter aux clients nos packs phares.<\/p>\n<\/div><div ><a class=\"fusion-button button-flat button-medium button-default fusion-button-default button-1 fusion-button-span-yes \" style=\"--button_text_transform:capitalize;--button_typography-font-family:&quot;Nunito Sans&quot;;--button_typography-font-style:normal;--button_typography-font-weight:400;--button_margin-bottom:12px;\" target=\"_self\" href=\"https:\/\/www.isagenix.com\/~\/media\/2822075C35C64B14B3F6F66894722C47\"><span class=\"fusion-button-text awb-button__text awb-button__text--default\">OPPORTUNITY TOOL &#8211; FR<\/span><\/a><\/div><div ><a class=\"fusion-button button-flat button-medium button-default fusion-button-default button-2 fusion-button-span-yes \" style=\"--button_text_transform:capitalize;--button_typography-font-family:&quot;Nunito Sans&quot;;--button_typography-font-style:normal;--button_typography-font-weight:400;--button_margin-bottom:12px;\" target=\"_self\" href=\"https:\/\/www.isagenix.com\/~\/media\/1D7B1060B46B4512B922EEFC632610B6\"><span class=\"fusion-button-text awb-button__text awb-button__text--default\">OPPORTUNITY TOOL &#8211; BE<\/span><\/a><\/div><div ><a class=\"fusion-button button-flat button-medium button-default fusion-button-default button-3 fusion-button-span-yes fusion-button-default-type\" style=\"--button_text_transform:uppercase;--button_typography-font-family:&quot;Nunito Sans&quot;;--button_typography-font-style:normal;--button_typography-font-weight:600;\" target=\"_self\" href=\"https:\/\/www.isagenix.com\/~\/media\/413E0840BBF54DA78BB694A2A4D0D82D\"><span class=\"fusion-button-text awb-button__text awb-button__text--default\">T\u00e9l\u00e9charger la page formation<\/span><\/a><\/div><\/div><\/div><div class=\"fusion-layout-column fusion_builder_column fusion-builder-column-3 fusion-flex-column fusion-flex-align-self-flex-start\" style=\"--awb-padding-top:30px;--awb-padding-bottom:-15px;--awb-bg-size:cover;--awb-width-large:40%;--awb-margin-top-large:0px;--awb-spacing-right-large:4.8%;--awb-margin-bottom-large:20px;--awb-spacing-left-large:4.8%;--awb-width-medium:50%;--awb-order-medium:0;--awb-spacing-right-medium:3.84%;--awb-spacing-left-medium:3.84%;--awb-width-small:100%;--awb-order-small:0;--awb-spacing-right-small:1.92%;--awb-spacing-left-small:1.92%;\" data-scroll-devices=\"small-visibility,medium-visibility,large-visibility\"><div class=\"fusion-column-wrapper fusion-column-has-shadow fusion-flex-justify-content-flex-start fusion-content-layout-column\"><div class=\"fusion-image-element \" style=\"--awb-aspect-ratio:3 \/ 2;--awb-object-position:51% 50%;--awb-margin-top:30px;--awb-caption-title-font-family:var(--h2_typography-font-family);--awb-caption-title-font-weight:var(--h2_typography-font-weight);--awb-caption-title-font-style:var(--h2_typography-font-style);--awb-caption-title-size:var(--h2_typography-font-size);--awb-caption-title-transform:var(--h2_typography-text-transform);--awb-caption-title-line-height:var(--h2_typography-line-height);--awb-caption-title-letter-spacing:var(--h2_typography-letter-spacing);\"><span class=\" fusion-imageframe imageframe-none imageframe-2 hover-type-none has-aspect-ratio\"><img decoding=\"async\" width=\"4000\" height=\"2667\" title=\"Page mock up\" src=\"https:\/\/eu.isagenixbusiness.com\/wp-content\/uploads\/2025\/01\/Page-mock-up.png\" class=\"img-responsive wp-image-212959 img-with-aspect-ratio\" data-parent-fit=\"cover\" data-parent-container=\".fusion-image-element\" alt srcset=\"https:\/\/eu.isagenixbusiness.com\/wp-content\/uploads\/2025\/01\/Page-mock-up-200x133.png 200w, https:\/\/eu.isagenixbusiness.com\/wp-content\/uploads\/2025\/01\/Page-mock-up-400x267.png 400w, https:\/\/eu.isagenixbusiness.com\/wp-content\/uploads\/2025\/01\/Page-mock-up-600x400.png 600w, https:\/\/eu.isagenixbusiness.com\/wp-content\/uploads\/2025\/01\/Page-mock-up-800x533.png 800w, https:\/\/eu.isagenixbusiness.com\/wp-content\/uploads\/2025\/01\/Page-mock-up-1200x800.png 1200w, https:\/\/eu.isagenixbusiness.com\/wp-content\/uploads\/2025\/01\/Page-mock-up.png 4000w\" sizes=\"(max-width: 1024px) 100vw, (max-width: 640px) 100vw, 4000px\" \/><\/span><\/div><div class=\"fusion-text fusion-text-4 fusion-text-no-margin\" style=\"--awb-content-alignment:center;--awb-font-size:30px;--awb-letter-spacing:0.7px;--awb-text-transform:uppercase;--awb-margin-top:25px;--awb-margin-bottom:10px;--awb-text-font-family:&quot;Nunito Sans&quot;;--awb-text-font-style:normal;--awb-text-font-weight:200;\"><p>R\u00c9UNION D&#8217;OPPORTUNIT\u00c9<\/p>\n<\/div><div class=\"fusion-text fusion-text-5 fusion-text-no-margin\" style=\"--awb-content-alignment:justify;--awb-font-size:15px;--awb-margin-bottom:87px;--awb-text-font-family:&quot;Nunito Sans&quot;;--awb-text-font-style:normal;--awb-text-font-weight:400;\"><p>La pr\u00e9sentation de la r\u00e9union d&#8217;opportunit\u00e9 te fournira une base solide pour pr\u00e9senter Isagenix \u00e0 tes prospects.<\/p>\n<\/div><div ><a class=\"fusion-button button-flat button-medium button-default fusion-button-default button-4 fusion-button-span-yes \" style=\"--button_text_transform:uppercase;--button_typography-font-family:&quot;Nunito Sans&quot;;--button_typography-font-style:normal;--button_typography-font-weight:600;--button_margin-bottom:12px;\" target=\"_self\" href=\"https:\/\/www.isagenix.com\/~\/media\/F2D1EC3EB4BD43E5B185A4C8C3F69696\"><span class=\"fusion-button-text awb-button__text awb-button__text--default\">T\u00e9l\u00e9charger la pr\u00e9sentation<\/span><\/a><\/div><\/div><\/div><\/div><\/div><div class=\"fusion-fullwidth fullwidth-box fusion-builder-row-4 fusion-flex-container has-pattern-background has-mask-background nonhundred-percent-fullwidth non-hundred-percent-height-scrolling\" style=\"--awb-border-radius-top-left:0px;--awb-border-radius-top-right:0px;--awb-border-radius-bottom-right:0px;--awb-border-radius-bottom-left:0px;--awb-padding-top:60px;--awb-padding-bottom:50px;--awb-background-color:#dcf1f2;--awb-flex-wrap:wrap;\" ><div class=\"fusion-builder-row fusion-row fusion-flex-align-items-flex-start fusion-flex-content-wrap\" style=\"max-width:1497.6px;margin-left: calc(-4% \/ 2 );margin-right: calc(-4% \/ 2 );\"><div class=\"fusion-layout-column fusion_builder_column fusion-builder-column-4 fusion_builder_column_2_5 2_5 fusion-flex-column\" style=\"--awb-padding-left:60px;--awb-bg-size:cover;--awb-width-large:40%;--awb-margin-top-large:0px;--awb-spacing-right-large:4.8%;--awb-margin-bottom-large:20px;--awb-spacing-left-large:4.8%;--awb-width-medium:100%;--awb-order-medium:0;--awb-spacing-right-medium:1.92%;--awb-spacing-left-medium:1.92%;--awb-width-small:100%;--awb-order-small:0;--awb-spacing-right-small:1.92%;--awb-spacing-left-small:1.92%;\" data-scroll-devices=\"small-visibility,medium-visibility,large-visibility\"><div class=\"fusion-column-wrapper fusion-column-has-shadow fusion-flex-justify-content-flex-start fusion-content-layout-column\"><div class=\"fusion-title title fusion-title-2 fusion-title-text fusion-title-size-one\" style=\"--awb-text-color:var(--awb-color3);--awb-margin-top-small:0px;--awb-margin-right-small:0px;--awb-margin-bottom-small:20px;--awb-margin-left-small:0px;--awb-font-size:38px;\"><div class=\"title-sep-container title-sep-container-left fusion-no-large-visibility fusion-no-medium-visibility fusion-no-small-visibility\"><div class=\"title-sep sep- sep-solid\" style=\"border-color:#eeefee;\"><\/div><\/div><span class=\"awb-title-spacer fusion-no-large-visibility fusion-no-medium-visibility fusion-no-small-visibility\"><\/span><h1 class=\"fusion-title-heading title-heading-left fusion-responsive-typography-calculated\" style=\"font-family:&quot;DM Serif Display&quot;;font-style:normal;font-weight:400;margin:0;letter-spacing:0.6px;text-transform:none;font-size:1em;--fontSize:38;line-height:1;\">Comment prot\u00e9ger tes activit\u00e9s commerciales Isagenix ?<\/h1><span class=\"awb-title-spacer\"><\/span><div class=\"title-sep-container title-sep-container-right\"><div class=\"title-sep sep- sep-solid\" style=\"border-color:#eeefee;\"><\/div><\/div><\/div><div class=\"fusion-text fusion-text-6 fusion-text-no-margin\" style=\"--awb-font-size:18px;--awb-text-transform:none;--awb-margin-bottom:30px;--awb-text-font-family:&quot;Nunito Sans&quot;;--awb-text-font-style:normal;--awb-text-font-weight:400;\"><p>Il est essentiel de construire correctement tes activit\u00e9s commerciales Isagenix pour les prot\u00e9ger, aujourd&#8217;hui et \u00e0 l&#8217;avenir.<\/p>\n<p>Regarde notre nouvelle et courte vid\u00e9o sur la conformit\u00e9 dans laquelle nous t&#8217;expliquons les principes importants que tu dois suivre lorsque tu partages des informations sur les produits Isagenix, les r\u00e9sultats de la Transformation et l&#8217;opportunit\u00e9 de revenus.<\/p>\n<\/div><div style=\"text-align:left;\"><a class=\"fusion-button button-flat fusion-button-default-size button-default fusion-button-default button-5 fusion-button-default-span fusion-button-default-type\" target=\"_self\" href=\"https:\/\/www.isagenix.com\/en-gb\/isagenix-compliance\"><span class=\"fusion-button-text awb-button__text awb-button__text--default\">Ressources sur la conformit\u00e9<\/span><\/a><\/div><\/div><\/div><div class=\"fusion-layout-column fusion_builder_column fusion-builder-column-5 fusion_builder_column_3_5 3_5 fusion-flex-column\" style=\"--awb-bg-size:cover;--awb-width-large:60%;--awb-margin-top-large:0px;--awb-spacing-right-large:3.2%;--awb-margin-bottom-large:20px;--awb-spacing-left-large:3.2%;--awb-width-medium:100%;--awb-order-medium:0;--awb-spacing-right-medium:1.92%;--awb-spacing-left-medium:1.92%;--awb-width-small:100%;--awb-order-small:0;--awb-spacing-right-small:1.92%;--awb-spacing-left-small:1.92%;\" data-scroll-devices=\"small-visibility,medium-visibility,large-visibility\"><div class=\"fusion-column-wrapper fusion-column-has-shadow fusion-flex-justify-content-flex-start fusion-content-layout-column\"><div class=\"fusion-video fusion-vimeo\" style=\"--awb-max-width:600px;--awb-max-height:360px;--awb-align-self:center;--awb-width:100%;\"><div class=\"video-shortcode\"><div class=\"fluid-width-video-wrapper\" style=\"padding-top:60%;\" ><iframe title=\"Vimeo video player 1\" src=\"https:\/\/player.vimeo.com\/video\/879708067?autoplay=0&amp;autopause=0\" width=\"600\" height=\"360\" allowfullscreen allow=\"autoplay; fullscreen\"><\/iframe><\/div><\/div><\/div><\/div><\/div><\/div><\/div><div class=\"fusion-fullwidth fullwidth-box fusion-builder-row-5 fusion-flex-container has-pattern-background has-mask-background nonhundred-percent-fullwidth non-hundred-percent-height-scrolling\" style=\"--awb-border-radius-top-left:0px;--awb-border-radius-top-right:0px;--awb-border-radius-bottom-right:0px;--awb-border-radius-bottom-left:0px;--awb-padding-top:23px;--awb-padding-right:40px;--awb-padding-left:60px;--awb-flex-wrap:wrap;\" ><div class=\"fusion-builder-row fusion-row fusion-flex-align-items-flex-start fusion-flex-content-wrap\" style=\"max-width:1497.6px;margin-left: calc(-4% \/ 2 );margin-right: calc(-4% \/ 2 );\"><div class=\"fusion-layout-column fusion_builder_column fusion-builder-column-6 fusion_builder_column_1_1 1_1 fusion-flex-column\" style=\"--awb-bg-size:cover;--awb-width-large:100%;--awb-margin-top-large:0px;--awb-spacing-right-large:1.92%;--awb-margin-bottom-large:20px;--awb-spacing-left-large:1.92%;--awb-width-medium:100%;--awb-order-medium:0;--awb-spacing-right-medium:1.92%;--awb-spacing-left-medium:1.92%;--awb-width-small:100%;--awb-order-small:0;--awb-spacing-right-small:1.92%;--awb-spacing-left-small:1.92%;\"><div class=\"fusion-column-wrapper fusion-column-has-shadow fusion-flex-justify-content-flex-start fusion-content-layout-column\"><div class=\"fusion-text fusion-text-7\"><p><strong>AVIS DE NON-RESPONSABILIT\u00c9 RELATIF AUX REVENUS<\/strong><\/p>\n<p>La possibilit\u00e9 de g\u00e9n\u00e9rer des revenus dans le cadre du Plan de r\u00e9mun\u00e9ration Isagenix d\u00e9pend de nombreux facteurs, notamment l\u2019activit\u00e9 de l\u2019Associ\u00e9, ses comp\u00e9tences sociales et commerciales, son ambition et son niveau d\u2019activit\u00e9, sa disponibilit\u00e9 et ses ressources financi\u00e8res, ainsi que l\u2019acc\u00e8s \u00e0 un grand r\u00e9seau de proches, d\u2019amis et de contacts professionnels. Isagenix ne peut garantir et ne garantit aucun niveau de r\u00e9mun\u00e9ration particulier. M\u00eame les Associ\u00e9s qui consacrent beaucoup de temps, d\u2019efforts, et de fonds personnels \u00e0 leur activit\u00e9 peuvent ne pas se voir couronn\u00e9s de succ\u00e8s. Pour plus d\u2019informations, consultez IsagenixEarnings.com.<\/p>\n<\/div><\/div><\/div><\/div><\/div><\/p>\n","protected":false},"excerpt":{"rendered":"","protected":false},"author":18293,"featured_media":0,"parent":0,"menu_order":0,"comment_status":"closed","ping_status":"closed","template":"100-width.php","meta":{"_acf_changed":false,"footnotes":""},"class_list":["post-206568","page","type-page","status-publish","hentry"],"acf":[],"_links":{"self":[{"href":"https:\/\/eu.isagenixbusiness.com\/fr-eu\/wp-json\/wp\/v2\/pages\/206568","targetHints":{"allow":["GET"]}}],"collection":[{"href":"https:\/\/eu.isagenixbusiness.com\/fr-eu\/wp-json\/wp\/v2\/pages"}],"about":[{"href":"https:\/\/eu.isagenixbusiness.com\/fr-eu\/wp-json\/wp\/v2\/types\/page"}],"author":[{"embeddable":true,"href":"https:\/\/eu.isagenixbusiness.com\/fr-eu\/wp-json\/wp\/v2\/users\/18293"}],"replies":[{"embeddable":true,"href":"https:\/\/eu.isagenixbusiness.com\/fr-eu\/wp-json\/wp\/v2\/comments?post=206568"}],"version-history":[{"count":22,"href":"https:\/\/eu.isagenixbusiness.com\/fr-eu\/wp-json\/wp\/v2\/pages\/206568\/revisions"}],"predecessor-version":[{"id":226001,"href":"https:\/\/eu.isagenixbusiness.com\/fr-eu\/wp-json\/wp\/v2\/pages\/206568\/revisions\/226001"}],"wp:attachment":[{"href":"https:\/\/eu.isagenixbusiness.com\/fr-eu\/wp-json\/wp\/v2\/media?parent=206568"}],"curies":[{"name":"wp","href":"https:\/\/api.w.org\/{rel}","templated":true}]}}