{"id":206919,"date":"2024-07-28T00:00:20","date_gmt":"2024-07-27T23:00:20","guid":{"rendered":"https:\/\/eu.isagenixbusiness.com\/?page_id=206919"},"modified":"2024-08-21T08:39:03","modified_gmt":"2024-08-21T07:39:03","slug":"gift-with-enrolment-free-celletoi","status":"publish","type":"page","link":"https:\/\/eu.isagenixbusiness.com\/fr-eu\/gift-with-enrolment-free-celletoi\/","title":{"rendered":"Gift with Enrolment \u2013 FREE CELLETOI [fr]"},"content":{"rendered":"<p><div class=\"fusion-fullwidth fullwidth-box fusion-builder-row-1 fusion-flex-container has-pattern-background has-mask-background fusion-parallax-none nonhundred-percent-fullwidth non-hundred-percent-height-scrolling\" style=\"--awb-background-blend-mode:overlay;--awb-border-radius-top-left:0px;--awb-border-radius-top-right:0px;--awb-border-radius-bottom-right:0px;--awb-border-radius-bottom-left:0px;--awb-min-height:150px;--awb-background-color:rgba(0,0,0,0.5);--awb-background-image:url(&quot;https:\/\/eu.isagenixbusiness.com\/wp-content\/uploads\/2024\/06\/Intro-Background-copy-1-300x150.jpg&quot;);--awb-background-size:cover;--awb-flex-wrap:wrap;\" ><div class=\"fusion-builder-row fusion-row fusion-flex-align-items-center fusion-flex-align-content-center fusion-flex-justify-content-center fusion-flex-content-wrap\" style=\"max-width:1497.6px;margin-left: calc(-4% \/ 2 );margin-right: calc(-4% \/ 2 );\"><div class=\"fusion-layout-column fusion_builder_column fusion-builder-column-0 fusion_builder_column_1_1 1_1 fusion-flex-column fusion-flex-align-self-center fusion-column-inner-bg-wrapper\" style=\"--awb-inner-bg-size:cover;--awb-width-large:100%;--awb-margin-top-large:0px;--awb-spacing-right-large:1.92%;--awb-margin-bottom-large:0px;--awb-spacing-left-large:1.92%;--awb-width-medium:100%;--awb-order-medium:0;--awb-spacing-right-medium:1.92%;--awb-spacing-left-medium:1.92%;--awb-width-small:100%;--awb-order-small:0;--awb-spacing-right-small:1.92%;--awb-spacing-left-small:1.92%;\" data-scroll-devices=\"small-visibility,medium-visibility,large-visibility\"><span class=\"fusion-column-inner-bg hover-type-none\"><a class=\"fusion-column-anchor\" href=\"https:\/\/eu.isagenixbusiness.com\/fr-eu\/august-promotions\/\"><span class=\"fusion-column-inner-bg-image\"><\/span><\/a><\/span><div class=\"fusion-column-wrapper fusion-column-has-shadow fusion-flex-justify-content-space-evenly fusion-content-layout-column\"><div class=\"fusion-text fusion-text-1\" style=\"--awb-font-size:40px;--awb-letter-spacing:2px;--awb-text-color:var(--awb-color1);--awb-margin-top:25px;--awb-text-font-family:&quot;Nunito Sans&quot;;--awb-text-font-style:normal;--awb-text-font-weight:200;\"><p class=\"cvGsUA direction-ltr align-center para-style-body\" style=\"text-align: center;\"><span class=\"OYPEnA font-feature-liga-off font-feature-clig-off font-feature-calt-off text-decoration-none text-strikethrough-none\">PROMOTIONS <\/span><span class=\"OYPEnA font-feature-liga-off font-feature-clig-off font-feature-calt-off text-decoration-none text-strikethrough-none\">D&#8217;AO\u00dbT<\/span><\/p>\n<\/div><div class=\"fusion-text fusion-text-2 fusion-text-no-margin\" style=\"--awb-content-alignment:center;--awb-text-transform:none;\"><div style=\"text-align: center;\">\n<p style=\"color: var(--awb-color1);\"><span class=\"OYPEnA font-feature-liga-off font-feature-clig-off font-feature-calt-off text-decoration-none text-strikethrough-none\">29 JUILLET &#8211; 25 AO\u00dbT<\/span><\/p>\n<\/div>\n<\/div><\/div><\/div><\/div><\/div><div class=\"fusion-fullwidth fullwidth-box fusion-builder-row-2 fusion-flex-container nonhundred-percent-fullwidth non-hundred-percent-height-scrolling fusion-custom-z-index\" style=\"--awb-border-radius-top-left:0px;--awb-border-radius-top-right:0px;--awb-border-radius-bottom-right:0px;--awb-border-radius-bottom-left:0px;--awb-z-index:152;--awb-padding-top-small:10px;--awb-padding-bottom-small:10px;--awb-background-color:#f2f2f2;--awb-flex-wrap:wrap;\" ><div class=\"fusion-builder-row fusion-row fusion-flex-align-items-flex-start fusion-flex-content-wrap\" style=\"max-width:1497.6px;margin-left: calc(-4% \/ 2 );margin-right: calc(-4% \/ 2 );\"><div class=\"fusion-layout-column fusion_builder_column fusion-builder-column-1 fusion_builder_column_1_1 1_1 fusion-flex-column\" style=\"--awb-bg-size:cover;--awb-width-large:100%;--awb-margin-top-large:0px;--awb-spacing-right-large:1.92%;--awb-margin-bottom-large:0px;--awb-spacing-left-large:1.92%;--awb-width-medium:100%;--awb-order-medium:0;--awb-spacing-right-medium:1.92%;--awb-spacing-left-medium:1.92%;--awb-width-small:100%;--awb-order-small:0;--awb-spacing-right-small:1.92%;--awb-spacing-left-small:1.92%;\"><div class=\"fusion-column-wrapper fusion-column-has-shadow fusion-flex-justify-content-flex-start fusion-content-layout-column\"><nav class=\"awb-menu awb-menu_row awb-menu_em-hover mobile-mode-collapse-to-button awb-menu_icons-left awb-menu_dc-yes mobile-trigger-fullwidth-off awb-menu_mobile-toggle awb-menu_indent-left mobile-size-full-absolute loading mega-menu-loading awb-menu_desktop awb-menu_dropdown awb-menu_expand-right awb-menu_transition-fade\" style=\"--awb-text-transform:uppercase;--awb-gap:10px;--awb-justify-content:space-evenly;--awb-items-padding-top:5px;--awb-items-padding-right:5px;--awb-items-padding-bottom:5px;--awb-items-padding-left:5px;--awb-color:#54585a;--awb-active-color:#54585a;--awb-active-border-bottom:3px;--awb-active-border-color:#00778b;--awb-submenu-text-transform:none;--awb-main-justify-content:flex-start;--awb-mobile-justify:flex-start;--awb-mobile-caret-left:auto;--awb-mobile-caret-right:0;--awb-fusion-font-family-typography:&quot;Nunito Sans&quot;;--awb-fusion-font-style-typography:normal;--awb-fusion-font-weight-typography:400;--awb-fusion-font-family-submenu-typography:inherit;--awb-fusion-font-style-submenu-typography:normal;--awb-fusion-font-weight-submenu-typography:400;--awb-fusion-font-family-mobile-typography:inherit;--awb-fusion-font-style-mobile-typography:normal;--awb-fusion-font-weight-mobile-typography:400;\" aria-label=\"August Promotions\" data-breakpoint=\"0\" data-count=\"0\" data-transition-type=\"fade\" data-transition-time=\"300\" data-expand=\"right\"><ul id=\"menu-august-promotions\" class=\"fusion-menu awb-menu__main-ul awb-menu__main-ul_row\"><li  id=\"menu-item-206846\"  class=\"menu-item menu-item-type-post_type menu-item-object-page menu-item-206846 awb-menu__li awb-menu__main-li awb-menu__main-li_regular\"  data-item-id=\"206846\"><span class=\"awb-menu__main-background-default awb-menu__main-background-default_fade\"><\/span><span class=\"awb-menu__main-background-active awb-menu__main-background-active_fade\"><\/span><a  href=\"https:\/\/eu.isagenixbusiness.com\/gift-with-enrolment-free-celletoi\/\" class=\"awb-menu__main-a awb-menu__main-a_regular\"><span class=\"menu-text\">Gift with Enrolment \u2013 FREE CELLETOI [fr]<\/span><\/a><\/li><li  id=\"menu-item-206827\"  class=\"menu-item menu-item-type-post_type menu-item-object-page menu-item-206827 awb-menu__li awb-menu__main-li awb-menu__main-li_regular\"  data-item-id=\"206827\"><span class=\"awb-menu__main-background-default awb-menu__main-background-default_fade\"><\/span><span class=\"awb-menu__main-background-active awb-menu__main-background-active_fade\"><\/span><a  href=\"https:\/\/eu.isagenixbusiness.com\/consultant-development-pool-2024\/\" class=\"awb-menu__main-a awb-menu__main-a_regular\"><span class=\"menu-text\">Consultant Development Pool<\/span><\/a><\/li><\/ul><\/nav><\/div><\/div><\/div><\/div><div class=\"fusion-fullwidth fullwidth-box fusion-builder-row-3 fusion-flex-container has-pattern-background has-mask-background nonhundred-percent-fullwidth non-hundred-percent-height-scrolling\" style=\"--awb-border-radius-top-left:0px;--awb-border-radius-top-right:0px;--awb-border-radius-bottom-right:0px;--awb-border-radius-bottom-left:0px;--awb-padding-top:20px;--awb-flex-wrap:wrap;\" ><div class=\"fusion-builder-row fusion-row fusion-flex-align-items-flex-start fusion-flex-content-wrap\" style=\"max-width:1497.6px;margin-left: calc(-4% \/ 2 );margin-right: calc(-4% \/ 2 );\"><div class=\"fusion-layout-column fusion_builder_column fusion-builder-column-2 fusion_builder_column_1_3 1_3 fusion-flex-column\" style=\"--awb-bg-size:cover;--awb-width-large:33.333333333333%;--awb-margin-top-large:0px;--awb-spacing-right-large:5.76%;--awb-margin-bottom-large:20px;--awb-spacing-left-large:5.76%;--awb-width-medium:100%;--awb-order-medium:0;--awb-spacing-right-medium:1.92%;--awb-spacing-left-medium:1.92%;--awb-width-small:100%;--awb-order-small:0;--awb-spacing-right-small:1.92%;--awb-spacing-left-small:1.92%;\"><div class=\"fusion-column-wrapper fusion-column-has-shadow fusion-flex-justify-content-flex-start fusion-content-layout-column\"><div class=\"fusion-image-element \" style=\"--awb-caption-title-font-family:var(--h2_typography-font-family);--awb-caption-title-font-weight:var(--h2_typography-font-weight);--awb-caption-title-font-style:var(--h2_typography-font-style);--awb-caption-title-size:var(--h2_typography-font-size);--awb-caption-title-transform:var(--h2_typography-text-transform);--awb-caption-title-line-height:var(--h2_typography-line-height);--awb-caption-title-letter-spacing:var(--h2_typography-letter-spacing);\"><span class=\" fusion-imageframe imageframe-none imageframe-1 hover-type-none\"><img decoding=\"async\" width=\"1250\" height=\"2500\" title=\"Celletio No Copy 300&#215;600\" src=\"https:\/\/eu.isagenixbusiness.com\/wp-content\/uploads\/2024\/07\/Celletio-No-Copy-300x600-1.jpg\" alt class=\"img-responsive wp-image-206927\" srcset=\"https:\/\/eu.isagenixbusiness.com\/wp-content\/uploads\/2024\/07\/Celletio-No-Copy-300x600-1-200x400.jpg 200w, https:\/\/eu.isagenixbusiness.com\/wp-content\/uploads\/2024\/07\/Celletio-No-Copy-300x600-1-400x800.jpg 400w, https:\/\/eu.isagenixbusiness.com\/wp-content\/uploads\/2024\/07\/Celletio-No-Copy-300x600-1-600x1200.jpg 600w, https:\/\/eu.isagenixbusiness.com\/wp-content\/uploads\/2024\/07\/Celletio-No-Copy-300x600-1-800x1600.jpg 800w, https:\/\/eu.isagenixbusiness.com\/wp-content\/uploads\/2024\/07\/Celletio-No-Copy-300x600-1-1200x2400.jpg 1200w, https:\/\/eu.isagenixbusiness.com\/wp-content\/uploads\/2024\/07\/Celletio-No-Copy-300x600-1.jpg 1250w\" sizes=\"(max-width: 1024px) 100vw, (max-width: 640px) 100vw, 600px\" \/><\/span><\/div><\/div><\/div><div class=\"fusion-layout-column fusion_builder_column fusion-builder-column-3 fusion_builder_column_2_3 2_3 fusion-flex-column\" style=\"--awb-bg-size:cover;--awb-width-large:66.666666666667%;--awb-margin-top-large:0px;--awb-spacing-right-large:2.88%;--awb-margin-bottom-large:20px;--awb-spacing-left-large:2.88%;--awb-width-medium:100%;--awb-order-medium:0;--awb-spacing-right-medium:1.92%;--awb-spacing-left-medium:1.92%;--awb-width-small:100%;--awb-order-small:0;--awb-spacing-right-small:1.92%;--awb-spacing-left-small:1.92%;\"><div class=\"fusion-column-wrapper fusion-column-has-shadow fusion-flex-justify-content-flex-start fusion-content-layout-column\"><div class=\"fusion-text fusion-text-3 fusion-text-no-margin\" style=\"--awb-font-size:32px;--awb-letter-spacing:2px;--awb-margin-top:15px;--awb-margin-bottom:25px;--awb-text-font-family:&quot;Nunito Sans&quot;;--awb-text-font-style:normal;--awb-text-font-weight:600;\"><p>Celletoi\u2122 Firming Cashmere Cream and Celletoi\u2122 Advanced Youth Serum GRATUITS !<\/p>\n<\/div><div class=\"fusion-text fusion-text-4\" style=\"--awb-text-font-family:&quot;Nunito&quot;;--awb-text-font-style:normal;--awb-text-font-weight:400;\"><p>Aidez les nouveaux membres \u00e0 s&#8217;inscrire \u00e0 Subscription Rewards avec une commande qualifiante de 200 \u20ac\/160 \u00a3 ou plus, et ils recevront GRATUITEMENT Celletoi\u00ae Firming Cashmere Cream &amp; Advanced Youth Serum du 29 juillet au 25 ao\u00fbt 2024 !<\/p>\n<\/div><div class=\"fusion-text fusion-text-5\" style=\"--awb-font-size:25px;--awb-margin-top:15px;--awb-text-font-family:&quot;DM Serif Display&quot;;--awb-text-font-style:normal;--awb-text-font-weight:400;\"><p>Ce que votre nouveau membre doit faire pour obtenir sa Celletoi\u00ae Firming Cashmere Cream &amp; Advanced Youth Serum gratuits.<\/p>\n<\/div><div class=\"fusion-text fusion-text-6\" style=\"--awb-margin-top:-15px;--awb-text-font-family:&quot;Nunito&quot;;--awb-text-font-style:normal;--awb-text-font-weight:400;\"><ol>\n<li>Commander au-del\u00e0 du seuil de d\u00e9pense minimum de 200 \u20ac\/160 \u00a3.<\/li>\n<li>S&#8217;inscrire \u00e0 Subscription Rewards<\/li>\n<li>Les\u00a0Celletoi\u00ae Firming Cashmere Cream &amp; Advanced Youth Serum gratuits (D&#8217;UNE VALEUR SUP\u00c9RIEURE \u00c0 160 \u20ac\/130 \u00a3) seront automatiquement ajout\u00e9s \u00e0 leur commande.<\/li>\n<\/ol>\n<\/div><div class=\"fusion-text fusion-text-7\" style=\"--awb-font-size:25px;--awb-margin-top:15px;--awb-text-font-family:&quot;DM Serif Display&quot;;--awb-text-font-style:normal;--awb-text-font-weight:400;\"><p>Pourquoi Celletoi\u2122 Firming Cashmere Cream ?<\/p>\n<\/div><div class=\"fusion-text fusion-text-8\" style=\"--awb-margin-top:-15px;--awb-text-font-family:&quot;Nunito&quot;;--awb-text-font-style:normal;--awb-text-font-weight:400;\"><p>Cette luxueuse cr\u00e8me ultra-riche glisse comme du cachemire et infuse en profondeur dans la peau pour une hydratation qui dure, r\u00e9v\u00e9lant une peau plus saine, plus ferme et plus \u00e9clatante.<\/p>\n<ul>\n<li>Le Celletoi Botanical Blend\u2122 aide \u00e0 nourrir et \u00e0 prot\u00e9ger la peau contre les toxines et les polluants quotidiens nocifs<\/li>\n<li>Nos c\u00e9ramides Ceraposome\u2122 et l&#8217;acide hyaluronique aident \u00e0 former une couche protectrice pour maintenir l&#8217;\u00e9quilibre hydrique de votre peau.<\/li>\n<li>Hydrate en profondeur et hydrate pour une hydratation qui dure toute la journ\u00e9e, laissant votre peau visiblement plus ferme et restaur\u00e9e.<\/li>\n<li>Le Celletoi Peptide Blend\u2122 cible l&#8217;apparence des rides et ridules pour d\u00e9voiler un teint \u00e9clatant et florissant.<\/li>\n<li>Vegan et sans cruaut\u00e9<\/li>\n<\/ul>\n<\/div><div class=\"fusion-text fusion-text-9\" style=\"--awb-font-size:25px;--awb-margin-top:15px;--awb-text-font-family:&quot;DM Serif Display&quot;;--awb-text-font-style:normal;--awb-text-font-weight:400;\"><p>Pourquoi Celletoi\u2122 Advanced Youth Serum ?<\/p>\n<\/div><div class=\"fusion-text fusion-text-10\" style=\"--awb-margin-top:-15px;--awb-text-font-family:&quot;Nunito&quot;;--awb-text-font-style:normal;--awb-text-font-weight:400;\"><p>Ce s\u00e9rum l\u00e9ger et luxueux favorise sans effort le processus de renouvellement de votre peau pour r\u00e9duire les signes de l&#8217;\u00e2ge et r\u00e9v\u00e9ler une apparence \u00e9clatante de jeunesse.<\/p>\n<ul>\n<li>Le Celletoi Peptide Blend\u2122 inonde votre peau de prot\u00e9ines pour d\u00e9voiler un teint lift\u00e9 et florissant et des ridules visiblement r\u00e9duites.<\/li>\n<li>Le Celletoi BioFirm Complex\u2122 p\u00e9n\u00e8tre en profondeur dans la surface de la peau pour favoriser le processus de renouvellement naturel de votre peau, pour une fermet\u00e9 irr\u00e9sistible, une \u00e9lasticit\u00e9 et une tonicit\u00e9 de la peau am\u00e9lior\u00e9es.<\/li>\n<li>Le Celletoi Botanical Blend\u2122 aide \u00e0 nourrir et \u00e0 prot\u00e9ger la peau gr\u00e2ce \u00e0 de puissants antioxydants de beaut\u00e9, tels que le ginseng, le th\u00e9 vert et le curcuma.<\/li>\n<li>V\u00e9g\u00e9talien et sans cruaut\u00e9<\/li>\n<\/ul>\n<\/div><\/div><\/div><\/div><\/div><div class=\"fusion-fullwidth fullwidth-box fusion-builder-row-4 fusion-flex-container has-pattern-background has-mask-background nonhundred-percent-fullwidth non-hundred-percent-height-scrolling\" style=\"--awb-border-radius-top-left:0px;--awb-border-radius-top-right:0px;--awb-border-radius-bottom-right:0px;--awb-border-radius-bottom-left:0px;--awb-padding-top:20px;--awb-padding-bottom:30px;--awb-background-color:#edf5f9;--awb-flex-wrap:wrap;\" ><div class=\"fusion-builder-row fusion-row fusion-flex-align-items-center fusion-flex-content-wrap\" style=\"max-width:1497.6px;margin-left: calc(-4% \/ 2 );margin-right: calc(-4% \/ 2 );\"><div class=\"fusion-layout-column fusion_builder_column fusion-builder-column-4 fusion_builder_column_1_1 1_1 fusion-flex-column\" style=\"--awb-bg-size:cover;--awb-width-large:100%;--awb-margin-top-large:0px;--awb-spacing-right-large:1.92%;--awb-margin-bottom-large:20px;--awb-spacing-left-large:1.92%;--awb-width-medium:100%;--awb-order-medium:0;--awb-spacing-right-medium:1.92%;--awb-spacing-left-medium:1.92%;--awb-width-small:100%;--awb-order-small:0;--awb-spacing-right-small:1.92%;--awb-spacing-left-small:1.92%;\"><div class=\"fusion-column-wrapper fusion-column-has-shadow fusion-flex-justify-content-flex-start fusion-content-layout-column\"><div class=\"fusion-text fusion-text-11\" style=\"--awb-font-size:25px;--awb-text-color:var(--awb-color4);--awb-margin-top:15px;--awb-margin-right:200px;--awb-margin-left:200px;--awb-text-font-family:&quot;DM Serif Display&quot;;--awb-text-font-style:normal;--awb-text-font-weight:400;\"><p>FAQs<\/p>\n<\/div><div class=\"accordian fusion-accordian\" style=\"--awb-padding-right:200px;--awb-padding-left:200px;--awb-border-size:1px;--awb-icon-size:13px;--awb-content-font-size:16px;--awb-icon-alignment:left;--awb-hover-color:#f9f9f9;--awb-border-color:#eeefee;--awb-background-color:#ffffff;--awb-divider-color:#eeefee;--awb-divider-hover-color:#eeefee;--awb-icon-color:#ffffff;--awb-title-color:#54585a;--awb-content-color:#54585a;--awb-icon-box-color:#55585a;--awb-toggle-hover-accent-color:#00778b;--awb-title-font-family:&quot;Montserrat&quot;;--awb-title-font-weight:400;--awb-title-font-style:normal;--awb-title-font-size:18px;--awb-content-font-family:&quot;Montserrat&quot;;--awb-content-font-style:normal;--awb-content-font-weight:400;\"><div class=\"panel-group fusion-toggle-icon-boxed\" id=\"accordion-206919-1\"><div class=\"fusion-panel panel-default panel-9e8bf59fd8f7126c0 fusion-toggle-no-divider\" style=\"--awb-title-color:#54585a;--awb-content-color:#54585a;\"><div class=\"panel-heading\"><h4 class=\"panel-title toggle\" id=\"toggle_9e8bf59fd8f7126c0\"><a aria-expanded=\"false\" aria-controls=\"9e8bf59fd8f7126c0\" role=\"button\" data-toggle=\"collapse\" data-parent=\"#accordion-206919-1\" data-target=\"#9e8bf59fd8f7126c0\" href=\"#9e8bf59fd8f7126c0\"><span class=\"fusion-toggle-icon-wrapper\" aria-hidden=\"true\"><i class=\"fa-fusion-box active-icon awb-icon-minus\" aria-hidden=\"true\"><\/i><i class=\"fa-fusion-box inactive-icon awb-icon-plus\" aria-hidden=\"true\"><\/i><\/span><span class=\"fusion-toggle-heading\">\u00c0 qui s'adresse cette promotion \u00ab cadeau gratuit avec achat \u00bb ?<\/span><\/a><\/h4><\/div><div id=\"9e8bf59fd8f7126c0\" class=\"panel-collapse collapse \" aria-labelledby=\"toggle_9e8bf59fd8f7126c0\"><div class=\"panel-body toggle-content fusion-clearfix\">\n<p>Cette promotion est ouverte \u00e0 tout nouveau membre qui s&#8217;inscrit au programme Subscription Rewards et qui d\u00e9pense plus de 200 \u20ac\/160 \u00a3. Non disponible pour les Brand Partners.<\/p>\n<\/div><\/div><\/div><div class=\"fusion-panel panel-default panel-eb5cf1ffa10887c91 fusion-toggle-no-divider\" style=\"--awb-title-color:#54585a;--awb-content-color:#54585a;\"><div class=\"panel-heading\"><h4 class=\"panel-title toggle\" id=\"toggle_eb5cf1ffa10887c91\"><a aria-expanded=\"false\" aria-controls=\"eb5cf1ffa10887c91\" role=\"button\" data-toggle=\"collapse\" data-parent=\"#accordion-206919-1\" data-target=\"#eb5cf1ffa10887c91\" href=\"#eb5cf1ffa10887c91\"><span class=\"fusion-toggle-icon-wrapper\" aria-hidden=\"true\"><i class=\"fa-fusion-box active-icon awb-icon-minus\" aria-hidden=\"true\"><\/i><i class=\"fa-fusion-box inactive-icon awb-icon-plus\" aria-hidden=\"true\"><\/i><\/span><span class=\"fusion-toggle-heading\">Quels sont les produits \u00e9ligibles \u00e0 la promotion \u00ab cadeau gratuit avec achat \u00bb ?<\/span><\/a><\/h4><\/div><div id=\"eb5cf1ffa10887c91\" class=\"panel-collapse collapse \" aria-labelledby=\"toggle_eb5cf1ffa10887c91\"><div class=\"panel-body toggle-content fusion-clearfix\">\n<p>Tous nos produits sont \u00e9ligibles \u00e0 la promotion \u00ab cadeau gratuit avec achat \u00bb, mais la commande doit d\u00e9passer le seuil de 200 \u20ac\/160 \u00a3 sur Subscription Rewards.<\/p>\n<\/div><\/div><\/div><div class=\"fusion-panel panel-default panel-d6334c73280f4f0eb fusion-toggle-no-divider\" style=\"--awb-title-color:#54585a;--awb-content-color:#54585a;\"><div class=\"panel-heading\"><h4 class=\"panel-title toggle\" id=\"toggle_d6334c73280f4f0eb\"><a aria-expanded=\"false\" aria-controls=\"d6334c73280f4f0eb\" role=\"button\" data-toggle=\"collapse\" data-parent=\"#accordion-206919-1\" data-target=\"#d6334c73280f4f0eb\" href=\"#d6334c73280f4f0eb\"><span class=\"fusion-toggle-icon-wrapper\" aria-hidden=\"true\"><i class=\"fa-fusion-box active-icon awb-icon-minus\" aria-hidden=\"true\"><\/i><i class=\"fa-fusion-box inactive-icon awb-icon-plus\" aria-hidden=\"true\"><\/i><\/span><span class=\"fusion-toggle-heading\">Le nouveau membre doit-il s'inscrire au programme Subscription Rewards ?<\/span><\/a><\/h4><\/div><div id=\"d6334c73280f4f0eb\" class=\"panel-collapse collapse \" aria-labelledby=\"toggle_d6334c73280f4f0eb\"><div class=\"panel-body toggle-content fusion-clearfix\">\n<p>Oui, le nouveau membre doit adh\u00e9rer au programme Subscription Rewards.<\/p>\n<\/div><\/div><\/div><\/div><\/div><\/div><\/div><\/div><\/div><div class=\"fusion-fullwidth fullwidth-box fusion-builder-row-5 fusion-flex-container has-pattern-background has-mask-background nonhundred-percent-fullwidth non-hundred-percent-height-scrolling\" style=\"--awb-border-radius-top-left:0px;--awb-border-radius-top-right:0px;--awb-border-radius-bottom-right:0px;--awb-border-radius-bottom-left:0px;--awb-padding-top:30px;--awb-padding-bottom:30px;--awb-flex-wrap:wrap;\" ><div class=\"fusion-builder-row fusion-row fusion-flex-align-items-flex-start fusion-flex-content-wrap\" style=\"max-width:1497.6px;margin-left: calc(-4% \/ 2 );margin-right: calc(-4% \/ 2 );\"><div class=\"fusion-layout-column fusion_builder_column fusion-builder-column-5 fusion_builder_column_1_1 1_1 fusion-flex-column\" style=\"--awb-bg-size:cover;--awb-width-large:100%;--awb-margin-top-large:0px;--awb-spacing-right-large:1.92%;--awb-margin-bottom-large:20px;--awb-spacing-left-large:1.92%;--awb-width-medium:100%;--awb-order-medium:0;--awb-spacing-right-medium:1.92%;--awb-spacing-left-medium:1.92%;--awb-width-small:100%;--awb-order-small:0;--awb-spacing-right-small:1.92%;--awb-spacing-left-small:1.92%;\"><div class=\"fusion-column-wrapper fusion-column-has-shadow fusion-flex-justify-content-flex-start fusion-content-layout-column\"><div class=\"fusion-text fusion-text-12\" style=\"--awb-font-size:15px;--awb-margin-right:50px;--awb-margin-left:50px;--awb-text-font-family:&quot;Nunito&quot;;--awb-text-font-style:normal;--awb-text-font-weight:400;\"><p>Conditions g\u00e9n\u00e9rales : Offre valable du 29 juillet 2024 \u00e0 12 h HE au 25 ao\u00fbt 2024 \u00e0 23 h 59 HE. Limite d&#8217;une utilisation par nouveau client. L&#8217;offre n&#8217;est valable que pour les nouvelles commandes de r\u00e9compenses d&#8217;abonnement de membre (autoship) d&#8217;une valeur de 200 \u20ac\/160 \u00a3 ou plus, hors frais d&#8217;exp\u00e9dition, qui sont exp\u00e9di\u00e9es dans les pays europ\u00e9ens dans lesquels Isagenix op\u00e8re. Les commandes qualifi\u00e9es re\u00e7oivent un Celletoi\u00ae Firming Cashmere Cream gratuit et un Celletoi\u2122 Advanced Youth Serum gratuit. Le montant du produit gratuit n&#8217;est pas transf\u00e9rable ni \u00e9changeable contre de l&#8217;argent. Non valable pour les clients Isagenix existants, les associ\u00e9s ind\u00e9pendants ou Brand Partners.<\/p>\n<\/div><\/div><\/div><\/div><\/div><\/p>\n","protected":false},"excerpt":{"rendered":"","protected":false},"author":9877,"featured_media":0,"parent":0,"menu_order":0,"comment_status":"closed","ping_status":"closed","template":"","meta":{"_acf_changed":false,"footnotes":""},"class_list":["post-206919","page","type-page","status-publish","hentry"],"acf":[],"_links":{"self":[{"href":"https:\/\/eu.isagenixbusiness.com\/fr-eu\/wp-json\/wp\/v2\/pages\/206919","targetHints":{"allow":["GET"]}}],"collection":[{"href":"https:\/\/eu.isagenixbusiness.com\/fr-eu\/wp-json\/wp\/v2\/pages"}],"about":[{"href":"https:\/\/eu.isagenixbusiness.com\/fr-eu\/wp-json\/wp\/v2\/types\/page"}],"author":[{"embeddable":true,"href":"https:\/\/eu.isagenixbusiness.com\/fr-eu\/wp-json\/wp\/v2\/users\/9877"}],"replies":[{"embeddable":true,"href":"https:\/\/eu.isagenixbusiness.com\/fr-eu\/wp-json\/wp\/v2\/comments?post=206919"}],"version-history":[{"count":6,"href":"https:\/\/eu.isagenixbusiness.com\/fr-eu\/wp-json\/wp\/v2\/pages\/206919\/revisions"}],"predecessor-version":[{"id":207499,"href":"https:\/\/eu.isagenixbusiness.com\/fr-eu\/wp-json\/wp\/v2\/pages\/206919\/revisions\/207499"}],"wp:attachment":[{"href":"https:\/\/eu.isagenixbusiness.com\/fr-eu\/wp-json\/wp\/v2\/media?parent=206919"}],"curies":[{"name":"wp","href":"https:\/\/api.w.org\/{rel}","templated":true}]}}