{"id":208865,"date":"2024-09-26T15:43:13","date_gmt":"2024-09-26T14:43:13","guid":{"rendered":"https:\/\/eu.isagenixbusiness.com\/?page_id=208865"},"modified":"2024-12-10T15:17:15","modified_gmt":"2024-12-10T15:17:15","slug":"free-swag-promo","status":"publish","type":"page","link":"https:\/\/eu.isagenixbusiness.com\/fr-eu\/free-swag-promo\/","title":{"rendered":"Free Swag Promo"},"content":{"rendered":"<p><div class=\"fusion-fullwidth fullwidth-box fusion-builder-row-1 fusion-flex-container has-pattern-background has-mask-background nonhundred-percent-fullwidth non-hundred-percent-height-scrolling\" style=\"--awb-border-radius-top-left:0px;--awb-border-radius-top-right:0px;--awb-border-radius-bottom-right:0px;--awb-border-radius-bottom-left:0px;--awb-padding-top:20px;--awb-flex-wrap:wrap;\" ><div class=\"fusion-builder-row fusion-row fusion-flex-align-items-flex-start fusion-flex-content-wrap\" style=\"max-width:1497.6px;margin-left: calc(-4% \/ 2 );margin-right: calc(-4% \/ 2 );\"><div class=\"fusion-layout-column fusion_builder_column fusion-builder-column-0 fusion_builder_column_1_3 1_3 fusion-flex-column fusion-no-small-visibility fusion-no-medium-visibility\" style=\"--awb-bg-size:cover;--awb-width-large:33.333333333333%;--awb-margin-top-large:0px;--awb-spacing-right-large:5.76%;--awb-margin-bottom-large:20px;--awb-spacing-left-large:5.76%;--awb-width-medium:100%;--awb-order-medium:0;--awb-spacing-right-medium:1.92%;--awb-spacing-left-medium:1.92%;--awb-width-small:100%;--awb-order-small:0;--awb-spacing-right-small:1.92%;--awb-spacing-left-small:1.92%;\" data-scroll-devices=\"small-visibility,medium-visibility,large-visibility\"><div class=\"fusion-column-wrapper fusion-column-has-shadow fusion-flex-justify-content-flex-start fusion-content-layout-column\"><div class=\"fusion-image-element \" style=\"--awb-caption-title-font-family:var(--h2_typography-font-family);--awb-caption-title-font-weight:var(--h2_typography-font-weight);--awb-caption-title-font-style:var(--h2_typography-font-style);--awb-caption-title-size:var(--h2_typography-font-size);--awb-caption-title-transform:var(--h2_typography-text-transform);--awb-caption-title-line-height:var(--h2_typography-line-height);--awb-caption-title-letter-spacing:var(--h2_typography-letter-spacing);\"><span class=\" fusion-imageframe imageframe-none imageframe-1 hover-type-none\"><img decoding=\"async\" width=\"500\" height=\"500\" title=\"FR &#8211; FREE SWAG\" src=\"https:\/\/eu.isagenixbusiness.com\/wp-content\/uploads\/2024\/09\/FR-FREE-SWAG.png\" alt class=\"img-responsive wp-image-208827\" srcset=\"https:\/\/eu.isagenixbusiness.com\/wp-content\/uploads\/2024\/09\/FR-FREE-SWAG-200x200.png 200w, https:\/\/eu.isagenixbusiness.com\/wp-content\/uploads\/2024\/09\/FR-FREE-SWAG-400x400.png 400w, https:\/\/eu.isagenixbusiness.com\/wp-content\/uploads\/2024\/09\/FR-FREE-SWAG.png 500w\" sizes=\"(max-width: 1024px) 100vw, (max-width: 640px) 100vw, 500px\" \/><\/span><\/div><\/div><\/div><div class=\"fusion-layout-column fusion_builder_column fusion-builder-column-1 fusion_builder_column_2_3 2_3 fusion-flex-column\" style=\"--awb-bg-size:cover;--awb-width-large:66.666666666667%;--awb-margin-top-large:0px;--awb-spacing-right-large:2.88%;--awb-margin-bottom-large:20px;--awb-spacing-left-large:2.88%;--awb-width-medium:100%;--awb-order-medium:0;--awb-spacing-right-medium:1.92%;--awb-spacing-left-medium:1.92%;--awb-width-small:100%;--awb-order-small:0;--awb-spacing-right-small:1.92%;--awb-spacing-left-small:1.92%;\"><div class=\"fusion-column-wrapper fusion-column-has-shadow fusion-flex-justify-content-flex-start fusion-content-layout-column\"><div class=\"fusion-text fusion-text-1 fusion-text-no-margin\" style=\"--awb-font-size:48px;--awb-line-height:1.2;--awb-letter-spacing:2px;--awb-margin-top:15px;--awb-margin-bottom:25px;--awb-text-font-family:&quot;DM Serif Display&quot;;--awb-text-font-style:normal;--awb-text-font-weight:400;\"><p>Invite tes amis et gagne du SWAG GRATUIT !<\/p>\n<\/div><div class=\"fusion-text fusion-text-2\" style=\"--awb-font-size:20px;--awb-text-font-family:&quot;Nunito&quot;;--awb-text-font-style:normal;--awb-text-font-weight:400;\"><p>Qui connais-tu qui cherche \u00e0 se sentir mieux \u00e0 l&#8217;int\u00e9rieur et \u00e0 l&#8217;ext\u00e9rieur ?<br \/>\nQui conna\u00eet quelqu&#8217;un qui b\u00e9n\u00e9ficierait d&#8217;un peu plus d&#8217;argent dans sa poche ?<\/p>\n<p>C&#8217;est le moment de les appeler et de les inviter \u00e0 l&#8217;\u00e9v\u00e9nement le plus proche de chez toi en <strong>Janvier<\/strong>.<\/p>\n<\/div><div class=\"fusion-text fusion-text-3\" style=\"--awb-font-size:20PX;--awb-letter-spacing:1.2px;--awb-text-transform:uppercase;--awb-text-font-family:&quot;Nunito Sans&quot;;--awb-text-font-style:normal;--awb-text-font-weight:400;\"><p>Amenez deux invit\u00e9s \u00e0 l&#8217;un de nos <strong>NYKO \u00e9v\u00e9nements de Janvier<\/strong>, et vous gagnerez un <strong>sac en toile Isagenix exclusif<\/strong> !<\/p>\n<\/div><div ><a class=\"fusion-button button-flat fusion-button-default-size button-default fusion-button-default button-1 fusion-button-default-span fusion-button-default-type\" style=\"--button_text_transform:uppercase;\" target=\"_self\" href=\"https:\/\/eu.isagenixevents.com\/\"><span class=\"fusion-button-text awb-button__text awb-button__text--default\">\u00c9v\u00e9nements<\/span><\/a><\/div><\/div><\/div><\/div><\/div><div class=\"fusion-fullwidth fullwidth-box fusion-builder-row-2 fusion-flex-container has-pattern-background has-mask-background nonhundred-percent-fullwidth non-hundred-percent-height-scrolling\" style=\"--awb-border-radius-top-left:0px;--awb-border-radius-top-right:0px;--awb-border-radius-bottom-right:0px;--awb-border-radius-bottom-left:0px;--awb-flex-wrap:wrap;\" ><div class=\"fusion-builder-row fusion-row fusion-flex-align-items-flex-start fusion-flex-content-wrap\" style=\"max-width:1497.6px;margin-left: calc(-4% \/ 2 );margin-right: calc(-4% \/ 2 );\"><div class=\"fusion-layout-column fusion_builder_column fusion-builder-column-2 fusion_builder_column_1_1 1_1 fusion-flex-column\" style=\"--awb-bg-size:cover;--awb-width-large:100%;--awb-margin-top-large:0px;--awb-spacing-right-large:1.92%;--awb-margin-bottom-large:20px;--awb-spacing-left-large:1.92%;--awb-width-medium:100%;--awb-order-medium:0;--awb-spacing-right-medium:1.92%;--awb-spacing-left-medium:1.92%;--awb-width-small:100%;--awb-order-small:0;--awb-spacing-right-small:1.92%;--awb-spacing-left-small:1.92%;\"><div class=\"fusion-column-wrapper fusion-column-has-shadow fusion-flex-justify-content-flex-start fusion-content-layout-column\"><div class=\"fusion-text fusion-text-4\" style=\"--awb-font-size:12px;--awb-text-font-family:&quot;Nunito Sans&quot;;--awb-text-font-style:normal;--awb-text-font-weight:400;\"><p>*Conditions g\u00e9n\u00e9rales<b>:<\/b> La promotion s&#8217;applique \u00e0 tous les \u00e9v\u00e9nements NYKO du 11 janvier 2025 (00:00 ET) au 25 janvier (23:59 ET). Ouverte \u00e0 tous les Associ\u00e9s actifs dans toute l&#8217;Europe. Les Associ\u00e9s qui am\u00e8nent 2 invit\u00e9s \u00e0 n&#8217;importe quel \u00e9v\u00e9nement NYKO au cours du mois de janvier sont \u00e9ligibles pour recevoir un sac en toile noire Isagenix exclusif. Le design du sac peut varier. Visitez la page de la promotion \u00e0 <a href=\"http:\/\/eu.isagenixbusiness.com\/?fbclid=IwZXh0bgNhZW0CMTAAAR1oWq9oKvO8r2w7FwEkKhTrtjCfiA2QlS9j2a5XLf20ji9F6fMdN55rgv0_aem_AbXU1QyE_PMlWfohOxzu4FARkxCYpxO7whlRoMb1JV-YOZdqr7aSjoi-Vd5WhnvZhUHn5kvXBtzI3bHnsdMuF8yX\"><u>eu.IsagenixBusiness.com<\/u><\/a> pour plus de d\u00e9tails.<\/p>\n<p>Isagenix ne garantit aucun Niveauaux de revenu pour tout Associ\u00e9. La capacit\u00e9 de gagner de l&#8217;argent avec Isagenix d\u00e9pend de nombreux facteurs, y compris les activit\u00e9s les activit\u00e9s commerciales, sociales et de vente d&#8217;un Associ\u00e9 de vente, le travail acharn\u00e9, la disponibilit\u00e9 du temps et des temps et des ressources financi\u00e8res ; et l&#8217;acc\u00e8s \u00e0 un \u00e0 un vaste r\u00e9seau de contacts, ainsi qu&#8217;aux les forces du march\u00e9 qui \u00e9chappent au contr\u00f4le de l&#8217;Associ\u00e9 et\/ou d&#8217;Isagenix. et\/ou d&#8217;Isagenix. En 2023, les revenus moyens de tous les associ\u00e9s Isagenix Associ\u00e9s, actifs et inactifs, \u00e9tait de 787 $US avant les d\u00e9penses. Pour plus d&#8217;informations, consultez le site IsagenixEarnings.com. informations, voir IsagenixEarnings.com.<\/p>\n<\/div><\/div><\/div><\/div><\/div><\/p>\n","protected":false},"excerpt":{"rendered":"","protected":false},"author":18293,"featured_media":0,"parent":0,"menu_order":0,"comment_status":"closed","ping_status":"closed","template":"","meta":{"_acf_changed":false,"footnotes":""},"class_list":["post-208865","page","type-page","status-publish","hentry"],"acf":[],"_links":{"self":[{"href":"https:\/\/eu.isagenixbusiness.com\/fr-eu\/wp-json\/wp\/v2\/pages\/208865","targetHints":{"allow":["GET"]}}],"collection":[{"href":"https:\/\/eu.isagenixbusiness.com\/fr-eu\/wp-json\/wp\/v2\/pages"}],"about":[{"href":"https:\/\/eu.isagenixbusiness.com\/fr-eu\/wp-json\/wp\/v2\/types\/page"}],"author":[{"embeddable":true,"href":"https:\/\/eu.isagenixbusiness.com\/fr-eu\/wp-json\/wp\/v2\/users\/18293"}],"replies":[{"embeddable":true,"href":"https:\/\/eu.isagenixbusiness.com\/fr-eu\/wp-json\/wp\/v2\/comments?post=208865"}],"version-history":[{"count":17,"href":"https:\/\/eu.isagenixbusiness.com\/fr-eu\/wp-json\/wp\/v2\/pages\/208865\/revisions"}],"predecessor-version":[{"id":212134,"href":"https:\/\/eu.isagenixbusiness.com\/fr-eu\/wp-json\/wp\/v2\/pages\/208865\/revisions\/212134"}],"wp:attachment":[{"href":"https:\/\/eu.isagenixbusiness.com\/fr-eu\/wp-json\/wp\/v2\/media?parent=208865"}],"curies":[{"name":"wp","href":"https:\/\/api.w.org\/{rel}","templated":true}]}}