{"id":212832,"date":"2025-01-10T12:34:57","date_gmt":"2025-01-10T12:34:57","guid":{"rendered":"https:\/\/eu.isagenixbusiness.com\/?page_id=212832"},"modified":"2026-01-23T12:28:56","modified_gmt":"2026-01-23T12:28:56","slug":"product-updates","status":"publish","type":"page","link":"https:\/\/eu.isagenixbusiness.com\/fr-eu\/product-updates\/","title":{"rendered":"Product Updates"},"content":{"rendered":"<p><div class=\"fusion-fullwidth fullwidth-box fusion-builder-row-1 fusion-flex-container has-pattern-background has-mask-background fusion-parallax-none nonhundred-percent-fullwidth non-hundred-percent-height-scrolling\" style=\"--awb-background-blend-mode:overlay;--awb-border-radius-top-left:0px;--awb-border-radius-top-right:0px;--awb-border-radius-bottom-right:0px;--awb-border-radius-bottom-left:0px;--awb-min-height:350px;--awb-background-image:url(&quot;https:\/\/eu.isagenixbusiness.com\/wp-content\/uploads\/2024\/12\/bACKGROUND-pRODUCT-uPDATES.png&quot;);--awb-background-size:cover;--awb-flex-wrap:wrap;\" ><div class=\"fusion-builder-row fusion-row fusion-flex-align-items-center fusion-flex-align-content-center fusion-flex-justify-content-center fusion-flex-content-wrap\" style=\"max-width:1497.6px;margin-left: calc(-4% \/ 2 );margin-right: calc(-4% \/ 2 );\"><div class=\"fusion-layout-column fusion_builder_column fusion-builder-column-0 fusion_builder_column_1_1 1_1 fusion-flex-column fusion-flex-align-self-center fusion-column-inner-bg-wrapper\" style=\"--awb-inner-bg-size:cover;--awb-width-large:100%;--awb-margin-top-large:0px;--awb-spacing-right-large:1.92%;--awb-margin-bottom-large:0px;--awb-spacing-left-large:1.92%;--awb-width-medium:100%;--awb-order-medium:0;--awb-spacing-right-medium:1.92%;--awb-spacing-left-medium:1.92%;--awb-width-small:100%;--awb-order-small:0;--awb-spacing-right-small:1.92%;--awb-spacing-left-small:1.92%;\" data-scroll-devices=\"small-visibility,medium-visibility,large-visibility\"><span class=\"fusion-column-inner-bg hover-type-none\"><a class=\"fusion-column-anchor\" href=\"https:\/\/eu.isagenixbusiness.com\/november-promotions-2024\/\"><span class=\"fusion-column-inner-bg-image\"><\/span><\/a><\/span><div class=\"fusion-column-wrapper fusion-column-has-shadow fusion-flex-justify-content-space-evenly fusion-content-layout-column\"><div class=\"fusion-text fusion-text-1\" style=\"--awb-font-size:40px;--awb-letter-spacing:2px;--awb-text-transform:uppercase;--awb-text-color:var(--awb-color1);--awb-margin-top:25px;--awb-text-font-family:&quot;Nunito Sans&quot;;--awb-text-font-style:normal;--awb-text-font-weight:200;\"><p style=\"text-align: center;\">Mises \u00e0 jour des produits<\/p>\n<\/div><\/div><\/div><\/div><\/div><div class=\"fusion-fullwidth fullwidth-box fusion-builder-row-2 fusion-flex-container has-pattern-background has-mask-background nonhundred-percent-fullwidth non-hundred-percent-height-scrolling\" style=\"--awb-border-radius-top-left:0px;--awb-border-radius-top-right:0px;--awb-border-radius-bottom-right:0px;--awb-border-radius-bottom-left:0px;--awb-padding-top:20px;--awb-flex-wrap:wrap;\" ><div class=\"fusion-builder-row fusion-row fusion-flex-align-items-center fusion-flex-justify-content-center fusion-flex-content-wrap\" style=\"max-width:1497.6px;margin-left: calc(-4% \/ 2 );margin-right: calc(-4% \/ 2 );\"><div class=\"fusion-layout-column fusion_builder_column fusion-builder-column-1 fusion-flex-column\" style=\"--awb-bg-size:cover;--awb-width-large:85%;--awb-margin-top-large:0px;--awb-spacing-right-large:2.2588235294118%;--awb-margin-bottom-large:20px;--awb-spacing-left-large:2.2588235294118%;--awb-width-medium:100%;--awb-order-medium:0;--awb-spacing-right-medium:1.92%;--awb-spacing-left-medium:1.92%;--awb-width-small:100%;--awb-order-small:0;--awb-spacing-right-small:1.92%;--awb-spacing-left-small:1.92%;\" data-scroll-devices=\"small-visibility,medium-visibility,large-visibility\"><div class=\"fusion-column-wrapper fusion-column-has-shadow fusion-flex-justify-content-flex-start fusion-content-layout-column\"><div class=\"fusion-title title fusion-title-1 fusion-no-small-visibility fusion-title-text fusion-title-size-one\" style=\"--awb-text-color:#54585a;--awb-margin-top:15px;--awb-margin-bottom:15px;--awb-margin-top-small:0px;--awb-margin-right-small:0px;--awb-margin-bottom-small:20px;--awb-margin-left-small:0px;--awb-font-size:45px;\"><div class=\"title-sep-container title-sep-container-left fusion-no-large-visibility fusion-no-medium-visibility fusion-no-small-visibility\"><div class=\"title-sep sep- sep-solid\" style=\"border-color:#eeefee;\"><\/div><\/div><span class=\"awb-title-spacer fusion-no-large-visibility fusion-no-medium-visibility fusion-no-small-visibility\"><\/span><h1 class=\"fusion-title-heading title-heading-left fusion-responsive-typography-calculated\" style=\"font-family:&quot;DM Serif Display&quot;;font-style:normal;font-weight:400;margin:0;letter-spacing:0px;text-transform:capitalize;font-size:1em;--fontSize:45;line-height:1.2;\">Mises \u00e0 jour des produits<\/h1><span class=\"awb-title-spacer\"><\/span><div class=\"title-sep-container title-sep-container-right\"><div class=\"title-sep sep- sep-solid\" style=\"border-color:#eeefee;\"><\/div><\/div><\/div><div class=\"fusion-title title fusion-title-2 fusion-title-text fusion-title-size-paragraph\" style=\"--awb-margin-top-small:0px;--awb-margin-right-small:0px;--awb-margin-bottom-small:20px;--awb-margin-left-small:0px;--awb-font-size:20px;\"><div class=\"title-sep-container title-sep-container-left fusion-no-large-visibility fusion-no-medium-visibility fusion-no-small-visibility\"><div class=\"title-sep sep- sep-solid\" style=\"border-color:#eeefee;\"><\/div><\/div><span class=\"awb-title-spacer fusion-no-large-visibility fusion-no-medium-visibility fusion-no-small-visibility\"><\/span><p class=\"fusion-title-heading title-heading-left title-heading-tag fusion-responsive-typography-calculated\" style=\"margin:0;font-size:1em;--fontSize:20;--minFontSize:20;line-height:1.4;\">Vous trouverz ci-dessous des mises \u00e0 jour importantes concernant les prochaines interruptions de produits, les produits de nouvelle marque, les ruptures de stock et les substitutions de produits dans toute l&#8217;Europe.<\/p><span class=\"awb-title-spacer\"><\/span><div class=\"title-sep-container title-sep-container-right\"><div class=\"title-sep sep- sep-solid\" style=\"border-color:#eeefee;\"><\/div><\/div><\/div><\/div><\/div><\/div><\/div><div class=\"fusion-fullwidth fullwidth-box fusion-builder-row-3 fusion-flex-container has-pattern-background has-mask-background nonhundred-percent-fullwidth non-hundred-percent-height-scrolling\" style=\"--awb-border-radius-top-left:0px;--awb-border-radius-top-right:0px;--awb-border-radius-bottom-right:0px;--awb-border-radius-bottom-left:0px;--awb-flex-wrap:wrap;\" ><div class=\"fusion-builder-row fusion-row fusion-flex-align-items-center fusion-flex-justify-content-center fusion-flex-content-wrap\" style=\"max-width:1497.6px;margin-left: calc(-4% \/ 2 );margin-right: calc(-4% \/ 2 );\"><div class=\"fusion-layout-column fusion_builder_column fusion-builder-column-2 fusion-flex-column fusion-flex-align-self-center\" style=\"--awb-bg-size:cover;--awb-width-large:85%;--awb-margin-top-large:0px;--awb-spacing-right-large:2.2588235294118%;--awb-margin-bottom-large:20px;--awb-spacing-left-large:2.2588235294118%;--awb-width-medium:100%;--awb-order-medium:0;--awb-spacing-right-medium:1.92%;--awb-spacing-left-medium:1.92%;--awb-width-small:100%;--awb-order-small:0;--awb-spacing-right-small:1.92%;--awb-spacing-left-small:1.92%;\" data-scroll-devices=\"small-visibility,medium-visibility,large-visibility\"><div class=\"fusion-column-wrapper fusion-column-has-shadow fusion-flex-justify-content-center fusion-content-layout-column\"><div class=\"fusion-title title fusion-title-3 fusion-title-text fusion-title-size-one\" style=\"--awb-text-color:var(--awb-color3);--awb-margin-top-small:0px;--awb-margin-right-small:0px;--awb-margin-bottom-small:20px;--awb-margin-left-small:0px;--awb-font-size:35px;\"><div class=\"title-sep-container title-sep-container-left fusion-no-large-visibility fusion-no-medium-visibility fusion-no-small-visibility\"><div class=\"title-sep sep- sep-solid\" style=\"border-color:#eeefee;\"><\/div><\/div><span class=\"awb-title-spacer fusion-no-large-visibility fusion-no-medium-visibility fusion-no-small-visibility\"><\/span><h1 class=\"fusion-title-heading title-heading-left fusion-responsive-typography-calculated\" style=\"font-family:&quot;Nunito Sans&quot;;font-style:normal;font-weight:300;margin:0;letter-spacing:1.5px;text-transform:uppercase;font-size:1em;--fontSize:35;line-height:1;\">Avis de rupture de stock<\/h1><span class=\"awb-title-spacer\"><\/span><div class=\"title-sep-container title-sep-container-right\"><div class=\"title-sep sep- sep-solid\" style=\"border-color:#eeefee;\"><\/div><\/div><\/div>\n<div class=\"table-2\">\n<table style=\"border-collapse: collapse;\" width=\"100%\">\n<thead>\n<tr>\n<th style=\"background-color: #00778b; text-align: center; white-space: nowrap;\">Produit<\/th>\n<th style=\"background-color: #00778b; text-align: center;\" align=\"left\">Date de rupture de stock<\/th>\n<th style=\"background-color: #00778b; text-align: center;\" align=\"left\">Date de retour en stock*<\/th>\n<th style=\"background-color: #00778b; text-align: center;\" align=\"left\">Substitution<\/th>\n<th style=\"background-color: #00778b; text-align: center;\" align=\"left\">Notes<\/th>\n<\/tr>\n<\/thead>\n<tbody>\n<tr>\n<td style=\"text-align: center;\" align=\"left\">IsaLean Chocolate Fudge Brownie Plant-Based Bar<\/td>\n<td style=\"text-align: center;\" align=\"left\">29 d\u00e9cembre 2025<\/td>\n<td style=\"text-align: center;\" align=\"left\">\u00c0 confirmer.<\/td>\n<td style=\"text-align: center;\" align=\"left\">2x Energy Bites<\/td>\n<td style=\"text-align: center;\" align=\"left\">Utilisation limit\u00e9e. Disponible uniquement pour les Subscription Rewards existants et les packs pr\u00e9configur\u00e9s.<\/td>\n<\/tr>\n<\/tbody>\n<\/table>\n<\/div>\n<div class=\"fusion-title title fusion-title-4 fusion-title-text fusion-title-size-paragraph\" style=\"--awb-margin-top-small:0px;--awb-margin-right-small:0px;--awb-margin-bottom-small:20px;--awb-margin-left-small:0px;\"><div class=\"title-sep-container title-sep-container-left fusion-no-large-visibility fusion-no-medium-visibility fusion-no-small-visibility\"><div class=\"title-sep sep- sep-solid\" style=\"border-color:#eeefee;\"><\/div><\/div><span class=\"awb-title-spacer fusion-no-large-visibility fusion-no-medium-visibility fusion-no-small-visibility\"><\/span><p class=\"fusion-title-heading title-heading-left title-heading-tag fusion-responsive-typography-calculated\" style=\"margin:0;--fontSize:16;--minFontSize:16;line-height:1.4;\">*Toutes les dates sont sujettes \u00e0 changement<\/p><span class=\"awb-title-spacer\"><\/span><div class=\"title-sep-container title-sep-container-right\"><div class=\"title-sep sep- sep-solid\" style=\"border-color:#eeefee;\"><\/div><\/div><\/div><\/div><\/div><\/div><\/div><div class=\"fusion-fullwidth fullwidth-box fusion-builder-row-4 fusion-flex-container has-pattern-background has-mask-background nonhundred-percent-fullwidth non-hundred-percent-height-scrolling\" style=\"--awb-border-radius-top-left:0px;--awb-border-radius-top-right:0px;--awb-border-radius-bottom-right:0px;--awb-border-radius-bottom-left:0px;--awb-flex-wrap:wrap;\" ><div class=\"fusion-builder-row fusion-row fusion-flex-align-items-flex-start fusion-flex-justify-content-center fusion-flex-content-wrap\" style=\"max-width:1497.6px;margin-left: calc(-4% \/ 2 );margin-right: calc(-4% \/ 2 );\"><div class=\"fusion-layout-column fusion_builder_column fusion-builder-column-3 fusion-flex-column fusion-flex-align-self-center\" style=\"--awb-bg-size:cover;--awb-width-large:85%;--awb-margin-top-large:0px;--awb-spacing-right-large:2.2588235294118%;--awb-margin-bottom-large:20px;--awb-spacing-left-large:2.2588235294118%;--awb-width-medium:100%;--awb-order-medium:0;--awb-spacing-right-medium:1.92%;--awb-spacing-left-medium:1.92%;--awb-width-small:100%;--awb-order-small:0;--awb-spacing-right-small:1.92%;--awb-spacing-left-small:1.92%;\" data-scroll-devices=\"small-visibility,medium-visibility,large-visibility\"><div class=\"fusion-column-wrapper fusion-column-has-shadow fusion-flex-justify-content-center fusion-content-layout-column\"><div class=\"fusion-title title fusion-title-5 fusion-title-text fusion-title-size-one\" style=\"--awb-text-color:var(--awb-color3);--awb-margin-top-small:0px;--awb-margin-right-small:0px;--awb-margin-bottom-small:20px;--awb-margin-left-small:0px;--awb-font-size:35px;\"><div class=\"title-sep-container title-sep-container-left fusion-no-large-visibility fusion-no-medium-visibility fusion-no-small-visibility\"><div class=\"title-sep sep- sep-solid\" style=\"border-color:#eeefee;\"><\/div><\/div><span class=\"awb-title-spacer fusion-no-large-visibility fusion-no-medium-visibility fusion-no-small-visibility\"><\/span><h1 class=\"fusion-title-heading title-heading-left fusion-responsive-typography-calculated\" style=\"font-family:&quot;Nunito Sans&quot;;font-style:normal;font-weight:300;margin:0;letter-spacing:1.5px;text-transform:uppercase;font-size:1em;--fontSize:35;line-height:1;\">Abandons<\/h1><span class=\"awb-title-spacer\"><\/span><div class=\"title-sep-container title-sep-container-right\"><div class=\"title-sep sep- sep-solid\" style=\"border-color:#eeefee;\"><\/div><\/div><\/div><div class=\"fusion-title title fusion-title-6 fusion-title-text fusion-title-size-paragraph\" style=\"--awb-margin-top-small:0px;--awb-margin-right-small:0px;--awb-margin-bottom-small:20px;--awb-margin-left-small:0px;\"><div class=\"title-sep-container title-sep-container-left fusion-no-large-visibility fusion-no-medium-visibility fusion-no-small-visibility\"><div class=\"title-sep sep- sep-solid\" style=\"border-color:#eeefee;\"><\/div><\/div><span class=\"awb-title-spacer fusion-no-large-visibility fusion-no-medium-visibility fusion-no-small-visibility\"><\/span><p class=\"fusion-title-heading title-heading-left title-heading-tag fusion-responsive-typography-calculated\" style=\"margin:0;--fontSize:16;--minFontSize:16;line-height:1.4;\">Innover en permanence et offrir la meilleure exp\u00e9rience \u00e0 nos Clients est notre priorit\u00e9 absolue. Parfois, l&#8217;abandon d&#8217;articles nous permet de nous concentrer sur le d\u00e9veloppement d&#8217;options encore meilleures pour r\u00e9pondre \u00e0 l&#8217;\u00e9volution des besoins et des pr\u00e9f\u00e9rences de nos pr\u00e9cieux Clients.<\/p><span class=\"awb-title-spacer\"><\/span><div class=\"title-sep-container title-sep-container-right\"><div class=\"title-sep sep- sep-solid\" style=\"border-color:#eeefee;\"><\/div><\/div><\/div>\n<div class=\"table-2\">\n<table width=\"100%\">\n<thead>\n<tr>\n<th style=\"background-color: #00778b; text-align: center;\" align=\"left\">Produit<\/th>\n<th style=\"background-color: #00778b; text-align: center;\" align=\"left\">Date*<\/th>\n<th style=\"background-color: #00778b; text-align: center;\" align=\"left\">Remplacement<\/th>\n<th style=\"background-color: #00778b; text-align: center;\" align=\"left\">Date d&#8217;expiration**<\/th>\n<\/tr>\n<\/thead>\n<tbody>\n<tr>\n<td style=\"text-align: left;\" align=\"left\">Celletoi Moisture Balancing Foaming Cleanser<\/td>\n<td style=\"text-align: left;\" align=\"left\">Retir\u00e9 des commandes de r\u00e9compenses par abonnement : 6 mars 2025<\/td>\n<td style=\"text-align: center;\" align=\"left\">N\/A<\/td>\n<td style=\"text-align: center;\" align=\"left\"><span data-teams=\"true\">04\/2026<\/span><\/td>\n<\/tr>\n<tr>\n<td align=\"left\">Celletoi Travel Bag<\/td>\n<td align=\"left\">Retir\u00e9 des commandes de r\u00e9compenses par abonnement : 6 mars 2025<\/td>\n<td style=\"text-align: center;\" align=\"left\">N\/A<\/td>\n<td style=\"text-align: center;\" align=\"left\">N\/A<\/td>\n<\/tr>\n<tr>\n<td align=\"left\">Celletoi Peptide Eye Cream<\/td>\n<td align=\"left\">Retir\u00e9 des commandes de r\u00e9compenses par abonnement : 6 mars 2025<\/td>\n<td style=\"text-align: center;\" align=\"left\">N\/A<\/td>\n<td style=\"text-align: center;\" align=\"left\"><span data-teams=\"true\">04\/2026<\/span><\/td>\n<\/tr>\n<\/tbody>\n<\/table>\n<\/div>\n<div class=\"fusion-title title fusion-title-7 fusion-title-text fusion-title-size-paragraph\" style=\"--awb-margin-top-small:0px;--awb-margin-right-small:0px;--awb-margin-bottom-small:20px;--awb-margin-left-small:0px;\"><div class=\"title-sep-container title-sep-container-left fusion-no-large-visibility fusion-no-medium-visibility fusion-no-small-visibility\"><div class=\"title-sep sep- sep-solid\" style=\"border-color:#eeefee;\"><\/div><\/div><span class=\"awb-title-spacer fusion-no-large-visibility fusion-no-medium-visibility fusion-no-small-visibility\"><\/span><p class=\"fusion-title-heading title-heading-left title-heading-tag fusion-responsive-typography-calculated\" style=\"margin:0;--fontSize:16;--minFontSize:16;line-height:1.4;\">*Toutes les dates sont susceptibles d&#8217;\u00eatre modifi\u00e9es.<\/p><span class=\"awb-title-spacer\"><\/span><div class=\"title-sep-container title-sep-container-right\"><div class=\"title-sep sep- sep-solid\" style=\"border-color:#eeefee;\"><\/div><\/div><\/div><div class=\"fusion-title title fusion-title-8 fusion-title-text fusion-title-size-paragraph\" style=\"--awb-margin-top-small:0px;--awb-margin-right-small:0px;--awb-margin-bottom-small:20px;--awb-margin-left-small:0px;\"><div class=\"title-sep-container title-sep-container-left fusion-no-large-visibility fusion-no-medium-visibility fusion-no-small-visibility\"><div class=\"title-sep sep- sep-solid\" style=\"border-color:#eeefee;\"><\/div><\/div><span class=\"awb-title-spacer fusion-no-large-visibility fusion-no-medium-visibility fusion-no-small-visibility\"><\/span><p class=\"fusion-title-heading title-heading-left title-heading-tag fusion-responsive-typography-calculated\" style=\"margin:0;--fontSize:16;--minFontSize:16;line-height:1.4;\">**La date d&#8217;expiration se r\u00e9f\u00e8re au produit lui-m\u00eame et non \u00e0 sa disponibilit\u00e9 \u00e0 la commande.<\/p><span class=\"awb-title-spacer\"><\/span><div class=\"title-sep-container title-sep-container-right\"><div class=\"title-sep sep- sep-solid\" style=\"border-color:#eeefee;\"><\/div><\/div><\/div><\/div><\/div><\/div><\/div><div class=\"fusion-fullwidth fullwidth-box fusion-builder-row-5 fusion-flex-container has-pattern-background has-mask-background nonhundred-percent-fullwidth non-hundred-percent-height-scrolling\" style=\"--awb-border-radius-top-left:0px;--awb-border-radius-top-right:0px;--awb-border-radius-bottom-right:0px;--awb-border-radius-bottom-left:0px;--awb-flex-wrap:wrap;\" ><div class=\"fusion-builder-row fusion-row fusion-flex-align-items-center fusion-flex-justify-content-center fusion-flex-content-wrap\" style=\"max-width:1497.6px;margin-left: calc(-4% \/ 2 );margin-right: calc(-4% \/ 2 );\"><div class=\"fusion-layout-column fusion_builder_column fusion-builder-column-4 fusion-flex-column\" style=\"--awb-bg-size:cover;--awb-width-large:85%;--awb-margin-top-large:0px;--awb-spacing-right-large:2.2588235294118%;--awb-margin-bottom-large:20px;--awb-spacing-left-large:2.2588235294118%;--awb-width-medium:100%;--awb-order-medium:0;--awb-spacing-right-medium:1.92%;--awb-spacing-left-medium:1.92%;--awb-width-small:100%;--awb-order-small:0;--awb-spacing-right-small:1.92%;--awb-spacing-left-small:1.92%;\" data-scroll-devices=\"small-visibility,medium-visibility,large-visibility\"><div class=\"fusion-column-wrapper fusion-column-has-shadow fusion-flex-justify-content-flex-start fusion-content-layout-column\"><div class=\"fusion-title title fusion-title-9 fusion-title-text fusion-title-size-one\" style=\"--awb-text-color:var(--awb-color3);--awb-margin-top-small:0px;--awb-margin-right-small:0px;--awb-margin-bottom-small:20px;--awb-margin-left-small:0px;--awb-font-size:35px;\"><div class=\"title-sep-container title-sep-container-left fusion-no-large-visibility fusion-no-medium-visibility fusion-no-small-visibility\"><div class=\"title-sep sep- sep-solid\" style=\"border-color:#eeefee;\"><\/div><\/div><span class=\"awb-title-spacer fusion-no-large-visibility fusion-no-medium-visibility fusion-no-small-visibility\"><\/span><h1 class=\"fusion-title-heading title-heading-left fusion-responsive-typography-calculated\" style=\"font-family:&quot;Nunito Sans&quot;;font-style:normal;font-weight:300;margin:0;letter-spacing:1.5px;text-transform:uppercase;font-size:1em;--fontSize:35;line-height:1;\">Remaniement des produits<\/h1><span class=\"awb-title-spacer\"><\/span><div class=\"title-sep-container title-sep-container-right\"><div class=\"title-sep sep- sep-solid\" style=\"border-color:#eeefee;\"><\/div><\/div><\/div>\n<div class=\"table-2\">\n<table width=\"100%\">\n<thead>\n<tr>\n<th style=\"background-color: #00778b; text-align: left;\" align=\"left\">Produit<\/th>\n<th style=\"background-color: #00778b; text-align: left;\" align=\"left\"><strong>Date<\/strong><\/th>\n<th style=\"background-color: #00778b; text-align: left;\" align=\"left\"><strong>Raison d&#8217;\u00eatre\u00a0<\/strong><\/th>\n<\/tr>\n<\/thead>\n<tbody>\n<tr>\n<td style=\"text-align: left;\" align=\"left\">Collagen Elixir<\/td>\n<td style=\"text-align: left;\" align=\"left\">Janvier 2025<\/td>\n<td style=\"text-align: center;\" align=\"left\">\n<ul>\n<li style=\"text-align: left;\">Format d&#8217;emballage mis \u00e0 jour pour inclure plusieurs langues. March\u00e9s d&#8217;Europe continentale uniquement.<\/li>\n<\/ul>\n<\/td>\n<\/tr>\n<tr>\n<td align=\"left\">Thermo GX<\/td>\n<td align=\"left\">Mars 2025<\/td>\n<td align=\"left\">\n<ul>\n<li>Format d&#8217;emballage mis \u00e0 jour pour inclure plusieurs langues.<\/li>\n<\/ul>\n<\/td>\n<\/tr>\n<tr>\n<td align=\"left\">Amped Nitro<\/td>\n<td align=\"left\">Ao\u00fbt 2025<\/td>\n<td align=\"left\">\n<ul>\n<li>Format d&#8217;emballage mis \u00e0 jour pour inclure plusieurs langues.<\/li>\n<\/ul>\n<\/td>\n<\/tr>\n<tr>\n<td align=\"left\">Amped Post-Workout<\/td>\n<td align=\"left\">Septembre 2025<\/td>\n<td align=\"left\">\n<ul>\n<li>Format d&#8217;emballage mis \u00e0 jour pour inclure plusieurs langues.<\/li>\n<\/ul>\n<\/td>\n<\/tr>\n<tr>\n<td align=\"left\">Supermix<\/td>\n<td align=\"left\">Janvier 2026<\/td>\n<td align=\"left\">\n<ul>\n<li>Reformul\u00e9 pour un profil nutritionnel am\u00e9lior\u00e9.<\/li>\n<\/ul>\n<\/td>\n<\/tr>\n<\/tbody>\n<\/table>\n<\/div>\n<\/div><\/div><\/div><\/div><\/p>\n","protected":false},"excerpt":{"rendered":"","protected":false},"author":18293,"featured_media":0,"parent":0,"menu_order":0,"comment_status":"closed","ping_status":"closed","template":"100-width.php","meta":{"_acf_changed":false,"footnotes":""},"class_list":["post-212832","page","type-page","status-publish","hentry"],"acf":[],"_links":{"self":[{"href":"https:\/\/eu.isagenixbusiness.com\/fr-eu\/wp-json\/wp\/v2\/pages\/212832","targetHints":{"allow":["GET"]}}],"collection":[{"href":"https:\/\/eu.isagenixbusiness.com\/fr-eu\/wp-json\/wp\/v2\/pages"}],"about":[{"href":"https:\/\/eu.isagenixbusiness.com\/fr-eu\/wp-json\/wp\/v2\/types\/page"}],"author":[{"embeddable":true,"href":"https:\/\/eu.isagenixbusiness.com\/fr-eu\/wp-json\/wp\/v2\/users\/18293"}],"replies":[{"embeddable":true,"href":"https:\/\/eu.isagenixbusiness.com\/fr-eu\/wp-json\/wp\/v2\/comments?post=212832"}],"version-history":[{"count":18,"href":"https:\/\/eu.isagenixbusiness.com\/fr-eu\/wp-json\/wp\/v2\/pages\/212832\/revisions"}],"predecessor-version":[{"id":229543,"href":"https:\/\/eu.isagenixbusiness.com\/fr-eu\/wp-json\/wp\/v2\/pages\/212832\/revisions\/229543"}],"wp:attachment":[{"href":"https:\/\/eu.isagenixbusiness.com\/fr-eu\/wp-json\/wp\/v2\/media?parent=212832"}],"curies":[{"name":"wp","href":"https:\/\/api.w.org\/{rel}","templated":true}]}}