{"id":227666,"date":"2025-11-21T12:37:03","date_gmt":"2025-11-21T12:37:03","guid":{"rendered":"https:\/\/eu.isagenixbusiness.com\/?page_id=227666"},"modified":"2025-11-21T14:29:03","modified_gmt":"2025-11-21T14:29:03","slug":"black-friday-2025","status":"publish","type":"page","link":"https:\/\/eu.isagenixbusiness.com\/fr-eu\/black-friday-2025\/","title":{"rendered":"Black Friday"},"content":{"rendered":"<p><div class=\"fusion-fullwidth fullwidth-box fusion-builder-row-1 fusion-flex-container has-pattern-background has-mask-background fusion-parallax-none nonhundred-percent-fullwidth non-hundred-percent-height-scrolling fusion-no-small-visibility\" style=\"--awb-border-sizes-top:0;--awb-border-sizes-bottom:0;--awb-border-sizes-left:0;--awb-border-radius-top-left:0px;--awb-border-radius-top-right:0px;--awb-border-radius-bottom-right:0px;--awb-border-radius-bottom-left:0px;--awb-min-height:200px;--awb-min-height-medium:300px;--awb-min-height-small:200px;--awb-background-image:url(&quot;https:\/\/eu.isagenixbusiness.com\/wp-content\/uploads\/2025\/11\/\u2022-BLACK-FRIDAY-\u2022-2000-x-250-px-1.svg&quot;);--awb-background-size:cover;--awb-flex-wrap:wrap;\" ><div class=\"fusion-builder-row fusion-row fusion-flex-align-items-center fusion-flex-align-content-center fusion-flex-content-wrap\" style=\"max-width:1497.6px;margin-left: calc(-4% \/ 2 );margin-right: calc(-4% \/ 2 );\"><div class=\"fusion-layout-column fusion_builder_column fusion-builder-column-0 fusion_builder_column_1_1 1_1 fusion-flex-column\" style=\"--awb-bg-size:cover;--awb-width-large:100%;--awb-margin-top-large:0px;--awb-spacing-right-large:1.92%;--awb-margin-bottom-large:20px;--awb-spacing-left-large:1.92%;--awb-width-medium:100%;--awb-order-medium:0;--awb-spacing-right-medium:1.92%;--awb-spacing-left-medium:1.92%;--awb-width-small:100%;--awb-order-small:0;--awb-spacing-right-small:1.92%;--awb-spacing-left-small:1.92%;\"><div class=\"fusion-column-wrapper fusion-column-has-shadow fusion-flex-justify-content-flex-start fusion-content-layout-column\"><\/div><\/div><\/div><\/div><div class=\"fusion-fullwidth fullwidth-box fusion-builder-row-2 fusion-flex-container has-pattern-background has-mask-background fusion-parallax-none nonhundred-percent-fullwidth non-hundred-percent-height-scrolling fusion-no-medium-visibility fusion-no-large-visibility\" style=\"--awb-border-sizes-top:0;--awb-border-sizes-bottom:0;--awb-border-sizes-left:0;--awb-border-radius-top-left:0px;--awb-border-radius-top-right:0px;--awb-border-radius-bottom-right:0px;--awb-border-radius-bottom-left:0px;--awb-min-height:200px;--awb-min-height-medium:300px;--awb-min-height-small:200px;--awb-background-image:url(&quot;https:\/\/eu.isagenixbusiness.com\/wp-content\/uploads\/2025\/11\/\u2022-BLACK-FRIDAY-\u2022-2000-x-250-px-1.svg&quot;);--awb-background-size:cover;--awb-flex-wrap:wrap;\" ><div class=\"fusion-builder-row fusion-row fusion-flex-align-items-center fusion-flex-align-content-center fusion-flex-content-wrap\" style=\"max-width:1497.6px;margin-left: calc(-4% \/ 2 );margin-right: calc(-4% \/ 2 );\"><div class=\"fusion-layout-column fusion_builder_column fusion-builder-column-1 fusion_builder_column_1_1 1_1 fusion-flex-column\" style=\"--awb-bg-size:cover;--awb-width-large:100%;--awb-margin-top-large:0px;--awb-spacing-right-large:1.92%;--awb-margin-bottom-large:20px;--awb-spacing-left-large:1.92%;--awb-width-medium:100%;--awb-order-medium:0;--awb-spacing-right-medium:1.92%;--awb-spacing-left-medium:1.92%;--awb-width-small:100%;--awb-order-small:0;--awb-spacing-right-small:1.92%;--awb-spacing-left-small:1.92%;\"><div class=\"fusion-column-wrapper fusion-column-has-shadow fusion-flex-justify-content-flex-start fusion-content-layout-column\"><\/div><\/div><\/div><\/div><div class=\"fusion-fullwidth fullwidth-box fusion-builder-row-3 fusion-flex-container has-pattern-background has-mask-background nonhundred-percent-fullwidth non-hundred-percent-height-scrolling fusion-no-small-visibility\" style=\"--awb-border-radius-top-left:0px;--awb-border-radius-top-right:0px;--awb-border-radius-bottom-right:0px;--awb-border-radius-bottom-left:0px;--awb-margin-top:0px;--awb-flex-wrap:wrap;\" ><div class=\"fusion-builder-row fusion-row fusion-flex-align-items-center fusion-flex-content-wrap\" style=\"max-width:1497.6px;margin-left: calc(-4% \/ 2 );margin-right: calc(-4% \/ 2 );\"><div class=\"fusion-layout-column fusion_builder_column fusion-builder-column-2 fusion_builder_column_1_3 1_3 fusion-flex-column\" style=\"--awb-bg-size:cover;--awb-width-large:33.333333333333%;--awb-margin-top-large:0px;--awb-spacing-right-large:5.76%;--awb-margin-bottom-large:20px;--awb-spacing-left-large:5.76%;--awb-width-medium:100%;--awb-order-medium:0;--awb-spacing-right-medium:1.92%;--awb-spacing-left-medium:1.92%;--awb-width-small:100%;--awb-order-small:0;--awb-spacing-right-small:1.92%;--awb-spacing-left-small:1.92%;\" data-scroll-devices=\"small-visibility,medium-visibility,large-visibility\"><div class=\"fusion-column-wrapper fusion-column-has-shadow fusion-flex-justify-content-flex-start fusion-content-layout-column\"><div class=\"fusion-image-element \" style=\"--awb-caption-title-font-family:var(--h2_typography-font-family);--awb-caption-title-font-weight:var(--h2_typography-font-weight);--awb-caption-title-font-style:var(--h2_typography-font-style);--awb-caption-title-size:var(--h2_typography-font-size);--awb-caption-title-transform:var(--h2_typography-text-transform);--awb-caption-title-line-height:var(--h2_typography-line-height);--awb-caption-title-letter-spacing:var(--h2_typography-letter-spacing);\"><span class=\" fusion-imageframe imageframe-none imageframe-1 hover-type-none\"><img decoding=\"async\" width=\"864\" height=\"1024\" title=\"FR[1]\" src=\"https:\/\/eu.isagenixbusiness.com\/wp-content\/uploads\/2025\/11\/FR1-1-864x1024.png\" alt class=\"img-responsive wp-image-227711\" srcset=\"https:\/\/eu.isagenixbusiness.com\/wp-content\/uploads\/2025\/11\/FR1-1-200x237.png 200w, https:\/\/eu.isagenixbusiness.com\/wp-content\/uploads\/2025\/11\/FR1-1-400x474.png 400w, https:\/\/eu.isagenixbusiness.com\/wp-content\/uploads\/2025\/11\/FR1-1-600x711.png 600w, https:\/\/eu.isagenixbusiness.com\/wp-content\/uploads\/2025\/11\/FR1-1-800x948.png 800w, https:\/\/eu.isagenixbusiness.com\/wp-content\/uploads\/2025\/11\/FR1-1.png 1080w\" sizes=\"(max-width: 1024px) 100vw, (max-width: 640px) 100vw, 600px\" \/><\/span><\/div><\/div><\/div><div class=\"fusion-layout-column fusion_builder_column fusion-builder-column-3 fusion_builder_column_2_3 2_3 fusion-flex-column\" style=\"--awb-bg-size:cover;--awb-width-large:66.666666666667%;--awb-margin-top-large:0px;--awb-spacing-right-large:2.88%;--awb-margin-bottom-large:20px;--awb-spacing-left-large:2.88%;--awb-width-medium:100%;--awb-order-medium:0;--awb-spacing-right-medium:1.92%;--awb-spacing-left-medium:1.92%;--awb-width-small:100%;--awb-order-small:0;--awb-spacing-right-small:1.92%;--awb-spacing-left-small:1.92%;\" data-scroll-devices=\"small-visibility,medium-visibility,large-visibility\"><div class=\"fusion-column-wrapper fusion-column-has-shadow fusion-flex-justify-content-flex-start fusion-content-layout-column\"><div class=\"fusion-text fusion-text-1\" style=\"--awb-font-size:30px;--awb-line-height:1;--awb-letter-spacing:1px;--awb-text-transform:uppercase;--awb-text-color:#00778b;--awb-margin-top:60px;--awb-text-font-family:&quot;Nunito Sans&quot;;--awb-text-font-style:normal;--awb-text-font-weight:700;\"><p style=\"text-align: left;\"><span style=\"color: #000000;\"><strong>DU 24 NOVEMBRE AU 1 D\u00c9CEMBRE, PROFITE DE JUSQU\u2019\u00c0 20% DE R\u00c9DUCTION SUR TOUS LES PRODUITS PLUS LA LIVRAISON GRATUITE<\/strong><\/span><\/p>\n<\/div><div class=\"fusion-text fusion-text-2\" style=\"--awb-font-size:20px;--awb-text-font-family:&quot;Nunito Sans&quot;;--awb-text-font-style:normal;--awb-text-font-weight:300;\"><h2 style=\"text-align: left;\"><span style=\"color: #0c1a24;\"><strong>Cette ann\u00e9e, Black Friday est exactement le coup de pouce dont ton parcours bien-\u00eatre a besoin.<\/strong><\/span><\/h2>\n<\/div><div class=\"fusion-text fusion-text-3\" style=\"--awb-font-size:30px;--awb-line-height:1;--awb-letter-spacing:1px;--awb-text-transform:uppercase;--awb-text-color:#00778b;--awb-margin-top:10px;--awb-text-font-family:&quot;Nunito Sans&quot;;--awb-text-font-style:normal;--awb-text-font-weight:700;\"><h3 style=\"text-align: left;\"><span style=\"color: #000000;\">Comment \u00e7a marche<\/span><\/h3>\n<\/div><div class=\"fusion-text fusion-text-4 fusion-text-no-margin\" style=\"--awb-margin-bottom:20px;\"><ul>\n<li style=\"text-align: left;\"><span style=\"color: #000000;\">D\u00e9pense 175 \u20ac \/ 140 \u00a3 et b\u00e9n\u00e9ficie de la livraison gratuite<\/span><\/li>\n<li style=\"text-align: left;\"><span style=\"color: #000000;\">D\u00e9pense 225 \u20ac \/ 180 \u00a3 et b\u00e9n\u00e9ficie de la livraison gratuite PLUS 10% de r\u00e9duction<\/span><\/li>\n<li style=\"text-align: left;\"><span style=\"color: #000000;\">D\u00e9pense 275 \u20ac \/ 220 \u00a3 et b\u00e9n\u00e9ficie de la livraison gratuite PLUS 20% de r\u00e9duction<\/span><\/li>\n<\/ul>\n<p style=\"text-align: left;\"><span style=\"color: #000000;\">C\u2019est le moment id\u00e9al pour faire le plein ! Que tu te concentres sur la gestion du poids, la beaut\u00e9 naturelle ou ton bien-\u00eatre g\u00e9n\u00e9ral, Black Friday donne \u00e0 ton parcours bien-\u00eatre un vrai coup d\u2019acc\u00e9l\u00e9rateur.<\/span><\/p>\n<p><span style=\"color: #000000;\">Tu trouveras maintenant un ensemble complet de social shareables \u00e0 utiliser pour promouvoir l\u2019offre Black Friday UP TO 20% OFF + FREE SHIPPING.<\/span><\/p>\n<p><span style=\"color: #000000;\">Partage-les avec tes \u00e9quipes et tes clients pour aider tout le monde \u00e0 profiter au maximum de cette offre limit\u00e9e.<\/span><\/p>\n<\/div><div style=\"text-align:center;\"><a class=\"fusion-button button-flat fusion-button-default-size button-custom fusion-button-default button-1 fusion-button-default-span fusion-button-default-type\" style=\"--button_accent_color:var(--awb-color7);--button_accent_hover_color:#ffffff;--button_border_hover_color:#ffffff;--button_gradient_top_color:#efd19a;--button_gradient_bottom_color:#efd19a;--button_gradient_top_color_hover:#00778b;--button_gradient_bottom_color_hover:#00778b;\" target=\"_self\" href=\"https:\/\/brand.isagenix.com\/document\/19?q=black+friday+2025&amp;country17=Europe&amp;urlVersion=2.0\"><span class=\"fusion-button-text awb-button__text awb-button__text--default\">SHAREABLES<\/span><\/a><\/div><\/div><\/div><\/div><\/div><div class=\"fusion-fullwidth fullwidth-box fusion-builder-row-4 fusion-flex-container has-pattern-background has-mask-background nonhundred-percent-fullwidth non-hundred-percent-height-scrolling fusion-no-medium-visibility fusion-no-large-visibility\" style=\"--awb-border-radius-top-left:0px;--awb-border-radius-top-right:0px;--awb-border-radius-bottom-right:0px;--awb-border-radius-bottom-left:0px;--awb-margin-top:0px;--awb-flex-wrap:wrap;\" ><div class=\"fusion-builder-row fusion-row fusion-flex-align-items-center fusion-flex-content-wrap\" style=\"max-width:1497.6px;margin-left: calc(-4% \/ 2 );margin-right: calc(-4% \/ 2 );\"><div class=\"fusion-layout-column fusion_builder_column fusion-builder-column-4 fusion_builder_column_1_3 1_3 fusion-flex-column\" style=\"--awb-bg-size:cover;--awb-width-large:33.333333333333%;--awb-margin-top-large:0px;--awb-spacing-right-large:5.76%;--awb-margin-bottom-large:20px;--awb-spacing-left-large:5.76%;--awb-width-medium:100%;--awb-order-medium:0;--awb-spacing-right-medium:1.92%;--awb-spacing-left-medium:1.92%;--awb-width-small:100%;--awb-order-small:0;--awb-spacing-right-small:1.92%;--awb-spacing-left-small:1.92%;\" data-scroll-devices=\"small-visibility,medium-visibility,large-visibility\"><div class=\"fusion-column-wrapper fusion-column-has-shadow fusion-flex-justify-content-flex-start fusion-content-layout-column\"><div class=\"fusion-image-element \" style=\"--awb-caption-title-font-family:var(--h2_typography-font-family);--awb-caption-title-font-weight:var(--h2_typography-font-weight);--awb-caption-title-font-style:var(--h2_typography-font-style);--awb-caption-title-size:var(--h2_typography-font-size);--awb-caption-title-transform:var(--h2_typography-text-transform);--awb-caption-title-line-height:var(--h2_typography-line-height);--awb-caption-title-letter-spacing:var(--h2_typography-letter-spacing);\"><span class=\" fusion-imageframe imageframe-none imageframe-2 hover-type-none\"><img decoding=\"async\" width=\"864\" height=\"1024\" title=\"FR[1]\" src=\"https:\/\/eu.isagenixbusiness.com\/wp-content\/uploads\/2025\/11\/FR1-1-864x1024.png\" alt class=\"img-responsive wp-image-227711\" srcset=\"https:\/\/eu.isagenixbusiness.com\/wp-content\/uploads\/2025\/11\/FR1-1-200x237.png 200w, https:\/\/eu.isagenixbusiness.com\/wp-content\/uploads\/2025\/11\/FR1-1-400x474.png 400w, https:\/\/eu.isagenixbusiness.com\/wp-content\/uploads\/2025\/11\/FR1-1-600x711.png 600w, https:\/\/eu.isagenixbusiness.com\/wp-content\/uploads\/2025\/11\/FR1-1-800x948.png 800w, https:\/\/eu.isagenixbusiness.com\/wp-content\/uploads\/2025\/11\/FR1-1.png 1080w\" sizes=\"(max-width: 1024px) 100vw, (max-width: 640px) 100vw, 600px\" \/><\/span><\/div><\/div><\/div><div class=\"fusion-layout-column fusion_builder_column fusion-builder-column-5 fusion_builder_column_2_3 2_3 fusion-flex-column\" style=\"--awb-bg-size:cover;--awb-width-large:66.666666666667%;--awb-margin-top-large:0px;--awb-spacing-right-large:2.88%;--awb-margin-bottom-large:20px;--awb-spacing-left-large:2.88%;--awb-width-medium:100%;--awb-order-medium:0;--awb-spacing-right-medium:1.92%;--awb-spacing-left-medium:1.92%;--awb-width-small:100%;--awb-order-small:0;--awb-spacing-right-small:1.92%;--awb-spacing-left-small:1.92%;\" data-scroll-devices=\"small-visibility,medium-visibility,large-visibility\"><div class=\"fusion-column-wrapper fusion-column-has-shadow fusion-flex-justify-content-flex-start fusion-content-layout-column\"><div class=\"fusion-text fusion-text-5\" style=\"--awb-font-size:30px;--awb-line-height:1;--awb-letter-spacing:1px;--awb-text-transform:uppercase;--awb-text-color:#00778b;--awb-margin-top:60px;--awb-text-font-family:&quot;Nunito Sans&quot;;--awb-text-font-style:normal;--awb-text-font-weight:700;\"><p style=\"text-align: left;\"><span style=\"color: #000000;\"><strong>DU 24 NOVEMBRE AU 1 D\u00c9CEMBRE, PROFITE DE JUSQU\u2019\u00c0 20% DE R\u00c9DUCTION SUR TOUS LES PRODUITS PLUS LA LIVRAISON GRATUITE<\/strong><\/span><\/p>\n<\/div><div class=\"fusion-text fusion-text-6\" style=\"--awb-font-size:20px;--awb-text-font-family:&quot;Nunito Sans&quot;;--awb-text-font-style:normal;--awb-text-font-weight:300;\"><h2 style=\"text-align: left;\"><span style=\"color: #0c1a24;\"><strong>Cette ann\u00e9e, Black Friday est exactement le coup de pouce dont ton parcours bien-\u00eatre a besoin.<\/strong><\/span><\/h2>\n<\/div><div class=\"fusion-text fusion-text-7\" style=\"--awb-font-size:30px;--awb-line-height:1;--awb-letter-spacing:1px;--awb-text-transform:uppercase;--awb-text-color:#00778b;--awb-margin-top:10px;--awb-text-font-family:&quot;Nunito Sans&quot;;--awb-text-font-style:normal;--awb-text-font-weight:700;\"><h3 style=\"text-align: left;\"><span style=\"color: #000000;\">Comment \u00e7a marche<\/span><\/h3>\n<\/div><div class=\"fusion-text fusion-text-8 fusion-text-no-margin\" style=\"--awb-margin-bottom:20px;\"><ul>\n<li style=\"text-align: left;\"><span style=\"color: #000000;\">D\u00e9pense 175 \u20ac \/ 140 \u00a3 et b\u00e9n\u00e9ficie de la livraison gratuite<\/span><\/li>\n<li style=\"text-align: left;\"><span style=\"color: #000000;\">D\u00e9pense 225 \u20ac \/ 180 \u00a3 et b\u00e9n\u00e9ficie de la livraison gratuite PLUS 10% de r\u00e9duction<\/span><\/li>\n<li style=\"text-align: left;\"><span style=\"color: #000000;\">D\u00e9pense 275 \u20ac \/ 220 \u00a3 et b\u00e9n\u00e9ficie de la livraison gratuite PLUS 20% de r\u00e9duction<\/span><\/li>\n<\/ul>\n<p style=\"text-align: left;\"><span style=\"color: #000000;\">C\u2019est le moment id\u00e9al pour faire le plein ! Que tu te concentres sur la gestion du poids, la beaut\u00e9 naturelle ou ton bien-\u00eatre g\u00e9n\u00e9ral, Black Friday donne \u00e0 ton parcours bien-\u00eatre un vrai coup d\u2019acc\u00e9l\u00e9rateur.<\/span><\/p>\n<p><span style=\"color: #000000;\">Tu trouveras maintenant un ensemble complet de social shareables \u00e0 utiliser pour promouvoir l\u2019offre Black Friday UP TO 20% OFF + FREE SHIPPING.<\/span><\/p>\n<p><span style=\"color: #000000;\">Partage-les avec tes \u00e9quipes et tes clients pour aider tout le monde \u00e0 profiter au maximum de cette offre limit\u00e9e.<\/span><\/p>\n<\/div><div style=\"text-align:center;\"><a class=\"fusion-button button-flat fusion-button-default-size button-custom fusion-button-default button-2 fusion-button-default-span fusion-button-default-type\" style=\"--button_accent_color:var(--awb-color7);--button_accent_hover_color:#ffffff;--button_border_hover_color:#ffffff;--button_gradient_top_color:#efd19a;--button_gradient_bottom_color:#efd19a;--button_gradient_top_color_hover:#00778b;--button_gradient_bottom_color_hover:#00778b;\" target=\"_self\" href=\"https:\/\/brand.isagenix.com\/document\/19?q=black+friday+2025&amp;country17=Europe&amp;urlVersion=2.0\"><span class=\"fusion-button-text awb-button__text awb-button__text--default\">SHAREABLES<\/span><\/a><\/div><\/div><\/div><\/div><\/div><div class=\"fusion-fullwidth fullwidth-box fusion-builder-row-5 fusion-flex-container has-pattern-background has-mask-background nonhundred-percent-fullwidth non-hundred-percent-height-scrolling fusion-no-small-visibility\" style=\"--awb-border-radius-top-left:0px;--awb-border-radius-top-right:0px;--awb-border-radius-bottom-right:0px;--awb-border-radius-bottom-left:0px;--awb-flex-wrap:wrap;\" ><div class=\"fusion-builder-row fusion-row fusion-flex-align-items-flex-start fusion-flex-content-wrap\" style=\"max-width:1497.6px;margin-left: calc(-4% \/ 2 );margin-right: calc(-4% \/ 2 );\"><div class=\"fusion-layout-column fusion_builder_column fusion-builder-column-6 fusion_builder_column_1_1 1_1 fusion-flex-column\" style=\"--awb-bg-size:cover;--awb-width-large:100%;--awb-margin-top-large:0px;--awb-spacing-right-large:1.92%;--awb-margin-bottom-large:20px;--awb-spacing-left-large:1.92%;--awb-width-medium:100%;--awb-order-medium:0;--awb-spacing-right-medium:1.92%;--awb-spacing-left-medium:1.92%;--awb-width-small:100%;--awb-order-small:0;--awb-spacing-right-small:1.92%;--awb-spacing-left-small:1.92%;\" data-scroll-devices=\"small-visibility,medium-visibility,large-visibility\"><div class=\"fusion-column-wrapper fusion-column-has-shadow fusion-flex-justify-content-flex-start fusion-content-layout-column\"><div class=\"fusion-text fusion-text-9\"><h3 style=\"text-align: center;\"><span style=\"color: #000000;\"><strong>T&amp;C&#8217;s<\/strong><\/span><\/h3>\n<p><span style=\"color: #000000;\">La promotion est valable du 24 novembre 2025 (00:00 US Eastern time \/ 05:00 GMT) au 1 d\u00e9cembre 2025 (23:59 US Eastern time \/ 2 d\u00e9cembre 04:59 GMT). Elle est ouverte \u00e0 tous les membres, nouveaux et existants, \u00e0 travers l\u2019Europe.Pour b\u00e9n\u00e9ficier de la livraison gratuite, tu dois passer une commande de produits d\u2019au moins \u00a3140\/ \u20ac175.Pour obtenir 10% Off + livraison gratuite, tu dois passer une commande de produits d\u2019au moins \u00a3180\/ \u20ac225 (hors taxes).Pour obtenir 20% Off + livraison gratuite, tu dois passer une commande de produits d\u2019au moins \u00a3220\/ \u20ac275 (hors taxes).Les montants seuils n\u2019incluent pas les frais de livraison. Les commandes Subscription Rewards doivent \u00eatre trait\u00e9es pendant la p\u00e9riode promotionnelle. La r\u00e9duction est automatiquement appliqu\u00e9e aux commandes \u00e9ligibles. Le BV total sera r\u00e9duit une fois la r\u00e9duction appliqu\u00e9e. Les commandes NFR et OTG ne peuvent pas \u00eatre combin\u00e9es pour se qualifier.L\u2019offre ne peut pas \u00eatre utilis\u00e9e avec d\u2019autres promotions, r\u00e9ductions ou bons.<\/span><\/p>\n<\/div><\/div><\/div><\/div><\/div><div class=\"fusion-fullwidth fullwidth-box fusion-builder-row-6 fusion-flex-container has-pattern-background has-mask-background nonhundred-percent-fullwidth non-hundred-percent-height-scrolling fusion-no-medium-visibility fusion-no-large-visibility\" style=\"--awb-border-radius-top-left:0px;--awb-border-radius-top-right:0px;--awb-border-radius-bottom-right:0px;--awb-border-radius-bottom-left:0px;--awb-flex-wrap:wrap;\" ><div class=\"fusion-builder-row fusion-row fusion-flex-align-items-flex-start fusion-flex-content-wrap\" style=\"max-width:1497.6px;margin-left: calc(-4% \/ 2 );margin-right: calc(-4% \/ 2 );\"><div class=\"fusion-layout-column fusion_builder_column fusion-builder-column-7 fusion_builder_column_1_1 1_1 fusion-flex-column\" style=\"--awb-bg-size:cover;--awb-width-large:100%;--awb-margin-top-large:0px;--awb-spacing-right-large:1.92%;--awb-margin-bottom-large:20px;--awb-spacing-left-large:1.92%;--awb-width-medium:100%;--awb-order-medium:0;--awb-spacing-right-medium:1.92%;--awb-spacing-left-medium:1.92%;--awb-width-small:100%;--awb-order-small:0;--awb-spacing-right-small:1.92%;--awb-spacing-left-small:1.92%;\" data-scroll-devices=\"small-visibility,medium-visibility,large-visibility\"><div class=\"fusion-column-wrapper fusion-column-has-shadow fusion-flex-justify-content-flex-start fusion-content-layout-column\"><div class=\"fusion-text fusion-text-10\"><h3 style=\"text-align: center;\"><span style=\"color: #000000;\"><strong>T&amp;C&#8217;s<\/strong><\/span><\/h3>\n<p><span style=\"color: #000000;\">La promotion est valable du 24 novembre 2025 (00:00 US Eastern time \/ 05:00 GMT) au 1 d\u00e9cembre 2025 (23:59 US Eastern time \/ 2 d\u00e9cembre 04:59 GMT). Elle est ouverte \u00e0 tous les membres, nouveaux et existants, \u00e0 travers l\u2019Europe.Pour b\u00e9n\u00e9ficier de la livraison gratuite, tu dois passer une commande de produits d\u2019au moins \u00a3140\/ \u20ac175.Pour obtenir 10% Off + livraison gratuite, tu dois passer une commande de produits d\u2019au moins \u00a3180\/ \u20ac225 (hors taxes).Pour obtenir 20% Off + livraison gratuite, tu dois passer une commande de produits d\u2019au moins \u00a3220\/ \u20ac275 (hors taxes).Les montants seuils n\u2019incluent pas les frais de livraison. Les commandes Subscription Rewards doivent \u00eatre trait\u00e9es pendant la p\u00e9riode promotionnelle. La r\u00e9duction est automatiquement appliqu\u00e9e aux commandes \u00e9ligibles. Le BV total sera r\u00e9duit une fois la r\u00e9duction appliqu\u00e9e. Les commandes NFR et OTG ne peuvent pas \u00eatre combin\u00e9es pour se qualifier.L\u2019offre ne peut pas \u00eatre utilis\u00e9e avec d\u2019autres promotions, r\u00e9ductions ou bons.<\/span><\/p>\n<\/div><\/div><\/div><\/div><\/div><\/p>\n","protected":false},"excerpt":{"rendered":"","protected":false},"author":9877,"featured_media":0,"parent":0,"menu_order":0,"comment_status":"closed","ping_status":"closed","template":"100-width.php","meta":{"_acf_changed":false,"footnotes":""},"class_list":["post-227666","page","type-page","status-publish","hentry"],"acf":[],"_links":{"self":[{"href":"https:\/\/eu.isagenixbusiness.com\/fr-eu\/wp-json\/wp\/v2\/pages\/227666","targetHints":{"allow":["GET"]}}],"collection":[{"href":"https:\/\/eu.isagenixbusiness.com\/fr-eu\/wp-json\/wp\/v2\/pages"}],"about":[{"href":"https:\/\/eu.isagenixbusiness.com\/fr-eu\/wp-json\/wp\/v2\/types\/page"}],"author":[{"embeddable":true,"href":"https:\/\/eu.isagenixbusiness.com\/fr-eu\/wp-json\/wp\/v2\/users\/9877"}],"replies":[{"embeddable":true,"href":"https:\/\/eu.isagenixbusiness.com\/fr-eu\/wp-json\/wp\/v2\/comments?post=227666"}],"version-history":[{"count":5,"href":"https:\/\/eu.isagenixbusiness.com\/fr-eu\/wp-json\/wp\/v2\/pages\/227666\/revisions"}],"predecessor-version":[{"id":227740,"href":"https:\/\/eu.isagenixbusiness.com\/fr-eu\/wp-json\/wp\/v2\/pages\/227666\/revisions\/227740"}],"wp:attachment":[{"href":"https:\/\/eu.isagenixbusiness.com\/fr-eu\/wp-json\/wp\/v2\/media?parent=227666"}],"curies":[{"name":"wp","href":"https:\/\/api.w.org\/{rel}","templated":true}]}}