{"id":228923,"date":"2026-01-06T11:10:56","date_gmt":"2026-01-06T11:10:56","guid":{"rendered":"https:\/\/eu.isagenixbusiness.com\/isapulse-update\/"},"modified":"2026-01-08T10:59:53","modified_gmt":"2026-01-08T10:59:53","slug":"isapulse-update","status":"publish","type":"page","link":"https:\/\/eu.isagenixbusiness.com\/fr-eu\/isapulse-update\/","title":{"rendered":"IsaPulse+ update"},"content":{"rendered":"<p><div class=\"fusion-fullwidth fullwidth-box fusion-builder-row-1 fusion-flex-container has-pattern-background has-mask-background nonhundred-percent-fullwidth non-hundred-percent-height-scrolling fusion-no-small-visibility\" style=\"--awb-background-blend-mode:overlay;--awb-border-radius-top-left:0px;--awb-border-radius-top-right:0px;--awb-border-radius-bottom-right:0px;--awb-border-radius-bottom-left:0px;--awb-min-height:200px;--awb-background-color:#074854;--awb-flex-wrap:wrap;\" ><div class=\"fusion-builder-row fusion-row fusion-flex-align-items-flex-start fusion-flex-content-wrap\" style=\"max-width:1497.6px;margin-left: calc(-4% \/ 2 );margin-right: calc(-4% \/ 2 );\"><div class=\"fusion-layout-column fusion_builder_column fusion-builder-column-0 fusion_builder_column_1_1 1_1 fusion-flex-column fusion-flex-align-self-center\" style=\"--awb-bg-size:cover;--awb-width-large:100%;--awb-margin-top-large:0px;--awb-spacing-right-large:1.92%;--awb-margin-bottom-large:0px;--awb-spacing-left-large:1.92%;--awb-width-medium:100%;--awb-order-medium:0;--awb-spacing-right-medium:1.92%;--awb-spacing-left-medium:1.92%;--awb-width-small:100%;--awb-order-small:0;--awb-spacing-right-small:1.92%;--awb-spacing-left-small:1.92%;\" data-scroll-devices=\"small-visibility,medium-visibility,large-visibility\"><div class=\"fusion-column-wrapper fusion-column-has-shadow fusion-flex-justify-content-center fusion-content-layout-column\"><div class=\"fusion-image-element \" style=\"text-align:center;--awb-margin-top:10px;--awb-margin-bottom:0px;--awb-caption-title-font-family:var(--h2_typography-font-family);--awb-caption-title-font-weight:var(--h2_typography-font-weight);--awb-caption-title-font-style:var(--h2_typography-font-style);--awb-caption-title-size:var(--h2_typography-font-size);--awb-caption-title-transform:var(--h2_typography-text-transform);--awb-caption-title-line-height:var(--h2_typography-line-height);--awb-caption-title-letter-spacing:var(--h2_typography-letter-spacing);\"><span class=\" fusion-imageframe imageframe-none imageframe-1 hover-type-none\"><img decoding=\"async\" width=\"801\" height=\"490\" title=\"US Allergen\" src=\"https:\/\/isagenixbusiness.com\/wp-content\/uploads\/2024\/10\/IsaPulsePlus-logo.svg\" alt class=\"img-responsive wp-image-153433\"\/><\/span><\/div><div class=\"fusion-title title fusion-title-1 fusion-title-center fusion-title-text fusion-title-size-one\" style=\"--awb-text-color:var(--awb-color1);--awb-margin-top:30px;--awb-margin-bottom:20px;--awb-margin-top-small:0px;--awb-margin-right-small:0px;--awb-margin-bottom-small:20px;--awb-margin-left-small:0px;--awb-font-size:27px;\"><div class=\"title-sep-container title-sep-container-left\"><div class=\"title-sep sep- sep-solid\" style=\"border-color:#eeefee;\"><\/div><\/div><span class=\"awb-title-spacer\"><\/span><h1 class=\"fusion-title-heading title-heading-center fusion-responsive-typography-calculated\" style=\"font-family:&quot;Nunito Sans&quot;;font-style:normal;font-weight:400;margin:0;letter-spacing:0px;text-transform:uppercase;font-size:1em;--fontSize:27;line-height:1;\">MISE \u00c0 JOUR IMPORTANTE : MODIFICATIONS DE TON APPLICATION BUSINESS<\/h1><span class=\"awb-title-spacer\"><\/span><div class=\"title-sep-container title-sep-container-right\"><div class=\"title-sep sep- sep-solid\" style=\"border-color:#eeefee;\"><\/div><\/div><\/div><\/div><\/div><\/div><\/div><div class=\"fusion-fullwidth fullwidth-box fusion-builder-row-2 fusion-flex-container has-pattern-background has-mask-background nonhundred-percent-fullwidth non-hundred-percent-height-scrolling\" style=\"--awb-border-radius-top-left:0px;--awb-border-radius-top-right:0px;--awb-border-radius-bottom-right:0px;--awb-border-radius-bottom-left:0px;--awb-flex-wrap:wrap;\" ><div class=\"fusion-builder-row fusion-row fusion-flex-align-items-flex-start fusion-flex-content-wrap\" style=\"max-width:1497.6px;margin-left: calc(-4% \/ 2 );margin-right: calc(-4% \/ 2 );\"><div class=\"fusion-layout-column fusion_builder_column fusion-builder-column-1 fusion_builder_column_1_1 1_1 fusion-flex-column\" style=\"--awb-bg-size:cover;--awb-width-large:100%;--awb-margin-top-large:0px;--awb-spacing-right-large:1.92%;--awb-margin-bottom-large:20px;--awb-spacing-left-large:1.92%;--awb-width-medium:100%;--awb-order-medium:0;--awb-spacing-right-medium:1.92%;--awb-spacing-left-medium:1.92%;--awb-width-small:100%;--awb-order-small:0;--awb-spacing-right-small:1.92%;--awb-spacing-left-small:1.92%;\"><div class=\"fusion-column-wrapper fusion-column-has-shadow fusion-flex-justify-content-flex-start fusion-content-layout-column\"><div class=\"fusion-text fusion-text-1\" style=\"--awb-content-alignment:justify;--awb-text-color:var(--awb-color5);--awb-margin-top:30px;--awb-margin-right:40px;--awb-margin-left:40px;\"><p>Nous souhaitons partager avec toi une mise \u00e0 jour importante concernant l\u2019application IsaPulse+. Apr\u00e8s avoir pris en compte tes retours et \u00e9tudi\u00e9 la situation avec attention, nous avons d\u00e9cid\u00e9 de retirer progressivement l\u2019application au cours du mois \u00e0 venir.<\/p>\n<p>Notre objectif est de te proposer des outils qui soutiennent r\u00e9ellement ta r\u00e9ussite et facilitent le d\u00e9veloppement de ton business. Dans cette optique, nous recentrons nos efforts sur des solutions mieux adapt\u00e9es \u00e0 tes besoins et offrant une exp\u00e9rience plus fluide.<\/p>\n<p>Merci pour ton engagement continu pendant que nous travaillons \u00e0 te proposer des ressources qui t\u2019aident \u00e0 t\u2019\u00e9panouir et \u00e0 r\u00e9ussir.<\/p>\n<p>Ce qui est disponible MAINTENANT et \u00e0 venir :<\/p>\n<ul>\n<li><strong><a href=\"https:\/\/brand.isagenix.com\/d\/8NjSgMufh41B\/fr\">Biblioth\u00e8ques de r\u00e9seaux sociaux<\/a> :<\/strong> Des liens vers des contenus pr\u00eats \u00e0 \u00eatre partag\u00e9s issus des m\u00e9diath\u00e8ques <strong class=\"selection-contrast\"><a href=\"https:\/\/brand.isagenix.com\/document\/19\/fr\">Business<\/a> <\/strong>et <strong class=\"selection-contrast\"><a href=\"https:\/\/brand.isagenix.com\/document\/18\/fr\">Produits<\/a> <\/strong>continueront d\u2019\u00eatre diffus\u00e9s par e-mail, via les pages promotionnelles et produits de <a href=\"https:\/\/eu.isagenixbusiness.com\/fr-eu\/\"><strong class=\"selection-contrast\">EU.IsagenixBusiness.com<\/strong><\/a>, et via d\u2019autres canaux. Utilise ce site pour acc\u00e9der \u00e0 des assets partageables et \u00e0 du social content.<\/li>\n<li><strong><a href=\"https:\/\/backoffice.isagenix.com\/\">Associate Back Office (ABO)<\/a> :<\/strong> Ton point de r\u00e9f\u00e9rence pour les rapports et les analyses business, avec des am\u00e9liorations importantes pr\u00e9vues pour cette ann\u00e9e.<\/li>\n<\/ul>\n<\/div><div class=\"fusion-title title fusion-title-2 fusion-title-text fusion-title-size-one\" style=\"--awb-text-color:var(--awb-color3);--awb-margin-top:10px;--awb-margin-right:80px;--awb-margin-bottom:0px;--awb-margin-left:40px;--awb-margin-top-small:0px;--awb-margin-right-small:0px;--awb-margin-bottom-small:20px;--awb-margin-left-small:0px;--awb-font-size:40px;\"><div class=\"title-sep-container title-sep-container-left fusion-no-large-visibility fusion-no-medium-visibility fusion-no-small-visibility\"><div class=\"title-sep sep- sep-solid\" style=\"border-color:#eeefee;\"><\/div><\/div><span class=\"awb-title-spacer fusion-no-large-visibility fusion-no-medium-visibility fusion-no-small-visibility\"><\/span><h1 class=\"fusion-title-heading title-heading-left fusion-responsive-typography-calculated\" style=\"font-family:&quot;Nunito Sans&quot;;font-style:normal;font-weight:400;margin:0;letter-spacing:0px;font-size:1em;--fontSize:40;line-height:1.2;\">FAQ<\/h1><span class=\"awb-title-spacer\"><\/span><div class=\"title-sep-container title-sep-container-right\"><div class=\"title-sep sep- sep-solid\" style=\"border-color:#eeefee;\"><\/div><\/div><\/div><\/div><\/div><div class=\"fusion-layout-column fusion_builder_column fusion-builder-column-2 fusion_builder_column_2_3 2_3 fusion-flex-column fusion-flex-align-self-center\" style=\"--awb-bg-size:cover;--awb-width-large:66.666666666667%;--awb-margin-top-large:0px;--awb-spacing-right-large:40px;--awb-margin-bottom-large:20px;--awb-spacing-left-large:80px;--awb-width-medium:100%;--awb-order-medium:0;--awb-spacing-right-medium:1.92%;--awb-spacing-left-medium:1.92%;--awb-width-small:100%;--awb-order-small:0;--awb-spacing-right-small:1.92%;--awb-spacing-left-small:1.92%;\" data-scroll-devices=\"small-visibility,medium-visibility,large-visibility\"><div class=\"fusion-column-wrapper fusion-column-has-shadow fusion-flex-justify-content-center fusion-content-layout-column\"><div class=\"accordian fusion-accordian\" style=\"--awb-border-size:1px;--awb-icon-size:13px;--awb-content-font-size:16px;--awb-icon-alignment:left;--awb-hover-color:#f9f9f9;--awb-border-color:#eeefee;--awb-background-color:#ffffff;--awb-divider-color:#eeefee;--awb-divider-hover-color:#eeefee;--awb-icon-color:#ffffff;--awb-title-color:#54585a;--awb-content-color:#54585a;--awb-icon-box-color:#55585a;--awb-toggle-hover-accent-color:#00778b;--awb-title-font-family:&quot;Montserrat&quot;;--awb-title-font-weight:400;--awb-title-font-style:normal;--awb-title-font-size:13px;--awb-content-font-family:&quot;Montserrat&quot;;--awb-content-font-style:normal;--awb-content-font-weight:400;\"><div class=\"panel-group fusion-toggle-icon-boxed\" id=\"accordion-228923-1\"><div class=\"fusion-panel panel-default panel-9d563d9387dd66dfb fusion-toggle-has-divider\" style=\"--awb-title-color:#54585a;--awb-content-color:#54585a;\"><div class=\"panel-heading\"><h4 class=\"panel-title toggle\" id=\"toggle_9d563d9387dd66dfb\"><a aria-expanded=\"false\" aria-controls=\"9d563d9387dd66dfb\" role=\"button\" data-toggle=\"collapse\" data-parent=\"#accordion-228923-1\" data-target=\"#9d563d9387dd66dfb\" href=\"#9d563d9387dd66dfb\"><span class=\"fusion-toggle-icon-wrapper\" aria-hidden=\"true\"><i class=\"fa-fusion-box active-icon awb-icon-minus\" aria-hidden=\"true\"><\/i><i class=\"fa-fusion-box inactive-icon awb-icon-plus\" aria-hidden=\"true\"><\/i><\/span><span class=\"fusion-toggle-heading\">Q : Pourquoi l\u2019application Business est-elle retir\u00e9e ?<\/span><\/a><\/h4><\/div><div id=\"9d563d9387dd66dfb\" class=\"panel-collapse collapse \" aria-labelledby=\"toggle_9d563d9387dd66dfb\"><div class=\"panel-body toggle-content fusion-clearfix\">\n<p>R : Nous recentrons nos efforts sur des solutions mieux adapt\u00e9es \u00e0 tes besoins et offrant une exp\u00e9rience plus fluide.<\/p>\n<\/div><\/div><\/div><div class=\"fusion-panel panel-default panel-3d420c8dee5202356 fusion-toggle-has-divider\" style=\"--awb-title-color:#54585a;--awb-content-color:#54585a;\"><div class=\"panel-heading\"><h4 class=\"panel-title toggle\" id=\"toggle_3d420c8dee5202356\"><a aria-expanded=\"false\" aria-controls=\"3d420c8dee5202356\" role=\"button\" data-toggle=\"collapse\" data-parent=\"#accordion-228923-1\" data-target=\"#3d420c8dee5202356\" href=\"#3d420c8dee5202356\"><span class=\"fusion-toggle-icon-wrapper\" aria-hidden=\"true\"><i class=\"fa-fusion-box active-icon awb-icon-minus\" aria-hidden=\"true\"><\/i><i class=\"fa-fusion-box inactive-icon awb-icon-plus\" aria-hidden=\"true\"><\/i><\/span><span class=\"fusion-toggle-heading\">Q : Quand l\u2019application cessera-t-elle de fonctionner ?<\/span><\/a><\/h4><\/div><div id=\"3d420c8dee5202356\" class=\"panel-collapse collapse \" aria-labelledby=\"toggle_3d420c8dee5202356\"><div class=\"panel-body toggle-content fusion-clearfix\">\n<p>R : Le 30 d\u00e9cembre \u00e0 2 h (CET), la majorit\u00e9 des notifications in-app et des fonctionnalit\u00e9s cl\u00e9s seront d\u00e9sactiv\u00e9es.<\/p>\n<\/div><\/div><\/div><div class=\"fusion-panel panel-default panel-acb8d625db97ec797 fusion-toggle-has-divider\" style=\"--awb-title-color:#54585a;--awb-content-color:#54585a;\"><div class=\"panel-heading\"><h4 class=\"panel-title toggle\" id=\"toggle_acb8d625db97ec797\"><a aria-expanded=\"false\" aria-controls=\"acb8d625db97ec797\" role=\"button\" data-toggle=\"collapse\" data-parent=\"#accordion-228923-1\" data-target=\"#acb8d625db97ec797\" href=\"#acb8d625db97ec797\"><span class=\"fusion-toggle-icon-wrapper\" aria-hidden=\"true\"><i class=\"fa-fusion-box active-icon awb-icon-minus\" aria-hidden=\"true\"><\/i><i class=\"fa-fusion-box inactive-icon awb-icon-plus\" aria-hidden=\"true\"><\/i><\/span><span class=\"fusion-toggle-heading\">Q : Cette application sera-t-elle remplac\u00e9e ?<\/span><\/a><\/h4><\/div><div id=\"acb8d625db97ec797\" class=\"panel-collapse collapse \" aria-labelledby=\"toggle_acb8d625db97ec797\"><div class=\"panel-body toggle-content fusion-clearfix\">\n<p>R : \u00c0 ce stade, IsaPulse+ ne sera pas remplac\u00e9e par une autre application business. Nous concentrons plut\u00f4t nos ressources sur le d\u00e9veloppement d\u2019outils qui te soutiendront davantage.<\/p>\n<\/div><\/div><\/div><div class=\"fusion-panel panel-default panel-ee7b18af63e46f022 fusion-toggle-has-divider\" style=\"--awb-title-color:#54585a;--awb-content-color:#54585a;\"><div class=\"panel-heading\"><h4 class=\"panel-title toggle\" id=\"toggle_ee7b18af63e46f022\"><a aria-expanded=\"false\" aria-controls=\"ee7b18af63e46f022\" role=\"button\" data-toggle=\"collapse\" data-parent=\"#accordion-228923-1\" data-target=\"#ee7b18af63e46f022\" href=\"#ee7b18af63e46f022\"><span class=\"fusion-toggle-icon-wrapper\" aria-hidden=\"true\"><i class=\"fa-fusion-box active-icon awb-icon-minus\" aria-hidden=\"true\"><\/i><i class=\"fa-fusion-box inactive-icon awb-icon-plus\" aria-hidden=\"true\"><\/i><\/span><span class=\"fusion-toggle-heading\">Q : Dois-je r\u00e9silier mon abonnement \u00e0 la version Pro ?<\/span><\/a><\/h4><\/div><div id=\"ee7b18af63e46f022\" class=\"panel-collapse collapse \" aria-labelledby=\"toggle_ee7b18af63e46f022\"><div class=\"panel-body toggle-content fusion-clearfix\">\n<p>R : Oui, si tu ne souhaites plus \u00eatre factur\u00e9.<\/p>\n<\/div><\/div><\/div><div class=\"fusion-panel panel-default panel-ec8f9349c4620c527 fusion-toggle-has-divider\" style=\"--awb-title-color:#54585a;--awb-content-color:#54585a;\"><div class=\"panel-heading\"><h4 class=\"panel-title toggle\" id=\"toggle_ec8f9349c4620c527\"><a aria-expanded=\"false\" aria-controls=\"ec8f9349c4620c527\" role=\"button\" data-toggle=\"collapse\" data-parent=\"#accordion-228923-1\" data-target=\"#ec8f9349c4620c527\" href=\"#ec8f9349c4620c527\"><span class=\"fusion-toggle-icon-wrapper\" aria-hidden=\"true\"><i class=\"fa-fusion-box active-icon awb-icon-minus\" aria-hidden=\"true\"><\/i><i class=\"fa-fusion-box inactive-icon awb-icon-plus\" aria-hidden=\"true\"><\/i><\/span><span class=\"fusion-toggle-heading\">Q : Comment r\u00e9silier mon abonnement IsaPulse+ et demander un remboursement ?<\/span><\/a><\/h4><\/div><div id=\"ec8f9349c4620c527\" class=\"panel-collapse collapse \" aria-labelledby=\"toggle_ec8f9349c4620c527\"><div class=\"panel-body toggle-content fusion-clearfix\">\n<div class=\"ewa-rteLine\"><strong>R1 : Comment r\u00e9silier mon abonnement Pro ?<\/strong><\/div>\n<ul>\n<li>Apple App Store:\n<ul>\n<li>Ouvre Settings \u2192 appuie sur ton nom \u2192 Subscriptions \u2192 s\u00e9lectionne IsaPulse+ \u2192 Cancel Subscription.<\/li>\n<\/ul>\n<\/li>\n<li>Google Play Store:\n<ul>\n<li>Ouvre Google Play \u2192 appuie sur Profile \u2192 Payments &amp; Subscriptions \u2192 Subscriptions \u2192 s\u00e9lectionne IsaPulse+ \u2192 Cancel Subscription.<\/li>\n<\/ul>\n<\/li>\n<\/ul>\n<p><strong>R2 : Comment demander un remboursement si l\u2019application ne fonctionne plus ?<\/strong><\/p>\n<ul>\n<li aria-setsize=\"-1\" data-leveltext=\"\uf0b7\" data-font=\"Symbol\" data-listid=\"1\" data-list-defn-props=\"{\" data-aria-posinset=\"1\" data-aria-level=\"1\"><b><span data-contrast=\"auto\">Apple App Store:<\/span><\/b><span data-ccp-props=\"{\">\u00a0<\/span>\n<ul>\n<li aria-setsize=\"-1\" data-leveltext=\"\uf0b7\" data-font=\"Symbol\" data-listid=\"1\" data-list-defn-props=\"{\" data-aria-posinset=\"1\" data-aria-level=\"1\">Rends-toi sur reportaproblem.apple.com.<\/li>\n<li aria-setsize=\"-1\" data-leveltext=\"\uf0b7\" data-font=\"Symbol\" data-listid=\"1\" data-list-defn-props=\"{\" data-aria-posinset=\"1\" data-aria-level=\"1\">Connecte-toi \u2192 trouve IsaPulse+ \u2192 clique sur <strong>Request a Refund<\/strong> \u2192 choisis un motif (par ex. \u00ab App no longer works \u00bb).<\/li>\n<\/ul>\n<\/li>\n<\/ul>\n<ul>\n<li aria-setsize=\"-1\" data-leveltext=\"\uf0b7\" data-font=\"Symbol\" data-listid=\"1\" data-list-defn-props=\"{\" data-aria-posinset=\"2\" data-aria-level=\"1\"><b><span data-contrast=\"auto\">Google Play Store:<\/span><\/b>\n<ul>\n<li aria-setsize=\"-1\" data-leveltext=\"\uf0b7\" data-font=\"Symbol\" data-listid=\"1\" data-list-defn-props=\"{\" data-aria-posinset=\"2\" data-aria-level=\"1\"><span data-ccp-props=\"{\">Rends-toi sur play.google.com \u2192 <strong>Order History<\/strong>. <\/span><\/li>\n<li aria-setsize=\"-1\" data-leveltext=\"\uf0b7\" data-font=\"Symbol\" data-listid=\"1\" data-list-defn-props=\"{\" data-aria-posinset=\"2\" data-aria-level=\"1\">S\u00e9lectionne IsaPulse+ \u2192 clique sur <strong>Request a Refund<\/strong> ou <strong>Report a Problem<\/strong> \u2192 explique le probl\u00e8me.<\/li>\n<\/ul>\n<\/li>\n<\/ul>\n<p><strong><span class=\"TextRun SCXW152119135 BCX0\" lang=\"EN-US\" xml:lang=\"EN-US\" data-contrast=\"auto\"><span class=\"NormalTextRun SCXW152119135 BCX0\">R3 : Qui traite le remboursement ? <\/span><\/span><\/strong><span class=\"TextRun SCXW152119135 BCX0\" lang=\"EN-US\" xml:lang=\"EN-US\" data-contrast=\"auto\"><span class=\"NormalTextRun SCXW152119135 BCX0\">Les remboursements sont trait\u00e9s par <strong>Apple<\/strong> ou <strong>Google<\/strong>, et non par Isagenix. L\u2019approbation d\u00e9pend de leurs politiques et de ton historique d\u2019achats.<\/span><\/span><\/p>\n<\/div><\/div><\/div><div class=\"fusion-panel panel-default panel-e6d792a2b2099f8da fusion-toggle-has-divider\" style=\"--awb-title-color:#54585a;--awb-content-color:#54585a;\"><div class=\"panel-heading\"><h4 class=\"panel-title toggle\" id=\"toggle_e6d792a2b2099f8da\"><a aria-expanded=\"false\" aria-controls=\"e6d792a2b2099f8da\" role=\"button\" data-toggle=\"collapse\" data-parent=\"#accordion-228923-1\" data-target=\"#e6d792a2b2099f8da\" href=\"#e6d792a2b2099f8da\"><span class=\"fusion-toggle-icon-wrapper\" aria-hidden=\"true\"><i class=\"fa-fusion-box active-icon awb-icon-minus\" aria-hidden=\"true\"><\/i><i class=\"fa-fusion-box inactive-icon awb-icon-plus\" aria-hidden=\"true\"><\/i><\/span><span class=\"fusion-toggle-heading\">Q : O\u00f9 puis-je acc\u00e9der \u00e0 mes rapports business ?<\/span><\/a><\/h4><\/div><div id=\"e6d792a2b2099f8da\" class=\"panel-collapse collapse \" aria-labelledby=\"toggle_e6d792a2b2099f8da\"><div class=\"panel-body toggle-content fusion-clearfix\">\n<p>R : Les informations de reporting sont disponibles dans ton Associate Back Office (ABO), qui b\u00e9n\u00e9ficiera d\u2019am\u00e9liorations l\u2019ann\u00e9e prochaine.<\/p>\n<\/div><\/div><\/div><div class=\"fusion-panel panel-default panel-6317da28a7258e5c0 fusion-toggle-has-divider\" style=\"--awb-title-color:#54585a;--awb-content-color:#54585a;\"><div class=\"panel-heading\"><h4 class=\"panel-title toggle\" id=\"toggle_6317da28a7258e5c0\"><a aria-expanded=\"false\" aria-controls=\"6317da28a7258e5c0\" role=\"button\" data-toggle=\"collapse\" data-parent=\"#accordion-228923-1\" data-target=\"#6317da28a7258e5c0\" href=\"#6317da28a7258e5c0\"><span class=\"fusion-toggle-icon-wrapper\" aria-hidden=\"true\"><i class=\"fa-fusion-box active-icon awb-icon-minus\" aria-hidden=\"true\"><\/i><i class=\"fa-fusion-box inactive-icon awb-icon-plus\" aria-hidden=\"true\"><\/i><\/span><span class=\"fusion-toggle-heading\">Q : Quels outils devrais-je utiliser \u00e0 la place ?<\/span><\/a><\/h4><\/div><div id=\"6317da28a7258e5c0\" class=\"panel-collapse collapse \" aria-labelledby=\"toggle_6317da28a7258e5c0\"><div class=\"panel-body toggle-content fusion-clearfix\">\n<p>R : Nous te recommandons :<\/p>\n<ul>\n<li>Biblioth\u00e8ques de r\u00e9seaux sociaux pour les assets partageables et le social content<\/li>\n<li>ABO pour les rapports et les analyses business<\/li>\n<\/ul>\n<\/div><\/div><\/div><div class=\"fusion-panel panel-default panel-e3b39c721326543c9 fusion-toggle-has-divider\" style=\"--awb-title-color:#54585a;--awb-content-color:#54585a;\"><div class=\"panel-heading\"><h4 class=\"panel-title toggle\" id=\"toggle_e3b39c721326543c9\"><a aria-expanded=\"false\" aria-controls=\"e3b39c721326543c9\" role=\"button\" data-toggle=\"collapse\" data-parent=\"#accordion-228923-1\" data-target=\"#e3b39c721326543c9\" href=\"#e3b39c721326543c9\"><span class=\"fusion-toggle-icon-wrapper\" aria-hidden=\"true\"><i class=\"fa-fusion-box active-icon awb-icon-minus\" aria-hidden=\"true\"><\/i><i class=\"fa-fusion-box inactive-icon awb-icon-plus\" aria-hidden=\"true\"><\/i><\/span><span class=\"fusion-toggle-heading\">Q : Qui puis-je contacter pour obtenir de l\u2019aide ?<\/span><\/a><\/h4><\/div><div id=\"e3b39c721326543c9\" class=\"panel-collapse collapse \" aria-labelledby=\"toggle_e3b39c721326543c9\"><div class=\"panel-body toggle-content fusion-clearfix\">\n<p>R : Une fois les \u00e9tapes de r\u00e9siliation de ton abonnement Pro termin\u00e9es, contacte le Customer Care si tu as d\u2019autres questions ou besoin d\u2019assistance suppl\u00e9mentaire.<\/p>\n<\/div><\/div><\/div><\/div><\/div><\/div><\/div><\/div><\/div><\/p>\n","protected":false},"excerpt":{"rendered":"","protected":false},"author":9877,"featured_media":0,"parent":0,"menu_order":0,"comment_status":"closed","ping_status":"closed","template":"100-width.php","meta":{"_acf_changed":false,"footnotes":""},"class_list":["post-228923","page","type-page","status-publish","hentry"],"acf":[],"_links":{"self":[{"href":"https:\/\/eu.isagenixbusiness.com\/fr-eu\/wp-json\/wp\/v2\/pages\/228923","targetHints":{"allow":["GET"]}}],"collection":[{"href":"https:\/\/eu.isagenixbusiness.com\/fr-eu\/wp-json\/wp\/v2\/pages"}],"about":[{"href":"https:\/\/eu.isagenixbusiness.com\/fr-eu\/wp-json\/wp\/v2\/types\/page"}],"author":[{"embeddable":true,"href":"https:\/\/eu.isagenixbusiness.com\/fr-eu\/wp-json\/wp\/v2\/users\/9877"}],"replies":[{"embeddable":true,"href":"https:\/\/eu.isagenixbusiness.com\/fr-eu\/wp-json\/wp\/v2\/comments?post=228923"}],"version-history":[{"count":14,"href":"https:\/\/eu.isagenixbusiness.com\/fr-eu\/wp-json\/wp\/v2\/pages\/228923\/revisions"}],"predecessor-version":[{"id":228929,"href":"https:\/\/eu.isagenixbusiness.com\/fr-eu\/wp-json\/wp\/v2\/pages\/228923\/revisions\/228929"}],"wp:attachment":[{"href":"https:\/\/eu.isagenixbusiness.com\/fr-eu\/wp-json\/wp\/v2\/media?parent=228923"}],"curies":[{"name":"wp","href":"https:\/\/api.w.org\/{rel}","templated":true}]}}