{"id":106248,"date":"2021-07-12T16:32:07","date_gmt":"2021-07-12T15:32:07","guid":{"rendered":"https:\/\/eu.isagenixbusiness.com\/?page_id=106248"},"modified":"2021-07-12T16:32:07","modified_gmt":"2021-07-12T15:32:07","slug":"collagen-scripts-3","status":"publish","type":"page","link":"https:\/\/eu.isagenixbusiness.com\/it-eu\/collagen-scripts-3\/","title":{"rendered":"Collagen Scripts &#8211; How to find new Business Builders with Collagen Elixir"},"content":{"rendered":"<p><div class=\"fusion-fullwidth fullwidth-box fusion-builder-row-1 fusion-flex-container fusion-parallax-none nonhundred-percent-fullwidth non-hundred-percent-height-scrolling\" style=\"--awb-background-position:center bottom;--awb-border-radius-top-left:0px;--awb-border-radius-top-right:0px;--awb-border-radius-bottom-right:0px;--awb-border-radius-bottom-left:0px;--awb-padding-top:0px;--awb-padding-bottom:0px;--awb-margin-bottom:0px;--awb-background-color:rgba(255,255,255,0.75);--awb-background-image:url(&quot;https:\/\/eu.isagenixbusiness.com\/wp-content\/uploads\/2020\/12\/Header-modulev2.png&quot;);--awb-background-size:cover;--awb-flex-wrap:wrap;\" ><div class=\"fusion-builder-row fusion-row fusion-flex-align-items-flex-start fusion-flex-justify-content-center fusion-flex-content-wrap\" style=\"max-width:1497.6px;margin-left: calc(-4% \/ 2 );margin-right: calc(-4% \/ 2 );\"><div class=\"fusion-layout-column fusion_builder_column fusion-builder-column-0 fusion_builder_column_1_1 1_1 fusion-flex-column\" style=\"--awb-padding-top:0.9840000000000089px;--awb-padding-bottom:0.9730000000000132px;--awb-bg-size:cover;--awb-width-large:100%;--awb-margin-top-large:0px;--awb-spacing-right-large:1.92%;--awb-margin-bottom-large:9px;--awb-spacing-left-large:1.92%;--awb-width-medium:100%;--awb-order-medium:0;--awb-spacing-right-medium:1.92%;--awb-spacing-left-medium:1.92%;--awb-width-small:100%;--awb-order-small:0;--awb-spacing-right-small:1.92%;--awb-spacing-left-small:1.92%;\"><div class=\"fusion-column-wrapper fusion-column-has-shadow fusion-flex-justify-content-flex-start fusion-content-layout-column\"><div class=\"fusion-separator fusion-full-width-sep\" style=\"align-self: flex-end;margin-left:auto;margin-top:10%;width:100%;\"><\/div><div class=\"fusion-builder-row fusion-builder-row-inner fusion-row fusion-flex-align-items-flex-start fusion-flex-justify-content-center fusion-flex-content-wrap\" style=\"--awb-flex-grow:0;--awb-flex-grow-medium:0;--awb-flex-grow-small:0;--awb-flex-shrink:0;--awb-flex-shrink-medium:0;--awb-flex-shrink-small:0;width:104% !important;max-width:104% !important;margin-left: calc(-4% \/ 2 );margin-right: calc(-4% \/ 2 );\"><div class=\"fusion-layout-column fusion_builder_column_inner fusion-builder-nested-column-0 fusion_builder_column_inner_1_2 1_2 fusion-flex-column\" style=\"--awb-bg-size:cover;--awb-width-large:50%;--awb-margin-top-large:0px;--awb-spacing-right-large:3.84%;--awb-margin-bottom-large:20px;--awb-spacing-left-large:3.84%;--awb-width-medium:100%;--awb-order-medium:0;--awb-spacing-right-medium:1.92%;--awb-spacing-left-medium:1.92%;--awb-width-small:100%;--awb-order-small:0;--awb-spacing-right-small:1.92%;--awb-spacing-left-small:1.92%;\"><div class=\"fusion-column-wrapper fusion-column-has-shadow fusion-flex-justify-content-flex-start fusion-content-layout-column\"><\/div><\/div><div class=\"fusion-layout-column fusion_builder_column_inner fusion-builder-nested-column-1 fusion_builder_column_inner_1_2 1_2 fusion-flex-column\" style=\"--awb-bg-size:cover;--awb-width-large:50%;--awb-margin-top-large:0px;--awb-spacing-right-large:3.84%;--awb-margin-bottom-large:20px;--awb-spacing-left-large:3.84%;--awb-width-medium:100%;--awb-order-medium:0;--awb-spacing-right-medium:1.92%;--awb-spacing-left-medium:1.92%;--awb-width-small:100%;--awb-order-small:0;--awb-spacing-right-small:1.92%;--awb-spacing-left-small:1.92%;\"><div class=\"fusion-column-wrapper fusion-column-has-shadow fusion-flex-justify-content-flex-start fusion-content-layout-column\"><\/div><\/div><\/div><div class=\"fusion-title title fusion-title-1 fusion-title-center fusion-title-text fusion-title-size-one\" style=\"--awb-margin-top-small:0px;--awb-margin-right-small:0px;--awb-margin-bottom-small:20px;--awb-margin-left-small:0px;--awb-font-size:3.5rem;\"><div class=\"title-sep-container title-sep-container-left\"><div class=\"title-sep sep- sep-solid\" style=\"border-color:#eeefee;\"><\/div><\/div><span class=\"awb-title-spacer\"><\/span><h1 class=\"fusion-title-heading title-heading-center fusion-responsive-typography-calculated\" style=\"font-family:&quot;DM Serif Display&quot;;font-style:normal;font-weight:400;margin:0;font-size:1em;--fontSize:56;line-height:1;\"><p style=\"text-align: center;\"><span style=\"color: #a77666; font-size: 1em; font-style: var(--h1_typography-font-style,normal); letter-spacing: var(--h1_typography-letter-spacing); background-color: rgba(255, 255, 255, 0);\">COLLAGEN <\/span><span style=\"color: #a77666; font-size: 1em; font-style: var(--h1_typography-font-style,normal); letter-spacing: var(--h1_typography-letter-spacing); background-color: rgba(255, 255, 255, 0); font-family: Montserrat;\">Elixir\u2122<\/span><\/p><\/h1><span class=\"awb-title-spacer\"><\/span><div class=\"title-sep-container title-sep-container-right\"><div class=\"title-sep sep- sep-solid\" style=\"border-color:#eeefee;\"><\/div><\/div><\/div><div class=\"fusion-title title fusion-title-2 fusion-title-center fusion-title-text fusion-title-size-two\" style=\"--awb-margin-top-small:0px;--awb-margin-right-small:0px;--awb-margin-bottom-small:20px;--awb-margin-left-small:0px;\"><div class=\"title-sep-container title-sep-container-left\"><div class=\"title-sep sep- sep-solid\" style=\"border-color:#eeefee;\"><\/div><\/div><span class=\"awb-title-spacer\"><\/span><h2 class=\"fusion-title-heading title-heading-center fusion-responsive-typography-calculated\" style=\"font-family:&quot;DM Serif Display&quot;;font-style:normal;font-weight:400;margin:0;--fontSize:32;line-height:1;\">Alla ricerca di business builders<\/h2><span class=\"awb-title-spacer\"><\/span><div class=\"title-sep-container title-sep-container-right\"><div class=\"title-sep sep- sep-solid\" style=\"border-color:#eeefee;\"><\/div><\/div><\/div><\/div><\/div><div class=\"fusion-layout-column fusion_builder_column fusion-builder-column-1 fusion_builder_column_1_2 1_2 fusion-flex-column\" style=\"--awb-bg-size:cover;--awb-width-large:50%;--awb-margin-top-large:0px;--awb-spacing-right-large:3.84%;--awb-margin-bottom-large:20px;--awb-spacing-left-large:3.84%;--awb-width-medium:100%;--awb-order-medium:0;--awb-spacing-right-medium:1.92%;--awb-spacing-left-medium:1.92%;--awb-width-small:100%;--awb-order-small:0;--awb-spacing-right-small:1.92%;--awb-spacing-left-small:1.92%;\"><div class=\"fusion-column-wrapper fusion-column-has-shadow fusion-flex-justify-content-flex-start fusion-content-layout-column\"><div class=\"fusion-builder-row fusion-builder-row-inner fusion-row fusion-flex-align-items-flex-start fusion-flex-justify-content-center fusion-flex-content-wrap\" style=\"--awb-flex-grow:0;--awb-flex-grow-medium:0;--awb-flex-grow-small:0;--awb-flex-shrink:0;--awb-flex-shrink-medium:0;--awb-flex-shrink-small:0;width:104% !important;max-width:104% !important;margin-left: calc(-4% \/ 2 );margin-right: calc(-4% \/ 2 );\"><div class=\"fusion-layout-column fusion_builder_column_inner fusion-builder-nested-column-2 fusion_builder_column_inner_1_1 1_1 fusion-flex-column\" style=\"--awb-bg-size:cover;--awb-width-large:100%;--awb-margin-top-large:0px;--awb-spacing-right-large:1.92%;--awb-margin-bottom-large:20px;--awb-spacing-left-large:1.92%;--awb-width-medium:100%;--awb-order-medium:0;--awb-spacing-right-medium:1.92%;--awb-spacing-left-medium:1.92%;--awb-width-small:100%;--awb-order-small:0;--awb-spacing-right-small:1.92%;--awb-spacing-left-small:1.92%;\"><div class=\"fusion-column-wrapper fusion-column-has-shadow fusion-flex-justify-content-flex-start fusion-content-layout-column\"><\/div><\/div><\/div><\/div><\/div><\/div><\/div><div class=\"fusion-fullwidth fullwidth-box fusion-builder-row-2 fusion-flex-container nonhundred-percent-fullwidth non-hundred-percent-height-scrolling\" style=\"--awb-border-radius-top-left:0px;--awb-border-radius-top-right:0px;--awb-border-radius-bottom-right:0px;--awb-border-radius-bottom-left:0px;--awb-flex-wrap:wrap;\" ><div class=\"fusion-builder-row fusion-row fusion-flex-align-items-flex-start fusion-flex-content-wrap\" style=\"max-width:1497.6px;margin-left: calc(-4% \/ 2 );margin-right: calc(-4% \/ 2 );\"><div class=\"fusion-layout-column fusion_builder_column fusion-builder-column-2 fusion_builder_column_1_1 1_1 fusion-flex-column\" style=\"--awb-bg-size:cover;--awb-width-large:100%;--awb-margin-top-large:0px;--awb-spacing-right-large:1.92%;--awb-margin-bottom-large:20px;--awb-spacing-left-large:1.92%;--awb-width-medium:100%;--awb-order-medium:0;--awb-spacing-right-medium:1.92%;--awb-spacing-left-medium:1.92%;--awb-width-small:100%;--awb-order-small:0;--awb-spacing-right-small:1.92%;--awb-spacing-left-small:1.92%;\"><div class=\"fusion-column-wrapper fusion-column-has-shadow fusion-flex-justify-content-flex-start fusion-content-layout-column\"><div class=\"fusion-title title fusion-title-3 fusion-title-text fusion-title-size-one\" style=\"--awb-text-color:#a77666;--awb-margin-top-small:0px;--awb-margin-right-small:0px;--awb-margin-bottom-small:20px;--awb-margin-left-small:0px;--awb-font-size:2.5rem;\"><div class=\"title-sep-container title-sep-container-left fusion-no-large-visibility fusion-no-medium-visibility fusion-no-small-visibility\"><div class=\"title-sep sep- sep-solid\" style=\"border-color:#eeefee;\"><\/div><\/div><span class=\"awb-title-spacer fusion-no-large-visibility fusion-no-medium-visibility fusion-no-small-visibility\"><\/span><h1 class=\"fusion-title-heading title-heading-left fusion-responsive-typography-calculated\" style=\"font-family:&quot;DM Serif Display&quot;;font-style:normal;font-weight:400;margin:0;font-size:1em;--fontSize:40;line-height:1;\">Sceneggiatura Suggerita<br \/>\n<span style=\"font-size: 22px;\" data-fusion-font=\"true\">(Inviare tramite messaggio di testo o nota vocale)<\/span><\/h1><span class=\"awb-title-spacer\"><\/span><div class=\"title-sep-container title-sep-container-right\"><div class=\"title-sep sep- sep-solid\" style=\"border-color:#eeefee;\"><\/div><\/div><\/div><div class=\"fusion-text fusion-text-1\"><p><b>Tu:<\/b> Ciao _________,<\/p>\n<p>Ti contatto perch\u00e9 vorrei incrementare il mio reddito imparando a costruire un\u2019attivit\u00e0 online che contribuisca alla salute e al benessere. \u00c8 stato molto divertente! \u00c8 qualcosa che potrebbe interessarti?<\/p>\n<p><span style=\"color: #a77666;\"><i><b>Interlocutore: <\/b>S\u00ec, che cos\u2019\u00e8, ecc.?<\/i><\/span><\/p>\n<p><b>Tu: <\/b>Se vuoi, posso inviarti un breve messaggio vocale (o possiamo fissare una chiamata di 5-10 minuti su Zoom)<\/p>\n<p><b>Condividi il tuo racconto di 30 secondi seguendo questo modello:<\/b><\/p>\n<p>Inizia complimentandoti con lui;<\/p>\n<p>Il motivo per cui ho pensato a te \u00e8 perch\u00e9 sei uno dei pi\u00f9 (fagli un complimento sincero, ad esempio \u201cmotivato e determinato\u201d) ______ e _____ tra le persone che ho conosciuto, e hai tutta la mia stima.<\/p>\n<p>Condividi ci\u00f2 che accade realmente nella tua vita, sii autentico\/vulnerabile, di\u2019 la verit\u00e0<\/p>\n<p>Come sai, _______(ad es. \u201cHo perso il lavoro\/il mio lavoro \u00e8 davvero incredibile e mi soddisfa, ma ci sono dei licenziamenti in vista, o ho notato un importante campanello d\u2019allarme e mi sono reso conto di aver bisogno di un Piano B, ecc.\u201d)<\/p>\n<p>Ad ogni modo, ho fatto tutte le ricerche e sembra che sia un\u2019opportunit\u00e0 davvero utile per guadagnare bene e avere un ruolo positivo. Quello che mi entusiasma di pi\u00f9 \u00e8 che l\u2019azienda ha appena lanciato un prodotto rivoluzionario a base di collagene marino che sta ottenendo risultati incredibili.<\/p>\n<p>C\u2019\u00e8 qualcosa di quello che ho condiviso che vorresti approfondire?<\/p>\n<p style=\"padding-left: 40px;\"><b>I<span style=\"background-color: rgba(255, 255, 255, 0); color: var(--body_typography-color); font-family: var(--body_typography-font-family); font-size: var(--body_typography-font-size); font-style: var(--body_typography-font-style,normal); letter-spacing: var(--body_typography-letter-spacing);\">N CASO DI RISPOSTA AFFERMATIVA:<\/span><\/b><\/p>\n<p style=\"padding-left: 40px;\">Fissa una chiamata su Zoom (o da solo o con un partner commerciale). Usa la Riunione di presentazione dei prodotti per illustrare all\u2019interlocutore le opportunit\u00e0 di guadagno con Isagenix.<\/p>\n<p style=\"padding-left: 40px;\"><b>IN CASO DI RISPOSTA NEGATIVA: <\/b><\/p>\n<p style=\"padding-left: 40px;\">Resto a tua completa disposizione per qualsiasi domanda.<\/p>\n<\/div><\/div><\/div><\/div><\/div><div class=\"fusion-fullwidth fullwidth-box fusion-builder-row-3 fusion-flex-container fusion-parallax-none nonhundred-percent-fullwidth non-hundred-percent-height-scrolling\" style=\"--awb-border-radius-top-left:0px;--awb-border-radius-top-right:0px;--awb-border-radius-bottom-right:0px;--awb-border-radius-bottom-left:0px;--awb-padding-top:22px;--awb-background-image:url(&quot;https:\/\/eu.isagenixbusiness.com\/wp-content\/uploads\/2020\/12\/Background-1-1-e1607442026599.png&quot;);--awb-background-size:cover;--awb-flex-wrap:wrap;\" ><div class=\"fusion-builder-row fusion-row fusion-flex-align-items-flex-start fusion-flex-content-wrap\" style=\"max-width:1497.6px;margin-left: calc(-4% \/ 2 );margin-right: calc(-4% \/ 2 );\"><div class=\"fusion-layout-column fusion_builder_column fusion-builder-column-3 fusion_builder_column_1_1 1_1 fusion-flex-column\" style=\"--awb-bg-size:cover;--awb-width-large:100%;--awb-margin-top-large:0px;--awb-spacing-right-large:1.92%;--awb-margin-bottom-large:20px;--awb-spacing-left-large:1.92%;--awb-width-medium:100%;--awb-order-medium:0;--awb-spacing-right-medium:1.92%;--awb-spacing-left-medium:1.92%;--awb-width-small:100%;--awb-order-small:0;--awb-spacing-right-small:1.92%;--awb-spacing-left-small:1.92%;\"><div class=\"fusion-column-wrapper fusion-column-has-shadow fusion-flex-justify-content-flex-start fusion-content-layout-column\"><div class=\"fusion-text fusion-text-2\"><p style=\"color: #ffffff;\"><b>EARNINGS DISCLAIMER<\/b><\/p>\n<p style=\"color: #ffffff;\">The ability to earn income under the Isagenix compensation plan depends on many factors including an individual Associate&#8217;s business, social, and sales skills; personal ambition and activity; availability of time and financial resources; and access to a large network of family, friends, and business contacts. Isagenix cannot and does not guarantee any particular level of earnings. Even Associates who dedicate a significant amount of time, effort, and personal funds may not achieve a meaningful level of success. For average earnings, please refer to the Isagenix Earnings Disclosure Statement at IsagenixEarnings.com.<\/p>\n<\/div><\/div><\/div><\/div><\/div><\/p>\n","protected":false},"excerpt":{"rendered":"","protected":false},"author":9877,"featured_media":0,"parent":0,"menu_order":0,"comment_status":"closed","ping_status":"closed","template":"100-width.php","meta":{"_acf_changed":false,"footnotes":""},"class_list":["post-106248","page","type-page","status-publish","hentry"],"acf":[],"_links":{"self":[{"href":"https:\/\/eu.isagenixbusiness.com\/it-eu\/wp-json\/wp\/v2\/pages\/106248","targetHints":{"allow":["GET"]}}],"collection":[{"href":"https:\/\/eu.isagenixbusiness.com\/it-eu\/wp-json\/wp\/v2\/pages"}],"about":[{"href":"https:\/\/eu.isagenixbusiness.com\/it-eu\/wp-json\/wp\/v2\/types\/page"}],"author":[{"embeddable":true,"href":"https:\/\/eu.isagenixbusiness.com\/it-eu\/wp-json\/wp\/v2\/users\/9877"}],"replies":[{"embeddable":true,"href":"https:\/\/eu.isagenixbusiness.com\/it-eu\/wp-json\/wp\/v2\/comments?post=106248"}],"version-history":[{"count":5,"href":"https:\/\/eu.isagenixbusiness.com\/it-eu\/wp-json\/wp\/v2\/pages\/106248\/revisions"}],"predecessor-version":[{"id":106914,"href":"https:\/\/eu.isagenixbusiness.com\/it-eu\/wp-json\/wp\/v2\/pages\/106248\/revisions\/106914"}],"wp:attachment":[{"href":"https:\/\/eu.isagenixbusiness.com\/it-eu\/wp-json\/wp\/v2\/media?parent=106248"}],"curies":[{"name":"wp","href":"https:\/\/api.w.org\/{rel}","templated":true}]}}