{"id":106270,"date":"2021-07-12T16:33:09","date_gmt":"2021-07-12T15:33:09","guid":{"rendered":"https:\/\/eu.isagenixbusiness.com\/?page_id=106270"},"modified":"2023-12-21T12:51:43","modified_gmt":"2023-12-21T12:51:43","slug":"collagen-script-1","status":"publish","type":"page","link":"https:\/\/eu.isagenixbusiness.com\/it-eu\/collagen-script-1\/","title":{"rendered":"Collagen Scripts &#8211; How to find new customers with Collagen Elixir"},"content":{"rendered":"<p><div class=\"fusion-fullwidth fullwidth-box fusion-builder-row-1 fusion-flex-container fusion-parallax-none nonhundred-percent-fullwidth non-hundred-percent-height-scrolling\" style=\"--awb-background-position:center bottom;--awb-border-radius-top-left:0px;--awb-border-radius-top-right:0px;--awb-border-radius-bottom-right:0px;--awb-border-radius-bottom-left:0px;--awb-padding-top:0px;--awb-padding-bottom:0px;--awb-margin-bottom:0px;--awb-background-color:rgba(255,255,255,0.75);--awb-background-image:url(&quot;https:\/\/eu.isagenixbusiness.com\/wp-content\/uploads\/2020\/12\/Header-modulev2.png&quot;);--awb-background-size:cover;--awb-flex-wrap:wrap;\" ><div class=\"fusion-builder-row fusion-row fusion-flex-align-items-flex-start fusion-flex-justify-content-center fusion-flex-content-wrap\" style=\"max-width:1497.6px;margin-left: calc(-4% \/ 2 );margin-right: calc(-4% \/ 2 );\"><div class=\"fusion-layout-column fusion_builder_column fusion-builder-column-0 fusion_builder_column_1_1 1_1 fusion-flex-column\" style=\"--awb-padding-top:0.9840000000000089px;--awb-padding-bottom:0.9730000000000132px;--awb-bg-size:cover;--awb-width-large:100%;--awb-margin-top-large:0px;--awb-spacing-right-large:1.92%;--awb-margin-bottom-large:9px;--awb-spacing-left-large:1.92%;--awb-width-medium:100%;--awb-order-medium:0;--awb-spacing-right-medium:1.92%;--awb-spacing-left-medium:1.92%;--awb-width-small:100%;--awb-order-small:0;--awb-spacing-right-small:1.92%;--awb-spacing-left-small:1.92%;\"><div class=\"fusion-column-wrapper fusion-column-has-shadow fusion-flex-justify-content-flex-start fusion-content-layout-column\"><div class=\"fusion-separator fusion-full-width-sep\" style=\"align-self: flex-end;margin-left:auto;margin-top:10%;width:100%;\"><\/div><div class=\"fusion-builder-row fusion-builder-row-inner fusion-row fusion-flex-align-items-flex-start fusion-flex-justify-content-center fusion-flex-content-wrap\" style=\"--awb-flex-grow:0;--awb-flex-grow-medium:0;--awb-flex-grow-small:0;--awb-flex-shrink:0;--awb-flex-shrink-medium:0;--awb-flex-shrink-small:0;width:104% !important;max-width:104% !important;margin-left: calc(-4% \/ 2 );margin-right: calc(-4% \/ 2 );\"><div class=\"fusion-layout-column fusion_builder_column_inner fusion-builder-nested-column-0 fusion_builder_column_inner_1_2 1_2 fusion-flex-column\" style=\"--awb-bg-size:cover;--awb-width-large:50%;--awb-margin-top-large:0px;--awb-spacing-right-large:3.84%;--awb-margin-bottom-large:20px;--awb-spacing-left-large:3.84%;--awb-width-medium:100%;--awb-order-medium:0;--awb-spacing-right-medium:1.92%;--awb-spacing-left-medium:1.92%;--awb-width-small:100%;--awb-order-small:0;--awb-spacing-right-small:1.92%;--awb-spacing-left-small:1.92%;\"><div class=\"fusion-column-wrapper fusion-column-has-shadow fusion-flex-justify-content-flex-start fusion-content-layout-column\"><\/div><\/div><div class=\"fusion-layout-column fusion_builder_column_inner fusion-builder-nested-column-1 fusion_builder_column_inner_1_2 1_2 fusion-flex-column\" style=\"--awb-bg-size:cover;--awb-width-large:50%;--awb-margin-top-large:0px;--awb-spacing-right-large:3.84%;--awb-margin-bottom-large:20px;--awb-spacing-left-large:3.84%;--awb-width-medium:100%;--awb-order-medium:0;--awb-spacing-right-medium:1.92%;--awb-spacing-left-medium:1.92%;--awb-width-small:100%;--awb-order-small:0;--awb-spacing-right-small:1.92%;--awb-spacing-left-small:1.92%;\"><div class=\"fusion-column-wrapper fusion-column-has-shadow fusion-flex-justify-content-flex-start fusion-content-layout-column\"><\/div><\/div><\/div><div class=\"fusion-title title fusion-title-1 fusion-title-center fusion-title-text fusion-title-size-one\" style=\"--awb-margin-top-small:0px;--awb-margin-right-small:0px;--awb-margin-bottom-small:20px;--awb-margin-left-small:0px;--awb-font-size:3.5rem;\"><div class=\"title-sep-container title-sep-container-left\"><div class=\"title-sep sep- sep-solid\" style=\"border-color:#eeefee;\"><\/div><\/div><span class=\"awb-title-spacer\"><\/span><h1 class=\"fusion-title-heading title-heading-center fusion-responsive-typography-calculated\" style=\"font-family:&quot;DM Serif Display&quot;;font-style:normal;font-weight:400;margin:0;font-size:1em;--fontSize:56;line-height:1;\"><p style=\"text-align: center;\"><span style=\"color: #a77666; font-size: 1em; font-style: var(--h1_typography-font-style,normal); letter-spacing: var(--h1_typography-letter-spacing); background-color: rgba(255, 255, 255, 0);\">COLLAGEN <\/span><span style=\"color: #a77666; font-size: 1em; font-style: var(--h1_typography-font-style,normal); letter-spacing: var(--h1_typography-letter-spacing); background-color: rgba(255, 255, 255, 0); font-family: Montserrat;\">Elixir\u2122<\/span><\/p><\/h1><span class=\"awb-title-spacer\"><\/span><div class=\"title-sep-container title-sep-container-right\"><div class=\"title-sep sep- sep-solid\" style=\"border-color:#eeefee;\"><\/div><\/div><\/div><div class=\"fusion-title title fusion-title-2 fusion-title-center fusion-title-text fusion-title-size-two\" style=\"--awb-margin-top-small:0px;--awb-margin-right-small:0px;--awb-margin-bottom-small:20px;--awb-margin-left-small:0px;\"><div class=\"title-sep-container title-sep-container-left\"><div class=\"title-sep sep- sep-solid\" style=\"border-color:#eeefee;\"><\/div><\/div><span class=\"awb-title-spacer\"><\/span><h2 class=\"fusion-title-heading title-heading-center fusion-responsive-typography-calculated\" style=\"font-family:&quot;DM Serif Display&quot;;font-style:normal;font-weight:400;margin:0;--fontSize:32;line-height:1;\">Contattare i NUOVI clienti<\/h2><span class=\"awb-title-spacer\"><\/span><div class=\"title-sep-container title-sep-container-right\"><div class=\"title-sep sep- sep-solid\" style=\"border-color:#eeefee;\"><\/div><\/div><\/div><\/div><\/div><div class=\"fusion-layout-column fusion_builder_column fusion-builder-column-1 fusion_builder_column_1_2 1_2 fusion-flex-column\" style=\"--awb-bg-size:cover;--awb-width-large:50%;--awb-margin-top-large:0px;--awb-spacing-right-large:3.84%;--awb-margin-bottom-large:20px;--awb-spacing-left-large:3.84%;--awb-width-medium:100%;--awb-order-medium:0;--awb-spacing-right-medium:1.92%;--awb-spacing-left-medium:1.92%;--awb-width-small:100%;--awb-order-small:0;--awb-spacing-right-small:1.92%;--awb-spacing-left-small:1.92%;\"><div class=\"fusion-column-wrapper fusion-column-has-shadow fusion-flex-justify-content-flex-start fusion-content-layout-column\"><div class=\"fusion-builder-row fusion-builder-row-inner fusion-row fusion-flex-align-items-flex-start fusion-flex-justify-content-center fusion-flex-content-wrap\" style=\"--awb-flex-grow:0;--awb-flex-grow-medium:0;--awb-flex-grow-small:0;--awb-flex-shrink:0;--awb-flex-shrink-medium:0;--awb-flex-shrink-small:0;width:104% !important;max-width:104% !important;margin-left: calc(-4% \/ 2 );margin-right: calc(-4% \/ 2 );\"><div class=\"fusion-layout-column fusion_builder_column_inner fusion-builder-nested-column-2 fusion_builder_column_inner_1_1 1_1 fusion-flex-column\" style=\"--awb-bg-size:cover;--awb-width-large:100%;--awb-margin-top-large:0px;--awb-spacing-right-large:1.92%;--awb-margin-bottom-large:20px;--awb-spacing-left-large:1.92%;--awb-width-medium:100%;--awb-order-medium:0;--awb-spacing-right-medium:1.92%;--awb-spacing-left-medium:1.92%;--awb-width-small:100%;--awb-order-small:0;--awb-spacing-right-small:1.92%;--awb-spacing-left-small:1.92%;\"><div class=\"fusion-column-wrapper fusion-column-has-shadow fusion-flex-justify-content-flex-start fusion-content-layout-column\"><\/div><\/div><\/div><\/div><\/div><\/div><\/div><div class=\"fusion-fullwidth fullwidth-box fusion-builder-row-2 fusion-flex-container nonhundred-percent-fullwidth non-hundred-percent-height-scrolling\" style=\"--awb-border-radius-top-left:0px;--awb-border-radius-top-right:0px;--awb-border-radius-bottom-right:0px;--awb-border-radius-bottom-left:0px;--awb-flex-wrap:wrap;\" ><div class=\"fusion-builder-row fusion-row fusion-flex-align-items-flex-start fusion-flex-content-wrap\" style=\"max-width:1497.6px;margin-left: calc(-4% \/ 2 );margin-right: calc(-4% \/ 2 );\"><div class=\"fusion-layout-column fusion_builder_column fusion-builder-column-2 fusion_builder_column_1_1 1_1 fusion-flex-column\" style=\"--awb-bg-size:cover;--awb-width-large:100%;--awb-margin-top-large:0px;--awb-spacing-right-large:1.92%;--awb-margin-bottom-large:20px;--awb-spacing-left-large:1.92%;--awb-width-medium:100%;--awb-order-medium:0;--awb-spacing-right-medium:1.92%;--awb-spacing-left-medium:1.92%;--awb-width-small:100%;--awb-order-small:0;--awb-spacing-right-small:1.92%;--awb-spacing-left-small:1.92%;\"><div class=\"fusion-column-wrapper fusion-column-has-shadow fusion-flex-justify-content-flex-start fusion-content-layout-column\"><div class=\"fusion-title title fusion-title-3 fusion-title-text fusion-title-size-one\" style=\"--awb-text-color:#a77666;--awb-margin-top-small:0px;--awb-margin-right-small:0px;--awb-margin-bottom-small:20px;--awb-margin-left-small:0px;--awb-font-size:2.5rem;\"><div class=\"title-sep-container title-sep-container-left fusion-no-large-visibility fusion-no-medium-visibility fusion-no-small-visibility\"><div class=\"title-sep sep- sep-solid\" style=\"border-color:#eeefee;\"><\/div><\/div><span class=\"awb-title-spacer fusion-no-large-visibility fusion-no-medium-visibility fusion-no-small-visibility\"><\/span><h1 class=\"fusion-title-heading title-heading-left fusion-responsive-typography-calculated\" style=\"font-family:&quot;DM Serif Display&quot;;font-style:normal;font-weight:400;margin:0;font-size:1em;--fontSize:40;line-height:1;\">Sceneggiatura Suggerita<\/h1><span class=\"awb-title-spacer\"><\/span><div class=\"title-sep-container title-sep-container-right\"><div class=\"title-sep sep- sep-solid\" style=\"border-color:#eeefee;\"><\/div><\/div><\/div><div class=\"fusion-text fusion-text-1\" style=\"--awb-text-transform:none;\"><p><b style=\"font-size: 18px;\" data-fusion-font=\"true\">Tu:<\/b><span style=\"font-size: 18px;\" data-fusion-font=\"true\"> Ciao, sono felice che tu sia una delle prime persone da contattare. Ho iniziato a usare un nuovo prodotto a base di collagene marino, che \u00e8 un\u2019assoluta novit\u00e0 per l\u2019Europa. Penso che ti piacerebbe!<\/span><\/p>\n<p><i><b style=\"color: #a77666; font-size: 18px;\" data-fusion-font=\"true\">Interlocutore:<\/b><span style=\"color: #a77666; font-size: 18px;\" data-fusion-font=\"true\"> Che cos\u2019\u00e8?<\/span><\/i><\/p>\n<p><b style=\"font-size: 18px;\" data-fusion-font=\"true\">Tu:<\/b><span style=\"font-size: 18px;\" data-fusion-font=\"true\"> Me l\u2019ha fatto conoscere un mio amico. Si chiama Collagen Elixir\u2122. \u00c8 gi\u00e0 stato lanciato in Australia e negli Stati Uniti, dove ha venduto oltre 15 milioni di flaconi nei soli primi 6 mesi. Dovresti vedere i risultati che le persone stanno ottenendo! Suggerimento: Se stai gi\u00e0 vedendo dei risultati, puoi condividerli qui, rispettando la conformit\u00e0. Ad esempio: ho notato un incarnato pi\u00f9 giovane, una migliore idratazione della pelle e questo \u00e8 solo l\u2019inizio! \u00c8 anche privo di sostanze chimiche e proviene da fonti sostenibili. Vuoi vedere alcune foto?<\/span><\/p>\n<p><span style=\"font-size: 19px;\" data-fusion-font=\"true\"><i><b style=\"color: #a77666;\">Interlocutore:<\/b><span style=\"color: #a77666;\"> S\u00ec<\/span><\/i><br \/><span style=\"font-size: 18px;\" data-fusion-font=\"true\"><br \/><\/span><\/span><\/p>\n<p style=\"font-size: 19px;\" data-fusion-font=\"true\"><b style=\"font-size: 18px;\" data-fusion-font=\"true\">Tu:<\/b><span style=\"font-size: 18px;\" data-fusion-font=\"true\"> Inviagli <a href=\"https:\/\/isagenixbusiness.com\/wp-content\/uploads\/2021\/06\/99XX_EU_Collagen_Elixir_Flipbook.pdf\" target=\"_blank\" rel=\"noopener noreferrer\"><u>questo link<\/u><\/a> al Lookbook del Prima e dopo <\/span><\/p>\n<p style=\"font-size: 19px;\" data-fusion-font=\"true\"><b style=\"color: #a77666; font-size: 18px;\" data-fusion-font=\"true\"><i>Interlocutore: <\/i><\/b><span style=\"color: #a77666; font-size: 18px;\" data-fusion-font=\"true\"><i>Sar\u00e0 sorpreso e probabilmente ti far\u00e0 qualche domanda sul prodotto.<\/i><\/span><\/p>\n<p style=\"font-size: 19px;\" data-fusion-font=\"true\"><b style=\"font-size: 18px;\" data-fusion-font=\"true\">Tu:<\/b> <span style=\"background-color: rgba(255, 255, 255, 0); color: var(--body_typography-color); font-family: var(--body_typography-font-family); font-size: var(--body_typography-font-size); font-style: var(--body_typography-font-style,normal); font-weight: var(--body_typography-font-weight); letter-spacing: var(--body_typography-letter-spacing);\">Ho un video di 2 minuti che illustra il prodotto, vuoi che lo condivida qui? (<a href=\"https:\/\/vimeo.com\/569392846\" target=\"_blank\" rel=\"noopener noreferrer\">Invia il video<\/a>)<\/span><\/p>\n<p style=\"font-size: 19px;\" data-fusion-font=\"true\"><span style=\"background-color: rgba(255, 255, 255, 0); color: var(--body_typography-color); font-family: var(--body_typography-font-family); font-size: var(--body_typography-font-size); letter-spacing: var(--body_typography-letter-spacing);\"><b><i><span style=\"color: #a77666;\">Interlocutore:<\/span><\/i><\/b><\/span><i><b style=\"color: #a77666; font-size: 18px;\" data-fusion-font=\"true\"> <\/b><\/i><span style=\"background-color: rgba(255, 255, 255, 0); color: var(--body_typography-color); font-family: var(--body_typography-font-family); font-size: var(--body_typography-font-size); font-weight: var(--body_typography-font-weight); letter-spacing: var(--body_typography-letter-spacing);\"><i><span style=\"color: #a77666;\">Far\u00e0 domande del tipo \u201ccome posso ordinarlo?\u201d o, se non risponde, chiedigli: \u201cHai avuto la possibilit\u00e0 di guardare il video? Fammi sapere se hai domande da farmi\u201d<\/span>.<\/i><\/span><\/p>\n<p style=\"font-size: 19px;\" data-fusion-font=\"true\"><b style=\"font-size: 18px;\" data-fusion-font=\"true\">Tu:<\/b> <span style=\"background-color: rgba(255, 255, 255, 0); color: var(--body_typography-color); font-family: var(--body_typography-font-family); font-size: var(--body_typography-font-size); font-style: var(--body_typography-font-style,normal); font-weight: var(--body_typography-font-weight); letter-spacing: var(--body_typography-letter-spacing);\">Gestisci le obiezioni\/rispondi alle domande (<a href=\"https:\/\/brand.isagenix.com\/d\/8NjSgMufh41B\/product-media-library?product-name77=Collagen+Elixir\" target=\"_blank\" rel=\"noopener noreferrer\">utilizzando le immagini<\/a>). Continua a chiedere: \u201cHai altre domande cui posso rispondere?\u201d<\/span><\/p>\n<p style=\"font-size: 19px;\" data-fusion-font=\"true\"><i><span style=\"background-color: rgba(255, 255, 255, 0); color: var(--body_typography-color); font-family: var(--body_typography-font-family); font-size: var(--body_typography-font-size); letter-spacing: var(--body_typography-letter-spacing);\"><span style=\"color: #a77666;\"><b>Interlocutore:<\/b><\/span><\/span> <span style=\"background-color: rgba(255, 255, 255, 0); color: #a77666; font-family: var(--body_typography-font-family); font-size: var(--body_typography-font-size); letter-spacing: var(--body_typography-letter-spacing);\">Come posso iniziare?<\/span><\/i><\/p>\n<p style=\"font-size: 19px;\" data-fusion-font=\"true\"><b>Tu:<\/b> Queste sono le due opzioni migliori. Se non funzionano, possiamo trovare qualcosa che sia pi\u00f9 adatto al tuo budget.<\/p>\n<p style=\"font-size: 18px;\" data-fusion-font=\"true\">Un\u2019opzione \u00e8 la confezione da 4 che ha 40 flaconi e costa \u20ac 174.78 * + spedizione.<\/p>\n<p style=\"font-size: 18px;\" data-fusion-font=\"true\">Ma se vuoi risultati pi\u00f9 rapidi e vuoi fare un affare migliore, per sole \u20ac 73,59 in pi\u00f9, puoi avere laconfezione da 6 che contiene 60 flaconi al prezzo totale di \u20ac 248.37 *, che \u00e8 come avere 3 flaconi gratis.<\/p>\n<p style=\"font-size: 18px;\" data-fusion-font=\"true\">Se mi fai sapere quale preferisci, posso semplicemente inviarti un link precaricato per avere una modalit\u00e0 di pagamento semplice. Qual \u00e8 il pacchetto pi\u00f9 adatto a te?<\/p>\n<p style=\"font-size: 19px;\" data-fusion-font=\"true\"><i><span style=\"color: #a77666;\"><b>Interlocutore:<\/b><\/span><\/i><span style=\"color: #a77666;\"> La confezione da 6.<\/span><\/p>\n<p style=\"font-size: 19px;\" data-fusion-font=\"true\"><b>Tu: <\/b>Ottimo, ti invier\u00f2 un link diretto. Inviagli il tuo Carrello consigliato predefinito tramite il tuo Back Office, l\u2019app IsaLife o Penny. Consulta <a href=\"https:\/\/eu.isafyi.com\/it\/iscrivi-i-tuoi-nuovi-clienti-in-soli-due-minuti-con-i-carrelli-consigliati-isalife\/\" target=\"_blank\" rel=\"noopener noreferrer\">questa guida<\/a> per ulteriori informazioni su come creare e condividere i carrelli consigliati.<\/p>\n<\/div><div class=\"fusion-separator fusion-full-width-sep\" style=\"align-self: center;margin-left: auto;margin-right: auto;width:100%;\"><div class=\"fusion-separator-border sep-single\" style=\"--awb-height:20px;--awb-amount:20px;border-color:var(--awb-color4);border-top-width:0px;\"><\/div><\/div><div class=\"fusion-title title fusion-title-4 fusion-title-text fusion-title-size-one\" style=\"--awb-text-color:#a77666;--awb-margin-top-small:0px;--awb-margin-right-small:0px;--awb-margin-bottom-small:20px;--awb-margin-left-small:0px;--awb-font-size:2.5rem;\"><div class=\"title-sep-container title-sep-container-left fusion-no-large-visibility fusion-no-medium-visibility fusion-no-small-visibility\"><div class=\"title-sep sep- sep-solid\" style=\"border-color:#eeefee;\"><\/div><\/div><span class=\"awb-title-spacer fusion-no-large-visibility fusion-no-medium-visibility fusion-no-small-visibility\"><\/span><h1 class=\"fusion-title-heading title-heading-left fusion-responsive-typography-calculated\" style=\"font-family:&quot;DM Serif Display&quot;;font-style:normal;font-weight:400;margin:0;font-size:1em;--fontSize:40;line-height:1;\">Una volta iscritto:<\/h1><span class=\"awb-title-spacer\"><\/span><div class=\"title-sep-container title-sep-container-right\"><div class=\"title-sep sep- sep-solid\" style=\"border-color:#eeefee;\"><\/div><\/div><\/div><div class=\"fusion-text fusion-text-2\"><p style=\"font-size: 19px;\" data-fusion-font=\"true\">Tu: Mi permetti di aggiungerti al nostro gruppo Facebook? In questo gruppo c&#8217;\u00e8 un\u2019intera comunit\u00e0 di persone, energia e risorse straordinarie.<\/p>\n<p style=\"font-size: 19px;\" data-fusion-font=\"true\"><i><span style=\"color: #a77666;\"><b>Interlocutore:<\/b><\/span><\/i><span style=\"color: #a77666;\"> Sembra interessante.<\/span><\/p>\n<p style=\"font-size: 19px;\" data-fusion-font=\"true\"><b>Tu:<\/b> Fantastico, lo faccio subito. Tieni d\u2019occhio l\u2019invito al gruppo. Come vuoi che sia pagato il tuo prossimo ordine? Puoi guadagnare fino a 467 \u00a3467\/\u20ac509** semplicemente per averlo condiviso con due dei tuoi amici.<\/p>\n<p style=\"padding-left: 40px;\"><span style=\"background-color: rgba(255, 255, 255, 0); color: var(--body_typography-color); font-family: var(--body_typography-font-family); font-size: var(--body_typography-font-size); font-style: var(--body_typography-font-style,normal); letter-spacing: var(--body_typography-letter-spacing);\"><b>IN CASO DI RISPOSTA AFFERMATIVA: <\/b><\/span><span style=\"background-color: rgba(255, 255, 255, 0); color: var(--body_typography-color); font-family: var(--body_typography-font-family); font-size: var(--body_typography-font-size); font-style: var(--body_typography-font-style,normal); font-weight: var(--body_typography-font-weight); letter-spacing: var(--body_typography-letter-spacing);\">Ho un breve video che spiega come funziona. Vuoi che lo condivida qui? Condividi <a href=\"https:\/\/vimeo.com\/572574460\" target=\"_blank\" rel=\"noopener noreferrer\"><u>questo link<\/u><\/a> al video Come guadagnare con Collagen.<\/span><\/p>\n<p style=\"padding-left: 40px;\"><b>IN CASO DI RISPOSTA NEGATIVA: <\/b><\/p>\n<p style=\"padding-left: 40px;\">\u201cQuale cifra troveresti interessante?\u201d<\/p>\n<p style=\"font-size: 19px;\" data-fusion-font=\"true\"><span style=\"background-color: rgba(255, 255, 255, 0); color: var(--body_typography-color); font-family: var(--body_typography-font-family); font-size: var(--body_typography-font-size); letter-spacing: var(--body_typography-letter-spacing);\"><i><b style=\"color: #a77666;\">Interlocutore<\/b><\/i><\/span><span style=\"background-color: rgba(255, 255, 255, 0); color: #a77666; font-family: var(--body_typography-font-family); font-size: var(--body_typography-font-size); font-style: var(--body_typography-font-style,normal); font-weight: var(--body_typography-font-weight); letter-spacing: var(--body_typography-letter-spacing);\">:<\/span><i><b style=\"color: #a77666;\"> <\/b><\/i>\u20ac<i><span style=\"color: #a77666;\">2,<span style=\"color: #a77666;\">000<\/span><\/span><\/i><\/p>\n<p style=\"font-size: 19px;\" data-fusion-font=\"true\"><b>Tu:<\/b> Quindi, se ti mostrassi come guadagnare \u20ac2.000 condividendo questo prodotto, saresti interessato? (O se ti presentassi qualcuno che pu\u00f2 spiegarti come guadagnare \u20ac2.000 condividendo questo prodotto, saresti disposto a parlare con lui?)<\/p>\n<p style=\"font-size: 19px;\" data-fusion-font=\"true\"><i><b style=\"color: #a77666;\">Interlocutore: <\/b><span style=\"color: #a77666;\">S\u00ec<\/span><\/i><\/p>\n<p style=\"font-size: 19px;\" data-fusion-font=\"true\"><b>Fissa una chiamata su Zoom (o da solo o con un partner commerciale). Usa la <a href=\"https:\/\/isagenixbusiness.com\/wp-content\/uploads\/2021\/06\/4026_IT_it_Why_Isagenix_Opportunity_2906521.pptx\" target=\"_blank\" rel=\"noopener noreferrer\"><u>Riunione di presentazione dei prodottiper<\/u><\/a> illustrare all\u2019interlocutore le opportunit\u00e0 di guadagno con Isagenix.<\/b><\/p>\n<\/div><\/div><\/div><div class=\"fusion-layout-column fusion_builder_column fusion-builder-column-3 fusion_builder_column_1_1 1_1 fusion-flex-column\" style=\"--awb-bg-size:cover;--awb-width-large:100%;--awb-margin-top-large:0px;--awb-spacing-right-large:1.92%;--awb-margin-bottom-large:20px;--awb-spacing-left-large:1.92%;--awb-width-medium:100%;--awb-order-medium:0;--awb-spacing-right-medium:1.92%;--awb-spacing-left-medium:1.92%;--awb-width-small:100%;--awb-order-small:0;--awb-spacing-right-small:1.92%;--awb-spacing-left-small:1.92%;\"><div class=\"fusion-column-wrapper fusion-column-has-shadow fusion-flex-justify-content-flex-start fusion-content-layout-column\"><div class=\"fusion-separator fusion-full-width-sep\" style=\"align-self: center;margin-left: auto;margin-right: auto;margin-top:2%;width:100%;\"><\/div><\/div><\/div><\/div><\/div><div class=\"fusion-fullwidth fullwidth-box fusion-builder-row-3 fusion-flex-container fusion-parallax-none nonhundred-percent-fullwidth non-hundred-percent-height-scrolling\" style=\"--awb-border-radius-top-left:0px;--awb-border-radius-top-right:0px;--awb-border-radius-bottom-right:0px;--awb-border-radius-bottom-left:0px;--awb-padding-top:22px;--awb-background-image:url(&quot;https:\/\/eu.isagenixbusiness.com\/wp-content\/uploads\/2020\/12\/Background-1-1-e1607442026599.png&quot;);--awb-background-size:cover;--awb-flex-wrap:wrap;\" ><div class=\"fusion-builder-row fusion-row fusion-flex-align-items-flex-start fusion-flex-content-wrap\" style=\"max-width:1497.6px;margin-left: calc(-4% \/ 2 );margin-right: calc(-4% \/ 2 );\"><div class=\"fusion-layout-column fusion_builder_column fusion-builder-column-4 fusion_builder_column_1_1 1_1 fusion-flex-column\" style=\"--awb-bg-size:cover;--awb-width-large:100%;--awb-margin-top-large:0px;--awb-spacing-right-large:1.92%;--awb-margin-bottom-large:20px;--awb-spacing-left-large:1.92%;--awb-width-medium:100%;--awb-order-medium:0;--awb-spacing-right-medium:1.92%;--awb-spacing-left-medium:1.92%;--awb-width-small:100%;--awb-order-small:0;--awb-spacing-right-small:1.92%;--awb-spacing-left-small:1.92%;\"><div class=\"fusion-column-wrapper fusion-column-has-shadow fusion-flex-justify-content-flex-start fusion-content-layout-column\"><div class=\"fusion-text fusion-text-3\"><p><i><span style=\"color: #ffffff;\">*Prezzo nel Regno Unito basato sull\u2019Autoship del Cliente Preferito e soggetto ad arrotondamento. Ricordati di verificare di aver utilizzato i prezzi corretti per il Paese in cui stai effettuando la vendita. Accedi al tuo Back Office per conoscere le offerte e i prezzi dei prodotti pi\u00f9 recenti.<\/span><\/i><\/p>\n<p><i><span style=\"color: #ffffff;\">**Solo a scopo illustrativo. Gli esempi illustrano i guadagni massimi con scenari specifici durante il periodo di promozione combinati con altri incentivi Isagenix e non sono garantiti. Isagenix non garantisce alcun guadagno. Per gli utili medi, fai riferimento a IsagenixEarnings.com<\/span><\/i><\/p>\n<\/div><\/div><\/div><\/div><\/div><\/p>\n","protected":false},"excerpt":{"rendered":"","protected":false},"author":9877,"featured_media":0,"parent":0,"menu_order":0,"comment_status":"closed","ping_status":"closed","template":"100-width.php","meta":{"_acf_changed":false,"footnotes":""},"class_list":["post-106270","page","type-page","status-publish","hentry"],"acf":[],"_links":{"self":[{"href":"https:\/\/eu.isagenixbusiness.com\/it-eu\/wp-json\/wp\/v2\/pages\/106270","targetHints":{"allow":["GET"]}}],"collection":[{"href":"https:\/\/eu.isagenixbusiness.com\/it-eu\/wp-json\/wp\/v2\/pages"}],"about":[{"href":"https:\/\/eu.isagenixbusiness.com\/it-eu\/wp-json\/wp\/v2\/types\/page"}],"author":[{"embeddable":true,"href":"https:\/\/eu.isagenixbusiness.com\/it-eu\/wp-json\/wp\/v2\/users\/9877"}],"replies":[{"embeddable":true,"href":"https:\/\/eu.isagenixbusiness.com\/it-eu\/wp-json\/wp\/v2\/comments?post=106270"}],"version-history":[{"count":7,"href":"https:\/\/eu.isagenixbusiness.com\/it-eu\/wp-json\/wp\/v2\/pages\/106270\/revisions"}],"predecessor-version":[{"id":199560,"href":"https:\/\/eu.isagenixbusiness.com\/it-eu\/wp-json\/wp\/v2\/pages\/106270\/revisions\/199560"}],"wp:attachment":[{"href":"https:\/\/eu.isagenixbusiness.com\/it-eu\/wp-json\/wp\/v2\/media?parent=106270"}],"curies":[{"name":"wp","href":"https:\/\/api.w.org\/{rel}","templated":true}]}}