{"id":116588,"date":"2022-02-09T12:48:14","date_gmt":"2022-02-09T12:48:14","guid":{"rendered":"https:\/\/eu.isagenixbusiness.com\/global-top-achievers-2023\/"},"modified":"2022-09-05T11:50:30","modified_gmt":"2022-09-05T10:50:30","slug":"global-top-achievers-2023","status":"publish","type":"page","link":"https:\/\/eu.isagenixbusiness.com\/it-eu\/global-top-achievers-2023\/","title":{"rendered":"Global Top Achievers 2023"},"content":{"rendered":"<p><div class=\"fusion-fullwidth fullwidth-box fusion-builder-row-1 fusion-flex-container fusion-parallax-none nonhundred-percent-fullwidth non-hundred-percent-height-scrolling\" style=\"--awb-background-blend-mode:overlay;--awb-border-radius-top-left:0px;--awb-border-radius-top-right:0px;--awb-border-radius-bottom-right:0px;--awb-border-radius-bottom-left:0px;--awb-min-height:450px;--awb-background-color:rgba(0,0,0,0.5);--awb-background-image:url(&quot;https:\/\/eu.isagenixbusiness.com\/wp-content\/uploads\/2022\/02\/Fiji-Businness-Page-Header.png&quot;);--awb-background-size:cover;--awb-flex-wrap:wrap;\" ><div class=\"fusion-builder-row fusion-row fusion-flex-align-items-center fusion-flex-align-content-center fusion-flex-justify-content-center fusion-flex-content-wrap\" style=\"max-width:1497.6px;margin-left: calc(-4% \/ 2 );margin-right: calc(-4% \/ 2 );\"><div class=\"fusion-layout-column fusion_builder_column fusion-builder-column-0 fusion_builder_column_1_1 1_1 fusion-flex-column fusion-flex-align-self-center\" style=\"--awb-bg-size:cover;--awb-width-large:100%;--awb-margin-top-large:0px;--awb-spacing-right-large:1.92%;--awb-margin-bottom-large:20px;--awb-spacing-left-large:1.92%;--awb-width-medium:100%;--awb-order-medium:0;--awb-spacing-right-medium:1.92%;--awb-spacing-left-medium:1.92%;--awb-width-small:100%;--awb-order-small:0;--awb-spacing-right-small:1.92%;--awb-spacing-left-small:1.92%;\"><div class=\"fusion-column-wrapper fusion-column-has-shadow fusion-flex-justify-content-center fusion-content-layout-column\"><div class=\"fusion-text fusion-text-1\" style=\"--awb-text-color:#ffffff;\"><h1 class=\"\" style=\"text-align: center; color: #ffffff; --fontsize: 36; line-height: 1;\" data-fontsize=\"36\" data-lineheight=\"36px\">Global Top Achievers 2023<\/h1>\n<\/div><div class=\"fusion-text fusion-text-2\" style=\"--awb-text-transform:none;\"><p style=\"text-align: center; color: #ffffff;\">26 &#8211; 30 aprile 2023 | Figi<\/p>\n<\/div><\/div><\/div><\/div><\/div><div class=\"fusion-fullwidth fullwidth-box fusion-builder-row-2 fusion-flex-container nonhundred-percent-fullwidth non-hundred-percent-height-scrolling\" style=\"--awb-border-radius-top-left:0px;--awb-border-radius-top-right:0px;--awb-border-radius-bottom-right:0px;--awb-border-radius-bottom-left:0px;--awb-padding-top:21px;--awb-flex-wrap:wrap;\" ><div class=\"fusion-builder-row fusion-row fusion-flex-align-items-flex-start fusion-flex-content-wrap\" style=\"max-width:1497.6px;margin-left: calc(-4% \/ 2 );margin-right: calc(-4% \/ 2 );\"><div class=\"fusion-layout-column fusion_builder_column fusion-builder-column-1 fusion_builder_column_1_1 1_1 fusion-flex-column\" style=\"--awb-bg-size:cover;--awb-width-large:100%;--awb-margin-top-large:0px;--awb-spacing-right-large:1.92%;--awb-margin-bottom-large:20px;--awb-spacing-left-large:1.92%;--awb-width-medium:100%;--awb-order-medium:0;--awb-spacing-right-medium:1.92%;--awb-spacing-left-medium:1.92%;--awb-width-small:100%;--awb-order-small:0;--awb-spacing-right-small:1.92%;--awb-spacing-left-small:1.92%;\"><div class=\"fusion-column-wrapper fusion-column-has-shadow fusion-flex-justify-content-flex-start fusion-content-layout-column\"><div class=\"fusion-text fusion-text-3\" style=\"--awb-text-transform:none;\"><h1 style=\"text-align: center;\"><b>PARTIAMO PER LE FIGI<\/b><\/h1>\n<\/div><div class=\"fusion-text fusion-text-4\" style=\"--awb-text-transform:none;\"><p style=\"text-align: center;\">I Top Achiever globali riconoscono e premiano i nostri Leader in azione con formazione, relax e divertimento eccezionali.<\/p>\n<p style=\"text-align: center;\">La parte migliore? Si svolge in una delle destinazioni pi\u00f9 belle del mondo.<\/p>\n<\/div><\/div><\/div><\/div><\/div><div class=\"fusion-fullwidth fullwidth-box fusion-builder-row-3 fusion-flex-container nonhundred-percent-fullwidth non-hundred-percent-height-scrolling\" style=\"--awb-border-radius-top-left:0px;--awb-border-radius-top-right:0px;--awb-border-radius-bottom-right:0px;--awb-border-radius-bottom-left:0px;--awb-padding-top:24px;--awb-flex-wrap:wrap;\" ><div class=\"fusion-builder-row fusion-row fusion-flex-align-items-flex-start fusion-flex-content-wrap\" style=\"max-width:1497.6px;margin-left: calc(-4% \/ 2 );margin-right: calc(-4% \/ 2 );\"><div class=\"fusion-layout-column fusion_builder_column fusion-builder-column-2 fusion_builder_column_1_2 1_2 fusion-flex-column fusion-flex-align-self-center\" style=\"--awb-bg-size:cover;--awb-width-large:50%;--awb-margin-top-large:0px;--awb-spacing-right-large:3.84%;--awb-margin-bottom-large:20px;--awb-spacing-left-large:3.84%;--awb-width-medium:100%;--awb-order-medium:0;--awb-spacing-right-medium:1.92%;--awb-spacing-left-medium:1.92%;--awb-width-small:100%;--awb-order-small:0;--awb-spacing-right-small:1.92%;--awb-spacing-left-small:1.92%;\"><div class=\"fusion-column-wrapper fusion-column-has-shadow fusion-flex-justify-content-center fusion-content-layout-column\"><div class=\"fusion-text fusion-text-5\" style=\"--awb-text-transform:none;\"><h2>COME GUADAGNARSI UN POSTO:<\/h2>\n<ul>\n<li>Essere uno dei Top 100 business con punti accumulati Leader in Action durante il periodo di qualificazione.<\/li>\n<li>Essere Paid-As Executive per un minimo di 26 settimane durante il periodo di qualificazione (le settimane non devono essere necessariamente consecutive).<\/li>\n<\/ul>\n<p style=\"padding-left: 40px;\"><strong>OPPURE<\/strong><\/p>\n<ul>\n<li>Guadagnare pi\u00f9 di 500.000 USD durante il periodo di qualificazione.<\/li>\n<li>Essere Paid-As Executive per un minimo di 45 settimane durante il periodo di qualificazione (le settimane non devono essere necessariamente consecutive).<\/li>\n<\/ul>\n<\/div><\/div><\/div><div class=\"fusion-layout-column fusion_builder_column fusion-builder-column-3 fusion_builder_column_1_2 1_2 fusion-flex-column\" style=\"--awb-bg-size:cover;--awb-width-large:50%;--awb-margin-top-large:0px;--awb-spacing-right-large:3.84%;--awb-margin-bottom-large:20px;--awb-spacing-left-large:3.84%;--awb-width-medium:100%;--awb-order-medium:0;--awb-spacing-right-medium:1.92%;--awb-spacing-left-medium:1.92%;--awb-width-small:100%;--awb-order-small:0;--awb-spacing-right-small:1.92%;--awb-spacing-left-small:1.92%;\"><div class=\"fusion-column-wrapper fusion-column-has-shadow fusion-flex-justify-content-flex-start fusion-content-layout-column\"><div class=\"fusion-video fusion-vimeo\" style=\"--awb-max-width:600px;--awb-max-height:360px;\"><div class=\"video-shortcode\"><div class=\"fluid-width-video-wrapper\" style=\"padding-top:60%;\" ><iframe title=\"Vimeo video player 1\" src=\"https:\/\/player.vimeo.com\/video\/669491412?autoplay=0&amp;autopause=0\" width=\"600\" height=\"360\" allowfullscreen allow=\"autoplay; fullscreen\"><\/iframe><\/div><\/div><\/div><\/div><\/div><\/div><\/div><div class=\"fusion-fullwidth fullwidth-box fusion-builder-row-4 fusion-flex-container nonhundred-percent-fullwidth non-hundred-percent-height-scrolling\" style=\"--awb-border-radius-top-left:0px;--awb-border-radius-top-right:0px;--awb-border-radius-bottom-right:0px;--awb-border-radius-bottom-left:0px;--awb-padding-top:21px;--awb-background-color:var(--awb-custom13);--awb-flex-wrap:wrap;\" ><div class=\"fusion-builder-row fusion-row fusion-flex-align-items-flex-start fusion-flex-content-wrap\" style=\"max-width:1497.6px;margin-left: calc(-4% \/ 2 );margin-right: calc(-4% \/ 2 );\"><div class=\"fusion-layout-column fusion_builder_column fusion-builder-column-4 fusion_builder_column_1_3 1_3 fusion-flex-column\" style=\"--awb-bg-size:cover;--awb-width-large:33.333333333333%;--awb-margin-top-large:0px;--awb-spacing-right-large:5.76%;--awb-margin-bottom-large:20px;--awb-spacing-left-large:5.76%;--awb-width-medium:100%;--awb-order-medium:0;--awb-spacing-right-medium:1.92%;--awb-spacing-left-medium:1.92%;--awb-width-small:100%;--awb-order-small:0;--awb-spacing-right-small:1.92%;--awb-spacing-left-small:1.92%;\"><div class=\"fusion-column-wrapper fusion-column-has-shadow fusion-flex-justify-content-flex-start fusion-content-layout-column\"><div class=\"fusion-image-element \" style=\"--awb-caption-title-font-family:var(--h2_typography-font-family);--awb-caption-title-font-weight:var(--h2_typography-font-weight);--awb-caption-title-font-style:var(--h2_typography-font-style);--awb-caption-title-size:var(--h2_typography-font-size);--awb-caption-title-transform:var(--h2_typography-text-transform);--awb-caption-title-line-height:var(--h2_typography-line-height);--awb-caption-title-letter-spacing:var(--h2_typography-letter-spacing);\"><span class=\" fusion-imageframe imageframe-none imageframe-1 hover-type-none\"><img decoding=\"async\" width=\"400\" height=\"297\" title=\"beach_6_800x593-400&#215;297\" src=\"https:\/\/eu.isagenixbusiness.com\/wp-content\/uploads\/2022\/02\/beach_6_800x593-400x297-1.jpg\" alt class=\"img-responsive wp-image-116570\" srcset=\"https:\/\/eu.isagenixbusiness.com\/wp-content\/uploads\/2022\/02\/beach_6_800x593-400x297-1-200x149.jpg 200w, https:\/\/eu.isagenixbusiness.com\/wp-content\/uploads\/2022\/02\/beach_6_800x593-400x297-1.jpg 400w\" sizes=\"(max-width: 1024px) 100vw, (max-width: 640px) 100vw, 400px\" \/><\/span><\/div><\/div><\/div><div class=\"fusion-layout-column fusion_builder_column fusion-builder-column-5 fusion_builder_column_2_3 2_3 fusion-flex-column\" style=\"--awb-bg-size:cover;--awb-width-large:66.666666666667%;--awb-margin-top-large:0px;--awb-spacing-right-large:0.144%;--awb-margin-bottom-large:20px;--awb-spacing-left-large:0.432%;--awb-width-medium:100%;--awb-order-medium:0;--awb-spacing-right-medium:1.92%;--awb-spacing-left-medium:1.92%;--awb-width-small:100%;--awb-order-small:0;--awb-spacing-right-small:1.92%;--awb-spacing-left-small:1.92%;\"><div class=\"fusion-column-wrapper fusion-column-has-shadow fusion-flex-justify-content-flex-start fusion-content-layout-column\"><div class=\"fusion-title title fusion-title-1 fusion-title-text fusion-title-size-two\" style=\"--awb-margin-top-small:0px;--awb-margin-right-small:0px;--awb-margin-bottom-small:20px;--awb-margin-left-small:0px;\"><div class=\"title-sep-container title-sep-container-left fusion-no-large-visibility fusion-no-medium-visibility fusion-no-small-visibility\"><div class=\"title-sep sep- sep-solid\" style=\"border-color:#eeefee;\"><\/div><\/div><span class=\"awb-title-spacer fusion-no-large-visibility fusion-no-medium-visibility fusion-no-small-visibility\"><\/span><h2 class=\"fusion-title-heading title-heading-left fusion-responsive-typography-calculated\" style=\"margin:0;--fontSize:32;line-height:1;\">INFORMAZIONI SUL CONCORSO<\/h2><span class=\"awb-title-spacer\"><\/span><div class=\"title-sep-container title-sep-container-right\"><div class=\"title-sep sep- sep-solid\" style=\"border-color:#eeefee;\"><\/div><\/div><\/div><div class=\"fusion-text fusion-text-6\" style=\"--awb-text-transform:none;\"><p><strong>PERIODO DI QUALIFICAZIONE:<\/strong> 24 gennaio 2022 &#8211; 22 gennaio 2023<\/p>\n<p><strong>QUANDO TANTI VINCITORI:<\/strong> 100 business center<\/p>\n<p><strong>PARTECIPAZIONE PAESI:<\/strong> Australia, Canada, Europa, Giappone, Messico, Nuova Zelanda, Porto Rico, Corea del Sud, Stati Uniti<\/p>\n<p><b><span style=\"background-color: var(--awb-custom13); color: var(--body_typography-color); font-family: var(--body_typography-font-family); font-size: var(--body_typography-font-size); font-style: var(--body_typography-font-style,normal); letter-spacing: var(--body_typography-letter-spacing);\">DETTAGLI DEL VIAGGIO: <\/span><\/b><span style=\"background-color: var(--awb-custom13); color: var(--body_typography-color); font-family: var(--body_typography-font-family); font-size: var(--body_typography-font-size); font-style: var(--body_typography-font-style,normal); letter-spacing: var(--body_typography-letter-spacing);\">26 &#8211; 30 aprile<\/span><span style=\"background-color: var(--awb-custom13); color: var(--body_typography-color); font-family: var(--body_typography-font-family); font-size: var(--body_typography-font-size); font-style: var(--body_typography-font-style,normal); letter-spacing: var(--body_typography-letter-spacing);\">\u00a02023<\/span><\/p>\n<ul>\n<li>Hotel pagato da Isagenix<\/li>\n<li>Tutte le spese accessorie saranno a carico dell\u2019incaricato alla vendita<\/li>\n<li>Volo pagato da Isagenix<\/li>\n<li>Trasporti via terra (maggiori dettagli verranno inviati in prossimit\u00e0 dell\u2019evento)<\/li>\n<\/ul>\n<\/div><\/div><\/div><\/div><\/div><div class=\"fusion-fullwidth fullwidth-box fusion-builder-row-5 fusion-flex-container nonhundred-percent-fullwidth non-hundred-percent-height-scrolling\" style=\"--awb-border-radius-top-left:0px;--awb-border-radius-top-right:0px;--awb-border-radius-bottom-right:0px;--awb-border-radius-bottom-left:0px;--awb-padding-top:20px;--awb-flex-wrap:wrap;\" ><div class=\"fusion-builder-row fusion-row fusion-flex-align-items-flex-start fusion-flex-content-wrap\" style=\"max-width:1497.6px;margin-left: calc(-4% \/ 2 );margin-right: calc(-4% \/ 2 );\"><div class=\"fusion-layout-column fusion_builder_column fusion-builder-column-6 fusion_builder_column_1_1 1_1 fusion-flex-column\" style=\"--awb-bg-size:cover;--awb-width-large:100%;--awb-margin-top-large:0px;--awb-spacing-right-large:1.92%;--awb-margin-bottom-large:20px;--awb-spacing-left-large:1.92%;--awb-width-medium:100%;--awb-order-medium:0;--awb-spacing-right-medium:1.92%;--awb-spacing-left-medium:1.92%;--awb-width-small:100%;--awb-order-small:0;--awb-spacing-right-small:1.92%;--awb-spacing-left-small:1.92%;\"><div class=\"fusion-column-wrapper fusion-column-has-shadow fusion-flex-justify-content-flex-start fusion-content-layout-column\"><div class=\"fusion-tabs fusion-tabs-1 clean nav-is-justified horizontal-tabs icon-position-left mobile-mode-accordion\" style=\"--awb-title-border-radius-top-left:0px;--awb-title-border-radius-top-right:0px;--awb-title-border-radius-bottom-right:0px;--awb-title-border-radius-bottom-left:0px;--awb-inactive-color:#c7c9c7;--awb-background-color:#00778b;--awb-border-color:rgba(235,234,234,0);--awb-active-border-color:var(--awb-color5);\"><div class=\"nav\"><ul class=\"nav-tabs nav-justified\" role=\"tablist\"><li class=\"active\" role=\"presentation\"><a class=\"tab-link\" data-toggle=\"tab\" role=\"tab\" aria-controls=\"tab-ff5fae1aa7eb15e386d\" aria-selected=\"true\" id=\"fusion-tab-faqs\" href=\"#tab-ff5fae1aa7eb15e386d\"><h4 class=\"fusion-tab-heading\">FAQS<\/h4><\/a><\/li><li role=\"presentation\"><a class=\"tab-link\" data-toggle=\"tab\" role=\"tab\" aria-controls=\"tab-0a40826424818abf890\" aria-selected=\"false\" tabindex=\"-1\" id=\"fusion-tab-calendariodellecommissioni\" href=\"#tab-0a40826424818abf890\"><h4 class=\"fusion-tab-heading\">CALENDARIO DELLE COMMISSIONI<\/h4><\/a><\/li><li role=\"presentation\"><a class=\"tab-link\" data-toggle=\"tab\" role=\"tab\" aria-controls=\"tab-7fe50ef1ac955792309\" aria-selected=\"false\" tabindex=\"-1\" id=\"fusion-tab-informazionisuhotelelocation\" href=\"#tab-7fe50ef1ac955792309\"><h4 class=\"fusion-tab-heading\">INFORMAZIONI SU HOTEL E LOCATION<\/h4><\/a><\/li><\/ul><\/div><div class=\"tab-content\"><div class=\"nav fusion-mobile-tab-nav\"><ul class=\"nav-tabs nav-justified\" role=\"tablist\"><li class=\"active\" role=\"presentation\"><a class=\"tab-link\" data-toggle=\"tab\" role=\"tab\" aria-controls=\"tab-ff5fae1aa7eb15e386d\" aria-selected=\"true\" id=\"mobile-fusion-tab-faqs\" href=\"#tab-ff5fae1aa7eb15e386d\"><h4 class=\"fusion-tab-heading\">FAQS<\/h4><\/a><\/li><\/ul><\/div><div class=\"tab-pane fade fusion-clearfix in active\" role=\"tabpanel\" tabindex=\"0\" aria-labelledby=\"fusion-tab-faqs\" id=\"tab-ff5fae1aa7eb15e386d\">\n<p><strong>D: Con quale frequenza verr\u00e0 aggiornata la classifica?<\/strong><br \/>\nR: I risultati saranno aggiornati e pubblicati mensilmente, circa due settimane dopo la chiusura di ogni mese di commissioni.<\/p>\n<p><strong>D: Dove posso vedere i miei punti Leader in azione?<\/strong><br \/>\nR: I rapporti Leader in azione appariranno nel back office nella sezione dei rapporti.<\/p>\n<p><strong>D: Che cos&#8217;\u00e8 un mese di grazia e quanti ne ho?<\/strong><br \/>\nR: Un mese di proroga \u00e8 un mese di provvigione (vedi le FAQ sopra) quando non ottieni almeno un punto in ciascuna delle quattro categorie Leader in azione. Tutti ricevono due mesi di grazia.<\/p>\n<p><strong>D: I punti del Leader in azione guadagnati durante un mese di prova vengono conteggiati ai fini della qualificazione?<\/strong><br \/>\nA: S\u00ec! I punti Leader in azione guadagnati nei due mesi di prova assegnati saranno conteggiati per la tua qualificazione.<\/p>\n<p><strong>D: Posso partecipare a Global Top Achievers 2023 se ho pi\u00f9 di due mesi di grazia?<\/strong><br \/>\nA: N.<\/p>\n<p><strong>D: Come faccio a sapere se ho utilizzato uno o pi\u00f9 dei miei mesi di tolleranza?<\/strong><br \/>\nR: Se hai uno zero in una qualsiasi delle quattro categorie del report Global Top Achievers dopo la chiusura del mese di provvigione, utilizzerai uno dei tuoi due mesi di prova. Puoi anche controllare il report del mese in corso durante il mese attuale della commissione per assicurarti di vedere i punti in ciascuna delle quattro categorie prima della chiusura del mese della commissione.<\/p>\n<\/div><div class=\"nav fusion-mobile-tab-nav\"><ul class=\"nav-tabs nav-justified\" role=\"tablist\"><li role=\"presentation\"><a class=\"tab-link\" data-toggle=\"tab\" role=\"tab\" aria-controls=\"tab-0a40826424818abf890\" aria-selected=\"false\" tabindex=\"-1\" id=\"mobile-fusion-tab-calendariodellecommissioni\" href=\"#tab-0a40826424818abf890\"><h4 class=\"fusion-tab-heading\">CALENDARIO DELLE COMMISSIONI<\/h4><\/a><\/li><\/ul><\/div><div class=\"tab-pane fade fusion-clearfix\" role=\"tabpanel\" tabindex=\"0\" aria-labelledby=\"fusion-tab-calendariodellecommissioni\" id=\"tab-0a40826424818abf890\">\n<p><img decoding=\"async\" class=\"aligncenter wp-image-116572 size-fusion-800\" src=\"https:\/\/eu.isagenixbusiness.com\/wp-content\/uploads\/2022\/02\/2022-Commission-Month-Calendar-1-scaled-1-1536x1216-1-800x633.jpg\" alt=\"\" width=\"800\" height=\"633\" srcset=\"https:\/\/eu.isagenixbusiness.com\/wp-content\/uploads\/2022\/02\/2022-Commission-Month-Calendar-1-scaled-1-1536x1216-1-200x158.jpg 200w, https:\/\/eu.isagenixbusiness.com\/wp-content\/uploads\/2022\/02\/2022-Commission-Month-Calendar-1-scaled-1-1536x1216-1-300x238.jpg 300w, https:\/\/eu.isagenixbusiness.com\/wp-content\/uploads\/2022\/02\/2022-Commission-Month-Calendar-1-scaled-1-1536x1216-1-400x317.jpg 400w, https:\/\/eu.isagenixbusiness.com\/wp-content\/uploads\/2022\/02\/2022-Commission-Month-Calendar-1-scaled-1-1536x1216-1-600x475.jpg 600w, https:\/\/eu.isagenixbusiness.com\/wp-content\/uploads\/2022\/02\/2022-Commission-Month-Calendar-1-scaled-1-1536x1216-1-768x608.jpg 768w, https:\/\/eu.isagenixbusiness.com\/wp-content\/uploads\/2022\/02\/2022-Commission-Month-Calendar-1-scaled-1-1536x1216-1-800x633.jpg 800w, https:\/\/eu.isagenixbusiness.com\/wp-content\/uploads\/2022\/02\/2022-Commission-Month-Calendar-1-scaled-1-1536x1216-1-1024x811.jpg 1024w, https:\/\/eu.isagenixbusiness.com\/wp-content\/uploads\/2022\/02\/2022-Commission-Month-Calendar-1-scaled-1-1536x1216-1-1200x950.jpg 1200w, https:\/\/eu.isagenixbusiness.com\/wp-content\/uploads\/2022\/02\/2022-Commission-Month-Calendar-1-scaled-1-1536x1216-1.jpg 1536w\" sizes=\"(max-width: 800px) 100vw, 800px\" \/><\/p>\n<\/div><div class=\"nav fusion-mobile-tab-nav\"><ul class=\"nav-tabs nav-justified\" role=\"tablist\"><li role=\"presentation\"><a class=\"tab-link\" data-toggle=\"tab\" role=\"tab\" aria-controls=\"tab-7fe50ef1ac955792309\" aria-selected=\"false\" tabindex=\"-1\" id=\"mobile-fusion-tab-informazionisuhotelelocation\" href=\"#tab-7fe50ef1ac955792309\"><h4 class=\"fusion-tab-heading\">INFORMAZIONI SU HOTEL E LOCATION<\/h4><\/a><\/li><\/ul><\/div><div class=\"tab-pane fade fusion-clearfix\" role=\"tabpanel\" tabindex=\"0\" aria-labelledby=\"fusion-tab-informazionisuhotelelocation\" id=\"tab-7fe50ef1ac955792309\">\n<p style=\"text-align: center;\"><strong>DATA DI VIAGGIO:<\/strong> 26 &#8211; 30 aprile 2023<\/p>\n<p style=\"text-align: center;\">Fiji Marriott Resort Momi Bay<\/p>\n<\/div><\/div><\/div><\/div><\/div><\/div><\/div><div class=\"fusion-fullwidth fullwidth-box fusion-builder-row-6 fusion-flex-container nonhundred-percent-fullwidth non-hundred-percent-height-scrolling\" style=\"--awb-border-radius-top-left:0px;--awb-border-radius-top-right:0px;--awb-border-radius-bottom-right:0px;--awb-border-radius-bottom-left:0px;--awb-background-color:#ffffff;--awb-flex-wrap:wrap;\" ><div class=\"fusion-builder-row fusion-row fusion-flex-align-items-flex-start fusion-flex-content-wrap\" style=\"max-width:1497.6px;margin-left: calc(-4% \/ 2 );margin-right: calc(-4% \/ 2 );\"><div class=\"fusion-layout-column fusion_builder_column fusion-builder-column-7 fusion_builder_column_1_1 1_1 fusion-flex-column\" style=\"--awb-bg-size:cover;--awb-width-large:100%;--awb-margin-top-large:0px;--awb-spacing-right-large:1.92%;--awb-margin-bottom-large:20px;--awb-spacing-left-large:1.92%;--awb-width-medium:100%;--awb-order-medium:0;--awb-spacing-right-medium:1.92%;--awb-spacing-left-medium:1.92%;--awb-width-small:100%;--awb-order-small:0;--awb-spacing-right-small:1.92%;--awb-spacing-left-small:1.92%;\"><div class=\"fusion-column-wrapper fusion-column-has-shadow fusion-flex-justify-content-flex-start fusion-content-layout-column\"><div class=\"fusion-text fusion-text-7\" style=\"--awb-font-size:10px;--awb-text-transform:none;\"><p>Tutte le date sono basate sul calendario di commissione 4-4-5 di Isagenix. I beneficiari devono essere in regola con Isagenix al momento dell\u2019evento per partecipare e ricevere eventuali incentivi, quali biglietto aereo, pernottamento in hotel e\/o trasporto via terra. I beneficiari che non sono in regola perdono e rinunciano a tutti i diritti, incentivi e premi di questo concorso. I beneficiari non possono ricevere il valore in denaro o sistemazioni e premi alternativi in sostituzione dei premi\/incentivi vinti. Qualsiasi somma di denaro ricevuta attraverso il piano di retribuzione del team Isagenix, nonch\u00e9 le promozioni e il valore dei premi non monetari, come viaggi e regali, possono essere registrati come reddito imponibile. Rivolgersi al proprio consulente fiscale per assicurarsi che il reddito sia correttamente dichiarato. Ai beneficiari e ai loro ospiti, se presenti, pu\u00f2 essere richiesto di firmare un accordo di accettazione separata del premio, nonch\u00e9 una liberatoria e rinuncia di responsabilit\u00e0. Si applicano ulteriori termini e condizioni. Consultare IsagenixBusiness.com per tutti i dettagli. Tutte le date e i dettagli dell\u2019evento possono essere soggetti a modifiche.<\/p>\n<\/div><\/div><\/div><\/div><\/div><\/p>\n","protected":false},"excerpt":{"rendered":"","protected":false},"author":9877,"featured_media":0,"parent":0,"menu_order":0,"comment_status":"closed","ping_status":"closed","template":"100-width.php","meta":{"_acf_changed":false,"footnotes":""},"class_list":["post-116588","page","type-page","status-publish","hentry"],"acf":[],"_links":{"self":[{"href":"https:\/\/eu.isagenixbusiness.com\/it-eu\/wp-json\/wp\/v2\/pages\/116588","targetHints":{"allow":["GET"]}}],"collection":[{"href":"https:\/\/eu.isagenixbusiness.com\/it-eu\/wp-json\/wp\/v2\/pages"}],"about":[{"href":"https:\/\/eu.isagenixbusiness.com\/it-eu\/wp-json\/wp\/v2\/types\/page"}],"author":[{"embeddable":true,"href":"https:\/\/eu.isagenixbusiness.com\/it-eu\/wp-json\/wp\/v2\/users\/9877"}],"replies":[{"embeddable":true,"href":"https:\/\/eu.isagenixbusiness.com\/it-eu\/wp-json\/wp\/v2\/comments?post=116588"}],"version-history":[{"count":6,"href":"https:\/\/eu.isagenixbusiness.com\/it-eu\/wp-json\/wp\/v2\/pages\/116588\/revisions"}],"predecessor-version":[{"id":161267,"href":"https:\/\/eu.isagenixbusiness.com\/it-eu\/wp-json\/wp\/v2\/pages\/116588\/revisions\/161267"}],"wp:attachment":[{"href":"https:\/\/eu.isagenixbusiness.com\/it-eu\/wp-json\/wp\/v2\/media?parent=116588"}],"curies":[{"name":"wp","href":"https:\/\/api.w.org\/{rel}","templated":true}]}}