{"id":161354,"date":"2022-08-23T17:04:36","date_gmt":"2022-08-23T16:04:36","guid":{"rendered":"https:\/\/eu.isagenixbusiness.com\/gala-awards\/"},"modified":"2023-03-14T13:25:46","modified_gmt":"2023-03-14T13:25:46","slug":"gala-awards","status":"publish","type":"page","link":"https:\/\/eu.isagenixbusiness.com\/it-eu\/gala-awards\/","title":{"rendered":"Gala Awards"},"content":{"rendered":"<p><div class=\"fusion-fullwidth fullwidth-box fusion-builder-row-1 fusion-flex-container fusion-parallax-none nonhundred-percent-fullwidth non-hundred-percent-height-scrolling\" style=\"--awb-background-blend-mode:overlay;--awb-border-radius-top-left:0px;--awb-border-radius-top-right:0px;--awb-border-radius-bottom-right:0px;--awb-border-radius-bottom-left:0px;--awb-min-height:450px;--awb-background-color:rgba(0,0,0,0);--awb-background-image:url(&quot;https:\/\/eu.isagenixbusiness.com\/wp-content\/uploads\/2022\/08\/Business-Banner.jpg&quot;);--awb-background-size:cover;--awb-flex-wrap:wrap;\" ><div class=\"fusion-builder-row fusion-row fusion-flex-align-items-center fusion-flex-align-content-center fusion-flex-justify-content-center fusion-flex-content-wrap\" style=\"max-width:1497.6px;margin-left: calc(-4% \/ 2 );margin-right: calc(-4% \/ 2 );\"><div class=\"fusion-layout-column fusion_builder_column fusion-builder-column-0 fusion_builder_column_1_1 1_1 fusion-flex-column fusion-flex-align-self-center\" style=\"--awb-bg-size:cover;--awb-width-large:100%;--awb-margin-top-large:0px;--awb-spacing-right-large:1.92%;--awb-margin-bottom-large:20px;--awb-spacing-left-large:1.92%;--awb-width-medium:100%;--awb-order-medium:0;--awb-spacing-right-medium:1.92%;--awb-spacing-left-medium:1.92%;--awb-width-small:100%;--awb-order-small:0;--awb-spacing-right-small:1.92%;--awb-spacing-left-small:1.92%;\"><div class=\"fusion-column-wrapper fusion-column-has-shadow fusion-flex-justify-content-center fusion-content-layout-column\"><\/div><\/div><\/div><\/div><div class=\"fusion-fullwidth fullwidth-box fusion-builder-row-2 nonhundred-percent-fullwidth non-hundred-percent-height-scrolling\" style=\"--awb-background-position:right center;--awb-border-radius-top-left:0px;--awb-border-radius-top-right:0px;--awb-border-radius-bottom-right:0px;--awb-border-radius-bottom-left:0px;--awb-padding-top:40px;--awb-padding-bottom:0px;--awb-background-color:#ffffff;--awb-flex-wrap:wrap;\" ><div class=\"fusion-builder-row fusion-row\"><div class=\"fusion-layout-column fusion_builder_column fusion-builder-column-1 fusion_builder_column_1_1 1_1 fusion-one-full fusion-column-first fusion-column-last\" style=\"--awb-bg-blend:overlay;--awb-bg-size:cover;--awb-margin-bottom:40px;\"><div class=\"fusion-column-wrapper fusion-flex-column-wrapper-legacy\"><div class=\"fusion-title title fusion-title-1 fusion-title-center fusion-title-text fusion-title-size-three\" style=\"--awb-margin-bottom:10px;--awb-margin-top-small:0px;--awb-margin-right-small:0px;--awb-margin-bottom-small:20px;--awb-margin-left-small:0px;--awb-font-size:37px;\"><div class=\"title-sep-container title-sep-container-left\"><div class=\"title-sep sep- sep-solid\" style=\"border-color:#eeefee;\"><\/div><\/div><span class=\"awb-title-spacer\"><\/span><h3 class=\"fusion-title-heading title-heading-center fusion-responsive-typography-calculated\" style=\"margin:0;font-size:1em;--fontSize:37;line-height:1.4;\">COME ESSERE PREMIATI AI GALA AWARDS 2023<\/h3><span class=\"awb-title-spacer\"><\/span><div class=\"title-sep-container title-sep-container-right\"><div class=\"title-sep sep- sep-solid\" style=\"border-color:#eeefee;\"><\/div><\/div><\/div><div class=\"fusion-text fusion-text-1\" style=\"--awb-text-transform:none;\"><div style=\"text-align: center;\">\n<p>Festeggia con noi ai Gala Awards, dove annunceremo chi si \u00e8 guadagnato i nostri ambiti riconoscimenti per il loro impegno e successo nell\u2019ultimo anno.<\/p>\n<p>IL PERIODO DI QUALIFICA VA DAL 24 OTTOBRE 2022 AL 23 LUGLIO 2023.<\/p>\n<\/div>\n<\/div><div class=\"fusion-sep-clear\"><\/div><div class=\"fusion-separator fusion-full-width-sep\" style=\"margin-left: auto;margin-right: auto;margin-bottom:30px;width:100%;\"><div class=\"fusion-separator-border sep-single\" style=\"--awb-height:20px;--awb-amount:20px;--awb-sep-color:var(--awb-color2);border-color:var(--awb-color2);border-top-width:3px;\"><\/div><\/div><div class=\"fusion-sep-clear\"><\/div><div class=\"fusion-text fusion-text-2\" style=\"--awb-text-transform:none;\"><h3><span style=\"color: var(--awb-color3);\"><b>Nuovi Crystal Executives<\/b><\/span><\/h3>\n<p>I Crystal Executives sono costruttori di business che hanno raggiunto un enorme risultato nei loro primi 180 giorni dopo essere diventati Incaricati alla Vendita. Per guadagnare questa posizione devono aver sponsorizzato almeno cinque persone in ciascuna gamba e aiutato cinque persone in ciascuna gamba a diventare Consultants entro 180 giorni!<\/p>\n<\/div><div class=\"fusion-text fusion-text-3\" style=\"--awb-text-transform:none;\"><h3><span style=\"color: var(--awb-color3);\"><b>Top 20 Income Eaners in Europa<\/b><\/span><\/h3>\n<p>Questo riconoscimento \u00e8 un modo per ringraziare e premiare i nostri Top 20 Income Earners che stanno promuovendo la nostra crescita e sostenendo Isagenix in Europa<\/p>\n<\/div><div class=\"fusion-text fusion-text-4\" style=\"--awb-text-transform:none;\"><h3><span style=\"color: var(--awb-color3);\"><b>Rising Star<\/b><\/span><\/h3>\n<p>Rising Star premia gli Executives o Crystal Executives che sono avanzati di rank un minimo di due volte fra 2 e 6-Star Golden Circle durante il periodo della premiazione. (Per essere idoneo bisogna essere un Executive o un Crystal Executive.)<\/p>\n<\/div><div class=\"fusion-text fusion-text-5\" style=\"--awb-text-transform:none;\"><h3><span style=\"color: var(--awb-color3);\"><b>Top 15 Leaders in Action<\/b><\/span><\/h3>\n<p>Il suggerimento \u00e8 nel nome: questo premio riconosce i 15 imprenditori che guadagnano pi\u00f9 punti del programma Leader in Action. I creatori di business guadagnano punti grazie ai membri del team sponsorizzati personalmente, 2 PET, agli avanzamenti di rank e alle settimane attive, che richiedono dedizione e impegno.<\/p>\n<\/div><div class=\"fusion-text fusion-text-6\" style=\"--awb-text-transform:none;\"><h3><span style=\"color: var(--awb-color3);\"><b>START 1000<\/b><\/span><\/h3>\n<p>Questo celebra i primi 1000 membri START che hanno ottenuto il terzo livello Star Golden Circle che, se mantenuto, d\u00e0 l\u2019opportunit\u00e0 di guadagnare un\u2019entrata annua a sei cifre con Isagenix.* Gli START 1000 sono alimentati da una passione per i nostri prodotti, dall\u2019impegno ad aiutare gli altri a raggiungere i loro obiettivi e dalla prospettiva di guidare il nostro movimento globale \u2018START Your Life\u2019.<\/p>\n<\/div><div class=\"fusion-text fusion-text-7\" style=\"--awb-text-transform:none;\"><h3><span style=\"color: var(--awb-color3);\"><b>I 3 leader con il maggior numero di Consultants<\/b><\/span><\/h3>\n<p>Questo premio riconosce i primi tre Incaricati del mercato europeo che hanno sviluppato il maggior numero di Consultants durante il periodo di qualifica.<\/p>\n<\/div><div class=\"fusion-text fusion-text-8\" style=\"--awb-text-transform:none;\"><h3><span style=\"color: var(--awb-color3);\"><b>I 5 migliori leader emergenti 2023<\/b><\/span><\/h3>\n<p>Con questo premio, riconosciamo i primi cinque income earners europei che si sono iscritti tra febbraio e luglio 2023 e che hanno rafforzato la loro crescita di reddito durante questo periodo.<\/p>\n<\/div><div class=\"fusion-clearfix\"><\/div><\/div><\/div><\/div><\/div><div class=\"fusion-fullwidth fullwidth-box fusion-builder-row-3 fusion-flex-container nonhundred-percent-fullwidth non-hundred-percent-height-scrolling\" style=\"--awb-border-radius-top-left:0px;--awb-border-radius-top-right:0px;--awb-border-radius-bottom-right:0px;--awb-border-radius-bottom-left:0px;--awb-flex-wrap:wrap;\" ><div class=\"fusion-builder-row fusion-row fusion-flex-align-items-flex-start fusion-flex-content-wrap\" style=\"max-width:1497.6px;margin-left: calc(-4% \/ 2 );margin-right: calc(-4% \/ 2 );\"><div class=\"fusion-layout-column fusion_builder_column fusion-builder-column-2 fusion_builder_column_1_1 1_1 fusion-flex-column\" style=\"--awb-bg-size:cover;--awb-width-large:100%;--awb-margin-top-large:0px;--awb-spacing-right-large:1.92%;--awb-margin-bottom-large:20px;--awb-spacing-left-large:1.92%;--awb-width-medium:100%;--awb-order-medium:0;--awb-spacing-right-medium:1.92%;--awb-spacing-left-medium:1.92%;--awb-width-small:100%;--awb-order-small:0;--awb-spacing-right-small:1.92%;--awb-spacing-left-small:1.92%;\"><div class=\"fusion-column-wrapper fusion-column-has-shadow fusion-flex-justify-content-flex-start fusion-content-layout-column\"><div class=\"fusion-text fusion-text-9\" style=\"--awb-text-transform:none;\"><p><span style=\"font-size: 11px;\" data-fusion-font=\"true\"><b>Termini e condizioni<\/b><\/span><\/p>\n<p><span style=\"font-size: 11px; background-color: rgba(255, 255, 255, 0); color: var(--body_typography-color); font-family: var(--body_typography-font-family); font-style: var(--body_typography-font-style,normal); font-weight: var(--body_typography-font-weight); letter-spacing: var(--body_typography-letter-spacing);\">Questo vale per tutti gli Incaricati Isagenix in Europa. Tutti i membri devono essere in regola con la Compliance.<\/span><\/p>\n<p><span style=\"font-size: 11px;\" data-fusion-font=\"true\">Anche se il periodo di assegnazione \u00e8 novembre 2022 &#8211; luglio 2023, tutte le date si basano sul calendario delle provvigioni di Isagenix 4-4-5. Le date ufficiali di qualifica sono 24 ottobre 2022 &#8211; 23 luglio 2023.<\/span><\/p>\n<p><span style=\"font-size: 11px;\" data-fusion-font=\"true\">*La capacit\u00e0 di guadagnare nell&#8217;ambito del piano dei compensi Isagenix dipende da molti fattori, tra cui le capacit\u00e0 commerciali, sociali e di vendita del singolo Incaricato, la sua ambizione e attivit\u00e0 personale, la disponibilit\u00e0 di tempo e di risorse finanziarie e l&#8217;accesso a una vasta rete di familiari, amici e contatti commerciali. Isagenix non pu\u00f2 e non garantisce alcun livello particolare di guadagno. Anche gli Incaricati che dedicano una quantit\u00e0 significativa di tempo, sforzi e fondi personali possono non raggiungere un livello significativo di successo. Per quanto riguarda i guadagni medi, si prega di consultare la dichiarazione di Isagenix Earnings Disclosure all&#8217;indirizzo IsagenixEarnings.com.m.<\/span><\/p>\n<\/div><\/div><\/div><\/div><\/div><\/p>\n","protected":false},"excerpt":{"rendered":"","protected":false},"author":9877,"featured_media":0,"parent":0,"menu_order":0,"comment_status":"closed","ping_status":"closed","template":"100-width.php","meta":{"_acf_changed":false,"footnotes":""},"class_list":["post-161354","page","type-page","status-publish","hentry"],"acf":[],"_links":{"self":[{"href":"https:\/\/eu.isagenixbusiness.com\/it-eu\/wp-json\/wp\/v2\/pages\/161354","targetHints":{"allow":["GET"]}}],"collection":[{"href":"https:\/\/eu.isagenixbusiness.com\/it-eu\/wp-json\/wp\/v2\/pages"}],"about":[{"href":"https:\/\/eu.isagenixbusiness.com\/it-eu\/wp-json\/wp\/v2\/types\/page"}],"author":[{"embeddable":true,"href":"https:\/\/eu.isagenixbusiness.com\/it-eu\/wp-json\/wp\/v2\/users\/9877"}],"replies":[{"embeddable":true,"href":"https:\/\/eu.isagenixbusiness.com\/it-eu\/wp-json\/wp\/v2\/comments?post=161354"}],"version-history":[{"count":6,"href":"https:\/\/eu.isagenixbusiness.com\/it-eu\/wp-json\/wp\/v2\/pages\/161354\/revisions"}],"predecessor-version":[{"id":192019,"href":"https:\/\/eu.isagenixbusiness.com\/it-eu\/wp-json\/wp\/v2\/pages\/161354\/revisions\/192019"}],"wp:attachment":[{"href":"https:\/\/eu.isagenixbusiness.com\/it-eu\/wp-json\/wp\/v2\/media?parent=161354"}],"curies":[{"name":"wp","href":"https:\/\/api.w.org\/{rel}","templated":true}]}}