{"id":192568,"date":"2022-09-28T15:25:36","date_gmt":"2022-09-28T14:25:36","guid":{"rendered":"https:\/\/eu.isagenixbusiness.com\/ystsr-script\/"},"modified":"2023-04-13T10:53:28","modified_gmt":"2023-04-13T09:53:28","slug":"ystsr-script","status":"publish","type":"page","link":"https:\/\/eu.isagenixbusiness.com\/it-eu\/ystsr-script\/","title":{"rendered":"Script &#8211; Your Share, They Share, Repeat"},"content":{"rendered":"<p><div class=\"fusion-fullwidth fullwidth-box fusion-builder-row-1 fusion-flex-container fusion-parallax-none nonhundred-percent-fullwidth non-hundred-percent-height-scrolling\" style=\"--awb-background-blend-mode:overlay;--awb-border-radius-top-left:0px;--awb-border-radius-top-right:0px;--awb-border-radius-bottom-right:0px;--awb-border-radius-bottom-left:0px;--awb-min-height:450px;--awb-background-color:rgba(0,0,0,0.5);--awb-background-image:url(&quot;https:\/\/eu.isagenixbusiness.com\/wp-content\/uploads\/2022\/02\/4836_NYKO-Basic-Training-Banner-e1641399730362.jpg&quot;);--awb-background-size:cover;--awb-flex-wrap:wrap;\" ><div class=\"fusion-builder-row fusion-row fusion-flex-align-items-center fusion-flex-align-content-center fusion-flex-justify-content-center fusion-flex-content-wrap\" style=\"max-width:1497.6px;margin-left: calc(-4% \/ 2 );margin-right: calc(-4% \/ 2 );\"><div class=\"fusion-layout-column fusion_builder_column fusion-builder-column-0 fusion_builder_column_1_1 1_1 fusion-flex-column fusion-flex-align-self-center\" style=\"--awb-bg-size:cover;--awb-width-large:100%;--awb-margin-top-large:0px;--awb-spacing-right-large:1.92%;--awb-margin-bottom-large:20px;--awb-spacing-left-large:1.92%;--awb-width-medium:100%;--awb-order-medium:0;--awb-spacing-right-medium:1.92%;--awb-spacing-left-medium:1.92%;--awb-width-small:100%;--awb-order-small:0;--awb-spacing-right-small:1.92%;--awb-spacing-left-small:1.92%;\"><div class=\"fusion-column-wrapper fusion-column-has-shadow fusion-flex-justify-content-center fusion-content-layout-column\"><div class=\"fusion-text fusion-text-1\" style=\"--awb-text-transform:none;--awb-text-color:#ffffff;\"><h1 class=\"\" style=\"text-align: center; color: #ffffff; --fontsize: 36; line-height: 1;\" data-fontsize=\"36\" data-lineheight=\"36px\">Tu condividi, loro condividono, ripeti\u2122<\/h1>\n<\/div><div class=\"fusion-text fusion-text-2\" style=\"--awb-text-transform:none;--awb-text-color:var(--awb-color1);\"><h2 style=\"text-align: center; color: var(--awb-color1);\">Scrittura<\/h2>\n<\/div><\/div><\/div><\/div><\/div><div class=\"fusion-fullwidth fullwidth-box fusion-builder-row-2 fusion-flex-container nonhundred-percent-fullwidth non-hundred-percent-height-scrolling\" style=\"--awb-border-radius-top-left:0px;--awb-border-radius-top-right:0px;--awb-border-radius-bottom-right:0px;--awb-border-radius-bottom-left:0px;--awb-padding-top:22px;--awb-flex-wrap:wrap;\" ><div class=\"fusion-builder-row fusion-row fusion-flex-align-items-flex-start fusion-flex-content-wrap\" style=\"max-width:1497.6px;margin-left: calc(-4% \/ 2 );margin-right: calc(-4% \/ 2 );\"><div class=\"fusion-layout-column fusion_builder_column fusion-builder-column-1 fusion_builder_column_1_1 1_1 fusion-flex-column\" style=\"--awb-bg-size:cover;--awb-width-large:100%;--awb-margin-top-large:0px;--awb-spacing-right-large:1.92%;--awb-margin-bottom-large:20px;--awb-spacing-left-large:1.92%;--awb-width-medium:100%;--awb-order-medium:0;--awb-spacing-right-medium:1.92%;--awb-spacing-left-medium:1.92%;--awb-width-small:100%;--awb-order-small:0;--awb-spacing-right-small:1.92%;--awb-spacing-left-small:1.92%;\"><div class=\"fusion-column-wrapper fusion-column-has-shadow fusion-flex-justify-content-flex-start fusion-content-layout-column\"><div class=\"fusion-text fusion-text-3\" style=\"--awb-text-transform:none;\"><h2 class=\"fusion-responsive-typography-calculated\" style=\"text-align: center; --fontsize: 32; line-height: 1;\" data-fontsize=\"32\" data-lineheight=\"32px\">Sei entusiasta di condividere l&#8217;Arte del Benessere?<\/h2>\n<p style=\"text-align: center;\">Questo utile script \u00e8 stato pensato per aiutarti a massimizzare la tua attivit\u00e0 esistente e a condividere l&#8217;opportunit\u00e0 con i membri del tuo team.<\/p>\n<\/div><\/div><\/div><\/div><\/div><div class=\"fusion-fullwidth fullwidth-box fusion-builder-row-3 fusion-flex-container nonhundred-percent-fullwidth non-hundred-percent-height-scrolling\" style=\"--awb-border-radius-top-left:0px;--awb-border-radius-top-right:0px;--awb-border-radius-bottom-right:0px;--awb-border-radius-bottom-left:0px;--awb-flex-wrap:wrap;\" ><div class=\"fusion-builder-row fusion-row fusion-flex-align-items-flex-start fusion-flex-content-wrap\" style=\"max-width:1497.6px;margin-left: calc(-4% \/ 2 );margin-right: calc(-4% \/ 2 );\"><div class=\"fusion-layout-column fusion_builder_column fusion-builder-column-2 fusion_builder_column_1_1 1_1 fusion-flex-column\" style=\"--awb-bg-size:cover;--awb-width-large:100%;--awb-margin-top-large:0px;--awb-spacing-right-large:1.92%;--awb-margin-bottom-large:20px;--awb-spacing-left-large:1.92%;--awb-width-medium:100%;--awb-order-medium:0;--awb-spacing-right-medium:1.92%;--awb-spacing-left-medium:1.92%;--awb-width-small:100%;--awb-order-small:0;--awb-spacing-right-small:1.92%;--awb-spacing-left-small:1.92%;\"><div class=\"fusion-column-wrapper fusion-column-has-shadow fusion-flex-justify-content-flex-start fusion-content-layout-column\"><div class=\"fusion-text fusion-text-4\"><p>Ci\u00f2 che mi entusiasma di pi\u00f9 \u00e8 che Isagenix ha un modo semplice per aiutarti a pagare i tuoi prodotti. Si chiama <strong>&#8220;Tu condividi, loro condividono, ripeti&#8221;.<\/strong><\/p>\n<p>Allora, chi conosci&#8230; che vorrebbe ottenere risultati straordinari come i tuoi?<\/p>\n<p>Esistono pacchetti adatti a tutti gli obiettivi e a tutti i budget.<\/p>\n<p>Supponiamo che &lt;&#8230;&#8230;&#8230;.name&#8230;&#8230;&#8230;.&gt; si iscriva con un ordine di prodotti di \u20ac200+tasse, Isagenix ti pagher\u00e0 il <strong><a href=\"https:\/\/eu.isagenixbusiness.com\/it-eu\/20-pib\/\">Product Introduction Bonus<\/a><\/strong> di \u20ac40\/\u20ac40, noto come PIB.<\/p>\n<p>Se poi &lt;&#8230;&#8230;&#8230;.name&#8230;&#8230;&#8230;.&gt; si iscrive con un ordine di prodotti di 300\u20ac+tasse, Isagenix ti pagher\u00e0 un altro PIB di 60\u20ac.<\/p>\n<p>ECCO DOVE IL GIOCO SI FA DAVVERO ENTUSIASMANTE!<\/p>\n<p>Se lo fai, passerai al primo livello di leadership e Isagenix ti pagher\u00e0 un bonus una tantum di 44\u20ac.<\/p>\n<p><strong>A questo punto hai guadagnato un totale di 144\u20ac!<\/strong><\/p>\n<p>QUESTA \u00c8 LA COSIDDETTA &#8220;TU CONDIVIDI&#8221;.<\/p>\n<p>Insieme aiuteremo i tuoi due amici a fare esattamente quello che hai fatto tu e a condividere i prodotti Isagenix con due persone.<\/p>\n<p>Inoltre riceverai un bonus di \u20ac88 per aver aiutato &lt;&#8230;&#8230;&#8230;.name&#8230;&#8230;&#8230;.&gt; e un altro bonus di \u20ac88 per aver aiutato &lt;&#8230;&#8230;&#8230;.name&#8230;&#8230;&#8230;.&gt;.<\/p>\n<p>QUESTO SI CHIAMA &#8220;LORO CONDIVIDONO&#8221;.<\/p>\n<p><strong>Fino a questo punto, hai guadagnato un totale di 320\u20ac!<\/strong><\/p>\n<p>Se lo fai entro i primi 60 giorni da quando sei diventato Incaricato, passi al secondo livello di leadership e ricevi un ulteriore bonus di 221\u20ac.<\/p>\n<p>Il totale \u00e8 di 541\u20ac. Puoi farlo una volta sola e pagare i tuoi prodotti. Oppure puoi &#8220;Ripetere&#8221; tutte le volte che vuoi.<\/p>\n<p><strong>Ripetere questi passaggi pu\u00f2 aiutarti a pagare i tuoi prodotti ogni mese o addirittura a creare un reddito secondario. &#8216;Tu condividi, loro condividono, ripeti&#8217; \u00e8 solo l&#8217;inizio, il potenziale di guadagno con Isagenix \u00e8 incredibile!<\/strong><\/p>\n<\/div><\/div><\/div><\/div><\/div><div class=\"fusion-fullwidth fullwidth-box fusion-builder-row-4 fusion-flex-container nonhundred-percent-fullwidth non-hundred-percent-height-scrolling\" style=\"--awb-border-radius-top-left:0px;--awb-border-radius-top-right:0px;--awb-border-radius-bottom-right:0px;--awb-border-radius-bottom-left:0px;--awb-flex-wrap:wrap;\" ><div class=\"fusion-builder-row fusion-row fusion-flex-align-items-flex-start fusion-flex-content-wrap\" style=\"max-width:1497.6px;margin-left: calc(-4% \/ 2 );margin-right: calc(-4% \/ 2 );\"><div class=\"fusion-layout-column fusion_builder_column fusion-builder-column-3 fusion_builder_column_1_1 1_1 fusion-flex-column\" style=\"--awb-bg-size:cover;--awb-width-large:100%;--awb-margin-top-large:0px;--awb-spacing-right-large:1.92%;--awb-margin-bottom-large:20px;--awb-spacing-left-large:1.92%;--awb-width-medium:100%;--awb-order-medium:0;--awb-spacing-right-medium:1.92%;--awb-spacing-left-medium:1.92%;--awb-width-small:100%;--awb-order-small:0;--awb-spacing-right-small:1.92%;--awb-spacing-left-small:1.92%;\"><div class=\"fusion-column-wrapper fusion-column-has-shadow fusion-flex-justify-content-flex-start fusion-content-layout-column\"><div class=\"fusion-text fusion-text-5\" style=\"--awb-font-size:10px;\"><p><em><b>Termini e condizioni<\/b><\/em><\/p>\n<p><em>Gli Incaricati hanno diritto a guadagnare un bonus una tantum del 20% per la presentazione del prodotto (PIB) ogni volta che un nuovo Membro iscritto personalmente acquista direttamente da Isagenix al momento dell\u2019iscrizione nei mercati partecipanti. Il 20% di PIB esclude qualsiasi sconto, coupon, credito, tassa e spedizione applicabile all\u2019ordine iniziale.<\/em><\/p>\n<p><em>I membri includono gli Incaricati e i Clienti. Le regole della promozione sono soggette a modifiche da parte di Isagenix in qualsiasi momento e senza preavviso. Isagenix si riserva il diritto di modificare o negare riconoscimenti o altri premi per prevenire o correggere eventuali tentativi di aggirare le regole o manipolare la promozione e per garantire il raggiungimento dello spirito della promozione. Solo gli account validi verranno conteggiati per guadagnare un PIB. La stessa carta di credito pu\u00f2 essere utilizzata su un massimo di due conti per guadagnare PIB. Il PIB promozionale del 20% viene erogato solo ai nuovi clienti che si iscrivono in Europa, Stati Uniti, Canada, Porto Rico, Australia, Nuova Zelanda, Giappone e Messico.<\/em><\/p>\n<\/div><div class=\"fusion-text fusion-text-6\" style=\"--awb-font-size:10px;\"><p><strong><em>ESCLUSIONE DEI GUADAGNI<\/em><\/strong><\/p>\n<p><em>La capacit\u00e0 di guadagnare con il piano di compensi Isagenix dipende da molti fattori, tra cui le capacit\u00e0 commerciali, sociali e di vendita di un Associato, l&#8217;ambizione e l&#8217;attivit\u00e0 personale, la disponibilit\u00e0 di tempo e di risorse finanziarie e l&#8217;accesso a una vasta rete di familiari, amici e contatti commerciali. Isagenix non pu\u00f2 e non garantisce alcun livello particolare di guadagno. Anche gli Associates che dedicano una quantit\u00e0 significativa di tempo, sforzi e fondi personali potrebbero non raggiungere un livello significativo di successo. Per conoscere i guadagni medi, consulta la Dichiarazione di Isagenix sui Guadagni all&#8217;indirizzo IsagenixEarnings.com.<\/em><\/p>\n<\/div><\/div><\/div><\/div><\/div><\/p>\n","protected":false},"excerpt":{"rendered":"","protected":false},"author":9877,"featured_media":0,"parent":0,"menu_order":0,"comment_status":"closed","ping_status":"closed","template":"100-width.php","meta":{"_acf_changed":false,"footnotes":""},"class_list":["post-192568","page","type-page","status-publish","hentry"],"acf":[],"_links":{"self":[{"href":"https:\/\/eu.isagenixbusiness.com\/it-eu\/wp-json\/wp\/v2\/pages\/192568","targetHints":{"allow":["GET"]}}],"collection":[{"href":"https:\/\/eu.isagenixbusiness.com\/it-eu\/wp-json\/wp\/v2\/pages"}],"about":[{"href":"https:\/\/eu.isagenixbusiness.com\/it-eu\/wp-json\/wp\/v2\/types\/page"}],"author":[{"embeddable":true,"href":"https:\/\/eu.isagenixbusiness.com\/it-eu\/wp-json\/wp\/v2\/users\/9877"}],"replies":[{"embeddable":true,"href":"https:\/\/eu.isagenixbusiness.com\/it-eu\/wp-json\/wp\/v2\/comments?post=192568"}],"version-history":[{"count":2,"href":"https:\/\/eu.isagenixbusiness.com\/it-eu\/wp-json\/wp\/v2\/pages\/192568\/revisions"}],"predecessor-version":[{"id":192577,"href":"https:\/\/eu.isagenixbusiness.com\/it-eu\/wp-json\/wp\/v2\/pages\/192568\/revisions\/192577"}],"wp:attachment":[{"href":"https:\/\/eu.isagenixbusiness.com\/it-eu\/wp-json\/wp\/v2\/media?parent=192568"}],"curies":[{"name":"wp","href":"https:\/\/api.w.org\/{rel}","templated":true}]}}