{"id":205883,"date":"2024-06-28T17:18:43","date_gmt":"2024-06-28T16:18:43","guid":{"rendered":"https:\/\/eu.isagenixbusiness.com\/?page_id=205883"},"modified":"2024-06-28T17:24:25","modified_gmt":"2024-06-28T16:24:25","slug":"free-bea-biotics-promo","status":"publish","type":"page","link":"https:\/\/eu.isagenixbusiness.com\/it-eu\/free-bea-biotics-promo\/","title":{"rendered":"Free BEA Biotics"},"content":{"rendered":"<p><div class=\"fusion-fullwidth fullwidth-box fusion-builder-row-1 fusion-flex-container has-pattern-background has-mask-background fusion-parallax-none nonhundred-percent-fullwidth non-hundred-percent-height-scrolling\" style=\"--awb-background-blend-mode:overlay;--awb-border-radius-top-left:0px;--awb-border-radius-top-right:0px;--awb-border-radius-bottom-right:0px;--awb-border-radius-bottom-left:0px;--awb-min-height:150px;--awb-background-color:rgba(0,0,0,0.5);--awb-background-image:url(&quot;https:\/\/eu.isagenixbusiness.com\/wp-content\/uploads\/2024\/06\/Intro-Background-copy-1-300x150.jpg&quot;);--awb-background-size:cover;--awb-flex-wrap:wrap;\" ><div class=\"fusion-builder-row fusion-row fusion-flex-align-items-center fusion-flex-align-content-center fusion-flex-justify-content-center fusion-flex-content-wrap\" style=\"max-width:1497.6px;margin-left: calc(-4% \/ 2 );margin-right: calc(-4% \/ 2 );\"><div class=\"fusion-layout-column fusion_builder_column fusion-builder-column-0 fusion_builder_column_1_1 1_1 fusion-flex-column fusion-flex-align-self-center fusion-column-inner-bg-wrapper\" style=\"--awb-inner-bg-size:cover;--awb-width-large:100%;--awb-margin-top-large:0px;--awb-spacing-right-large:1.92%;--awb-margin-bottom-large:0px;--awb-spacing-left-large:1.92%;--awb-width-medium:100%;--awb-order-medium:0;--awb-spacing-right-medium:1.92%;--awb-spacing-left-medium:1.92%;--awb-width-small:100%;--awb-order-small:0;--awb-spacing-right-small:1.92%;--awb-spacing-left-small:1.92%;\" data-scroll-devices=\"small-visibility,medium-visibility,large-visibility\"><span class=\"fusion-column-inner-bg hover-type-none\"><a class=\"fusion-column-anchor\" href=\"https:\/\/eu.isagenixbusiness.com\/it-eu\/july-promotions\/\"><span class=\"fusion-column-inner-bg-image\"><\/span><\/a><\/span><div class=\"fusion-column-wrapper fusion-column-has-shadow fusion-flex-justify-content-space-evenly fusion-content-layout-column\"><div class=\"fusion-text fusion-text-1\" style=\"--awb-font-size:40px;--awb-letter-spacing:2px;--awb-text-transform:uppercase;--awb-text-color:var(--awb-color1);--awb-margin-top:25px;--awb-text-font-family:&quot;Nunito Sans&quot;;--awb-text-font-style:normal;--awb-text-font-weight:200;\"><p style=\"text-align: center;\">Promozioni di luglio<\/p>\n<\/div><div class=\"fusion-text fusion-text-2 fusion-text-no-margin\" style=\"--awb-content-alignment:center;--awb-text-transform:uppercase;\"><div style=\"text-align: center;\">\n<p style=\"color: var(--awb-color1);\">1 &#8211; 28 luglio<\/p>\n<\/div>\n<\/div><\/div><\/div><\/div><\/div><div class=\"fusion-fullwidth fullwidth-box fusion-builder-row-2 fusion-flex-container has-pattern-background has-mask-background nonhundred-percent-fullwidth non-hundred-percent-height-scrolling\" style=\"--awb-border-radius-top-left:0px;--awb-border-radius-top-right:0px;--awb-border-radius-bottom-right:0px;--awb-border-radius-bottom-left:0px;--awb-min-height:50px;--awb-background-color:#4099a8;--awb-flex-wrap:wrap;\" ><div class=\"fusion-builder-row fusion-row fusion-flex-align-items-center fusion-flex-align-content-center fusion-flex-justify-content-center fusion-flex-content-wrap\" style=\"max-width:1497.6px;margin-left: calc(-4% \/ 2 );margin-right: calc(-4% \/ 2 );\"><div class=\"fusion-layout-column fusion_builder_column fusion-builder-column-1 fusion_builder_column_1_1 1_1 fusion-flex-column fusion-flex-align-self-stretch\" style=\"--awb-bg-size:cover;--awb-width-large:100%;--awb-margin-top-large:0px;--awb-spacing-right-large:1.92%;--awb-margin-bottom-large:20px;--awb-spacing-left-large:1.92%;--awb-width-medium:100%;--awb-order-medium:0;--awb-spacing-right-medium:1.92%;--awb-spacing-left-medium:1.92%;--awb-width-small:100%;--awb-order-small:0;--awb-spacing-right-small:1.92%;--awb-spacing-left-small:1.92%;\" data-scroll-devices=\"small-visibility,medium-visibility,large-visibility\"><div class=\"fusion-column-wrapper fusion-column-has-shadow fusion-flex-justify-content-space-evenly fusion-content-layout-column\"><div class=\"fusion-text fusion-text-3 fusion-text-no-margin\" style=\"--awb-content-alignment:center;--awb-font-size:15px;--awb-letter-spacing:1.2px;--awb-text-transform:uppercase;--awb-text-color:var(--awb-color3);--awb-margin-top:12px;--awb-margin-bottom:-28px;--awb-text-font-family:&quot;Nunito Sans&quot;;--awb-text-font-style:normal;--awb-text-font-weight:200;\"><div style=\"text-align: center;\">\n<p style=\"color: var(--awb-color1);\">Isagenix Europe festeggia un fantastico traguardo!<br \/>\nQuattro anni fa, il 13 luglio, ci siamo espansi in 11 nuovi paesi, trasformandoci nella dinamica Community che siamo oggi.<\/p>\n<\/div>\n<\/div><\/div><\/div><\/div><\/div><div class=\"fusion-fullwidth fullwidth-box fusion-builder-row-3 fusion-flex-container nonhundred-percent-fullwidth non-hundred-percent-height-scrolling fusion-custom-z-index\" style=\"--awb-border-radius-top-left:0px;--awb-border-radius-top-right:0px;--awb-border-radius-bottom-right:0px;--awb-border-radius-bottom-left:0px;--awb-z-index:152;--awb-padding-top-small:10px;--awb-padding-bottom-small:10px;--awb-background-color:#f2f2f2;--awb-flex-wrap:wrap;\" ><div class=\"fusion-builder-row fusion-row fusion-flex-align-items-flex-start fusion-flex-content-wrap\" style=\"max-width:1497.6px;margin-left: calc(-4% \/ 2 );margin-right: calc(-4% \/ 2 );\"><div class=\"fusion-layout-column fusion_builder_column fusion-builder-column-2 fusion_builder_column_1_1 1_1 fusion-flex-column\" style=\"--awb-bg-size:cover;--awb-width-large:100%;--awb-margin-top-large:0px;--awb-spacing-right-large:1.92%;--awb-margin-bottom-large:0px;--awb-spacing-left-large:1.92%;--awb-width-medium:100%;--awb-order-medium:0;--awb-spacing-right-medium:1.92%;--awb-spacing-left-medium:1.92%;--awb-width-small:100%;--awb-order-small:0;--awb-spacing-right-small:1.92%;--awb-spacing-left-small:1.92%;\"><div class=\"fusion-column-wrapper fusion-column-has-shadow fusion-flex-justify-content-flex-start fusion-content-layout-column\"><nav class=\"awb-menu awb-menu_row awb-menu_em-hover mobile-mode-collapse-to-button awb-menu_icons-left awb-menu_dc-yes mobile-trigger-fullwidth-off awb-menu_mobile-toggle awb-menu_indent-left mobile-size-full-absolute loading mega-menu-loading awb-menu_desktop awb-menu_dropdown awb-menu_expand-right awb-menu_transition-fade\" style=\"--awb-text-transform:uppercase;--awb-gap:10px;--awb-justify-content:space-evenly;--awb-items-padding-top:5px;--awb-items-padding-right:5px;--awb-items-padding-bottom:5px;--awb-items-padding-left:5px;--awb-color:#54585a;--awb-active-color:#54585a;--awb-active-border-bottom:3px;--awb-active-border-color:#00778b;--awb-submenu-text-transform:none;--awb-main-justify-content:flex-start;--awb-mobile-justify:flex-start;--awb-mobile-caret-left:auto;--awb-mobile-caret-right:0;--awb-fusion-font-family-typography:&quot;Nunito Sans&quot;;--awb-fusion-font-style-typography:normal;--awb-fusion-font-weight-typography:400;--awb-fusion-font-family-submenu-typography:inherit;--awb-fusion-font-style-submenu-typography:normal;--awb-fusion-font-weight-submenu-typography:400;--awb-fusion-font-family-mobile-typography:inherit;--awb-fusion-font-style-mobile-typography:normal;--awb-fusion-font-weight-mobile-typography:400;\" aria-label=\"July&#039;s Promos\" data-breakpoint=\"0\" data-count=\"0\" data-transition-type=\"fade\" data-transition-time=\"300\" data-expand=\"right\"><ul id=\"menu-julys-promos\" class=\"fusion-menu awb-menu__main-ul awb-menu__main-ul_row\"><li  id=\"menu-item-205931\"  class=\"menu-item menu-item-type-post_type menu-item-object-page menu-item-205931 awb-menu__li awb-menu__main-li awb-menu__main-li_regular\"  data-item-id=\"205931\"><span class=\"awb-menu__main-background-default awb-menu__main-background-default_fade\"><\/span><span class=\"awb-menu__main-background-active awb-menu__main-background-active_fade\"><\/span><a  href=\"https:\/\/eu.isagenixbusiness.com\/free-bea-biotics-promo\/\" class=\"awb-menu__main-a awb-menu__main-a_regular\"><span class=\"menu-text\">Free BEA Biotics<\/span><\/a><\/li><li  id=\"menu-item-205930\"  class=\"menu-item menu-item-type-post_type menu-item-object-page menu-item-205930 awb-menu__li awb-menu__main-li awb-menu__main-li_regular\"  data-item-id=\"205930\"><span class=\"awb-menu__main-background-default awb-menu__main-background-default_fade\"><\/span><span class=\"awb-menu__main-background-active awb-menu__main-background-active_fade\"><\/span><a  href=\"https:\/\/eu.isagenixbusiness.com\/consultant-development-pool-2024\/\" class=\"awb-menu__main-a awb-menu__main-a_regular\"><span class=\"menu-text\">Consultant Development Pool [it]<\/span><\/a><\/li><li  id=\"menu-item-205932\"  class=\"menu-item menu-item-type-post_type menu-item-object-page menu-item-205932 awb-menu__li awb-menu__main-li awb-menu__main-li_regular\"  data-item-id=\"205932\"><span class=\"awb-menu__main-background-default awb-menu__main-background-default_fade\"><\/span><span class=\"awb-menu__main-background-active awb-menu__main-background-active_fade\"><\/span><a  href=\"https:\/\/eu.isagenixbusiness.com\/road-to-master-class\/\" class=\"awb-menu__main-a awb-menu__main-a_regular\"><span class=\"menu-text\">Road to Master Class<\/span><\/a><\/li><\/ul><\/nav><\/div><\/div><\/div><\/div><div class=\"fusion-fullwidth fullwidth-box fusion-builder-row-4 fusion-flex-container has-pattern-background has-mask-background nonhundred-percent-fullwidth non-hundred-percent-height-scrolling\" style=\"--awb-border-radius-top-left:0px;--awb-border-radius-top-right:0px;--awb-border-radius-bottom-right:0px;--awb-border-radius-bottom-left:0px;--awb-padding-top:20px;--awb-flex-wrap:wrap;\" ><div class=\"fusion-builder-row fusion-row fusion-flex-align-items-flex-start fusion-flex-content-wrap\" style=\"max-width:1497.6px;margin-left: calc(-4% \/ 2 );margin-right: calc(-4% \/ 2 );\"><div class=\"fusion-layout-column fusion_builder_column fusion-builder-column-3 fusion_builder_column_1_3 1_3 fusion-flex-column\" style=\"--awb-bg-size:cover;--awb-width-large:33.333333333333%;--awb-margin-top-large:0px;--awb-spacing-right-large:5.76%;--awb-margin-bottom-large:20px;--awb-spacing-left-large:5.76%;--awb-width-medium:100%;--awb-order-medium:0;--awb-spacing-right-medium:1.92%;--awb-spacing-left-medium:1.92%;--awb-width-small:100%;--awb-order-small:0;--awb-spacing-right-small:1.92%;--awb-spacing-left-small:1.92%;\"><div class=\"fusion-column-wrapper fusion-column-has-shadow fusion-flex-justify-content-flex-start fusion-content-layout-column\"><div class=\"fusion-image-element \" style=\"--awb-aspect-ratio:9 \/ 16;--awb-object-position:20% 51%;--awb-margin-top:0px;--awb-caption-title-font-family:var(--h2_typography-font-family);--awb-caption-title-font-weight:var(--h2_typography-font-weight);--awb-caption-title-font-style:var(--h2_typography-font-style);--awb-caption-title-size:var(--h2_typography-font-size);--awb-caption-title-transform:var(--h2_typography-text-transform);--awb-caption-title-line-height:var(--h2_typography-line-height);--awb-caption-title-letter-spacing:var(--h2_typography-letter-spacing);\"><span class=\" fusion-imageframe imageframe-none imageframe-1 hover-type-none has-aspect-ratio\"><img decoding=\"async\" width=\"200\" height=\"300\" title=\"BEA Biotics20230216_0045\" src=\"https:\/\/eu.isagenixbusiness.com\/wp-content\/uploads\/2024\/06\/BEA-Biotics20230216_0045-200x300.jpg\" class=\"img-responsive wp-image-205368 img-with-aspect-ratio\" data-parent-fit=\"cover\" data-parent-container=\".fusion-image-element\" alt srcset=\"https:\/\/eu.isagenixbusiness.com\/wp-content\/uploads\/2024\/06\/BEA-Biotics20230216_0045-200x300.jpg 200w, https:\/\/eu.isagenixbusiness.com\/wp-content\/uploads\/2024\/06\/BEA-Biotics20230216_0045-400x600.jpg 400w, https:\/\/eu.isagenixbusiness.com\/wp-content\/uploads\/2024\/06\/BEA-Biotics20230216_0045-600x900.jpg 600w, https:\/\/eu.isagenixbusiness.com\/wp-content\/uploads\/2024\/06\/BEA-Biotics20230216_0045-800x1200.jpg 800w, https:\/\/eu.isagenixbusiness.com\/wp-content\/uploads\/2024\/06\/BEA-Biotics20230216_0045-1200x1800.jpg 1200w, https:\/\/eu.isagenixbusiness.com\/wp-content\/uploads\/2024\/06\/BEA-Biotics20230216_0045-scaled.jpg 1707w\" sizes=\"(max-width: 1024px) 100vw, (max-width: 640px) 100vw, 600px\" \/><\/span><\/div><\/div><\/div><div class=\"fusion-layout-column fusion_builder_column fusion-builder-column-4 fusion_builder_column_2_3 2_3 fusion-flex-column\" style=\"--awb-bg-size:cover;--awb-width-large:66.666666666667%;--awb-margin-top-large:0px;--awb-spacing-right-large:2.88%;--awb-margin-bottom-large:20px;--awb-spacing-left-large:2.88%;--awb-width-medium:100%;--awb-order-medium:0;--awb-spacing-right-medium:1.92%;--awb-spacing-left-medium:1.92%;--awb-width-small:100%;--awb-order-small:0;--awb-spacing-right-small:1.92%;--awb-spacing-left-small:1.92%;\"><div class=\"fusion-column-wrapper fusion-column-has-shadow fusion-flex-justify-content-flex-start fusion-content-layout-column\"><div class=\"fusion-text fusion-text-4 fusion-text-no-margin\" style=\"--awb-font-size:32px;--awb-letter-spacing:2px;--awb-margin-top:15px;--awb-margin-bottom:25px;--awb-text-font-family:&quot;Nunito Sans&quot;;--awb-text-font-style:normal;--awb-text-font-weight:600;\"><p>Festeggiamo il nostro anniversario con B\u0112A\u2122 Biotics gratis!<\/p>\n<\/div><div class=\"fusion-text fusion-text-5\" style=\"--awb-text-font-family:&quot;Nunito&quot;;--awb-text-font-style:normal;--awb-text-font-weight:400;\"><p>Isagenix Europe festeggia un fantastico traguardo! Quattro anni fa, il 13 luglio, ci siamo espansi in 11 nuovi paesi, trasformandoci nella dinamica Community che siamo oggi.<\/p>\n<\/div><div class=\"fusion-text fusion-text-6\" style=\"--awb-text-font-family:&quot;Nunito&quot;;--awb-text-font-style:normal;--awb-text-font-weight:400;\"><p>Per commemorare questo anniversario speciale, dal 1\u00b0 luglio al 28 luglio 2024 <strong>regaleremo una cassa di B\u0112A\u2122 Biotics a tutti i nuovi Membri che si iscriveranno all&#8217;abbonamento con i Pack Reset, Premium o Ultimate<\/strong>. S\u00ec, avete sentito bene: un&#8217;intera confezione di prodotti spumeggianti e amanti dell&#8217;intestino per completare il loro percorso di salute!<\/p>\n<\/div><div class=\"fusion-text fusion-text-7\" style=\"--awb-font-size:25px;--awb-margin-top:15px;--awb-text-font-family:&quot;DM Serif Display&quot;;--awb-text-font-style:normal;--awb-text-font-weight:400;\"><p>Cosa deve fare il vostro nuovo Membro per ottenere la sua cassa gratuita di B\u0112A\u2122 Biotics:<\/p>\n<\/div><div class=\"fusion-text fusion-text-8\" style=\"--awb-margin-top:-15px;--awb-text-font-family:&quot;Nunito&quot;;--awb-text-font-style:normal;--awb-text-font-weight:400;\"><ol>\n<li>Scegliere il pack Reset, Premium o Ultimate pi\u00f9 adatto alle proprie esigenze.<\/li>\n<li>Iscriversi a I miei Premi per l&#8217;Abbonamento.<\/li>\n<li>La confezione gratuita di B\u0112A\u2122 Biotics verr\u00e0 automaticamente aggiunta all&#8217;ordine.<\/li>\n<\/ol>\n<\/div><div class=\"fusion-text fusion-text-9\" style=\"--awb-text-font-family:&quot;Nunito&quot;;--awb-text-font-style:normal;--awb-text-font-weight:400;\"><p><em><strong>Se si utilizzano carrelli consigliati, \u00e8 necessario ricreare il carrello nel nuovo sistema affinch\u00e9 il cliente riceva la confezione gratuita di B\u0112A\u2122 Biotics<\/strong><\/em>. Vedere il video dimostrativo <a href=\"https:\/\/vimeo.com\/952137333\/35311c25c2\">qui.<\/a><\/p>\n<\/div><div class=\"fusion-text fusion-text-10\" style=\"--awb-font-size:25px;--awb-margin-top:15px;--awb-text-font-family:&quot;DM Serif Display&quot;;--awb-text-font-style:normal;--awb-text-font-weight:400;\"><p>Perch\u00e9 B\u0112A\u2122 Biotics?<\/p>\n<\/div><div class=\"fusion-text fusion-text-11\" style=\"--awb-margin-top:-15px;--awb-text-font-family:&quot;Nunito&quot;;--awb-text-font-style:normal;--awb-text-font-weight:400;\"><ul>\n<li>Supporta la salute dell&#8217;apparato digerente e un microbioma intestinale sano, essenziale per il benessere digestivo generale, il supporto immunitario e l&#8217;assorbimento ottimale dei nutrienti.<\/li>\n<li>Arricchito con probiotici, fibre vegetali prebiotiche, aloe vera, aceto di sidro di mele e zenzero.<\/li>\n<li>Fornisce i benefici adattogeni del ginseng americano, dei funghi shiitake e maitake.<\/li>\n<li>Usare tutti i giorni per ottenere i migliori risultati, anche nei giorni di depurazione.<\/li>\n<li>Fornisce una buona fonte di fibre &#8211; 4 g in ogni porzione!<\/li>\n<li>Naturalmente privo di caffeina, con 25 calorie e 2 g di zucchero.<\/li>\n<li>Senza aromi, coloranti o dolcificanti artificiali.<\/li>\n<\/ul>\n<\/div><\/div><\/div><\/div><\/div><div class=\"fusion-fullwidth fullwidth-box fusion-builder-row-5 fusion-flex-container has-pattern-background has-mask-background nonhundred-percent-fullwidth non-hundred-percent-height-scrolling\" style=\"--awb-border-radius-top-left:0px;--awb-border-radius-top-right:0px;--awb-border-radius-bottom-right:0px;--awb-border-radius-bottom-left:0px;--awb-padding-top:20px;--awb-padding-bottom:30px;--awb-background-color:#edf5f9;--awb-flex-wrap:wrap;\" ><div class=\"fusion-builder-row fusion-row fusion-flex-align-items-center fusion-flex-content-wrap\" style=\"max-width:1497.6px;margin-left: calc(-4% \/ 2 );margin-right: calc(-4% \/ 2 );\"><div class=\"fusion-layout-column fusion_builder_column fusion-builder-column-5 fusion_builder_column_1_1 1_1 fusion-flex-column\" style=\"--awb-bg-size:cover;--awb-width-large:100%;--awb-margin-top-large:0px;--awb-spacing-right-large:1.92%;--awb-margin-bottom-large:20px;--awb-spacing-left-large:1.92%;--awb-width-medium:100%;--awb-order-medium:0;--awb-spacing-right-medium:1.92%;--awb-spacing-left-medium:1.92%;--awb-width-small:100%;--awb-order-small:0;--awb-spacing-right-small:1.92%;--awb-spacing-left-small:1.92%;\"><div class=\"fusion-column-wrapper fusion-column-has-shadow fusion-flex-justify-content-flex-start fusion-content-layout-column\"><div class=\"fusion-text fusion-text-12\" style=\"--awb-font-size:25px;--awb-text-color:var(--awb-color4);--awb-margin-top:15px;--awb-margin-right:200px;--awb-margin-left:200px;--awb-text-font-family:&quot;DM Serif Display&quot;;--awb-text-font-style:normal;--awb-text-font-weight:400;\"><p>FAQ<\/p>\n<\/div><div class=\"accordian fusion-accordian\" style=\"--awb-padding-right:200px;--awb-padding-left:200px;--awb-border-size:1px;--awb-icon-size:13px;--awb-content-font-size:16px;--awb-icon-alignment:left;--awb-hover-color:#f9f9f9;--awb-border-color:#eeefee;--awb-background-color:#ffffff;--awb-divider-color:#eeefee;--awb-divider-hover-color:#eeefee;--awb-icon-color:#ffffff;--awb-title-color:#54585a;--awb-content-color:#54585a;--awb-icon-box-color:#55585a;--awb-toggle-hover-accent-color:#00778b;--awb-title-font-family:&quot;Montserrat&quot;;--awb-title-font-weight:400;--awb-title-font-style:normal;--awb-title-font-size:18px;--awb-content-font-family:&quot;Montserrat&quot;;--awb-content-font-style:normal;--awb-content-font-weight:400;\"><div class=\"panel-group fusion-toggle-icon-boxed\" id=\"accordion-205883-1\"><div class=\"fusion-panel panel-default panel-56a90fff78acd3484 fusion-toggle-no-divider\" style=\"--awb-title-color:#54585a;--awb-content-color:#54585a;\"><div class=\"panel-heading\"><h4 class=\"panel-title toggle\" id=\"toggle_56a90fff78acd3484\"><a aria-expanded=\"false\" aria-controls=\"56a90fff78acd3484\" role=\"button\" data-toggle=\"collapse\" data-parent=\"#accordion-205883-1\" data-target=\"#56a90fff78acd3484\" href=\"#56a90fff78acd3484\"><span class=\"fusion-toggle-icon-wrapper\" aria-hidden=\"true\"><i class=\"fa-fusion-box active-icon awb-icon-minus\" aria-hidden=\"true\"><\/i><i class=\"fa-fusion-box inactive-icon awb-icon-plus\" aria-hidden=\"true\"><\/i><\/span><span class=\"fusion-toggle-heading\">A chi \u00e8 rivolta questa promozione?<\/span><\/a><\/h4><\/div><div id=\"56a90fff78acd3484\" class=\"panel-collapse collapse \" aria-labelledby=\"toggle_56a90fff78acd3484\"><div class=\"panel-body toggle-content fusion-clearfix\">\n<p>Questa promozione \u00e8 aperta a tutti i nuovi membri che creano un abbonamento Subscription Rewards con il Pack Reset, Premium o Ultimate.<\/p>\n<\/div><\/div><\/div><div class=\"fusion-panel panel-default panel-f4748107cd2d4440c fusion-toggle-no-divider\" style=\"--awb-title-color:#54585a;--awb-content-color:#54585a;\"><div class=\"panel-heading\"><h4 class=\"panel-title toggle\" id=\"toggle_f4748107cd2d4440c\"><a aria-expanded=\"false\" aria-controls=\"f4748107cd2d4440c\" role=\"button\" data-toggle=\"collapse\" data-parent=\"#accordion-205883-1\" data-target=\"#f4748107cd2d4440c\" href=\"#f4748107cd2d4440c\"><span class=\"fusion-toggle-icon-wrapper\" aria-hidden=\"true\"><i class=\"fa-fusion-box active-icon awb-icon-minus\" aria-hidden=\"true\"><\/i><i class=\"fa-fusion-box inactive-icon awb-icon-plus\" aria-hidden=\"true\"><\/i><\/span><span class=\"fusion-toggle-heading\">Con quali prodotti \u00e8 possibile ricevere una confezione gratuita di B\u0112A\u2122 Biotics?<\/span><\/a><\/h4><\/div><div id=\"f4748107cd2d4440c\" class=\"panel-collapse collapse \" aria-labelledby=\"toggle_f4748107cd2d4440c\"><div class=\"panel-body toggle-content fusion-clearfix\">\n<p>Solo i pack Reset, Premium e Ultimate danno diritto alla confezione gratuita di B\u0112A\u2122 Biotics.<\/p>\n<\/div><\/div><\/div><div class=\"fusion-panel panel-default panel-eaa8c473c88fbdff9 fusion-toggle-no-divider\" style=\"--awb-title-color:#54585a;--awb-content-color:#54585a;\"><div class=\"panel-heading\"><h4 class=\"panel-title toggle\" id=\"toggle_eaa8c473c88fbdff9\"><a aria-expanded=\"false\" aria-controls=\"eaa8c473c88fbdff9\" role=\"button\" data-toggle=\"collapse\" data-parent=\"#accordion-205883-1\" data-target=\"#eaa8c473c88fbdff9\" href=\"#eaa8c473c88fbdff9\"><span class=\"fusion-toggle-icon-wrapper\" aria-hidden=\"true\"><i class=\"fa-fusion-box active-icon awb-icon-minus\" aria-hidden=\"true\"><\/i><i class=\"fa-fusion-box inactive-icon awb-icon-plus\" aria-hidden=\"true\"><\/i><\/span><span class=\"fusion-toggle-heading\">Il nuovo Membro deve iscriversi a Abbonamenti Premi?<\/span><\/a><\/h4><\/div><div id=\"eaa8c473c88fbdff9\" class=\"panel-collapse collapse \" aria-labelledby=\"toggle_eaa8c473c88fbdff9\"><div class=\"panel-body toggle-content fusion-clearfix\">\n<p>S\u00ec, il nuovo Membro deve iscriversi a Subscription Rewards.<\/p>\n<\/div><\/div><\/div><div class=\"fusion-panel panel-default panel-9b10074ee94f1d22a fusion-toggle-no-divider\" style=\"--awb-title-color:#54585a;--awb-content-color:#54585a;\"><div class=\"panel-heading\"><h4 class=\"panel-title toggle\" id=\"toggle_9b10074ee94f1d22a\"><a aria-expanded=\"false\" aria-controls=\"9b10074ee94f1d22a\" role=\"button\" data-toggle=\"collapse\" data-parent=\"#accordion-205883-1\" data-target=\"#9b10074ee94f1d22a\" href=\"#9b10074ee94f1d22a\"><span class=\"fusion-toggle-icon-wrapper\" aria-hidden=\"true\"><i class=\"fa-fusion-box active-icon awb-icon-minus\" aria-hidden=\"true\"><\/i><i class=\"fa-fusion-box inactive-icon awb-icon-plus\" aria-hidden=\"true\"><\/i><\/span><span class=\"fusion-toggle-heading\">La confezione gratuita di B\u0112A\u2122 Biotics funziona con i carrelli consigliati?<\/span><\/a><\/h4><\/div><div id=\"9b10074ee94f1d22a\" class=\"panel-collapse collapse \" aria-labelledby=\"toggle_9b10074ee94f1d22a\"><div class=\"panel-body toggle-content fusion-clearfix\">\n<p>La confezione gratuita di B\u0112A\u2122 Biotics funziona con i carrelli consigliati, tuttavia \u00e8 necessario assicurarsi di creare il carrello nel nuovo sistema. Vedere qui per un video che spiega in modo pi\u00f9 dettagliato &#8211; <a href=\"https:\/\/vimeo.com\/952137333\/35311c25c2\">https:\/\/vimeo.com\/952137333\/35311c25c2<\/a><\/p>\n<\/div><\/div><\/div><\/div><\/div><\/div><\/div><\/div><\/div><div class=\"fusion-fullwidth fullwidth-box fusion-builder-row-6 fusion-flex-container has-pattern-background has-mask-background nonhundred-percent-fullwidth non-hundred-percent-height-scrolling\" style=\"--awb-border-radius-top-left:0px;--awb-border-radius-top-right:0px;--awb-border-radius-bottom-right:0px;--awb-border-radius-bottom-left:0px;--awb-padding-top:30px;--awb-padding-bottom:30px;--awb-flex-wrap:wrap;\" ><div class=\"fusion-builder-row fusion-row fusion-flex-align-items-flex-start fusion-flex-content-wrap\" style=\"max-width:1497.6px;margin-left: calc(-4% \/ 2 );margin-right: calc(-4% \/ 2 );\"><div class=\"fusion-layout-column fusion_builder_column fusion-builder-column-6 fusion_builder_column_1_1 1_1 fusion-flex-column\" style=\"--awb-bg-size:cover;--awb-width-large:100%;--awb-margin-top-large:0px;--awb-spacing-right-large:1.92%;--awb-margin-bottom-large:20px;--awb-spacing-left-large:1.92%;--awb-width-medium:100%;--awb-order-medium:0;--awb-spacing-right-medium:1.92%;--awb-spacing-left-medium:1.92%;--awb-width-small:100%;--awb-order-small:0;--awb-spacing-right-small:1.92%;--awb-spacing-left-small:1.92%;\"><div class=\"fusion-column-wrapper fusion-column-has-shadow fusion-flex-justify-content-flex-start fusion-content-layout-column\"><div class=\"fusion-text fusion-text-13\" style=\"--awb-font-size:15px;--awb-margin-right:50px;--awb-margin-left:50px;--awb-text-font-family:&quot;Nunito&quot;;--awb-text-font-style:normal;--awb-text-font-weight:400;\"><p><strong>Termini e condizioni:<\/strong> La promozione \u00e8 valida dal 1\u00b0 luglio 2024 (00:00 ET) al 28 luglio 2024 (23:59 ET). Aperta ai nuovi Membri in tutta Europa. I nuovi Membri che si abbonano con i Pack Reset, Premium o Ultimate dal 1\u00b0 luglio 2024 alle ore 12:00 ET al 28 luglio 2024 alle ore 23:59 ET, hanno diritto a ricevere una confezione gratuita di B\u0112A\u2122 Biotics. Per maggiori dettagli, visitare la pagina della promozione all&#8217;indirizzo eu.IsagenixBusiness.com.<\/p>\n<\/div><\/div><\/div><\/div><\/div><\/p>\n","protected":false},"excerpt":{"rendered":"","protected":false},"author":18293,"featured_media":0,"parent":0,"menu_order":0,"comment_status":"closed","ping_status":"closed","template":"","meta":{"_acf_changed":false,"footnotes":""},"class_list":["post-205883","page","type-page","status-publish","hentry"],"acf":[],"_links":{"self":[{"href":"https:\/\/eu.isagenixbusiness.com\/it-eu\/wp-json\/wp\/v2\/pages\/205883","targetHints":{"allow":["GET"]}}],"collection":[{"href":"https:\/\/eu.isagenixbusiness.com\/it-eu\/wp-json\/wp\/v2\/pages"}],"about":[{"href":"https:\/\/eu.isagenixbusiness.com\/it-eu\/wp-json\/wp\/v2\/types\/page"}],"author":[{"embeddable":true,"href":"https:\/\/eu.isagenixbusiness.com\/it-eu\/wp-json\/wp\/v2\/users\/18293"}],"replies":[{"embeddable":true,"href":"https:\/\/eu.isagenixbusiness.com\/it-eu\/wp-json\/wp\/v2\/comments?post=205883"}],"version-history":[{"count":2,"href":"https:\/\/eu.isagenixbusiness.com\/it-eu\/wp-json\/wp\/v2\/pages\/205883\/revisions"}],"predecessor-version":[{"id":205989,"href":"https:\/\/eu.isagenixbusiness.com\/it-eu\/wp-json\/wp\/v2\/pages\/205883\/revisions\/205989"}],"wp:attachment":[{"href":"https:\/\/eu.isagenixbusiness.com\/it-eu\/wp-json\/wp\/v2\/media?parent=205883"}],"curies":[{"name":"wp","href":"https:\/\/api.w.org\/{rel}","templated":true}]}}