{"id":205979,"date":"2024-06-28T17:18:33","date_gmt":"2024-06-28T16:18:33","guid":{"rendered":"https:\/\/eu.isagenixbusiness.com\/?page_id=205979"},"modified":"2024-07-01T10:34:07","modified_gmt":"2024-07-01T09:34:07","slug":"road-to-master-class","status":"publish","type":"page","link":"https:\/\/eu.isagenixbusiness.com\/it-eu\/road-to-master-class\/","title":{"rendered":"Road to Master Class"},"content":{"rendered":"<p><div class=\"fusion-fullwidth fullwidth-box fusion-builder-row-1 fusion-flex-container has-pattern-background has-mask-background fusion-parallax-none nonhundred-percent-fullwidth non-hundred-percent-height-scrolling\" style=\"--awb-background-blend-mode:overlay;--awb-border-radius-top-left:0px;--awb-border-radius-top-right:0px;--awb-border-radius-bottom-right:0px;--awb-border-radius-bottom-left:0px;--awb-min-height:150px;--awb-background-color:rgba(0,0,0,0.5);--awb-background-image:url(&quot;https:\/\/eu.isagenixbusiness.com\/wp-content\/uploads\/2024\/06\/Intro-Background-copy-1-300x150.jpg&quot;);--awb-background-size:cover;--awb-flex-wrap:wrap;\" ><div class=\"fusion-builder-row fusion-row fusion-flex-align-items-center fusion-flex-align-content-center fusion-flex-justify-content-center fusion-flex-content-wrap\" style=\"max-width:1497.6px;margin-left: calc(-4% \/ 2 );margin-right: calc(-4% \/ 2 );\"><div class=\"fusion-layout-column fusion_builder_column fusion-builder-column-0 fusion_builder_column_1_1 1_1 fusion-flex-column fusion-flex-align-self-center fusion-column-inner-bg-wrapper\" style=\"--awb-inner-bg-size:cover;--awb-width-large:100%;--awb-margin-top-large:0px;--awb-spacing-right-large:1.92%;--awb-margin-bottom-large:0px;--awb-spacing-left-large:1.92%;--awb-width-medium:100%;--awb-order-medium:0;--awb-spacing-right-medium:1.92%;--awb-spacing-left-medium:1.92%;--awb-width-small:100%;--awb-order-small:0;--awb-spacing-right-small:1.92%;--awb-spacing-left-small:1.92%;\" data-scroll-devices=\"small-visibility,medium-visibility,large-visibility\"><span class=\"fusion-column-inner-bg hover-type-none\"><a class=\"fusion-column-anchor\" href=\"https:\/\/eu.isagenixbusiness.com\/it-eu\/july-promotions\/\"><span class=\"fusion-column-inner-bg-image\"><\/span><\/a><\/span><div class=\"fusion-column-wrapper fusion-column-has-shadow fusion-flex-justify-content-space-evenly fusion-content-layout-column\"><div class=\"fusion-text fusion-text-1\" style=\"--awb-font-size:40px;--awb-letter-spacing:2px;--awb-text-transform:uppercase;--awb-text-color:var(--awb-color1);--awb-margin-top:25px;--awb-text-font-family:&quot;Nunito Sans&quot;;--awb-text-font-style:normal;--awb-text-font-weight:200;\"><p style=\"text-align: center;\">Promozioni di luglio<\/p>\n<\/div><div class=\"fusion-text fusion-text-2 fusion-text-no-margin\" style=\"--awb-content-alignment:center;--awb-text-transform:uppercase;\"><div style=\"text-align: center;\">\n<p style=\"color: var(--awb-color1);\">1 &#8211; 28 luglio<\/p>\n<\/div>\n<\/div><\/div><\/div><\/div><\/div><div class=\"fusion-fullwidth fullwidth-box fusion-builder-row-2 fusion-flex-container has-pattern-background has-mask-background nonhundred-percent-fullwidth non-hundred-percent-height-scrolling\" style=\"--awb-border-radius-top-left:0px;--awb-border-radius-top-right:0px;--awb-border-radius-bottom-right:0px;--awb-border-radius-bottom-left:0px;--awb-min-height:50px;--awb-background-color:#4099a8;--awb-flex-wrap:wrap;\" ><div class=\"fusion-builder-row fusion-row fusion-flex-align-items-center fusion-flex-align-content-center fusion-flex-justify-content-center fusion-flex-content-wrap\" style=\"max-width:1497.6px;margin-left: calc(-4% \/ 2 );margin-right: calc(-4% \/ 2 );\"><div class=\"fusion-layout-column fusion_builder_column fusion-builder-column-1 fusion_builder_column_1_1 1_1 fusion-flex-column fusion-flex-align-self-stretch\" style=\"--awb-bg-size:cover;--awb-width-large:100%;--awb-margin-top-large:0px;--awb-spacing-right-large:1.92%;--awb-margin-bottom-large:20px;--awb-spacing-left-large:1.92%;--awb-width-medium:100%;--awb-order-medium:0;--awb-spacing-right-medium:1.92%;--awb-spacing-left-medium:1.92%;--awb-width-small:100%;--awb-order-small:0;--awb-spacing-right-small:1.92%;--awb-spacing-left-small:1.92%;\" data-scroll-devices=\"small-visibility,medium-visibility,large-visibility\"><div class=\"fusion-column-wrapper fusion-column-has-shadow fusion-flex-justify-content-space-evenly fusion-content-layout-column\"><div class=\"fusion-text fusion-text-3 fusion-text-no-margin\" style=\"--awb-content-alignment:center;--awb-font-size:15px;--awb-letter-spacing:1.2px;--awb-text-transform:uppercase;--awb-text-color:var(--awb-color3);--awb-margin-top:12px;--awb-margin-bottom:-28px;--awb-text-font-family:&quot;Nunito Sans&quot;;--awb-text-font-style:normal;--awb-text-font-weight:200;\"><div style=\"text-align: center;\">\n<p style=\"color: var(--awb-color1);\">Isagenix Europe festeggia un fantastico traguardo!<br \/>\nQuattro anni fa, il 13 luglio, ci siamo espansi in 11 nuovi paesi, trasformandoci nella dinamica Community che siamo oggi.<\/p>\n<\/div>\n<\/div><\/div><\/div><\/div><\/div><div class=\"fusion-fullwidth fullwidth-box fusion-builder-row-3 fusion-flex-container nonhundred-percent-fullwidth non-hundred-percent-height-scrolling fusion-custom-z-index\" style=\"--awb-border-radius-top-left:0px;--awb-border-radius-top-right:0px;--awb-border-radius-bottom-right:0px;--awb-border-radius-bottom-left:0px;--awb-z-index:152;--awb-padding-top-small:10px;--awb-padding-bottom-small:10px;--awb-background-color:#f2f2f2;--awb-flex-wrap:wrap;\" ><div class=\"fusion-builder-row fusion-row fusion-flex-align-items-flex-start fusion-flex-content-wrap\" style=\"max-width:1497.6px;margin-left: calc(-4% \/ 2 );margin-right: calc(-4% \/ 2 );\"><div class=\"fusion-layout-column fusion_builder_column fusion-builder-column-2 fusion_builder_column_1_1 1_1 fusion-flex-column\" style=\"--awb-bg-size:cover;--awb-width-large:100%;--awb-margin-top-large:0px;--awb-spacing-right-large:1.92%;--awb-margin-bottom-large:0px;--awb-spacing-left-large:1.92%;--awb-width-medium:100%;--awb-order-medium:0;--awb-spacing-right-medium:1.92%;--awb-spacing-left-medium:1.92%;--awb-width-small:100%;--awb-order-small:0;--awb-spacing-right-small:1.92%;--awb-spacing-left-small:1.92%;\"><div class=\"fusion-column-wrapper fusion-column-has-shadow fusion-flex-justify-content-flex-start fusion-content-layout-column\"><nav class=\"awb-menu awb-menu_row awb-menu_em-hover mobile-mode-collapse-to-button awb-menu_icons-left awb-menu_dc-yes mobile-trigger-fullwidth-off awb-menu_mobile-toggle awb-menu_indent-left mobile-size-full-absolute loading mega-menu-loading awb-menu_desktop awb-menu_dropdown awb-menu_expand-right awb-menu_transition-fade\" style=\"--awb-text-transform:uppercase;--awb-gap:10px;--awb-justify-content:space-evenly;--awb-items-padding-top:5px;--awb-items-padding-right:5px;--awb-items-padding-bottom:5px;--awb-items-padding-left:5px;--awb-color:#54585a;--awb-active-color:#54585a;--awb-active-border-bottom:3px;--awb-active-border-color:#00778b;--awb-submenu-text-transform:none;--awb-main-justify-content:flex-start;--awb-mobile-justify:flex-start;--awb-mobile-caret-left:auto;--awb-mobile-caret-right:0;--awb-fusion-font-family-typography:&quot;Nunito Sans&quot;;--awb-fusion-font-style-typography:normal;--awb-fusion-font-weight-typography:400;--awb-fusion-font-family-submenu-typography:inherit;--awb-fusion-font-style-submenu-typography:normal;--awb-fusion-font-weight-submenu-typography:400;--awb-fusion-font-family-mobile-typography:inherit;--awb-fusion-font-style-mobile-typography:normal;--awb-fusion-font-weight-mobile-typography:400;\" aria-label=\"July&#039;s Promos\" data-breakpoint=\"0\" data-count=\"0\" data-transition-type=\"fade\" data-transition-time=\"300\" data-expand=\"right\"><ul id=\"menu-julys-promos\" class=\"fusion-menu awb-menu__main-ul awb-menu__main-ul_row\"><li  id=\"menu-item-205931\"  class=\"menu-item menu-item-type-post_type menu-item-object-page menu-item-205931 awb-menu__li awb-menu__main-li awb-menu__main-li_regular\"  data-item-id=\"205931\"><span class=\"awb-menu__main-background-default awb-menu__main-background-default_fade\"><\/span><span class=\"awb-menu__main-background-active awb-menu__main-background-active_fade\"><\/span><a  href=\"https:\/\/eu.isagenixbusiness.com\/free-bea-biotics-promo\/\" class=\"awb-menu__main-a awb-menu__main-a_regular\"><span class=\"menu-text\">Free BEA Biotics<\/span><\/a><\/li><li  id=\"menu-item-205930\"  class=\"menu-item menu-item-type-post_type menu-item-object-page menu-item-205930 awb-menu__li awb-menu__main-li awb-menu__main-li_regular\"  data-item-id=\"205930\"><span class=\"awb-menu__main-background-default awb-menu__main-background-default_fade\"><\/span><span class=\"awb-menu__main-background-active awb-menu__main-background-active_fade\"><\/span><a  href=\"https:\/\/eu.isagenixbusiness.com\/consultant-development-pool-2024\/\" class=\"awb-menu__main-a awb-menu__main-a_regular\"><span class=\"menu-text\">Consultant Development Pool [it]<\/span><\/a><\/li><li  id=\"menu-item-205932\"  class=\"menu-item menu-item-type-post_type menu-item-object-page menu-item-205932 awb-menu__li awb-menu__main-li awb-menu__main-li_regular\"  data-item-id=\"205932\"><span class=\"awb-menu__main-background-default awb-menu__main-background-default_fade\"><\/span><span class=\"awb-menu__main-background-active awb-menu__main-background-active_fade\"><\/span><a  href=\"https:\/\/eu.isagenixbusiness.com\/road-to-master-class\/\" class=\"awb-menu__main-a awb-menu__main-a_regular\"><span class=\"menu-text\">Road to Master Class<\/span><\/a><\/li><\/ul><\/nav><\/div><\/div><\/div><\/div><div class=\"fusion-fullwidth fullwidth-box fusion-builder-row-4 fusion-flex-container has-pattern-background has-mask-background nonhundred-percent-fullwidth non-hundred-percent-height-scrolling\" style=\"--awb-border-radius-top-left:0px;--awb-border-radius-top-right:0px;--awb-border-radius-bottom-right:0px;--awb-border-radius-bottom-left:0px;--awb-padding-top:20px;--awb-flex-wrap:wrap;\" ><div class=\"fusion-builder-row fusion-row fusion-flex-align-items-flex-start fusion-flex-content-wrap\" style=\"max-width:1497.6px;margin-left: calc(-4% \/ 2 );margin-right: calc(-4% \/ 2 );\"><div class=\"fusion-layout-column fusion_builder_column fusion-builder-column-3 fusion_builder_column_1_3 1_3 fusion-flex-column\" style=\"--awb-bg-size:cover;--awb-width-large:33.333333333333%;--awb-margin-top-large:0px;--awb-spacing-right-large:5.76%;--awb-margin-bottom-large:20px;--awb-spacing-left-large:5.76%;--awb-width-medium:100%;--awb-order-medium:0;--awb-spacing-right-medium:1.92%;--awb-spacing-left-medium:1.92%;--awb-width-small:100%;--awb-order-small:0;--awb-spacing-right-small:1.92%;--awb-spacing-left-small:1.92%;\"><div class=\"fusion-column-wrapper fusion-column-has-shadow fusion-flex-justify-content-flex-start fusion-content-layout-column\"><div class=\"fusion-image-element \" style=\"--awb-aspect-ratio:1 \/ 1;--awb-object-position:26% 50%;--awb-margin-top:30px;--awb-caption-title-font-family:var(--h2_typography-font-family);--awb-caption-title-font-weight:var(--h2_typography-font-weight);--awb-caption-title-font-style:var(--h2_typography-font-style);--awb-caption-title-size:var(--h2_typography-font-size);--awb-caption-title-transform:var(--h2_typography-text-transform);--awb-caption-title-line-height:var(--h2_typography-line-height);--awb-caption-title-letter-spacing:var(--h2_typography-letter-spacing);\"><span class=\" fusion-imageframe imageframe-none imageframe-1 hover-type-none has-aspect-ratio\"><img decoding=\"async\" width=\"300\" height=\"300\" title=\"image (1)\" src=\"https:\/\/eu.isagenixbusiness.com\/wp-content\/uploads\/2024\/06\/image-1-300x300.png\" class=\"img-responsive wp-image-205469 img-with-aspect-ratio\" data-parent-fit=\"cover\" data-parent-container=\".fusion-image-element\" alt srcset=\"https:\/\/eu.isagenixbusiness.com\/wp-content\/uploads\/2024\/06\/image-1-200x200.png 200w, https:\/\/eu.isagenixbusiness.com\/wp-content\/uploads\/2024\/06\/image-1-400x400.png 400w, https:\/\/eu.isagenixbusiness.com\/wp-content\/uploads\/2024\/06\/image-1-600x600.png 600w, https:\/\/eu.isagenixbusiness.com\/wp-content\/uploads\/2024\/06\/image-1.png 663w\" sizes=\"(max-width: 1024px) 100vw, (max-width: 640px) 100vw, 600px\" \/><\/span><\/div><\/div><\/div><div class=\"fusion-layout-column fusion_builder_column fusion-builder-column-4 fusion_builder_column_2_3 2_3 fusion-flex-column\" style=\"--awb-bg-size:cover;--awb-width-large:66.666666666667%;--awb-margin-top-large:0px;--awb-spacing-right-large:2.88%;--awb-margin-bottom-large:20px;--awb-spacing-left-large:2.88%;--awb-width-medium:100%;--awb-order-medium:0;--awb-spacing-right-medium:1.92%;--awb-spacing-left-medium:1.92%;--awb-width-small:100%;--awb-order-small:0;--awb-spacing-right-small:1.92%;--awb-spacing-left-small:1.92%;\"><div class=\"fusion-column-wrapper fusion-column-has-shadow fusion-flex-justify-content-flex-start fusion-content-layout-column\"><div class=\"fusion-text fusion-text-4 fusion-text-no-margin\" style=\"--awb-font-size:32px;--awb-letter-spacing:2px;--awb-margin-top:15px;--awb-margin-bottom:25px;--awb-text-font-family:&quot;Nunito Sans&quot;;--awb-text-font-style:normal;--awb-text-font-weight:600;\"><p>Road to Master Class<\/p>\n<\/div><div class=\"fusion-text fusion-text-5\" style=\"--awb-text-font-family:&quot;Nunito&quot;;--awb-text-font-style:normal;--awb-text-font-weight:400;\"><p>Ci sono altre buone notizie per gli Incaricati alla Vendita euriopei questo luglio! Il lavoro svolto nel Consultant Development Pool non ti porter\u00e0 solo denaro: ti permetter\u00e0 di ottenere un alloggio GRATUITO e una formazione esclusiva se parteciperai a Master Class &#8211; the Art of Living, il nostro evento di formazione di due giorni a settembre con l&#8217;incredibile David T.S. Wood!<\/p>\n<\/div><div class=\"fusion-text fusion-text-6\" style=\"--awb-font-size:25px;--awb-margin-top:15px;--awb-text-font-family:&quot;DM Serif Display&quot;;--awb-text-font-style:normal;--awb-text-font-weight:400;\"><p>Cosa devi fare:<\/p>\n<\/div><div class=\"fusion-text fusion-text-7\" style=\"--awb-margin-top:-15px;--awb-text-font-family:&quot;Nunito&quot;;--awb-text-font-style:normal;--awb-text-font-weight:400;\"><ul>\n<li>Sviluppare due nuovi consulenti nel <a href=\"https:\/\/eu.isagenixbusiness.com\/it-eu\/consultant-development-pool-2024\/\" style=\"color: var(--awb-color3);\"><u>Consultant Development Pool<\/u><\/a> tra il 1\u00b0 e il 28 luglio. Controlla le qualifiche qui.<\/li>\n<li><a href=\"https:\/\/www.eventbrite.co.uk\/e\/915267940047\"><u><span style=\"color: var(--awb-color3);\">Acquista un biglietto<\/span><\/u><\/a> per la Master Class entro il 28 luglio &#8211; se hai gi\u00e0 il tuo biglietto, ancora meglio!<\/li>\n<\/ul>\n<\/div><div class=\"fusion-text fusion-text-8\" style=\"--awb-font-size:25px;--awb-margin-top:15px;--awb-text-font-family:&quot;DM Serif Display&quot;;--awb-text-font-style:normal;--awb-text-font-weight:400;\"><p>Cosa guadagnerai:<\/p>\n<\/div><div class=\"fusion-text fusion-text-9\" style=\"--awb-margin-top:-15px;--awb-text-font-family:&quot;Nunito&quot;;--awb-text-font-style:normal;--awb-text-font-weight:400;\"><ul>\n<li>Formazione esclusiva con David TS Wood, il tipo di formazione che cambier\u00e0 la tua attivit\u00e0.<\/li>\n<li>Alloggio gratuito per l&#8217;evento presso l&#8217;hotel Novotel Schiphol Airport<\/li>\n<li>Drink di benvenuto<\/li>\n<\/ul>\n<\/div><div class=\"fusion-text fusion-text-10\" style=\"--awb-font-size:20px;--awb-text-font-family:&quot;Nunito&quot;;--awb-text-font-style:normal;--awb-text-font-weight:600;\"><p style=\"text-align: left;\">Maggiori dettagli sull&#8217;evento e su David TS Wood sono disponibili sulla <a href=\"https:\/\/www.eventbrite.co.uk\/e\/915267940047\">pagina dell&#8217;evento<\/a>.<\/p>\n<\/div><\/div><\/div><\/div><\/div><div class=\"fusion-fullwidth fullwidth-box fusion-builder-row-5 fusion-flex-container has-pattern-background has-mask-background nonhundred-percent-fullwidth non-hundred-percent-height-scrolling\" style=\"--awb-border-radius-top-left:0px;--awb-border-radius-top-right:0px;--awb-border-radius-bottom-right:0px;--awb-border-radius-bottom-left:0px;--awb-padding-top:30px;--awb-padding-bottom:30px;--awb-flex-wrap:wrap;\" ><div class=\"fusion-builder-row fusion-row fusion-flex-align-items-flex-start fusion-flex-content-wrap\" style=\"max-width:1497.6px;margin-left: calc(-4% \/ 2 );margin-right: calc(-4% \/ 2 );\"><div class=\"fusion-layout-column fusion_builder_column fusion-builder-column-5 fusion_builder_column_1_1 1_1 fusion-flex-column\" style=\"--awb-bg-size:cover;--awb-width-large:100%;--awb-margin-top-large:0px;--awb-spacing-right-large:1.92%;--awb-margin-bottom-large:20px;--awb-spacing-left-large:1.92%;--awb-width-medium:100%;--awb-order-medium:0;--awb-spacing-right-medium:1.92%;--awb-spacing-left-medium:1.92%;--awb-width-small:100%;--awb-order-small:0;--awb-spacing-right-small:1.92%;--awb-spacing-left-small:1.92%;\"><div class=\"fusion-column-wrapper fusion-column-has-shadow fusion-flex-justify-content-flex-start fusion-content-layout-column\"><div class=\"fusion-text fusion-text-11\" style=\"--awb-font-size:15px;--awb-margin-right:50px;--awb-margin-left:50px;--awb-text-font-family:&quot;Nunito&quot;;--awb-text-font-style:normal;--awb-text-font-weight:400;\"><p><strong>T&amp;C: <\/strong>Aperto agli Incaricati alla Vendita di Isagenix in tutta Europa. Per qualificarti devi sviluppare due nuovi consulenti nel Consultant Development Pool tra il 1\u00b0 e il 28 luglio 2024 ed essere titolare di un biglietto Master Class &#8211; the Art of Living entro le 23:59 EST del 28 luglio 2024.<\/p>\n<\/div><div class=\"fusion-text fusion-text-12\" style=\"--awb-content-alignment:justify;--awb-font-size:15px;--awb-margin-right:50px;--awb-margin-left:50px;--awb-text-font-family:&quot;Nunito&quot;;--awb-text-font-style:normal;--awb-text-font-weight:400;\"><\/div><div class=\"fusion-text fusion-text-13\" style=\"--awb-content-alignment:justify;--awb-font-size:10px;--awb-margin-right:50px;--awb-margin-left:50px;--awb-text-font-family:&quot;Nunito&quot;;--awb-text-font-style:normal;--awb-text-font-weight:400;\"><p>Per partecipare, la tua posizione Isagenix deve essere gestita solo da te (nome legale) e, se applicabile, dal tuo coniuge (nome di Riconoscimento), escludendo tutte le altre persone. La partecipazione costituisce l&#8217;accettazione completa e incondizionata di questi termini e condizioni e di qualsiasi regolamento della promozione, FAQ o linee guida pubblicate, nonch\u00e9 delle decisioni di Isagenix, che sono definitive e vincolanti in tutte le questioni relative al concorso. I punti di reiscrizione saranno calcolati come parte dell&#8217;organizzazione originale. Allo Sponsor Reclutante originale verranno assegnati tutti i QV di iscrizione ammissibili in caso di cambio di posizionamento. Le regole del concorso sono soggette a modifiche.\u202f Tutte le date e i dettagli dell&#8217;evento sono soggetti a modifiche. Isagenix si riserva il diritto di controllare, regolare o negare qualsiasi volume, Retribuzione, Riconoscimento o altro incentivo assegnato durante o come risultato di questo concorso per garantire il raggiungimento dello spirito del concorso. Tutti i Membri sono soggetti a controlli di conformit\u00e0 standard sia durante che dopo la chiusura del concorso; i premi possono essere ritirati da Isagenix in qualsiasi momento. Le questioni di conformit\u00e0 in sospeso incideranno sull&#8217;ammissibilit\u00e0 al premio finale. Tutte le Sponsorizzazioni e gli ordini di prodotti devono essere conformi al Codice Etico e alle Politiche e Procedure, disponibili su IsagenixCompliance.com. Le Sponsorizzazioni devono essere uniche e valide per i Clienti Preferiti o per gli Incaricati alla Vendita; Isagenix si riserva il diritto di considerare qualsiasi iscrizione nulla ai fini del concorso nel caso in cui Isagenix, a sua esclusiva discrezione, determini che un&#8217;iscrizione \u00e8 frutto di frode, manipolazione o inganno. Il titolare dell&#8217;account non pu\u00f2 utilizzare la sua carta di credito personale o il suo metodo di pagamento su pi\u00f9 account non familiari per tutta la durata del concorso. La carta di credito del titolare dell&#8217;account non pu\u00f2 essere utilizzata per alcun Avanzamento del Consulente. Chiunque tenti di manipolare il Piano dei compensi o il concorso o tenti in altro modo di aggirare le regole, perde qualsiasi diritto ai punti e a ricevere qualsiasi premio e sar\u00e0 squalificato dal concorso. I partecipanti devono essere Incaricati attivi alla Vendita e rimanere tali per tutta la durata del concorso e fino alle date del viaggio. Lo stato Attivo di Isagenix richiede che tu ordini un minimo di 100 QV ogni 30 giorni di calendario.<\/p>\n<\/div><\/div><\/div><\/div><\/div><\/p>\n","protected":false},"excerpt":{"rendered":"","protected":false},"author":18293,"featured_media":0,"parent":0,"menu_order":0,"comment_status":"closed","ping_status":"closed","template":"","meta":{"_acf_changed":false,"footnotes":""},"class_list":["post-205979","page","type-page","status-publish","hentry"],"acf":[],"_links":{"self":[{"href":"https:\/\/eu.isagenixbusiness.com\/it-eu\/wp-json\/wp\/v2\/pages\/205979","targetHints":{"allow":["GET"]}}],"collection":[{"href":"https:\/\/eu.isagenixbusiness.com\/it-eu\/wp-json\/wp\/v2\/pages"}],"about":[{"href":"https:\/\/eu.isagenixbusiness.com\/it-eu\/wp-json\/wp\/v2\/types\/page"}],"author":[{"embeddable":true,"href":"https:\/\/eu.isagenixbusiness.com\/it-eu\/wp-json\/wp\/v2\/users\/18293"}],"replies":[{"embeddable":true,"href":"https:\/\/eu.isagenixbusiness.com\/it-eu\/wp-json\/wp\/v2\/comments?post=205979"}],"version-history":[{"count":7,"href":"https:\/\/eu.isagenixbusiness.com\/it-eu\/wp-json\/wp\/v2\/pages\/205979\/revisions"}],"predecessor-version":[{"id":206269,"href":"https:\/\/eu.isagenixbusiness.com\/it-eu\/wp-json\/wp\/v2\/pages\/205979\/revisions\/206269"}],"wp:attachment":[{"href":"https:\/\/eu.isagenixbusiness.com\/it-eu\/wp-json\/wp\/v2\/media?parent=205979"}],"curies":[{"name":"wp","href":"https:\/\/api.w.org\/{rel}","templated":true}]}}