{"id":208869,"date":"2024-09-26T15:44:59","date_gmt":"2024-09-26T14:44:59","guid":{"rendered":"https:\/\/eu.isagenixbusiness.com\/?page_id=208869"},"modified":"2024-12-10T15:36:18","modified_gmt":"2024-12-10T15:36:18","slug":"free-swag-promo","status":"publish","type":"page","link":"https:\/\/eu.isagenixbusiness.com\/it-eu\/free-swag-promo\/","title":{"rendered":"Free Swag Promo"},"content":{"rendered":"<p><div class=\"fusion-fullwidth fullwidth-box fusion-builder-row-1 fusion-flex-container has-pattern-background has-mask-background nonhundred-percent-fullwidth non-hundred-percent-height-scrolling\" style=\"--awb-border-radius-top-left:0px;--awb-border-radius-top-right:0px;--awb-border-radius-bottom-right:0px;--awb-border-radius-bottom-left:0px;--awb-padding-top:20px;--awb-flex-wrap:wrap;\" ><div class=\"fusion-builder-row fusion-row fusion-flex-align-items-flex-start fusion-flex-content-wrap\" style=\"max-width:1497.6px;margin-left: calc(-4% \/ 2 );margin-right: calc(-4% \/ 2 );\"><div class=\"fusion-layout-column fusion_builder_column fusion-builder-column-0 fusion_builder_column_1_3 1_3 fusion-flex-column fusion-no-small-visibility fusion-no-medium-visibility\" style=\"--awb-bg-size:cover;--awb-width-large:33.333333333333%;--awb-margin-top-large:0px;--awb-spacing-right-large:5.76%;--awb-margin-bottom-large:20px;--awb-spacing-left-large:5.76%;--awb-width-medium:100%;--awb-order-medium:0;--awb-spacing-right-medium:1.92%;--awb-spacing-left-medium:1.92%;--awb-width-small:100%;--awb-order-small:0;--awb-spacing-right-small:1.92%;--awb-spacing-left-small:1.92%;\" data-scroll-devices=\"small-visibility,medium-visibility,large-visibility\"><div class=\"fusion-column-wrapper fusion-column-has-shadow fusion-flex-justify-content-flex-start fusion-content-layout-column\"><div class=\"fusion-image-element \" style=\"--awb-caption-title-font-family:var(--h2_typography-font-family);--awb-caption-title-font-weight:var(--h2_typography-font-weight);--awb-caption-title-font-style:var(--h2_typography-font-style);--awb-caption-title-size:var(--h2_typography-font-size);--awb-caption-title-transform:var(--h2_typography-text-transform);--awb-caption-title-line-height:var(--h2_typography-line-height);--awb-caption-title-letter-spacing:var(--h2_typography-letter-spacing);\"><span class=\" fusion-imageframe imageframe-none imageframe-1 hover-type-none\"><img decoding=\"async\" width=\"500\" height=\"500\" title=\"IT &#8211; FREE SWAG\" src=\"https:\/\/eu.isagenixbusiness.com\/wp-content\/uploads\/2024\/09\/IT-FREE-SWAG.png\" alt class=\"img-responsive wp-image-208835\" srcset=\"https:\/\/eu.isagenixbusiness.com\/wp-content\/uploads\/2024\/09\/IT-FREE-SWAG-200x200.png 200w, https:\/\/eu.isagenixbusiness.com\/wp-content\/uploads\/2024\/09\/IT-FREE-SWAG-400x400.png 400w, https:\/\/eu.isagenixbusiness.com\/wp-content\/uploads\/2024\/09\/IT-FREE-SWAG.png 500w\" sizes=\"(max-width: 1024px) 100vw, (max-width: 640px) 100vw, 500px\" \/><\/span><\/div><\/div><\/div><div class=\"fusion-layout-column fusion_builder_column fusion-builder-column-1 fusion_builder_column_2_3 2_3 fusion-flex-column\" style=\"--awb-bg-size:cover;--awb-width-large:66.666666666667%;--awb-margin-top-large:0px;--awb-spacing-right-large:2.88%;--awb-margin-bottom-large:20px;--awb-spacing-left-large:2.88%;--awb-width-medium:100%;--awb-order-medium:0;--awb-spacing-right-medium:1.92%;--awb-spacing-left-medium:1.92%;--awb-width-small:100%;--awb-order-small:0;--awb-spacing-right-small:1.92%;--awb-spacing-left-small:1.92%;\"><div class=\"fusion-column-wrapper fusion-column-has-shadow fusion-flex-justify-content-flex-start fusion-content-layout-column\"><div class=\"fusion-text fusion-text-1 fusion-text-no-margin\" style=\"--awb-font-size:48px;--awb-line-height:1.2;--awb-letter-spacing:2px;--awb-margin-top:15px;--awb-margin-bottom:25px;--awb-text-font-family:&quot;DM Serif Display&quot;;--awb-text-font-style:normal;--awb-text-font-weight:400;\"><p>Invita i tuoi amici e vinci SWAG GRATIS!<\/p>\n<\/div><div class=\"fusion-text fusion-text-2\" style=\"--awb-font-size:20px;--awb-text-font-family:&quot;Nunito&quot;;--awb-text-font-style:normal;--awb-text-font-weight:400;\"><p>Chi conosci che vuole sentirsi meglio dentro e fuori?<br \/>\nChi conosci che vorrebbe avere qualche soldo in pi\u00f9 in tasca?<\/p>\n<p>\u00c8 il momento di chiamarli e invitarli all&#8217;evento pi\u00f9 vicino a te a <strong>Gennaio<\/strong>.<\/p>\n<\/div><div class=\"fusion-text fusion-text-3\" style=\"--awb-font-size:20PX;--awb-letter-spacing:1.2px;--awb-text-transform:uppercase;--awb-text-font-family:&quot;Nunito Sans&quot;;--awb-text-font-style:normal;--awb-text-font-weight:400;\"><p>Porta due ospiti a uno dei nostri <strong>eventi del NYKO Gennaio<\/strong>\u00a0guadagnerai un&#8217;<strong>esclusiva borsa di tela Isagenix<\/strong>!<\/p>\n<\/div><div ><a class=\"fusion-button button-flat fusion-button-default-size button-default fusion-button-default button-1 fusion-button-default-span fusion-button-default-type\" style=\"--button_text_transform:uppercase;\" target=\"_self\" href=\"https:\/\/eu.isagenixevents.com\/\"><span class=\"fusion-button-text awb-button__text awb-button__text--default\">Eventi<\/span><\/a><\/div><\/div><\/div><\/div><\/div><div class=\"fusion-fullwidth fullwidth-box fusion-builder-row-2 fusion-flex-container has-pattern-background has-mask-background nonhundred-percent-fullwidth non-hundred-percent-height-scrolling\" style=\"--awb-border-radius-top-left:0px;--awb-border-radius-top-right:0px;--awb-border-radius-bottom-right:0px;--awb-border-radius-bottom-left:0px;--awb-flex-wrap:wrap;\" ><div class=\"fusion-builder-row fusion-row fusion-flex-align-items-flex-start fusion-flex-content-wrap\" style=\"max-width:1497.6px;margin-left: calc(-4% \/ 2 );margin-right: calc(-4% \/ 2 );\"><div class=\"fusion-layout-column fusion_builder_column fusion-builder-column-2 fusion_builder_column_1_1 1_1 fusion-flex-column\" style=\"--awb-bg-size:cover;--awb-width-large:100%;--awb-margin-top-large:0px;--awb-spacing-right-large:1.92%;--awb-margin-bottom-large:20px;--awb-spacing-left-large:1.92%;--awb-width-medium:100%;--awb-order-medium:0;--awb-spacing-right-medium:1.92%;--awb-spacing-left-medium:1.92%;--awb-width-small:100%;--awb-order-small:0;--awb-spacing-right-small:1.92%;--awb-spacing-left-small:1.92%;\"><div class=\"fusion-column-wrapper fusion-column-has-shadow fusion-flex-justify-content-flex-start fusion-content-layout-column\"><div class=\"fusion-text fusion-text-4\" style=\"--awb-font-size:12px;--awb-text-font-family:&quot;Nunito Sans&quot;;--awb-text-font-style:normal;--awb-text-font-weight:400;\"><p>*<b>Termini e condizioni<\/b> generali La promozione \u00e8 valida per tutti gli eventi NYKO dall&#8217;11 gennaio 2025 (00:00 ET) al 25 gennaio (23:59 ET). Possono partecipare tutti gli Associati attivi in Europa. Gli associati che porteranno 2 ospiti a un evento NYKO a gennaio riceveranno un&#8217;esclusiva borsa di tela nera Isagenix. Il design della borsa pu\u00f2 variare Per maggiori informazioni, visitate la pagina della promozione su <a href=\"\u201chttp:\/\/eu.isagenixbusiness.com\/?fbclid=IwZXh0bgNhZW0CMTAAAR1oWq9oKvO8r2w7FwEkKhTrtjCfiA2QlS9j2a5XLf20ji9F6fMdN55rgv0_aem_AbXU1QyE_PMlWfohOxzu4FARkxCYpxO7whlRoMb1JV-YOZdqr7aSjoi-Vd5WhnvZhUHn5kvXBtzI3bHnsdMuF8yX\u201d\">eu.IsagenixBusiness.com<\/a><\/p>\n<p>Isagenix non garantisce alcun livello di reddito per gli di reddito per nessun Incaricato alla Vendita. La capacit\u00e0 di guadagnare con Isagenix dipende da molti fattori. da molti fattori, tra cui le capacit\u00e0 Incaricato alla Vendita, dalle capacit\u00e0 sociali e di vendita di un singolo capacit\u00e0 di vendita, il duro lavoro, la disponibilit\u00e0 di tempo e risorse finanziarie e l&#8217;accesso a una una vasta rete di contatti, cos\u00ec come forze di mercato al di fuori del controllo dell&#8217;Incaricato alla Vendita. e\/o di Isagenix. Nel 2023, il guadagno medio di tutti gli Associati Isagenix degli Stati Uniti, attivi e non Incaricati alla Vendita, attivi e inattivi, era di 787 dollari al lordo delle spese. 787 dollari al lordo delle spese. Per maggiori informazioni, consultare IsagenixEarnings.com.<\/p>\n<\/div><\/div><\/div><\/div><\/div><\/p>\n","protected":false},"excerpt":{"rendered":"","protected":false},"author":18293,"featured_media":0,"parent":0,"menu_order":0,"comment_status":"closed","ping_status":"closed","template":"","meta":{"_acf_changed":false,"footnotes":""},"class_list":["post-208869","page","type-page","status-publish","hentry"],"acf":[],"_links":{"self":[{"href":"https:\/\/eu.isagenixbusiness.com\/it-eu\/wp-json\/wp\/v2\/pages\/208869","targetHints":{"allow":["GET"]}}],"collection":[{"href":"https:\/\/eu.isagenixbusiness.com\/it-eu\/wp-json\/wp\/v2\/pages"}],"about":[{"href":"https:\/\/eu.isagenixbusiness.com\/it-eu\/wp-json\/wp\/v2\/types\/page"}],"author":[{"embeddable":true,"href":"https:\/\/eu.isagenixbusiness.com\/it-eu\/wp-json\/wp\/v2\/users\/18293"}],"replies":[{"embeddable":true,"href":"https:\/\/eu.isagenixbusiness.com\/it-eu\/wp-json\/wp\/v2\/comments?post=208869"}],"version-history":[{"count":16,"href":"https:\/\/eu.isagenixbusiness.com\/it-eu\/wp-json\/wp\/v2\/pages\/208869\/revisions"}],"predecessor-version":[{"id":212136,"href":"https:\/\/eu.isagenixbusiness.com\/it-eu\/wp-json\/wp\/v2\/pages\/208869\/revisions\/212136"}],"wp:attachment":[{"href":"https:\/\/eu.isagenixbusiness.com\/it-eu\/wp-json\/wp\/v2\/media?parent=208869"}],"curies":[{"name":"wp","href":"https:\/\/api.w.org\/{rel}","templated":true}]}}