{"id":233454,"date":"2026-05-05T15:18:17","date_gmt":"2026-05-05T14:18:17","guid":{"rendered":"https:\/\/eu.isagenixbusiness.com\/?page_id=233454"},"modified":"2026-05-05T15:18:17","modified_gmt":"2026-05-05T14:18:17","slug":"reorder","status":"publish","type":"page","link":"https:\/\/eu.isagenixbusiness.com\/it-eu\/reorder\/","title":{"rendered":"Order History Update"},"content":{"rendered":"<p><div class=\"fusion-fullwidth fullwidth-box fusion-builder-row-1 fusion-flex-container has-pattern-background has-mask-background nonhundred-percent-fullwidth non-hundred-percent-height-scrolling fusion-no-small-visibility\" style=\"--awb-background-blend-mode:overlay;--awb-border-radius-top-left:0px;--awb-border-radius-top-right:0px;--awb-border-radius-bottom-right:0px;--awb-border-radius-bottom-left:0px;--awb-min-height:200px;--awb-flex-wrap:wrap;\" ><div class=\"fusion-builder-row fusion-row fusion-flex-align-items-flex-start fusion-flex-content-wrap\" style=\"max-width:1497.6px;margin-left: calc(-4% \/ 2 );margin-right: calc(-4% \/ 2 );\"><div class=\"fusion-layout-column fusion_builder_column fusion-builder-column-0 fusion_builder_column_1_1 1_1 fusion-flex-column fusion-flex-align-self-center\" style=\"--awb-bg-size:cover;--awb-width-large:100%;--awb-margin-top-large:0px;--awb-spacing-right-large:1.92%;--awb-margin-bottom-large:0px;--awb-spacing-left-large:1.92%;--awb-width-medium:100%;--awb-order-medium:0;--awb-spacing-right-medium:1.92%;--awb-spacing-left-medium:1.92%;--awb-width-small:100%;--awb-order-small:0;--awb-spacing-right-small:1.92%;--awb-spacing-left-small:1.92%;\" data-scroll-devices=\"small-visibility,medium-visibility,large-visibility\"><div class=\"fusion-column-wrapper fusion-column-has-shadow fusion-flex-justify-content-center fusion-content-layout-column\"><div class=\"fusion-image-element \" style=\"text-align:center;--awb-margin-top:10px;--awb-margin-bottom:0px;--awb-caption-title-font-family:var(--h2_typography-font-family);--awb-caption-title-font-weight:var(--h2_typography-font-weight);--awb-caption-title-font-style:var(--h2_typography-font-style);--awb-caption-title-size:var(--h2_typography-font-size);--awb-caption-title-transform:var(--h2_typography-text-transform);--awb-caption-title-line-height:var(--h2_typography-line-height);--awb-caption-title-letter-spacing:var(--h2_typography-letter-spacing);\"><span class=\" fusion-imageframe imageframe-none imageframe-1 hover-type-none\"><img decoding=\"async\" width=\"2000\" height=\"400\" title=\"IT Order History Update Banner\" src=\"https:\/\/eu.isagenixbusiness.com\/wp-content\/uploads\/2026\/04\/IT-Order-History-Update-Banner.png\" alt class=\"img-responsive wp-image-233456\" srcset=\"https:\/\/eu.isagenixbusiness.com\/wp-content\/uploads\/2026\/04\/IT-Order-History-Update-Banner-200x40.png 200w, https:\/\/eu.isagenixbusiness.com\/wp-content\/uploads\/2026\/04\/IT-Order-History-Update-Banner-400x80.png 400w, https:\/\/eu.isagenixbusiness.com\/wp-content\/uploads\/2026\/04\/IT-Order-History-Update-Banner-600x120.png 600w, https:\/\/eu.isagenixbusiness.com\/wp-content\/uploads\/2026\/04\/IT-Order-History-Update-Banner-800x160.png 800w, https:\/\/eu.isagenixbusiness.com\/wp-content\/uploads\/2026\/04\/IT-Order-History-Update-Banner-1200x240.png 1200w, https:\/\/eu.isagenixbusiness.com\/wp-content\/uploads\/2026\/04\/IT-Order-History-Update-Banner.png 2000w\" sizes=\"(max-width: 1024px) 100vw, (max-width: 640px) 100vw, 2000px\" \/><\/span><\/div><\/div><\/div><\/div><\/div><div class=\"fusion-fullwidth fullwidth-box fusion-builder-row-2 fusion-flex-container has-pattern-background has-mask-background nonhundred-percent-fullwidth non-hundred-percent-height-scrolling\" style=\"--awb-border-radius-top-left:0px;--awb-border-radius-top-right:0px;--awb-border-radius-bottom-right:0px;--awb-border-radius-bottom-left:0px;--awb-flex-wrap:wrap;\" ><div class=\"fusion-builder-row fusion-row fusion-flex-align-items-flex-start fusion-flex-content-wrap\" style=\"max-width:1497.6px;margin-left: calc(-4% \/ 2 );margin-right: calc(-4% \/ 2 );\"><div class=\"fusion-layout-column fusion_builder_column fusion-builder-column-1 fusion_builder_column_1_1 1_1 fusion-flex-column\" style=\"--awb-bg-size:cover;--awb-width-large:100%;--awb-margin-top-large:0px;--awb-spacing-right-large:1.92%;--awb-margin-bottom-large:20px;--awb-spacing-left-large:1.92%;--awb-width-medium:100%;--awb-order-medium:0;--awb-spacing-right-medium:1.92%;--awb-spacing-left-medium:1.92%;--awb-width-small:100%;--awb-order-small:0;--awb-spacing-right-small:1.92%;--awb-spacing-left-small:1.92%;\"><div class=\"fusion-column-wrapper fusion-column-has-shadow fusion-flex-justify-content-flex-start fusion-content-layout-column\"><div class=\"fusion-text fusion-text-1\" style=\"--awb-content-alignment:justify;--awb-font-size:16px;--awb-text-color:#54585a;--awb-margin-top:30px;--awb-margin-right:40px;--awb-margin-left:40px;--awb-text-font-family:&quot;Nunito Sans&quot;;--awb-text-font-style:normal;--awb-text-font-weight:400;\"><p>Siamo felici di presentarti un nuovo miglioramento della Cronologia degli ordini, pensato per rendere gli ordini ripetuti pi\u00f9 rapidi e comodi. Cos\u00ec sar\u00e0 pi\u00f9 semplice riordinare i prodotti che ami.<\/p>\n<p>Ora puoi tornare agli ordini precedenti idonei, selezionare i prodotti che desideri di nuovo e aggiungerli direttamente al carrello in pochi clic.<\/p>\n<p><strong>Dove trovarlo<\/strong><\/p>\n<ul>\n<li>Accedi al tuo account e visita Cronologia Ordini dal tuo back office o shopping account.<\/li>\n<li>Apri un ordine precedente idoneo e vedrai l\u2019opzione per riordinare i prodotti direttamente da quell\u2019ordine.<\/li>\n<li>Seleziona gli articoli che desideri acquistare di nuovo, aggiungili al carrello e prosegui con il checkout come di consueto.<\/li>\n<\/ul>\n<p>Alcuni prodotti degli ordini precedenti potrebbero non essere disponibili per il riordino (consulta le FAQ per ulteriori dettagli). Se un articolo selezionato non \u00e8 disponibile, verr\u00e0 rimosso dal carrello.<\/p>\n<\/div><div class=\"fusion-title title fusion-title-1 fusion-title-text fusion-title-size-one\" style=\"--awb-text-color:var(--awb-color3);--awb-margin-top:10px;--awb-margin-right:80px;--awb-margin-bottom:0px;--awb-margin-left:40px;--awb-margin-top-small:0px;--awb-margin-right-small:0px;--awb-margin-bottom-small:20px;--awb-margin-left-small:0px;--awb-font-size:40px;\"><div class=\"title-sep-container title-sep-container-left fusion-no-large-visibility fusion-no-medium-visibility fusion-no-small-visibility\"><div class=\"title-sep sep- sep-solid\" style=\"border-color:#eeefee;\"><\/div><\/div><span class=\"awb-title-spacer fusion-no-large-visibility fusion-no-medium-visibility fusion-no-small-visibility\"><\/span><h1 class=\"fusion-title-heading title-heading-left fusion-responsive-typography-calculated\" style=\"font-family:&quot;Nunito Sans&quot;;font-style:normal;font-weight:400;margin:0;letter-spacing:0px;font-size:1em;--fontSize:40;line-height:1.2;\">FAQ<\/h1><span class=\"awb-title-spacer\"><\/span><div class=\"title-sep-container title-sep-container-right\"><div class=\"title-sep sep- sep-solid\" style=\"border-color:#eeefee;\"><\/div><\/div><\/div><\/div><\/div><div class=\"fusion-layout-column fusion_builder_column fusion-builder-column-2 fusion_builder_column_1_1 1_1 fusion-flex-column fusion-flex-align-self-center\" style=\"--awb-bg-size:cover;--awb-width-large:100%;--awb-margin-top-large:0px;--awb-spacing-right-large:40px;--awb-margin-bottom-large:20px;--awb-spacing-left-large:80px;--awb-width-medium:100%;--awb-order-medium:0;--awb-spacing-right-medium:1.92%;--awb-spacing-left-medium:1.92%;--awb-width-small:100%;--awb-order-small:0;--awb-spacing-right-small:1.92%;--awb-spacing-left-small:1.92%;\" data-scroll-devices=\"small-visibility,medium-visibility,large-visibility\"><div class=\"fusion-column-wrapper fusion-column-has-shadow fusion-flex-justify-content-center fusion-content-layout-column\"><div class=\"accordian fusion-accordian\" style=\"--awb-border-size:1px;--awb-icon-size:13px;--awb-content-font-size:16px;--awb-icon-alignment:left;--awb-hover-color:#f9f9f9;--awb-border-color:#eeefee;--awb-background-color:#ffffff;--awb-divider-color:#eeefee;--awb-divider-hover-color:#eeefee;--awb-icon-color:#ffffff;--awb-title-color:#54585a;--awb-content-color:#54585a;--awb-icon-box-color:#55585a;--awb-toggle-hover-accent-color:#00778b;--awb-title-font-family:&quot;Montserrat&quot;;--awb-title-font-weight:400;--awb-title-font-style:normal;--awb-title-font-size:13px;--awb-content-font-family:&quot;Montserrat&quot;;--awb-content-font-style:normal;--awb-content-font-weight:400;\"><div class=\"panel-group fusion-toggle-icon-boxed\" id=\"accordion-233454-1\"><div class=\"fusion-panel panel-default panel-88918026fd07fb4ea fusion-toggle-has-divider\" style=\"--awb-content-font-size:16px;--awb-content-font-family:&quot;Nunito Sans&quot;;--awb-content-font-style:normal;--awb-content-font-weight:400;--awb-title-font-family:&quot;Nunito Sans&quot;;--awb-title-font-weight:400;--awb-title-font-style:normal;--awb-title-font-size:16px;--awb-title-color:#54585a;--awb-content-color:#54585a;\"><div class=\"panel-heading\"><h4 class=\"panel-title toggle\" id=\"toggle_88918026fd07fb4ea\"><a aria-expanded=\"false\" aria-controls=\"88918026fd07fb4ea\" role=\"button\" data-toggle=\"collapse\" data-parent=\"#accordion-233454-1\" data-target=\"#88918026fd07fb4ea\" href=\"#88918026fd07fb4ea\"><span class=\"fusion-toggle-icon-wrapper\" aria-hidden=\"true\"><i class=\"fa-fusion-box active-icon awb-icon-minus\" aria-hidden=\"true\"><\/i><i class=\"fa-fusion-box inactive-icon awb-icon-plus\" aria-hidden=\"true\"><\/i><\/span><span class=\"fusion-toggle-heading\">Quali ordini precedenti possono essere riordinati? <\/span><\/a><\/h4><\/div><div id=\"88918026fd07fb4ea\" class=\"panel-collapse collapse \" aria-labelledby=\"toggle_88918026fd07fb4ea\"><div class=\"panel-body toggle-content fusion-clearfix\">\n<p>Gli ordini singoli idonei, gli ordini in abbonamento e gli ordini annullati restituiti potrebbero essere disponibili per il riordino.<\/p>\n<\/div><\/div><\/div><div class=\"fusion-panel panel-default panel-d16e4f716b94f757f fusion-toggle-has-divider\" style=\"--awb-content-font-size:16px;--awb-content-font-family:&quot;Nunito Sans&quot;;--awb-content-font-style:normal;--awb-content-font-weight:400;--awb-title-font-family:&quot;Nunito Sans&quot;;--awb-title-font-weight:400;--awb-title-font-style:normal;--awb-title-font-size:16px;--awb-title-color:#54585a;--awb-content-color:#54585a;\"><div class=\"panel-heading\"><h4 class=\"panel-title toggle\" id=\"toggle_d16e4f716b94f757f\"><a aria-expanded=\"false\" aria-controls=\"d16e4f716b94f757f\" role=\"button\" data-toggle=\"collapse\" data-parent=\"#accordion-233454-1\" data-target=\"#d16e4f716b94f757f\" href=\"#d16e4f716b94f757f\"><span class=\"fusion-toggle-icon-wrapper\" aria-hidden=\"true\"><i class=\"fa-fusion-box active-icon awb-icon-minus\" aria-hidden=\"true\"><\/i><i class=\"fa-fusion-box inactive-icon awb-icon-plus\" aria-hidden=\"true\"><\/i><\/span><span class=\"fusion-toggle-heading\">Posso riordinare solo alcuni articoli? <\/span><\/a><\/h4><\/div><div id=\"d16e4f716b94f757f\" class=\"panel-collapse collapse \" aria-labelledby=\"toggle_d16e4f716b94f757f\"><div class=\"panel-body toggle-content fusion-clearfix\">\n<p>S\u00ec. Puoi scegliere prodotti specifici da un ordine precedente invece di riordinare tutto.<\/p>\n<\/div><\/div><\/div><div class=\"fusion-panel panel-default panel-1838c2e14fb7bc300 fusion-toggle-has-divider\" style=\"--awb-content-font-size:16px;--awb-content-font-family:&quot;Nunito Sans&quot;;--awb-content-font-style:normal;--awb-content-font-weight:400;--awb-title-font-family:&quot;Nunito Sans&quot;;--awb-title-font-weight:400;--awb-title-font-style:normal;--awb-title-font-size:16px;--awb-title-color:#54585a;--awb-content-color:#54585a;\"><div class=\"panel-heading\"><h4 class=\"panel-title toggle\" id=\"toggle_1838c2e14fb7bc300\"><a aria-expanded=\"false\" aria-controls=\"1838c2e14fb7bc300\" role=\"button\" data-toggle=\"collapse\" data-parent=\"#accordion-233454-1\" data-target=\"#1838c2e14fb7bc300\" href=\"#1838c2e14fb7bc300\"><span class=\"fusion-toggle-icon-wrapper\" aria-hidden=\"true\"><i class=\"fa-fusion-box active-icon awb-icon-minus\" aria-hidden=\"true\"><\/i><i class=\"fa-fusion-box inactive-icon awb-icon-plus\" aria-hidden=\"true\"><\/i><\/span><span class=\"fusion-toggle-heading\">Cosa succede se un prodotto non \u00e8 pi\u00f9 disponibile? <\/span><\/a><\/h4><\/div><div id=\"1838c2e14fb7bc300\" class=\"panel-collapse collapse \" aria-labelledby=\"toggle_1838c2e14fb7bc300\"><div class=\"panel-body toggle-content fusion-clearfix\">\n<p>Se un articolo \u00e8 esaurito, fuori produzione, in edizione limitata o non pi\u00f9 acquistabile, non verr\u00e0 aggiunto al carrello e verr\u00e0 mostrato un messaggio sulla pagina.<\/p>\n<\/div><\/div><\/div><div class=\"fusion-panel panel-default panel-4eebf9c574b4f062e fusion-toggle-has-divider\" style=\"--awb-content-font-size:16px;--awb-content-font-family:&quot;Nunito Sans&quot;;--awb-content-font-style:normal;--awb-content-font-weight:400;--awb-title-font-family:&quot;Nunito Sans&quot;;--awb-title-font-weight:400;--awb-title-font-style:normal;--awb-title-font-size:16px;--awb-title-color:#54585a;--awb-content-color:#54585a;\"><div class=\"panel-heading\"><h4 class=\"panel-title toggle\" id=\"toggle_4eebf9c574b4f062e\"><a aria-expanded=\"false\" aria-controls=\"4eebf9c574b4f062e\" role=\"button\" data-toggle=\"collapse\" data-parent=\"#accordion-233454-1\" data-target=\"#4eebf9c574b4f062e\" href=\"#4eebf9c574b4f062e\"><span class=\"fusion-toggle-icon-wrapper\" aria-hidden=\"true\"><i class=\"fa-fusion-box active-icon awb-icon-minus\" aria-hidden=\"true\"><\/i><i class=\"fa-fusion-box inactive-icon awb-icon-plus\" aria-hidden=\"true\"><\/i><\/span><span class=\"fusion-toggle-heading\">Cosa succede agli articoli promozionali di un ordine precedente? <\/span><\/a><\/h4><\/div><div id=\"4eebf9c574b4f062e\" class=\"panel-collapse collapse \" aria-labelledby=\"toggle_4eebf9c574b4f062e\"><div class=\"panel-body toggle-content fusion-clearfix\">\n<p>Gli articoli promozionali di un ordine precedente potrebbero ancora apparire come prodotti selezionabili durante il riordino. Se la promozione \u00e8 terminata ma l\u2019articolo \u00e8 ancora disponibile, verr\u00e0 aggiunto al carrello al prezzo regolare attuale anzich\u00e9 al precedente prezzo promozionale. Se l\u2019articolo non \u00e8 pi\u00f9 disponibile, non verr\u00e0 aggiunto.<\/p>\n<\/div><\/div><\/div><div class=\"fusion-panel panel-default panel-49442782d6cf7b382 fusion-toggle-has-divider\" style=\"--awb-content-font-size:16px;--awb-content-font-family:&quot;Nunito Sans&quot;;--awb-content-font-style:normal;--awb-content-font-weight:400;--awb-title-font-family:&quot;Nunito Sans&quot;;--awb-title-font-weight:400;--awb-title-font-style:normal;--awb-title-font-size:16px;--awb-title-color:#54585a;--awb-content-color:#54585a;\"><div class=\"panel-heading\"><h4 class=\"panel-title toggle\" id=\"toggle_49442782d6cf7b382\"><a aria-expanded=\"false\" aria-controls=\"49442782d6cf7b382\" role=\"button\" data-toggle=\"collapse\" data-parent=\"#accordion-233454-1\" data-target=\"#49442782d6cf7b382\" href=\"#49442782d6cf7b382\"><span class=\"fusion-toggle-icon-wrapper\" aria-hidden=\"true\"><i class=\"fa-fusion-box active-icon awb-icon-minus\" aria-hidden=\"true\"><\/i><i class=\"fa-fusion-box inactive-icon awb-icon-plus\" aria-hidden=\"true\"><\/i><\/span><span class=\"fusion-toggle-heading\">Cosa succede se un pack o bundle \u00e8 cambiato dall\u2019ultima volta che l\u2019ho ordinato? <\/span><\/a><\/h4><\/div><div id=\"49442782d6cf7b382\" class=\"panel-collapse collapse \" aria-labelledby=\"toggle_49442782d6cf7b382\"><div class=\"panel-body toggle-content fusion-clearfix\">\n<p>Se un pack, bundle o kit di un ordine precedente \u00e8 cambiato dal tuo acquisto originale, potresti ancora poterlo riordinare, ma apparir\u00e0 una notifica sull\u2019articolo per informarti che la configurazione \u00e8 stata aggiornata.<\/p>\n<\/div><\/div><\/div><div class=\"fusion-panel panel-default panel-935526b687ee102ce fusion-toggle-has-divider\" style=\"--awb-content-font-size:16px;--awb-content-font-family:&quot;Nunito Sans&quot;;--awb-content-font-style:normal;--awb-content-font-weight:400;--awb-title-font-family:&quot;Nunito Sans&quot;;--awb-title-font-weight:400;--awb-title-font-style:normal;--awb-title-font-size:16px;--awb-title-color:#54585a;--awb-content-color:#54585a;\"><div class=\"panel-heading\"><h4 class=\"panel-title toggle\" id=\"toggle_935526b687ee102ce\"><a aria-expanded=\"false\" aria-controls=\"935526b687ee102ce\" role=\"button\" data-toggle=\"collapse\" data-parent=\"#accordion-233454-1\" data-target=\"#935526b687ee102ce\" href=\"#935526b687ee102ce\"><span class=\"fusion-toggle-icon-wrapper\" aria-hidden=\"true\"><i class=\"fa-fusion-box active-icon awb-icon-minus\" aria-hidden=\"true\"><\/i><i class=\"fa-fusion-box inactive-icon awb-icon-plus\" aria-hidden=\"true\"><\/i><\/span><span class=\"fusion-toggle-heading\">Perch\u00e9 non posso selezionare alcuni articoli di un ordine precedente? <\/span><\/a><\/h4><\/div><div id=\"935526b687ee102ce\" class=\"panel-collapse collapse \" aria-labelledby=\"toggle_935526b687ee102ce\"><div class=\"panel-body toggle-content fusion-clearfix\">\n<p>Alcuni prodotti non sono idonei al riordino, come memberships, donazioni, articoli relativi alla consegna o altri prodotti non spedibili. In questo caso, tali articoli potrebbero apparire non disponibili alla selezione e verr\u00e0 mostrato un messaggio sulla pagina.<\/p>\n<\/div><\/div><\/div><\/div><\/div><\/div><\/div><\/div><\/div><\/p>\n","protected":false},"excerpt":{"rendered":"","protected":false},"author":18298,"featured_media":0,"parent":0,"menu_order":0,"comment_status":"closed","ping_status":"closed","template":"100-width.php","meta":{"_acf_changed":false,"footnotes":""},"class_list":["post-233454","page","type-page","status-publish","hentry"],"acf":[],"_links":{"self":[{"href":"https:\/\/eu.isagenixbusiness.com\/it-eu\/wp-json\/wp\/v2\/pages\/233454","targetHints":{"allow":["GET"]}}],"collection":[{"href":"https:\/\/eu.isagenixbusiness.com\/it-eu\/wp-json\/wp\/v2\/pages"}],"about":[{"href":"https:\/\/eu.isagenixbusiness.com\/it-eu\/wp-json\/wp\/v2\/types\/page"}],"author":[{"embeddable":true,"href":"https:\/\/eu.isagenixbusiness.com\/it-eu\/wp-json\/wp\/v2\/users\/18298"}],"replies":[{"embeddable":true,"href":"https:\/\/eu.isagenixbusiness.com\/it-eu\/wp-json\/wp\/v2\/comments?post=233454"}],"version-history":[{"count":5,"href":"https:\/\/eu.isagenixbusiness.com\/it-eu\/wp-json\/wp\/v2\/pages\/233454\/revisions"}],"predecessor-version":[{"id":233465,"href":"https:\/\/eu.isagenixbusiness.com\/it-eu\/wp-json\/wp\/v2\/pages\/233454\/revisions\/233465"}],"wp:attachment":[{"href":"https:\/\/eu.isagenixbusiness.com\/it-eu\/wp-json\/wp\/v2\/media?parent=233454"}],"curies":[{"name":"wp","href":"https:\/\/api.w.org\/{rel}","templated":true}]}}