{"id":116585,"date":"2022-02-09T12:48:14","date_gmt":"2022-02-09T12:48:14","guid":{"rendered":"https:\/\/eu.isagenixbusiness.com\/global-top-achievers-2023\/"},"modified":"2022-09-05T11:47:05","modified_gmt":"2022-09-05T10:47:05","slug":"global-top-achievers-2023","status":"publish","type":"page","link":"https:\/\/eu.isagenixbusiness.com\/nl-eu\/global-top-achievers-2023\/","title":{"rendered":"Global Top Achievers 2023"},"content":{"rendered":"<p><div class=\"fusion-fullwidth fullwidth-box fusion-builder-row-1 fusion-flex-container fusion-parallax-none nonhundred-percent-fullwidth non-hundred-percent-height-scrolling\" style=\"--awb-background-blend-mode:overlay;--awb-border-radius-top-left:0px;--awb-border-radius-top-right:0px;--awb-border-radius-bottom-right:0px;--awb-border-radius-bottom-left:0px;--awb-min-height:450px;--awb-background-color:rgba(0,0,0,0.5);--awb-background-image:url(&quot;https:\/\/eu.isagenixbusiness.com\/wp-content\/uploads\/2022\/02\/Fiji-Businness-Page-Header.png&quot;);--awb-background-size:cover;--awb-flex-wrap:wrap;\" ><div class=\"fusion-builder-row fusion-row fusion-flex-align-items-center fusion-flex-align-content-center fusion-flex-justify-content-center fusion-flex-content-wrap\" style=\"max-width:1497.6px;margin-left: calc(-4% \/ 2 );margin-right: calc(-4% \/ 2 );\"><div class=\"fusion-layout-column fusion_builder_column fusion-builder-column-0 fusion_builder_column_1_1 1_1 fusion-flex-column fusion-flex-align-self-center\" style=\"--awb-bg-size:cover;--awb-width-large:100%;--awb-margin-top-large:0px;--awb-spacing-right-large:1.92%;--awb-margin-bottom-large:20px;--awb-spacing-left-large:1.92%;--awb-width-medium:100%;--awb-order-medium:0;--awb-spacing-right-medium:1.92%;--awb-spacing-left-medium:1.92%;--awb-width-small:100%;--awb-order-small:0;--awb-spacing-right-small:1.92%;--awb-spacing-left-small:1.92%;\"><div class=\"fusion-column-wrapper fusion-column-has-shadow fusion-flex-justify-content-center fusion-content-layout-column\"><div class=\"fusion-text fusion-text-1\" style=\"--awb-text-color:#ffffff;\"><h1 class=\"\" style=\"text-align: center; color: #ffffff; --fontsize: 36; line-height: 1;\" data-fontsize=\"36\" data-lineheight=\"36px\">Global Top Achievers 2023<\/h1>\n<\/div><div class=\"fusion-text fusion-text-2\" style=\"--awb-text-transform:none;\"><p style=\"text-align: center; color: #ffffff;\">26 &#8211; 30 april 2023 | Fiji<\/p>\n<\/div><\/div><\/div><\/div><\/div><div class=\"fusion-fullwidth fullwidth-box fusion-builder-row-2 fusion-flex-container nonhundred-percent-fullwidth non-hundred-percent-height-scrolling\" style=\"--awb-border-radius-top-left:0px;--awb-border-radius-top-right:0px;--awb-border-radius-bottom-right:0px;--awb-border-radius-bottom-left:0px;--awb-padding-top:21px;--awb-flex-wrap:wrap;\" ><div class=\"fusion-builder-row fusion-row fusion-flex-align-items-flex-start fusion-flex-content-wrap\" style=\"max-width:1497.6px;margin-left: calc(-4% \/ 2 );margin-right: calc(-4% \/ 2 );\"><div class=\"fusion-layout-column fusion_builder_column fusion-builder-column-1 fusion_builder_column_1_1 1_1 fusion-flex-column\" style=\"--awb-bg-size:cover;--awb-width-large:100%;--awb-margin-top-large:0px;--awb-spacing-right-large:1.92%;--awb-margin-bottom-large:20px;--awb-spacing-left-large:1.92%;--awb-width-medium:100%;--awb-order-medium:0;--awb-spacing-right-medium:1.92%;--awb-spacing-left-medium:1.92%;--awb-width-small:100%;--awb-order-small:0;--awb-spacing-right-small:1.92%;--awb-spacing-left-small:1.92%;\"><div class=\"fusion-column-wrapper fusion-column-has-shadow fusion-flex-justify-content-flex-start fusion-content-layout-column\"><div class=\"fusion-text fusion-text-3\" style=\"--awb-text-transform:none;\"><h1 style=\"text-align: center;\"><b>WE GAAN OP WEG NAAR FIJI<\/b><\/h1>\n<\/div><div class=\"fusion-text fusion-text-4\" style=\"--awb-text-transform:none;\"><p style=\"text-align: center;\">Wereldwijde Toppresteerders erkent en beloont onze topleiders in actie met uitzonderlijke training, ontspanning en plezier.<\/p>\n<p style=\"text-align: center;\">Het beste gedeelte? Het vindt allemaal plaats op een van de mooiste bestemmingen ter wereld.<\/p>\n<\/div><\/div><\/div><\/div><\/div><div class=\"fusion-fullwidth fullwidth-box fusion-builder-row-3 fusion-flex-container nonhundred-percent-fullwidth non-hundred-percent-height-scrolling\" style=\"--awb-border-radius-top-left:0px;--awb-border-radius-top-right:0px;--awb-border-radius-bottom-right:0px;--awb-border-radius-bottom-left:0px;--awb-padding-top:24px;--awb-flex-wrap:wrap;\" ><div class=\"fusion-builder-row fusion-row fusion-flex-align-items-flex-start fusion-flex-content-wrap\" style=\"max-width:1497.6px;margin-left: calc(-4% \/ 2 );margin-right: calc(-4% \/ 2 );\"><div class=\"fusion-layout-column fusion_builder_column fusion-builder-column-2 fusion_builder_column_1_2 1_2 fusion-flex-column fusion-flex-align-self-center\" style=\"--awb-bg-size:cover;--awb-width-large:50%;--awb-margin-top-large:0px;--awb-spacing-right-large:3.84%;--awb-margin-bottom-large:20px;--awb-spacing-left-large:3.84%;--awb-width-medium:100%;--awb-order-medium:0;--awb-spacing-right-medium:1.92%;--awb-spacing-left-medium:1.92%;--awb-width-small:100%;--awb-order-small:0;--awb-spacing-right-small:1.92%;--awb-spacing-left-small:1.92%;\"><div class=\"fusion-column-wrapper fusion-column-has-shadow fusion-flex-justify-content-center fusion-content-layout-column\"><div class=\"fusion-text fusion-text-5\" style=\"--awb-text-transform:none;\"><h2>HOE JE EEN PLAATS KUNT VERDIENEN:<\/h2>\n<ul>\n<li>Behoor tot de top 100 van Leader in Action punten verdieners tijdens de kwalificatieperiode.<\/li>\n<li>Moet tijdens de kwalificatieperiode minstens 26 weken betaald worden als Paid-as Executive (de weken hoeven niet opeenvolgend te zijn).<\/li>\n<\/ul>\n<p style=\"padding-left: 40px;\"><b>OF<\/b><\/p>\n<ul>\n<li>Verdien USD$500.000+ tijdens de kwalificatieperiode.<\/li>\n<li>Tijdens de kwalificatieperiode minstens 45 weken betaald worden als Paid-as Executive (de weken hoeven niet opeenvolgend te zijn).<\/li>\n<\/ul>\n<\/div><\/div><\/div><div class=\"fusion-layout-column fusion_builder_column fusion-builder-column-3 fusion_builder_column_1_2 1_2 fusion-flex-column\" style=\"--awb-bg-size:cover;--awb-width-large:50%;--awb-margin-top-large:0px;--awb-spacing-right-large:3.84%;--awb-margin-bottom-large:20px;--awb-spacing-left-large:3.84%;--awb-width-medium:100%;--awb-order-medium:0;--awb-spacing-right-medium:1.92%;--awb-spacing-left-medium:1.92%;--awb-width-small:100%;--awb-order-small:0;--awb-spacing-right-small:1.92%;--awb-spacing-left-small:1.92%;\"><div class=\"fusion-column-wrapper fusion-column-has-shadow fusion-flex-justify-content-flex-start fusion-content-layout-column\"><div class=\"fusion-video fusion-vimeo\" style=\"--awb-max-width:600px;--awb-max-height:360px;\"><div class=\"video-shortcode\"><div class=\"fluid-width-video-wrapper\" style=\"padding-top:60%;\" ><iframe title=\"Vimeo video player 1\" src=\"https:\/\/player.vimeo.com\/video\/669491412?autoplay=0&amp;autopause=0\" width=\"600\" height=\"360\" allowfullscreen allow=\"autoplay; fullscreen\"><\/iframe><\/div><\/div><\/div><\/div><\/div><\/div><\/div><div class=\"fusion-fullwidth fullwidth-box fusion-builder-row-4 fusion-flex-container nonhundred-percent-fullwidth non-hundred-percent-height-scrolling\" style=\"--awb-border-radius-top-left:0px;--awb-border-radius-top-right:0px;--awb-border-radius-bottom-right:0px;--awb-border-radius-bottom-left:0px;--awb-padding-top:21px;--awb-background-color:var(--awb-custom13);--awb-flex-wrap:wrap;\" ><div class=\"fusion-builder-row fusion-row fusion-flex-align-items-flex-start fusion-flex-content-wrap\" style=\"max-width:1497.6px;margin-left: calc(-4% \/ 2 );margin-right: calc(-4% \/ 2 );\"><div class=\"fusion-layout-column fusion_builder_column fusion-builder-column-4 fusion_builder_column_1_3 1_3 fusion-flex-column\" style=\"--awb-bg-size:cover;--awb-width-large:33.333333333333%;--awb-margin-top-large:0px;--awb-spacing-right-large:5.76%;--awb-margin-bottom-large:20px;--awb-spacing-left-large:5.76%;--awb-width-medium:100%;--awb-order-medium:0;--awb-spacing-right-medium:1.92%;--awb-spacing-left-medium:1.92%;--awb-width-small:100%;--awb-order-small:0;--awb-spacing-right-small:1.92%;--awb-spacing-left-small:1.92%;\"><div class=\"fusion-column-wrapper fusion-column-has-shadow fusion-flex-justify-content-flex-start fusion-content-layout-column\"><div class=\"fusion-image-element \" style=\"--awb-caption-title-font-family:var(--h2_typography-font-family);--awb-caption-title-font-weight:var(--h2_typography-font-weight);--awb-caption-title-font-style:var(--h2_typography-font-style);--awb-caption-title-size:var(--h2_typography-font-size);--awb-caption-title-transform:var(--h2_typography-text-transform);--awb-caption-title-line-height:var(--h2_typography-line-height);--awb-caption-title-letter-spacing:var(--h2_typography-letter-spacing);\"><span class=\" fusion-imageframe imageframe-none imageframe-1 hover-type-none\"><img decoding=\"async\" width=\"400\" height=\"297\" title=\"beach_6_800x593-400&#215;297\" src=\"https:\/\/eu.isagenixbusiness.com\/wp-content\/uploads\/2022\/02\/beach_6_800x593-400x297-1.jpg\" alt class=\"img-responsive wp-image-116565\" srcset=\"https:\/\/eu.isagenixbusiness.com\/wp-content\/uploads\/2022\/02\/beach_6_800x593-400x297-1-200x149.jpg 200w, https:\/\/eu.isagenixbusiness.com\/wp-content\/uploads\/2022\/02\/beach_6_800x593-400x297-1.jpg 400w\" sizes=\"(max-width: 1024px) 100vw, (max-width: 640px) 100vw, 400px\" \/><\/span><\/div><\/div><\/div><div class=\"fusion-layout-column fusion_builder_column fusion-builder-column-5 fusion_builder_column_2_3 2_3 fusion-flex-column\" style=\"--awb-bg-size:cover;--awb-width-large:66.666666666667%;--awb-margin-top-large:0px;--awb-spacing-right-large:0.144%;--awb-margin-bottom-large:20px;--awb-spacing-left-large:0.432%;--awb-width-medium:100%;--awb-order-medium:0;--awb-spacing-right-medium:1.92%;--awb-spacing-left-medium:1.92%;--awb-width-small:100%;--awb-order-small:0;--awb-spacing-right-small:1.92%;--awb-spacing-left-small:1.92%;\"><div class=\"fusion-column-wrapper fusion-column-has-shadow fusion-flex-justify-content-flex-start fusion-content-layout-column\"><div class=\"fusion-title title fusion-title-1 fusion-title-text fusion-title-size-two\" style=\"--awb-margin-top-small:0px;--awb-margin-right-small:0px;--awb-margin-bottom-small:20px;--awb-margin-left-small:0px;\"><div class=\"title-sep-container title-sep-container-left fusion-no-large-visibility fusion-no-medium-visibility fusion-no-small-visibility\"><div class=\"title-sep sep- sep-solid\" style=\"border-color:#eeefee;\"><\/div><\/div><span class=\"awb-title-spacer fusion-no-large-visibility fusion-no-medium-visibility fusion-no-small-visibility\"><\/span><h2 class=\"fusion-title-heading title-heading-left fusion-responsive-typography-calculated\" style=\"margin:0;--fontSize:32;line-height:1;\">WEDSTRIJDINFORMATIE<\/h2><span class=\"awb-title-spacer\"><\/span><div class=\"title-sep-container title-sep-container-right\"><div class=\"title-sep sep- sep-solid\" style=\"border-color:#eeefee;\"><\/div><\/div><\/div><div class=\"fusion-text fusion-text-6\" style=\"--awb-text-transform:none;\"><p><strong>KWALIFICATIEPERIODE:<\/strong> Jan. 24, 2022 &#8211; Jan. 22, 2023<\/p>\n<p><strong>HOEVEEL WINNAARS:<\/strong> 100 businesscenters<\/p>\n<p><strong>LANDEN DIE DEELNEMEN:<\/strong> Australi\u00eb, Canada, Europa, Japan, Mexico, Nieuw-Zeeland, Puerto Rico, Zuid-Korea, Verenigde Staten<\/p>\n<p><b><span style=\"background-color: var(--awb-custom13); color: var(--body_typography-color); font-family: var(--body_typography-font-family); font-size: var(--body_typography-font-size); font-style: var(--body_typography-font-style,normal); letter-spacing: var(--body_typography-letter-spacing);\">REISGEGEVENS: <\/span><\/b><span style=\"background-color: var(--awb-custom13); color: var(--body_typography-color); font-family: var(--body_typography-font-family); font-size: var(--body_typography-font-size); font-style: var(--body_typography-font-style,normal); letter-spacing: var(--body_typography-letter-spacing);\">26 &#8211; 30 april<\/span><span style=\"background-color: var(--awb-custom13); color: var(--body_typography-color); font-family: var(--body_typography-font-family); font-size: var(--body_typography-font-size); font-style: var(--body_typography-font-style,normal); letter-spacing: var(--body_typography-letter-spacing);\">\u00a02023<\/span><\/p>\n<ul>\n<li>Hotel door Isagenix betaald<\/li>\n<li>Alle bijkomende kosten worden gedekt door de Associate<\/li>\n<li>Vlucht door Isagenix betaald<\/li>\n<li>Grondtransport (Nadere bijzonderheden zullen in de aanloop tot het evenement worden verstrekt)<\/li>\n<\/ul>\n<\/div><\/div><\/div><\/div><\/div><div class=\"fusion-fullwidth fullwidth-box fusion-builder-row-5 fusion-flex-container nonhundred-percent-fullwidth non-hundred-percent-height-scrolling\" style=\"--awb-border-radius-top-left:0px;--awb-border-radius-top-right:0px;--awb-border-radius-bottom-right:0px;--awb-border-radius-bottom-left:0px;--awb-padding-top:20px;--awb-flex-wrap:wrap;\" ><div class=\"fusion-builder-row fusion-row fusion-flex-align-items-flex-start fusion-flex-content-wrap\" style=\"max-width:1497.6px;margin-left: calc(-4% \/ 2 );margin-right: calc(-4% \/ 2 );\"><div class=\"fusion-layout-column fusion_builder_column fusion-builder-column-6 fusion_builder_column_1_1 1_1 fusion-flex-column\" style=\"--awb-bg-size:cover;--awb-width-large:100%;--awb-margin-top-large:0px;--awb-spacing-right-large:1.92%;--awb-margin-bottom-large:20px;--awb-spacing-left-large:1.92%;--awb-width-medium:100%;--awb-order-medium:0;--awb-spacing-right-medium:1.92%;--awb-spacing-left-medium:1.92%;--awb-width-small:100%;--awb-order-small:0;--awb-spacing-right-small:1.92%;--awb-spacing-left-small:1.92%;\"><div class=\"fusion-column-wrapper fusion-column-has-shadow fusion-flex-justify-content-flex-start fusion-content-layout-column\"><div class=\"fusion-tabs fusion-tabs-1 clean nav-is-justified horizontal-tabs icon-position-left mobile-mode-accordion\" style=\"--awb-title-border-radius-top-left:0px;--awb-title-border-radius-top-right:0px;--awb-title-border-radius-bottom-right:0px;--awb-title-border-radius-bottom-left:0px;--awb-inactive-color:#c7c9c7;--awb-background-color:#00778b;--awb-border-color:rgba(235,234,234,0);--awb-active-border-color:var(--awb-color5);\"><div class=\"nav\"><ul class=\"nav-tabs nav-justified\" role=\"tablist\" aria-orientation=\"horizontal\"><li class=\"active\" role=\"presentation\"><a class=\"tab-link\" data-toggle=\"tab\" role=\"tab\" aria-controls=\"tab-18ed525ce75575eb74b\" aria-selected=\"true\" tabindex=\"0\" id=\"fusion-tab-18ed525ce75575eb74b\" href=\"#tab-18ed525ce75575eb74b\"><h4 class=\"fusion-tab-heading\">FAQS<\/h4><\/a><\/li><li  role=\"presentation\"><a class=\"tab-link\" data-toggle=\"tab\" role=\"tab\" aria-controls=\"tab-1b5c253cc569c49a4a8\" aria-selected=\"false\" tabindex=\"-1\" id=\"fusion-tab-1b5c253cc569c49a4a8\" href=\"#tab-1b5c253cc569c49a4a8\"><h4 class=\"fusion-tab-heading\">COMMISSIEKALENDER<\/h4><\/a><\/li><li  role=\"presentation\"><a class=\"tab-link\" data-toggle=\"tab\" role=\"tab\" aria-controls=\"tab-203353a78118fe85701\" aria-selected=\"false\" tabindex=\"-1\" id=\"fusion-tab-203353a78118fe85701\" href=\"#tab-203353a78118fe85701\"><h4 class=\"fusion-tab-heading\">INFORMATIE OVER HOTEL EN LOCATIE<\/h4><\/a><\/li><\/ul><\/div><div class=\"tab-content\"><div class=\"nav fusion-mobile-tab-nav\"><ul class=\"nav-tabs nav-justified\" role=\"tablist\" aria-orientation=\"horizontal\"><li class=\"active\" role=\"presentation\"><a class=\"tab-link\" data-toggle=\"tab\" role=\"tab\" aria-controls=\"tab-18ed525ce75575eb74b\" aria-selected=\"true\" tabindex=\"0\" id=\"mobile-fusion-tab-18ed525ce75575eb74b\" href=\"#tab-18ed525ce75575eb74b\"><h4 class=\"fusion-tab-heading\">FAQS<\/h4><\/a><\/li><\/ul><\/div><div class=\"tab-pane fade fusion-clearfix in active\" role=\"tabpanel\" tabindex=\"0\" aria-labelledby=\"fusion-tab-18ed525ce75575eb74b\" id=\"tab-18ed525ce75575eb74b\">\n<p><strong>V: Hoe vaak wordt het scorebord bijgewerkt?<\/strong><br \/>\nA: De resultaten worden maandelijks bijgewerkt en geplaatst, ongeveer twee weken na het einde van elke commissiemaand.<\/p>\n<p><strong>V: Waar kan ik mijn Leader in Action-punten zien?<\/strong><br \/>\nA: De Leader in Action-rapporten verschijnen in de backoffice in de sectie Rapporten.<\/p>\n<p><strong>V: Wat is een respijtmaand en hoeveel heb ik er?<\/strong><br \/>\nA: Een respijtmaand is een commissiemaand (zie de veelgestelde vragen hierboven) wanneer je niet ten minste \u00e9\u00e9n punt scoort in elk van de vier Leader in Action-categorie\u00ebn. Iedereen ontvangt twee gratiemaanden.<\/p>\n<p><strong>V: Tellen de Leader in Action-punten die tijdens een respijtmaand zijn verdiend mee voor kwalificatie?<\/strong><br \/>\nA: Ja! Alle Leader in Action-punten verdiend in de twee toegewezen respijtmaanden tellen mee voor uw kwalificatie.<\/p>\n<p><strong>V: Kan ik deelnemen aan Global Top Achievers 2023 als ik meer dan twee respijtmaanden heb?<\/strong><br \/>\nA: Nee.<\/p>\n<p><strong>V: Hoe weet ik of ik een of meer van mijn respijtmaanden heb gebruikt?<\/strong><br \/>\nA: Als u een nul hebt in een van de vier categorie\u00ebn in het rapport Global Top Achievers (wereldwijde toppresteerders) na de maand van de commissie, gebruikt u een van uw twee respijtmaanden. U kunt ook het rapport van de huidige maand tijdens de huidige commissiemaand bekijken om ervoor te zorgen dat u punten ziet in elk van de vier categorie\u00ebn v\u00f3\u00f3r het einde van de commissiemaand.<\/p>\n<\/div><div class=\"nav fusion-mobile-tab-nav\"><ul class=\"nav-tabs nav-justified\" role=\"tablist\" aria-orientation=\"horizontal\"><li  role=\"presentation\"><a class=\"tab-link\" data-toggle=\"tab\" role=\"tab\" aria-controls=\"tab-1b5c253cc569c49a4a8\" aria-selected=\"false\" tabindex=\"-1\" id=\"mobile-fusion-tab-1b5c253cc569c49a4a8\" href=\"#tab-1b5c253cc569c49a4a8\"><h4 class=\"fusion-tab-heading\">COMMISSIEKALENDER<\/h4><\/a><\/li><\/ul><\/div><div class=\"tab-pane fade fusion-clearfix\" role=\"tabpanel\" tabindex=\"0\" aria-labelledby=\"fusion-tab-1b5c253cc569c49a4a8\" id=\"tab-1b5c253cc569c49a4a8\">\n<p><img decoding=\"async\" class=\"aligncenter wp-image-116572 size-fusion-800\" src=\"https:\/\/eu.isagenixbusiness.com\/wp-content\/uploads\/2022\/02\/2022-Commission-Month-Calendar-1-scaled-1-1536x1216-1-800x633.jpg\" alt=\"\" width=\"800\" height=\"633\" srcset=\"https:\/\/eu.isagenixbusiness.com\/wp-content\/uploads\/2022\/02\/2022-Commission-Month-Calendar-1-scaled-1-1536x1216-1-200x158.jpg 200w, https:\/\/eu.isagenixbusiness.com\/wp-content\/uploads\/2022\/02\/2022-Commission-Month-Calendar-1-scaled-1-1536x1216-1-300x238.jpg 300w, https:\/\/eu.isagenixbusiness.com\/wp-content\/uploads\/2022\/02\/2022-Commission-Month-Calendar-1-scaled-1-1536x1216-1-400x317.jpg 400w, https:\/\/eu.isagenixbusiness.com\/wp-content\/uploads\/2022\/02\/2022-Commission-Month-Calendar-1-scaled-1-1536x1216-1-600x475.jpg 600w, https:\/\/eu.isagenixbusiness.com\/wp-content\/uploads\/2022\/02\/2022-Commission-Month-Calendar-1-scaled-1-1536x1216-1-768x608.jpg 768w, https:\/\/eu.isagenixbusiness.com\/wp-content\/uploads\/2022\/02\/2022-Commission-Month-Calendar-1-scaled-1-1536x1216-1-800x633.jpg 800w, https:\/\/eu.isagenixbusiness.com\/wp-content\/uploads\/2022\/02\/2022-Commission-Month-Calendar-1-scaled-1-1536x1216-1-1024x811.jpg 1024w, https:\/\/eu.isagenixbusiness.com\/wp-content\/uploads\/2022\/02\/2022-Commission-Month-Calendar-1-scaled-1-1536x1216-1-1200x950.jpg 1200w, https:\/\/eu.isagenixbusiness.com\/wp-content\/uploads\/2022\/02\/2022-Commission-Month-Calendar-1-scaled-1-1536x1216-1.jpg 1536w\" sizes=\"(max-width: 800px) 100vw, 800px\" \/><\/p>\n<\/div><div class=\"nav fusion-mobile-tab-nav\"><ul class=\"nav-tabs nav-justified\" role=\"tablist\" aria-orientation=\"horizontal\"><li  role=\"presentation\"><a class=\"tab-link\" data-toggle=\"tab\" role=\"tab\" aria-controls=\"tab-203353a78118fe85701\" aria-selected=\"false\" tabindex=\"-1\" id=\"mobile-fusion-tab-203353a78118fe85701\" href=\"#tab-203353a78118fe85701\"><h4 class=\"fusion-tab-heading\">INFORMATIE OVER HOTEL EN LOCATIE<\/h4><\/a><\/li><\/ul><\/div><div class=\"tab-pane fade fusion-clearfix\" role=\"tabpanel\" tabindex=\"0\" aria-labelledby=\"fusion-tab-203353a78118fe85701\" id=\"tab-203353a78118fe85701\">\n<p style=\"text-align: center;\"><strong>TRIPDATUMS:<\/strong> 26 &#8211; 30 april 2023<\/p>\n<p style=\"text-align: center;\">Fiji Marriott Resort Momi Bay<\/p>\n<\/div><\/div><\/div><\/div><\/div><\/div><\/div><div class=\"fusion-fullwidth fullwidth-box fusion-builder-row-6 fusion-flex-container nonhundred-percent-fullwidth non-hundred-percent-height-scrolling\" style=\"--awb-border-radius-top-left:0px;--awb-border-radius-top-right:0px;--awb-border-radius-bottom-right:0px;--awb-border-radius-bottom-left:0px;--awb-background-color:#ffffff;--awb-flex-wrap:wrap;\" ><div class=\"fusion-builder-row fusion-row fusion-flex-align-items-flex-start fusion-flex-content-wrap\" style=\"max-width:1497.6px;margin-left: calc(-4% \/ 2 );margin-right: calc(-4% \/ 2 );\"><div class=\"fusion-layout-column fusion_builder_column fusion-builder-column-7 fusion_builder_column_1_1 1_1 fusion-flex-column\" style=\"--awb-bg-size:cover;--awb-width-large:100%;--awb-margin-top-large:0px;--awb-spacing-right-large:1.92%;--awb-margin-bottom-large:20px;--awb-spacing-left-large:1.92%;--awb-width-medium:100%;--awb-order-medium:0;--awb-spacing-right-medium:1.92%;--awb-spacing-left-medium:1.92%;--awb-width-small:100%;--awb-order-small:0;--awb-spacing-right-small:1.92%;--awb-spacing-left-small:1.92%;\"><div class=\"fusion-column-wrapper fusion-column-has-shadow fusion-flex-justify-content-flex-start fusion-content-layout-column\"><div class=\"fusion-text fusion-text-7\" style=\"--awb-font-size:10px;--awb-text-transform:none;\"><p>Alle data zijn gebaseerd op de Isagenix 4-4-5 commissiekalender. De deelnemers moeten op het moment van het evenement in goede doen zijn met Isagenix om te kunnen deelnemen en om eventuele incentives te ontvangen, d.w.z., vliegtickets, hotelovernachtingen en\/of grondtransport. Deelnemers die niet in goede doen zijn met Isagenix, verspelen alle rechten, incentives en prijzen in het kader van deze wedstrijd. De deelnemers mogen de verdiende onderscheidingen\/beloningen niet vervangen door de geldwaarde of door alternatieve accommodaties of prijzen. Geld ontvangen via het Isagenix Team Compensation Plan en promoties en de waarde van niet-geldelijke prijzen, zoals reizen en geschenken, kunnen als belastbaar inkomen gerapporteerd worden. Raadpleeg je belastingconsulent om er zeker van te zijn dat je inkomsten correct worden opgegeven. Van de deelnemers en hun eventuele gasten kan worden verlangd dat zij een afzonderlijke aanvaarding van de prijs en een verklaring van afstand en vrijstelling van aansprakelijkheid ondertekenen. Aanvullende voorwaarden zijn van toepassing. Ga naar IsagenixBusiness.com voor alle details. Alle data en details van de evenementen zijn onder voorbehoud van wijzigingen.<\/p>\n<\/div><\/div><\/div><\/div><\/div><\/p>\n","protected":false},"excerpt":{"rendered":"","protected":false},"author":9877,"featured_media":0,"parent":0,"menu_order":0,"comment_status":"closed","ping_status":"closed","template":"100-width.php","meta":{"_acf_changed":false,"footnotes":""},"class_list":["post-116585","page","type-page","status-publish","hentry"],"acf":[],"_links":{"self":[{"href":"https:\/\/eu.isagenixbusiness.com\/nl-eu\/wp-json\/wp\/v2\/pages\/116585","targetHints":{"allow":["GET"]}}],"collection":[{"href":"https:\/\/eu.isagenixbusiness.com\/nl-eu\/wp-json\/wp\/v2\/pages"}],"about":[{"href":"https:\/\/eu.isagenixbusiness.com\/nl-eu\/wp-json\/wp\/v2\/types\/page"}],"author":[{"embeddable":true,"href":"https:\/\/eu.isagenixbusiness.com\/nl-eu\/wp-json\/wp\/v2\/users\/9877"}],"replies":[{"embeddable":true,"href":"https:\/\/eu.isagenixbusiness.com\/nl-eu\/wp-json\/wp\/v2\/comments?post=116585"}],"version-history":[{"count":6,"href":"https:\/\/eu.isagenixbusiness.com\/nl-eu\/wp-json\/wp\/v2\/pages\/116585\/revisions"}],"predecessor-version":[{"id":161263,"href":"https:\/\/eu.isagenixbusiness.com\/nl-eu\/wp-json\/wp\/v2\/pages\/116585\/revisions\/161263"}],"wp:attachment":[{"href":"https:\/\/eu.isagenixbusiness.com\/nl-eu\/wp-json\/wp\/v2\/media?parent=116585"}],"curies":[{"name":"wp","href":"https:\/\/api.w.org\/{rel}","templated":true}]}}